{"id":84547,"date":"2023-08-29T20:59:19","date_gmt":"2023-08-29T20:59:19","guid":{"rendered":"https:\/\/bobimarket.pl\/index.php\/produkt\/smolowiec-bialy-szczotka-do-smoly-lepiku\/"},"modified":"2025-02-27T14:22:00","modified_gmt":"2025-02-27T14:22:00","slug":"smolowiec-bialy-szczotka-do-smoly-lepiku","status":"publish","type":"product","link":"https:\/\/bobimarket.pl\/index.php\/produkt\/smolowiec-bialy-szczotka-do-smoly-lepiku\/","title":{"rendered":"SMO\u0141OWIEC BIA\u0141Y SZCZOTKA DO SMO\u0141Y LEPIKU"},"content":{"rendered":"<section class=\"section\">\n<div class=\"item item-12\">\n<section class=\"text-item\">\n<h2>SMO\u0141OWIEC BIA\u0141Y SZCZOTKA DO SMO\u0141Y LEPIKU<\/h2>\n<p><b>Dane techniczne:<\/b><\/p>\n<ul>\n<li>Rozmiar: <b>200 x 55 mm<\/b><\/li>\n<li>Wykonany z bardziej odporniejszego na temperatur\u0119 materia\u0142u<\/li>\n<li>Posiada\u00a0 wej\u015bcie na trzon\/uchwyt<\/li>\n<li>Produkt <b>Polski<\/b><\/li>\n<\/ul>\n<\/section><\/div>\n<\/section>\n<section class=\"section\">\n<div class=\"item item-12\">\n<section class=\"image-item\">\n            <img decoding=\"async\" src=\"https:\/\/upload.cdn.baselinker.com\/products\/14476\/d9c17a9c231110daa52f08b5110c6faf.jpg\" \/><br \/>\n        <\/section>\n<\/p><\/div>\n<\/section>\n<section class=\"section\">\n<div class=\"item item-12\">\n<section class=\"text-item\">\n<p><b>\u2705 ZASTOSOWANIE:<\/b><\/p>\n<p>Wyr\u00f3b przeznaczony jest do rozprowadzania lepik\u00f3w, pap i s\u0142om. Cz\u0119\u015b\u0107 pracuj\u0105ca wyr\u00f3\u017cnia si\u0119 odporno\u015bci\u0105 na wysok\u0105 temperatur\u0119. Rozmiar p\u0119dzla u\u0142atwia prac\u0119 na du\u017cych powierzchniach.<\/p>\n<\/section><\/div>\n<\/section>\n<section class=\"section\">\n<div class=\"item item-12\">\n<section class=\"image-item\">\n            <img decoding=\"async\" src=\"https:\/\/upload.cdn.baselinker.com\/products\/14476\/ba69a31672dd8ba375e7336c135fbdff.jpg\" \/><br \/>\n        <\/section>\n<\/p><\/div>\n<\/section>\n","protected":false},"excerpt":{"rendered":"<p>SMO\u0141OWIEC BIA\u0141Y SZCZOTKA DO SMO\u0141Y LEPIKU Dane techniczne: Rozmiar: 200 x 55 mm Wykonany z bardziej odporniejszego na temperatur\u0119 materia\u0142u Posiada\u00a0 wej\u015bcie na trzon\/uchwyt Produkt Polski \u2705 ZASTOSOWANIE: Wyr\u00f3b przeznaczony jest do rozprowadzania lepik\u00f3w, pap i s\u0142om. Cz\u0119\u015b\u0107 pracuj\u0105ca wyr\u00f3\u017cnia si\u0119 odporno\u015bci\u0105 na wysok\u0105 temperatur\u0119. Rozmiar p\u0119dzla u\u0142atwia prac\u0119 na du\u017cych powierzchniach.<\/p>\n","protected":false},"featured_media":84545,"template":"","meta":[],"product_cat":[8132],"product_tag":[],"yoast_head":"<!-- This site is optimized with the Yoast SEO plugin v21.0 - https:\/\/yoast.com\/wordpress\/plugins\/seo\/ -->\n<title>SMO\u0141OWIEC BIA\u0141Y SZCZOTKA DO SMO\u0141Y LEPIKU - BOBIMARKET.pl - Remontuj i urz\u0105dzaj z nami<\/title>\n<meta name=\"robots\" content=\"index, follow, max-snippet:-1, max-image-preview:large, max-video-preview:-1\" \/>\n<link rel=\"canonical\" href=\"https:\/\/bobimarket.pl\/index.php\/produkt\/smolowiec-bialy-szczotka-do-smoly-lepiku\/\" \/>\n<meta property=\"og:locale\" content=\"pl_PL\" \/>\n<meta property=\"og:type\" content=\"article\" \/>\n<meta property=\"og:title\" content=\"SMO\u0141OWIEC BIA\u0141Y SZCZOTKA DO SMO\u0141Y LEPIKU - BOBIMARKET.pl - Remontuj i urz\u0105dzaj z nami\" \/>\n<meta property=\"og:description\" content=\"SMO\u0141OWIEC BIA\u0141Y SZCZOTKA DO SMO\u0141Y LEPIKU Dane techniczne: Rozmiar: 200 x 55 mm Wykonany z bardziej odporniejszego na temperatur\u0119 materia\u0142u Posiada\u00a0 wej\u015bcie na trzon\/uchwyt Produkt Polski \u2705 ZASTOSOWANIE: Wyr\u00f3b przeznaczony jest do rozprowadzania lepik\u00f3w, pap i s\u0142om. Cz\u0119\u015b\u0107 pracuj\u0105ca wyr\u00f3\u017cnia si\u0119 odporno\u015bci\u0105 na wysok\u0105 temperatur\u0119. Rozmiar p\u0119dzla u\u0142atwia prac\u0119 na du\u017cych powierzchniach.\" \/>\n<meta property=\"og:url\" content=\"https:\/\/bobimarket.pl\/index.php\/produkt\/smolowiec-bialy-szczotka-do-smoly-lepiku\/\" \/>\n<meta property=\"og:site_name\" content=\"BOBIMARKET.pl - Remontuj i urz\u0105dzaj z nami\" \/>\n<meta property=\"article:modified_time\" content=\"2025-02-27T14:22:00+00:00\" \/>\n<meta property=\"og:image\" content=\"https:\/\/upload.cdn.baselinker.com\/products\/14476\/d9c17a9c231110daa52f08b5110c6faf.jpg\" \/>\n<meta name=\"twitter:card\" content=\"summary_large_image\" \/>\n<script type=\"application\/ld+json\" class=\"yoast-schema-graph\">{\"@context\":\"https:\/\/schema.org\",\"@graph\":[{\"@type\":\"WebPage\",\"@id\":\"https:\/\/bobimarket.pl\/index.php\/produkt\/smolowiec-bialy-szczotka-do-smoly-lepiku\/\",\"url\":\"https:\/\/bobimarket.pl\/index.php\/produkt\/smolowiec-bialy-szczotka-do-smoly-lepiku\/\",\"name\":\"SMO\u0141OWIEC BIA\u0141Y SZCZOTKA DO SMO\u0141Y LEPIKU - BOBIMARKET.pl - Remontuj i urz\u0105dzaj z nami\",\"isPartOf\":{\"@id\":\"https:\/\/bobimarket.pl\/#website\"},\"datePublished\":\"2023-08-29T20:59:19+00:00\",\"dateModified\":\"2025-02-27T14:22:00+00:00\",\"breadcrumb\":{\"@id\":\"https:\/\/bobimarket.pl\/index.php\/produkt\/smolowiec-bialy-szczotka-do-smoly-lepiku\/#breadcrumb\"},\"inLanguage\":\"pl-PL\",\"potentialAction\":[{\"@type\":\"ReadAction\",\"target\":[\"https:\/\/bobimarket.pl\/index.php\/produkt\/smolowiec-bialy-szczotka-do-smoly-lepiku\/\"]}]},{\"@type\":\"BreadcrumbList\",\"@id\":\"https:\/\/bobimarket.pl\/index.php\/produkt\/smolowiec-bialy-szczotka-do-smoly-lepiku\/#breadcrumb\",\"itemListElement\":[{\"@type\":\"ListItem\",\"position\":1,\"name\":\"Strona g\u0142\u00f3wna\",\"item\":\"https:\/\/bobimarket.pl\/\"},{\"@type\":\"ListItem\",\"position\":2,\"name\":\"Sklep\",\"item\":\"https:\/\/bobimarket.pl\/index.php\/shop\/\"},{\"@type\":\"ListItem\",\"position\":3,\"name\":\"SMO\u0141OWIEC BIA\u0141Y SZCZOTKA DO SMO\u0141Y LEPIKU\"}]},{\"@type\":\"WebSite\",\"@id\":\"https:\/\/bobimarket.pl\/#website\",\"url\":\"https:\/\/bobimarket.pl\/\",\"name\":\"BOBIMARKET.pl - Remontuj i urz\u0105dzaj z nami\",\"description\":\"Remontuj i urz\u0105dzaj z nami\",\"publisher\":{\"@id\":\"https:\/\/bobimarket.pl\/#organization\"},\"potentialAction\":[{\"@type\":\"SearchAction\",\"target\":{\"@type\":\"EntryPoint\",\"urlTemplate\":\"https:\/\/bobimarket.pl\/?s={search_term_string}\"},\"query-input\":\"required name=search_term_string\"}],\"inLanguage\":\"pl-PL\"},{\"@type\":\"Organization\",\"@id\":\"https:\/\/bobimarket.pl\/#organization\",\"name\":\"BOBIMARKET.pl\",\"url\":\"https:\/\/bobimarket.pl\/\",\"logo\":{\"@type\":\"ImageObject\",\"inLanguage\":\"pl-PL\",\"@id\":\"https:\/\/bobimarket.pl\/#\/schema\/logo\/image\/\",\"url\":\"https:\/\/bobimarket.pl\/wp-content\/uploads\/2021\/11\/slogan.png\",\"contentUrl\":\"https:\/\/bobimarket.pl\/wp-content\/uploads\/2021\/11\/slogan.png\",\"width\":2000,\"height\":384,\"caption\":\"BOBIMARKET.pl\"},\"image\":{\"@id\":\"https:\/\/bobimarket.pl\/#\/schema\/logo\/image\/\"}}]}<\/script>\n<!-- \/ Yoast SEO plugin. -->","yoast_head_json":{"title":"SMO\u0141OWIEC BIA\u0141Y SZCZOTKA DO SMO\u0141Y LEPIKU - BOBIMARKET.pl - Remontuj i urz\u0105dzaj z nami","robots":{"index":"index","follow":"follow","max-snippet":"max-snippet:-1","max-image-preview":"max-image-preview:large","max-video-preview":"max-video-preview:-1"},"canonical":"https:\/\/bobimarket.pl\/index.php\/produkt\/smolowiec-bialy-szczotka-do-smoly-lepiku\/","og_locale":"pl_PL","og_type":"article","og_title":"SMO\u0141OWIEC BIA\u0141Y SZCZOTKA DO SMO\u0141Y LEPIKU - BOBIMARKET.pl - Remontuj i urz\u0105dzaj z nami","og_description":"SMO\u0141OWIEC BIA\u0141Y SZCZOTKA DO SMO\u0141Y LEPIKU Dane techniczne: Rozmiar: 200 x 55 mm Wykonany z bardziej odporniejszego na temperatur\u0119 materia\u0142u Posiada\u00a0 wej\u015bcie na trzon\/uchwyt Produkt Polski \u2705 ZASTOSOWANIE: Wyr\u00f3b przeznaczony jest do rozprowadzania lepik\u00f3w, pap i s\u0142om. Cz\u0119\u015b\u0107 pracuj\u0105ca wyr\u00f3\u017cnia si\u0119 odporno\u015bci\u0105 na wysok\u0105 temperatur\u0119. Rozmiar p\u0119dzla u\u0142atwia prac\u0119 na du\u017cych powierzchniach.","og_url":"https:\/\/bobimarket.pl\/index.php\/produkt\/smolowiec-bialy-szczotka-do-smoly-lepiku\/","og_site_name":"BOBIMARKET.pl - Remontuj i urz\u0105dzaj z nami","article_modified_time":"2025-02-27T14:22:00+00:00","og_image":[{"url":"https:\/\/upload.cdn.baselinker.com\/products\/14476\/d9c17a9c231110daa52f08b5110c6faf.jpg"}],"twitter_card":"summary_large_image","schema":{"@context":"https:\/\/schema.org","@graph":[{"@type":"WebPage","@id":"https:\/\/bobimarket.pl\/index.php\/produkt\/smolowiec-bialy-szczotka-do-smoly-lepiku\/","url":"https:\/\/bobimarket.pl\/index.php\/produkt\/smolowiec-bialy-szczotka-do-smoly-lepiku\/","name":"SMO\u0141OWIEC BIA\u0141Y SZCZOTKA DO SMO\u0141Y LEPIKU - BOBIMARKET.pl - Remontuj i urz\u0105dzaj z nami","isPartOf":{"@id":"https:\/\/bobimarket.pl\/#website"},"datePublished":"2023-08-29T20:59:19+00:00","dateModified":"2025-02-27T14:22:00+00:00","breadcrumb":{"@id":"https:\/\/bobimarket.pl\/index.php\/produkt\/smolowiec-bialy-szczotka-do-smoly-lepiku\/#breadcrumb"},"inLanguage":"pl-PL","potentialAction":[{"@type":"ReadAction","target":["https:\/\/bobimarket.pl\/index.php\/produkt\/smolowiec-bialy-szczotka-do-smoly-lepiku\/"]}]},{"@type":"BreadcrumbList","@id":"https:\/\/bobimarket.pl\/index.php\/produkt\/smolowiec-bialy-szczotka-do-smoly-lepiku\/#breadcrumb","itemListElement":[{"@type":"ListItem","position":1,"name":"Strona g\u0142\u00f3wna","item":"https:\/\/bobimarket.pl\/"},{"@type":"ListItem","position":2,"name":"Sklep","item":"https:\/\/bobimarket.pl\/index.php\/shop\/"},{"@type":"ListItem","position":3,"name":"SMO\u0141OWIEC BIA\u0141Y SZCZOTKA DO SMO\u0141Y LEPIKU"}]},{"@type":"WebSite","@id":"https:\/\/bobimarket.pl\/#website","url":"https:\/\/bobimarket.pl\/","name":"BOBIMARKET.pl - Remontuj i urz\u0105dzaj z nami","description":"Remontuj i urz\u0105dzaj z nami","publisher":{"@id":"https:\/\/bobimarket.pl\/#organization"},"potentialAction":[{"@type":"SearchAction","target":{"@type":"EntryPoint","urlTemplate":"https:\/\/bobimarket.pl\/?s={search_term_string}"},"query-input":"required name=search_term_string"}],"inLanguage":"pl-PL"},{"@type":"Organization","@id":"https:\/\/bobimarket.pl\/#organization","name":"BOBIMARKET.pl","url":"https:\/\/bobimarket.pl\/","logo":{"@type":"ImageObject","inLanguage":"pl-PL","@id":"https:\/\/bobimarket.pl\/#\/schema\/logo\/image\/","url":"https:\/\/bobimarket.pl\/wp-content\/uploads\/2021\/11\/slogan.png","contentUrl":"https:\/\/bobimarket.pl\/wp-content\/uploads\/2021\/11\/slogan.png","width":2000,"height":384,"caption":"BOBIMARKET.pl"},"image":{"@id":"https:\/\/bobimarket.pl\/#\/schema\/logo\/image\/"}}]}},"_links":{"self":[{"href":"https:\/\/bobimarket.pl\/index.php\/wp-json\/wp\/v2\/product\/84547"}],"collection":[{"href":"https:\/\/bobimarket.pl\/index.php\/wp-json\/wp\/v2\/product"}],"about":[{"href":"https:\/\/bobimarket.pl\/index.php\/wp-json\/wp\/v2\/types\/product"}],"wp:featuredmedia":[{"embeddable":true,"href":"https:\/\/bobimarket.pl\/index.php\/wp-json\/wp\/v2\/media\/84545"}],"wp:attachment":[{"href":"https:\/\/bobimarket.pl\/index.php\/wp-json\/wp\/v2\/media?parent=84547"}],"wp:term":[{"taxonomy":"product_cat","embeddable":true,"href":"https:\/\/bobimarket.pl\/index.php\/wp-json\/wp\/v2\/product_cat?post=84547"},{"taxonomy":"product_tag","embeddable":true,"href":"https:\/\/bobimarket.pl\/index.php\/wp-json\/wp\/v2\/product_tag?post=84547"}],"curies":[{"name":"wp","href":"https:\/\/api.w.org\/{rel}","templated":true}]}}