{"id":84602,"date":"2023-08-29T21:04:27","date_gmt":"2023-08-29T21:04:27","guid":{"rendered":"https:\/\/bobimarket.pl\/index.php\/produkt\/paca-nierdzewna-gladka-dluga-drewniana-580mm\/"},"modified":"2025-02-27T14:22:45","modified_gmt":"2025-02-27T14:22:45","slug":"paca-nierdzewna-gladka-dluga-drewniana-580mm","status":"publish","type":"product","link":"https:\/\/bobimarket.pl\/index.php\/produkt\/paca-nierdzewna-gladka-dluga-drewniana-580mm\/","title":{"rendered":"PACA NIERDZEWNA G\u0141ADKA D\u0141UGA DREWNIANA 580MM"},"content":{"rendered":"<section class=\"section\">\n<div class=\"item item-6\">\n<section class=\"text-item\">\n<h1>PACA NIERDZEWNA G\u0141ADKA D\u0141UGA DREWNIANA 600MM<\/h1>\n<p><b>DANE TECHNICZNE:<\/b><\/p>\n<ul>\n<li>D\u0142ugo\u015b\u0107:<b>600mm<\/b><\/li>\n<li>Szeroko\u015b\u0107: <b>120mm<\/b><\/li>\n<li>G\u0142adka<\/li>\n<li>Stal nierdzewna<\/li>\n<li>Wyprofilowany drewniany lakierowany uchwyt<\/li>\n<\/ul>\n<\/section><\/div>\n<div class=\"item item-6\">\n<section class=\"image-item\"><img decoding=\"async\" src=\"https:\/\/upload.cdn.baselinker.com\/products\/14476\/bcb1920531627cc9f8118506757255df.jpg\"><\/section>\n<\/p><\/div>\n<\/section>\n<section class=\"section\">\n<div class=\"item item-6\">\n<section class=\"image-item\"><img decoding=\"async\" src=\"https:\/\/upload.cdn.baselinker.com\/products\/14476\/d3f7db7d0f20dbd0e0ff4fccb1dfe7b9.jpg\"><\/section>\n<\/p><\/div>\n<div class=\"item item-6\">\n<section class=\"text-item\">\n<p>Solidna paca wykonana z wysoko gatunkowej stali <b>nierdzewnej kwasoodpornej.<\/b><\/p>\n<ul>\n<li>Wyprofilowany drewniany uchwyt zapewnia komfort pracy. Dodatkowo <b>zabezpieczony lakierem.<\/b><\/li>\n<li>\u0141atwa w u\u017cyciu, prace przebiegaj\u0105 sprawnie.<\/li>\n<li>D\u0142ugi okres u\u017cytkowania<\/li>\n<\/ul>\n<p>\u2705 <b>Zastosowanie:<\/b><\/p>\n<p>Paca doskonale sprawdzi si\u0119 podczas:<\/p>\n<ul>\n<li>prac gipsowych<\/li>\n<li>nak\u0142adania i rozprowadzania tynk\u00f3w strukturalnych, kleju itp.<\/li>\n<\/ul>\n<\/section><\/div>\n<\/section>\n<section class=\"section\">\n<div class=\"item item-6\">\n<section class=\"image-item\"><img decoding=\"async\" src=\"https:\/\/upload.cdn.baselinker.com\/products\/14476\/0f56ab40dbd02935b6f19066de57545c.jpg\"><\/section>\n<\/p><\/div>\n<div class=\"item item-6\">\n<section class=\"image-item\"><img decoding=\"async\" src=\"https:\/\/upload.cdn.baselinker.com\/products\/14476\/f4405601ace831dc087abc37d292a071.jpg\"><\/section>\n<\/p><\/div>\n<\/section>\n","protected":false},"excerpt":{"rendered":"<p>PACA NIERDZEWNA G\u0141ADKA D\u0141UGA DREWNIANA 600MM DANE TECHNICZNE: D\u0142ugo\u015b\u0107:600mm Szeroko\u015b\u0107: 120mm G\u0142adka Stal nierdzewna Wyprofilowany drewniany lakierowany uchwyt Solidna paca wykonana z wysoko gatunkowej stali nierdzewnej kwasoodpornej. Wyprofilowany drewniany uchwyt zapewnia komfort pracy. Dodatkowo zabezpieczony lakierem. \u0141atwa w u\u017cyciu, prace przebiegaj\u0105 sprawnie. D\u0142ugi okres u\u017cytkowania \u2705 Zastosowanie: Paca doskonale sprawdzi si\u0119 podczas: prac gipsowych nak\u0142adania<br \/><a class=\"more-link\" href=\"https:\/\/bobimarket.pl\/index.php\/produkt\/paca-nierdzewna-gladka-dluga-drewniana-580mm\/\"><br \/>\n        Czytaj wi\u0119cej<span class=\"screen-reader-text\"> &#8222;PACA NIERDZEWNA G\u0141ADKA D\u0141UGA DREWNIANA 580MM&#8221;<\/span><\/a><\/p>\n","protected":false},"featured_media":84598,"template":"","meta":[],"product_cat":[8261],"product_tag":[],"yoast_head":"<!-- This site is optimized with the Yoast SEO plugin v21.0 - https:\/\/yoast.com\/wordpress\/plugins\/seo\/ -->\n<title>PACA NIERDZEWNA G\u0141ADKA D\u0141UGA DREWNIANA 580MM - BOBIMARKET.pl - Remontuj i urz\u0105dzaj z nami<\/title>\n<meta name=\"robots\" content=\"index, follow, max-snippet:-1, max-image-preview:large, max-video-preview:-1\" \/>\n<link rel=\"canonical\" href=\"https:\/\/bobimarket.pl\/index.php\/produkt\/paca-nierdzewna-gladka-dluga-drewniana-580mm\/\" \/>\n<meta property=\"og:locale\" content=\"pl_PL\" \/>\n<meta property=\"og:type\" content=\"article\" \/>\n<meta property=\"og:title\" content=\"PACA NIERDZEWNA G\u0141ADKA D\u0141UGA DREWNIANA 580MM - BOBIMARKET.pl - Remontuj i urz\u0105dzaj z nami\" \/>\n<meta property=\"og:description\" content=\"PACA NIERDZEWNA G\u0141ADKA D\u0141UGA DREWNIANA 600MM DANE TECHNICZNE: D\u0142ugo\u015b\u0107:600mm Szeroko\u015b\u0107: 120mm G\u0142adka Stal nierdzewna Wyprofilowany drewniany lakierowany uchwyt Solidna paca wykonana z wysoko gatunkowej stali nierdzewnej kwasoodpornej. Wyprofilowany drewniany uchwyt zapewnia komfort pracy. Dodatkowo zabezpieczony lakierem. \u0141atwa w u\u017cyciu, prace przebiegaj\u0105 sprawnie. D\u0142ugi okres u\u017cytkowania \u2705 Zastosowanie: Paca doskonale sprawdzi si\u0119 podczas: prac gipsowych nak\u0142adania     Czytaj wi\u0119cej &quot;PACA NIERDZEWNA G\u0141ADKA D\u0141UGA DREWNIANA 580MM&quot;\" \/>\n<meta property=\"og:url\" content=\"https:\/\/bobimarket.pl\/index.php\/produkt\/paca-nierdzewna-gladka-dluga-drewniana-580mm\/\" \/>\n<meta property=\"og:site_name\" content=\"BOBIMARKET.pl - Remontuj i urz\u0105dzaj z nami\" \/>\n<meta property=\"article:modified_time\" content=\"2025-02-27T14:22:45+00:00\" \/>\n<meta property=\"og:image\" content=\"https:\/\/upload.cdn.baselinker.com\/products\/14476\/bcb1920531627cc9f8118506757255df.jpg\" \/>\n<meta name=\"twitter:card\" content=\"summary_large_image\" \/>\n<script type=\"application\/ld+json\" class=\"yoast-schema-graph\">{\"@context\":\"https:\/\/schema.org\",\"@graph\":[{\"@type\":\"WebPage\",\"@id\":\"https:\/\/bobimarket.pl\/index.php\/produkt\/paca-nierdzewna-gladka-dluga-drewniana-580mm\/\",\"url\":\"https:\/\/bobimarket.pl\/index.php\/produkt\/paca-nierdzewna-gladka-dluga-drewniana-580mm\/\",\"name\":\"PACA NIERDZEWNA G\u0141ADKA D\u0141UGA DREWNIANA 580MM - BOBIMARKET.pl - Remontuj i urz\u0105dzaj z nami\",\"isPartOf\":{\"@id\":\"https:\/\/bobimarket.pl\/#website\"},\"datePublished\":\"2023-08-29T21:04:27+00:00\",\"dateModified\":\"2025-02-27T14:22:45+00:00\",\"breadcrumb\":{\"@id\":\"https:\/\/bobimarket.pl\/index.php\/produkt\/paca-nierdzewna-gladka-dluga-drewniana-580mm\/#breadcrumb\"},\"inLanguage\":\"pl-PL\",\"potentialAction\":[{\"@type\":\"ReadAction\",\"target\":[\"https:\/\/bobimarket.pl\/index.php\/produkt\/paca-nierdzewna-gladka-dluga-drewniana-580mm\/\"]}]},{\"@type\":\"BreadcrumbList\",\"@id\":\"https:\/\/bobimarket.pl\/index.php\/produkt\/paca-nierdzewna-gladka-dluga-drewniana-580mm\/#breadcrumb\",\"itemListElement\":[{\"@type\":\"ListItem\",\"position\":1,\"name\":\"Strona g\u0142\u00f3wna\",\"item\":\"https:\/\/bobimarket.pl\/\"},{\"@type\":\"ListItem\",\"position\":2,\"name\":\"Sklep\",\"item\":\"https:\/\/bobimarket.pl\/index.php\/shop\/\"},{\"@type\":\"ListItem\",\"position\":3,\"name\":\"PACA NIERDZEWNA G\u0141ADKA D\u0141UGA DREWNIANA 580MM\"}]},{\"@type\":\"WebSite\",\"@id\":\"https:\/\/bobimarket.pl\/#website\",\"url\":\"https:\/\/bobimarket.pl\/\",\"name\":\"BOBIMARKET.pl - Remontuj i urz\u0105dzaj z nami\",\"description\":\"Remontuj i urz\u0105dzaj z nami\",\"publisher\":{\"@id\":\"https:\/\/bobimarket.pl\/#organization\"},\"potentialAction\":[{\"@type\":\"SearchAction\",\"target\":{\"@type\":\"EntryPoint\",\"urlTemplate\":\"https:\/\/bobimarket.pl\/?s={search_term_string}\"},\"query-input\":\"required name=search_term_string\"}],\"inLanguage\":\"pl-PL\"},{\"@type\":\"Organization\",\"@id\":\"https:\/\/bobimarket.pl\/#organization\",\"name\":\"BOBIMARKET.pl\",\"url\":\"https:\/\/bobimarket.pl\/\",\"logo\":{\"@type\":\"ImageObject\",\"inLanguage\":\"pl-PL\",\"@id\":\"https:\/\/bobimarket.pl\/#\/schema\/logo\/image\/\",\"url\":\"https:\/\/bobimarket.pl\/wp-content\/uploads\/2021\/11\/slogan.png\",\"contentUrl\":\"https:\/\/bobimarket.pl\/wp-content\/uploads\/2021\/11\/slogan.png\",\"width\":2000,\"height\":384,\"caption\":\"BOBIMARKET.pl\"},\"image\":{\"@id\":\"https:\/\/bobimarket.pl\/#\/schema\/logo\/image\/\"}}]}<\/script>\n<!-- \/ Yoast SEO plugin. -->","yoast_head_json":{"title":"PACA NIERDZEWNA G\u0141ADKA D\u0141UGA DREWNIANA 580MM - BOBIMARKET.pl - Remontuj i urz\u0105dzaj z nami","robots":{"index":"index","follow":"follow","max-snippet":"max-snippet:-1","max-image-preview":"max-image-preview:large","max-video-preview":"max-video-preview:-1"},"canonical":"https:\/\/bobimarket.pl\/index.php\/produkt\/paca-nierdzewna-gladka-dluga-drewniana-580mm\/","og_locale":"pl_PL","og_type":"article","og_title":"PACA NIERDZEWNA G\u0141ADKA D\u0141UGA DREWNIANA 580MM - BOBIMARKET.pl - Remontuj i urz\u0105dzaj z nami","og_description":"PACA NIERDZEWNA G\u0141ADKA D\u0141UGA DREWNIANA 600MM DANE TECHNICZNE: D\u0142ugo\u015b\u0107:600mm Szeroko\u015b\u0107: 120mm G\u0142adka Stal nierdzewna Wyprofilowany drewniany lakierowany uchwyt Solidna paca wykonana z wysoko gatunkowej stali nierdzewnej kwasoodpornej. Wyprofilowany drewniany uchwyt zapewnia komfort pracy. Dodatkowo zabezpieczony lakierem. \u0141atwa w u\u017cyciu, prace przebiegaj\u0105 sprawnie. D\u0142ugi okres u\u017cytkowania \u2705 Zastosowanie: Paca doskonale sprawdzi si\u0119 podczas: prac gipsowych nak\u0142adania     Czytaj wi\u0119cej \"PACA NIERDZEWNA G\u0141ADKA D\u0141UGA DREWNIANA 580MM\"","og_url":"https:\/\/bobimarket.pl\/index.php\/produkt\/paca-nierdzewna-gladka-dluga-drewniana-580mm\/","og_site_name":"BOBIMARKET.pl - Remontuj i urz\u0105dzaj z nami","article_modified_time":"2025-02-27T14:22:45+00:00","og_image":[{"url":"https:\/\/upload.cdn.baselinker.com\/products\/14476\/bcb1920531627cc9f8118506757255df.jpg"}],"twitter_card":"summary_large_image","schema":{"@context":"https:\/\/schema.org","@graph":[{"@type":"WebPage","@id":"https:\/\/bobimarket.pl\/index.php\/produkt\/paca-nierdzewna-gladka-dluga-drewniana-580mm\/","url":"https:\/\/bobimarket.pl\/index.php\/produkt\/paca-nierdzewna-gladka-dluga-drewniana-580mm\/","name":"PACA NIERDZEWNA G\u0141ADKA D\u0141UGA DREWNIANA 580MM - BOBIMARKET.pl - Remontuj i urz\u0105dzaj z nami","isPartOf":{"@id":"https:\/\/bobimarket.pl\/#website"},"datePublished":"2023-08-29T21:04:27+00:00","dateModified":"2025-02-27T14:22:45+00:00","breadcrumb":{"@id":"https:\/\/bobimarket.pl\/index.php\/produkt\/paca-nierdzewna-gladka-dluga-drewniana-580mm\/#breadcrumb"},"inLanguage":"pl-PL","potentialAction":[{"@type":"ReadAction","target":["https:\/\/bobimarket.pl\/index.php\/produkt\/paca-nierdzewna-gladka-dluga-drewniana-580mm\/"]}]},{"@type":"BreadcrumbList","@id":"https:\/\/bobimarket.pl\/index.php\/produkt\/paca-nierdzewna-gladka-dluga-drewniana-580mm\/#breadcrumb","itemListElement":[{"@type":"ListItem","position":1,"name":"Strona g\u0142\u00f3wna","item":"https:\/\/bobimarket.pl\/"},{"@type":"ListItem","position":2,"name":"Sklep","item":"https:\/\/bobimarket.pl\/index.php\/shop\/"},{"@type":"ListItem","position":3,"name":"PACA NIERDZEWNA G\u0141ADKA D\u0141UGA DREWNIANA 580MM"}]},{"@type":"WebSite","@id":"https:\/\/bobimarket.pl\/#website","url":"https:\/\/bobimarket.pl\/","name":"BOBIMARKET.pl - Remontuj i urz\u0105dzaj z nami","description":"Remontuj i urz\u0105dzaj z nami","publisher":{"@id":"https:\/\/bobimarket.pl\/#organization"},"potentialAction":[{"@type":"SearchAction","target":{"@type":"EntryPoint","urlTemplate":"https:\/\/bobimarket.pl\/?s={search_term_string}"},"query-input":"required name=search_term_string"}],"inLanguage":"pl-PL"},{"@type":"Organization","@id":"https:\/\/bobimarket.pl\/#organization","name":"BOBIMARKET.pl","url":"https:\/\/bobimarket.pl\/","logo":{"@type":"ImageObject","inLanguage":"pl-PL","@id":"https:\/\/bobimarket.pl\/#\/schema\/logo\/image\/","url":"https:\/\/bobimarket.pl\/wp-content\/uploads\/2021\/11\/slogan.png","contentUrl":"https:\/\/bobimarket.pl\/wp-content\/uploads\/2021\/11\/slogan.png","width":2000,"height":384,"caption":"BOBIMARKET.pl"},"image":{"@id":"https:\/\/bobimarket.pl\/#\/schema\/logo\/image\/"}}]}},"_links":{"self":[{"href":"https:\/\/bobimarket.pl\/index.php\/wp-json\/wp\/v2\/product\/84602"}],"collection":[{"href":"https:\/\/bobimarket.pl\/index.php\/wp-json\/wp\/v2\/product"}],"about":[{"href":"https:\/\/bobimarket.pl\/index.php\/wp-json\/wp\/v2\/types\/product"}],"wp:featuredmedia":[{"embeddable":true,"href":"https:\/\/bobimarket.pl\/index.php\/wp-json\/wp\/v2\/media\/84598"}],"wp:attachment":[{"href":"https:\/\/bobimarket.pl\/index.php\/wp-json\/wp\/v2\/media?parent=84602"}],"wp:term":[{"taxonomy":"product_cat","embeddable":true,"href":"https:\/\/bobimarket.pl\/index.php\/wp-json\/wp\/v2\/product_cat?post=84602"},{"taxonomy":"product_tag","embeddable":true,"href":"https:\/\/bobimarket.pl\/index.php\/wp-json\/wp\/v2\/product_tag?post=84602"}],"curies":[{"name":"wp","href":"https:\/\/api.w.org\/{rel}","templated":true}]}}