{"id":84629,"date":"2023-08-29T21:06:54","date_gmt":"2023-08-29T21:06:54","guid":{"rendered":"https:\/\/bobimarket.pl\/index.php\/produkt\/szpachla-nierdzewna-zebata-do-kleju-6x6-200mm\/"},"modified":"2025-02-27T14:23:07","modified_gmt":"2025-02-27T14:23:07","slug":"szpachla-nierdzewna-zebata-do-kleju-6x6-200mm","status":"publish","type":"product","link":"https:\/\/bobimarket.pl\/index.php\/produkt\/szpachla-nierdzewna-zebata-do-kleju-6x6-200mm\/","title":{"rendered":"SZPACHLA NIERDZEWNA Z\u0118BATA DO KLEJU 6&#215;6 200MM"},"content":{"rendered":"<section class=\"section\">\n<div class=\"item item-6\">\n<section class=\"image-item\">\n                <img decoding=\"async\" src=\"https:\/\/upload.cdn.baselinker.com\/products\/14476\/5b80aa98b13aa15e6fd88271fbc425c1.jpg\" \/><br \/>\n            <\/section>\n<\/p><\/div>\n<div class=\"item item-6\">\n<section class=\"text-item\">\n<h2>SZPACHLA NIERDZEWNA Z\u0118BATA DO KLEJU 6&#215;6 200MM<\/h2>\n<p><b>Dane techniczne:<\/b><\/p>\n<ul>\n<li>Wymiar: <b>200mm<\/b><\/li>\n<li>Z\u0105b: <b>6&#215;6<\/b><\/li>\n<li>Material: Stal \/Tworzywo<\/li>\n<li><b>Produkt Polski!!<\/b><\/li>\n<\/ul>\n<\/section><\/div>\n<\/section>\n<section class=\"section\">\n<div class=\"item item-6\">\n<section class=\"image-item\">\n                <img decoding=\"async\" src=\"https:\/\/upload.cdn.baselinker.com\/products\/14476\/0cdaef6a4f44a98d95957d6c219a84d8.jpg\" \/><br \/>\n            <\/section>\n<\/p><\/div>\n<div class=\"item item-6\">\n<section class=\"text-item\">\n<p>Polskiej produkcji szpachla fasadowa wykonana z <b>stali nierdzewnej<\/b>. Nie zardzewieje przy kontakcie przy kontakcie z klejami wodorozcie\u0144czalnymi.<\/p>\n<p>\u2705 <b>Zastosowanie:<\/b><\/p>\n<ul>\n<li>Szpachla z\u0119bata umo\u017cliwia r\u00f3wnomierne rozprowadzenie kleju na ca\u0142ej powierzchni budowlanej.<\/li>\n<li>Swoje zastosowanie znajdzie na przyk\u0142ad do przyklejania p\u0142ytek ceramicznych.<\/li>\n<\/ul>\n<\/section><\/div>\n<\/section>\n","protected":false},"excerpt":{"rendered":"<p>SZPACHLA NIERDZEWNA Z\u0118BATA DO KLEJU 6&#215;6 200MM Dane techniczne: Wymiar: 200mm Z\u0105b: 6&#215;6 Material: Stal \/Tworzywo Produkt Polski!! Polskiej produkcji szpachla fasadowa wykonana z stali nierdzewnej. Nie zardzewieje przy kontakcie przy kontakcie z klejami wodorozcie\u0144czalnymi. \u2705 Zastosowanie: Szpachla z\u0119bata umo\u017cliwia r\u00f3wnomierne rozprowadzenie kleju na ca\u0142ej powierzchni budowlanej. Swoje zastosowanie znajdzie na przyk\u0142ad do przyklejania p\u0142ytek<br \/><a class=\"more-link\" href=\"https:\/\/bobimarket.pl\/index.php\/produkt\/szpachla-nierdzewna-zebata-do-kleju-6x6-200mm\/\"><br \/>\n        Czytaj wi\u0119cej<span class=\"screen-reader-text\"> &#8222;SZPACHLA NIERDZEWNA Z\u0118BATA DO KLEJU 6&#215;6 200MM&#8221;<\/span><\/a><\/p>\n","protected":false},"featured_media":84627,"template":"","meta":[],"product_cat":[8263],"product_tag":[],"yoast_head":"<!-- This site is optimized with the Yoast SEO plugin v21.0 - https:\/\/yoast.com\/wordpress\/plugins\/seo\/ -->\n<title>SZPACHLA NIERDZEWNA Z\u0118BATA DO KLEJU 6x6 200MM - BOBIMARKET.pl - Remontuj i urz\u0105dzaj z nami<\/title>\n<meta name=\"robots\" content=\"index, follow, max-snippet:-1, max-image-preview:large, max-video-preview:-1\" \/>\n<link rel=\"canonical\" href=\"https:\/\/bobimarket.pl\/index.php\/produkt\/szpachla-nierdzewna-zebata-do-kleju-6x6-200mm\/\" \/>\n<meta property=\"og:locale\" content=\"pl_PL\" \/>\n<meta property=\"og:type\" content=\"article\" \/>\n<meta property=\"og:title\" content=\"SZPACHLA NIERDZEWNA Z\u0118BATA DO KLEJU 6x6 200MM - BOBIMARKET.pl - Remontuj i urz\u0105dzaj z nami\" \/>\n<meta property=\"og:description\" content=\"SZPACHLA NIERDZEWNA Z\u0118BATA DO KLEJU 6&#215;6 200MM Dane techniczne: Wymiar: 200mm Z\u0105b: 6&#215;6 Material: Stal \/Tworzywo Produkt Polski!! Polskiej produkcji szpachla fasadowa wykonana z stali nierdzewnej. Nie zardzewieje przy kontakcie przy kontakcie z klejami wodorozcie\u0144czalnymi. \u2705 Zastosowanie: Szpachla z\u0119bata umo\u017cliwia r\u00f3wnomierne rozprowadzenie kleju na ca\u0142ej powierzchni budowlanej. Swoje zastosowanie znajdzie na przyk\u0142ad do przyklejania p\u0142ytek     Czytaj wi\u0119cej &quot;SZPACHLA NIERDZEWNA Z\u0118BATA DO KLEJU 6&#215;6 200MM&quot;\" \/>\n<meta property=\"og:url\" content=\"https:\/\/bobimarket.pl\/index.php\/produkt\/szpachla-nierdzewna-zebata-do-kleju-6x6-200mm\/\" \/>\n<meta property=\"og:site_name\" content=\"BOBIMARKET.pl - Remontuj i urz\u0105dzaj z nami\" \/>\n<meta property=\"article:modified_time\" content=\"2025-02-27T14:23:07+00:00\" \/>\n<meta property=\"og:image\" content=\"https:\/\/upload.cdn.baselinker.com\/products\/14476\/5b80aa98b13aa15e6fd88271fbc425c1.jpg\" \/>\n<meta name=\"twitter:card\" content=\"summary_large_image\" \/>\n<script type=\"application\/ld+json\" class=\"yoast-schema-graph\">{\"@context\":\"https:\/\/schema.org\",\"@graph\":[{\"@type\":\"WebPage\",\"@id\":\"https:\/\/bobimarket.pl\/index.php\/produkt\/szpachla-nierdzewna-zebata-do-kleju-6x6-200mm\/\",\"url\":\"https:\/\/bobimarket.pl\/index.php\/produkt\/szpachla-nierdzewna-zebata-do-kleju-6x6-200mm\/\",\"name\":\"SZPACHLA NIERDZEWNA Z\u0118BATA DO KLEJU 6x6 200MM - BOBIMARKET.pl - Remontuj i urz\u0105dzaj z nami\",\"isPartOf\":{\"@id\":\"https:\/\/bobimarket.pl\/#website\"},\"datePublished\":\"2023-08-29T21:06:54+00:00\",\"dateModified\":\"2025-02-27T14:23:07+00:00\",\"breadcrumb\":{\"@id\":\"https:\/\/bobimarket.pl\/index.php\/produkt\/szpachla-nierdzewna-zebata-do-kleju-6x6-200mm\/#breadcrumb\"},\"inLanguage\":\"pl-PL\",\"potentialAction\":[{\"@type\":\"ReadAction\",\"target\":[\"https:\/\/bobimarket.pl\/index.php\/produkt\/szpachla-nierdzewna-zebata-do-kleju-6x6-200mm\/\"]}]},{\"@type\":\"BreadcrumbList\",\"@id\":\"https:\/\/bobimarket.pl\/index.php\/produkt\/szpachla-nierdzewna-zebata-do-kleju-6x6-200mm\/#breadcrumb\",\"itemListElement\":[{\"@type\":\"ListItem\",\"position\":1,\"name\":\"Strona g\u0142\u00f3wna\",\"item\":\"https:\/\/bobimarket.pl\/\"},{\"@type\":\"ListItem\",\"position\":2,\"name\":\"Sklep\",\"item\":\"https:\/\/bobimarket.pl\/index.php\/shop\/\"},{\"@type\":\"ListItem\",\"position\":3,\"name\":\"SZPACHLA NIERDZEWNA Z\u0118BATA DO KLEJU 6&#215;6 200MM\"}]},{\"@type\":\"WebSite\",\"@id\":\"https:\/\/bobimarket.pl\/#website\",\"url\":\"https:\/\/bobimarket.pl\/\",\"name\":\"BOBIMARKET.pl - Remontuj i urz\u0105dzaj z nami\",\"description\":\"Remontuj i urz\u0105dzaj z nami\",\"publisher\":{\"@id\":\"https:\/\/bobimarket.pl\/#organization\"},\"potentialAction\":[{\"@type\":\"SearchAction\",\"target\":{\"@type\":\"EntryPoint\",\"urlTemplate\":\"https:\/\/bobimarket.pl\/?s={search_term_string}\"},\"query-input\":\"required name=search_term_string\"}],\"inLanguage\":\"pl-PL\"},{\"@type\":\"Organization\",\"@id\":\"https:\/\/bobimarket.pl\/#organization\",\"name\":\"BOBIMARKET.pl\",\"url\":\"https:\/\/bobimarket.pl\/\",\"logo\":{\"@type\":\"ImageObject\",\"inLanguage\":\"pl-PL\",\"@id\":\"https:\/\/bobimarket.pl\/#\/schema\/logo\/image\/\",\"url\":\"https:\/\/bobimarket.pl\/wp-content\/uploads\/2021\/11\/slogan.png\",\"contentUrl\":\"https:\/\/bobimarket.pl\/wp-content\/uploads\/2021\/11\/slogan.png\",\"width\":2000,\"height\":384,\"caption\":\"BOBIMARKET.pl\"},\"image\":{\"@id\":\"https:\/\/bobimarket.pl\/#\/schema\/logo\/image\/\"}}]}<\/script>\n<!-- \/ Yoast SEO plugin. -->","yoast_head_json":{"title":"SZPACHLA NIERDZEWNA Z\u0118BATA DO KLEJU 6x6 200MM - BOBIMARKET.pl - Remontuj i urz\u0105dzaj z nami","robots":{"index":"index","follow":"follow","max-snippet":"max-snippet:-1","max-image-preview":"max-image-preview:large","max-video-preview":"max-video-preview:-1"},"canonical":"https:\/\/bobimarket.pl\/index.php\/produkt\/szpachla-nierdzewna-zebata-do-kleju-6x6-200mm\/","og_locale":"pl_PL","og_type":"article","og_title":"SZPACHLA NIERDZEWNA Z\u0118BATA DO KLEJU 6x6 200MM - BOBIMARKET.pl - Remontuj i urz\u0105dzaj z nami","og_description":"SZPACHLA NIERDZEWNA Z\u0118BATA DO KLEJU 6&#215;6 200MM Dane techniczne: Wymiar: 200mm Z\u0105b: 6&#215;6 Material: Stal \/Tworzywo Produkt Polski!! Polskiej produkcji szpachla fasadowa wykonana z stali nierdzewnej. Nie zardzewieje przy kontakcie przy kontakcie z klejami wodorozcie\u0144czalnymi. \u2705 Zastosowanie: Szpachla z\u0119bata umo\u017cliwia r\u00f3wnomierne rozprowadzenie kleju na ca\u0142ej powierzchni budowlanej. Swoje zastosowanie znajdzie na przyk\u0142ad do przyklejania p\u0142ytek     Czytaj wi\u0119cej \"SZPACHLA NIERDZEWNA Z\u0118BATA DO KLEJU 6&#215;6 200MM\"","og_url":"https:\/\/bobimarket.pl\/index.php\/produkt\/szpachla-nierdzewna-zebata-do-kleju-6x6-200mm\/","og_site_name":"BOBIMARKET.pl - Remontuj i urz\u0105dzaj z nami","article_modified_time":"2025-02-27T14:23:07+00:00","og_image":[{"url":"https:\/\/upload.cdn.baselinker.com\/products\/14476\/5b80aa98b13aa15e6fd88271fbc425c1.jpg"}],"twitter_card":"summary_large_image","schema":{"@context":"https:\/\/schema.org","@graph":[{"@type":"WebPage","@id":"https:\/\/bobimarket.pl\/index.php\/produkt\/szpachla-nierdzewna-zebata-do-kleju-6x6-200mm\/","url":"https:\/\/bobimarket.pl\/index.php\/produkt\/szpachla-nierdzewna-zebata-do-kleju-6x6-200mm\/","name":"SZPACHLA NIERDZEWNA Z\u0118BATA DO KLEJU 6x6 200MM - BOBIMARKET.pl - Remontuj i urz\u0105dzaj z nami","isPartOf":{"@id":"https:\/\/bobimarket.pl\/#website"},"datePublished":"2023-08-29T21:06:54+00:00","dateModified":"2025-02-27T14:23:07+00:00","breadcrumb":{"@id":"https:\/\/bobimarket.pl\/index.php\/produkt\/szpachla-nierdzewna-zebata-do-kleju-6x6-200mm\/#breadcrumb"},"inLanguage":"pl-PL","potentialAction":[{"@type":"ReadAction","target":["https:\/\/bobimarket.pl\/index.php\/produkt\/szpachla-nierdzewna-zebata-do-kleju-6x6-200mm\/"]}]},{"@type":"BreadcrumbList","@id":"https:\/\/bobimarket.pl\/index.php\/produkt\/szpachla-nierdzewna-zebata-do-kleju-6x6-200mm\/#breadcrumb","itemListElement":[{"@type":"ListItem","position":1,"name":"Strona g\u0142\u00f3wna","item":"https:\/\/bobimarket.pl\/"},{"@type":"ListItem","position":2,"name":"Sklep","item":"https:\/\/bobimarket.pl\/index.php\/shop\/"},{"@type":"ListItem","position":3,"name":"SZPACHLA NIERDZEWNA Z\u0118BATA DO KLEJU 6&#215;6 200MM"}]},{"@type":"WebSite","@id":"https:\/\/bobimarket.pl\/#website","url":"https:\/\/bobimarket.pl\/","name":"BOBIMARKET.pl - Remontuj i urz\u0105dzaj z nami","description":"Remontuj i urz\u0105dzaj z nami","publisher":{"@id":"https:\/\/bobimarket.pl\/#organization"},"potentialAction":[{"@type":"SearchAction","target":{"@type":"EntryPoint","urlTemplate":"https:\/\/bobimarket.pl\/?s={search_term_string}"},"query-input":"required name=search_term_string"}],"inLanguage":"pl-PL"},{"@type":"Organization","@id":"https:\/\/bobimarket.pl\/#organization","name":"BOBIMARKET.pl","url":"https:\/\/bobimarket.pl\/","logo":{"@type":"ImageObject","inLanguage":"pl-PL","@id":"https:\/\/bobimarket.pl\/#\/schema\/logo\/image\/","url":"https:\/\/bobimarket.pl\/wp-content\/uploads\/2021\/11\/slogan.png","contentUrl":"https:\/\/bobimarket.pl\/wp-content\/uploads\/2021\/11\/slogan.png","width":2000,"height":384,"caption":"BOBIMARKET.pl"},"image":{"@id":"https:\/\/bobimarket.pl\/#\/schema\/logo\/image\/"}}]}},"_links":{"self":[{"href":"https:\/\/bobimarket.pl\/index.php\/wp-json\/wp\/v2\/product\/84629"}],"collection":[{"href":"https:\/\/bobimarket.pl\/index.php\/wp-json\/wp\/v2\/product"}],"about":[{"href":"https:\/\/bobimarket.pl\/index.php\/wp-json\/wp\/v2\/types\/product"}],"wp:featuredmedia":[{"embeddable":true,"href":"https:\/\/bobimarket.pl\/index.php\/wp-json\/wp\/v2\/media\/84627"}],"wp:attachment":[{"href":"https:\/\/bobimarket.pl\/index.php\/wp-json\/wp\/v2\/media?parent=84629"}],"wp:term":[{"taxonomy":"product_cat","embeddable":true,"href":"https:\/\/bobimarket.pl\/index.php\/wp-json\/wp\/v2\/product_cat?post=84629"},{"taxonomy":"product_tag","embeddable":true,"href":"https:\/\/bobimarket.pl\/index.php\/wp-json\/wp\/v2\/product_tag?post=84629"}],"curies":[{"name":"wp","href":"https:\/\/api.w.org\/{rel}","templated":true}]}}