{"id":84633,"date":"2023-08-29T21:07:22","date_gmt":"2023-08-29T21:07:22","guid":{"rendered":"https:\/\/bobimarket.pl\/index.php\/produkt\/tasma-tynkarska-elewacyjna-maskujaca-48mmx50m-no-name\/"},"modified":"2025-02-27T16:54:05","modified_gmt":"2025-02-27T16:54:05","slug":"tasma-tynkarska-elewacyjna-maskujaca-48mmx50m-no-name","status":"publish","type":"product","link":"https:\/\/bobimarket.pl\/index.php\/produkt\/tasma-tynkarska-elewacyjna-maskujaca-48mmx50m-no-name\/","title":{"rendered":"TA\u015aMA TYNKARSKA ELEWACYJNA MASKUJ\u0104CA 48MMX50M no name"},"content":{"rendered":"<section class=\"section\">\n<div class=\"item item-6\">\n<section class=\"image-item\">\n                <img decoding=\"async\" src=\"https:\/\/upload.cdn.baselinker.com\/products\/14476\/dd48beac5760c47bc46aa986d12367db.jpg\" \/><br \/>\n            <\/section>\n<\/p><\/div>\n<div class=\"item item-6\">\n<section class=\"text-item\">\n<h1>TA\u015aMA TYNKARSKA ELEWACYJNA MASKUJ\u0104CA 48MMX50M<\/h1>\n<p><b>Dane techniczne<\/b>:<\/p>\n<ul>\n<li>Szeroko\u015b\u0107 : <b>48<\/b> <b>mm<\/b><\/li>\n<li>D\u0142ugo\u015b\u0107 :<b> 50 metr\u00f3w<\/b><\/li>\n<li>Kolor : <b>Pomara\u0144czowy<\/b><\/li>\n<\/ul>\n<\/section><\/div>\n<\/section>\n<section class=\"section\">\n<div class=\"item item-6\">\n<section class=\"image-item\">\n                <img decoding=\"async\" src=\"https:\/\/upload.cdn.baselinker.com\/products\/14476\/3e6581d7ed027c69cb73a7c64afa714c.jpg\" \/><br \/>\n            <\/section>\n<\/p><\/div>\n<div class=\"item item-6\">\n<section class=\"text-item\">\n<p>\u2705 <b>Zastosowanie:<\/b><\/p>\n<p>Ta\u015bma tynkarska s\u0142u\u017cy do <b>zabezpieczania r\u00f3\u017cnego rodzaju powierzchni<\/b> przed uszkodzeniem oraz zabrudzeniem.<\/p>\n<p>Prezentowana ta\u015bma tynkarska pos\u0142u\u017cy Ci do wykonywania wielu prac budowlanych, remontowych czy wyko\u0144czeniowych, kt\u00f3re s\u0105 prowadzone zar\u00f3wno <b>wewn\u0105trz, jak i na zewn\u0105trz budynk\u00f3w.<\/b><\/p>\n<\/section><\/div>\n<\/section>\n<section class=\"section\">\n<div class=\"item item-12\">\n<section class=\"image-item\">\n                <img decoding=\"async\" src=\"https:\/\/upload.cdn.baselinker.com\/products\/14476\/f2d7659bb266426571c63f918ac580b8.jpg\" \/><br \/>\n            <\/section>\n<\/p><\/div>\n<\/section>\n","protected":false},"excerpt":{"rendered":"<p>TA\u015aMA TYNKARSKA ELEWACYJNA MASKUJ\u0104CA 48MMX50M Dane techniczne: Szeroko\u015b\u0107 : 48 mm D\u0142ugo\u015b\u0107 : 50 metr\u00f3w Kolor : Pomara\u0144czowy \u2705 Zastosowanie: Ta\u015bma tynkarska s\u0142u\u017cy do zabezpieczania r\u00f3\u017cnego rodzaju powierzchni przed uszkodzeniem oraz zabrudzeniem. Prezentowana ta\u015bma tynkarska pos\u0142u\u017cy Ci do wykonywania wielu prac budowlanych, remontowych czy wyko\u0144czeniowych, kt\u00f3re s\u0105 prowadzone zar\u00f3wno wewn\u0105trz, jak i na zewn\u0105trz budynk\u00f3w.<\/p>\n","protected":false},"featured_media":84630,"template":"","meta":[],"product_cat":[8268],"product_tag":[],"yoast_head":"<!-- This site is optimized with the Yoast SEO plugin v21.0 - https:\/\/yoast.com\/wordpress\/plugins\/seo\/ -->\n<title>TA\u015aMA TYNKARSKA ELEWACYJNA MASKUJ\u0104CA 48MMX50M no name - BOBIMARKET.pl - Remontuj i urz\u0105dzaj z nami<\/title>\n<meta name=\"robots\" content=\"index, follow, max-snippet:-1, max-image-preview:large, max-video-preview:-1\" \/>\n<link rel=\"canonical\" href=\"https:\/\/bobimarket.pl\/index.php\/produkt\/tasma-tynkarska-elewacyjna-maskujaca-48mmx50m-no-name\/\" \/>\n<meta property=\"og:locale\" content=\"pl_PL\" \/>\n<meta property=\"og:type\" content=\"article\" \/>\n<meta property=\"og:title\" content=\"TA\u015aMA TYNKARSKA ELEWACYJNA MASKUJ\u0104CA 48MMX50M no name - BOBIMARKET.pl - Remontuj i urz\u0105dzaj z nami\" \/>\n<meta property=\"og:description\" content=\"TA\u015aMA TYNKARSKA ELEWACYJNA MASKUJ\u0104CA 48MMX50M Dane techniczne: Szeroko\u015b\u0107 : 48 mm D\u0142ugo\u015b\u0107 : 50 metr\u00f3w Kolor : Pomara\u0144czowy \u2705 Zastosowanie: Ta\u015bma tynkarska s\u0142u\u017cy do zabezpieczania r\u00f3\u017cnego rodzaju powierzchni przed uszkodzeniem oraz zabrudzeniem. Prezentowana ta\u015bma tynkarska pos\u0142u\u017cy Ci do wykonywania wielu prac budowlanych, remontowych czy wyko\u0144czeniowych, kt\u00f3re s\u0105 prowadzone zar\u00f3wno wewn\u0105trz, jak i na zewn\u0105trz budynk\u00f3w.\" \/>\n<meta property=\"og:url\" content=\"https:\/\/bobimarket.pl\/index.php\/produkt\/tasma-tynkarska-elewacyjna-maskujaca-48mmx50m-no-name\/\" \/>\n<meta property=\"og:site_name\" content=\"BOBIMARKET.pl - Remontuj i urz\u0105dzaj z nami\" \/>\n<meta property=\"article:modified_time\" content=\"2025-02-27T16:54:05+00:00\" \/>\n<meta property=\"og:image\" content=\"https:\/\/upload.cdn.baselinker.com\/products\/14476\/dd48beac5760c47bc46aa986d12367db.jpg\" \/>\n<meta name=\"twitter:card\" content=\"summary_large_image\" \/>\n<script type=\"application\/ld+json\" class=\"yoast-schema-graph\">{\"@context\":\"https:\/\/schema.org\",\"@graph\":[{\"@type\":\"WebPage\",\"@id\":\"https:\/\/bobimarket.pl\/index.php\/produkt\/tasma-tynkarska-elewacyjna-maskujaca-48mmx50m-no-name\/\",\"url\":\"https:\/\/bobimarket.pl\/index.php\/produkt\/tasma-tynkarska-elewacyjna-maskujaca-48mmx50m-no-name\/\",\"name\":\"TA\u015aMA TYNKARSKA ELEWACYJNA MASKUJ\u0104CA 48MMX50M no name - BOBIMARKET.pl - Remontuj i urz\u0105dzaj z nami\",\"isPartOf\":{\"@id\":\"https:\/\/bobimarket.pl\/#website\"},\"datePublished\":\"2023-08-29T21:07:22+00:00\",\"dateModified\":\"2025-02-27T16:54:05+00:00\",\"breadcrumb\":{\"@id\":\"https:\/\/bobimarket.pl\/index.php\/produkt\/tasma-tynkarska-elewacyjna-maskujaca-48mmx50m-no-name\/#breadcrumb\"},\"inLanguage\":\"pl-PL\",\"potentialAction\":[{\"@type\":\"ReadAction\",\"target\":[\"https:\/\/bobimarket.pl\/index.php\/produkt\/tasma-tynkarska-elewacyjna-maskujaca-48mmx50m-no-name\/\"]}]},{\"@type\":\"BreadcrumbList\",\"@id\":\"https:\/\/bobimarket.pl\/index.php\/produkt\/tasma-tynkarska-elewacyjna-maskujaca-48mmx50m-no-name\/#breadcrumb\",\"itemListElement\":[{\"@type\":\"ListItem\",\"position\":1,\"name\":\"Strona g\u0142\u00f3wna\",\"item\":\"https:\/\/bobimarket.pl\/\"},{\"@type\":\"ListItem\",\"position\":2,\"name\":\"Sklep\",\"item\":\"https:\/\/bobimarket.pl\/index.php\/shop\/\"},{\"@type\":\"ListItem\",\"position\":3,\"name\":\"TA\u015aMA TYNKARSKA ELEWACYJNA MASKUJ\u0104CA 48MMX50M no name\"}]},{\"@type\":\"WebSite\",\"@id\":\"https:\/\/bobimarket.pl\/#website\",\"url\":\"https:\/\/bobimarket.pl\/\",\"name\":\"BOBIMARKET.pl - Remontuj i urz\u0105dzaj z nami\",\"description\":\"Remontuj i urz\u0105dzaj z nami\",\"publisher\":{\"@id\":\"https:\/\/bobimarket.pl\/#organization\"},\"potentialAction\":[{\"@type\":\"SearchAction\",\"target\":{\"@type\":\"EntryPoint\",\"urlTemplate\":\"https:\/\/bobimarket.pl\/?s={search_term_string}\"},\"query-input\":\"required name=search_term_string\"}],\"inLanguage\":\"pl-PL\"},{\"@type\":\"Organization\",\"@id\":\"https:\/\/bobimarket.pl\/#organization\",\"name\":\"BOBIMARKET.pl\",\"url\":\"https:\/\/bobimarket.pl\/\",\"logo\":{\"@type\":\"ImageObject\",\"inLanguage\":\"pl-PL\",\"@id\":\"https:\/\/bobimarket.pl\/#\/schema\/logo\/image\/\",\"url\":\"https:\/\/bobimarket.pl\/wp-content\/uploads\/2021\/11\/slogan.png\",\"contentUrl\":\"https:\/\/bobimarket.pl\/wp-content\/uploads\/2021\/11\/slogan.png\",\"width\":2000,\"height\":384,\"caption\":\"BOBIMARKET.pl\"},\"image\":{\"@id\":\"https:\/\/bobimarket.pl\/#\/schema\/logo\/image\/\"}}]}<\/script>\n<!-- \/ Yoast SEO plugin. -->","yoast_head_json":{"title":"TA\u015aMA TYNKARSKA ELEWACYJNA MASKUJ\u0104CA 48MMX50M no name - BOBIMARKET.pl - Remontuj i urz\u0105dzaj z nami","robots":{"index":"index","follow":"follow","max-snippet":"max-snippet:-1","max-image-preview":"max-image-preview:large","max-video-preview":"max-video-preview:-1"},"canonical":"https:\/\/bobimarket.pl\/index.php\/produkt\/tasma-tynkarska-elewacyjna-maskujaca-48mmx50m-no-name\/","og_locale":"pl_PL","og_type":"article","og_title":"TA\u015aMA TYNKARSKA ELEWACYJNA MASKUJ\u0104CA 48MMX50M no name - BOBIMARKET.pl - Remontuj i urz\u0105dzaj z nami","og_description":"TA\u015aMA TYNKARSKA ELEWACYJNA MASKUJ\u0104CA 48MMX50M Dane techniczne: Szeroko\u015b\u0107 : 48 mm D\u0142ugo\u015b\u0107 : 50 metr\u00f3w Kolor : Pomara\u0144czowy \u2705 Zastosowanie: Ta\u015bma tynkarska s\u0142u\u017cy do zabezpieczania r\u00f3\u017cnego rodzaju powierzchni przed uszkodzeniem oraz zabrudzeniem. Prezentowana ta\u015bma tynkarska pos\u0142u\u017cy Ci do wykonywania wielu prac budowlanych, remontowych czy wyko\u0144czeniowych, kt\u00f3re s\u0105 prowadzone zar\u00f3wno wewn\u0105trz, jak i na zewn\u0105trz budynk\u00f3w.","og_url":"https:\/\/bobimarket.pl\/index.php\/produkt\/tasma-tynkarska-elewacyjna-maskujaca-48mmx50m-no-name\/","og_site_name":"BOBIMARKET.pl - Remontuj i urz\u0105dzaj z nami","article_modified_time":"2025-02-27T16:54:05+00:00","og_image":[{"url":"https:\/\/upload.cdn.baselinker.com\/products\/14476\/dd48beac5760c47bc46aa986d12367db.jpg"}],"twitter_card":"summary_large_image","schema":{"@context":"https:\/\/schema.org","@graph":[{"@type":"WebPage","@id":"https:\/\/bobimarket.pl\/index.php\/produkt\/tasma-tynkarska-elewacyjna-maskujaca-48mmx50m-no-name\/","url":"https:\/\/bobimarket.pl\/index.php\/produkt\/tasma-tynkarska-elewacyjna-maskujaca-48mmx50m-no-name\/","name":"TA\u015aMA TYNKARSKA ELEWACYJNA MASKUJ\u0104CA 48MMX50M no name - BOBIMARKET.pl - Remontuj i urz\u0105dzaj z nami","isPartOf":{"@id":"https:\/\/bobimarket.pl\/#website"},"datePublished":"2023-08-29T21:07:22+00:00","dateModified":"2025-02-27T16:54:05+00:00","breadcrumb":{"@id":"https:\/\/bobimarket.pl\/index.php\/produkt\/tasma-tynkarska-elewacyjna-maskujaca-48mmx50m-no-name\/#breadcrumb"},"inLanguage":"pl-PL","potentialAction":[{"@type":"ReadAction","target":["https:\/\/bobimarket.pl\/index.php\/produkt\/tasma-tynkarska-elewacyjna-maskujaca-48mmx50m-no-name\/"]}]},{"@type":"BreadcrumbList","@id":"https:\/\/bobimarket.pl\/index.php\/produkt\/tasma-tynkarska-elewacyjna-maskujaca-48mmx50m-no-name\/#breadcrumb","itemListElement":[{"@type":"ListItem","position":1,"name":"Strona g\u0142\u00f3wna","item":"https:\/\/bobimarket.pl\/"},{"@type":"ListItem","position":2,"name":"Sklep","item":"https:\/\/bobimarket.pl\/index.php\/shop\/"},{"@type":"ListItem","position":3,"name":"TA\u015aMA TYNKARSKA ELEWACYJNA MASKUJ\u0104CA 48MMX50M no name"}]},{"@type":"WebSite","@id":"https:\/\/bobimarket.pl\/#website","url":"https:\/\/bobimarket.pl\/","name":"BOBIMARKET.pl - Remontuj i urz\u0105dzaj z nami","description":"Remontuj i urz\u0105dzaj z nami","publisher":{"@id":"https:\/\/bobimarket.pl\/#organization"},"potentialAction":[{"@type":"SearchAction","target":{"@type":"EntryPoint","urlTemplate":"https:\/\/bobimarket.pl\/?s={search_term_string}"},"query-input":"required name=search_term_string"}],"inLanguage":"pl-PL"},{"@type":"Organization","@id":"https:\/\/bobimarket.pl\/#organization","name":"BOBIMARKET.pl","url":"https:\/\/bobimarket.pl\/","logo":{"@type":"ImageObject","inLanguage":"pl-PL","@id":"https:\/\/bobimarket.pl\/#\/schema\/logo\/image\/","url":"https:\/\/bobimarket.pl\/wp-content\/uploads\/2021\/11\/slogan.png","contentUrl":"https:\/\/bobimarket.pl\/wp-content\/uploads\/2021\/11\/slogan.png","width":2000,"height":384,"caption":"BOBIMARKET.pl"},"image":{"@id":"https:\/\/bobimarket.pl\/#\/schema\/logo\/image\/"}}]}},"_links":{"self":[{"href":"https:\/\/bobimarket.pl\/index.php\/wp-json\/wp\/v2\/product\/84633"}],"collection":[{"href":"https:\/\/bobimarket.pl\/index.php\/wp-json\/wp\/v2\/product"}],"about":[{"href":"https:\/\/bobimarket.pl\/index.php\/wp-json\/wp\/v2\/types\/product"}],"wp:featuredmedia":[{"embeddable":true,"href":"https:\/\/bobimarket.pl\/index.php\/wp-json\/wp\/v2\/media\/84630"}],"wp:attachment":[{"href":"https:\/\/bobimarket.pl\/index.php\/wp-json\/wp\/v2\/media?parent=84633"}],"wp:term":[{"taxonomy":"product_cat","embeddable":true,"href":"https:\/\/bobimarket.pl\/index.php\/wp-json\/wp\/v2\/product_cat?post=84633"},{"taxonomy":"product_tag","embeddable":true,"href":"https:\/\/bobimarket.pl\/index.php\/wp-json\/wp\/v2\/product_tag?post=84633"}],"curies":[{"name":"wp","href":"https:\/\/api.w.org\/{rel}","templated":true}]}}