{"id":84658,"date":"2023-08-29T21:09:07","date_gmt":"2023-08-29T21:09:07","guid":{"rendered":"https:\/\/bobimarket.pl\/index.php\/produkt\/zawias-tloczkowy-duzy-zt-hf-01-d00-gtv\/"},"modified":"2025-02-27T14:23:35","modified_gmt":"2025-02-27T14:23:35","slug":"zawias-tloczkowy-duzy-zt-hf-01-d00-gtv","status":"publish","type":"product","link":"https:\/\/bobimarket.pl\/index.php\/produkt\/zawias-tloczkowy-duzy-zt-hf-01-d00-gtv\/","title":{"rendered":"ZAWIAS T\u0141OCZKOWY DU\u017bY ZT-HF-01-D00 GTV"},"content":{"rendered":"<section class=\"section\">\n<div class=\"item item-6\">\n<section class=\"image-item\">\n            <img decoding=\"async\" src=\"https:\/\/upload.cdn.baselinker.com\/products\/14476\/ec6b3cc6038dd97218465ecb58afebd9.jpg\" \/><br \/>\n        <\/section>\n<\/p><\/div>\n<div class=\"item item-6\">\n<section class=\"text-item\">\n<h2>ZAWIAS T\u0141OCZKOWY DU\u017bY ZT-HF-01-D00<\/h2>\n<ul>\n<li>Typ zawiasu: Nak\u0142adany<\/li>\n<li>K\u0105t otwarcia: <b>90\u00b0<\/b><\/li>\n<li>Szeroko\u015b\u0107: 104 mm<\/li>\n<li>Wysoko\u015b\u0107 max. 44 mm<\/li>\n<li>Wysoko\u015b\u0107 prowadnicy: 26 mm<\/li>\n<li>Materia\u0142 wykonania<b> &#8211; Stal <\/b><\/li>\n<li><b>WYSOKA JAKO\u015a\u0106!!<\/b><\/li>\n<\/ul>\n<\/section><\/div>\n<\/section>\n<section class=\"section\">\n<div class=\"item item-6\">\n<section class=\"image-item\">\n            <img decoding=\"async\" src=\"https:\/\/upload.cdn.baselinker.com\/products\/14476\/8d3fade804afd042b3f92c9cd18274d0.jpg\" \/><br \/>\n        <\/section>\n<\/p><\/div>\n<div class=\"item item-6\">\n<section class=\"text-item\">\n<p>Wysokiej jako\u015bci zawias t\u0142oczkowy firmy GTV model <b>ZT-HF-01-D0. <\/b>Zawias o specjalnym przeznaczeniu. Stosowany w sytuacji, gdy nie ma mo\u017cliwo\u015bci nawiercenia otwor\u00f3w pod zawias puszkowy.<\/p>\n<ul>\n<li>Montowany na wkr\u0119ty.<\/li>\n<li><b>K\u0105t otwarcia zawiasu wynosi 90\u00b0<\/b>.<\/li>\n<\/ul>\n<\/section><\/div>\n<\/section>\n<section class=\"section\">\n<div class=\"item item-12\">\n<section class=\"image-item\">\n            <img decoding=\"async\" src=\"https:\/\/upload.cdn.baselinker.com\/products\/14476\/5b9a4f0ea80daa92471934a4b97f6def.jpg\" \/><br \/>\n        <\/section>\n<\/p><\/div>\n<\/section>\n<section class=\"section\">\n<div class=\"item item-12\">\n<section class=\"text-item\">\n<p>Zawiasy marki <b>GTV<\/b>\u00a0 to jeden z najch\u0119tniej wybieranych produkt\u00f3w tego typu na rynku. Produkty te charakteryzuj\u0105 si\u0119 wysok\u0105 <b>jako\u015bci\u0105<\/b> !!\u00a0 Wykonane z wysokiej jako\u015bci stali.<\/p>\n<p>\u00a0<\/p>\n<\/section><\/div>\n<\/section>\n","protected":false},"excerpt":{"rendered":"<p>ZAWIAS T\u0141OCZKOWY DU\u017bY ZT-HF-01-D00 Typ zawiasu: Nak\u0142adany K\u0105t otwarcia: 90\u00b0 Szeroko\u015b\u0107: 104 mm Wysoko\u015b\u0107 max. 44 mm Wysoko\u015b\u0107 prowadnicy: 26 mm Materia\u0142 wykonania &#8211; Stal WYSOKA JAKO\u015a\u0106!! Wysokiej jako\u015bci zawias t\u0142oczkowy firmy GTV model ZT-HF-01-D0. Zawias o specjalnym przeznaczeniu. Stosowany w sytuacji, gdy nie ma mo\u017cliwo\u015bci nawiercenia otwor\u00f3w pod zawias puszkowy. Montowany na wkr\u0119ty. K\u0105t<br \/><a class=\"more-link\" href=\"https:\/\/bobimarket.pl\/index.php\/produkt\/zawias-tloczkowy-duzy-zt-hf-01-d00-gtv\/\"><br \/>\n        Czytaj wi\u0119cej<span class=\"screen-reader-text\"> &#8222;ZAWIAS T\u0141OCZKOWY DU\u017bY ZT-HF-01-D00 GTV&#8221;<\/span><\/a><\/p>\n","protected":false},"featured_media":84652,"template":"","meta":[],"product_cat":[8156],"product_tag":[],"yoast_head":"<!-- This site is optimized with the Yoast SEO plugin v21.0 - https:\/\/yoast.com\/wordpress\/plugins\/seo\/ -->\n<title>ZAWIAS T\u0141OCZKOWY DU\u017bY ZT-HF-01-D00 GTV - BOBIMARKET.pl - Remontuj i urz\u0105dzaj z nami<\/title>\n<meta name=\"robots\" content=\"index, follow, max-snippet:-1, max-image-preview:large, max-video-preview:-1\" \/>\n<link rel=\"canonical\" href=\"https:\/\/bobimarket.pl\/index.php\/produkt\/zawias-tloczkowy-duzy-zt-hf-01-d00-gtv\/\" \/>\n<meta property=\"og:locale\" content=\"pl_PL\" \/>\n<meta property=\"og:type\" content=\"article\" \/>\n<meta property=\"og:title\" content=\"ZAWIAS T\u0141OCZKOWY DU\u017bY ZT-HF-01-D00 GTV - BOBIMARKET.pl - Remontuj i urz\u0105dzaj z nami\" \/>\n<meta property=\"og:description\" content=\"ZAWIAS T\u0141OCZKOWY DU\u017bY ZT-HF-01-D00 Typ zawiasu: Nak\u0142adany K\u0105t otwarcia: 90\u00b0 Szeroko\u015b\u0107: 104 mm Wysoko\u015b\u0107 max. 44 mm Wysoko\u015b\u0107 prowadnicy: 26 mm Materia\u0142 wykonania &#8211; Stal WYSOKA JAKO\u015a\u0106!! Wysokiej jako\u015bci zawias t\u0142oczkowy firmy GTV model ZT-HF-01-D0. Zawias o specjalnym przeznaczeniu. Stosowany w sytuacji, gdy nie ma mo\u017cliwo\u015bci nawiercenia otwor\u00f3w pod zawias puszkowy. Montowany na wkr\u0119ty. K\u0105t     Czytaj wi\u0119cej &quot;ZAWIAS T\u0141OCZKOWY DU\u017bY ZT-HF-01-D00 GTV&quot;\" \/>\n<meta property=\"og:url\" content=\"https:\/\/bobimarket.pl\/index.php\/produkt\/zawias-tloczkowy-duzy-zt-hf-01-d00-gtv\/\" \/>\n<meta property=\"og:site_name\" content=\"BOBIMARKET.pl - Remontuj i urz\u0105dzaj z nami\" \/>\n<meta property=\"article:modified_time\" content=\"2025-02-27T14:23:35+00:00\" \/>\n<meta property=\"og:image\" content=\"https:\/\/upload.cdn.baselinker.com\/products\/14476\/ec6b3cc6038dd97218465ecb58afebd9.jpg\" \/>\n<meta name=\"twitter:card\" content=\"summary_large_image\" \/>\n<script type=\"application\/ld+json\" class=\"yoast-schema-graph\">{\"@context\":\"https:\/\/schema.org\",\"@graph\":[{\"@type\":\"WebPage\",\"@id\":\"https:\/\/bobimarket.pl\/index.php\/produkt\/zawias-tloczkowy-duzy-zt-hf-01-d00-gtv\/\",\"url\":\"https:\/\/bobimarket.pl\/index.php\/produkt\/zawias-tloczkowy-duzy-zt-hf-01-d00-gtv\/\",\"name\":\"ZAWIAS T\u0141OCZKOWY DU\u017bY ZT-HF-01-D00 GTV - BOBIMARKET.pl - Remontuj i urz\u0105dzaj z nami\",\"isPartOf\":{\"@id\":\"https:\/\/bobimarket.pl\/#website\"},\"datePublished\":\"2023-08-29T21:09:07+00:00\",\"dateModified\":\"2025-02-27T14:23:35+00:00\",\"breadcrumb\":{\"@id\":\"https:\/\/bobimarket.pl\/index.php\/produkt\/zawias-tloczkowy-duzy-zt-hf-01-d00-gtv\/#breadcrumb\"},\"inLanguage\":\"pl-PL\",\"potentialAction\":[{\"@type\":\"ReadAction\",\"target\":[\"https:\/\/bobimarket.pl\/index.php\/produkt\/zawias-tloczkowy-duzy-zt-hf-01-d00-gtv\/\"]}]},{\"@type\":\"BreadcrumbList\",\"@id\":\"https:\/\/bobimarket.pl\/index.php\/produkt\/zawias-tloczkowy-duzy-zt-hf-01-d00-gtv\/#breadcrumb\",\"itemListElement\":[{\"@type\":\"ListItem\",\"position\":1,\"name\":\"Strona g\u0142\u00f3wna\",\"item\":\"https:\/\/bobimarket.pl\/\"},{\"@type\":\"ListItem\",\"position\":2,\"name\":\"Sklep\",\"item\":\"https:\/\/bobimarket.pl\/index.php\/shop\/\"},{\"@type\":\"ListItem\",\"position\":3,\"name\":\"ZAWIAS T\u0141OCZKOWY DU\u017bY ZT-HF-01-D00 GTV\"}]},{\"@type\":\"WebSite\",\"@id\":\"https:\/\/bobimarket.pl\/#website\",\"url\":\"https:\/\/bobimarket.pl\/\",\"name\":\"BOBIMARKET.pl - Remontuj i urz\u0105dzaj z nami\",\"description\":\"Remontuj i urz\u0105dzaj z nami\",\"publisher\":{\"@id\":\"https:\/\/bobimarket.pl\/#organization\"},\"potentialAction\":[{\"@type\":\"SearchAction\",\"target\":{\"@type\":\"EntryPoint\",\"urlTemplate\":\"https:\/\/bobimarket.pl\/?s={search_term_string}\"},\"query-input\":\"required name=search_term_string\"}],\"inLanguage\":\"pl-PL\"},{\"@type\":\"Organization\",\"@id\":\"https:\/\/bobimarket.pl\/#organization\",\"name\":\"BOBIMARKET.pl\",\"url\":\"https:\/\/bobimarket.pl\/\",\"logo\":{\"@type\":\"ImageObject\",\"inLanguage\":\"pl-PL\",\"@id\":\"https:\/\/bobimarket.pl\/#\/schema\/logo\/image\/\",\"url\":\"https:\/\/bobimarket.pl\/wp-content\/uploads\/2021\/11\/slogan.png\",\"contentUrl\":\"https:\/\/bobimarket.pl\/wp-content\/uploads\/2021\/11\/slogan.png\",\"width\":2000,\"height\":384,\"caption\":\"BOBIMARKET.pl\"},\"image\":{\"@id\":\"https:\/\/bobimarket.pl\/#\/schema\/logo\/image\/\"}}]}<\/script>\n<!-- \/ Yoast SEO plugin. -->","yoast_head_json":{"title":"ZAWIAS T\u0141OCZKOWY DU\u017bY ZT-HF-01-D00 GTV - BOBIMARKET.pl - Remontuj i urz\u0105dzaj z nami","robots":{"index":"index","follow":"follow","max-snippet":"max-snippet:-1","max-image-preview":"max-image-preview:large","max-video-preview":"max-video-preview:-1"},"canonical":"https:\/\/bobimarket.pl\/index.php\/produkt\/zawias-tloczkowy-duzy-zt-hf-01-d00-gtv\/","og_locale":"pl_PL","og_type":"article","og_title":"ZAWIAS T\u0141OCZKOWY DU\u017bY ZT-HF-01-D00 GTV - BOBIMARKET.pl - Remontuj i urz\u0105dzaj z nami","og_description":"ZAWIAS T\u0141OCZKOWY DU\u017bY ZT-HF-01-D00 Typ zawiasu: Nak\u0142adany K\u0105t otwarcia: 90\u00b0 Szeroko\u015b\u0107: 104 mm Wysoko\u015b\u0107 max. 44 mm Wysoko\u015b\u0107 prowadnicy: 26 mm Materia\u0142 wykonania &#8211; Stal WYSOKA JAKO\u015a\u0106!! Wysokiej jako\u015bci zawias t\u0142oczkowy firmy GTV model ZT-HF-01-D0. Zawias o specjalnym przeznaczeniu. Stosowany w sytuacji, gdy nie ma mo\u017cliwo\u015bci nawiercenia otwor\u00f3w pod zawias puszkowy. Montowany na wkr\u0119ty. K\u0105t     Czytaj wi\u0119cej \"ZAWIAS T\u0141OCZKOWY DU\u017bY ZT-HF-01-D00 GTV\"","og_url":"https:\/\/bobimarket.pl\/index.php\/produkt\/zawias-tloczkowy-duzy-zt-hf-01-d00-gtv\/","og_site_name":"BOBIMARKET.pl - Remontuj i urz\u0105dzaj z nami","article_modified_time":"2025-02-27T14:23:35+00:00","og_image":[{"url":"https:\/\/upload.cdn.baselinker.com\/products\/14476\/ec6b3cc6038dd97218465ecb58afebd9.jpg"}],"twitter_card":"summary_large_image","schema":{"@context":"https:\/\/schema.org","@graph":[{"@type":"WebPage","@id":"https:\/\/bobimarket.pl\/index.php\/produkt\/zawias-tloczkowy-duzy-zt-hf-01-d00-gtv\/","url":"https:\/\/bobimarket.pl\/index.php\/produkt\/zawias-tloczkowy-duzy-zt-hf-01-d00-gtv\/","name":"ZAWIAS T\u0141OCZKOWY DU\u017bY ZT-HF-01-D00 GTV - BOBIMARKET.pl - Remontuj i urz\u0105dzaj z nami","isPartOf":{"@id":"https:\/\/bobimarket.pl\/#website"},"datePublished":"2023-08-29T21:09:07+00:00","dateModified":"2025-02-27T14:23:35+00:00","breadcrumb":{"@id":"https:\/\/bobimarket.pl\/index.php\/produkt\/zawias-tloczkowy-duzy-zt-hf-01-d00-gtv\/#breadcrumb"},"inLanguage":"pl-PL","potentialAction":[{"@type":"ReadAction","target":["https:\/\/bobimarket.pl\/index.php\/produkt\/zawias-tloczkowy-duzy-zt-hf-01-d00-gtv\/"]}]},{"@type":"BreadcrumbList","@id":"https:\/\/bobimarket.pl\/index.php\/produkt\/zawias-tloczkowy-duzy-zt-hf-01-d00-gtv\/#breadcrumb","itemListElement":[{"@type":"ListItem","position":1,"name":"Strona g\u0142\u00f3wna","item":"https:\/\/bobimarket.pl\/"},{"@type":"ListItem","position":2,"name":"Sklep","item":"https:\/\/bobimarket.pl\/index.php\/shop\/"},{"@type":"ListItem","position":3,"name":"ZAWIAS T\u0141OCZKOWY DU\u017bY ZT-HF-01-D00 GTV"}]},{"@type":"WebSite","@id":"https:\/\/bobimarket.pl\/#website","url":"https:\/\/bobimarket.pl\/","name":"BOBIMARKET.pl - Remontuj i urz\u0105dzaj z nami","description":"Remontuj i urz\u0105dzaj z nami","publisher":{"@id":"https:\/\/bobimarket.pl\/#organization"},"potentialAction":[{"@type":"SearchAction","target":{"@type":"EntryPoint","urlTemplate":"https:\/\/bobimarket.pl\/?s={search_term_string}"},"query-input":"required name=search_term_string"}],"inLanguage":"pl-PL"},{"@type":"Organization","@id":"https:\/\/bobimarket.pl\/#organization","name":"BOBIMARKET.pl","url":"https:\/\/bobimarket.pl\/","logo":{"@type":"ImageObject","inLanguage":"pl-PL","@id":"https:\/\/bobimarket.pl\/#\/schema\/logo\/image\/","url":"https:\/\/bobimarket.pl\/wp-content\/uploads\/2021\/11\/slogan.png","contentUrl":"https:\/\/bobimarket.pl\/wp-content\/uploads\/2021\/11\/slogan.png","width":2000,"height":384,"caption":"BOBIMARKET.pl"},"image":{"@id":"https:\/\/bobimarket.pl\/#\/schema\/logo\/image\/"}}]}},"_links":{"self":[{"href":"https:\/\/bobimarket.pl\/index.php\/wp-json\/wp\/v2\/product\/84658"}],"collection":[{"href":"https:\/\/bobimarket.pl\/index.php\/wp-json\/wp\/v2\/product"}],"about":[{"href":"https:\/\/bobimarket.pl\/index.php\/wp-json\/wp\/v2\/types\/product"}],"wp:featuredmedia":[{"embeddable":true,"href":"https:\/\/bobimarket.pl\/index.php\/wp-json\/wp\/v2\/media\/84652"}],"wp:attachment":[{"href":"https:\/\/bobimarket.pl\/index.php\/wp-json\/wp\/v2\/media?parent=84658"}],"wp:term":[{"taxonomy":"product_cat","embeddable":true,"href":"https:\/\/bobimarket.pl\/index.php\/wp-json\/wp\/v2\/product_cat?post=84658"},{"taxonomy":"product_tag","embeddable":true,"href":"https:\/\/bobimarket.pl\/index.php\/wp-json\/wp\/v2\/product_tag?post=84658"}],"curies":[{"name":"wp","href":"https:\/\/api.w.org\/{rel}","templated":true}]}}