{"id":84741,"date":"2023-08-29T21:17:09","date_gmt":"2023-08-29T21:17:09","guid":{"rendered":"https:\/\/bobimarket.pl\/index.php\/produkt\/tarcza-do-szlifowania-betonu-garnkowa-turbo-125-mm\/"},"modified":"2025-02-27T14:24:30","modified_gmt":"2025-02-27T14:24:30","slug":"tarcza-do-szlifowania-betonu-garnkowa-turbo-125-mm","status":"publish","type":"product","link":"https:\/\/bobimarket.pl\/index.php\/produkt\/tarcza-do-szlifowania-betonu-garnkowa-turbo-125-mm\/","title":{"rendered":"TARCZA DO SZLIFOWANIA BETONU GARNKOWA TURBO 125 mm"},"content":{"rendered":"<section class=\"section\">\n<div class=\"item item-6\">\n<section class=\"image-item\">\n                <img decoding=\"async\" src=\"https:\/\/upload.cdn.baselinker.com\/products\/14476\/a58c7daf5a31cf3960c5ed1e72c15542.jpg\" \/><br \/>\n            <\/section>\n<\/p><\/div>\n<div class=\"item item-6\">\n<section class=\"text-item\">\n<h2>TARCZA DO SZLIFOWANIA BETONU GARNKOWA TURBO 125 mm<\/h2>\n<p><b>Dane techniczne:\u00a0<\/b><\/p>\n<ul>\n<li>\u015arednica tarczy:<b> 125 mm<\/b><\/li>\n<li>\u015arednica otworu:<b> 22,23 mm\u00a0<\/b><\/li>\n<\/ul>\n<p>Produkt wykonany w ca\u0142o\u015bci w Polsce!<\/p>\n<\/section><\/div>\n<\/section>\n<section class=\"section\">\n<div class=\"item item-6\">\n<section class=\"image-item\">\n                <img decoding=\"async\" src=\"https:\/\/upload.cdn.baselinker.com\/products\/14476\/dafc6620f7c917f5818884509906a78a.jpg\" \/><br \/>\n            <\/section>\n<\/p><\/div>\n<div class=\"item item-6\">\n<section class=\"text-item\">\n<p>Tarcza diamentowa do szlifowania betonu &#8211; garnkowa. Tarcza przeznaczona do szlifowania powierchni betonu ( przy u\u017cyciu szlifierki k\u0105towej).<\/p>\n<ul>\n<li>Wysoka jako\u015b\u0107 i wytrzyma\u0142o\u015b\u0107<\/li>\n<li>Niskie zu\u017cycie tarczy zapewnione dzi\u0119ki obr\u00f3bce cieplnej i specjalnemu wyko\u0144czeniu\u00a0<\/li>\n<li>D\u0142uga \u017cywotno\u015b\u0107<\/li>\n<\/ul>\n<\/section><\/div>\n<\/section>\n<section class=\"section\">\n<div class=\"item item-6\">\n<section class=\"image-item\">\n                <img decoding=\"async\" src=\"https:\/\/upload.cdn.baselinker.com\/products\/14476\/5b0369bfb77e5848826fc0ac06650000.jpg\" \/><br \/>\n            <\/section>\n<\/p><\/div>\n<div class=\"item item-6\">\n<section class=\"text-item\">\n<p><b>ZASTOSOWANIE:<\/b><\/p>\n<p>Tarcza diamentowa jest przeznaczona do obr\u00f3bki, szlifowania, oczyszczania lub usuwania nier\u00f3wno\u015bci z powierzchni betonowych.\u00a0\u00a0<\/p>\n<p>Nadaje si\u0119 do mi\u0119dzy innymi do:<\/p>\n<ul>\n<li>betonu<\/li>\n<li>betonu licowego<\/li>\n<li>p\u0142ytki ceramicznej<\/li>\n<li>ceg\u0142y<\/li>\n<li>kostki brukowej<\/li>\n<li>klinkieru\u00a0<\/li>\n<\/ul>\n<\/section><\/div>\n<\/section>\n<section class=\"section\">\n<div class=\"item item-6\">\n<section class=\"image-item\">\n                <img decoding=\"async\" src=\"https:\/\/upload.cdn.baselinker.com\/products\/14476\/6e06022bf73667bedba36001b35667e9.jpg\" \/><br \/>\n            <\/section>\n<\/p><\/div>\n<div class=\"item item-6\">\n<section class=\"image-item\">\n                <img decoding=\"async\" src=\"https:\/\/upload.cdn.baselinker.com\/products\/14476\/d4751b39f014136cda24f09e37058cc9.jpg\" \/><br \/>\n            <\/section>\n<\/p><\/div>\n<\/section>\n","protected":false},"excerpt":{"rendered":"<p>TARCZA DO SZLIFOWANIA BETONU GARNKOWA TURBO 125 mm Dane techniczne:\u00a0 \u015arednica tarczy: 125 mm \u015arednica otworu: 22,23 mm\u00a0 Produkt wykonany w ca\u0142o\u015bci w Polsce! Tarcza diamentowa do szlifowania betonu &#8211; garnkowa. Tarcza przeznaczona do szlifowania powierchni betonu ( przy u\u017cyciu szlifierki k\u0105towej). Wysoka jako\u015b\u0107 i wytrzyma\u0142o\u015b\u0107 Niskie zu\u017cycie tarczy zapewnione dzi\u0119ki obr\u00f3bce cieplnej i specjalnemu<br \/><a class=\"more-link\" href=\"https:\/\/bobimarket.pl\/index.php\/produkt\/tarcza-do-szlifowania-betonu-garnkowa-turbo-125-mm\/\"><br \/>\n        Czytaj wi\u0119cej<span class=\"screen-reader-text\"> &#8222;TARCZA DO SZLIFOWANIA BETONU GARNKOWA TURBO 125 mm&#8221;<\/span><\/a><\/p>\n","protected":false},"featured_media":84735,"template":"","meta":[],"product_cat":[8111],"product_tag":[],"yoast_head":"<!-- This site is optimized with the Yoast SEO plugin v21.0 - https:\/\/yoast.com\/wordpress\/plugins\/seo\/ -->\n<title>TARCZA DO SZLIFOWANIA BETONU GARNKOWA TURBO 125 mm - BOBIMARKET.pl - Remontuj i urz\u0105dzaj z nami<\/title>\n<meta name=\"robots\" content=\"index, follow, max-snippet:-1, max-image-preview:large, max-video-preview:-1\" \/>\n<link rel=\"canonical\" href=\"https:\/\/bobimarket.pl\/index.php\/produkt\/tarcza-do-szlifowania-betonu-garnkowa-turbo-125-mm\/\" \/>\n<meta property=\"og:locale\" content=\"pl_PL\" \/>\n<meta property=\"og:type\" content=\"article\" \/>\n<meta property=\"og:title\" content=\"TARCZA DO SZLIFOWANIA BETONU GARNKOWA TURBO 125 mm - BOBIMARKET.pl - Remontuj i urz\u0105dzaj z nami\" \/>\n<meta property=\"og:description\" content=\"TARCZA DO SZLIFOWANIA BETONU GARNKOWA TURBO 125 mm Dane techniczne:\u00a0 \u015arednica tarczy: 125 mm \u015arednica otworu: 22,23 mm\u00a0 Produkt wykonany w ca\u0142o\u015bci w Polsce! Tarcza diamentowa do szlifowania betonu &#8211; garnkowa. Tarcza przeznaczona do szlifowania powierchni betonu ( przy u\u017cyciu szlifierki k\u0105towej). Wysoka jako\u015b\u0107 i wytrzyma\u0142o\u015b\u0107 Niskie zu\u017cycie tarczy zapewnione dzi\u0119ki obr\u00f3bce cieplnej i specjalnemu     Czytaj wi\u0119cej &quot;TARCZA DO SZLIFOWANIA BETONU GARNKOWA TURBO 125 mm&quot;\" \/>\n<meta property=\"og:url\" content=\"https:\/\/bobimarket.pl\/index.php\/produkt\/tarcza-do-szlifowania-betonu-garnkowa-turbo-125-mm\/\" \/>\n<meta property=\"og:site_name\" content=\"BOBIMARKET.pl - Remontuj i urz\u0105dzaj z nami\" \/>\n<meta property=\"article:modified_time\" content=\"2025-02-27T14:24:30+00:00\" \/>\n<meta property=\"og:image\" content=\"https:\/\/upload.cdn.baselinker.com\/products\/14476\/a58c7daf5a31cf3960c5ed1e72c15542.jpg\" \/>\n<meta name=\"twitter:card\" content=\"summary_large_image\" \/>\n<script type=\"application\/ld+json\" class=\"yoast-schema-graph\">{\"@context\":\"https:\/\/schema.org\",\"@graph\":[{\"@type\":\"WebPage\",\"@id\":\"https:\/\/bobimarket.pl\/index.php\/produkt\/tarcza-do-szlifowania-betonu-garnkowa-turbo-125-mm\/\",\"url\":\"https:\/\/bobimarket.pl\/index.php\/produkt\/tarcza-do-szlifowania-betonu-garnkowa-turbo-125-mm\/\",\"name\":\"TARCZA DO SZLIFOWANIA BETONU GARNKOWA TURBO 125 mm - BOBIMARKET.pl - Remontuj i urz\u0105dzaj z nami\",\"isPartOf\":{\"@id\":\"https:\/\/bobimarket.pl\/#website\"},\"datePublished\":\"2023-08-29T21:17:09+00:00\",\"dateModified\":\"2025-02-27T14:24:30+00:00\",\"breadcrumb\":{\"@id\":\"https:\/\/bobimarket.pl\/index.php\/produkt\/tarcza-do-szlifowania-betonu-garnkowa-turbo-125-mm\/#breadcrumb\"},\"inLanguage\":\"pl-PL\",\"potentialAction\":[{\"@type\":\"ReadAction\",\"target\":[\"https:\/\/bobimarket.pl\/index.php\/produkt\/tarcza-do-szlifowania-betonu-garnkowa-turbo-125-mm\/\"]}]},{\"@type\":\"BreadcrumbList\",\"@id\":\"https:\/\/bobimarket.pl\/index.php\/produkt\/tarcza-do-szlifowania-betonu-garnkowa-turbo-125-mm\/#breadcrumb\",\"itemListElement\":[{\"@type\":\"ListItem\",\"position\":1,\"name\":\"Strona g\u0142\u00f3wna\",\"item\":\"https:\/\/bobimarket.pl\/\"},{\"@type\":\"ListItem\",\"position\":2,\"name\":\"Sklep\",\"item\":\"https:\/\/bobimarket.pl\/index.php\/shop\/\"},{\"@type\":\"ListItem\",\"position\":3,\"name\":\"TARCZA DO SZLIFOWANIA BETONU GARNKOWA TURBO 125 mm\"}]},{\"@type\":\"WebSite\",\"@id\":\"https:\/\/bobimarket.pl\/#website\",\"url\":\"https:\/\/bobimarket.pl\/\",\"name\":\"BOBIMARKET.pl - Remontuj i urz\u0105dzaj z nami\",\"description\":\"Remontuj i urz\u0105dzaj z nami\",\"publisher\":{\"@id\":\"https:\/\/bobimarket.pl\/#organization\"},\"potentialAction\":[{\"@type\":\"SearchAction\",\"target\":{\"@type\":\"EntryPoint\",\"urlTemplate\":\"https:\/\/bobimarket.pl\/?s={search_term_string}\"},\"query-input\":\"required name=search_term_string\"}],\"inLanguage\":\"pl-PL\"},{\"@type\":\"Organization\",\"@id\":\"https:\/\/bobimarket.pl\/#organization\",\"name\":\"BOBIMARKET.pl\",\"url\":\"https:\/\/bobimarket.pl\/\",\"logo\":{\"@type\":\"ImageObject\",\"inLanguage\":\"pl-PL\",\"@id\":\"https:\/\/bobimarket.pl\/#\/schema\/logo\/image\/\",\"url\":\"https:\/\/bobimarket.pl\/wp-content\/uploads\/2021\/11\/slogan.png\",\"contentUrl\":\"https:\/\/bobimarket.pl\/wp-content\/uploads\/2021\/11\/slogan.png\",\"width\":2000,\"height\":384,\"caption\":\"BOBIMARKET.pl\"},\"image\":{\"@id\":\"https:\/\/bobimarket.pl\/#\/schema\/logo\/image\/\"}}]}<\/script>\n<!-- \/ Yoast SEO plugin. -->","yoast_head_json":{"title":"TARCZA DO SZLIFOWANIA BETONU GARNKOWA TURBO 125 mm - BOBIMARKET.pl - Remontuj i urz\u0105dzaj z nami","robots":{"index":"index","follow":"follow","max-snippet":"max-snippet:-1","max-image-preview":"max-image-preview:large","max-video-preview":"max-video-preview:-1"},"canonical":"https:\/\/bobimarket.pl\/index.php\/produkt\/tarcza-do-szlifowania-betonu-garnkowa-turbo-125-mm\/","og_locale":"pl_PL","og_type":"article","og_title":"TARCZA DO SZLIFOWANIA BETONU GARNKOWA TURBO 125 mm - BOBIMARKET.pl - Remontuj i urz\u0105dzaj z nami","og_description":"TARCZA DO SZLIFOWANIA BETONU GARNKOWA TURBO 125 mm Dane techniczne:\u00a0 \u015arednica tarczy: 125 mm \u015arednica otworu: 22,23 mm\u00a0 Produkt wykonany w ca\u0142o\u015bci w Polsce! Tarcza diamentowa do szlifowania betonu &#8211; garnkowa. Tarcza przeznaczona do szlifowania powierchni betonu ( przy u\u017cyciu szlifierki k\u0105towej). Wysoka jako\u015b\u0107 i wytrzyma\u0142o\u015b\u0107 Niskie zu\u017cycie tarczy zapewnione dzi\u0119ki obr\u00f3bce cieplnej i specjalnemu     Czytaj wi\u0119cej \"TARCZA DO SZLIFOWANIA BETONU GARNKOWA TURBO 125 mm\"","og_url":"https:\/\/bobimarket.pl\/index.php\/produkt\/tarcza-do-szlifowania-betonu-garnkowa-turbo-125-mm\/","og_site_name":"BOBIMARKET.pl - Remontuj i urz\u0105dzaj z nami","article_modified_time":"2025-02-27T14:24:30+00:00","og_image":[{"url":"https:\/\/upload.cdn.baselinker.com\/products\/14476\/a58c7daf5a31cf3960c5ed1e72c15542.jpg"}],"twitter_card":"summary_large_image","schema":{"@context":"https:\/\/schema.org","@graph":[{"@type":"WebPage","@id":"https:\/\/bobimarket.pl\/index.php\/produkt\/tarcza-do-szlifowania-betonu-garnkowa-turbo-125-mm\/","url":"https:\/\/bobimarket.pl\/index.php\/produkt\/tarcza-do-szlifowania-betonu-garnkowa-turbo-125-mm\/","name":"TARCZA DO SZLIFOWANIA BETONU GARNKOWA TURBO 125 mm - BOBIMARKET.pl - Remontuj i urz\u0105dzaj z nami","isPartOf":{"@id":"https:\/\/bobimarket.pl\/#website"},"datePublished":"2023-08-29T21:17:09+00:00","dateModified":"2025-02-27T14:24:30+00:00","breadcrumb":{"@id":"https:\/\/bobimarket.pl\/index.php\/produkt\/tarcza-do-szlifowania-betonu-garnkowa-turbo-125-mm\/#breadcrumb"},"inLanguage":"pl-PL","potentialAction":[{"@type":"ReadAction","target":["https:\/\/bobimarket.pl\/index.php\/produkt\/tarcza-do-szlifowania-betonu-garnkowa-turbo-125-mm\/"]}]},{"@type":"BreadcrumbList","@id":"https:\/\/bobimarket.pl\/index.php\/produkt\/tarcza-do-szlifowania-betonu-garnkowa-turbo-125-mm\/#breadcrumb","itemListElement":[{"@type":"ListItem","position":1,"name":"Strona g\u0142\u00f3wna","item":"https:\/\/bobimarket.pl\/"},{"@type":"ListItem","position":2,"name":"Sklep","item":"https:\/\/bobimarket.pl\/index.php\/shop\/"},{"@type":"ListItem","position":3,"name":"TARCZA DO SZLIFOWANIA BETONU GARNKOWA TURBO 125 mm"}]},{"@type":"WebSite","@id":"https:\/\/bobimarket.pl\/#website","url":"https:\/\/bobimarket.pl\/","name":"BOBIMARKET.pl - Remontuj i urz\u0105dzaj z nami","description":"Remontuj i urz\u0105dzaj z nami","publisher":{"@id":"https:\/\/bobimarket.pl\/#organization"},"potentialAction":[{"@type":"SearchAction","target":{"@type":"EntryPoint","urlTemplate":"https:\/\/bobimarket.pl\/?s={search_term_string}"},"query-input":"required name=search_term_string"}],"inLanguage":"pl-PL"},{"@type":"Organization","@id":"https:\/\/bobimarket.pl\/#organization","name":"BOBIMARKET.pl","url":"https:\/\/bobimarket.pl\/","logo":{"@type":"ImageObject","inLanguage":"pl-PL","@id":"https:\/\/bobimarket.pl\/#\/schema\/logo\/image\/","url":"https:\/\/bobimarket.pl\/wp-content\/uploads\/2021\/11\/slogan.png","contentUrl":"https:\/\/bobimarket.pl\/wp-content\/uploads\/2021\/11\/slogan.png","width":2000,"height":384,"caption":"BOBIMARKET.pl"},"image":{"@id":"https:\/\/bobimarket.pl\/#\/schema\/logo\/image\/"}}]}},"_links":{"self":[{"href":"https:\/\/bobimarket.pl\/index.php\/wp-json\/wp\/v2\/product\/84741"}],"collection":[{"href":"https:\/\/bobimarket.pl\/index.php\/wp-json\/wp\/v2\/product"}],"about":[{"href":"https:\/\/bobimarket.pl\/index.php\/wp-json\/wp\/v2\/types\/product"}],"wp:featuredmedia":[{"embeddable":true,"href":"https:\/\/bobimarket.pl\/index.php\/wp-json\/wp\/v2\/media\/84735"}],"wp:attachment":[{"href":"https:\/\/bobimarket.pl\/index.php\/wp-json\/wp\/v2\/media?parent=84741"}],"wp:term":[{"taxonomy":"product_cat","embeddable":true,"href":"https:\/\/bobimarket.pl\/index.php\/wp-json\/wp\/v2\/product_cat?post=84741"},{"taxonomy":"product_tag","embeddable":true,"href":"https:\/\/bobimarket.pl\/index.php\/wp-json\/wp\/v2\/product_tag?post=84741"}],"curies":[{"name":"wp","href":"https:\/\/api.w.org\/{rel}","templated":true}]}}