{"id":84786,"date":"2023-08-29T21:21:15","date_gmt":"2023-08-29T21:21:15","guid":{"rendered":"https:\/\/bobimarket.pl\/index.php\/produkt\/mlotek-murarski-waski-profi-renski-mlot\/"},"modified":"2025-02-27T14:25:10","modified_gmt":"2025-02-27T14:25:10","slug":"mlotek-murarski-waski-profi-renski-mlot","status":"publish","type":"product","link":"https:\/\/bobimarket.pl\/index.php\/produkt\/mlotek-murarski-waski-profi-renski-mlot\/","title":{"rendered":"M\u0141OTEK MURARSKI W\u0104SKI PROFI RE\u0143SKI M\u0141OT"},"content":{"rendered":"<section class=\"section\">\n<div class=\"item item-12\">\n<section class=\"text-item\">\n<h2>M\u0141OTEK MURARSKI W\u0104SKI PROFI RE\u0143SKI M\u0141OT<\/h2>\n<h2>Dane techniczne:<\/h2>\n<ul>\n<li>Typ m\u0142otka: re\u0144ski (w\u0105ski)<\/li>\n<li>Trzonek: w\u0142\u00f3kno szklane<\/li>\n<li>Antypo\u015blizgowa r\u0119koje\u015b\u0107 z tworzywa<\/li>\n<li>D\u0142ugo\u015b\u0107: 31 cm\u00a0<\/li>\n<\/ul>\n<\/section><\/div>\n<\/section>\n<section class=\"section\">\n<div class=\"item item-12\">\n<section class=\"image-item\">\n            <img decoding=\"async\" src=\"https:\/\/upload.cdn.baselinker.com\/products\/14476\/b56ba1d3ec1e0e3523355efb5a0c463c.jpg\" \/><br \/>\n        <\/section>\n<\/p><\/div>\n<\/section>\n<section class=\"section\">\n<div class=\"item item-12\">\n<section class=\"text-item\">\n<p><b>M\u0142otek murarski PROFI &#8211; typ re\u0144ski (w\u0105ski).<\/b><\/p>\n<p>Wykonany z wysokiej jako\u015bci materia\u0142\u00f3w. <b>Trzonek z w\u0142\u00f3kna szklanego<\/b> oraz <b>antypo\u015blizgowa r\u0105czka<\/b> zapewniaj\u0105 komfort i bezpiecze\u0144stwo pracy.<\/p>\n<p><b>\u2705 M\u0142otek posiada wiele zalet:<\/b><\/p>\n<ul>\n<li>Wysoka odporno\u015b\u0107 na uszkodzenia i warunki atmosferyczne<\/li>\n<li>M\u0142otek murarski pewnie le\u017cy w d\u0142oni<\/li>\n<li>T\u0142umienie drga\u0144<\/li>\n<\/ul>\n<\/section><\/div>\n<\/section>\n<section class=\"section\">\n<div class=\"item item-12\">\n<section class=\"image-item\">\n            <img decoding=\"async\" src=\"https:\/\/upload.cdn.baselinker.com\/products\/14476\/76e5cc6809ae5c7846a2020a97ecf30f.jpg\" \/><br \/>\n        <\/section>\n<\/p><\/div>\n<\/section>\n<section class=\"section\">\n<div class=\"item item-12\">\n<section class=\"text-item\">\n<p>\u2705 <b>ZASTOSOWANIE<\/b>:<\/p>\n<p>M\u0142otek murarski jest idealny do wszelkich prac remontowych i budowlanych.<\/p>\n<ul>\n<li><b>Szerszy koniec<\/b> obucha s\u0142u\u017cy np. do wbijania gwo\u017adzi.<\/li>\n<li>Natomiast<b> ostro zako\u0144czona cz\u0119\u015b\u0107<\/b> idealnie nada si\u0119 do kruszenia pustak\u00f3w, zbijania tynk\u00f3w lub skuwania.<\/li>\n<\/ul>\n<\/section><\/div>\n<\/section>\n<section class=\"section\">\n<div class=\"item item-12\">\n<section class=\"image-item\">\n            <img decoding=\"async\" src=\"https:\/\/upload.cdn.baselinker.com\/products\/14476\/bec2784f32d0fc5b367900f8ce44079a.jpg\" \/><br \/>\n        <\/section>\n<\/p><\/div>\n<\/section>\n<section class=\"section\">\n<div class=\"item item-12\">\n<section class=\"image-item\">\n            <img decoding=\"async\" src=\"https:\/\/upload.cdn.baselinker.com\/products\/14476\/0e52281acaf7c7bc343bb3f15915cfa1.jpg\" \/><br \/>\n        <\/section>\n<\/p><\/div>\n<\/section>\n","protected":false},"excerpt":{"rendered":"<p>M\u0141OTEK MURARSKI W\u0104SKI PROFI RE\u0143SKI M\u0141OT Dane techniczne: Typ m\u0142otka: re\u0144ski (w\u0105ski) Trzonek: w\u0142\u00f3kno szklane Antypo\u015blizgowa r\u0119koje\u015b\u0107 z tworzywa D\u0142ugo\u015b\u0107: 31 cm\u00a0 M\u0142otek murarski PROFI &#8211; typ re\u0144ski (w\u0105ski). Wykonany z wysokiej jako\u015bci materia\u0142\u00f3w. Trzonek z w\u0142\u00f3kna szklanego oraz antypo\u015blizgowa r\u0105czka zapewniaj\u0105 komfort i bezpiecze\u0144stwo pracy. \u2705 M\u0142otek posiada wiele zalet: Wysoka odporno\u015b\u0107 na uszkodzenia<br \/><a class=\"more-link\" href=\"https:\/\/bobimarket.pl\/index.php\/produkt\/mlotek-murarski-waski-profi-renski-mlot\/\"><br \/>\n        Czytaj wi\u0119cej<span class=\"screen-reader-text\"> &#8222;M\u0141OTEK MURARSKI W\u0104SKI PROFI RE\u0143SKI M\u0141OT&#8221;<\/span><\/a><\/p>\n","protected":false},"featured_media":84781,"template":"","meta":[],"product_cat":[8197],"product_tag":[],"yoast_head":"<!-- This site is optimized with the Yoast SEO plugin v21.0 - https:\/\/yoast.com\/wordpress\/plugins\/seo\/ -->\n<title>M\u0141OTEK MURARSKI W\u0104SKI PROFI RE\u0143SKI M\u0141OT - BOBIMARKET.pl - Remontuj i urz\u0105dzaj z nami<\/title>\n<meta name=\"robots\" content=\"index, follow, max-snippet:-1, max-image-preview:large, max-video-preview:-1\" \/>\n<link rel=\"canonical\" href=\"https:\/\/bobimarket.pl\/index.php\/produkt\/mlotek-murarski-waski-profi-renski-mlot\/\" \/>\n<meta property=\"og:locale\" content=\"pl_PL\" \/>\n<meta property=\"og:type\" content=\"article\" \/>\n<meta property=\"og:title\" content=\"M\u0141OTEK MURARSKI W\u0104SKI PROFI RE\u0143SKI M\u0141OT - BOBIMARKET.pl - Remontuj i urz\u0105dzaj z nami\" \/>\n<meta property=\"og:description\" content=\"M\u0141OTEK MURARSKI W\u0104SKI PROFI RE\u0143SKI M\u0141OT Dane techniczne: Typ m\u0142otka: re\u0144ski (w\u0105ski) Trzonek: w\u0142\u00f3kno szklane Antypo\u015blizgowa r\u0119koje\u015b\u0107 z tworzywa D\u0142ugo\u015b\u0107: 31 cm\u00a0 M\u0142otek murarski PROFI &#8211; typ re\u0144ski (w\u0105ski). Wykonany z wysokiej jako\u015bci materia\u0142\u00f3w. Trzonek z w\u0142\u00f3kna szklanego oraz antypo\u015blizgowa r\u0105czka zapewniaj\u0105 komfort i bezpiecze\u0144stwo pracy. \u2705 M\u0142otek posiada wiele zalet: Wysoka odporno\u015b\u0107 na uszkodzenia     Czytaj wi\u0119cej &quot;M\u0141OTEK MURARSKI W\u0104SKI PROFI RE\u0143SKI M\u0141OT&quot;\" \/>\n<meta property=\"og:url\" content=\"https:\/\/bobimarket.pl\/index.php\/produkt\/mlotek-murarski-waski-profi-renski-mlot\/\" \/>\n<meta property=\"og:site_name\" content=\"BOBIMARKET.pl - Remontuj i urz\u0105dzaj z nami\" \/>\n<meta property=\"article:modified_time\" content=\"2025-02-27T14:25:10+00:00\" \/>\n<meta property=\"og:image\" content=\"https:\/\/upload.cdn.baselinker.com\/products\/14476\/b56ba1d3ec1e0e3523355efb5a0c463c.jpg\" \/>\n<meta name=\"twitter:card\" content=\"summary_large_image\" \/>\n<meta name=\"twitter:label1\" content=\"Szacowany czas czytania\" \/>\n\t<meta name=\"twitter:data1\" content=\"1 minuta\" \/>\n<script type=\"application\/ld+json\" class=\"yoast-schema-graph\">{\"@context\":\"https:\/\/schema.org\",\"@graph\":[{\"@type\":\"WebPage\",\"@id\":\"https:\/\/bobimarket.pl\/index.php\/produkt\/mlotek-murarski-waski-profi-renski-mlot\/\",\"url\":\"https:\/\/bobimarket.pl\/index.php\/produkt\/mlotek-murarski-waski-profi-renski-mlot\/\",\"name\":\"M\u0141OTEK MURARSKI W\u0104SKI PROFI RE\u0143SKI M\u0141OT - BOBIMARKET.pl - Remontuj i urz\u0105dzaj z nami\",\"isPartOf\":{\"@id\":\"https:\/\/bobimarket.pl\/#website\"},\"datePublished\":\"2023-08-29T21:21:15+00:00\",\"dateModified\":\"2025-02-27T14:25:10+00:00\",\"breadcrumb\":{\"@id\":\"https:\/\/bobimarket.pl\/index.php\/produkt\/mlotek-murarski-waski-profi-renski-mlot\/#breadcrumb\"},\"inLanguage\":\"pl-PL\",\"potentialAction\":[{\"@type\":\"ReadAction\",\"target\":[\"https:\/\/bobimarket.pl\/index.php\/produkt\/mlotek-murarski-waski-profi-renski-mlot\/\"]}]},{\"@type\":\"BreadcrumbList\",\"@id\":\"https:\/\/bobimarket.pl\/index.php\/produkt\/mlotek-murarski-waski-profi-renski-mlot\/#breadcrumb\",\"itemListElement\":[{\"@type\":\"ListItem\",\"position\":1,\"name\":\"Strona g\u0142\u00f3wna\",\"item\":\"https:\/\/bobimarket.pl\/\"},{\"@type\":\"ListItem\",\"position\":2,\"name\":\"Sklep\",\"item\":\"https:\/\/bobimarket.pl\/index.php\/shop\/\"},{\"@type\":\"ListItem\",\"position\":3,\"name\":\"M\u0141OTEK MURARSKI W\u0104SKI PROFI RE\u0143SKI M\u0141OT\"}]},{\"@type\":\"WebSite\",\"@id\":\"https:\/\/bobimarket.pl\/#website\",\"url\":\"https:\/\/bobimarket.pl\/\",\"name\":\"BOBIMARKET.pl - Remontuj i urz\u0105dzaj z nami\",\"description\":\"Remontuj i urz\u0105dzaj z nami\",\"publisher\":{\"@id\":\"https:\/\/bobimarket.pl\/#organization\"},\"potentialAction\":[{\"@type\":\"SearchAction\",\"target\":{\"@type\":\"EntryPoint\",\"urlTemplate\":\"https:\/\/bobimarket.pl\/?s={search_term_string}\"},\"query-input\":\"required name=search_term_string\"}],\"inLanguage\":\"pl-PL\"},{\"@type\":\"Organization\",\"@id\":\"https:\/\/bobimarket.pl\/#organization\",\"name\":\"BOBIMARKET.pl\",\"url\":\"https:\/\/bobimarket.pl\/\",\"logo\":{\"@type\":\"ImageObject\",\"inLanguage\":\"pl-PL\",\"@id\":\"https:\/\/bobimarket.pl\/#\/schema\/logo\/image\/\",\"url\":\"https:\/\/bobimarket.pl\/wp-content\/uploads\/2021\/11\/slogan.png\",\"contentUrl\":\"https:\/\/bobimarket.pl\/wp-content\/uploads\/2021\/11\/slogan.png\",\"width\":2000,\"height\":384,\"caption\":\"BOBIMARKET.pl\"},\"image\":{\"@id\":\"https:\/\/bobimarket.pl\/#\/schema\/logo\/image\/\"}}]}<\/script>\n<!-- \/ Yoast SEO plugin. -->","yoast_head_json":{"title":"M\u0141OTEK MURARSKI W\u0104SKI PROFI RE\u0143SKI M\u0141OT - BOBIMARKET.pl - Remontuj i urz\u0105dzaj z nami","robots":{"index":"index","follow":"follow","max-snippet":"max-snippet:-1","max-image-preview":"max-image-preview:large","max-video-preview":"max-video-preview:-1"},"canonical":"https:\/\/bobimarket.pl\/index.php\/produkt\/mlotek-murarski-waski-profi-renski-mlot\/","og_locale":"pl_PL","og_type":"article","og_title":"M\u0141OTEK MURARSKI W\u0104SKI PROFI RE\u0143SKI M\u0141OT - BOBIMARKET.pl - Remontuj i urz\u0105dzaj z nami","og_description":"M\u0141OTEK MURARSKI W\u0104SKI PROFI RE\u0143SKI M\u0141OT Dane techniczne: Typ m\u0142otka: re\u0144ski (w\u0105ski) Trzonek: w\u0142\u00f3kno szklane Antypo\u015blizgowa r\u0119koje\u015b\u0107 z tworzywa D\u0142ugo\u015b\u0107: 31 cm\u00a0 M\u0142otek murarski PROFI &#8211; typ re\u0144ski (w\u0105ski). Wykonany z wysokiej jako\u015bci materia\u0142\u00f3w. Trzonek z w\u0142\u00f3kna szklanego oraz antypo\u015blizgowa r\u0105czka zapewniaj\u0105 komfort i bezpiecze\u0144stwo pracy. \u2705 M\u0142otek posiada wiele zalet: Wysoka odporno\u015b\u0107 na uszkodzenia     Czytaj wi\u0119cej \"M\u0141OTEK MURARSKI W\u0104SKI PROFI RE\u0143SKI M\u0141OT\"","og_url":"https:\/\/bobimarket.pl\/index.php\/produkt\/mlotek-murarski-waski-profi-renski-mlot\/","og_site_name":"BOBIMARKET.pl - Remontuj i urz\u0105dzaj z nami","article_modified_time":"2025-02-27T14:25:10+00:00","og_image":[{"url":"https:\/\/upload.cdn.baselinker.com\/products\/14476\/b56ba1d3ec1e0e3523355efb5a0c463c.jpg"}],"twitter_card":"summary_large_image","twitter_misc":{"Szacowany czas czytania":"1 minuta"},"schema":{"@context":"https:\/\/schema.org","@graph":[{"@type":"WebPage","@id":"https:\/\/bobimarket.pl\/index.php\/produkt\/mlotek-murarski-waski-profi-renski-mlot\/","url":"https:\/\/bobimarket.pl\/index.php\/produkt\/mlotek-murarski-waski-profi-renski-mlot\/","name":"M\u0141OTEK MURARSKI W\u0104SKI PROFI RE\u0143SKI M\u0141OT - BOBIMARKET.pl - Remontuj i urz\u0105dzaj z nami","isPartOf":{"@id":"https:\/\/bobimarket.pl\/#website"},"datePublished":"2023-08-29T21:21:15+00:00","dateModified":"2025-02-27T14:25:10+00:00","breadcrumb":{"@id":"https:\/\/bobimarket.pl\/index.php\/produkt\/mlotek-murarski-waski-profi-renski-mlot\/#breadcrumb"},"inLanguage":"pl-PL","potentialAction":[{"@type":"ReadAction","target":["https:\/\/bobimarket.pl\/index.php\/produkt\/mlotek-murarski-waski-profi-renski-mlot\/"]}]},{"@type":"BreadcrumbList","@id":"https:\/\/bobimarket.pl\/index.php\/produkt\/mlotek-murarski-waski-profi-renski-mlot\/#breadcrumb","itemListElement":[{"@type":"ListItem","position":1,"name":"Strona g\u0142\u00f3wna","item":"https:\/\/bobimarket.pl\/"},{"@type":"ListItem","position":2,"name":"Sklep","item":"https:\/\/bobimarket.pl\/index.php\/shop\/"},{"@type":"ListItem","position":3,"name":"M\u0141OTEK MURARSKI W\u0104SKI PROFI RE\u0143SKI M\u0141OT"}]},{"@type":"WebSite","@id":"https:\/\/bobimarket.pl\/#website","url":"https:\/\/bobimarket.pl\/","name":"BOBIMARKET.pl - Remontuj i urz\u0105dzaj z nami","description":"Remontuj i urz\u0105dzaj z nami","publisher":{"@id":"https:\/\/bobimarket.pl\/#organization"},"potentialAction":[{"@type":"SearchAction","target":{"@type":"EntryPoint","urlTemplate":"https:\/\/bobimarket.pl\/?s={search_term_string}"},"query-input":"required name=search_term_string"}],"inLanguage":"pl-PL"},{"@type":"Organization","@id":"https:\/\/bobimarket.pl\/#organization","name":"BOBIMARKET.pl","url":"https:\/\/bobimarket.pl\/","logo":{"@type":"ImageObject","inLanguage":"pl-PL","@id":"https:\/\/bobimarket.pl\/#\/schema\/logo\/image\/","url":"https:\/\/bobimarket.pl\/wp-content\/uploads\/2021\/11\/slogan.png","contentUrl":"https:\/\/bobimarket.pl\/wp-content\/uploads\/2021\/11\/slogan.png","width":2000,"height":384,"caption":"BOBIMARKET.pl"},"image":{"@id":"https:\/\/bobimarket.pl\/#\/schema\/logo\/image\/"}}]}},"_links":{"self":[{"href":"https:\/\/bobimarket.pl\/index.php\/wp-json\/wp\/v2\/product\/84786"}],"collection":[{"href":"https:\/\/bobimarket.pl\/index.php\/wp-json\/wp\/v2\/product"}],"about":[{"href":"https:\/\/bobimarket.pl\/index.php\/wp-json\/wp\/v2\/types\/product"}],"wp:featuredmedia":[{"embeddable":true,"href":"https:\/\/bobimarket.pl\/index.php\/wp-json\/wp\/v2\/media\/84781"}],"wp:attachment":[{"href":"https:\/\/bobimarket.pl\/index.php\/wp-json\/wp\/v2\/media?parent=84786"}],"wp:term":[{"taxonomy":"product_cat","embeddable":true,"href":"https:\/\/bobimarket.pl\/index.php\/wp-json\/wp\/v2\/product_cat?post=84786"},{"taxonomy":"product_tag","embeddable":true,"href":"https:\/\/bobimarket.pl\/index.php\/wp-json\/wp\/v2\/product_tag?post=84786"}],"curies":[{"name":"wp","href":"https:\/\/api.w.org\/{rel}","templated":true}]}}