{"id":84797,"date":"2023-08-29T21:22:32","date_gmt":"2023-08-29T21:22:32","guid":{"rendered":"https:\/\/bobimarket.pl\/index.php\/produkt\/kostka-klocek-gabka-scierna-gabki-gr-100\/"},"modified":"2025-02-27T14:25:23","modified_gmt":"2025-02-27T14:25:23","slug":"kostka-klocek-gabka-scierna-gabki-gr-100","status":"publish","type":"product","link":"https:\/\/bobimarket.pl\/index.php\/produkt\/kostka-klocek-gabka-scierna-gabki-gr-100\/","title":{"rendered":"KOSTKA KLOCEK G\u0104BKA \u015aCIERNA G\u0104BKI GR 100"},"content":{"rendered":"<section class=\"section\">\n<div class=\"item item-6\">\n<section class=\"image-item\">\n            <img decoding=\"async\" src=\"https:\/\/upload.cdn.baselinker.com\/products\/14476\/e357118b7869321c04e681ce9df28081.jpg\" \/><br \/>\n        <\/section>\n<\/p><\/div>\n<div class=\"item item-6\">\n<section class=\"text-item\">\n<h2>G\u0104BKA \u015aCIERNA KOSTKA G\u0104BKI KLOCEK \u015aCIERNY GR 100<\/h2>\n<p><b>Dane techniczne:<\/b><\/p>\n<ul>\n<li>Szeroko\u015b\u0107:<b> 100 mm<\/b><\/li>\n<li>D\u0142ugo\u015b\u0107:<b> 125 mm<\/b><\/li>\n<li>Grubo\u015b\u0107:<b> 12 mm<\/b><\/li>\n<li>Granulacja:<b> 100<\/b><\/li>\n<\/ul>\n<h2>Podana cena dotyczy 1szt!!!<\/h2>\n<\/section><\/div>\n<\/section>\n<section class=\"section\">\n<div class=\"item item-6\">\n<section class=\"image-item\">\n            <img decoding=\"async\" src=\"https:\/\/upload.cdn.baselinker.com\/products\/14476\/32db33e319c693ce94ac8322688934af.jpg\" \/><br \/>\n        <\/section>\n<\/p><\/div>\n<div class=\"item item-6\">\n<section class=\"text-item\">\n<p>\u2705 <b>Zastosowanie:<\/b><\/p>\n<p>Najwy\u017cszej jako\u015bci g\u0105bka \u015bcierna. Posiada nasyp na dw\u00f3ch bokach.<\/p>\n<p>Idealna do szlifowania r\u0119cznego <b>czy\u015bci, poleruje i matuje<\/b> r\u00f3\u017cnorodne materia\u0142y:<\/p>\n<ul>\n<li>metal,<\/li>\n<li>drewno,<\/li>\n<li>farby,<\/li>\n<li>tworzywa sztuczne,<\/li>\n<li>guma,<\/li>\n<li>papier.<\/li>\n<\/ul>\n<p>Opr\u00f3cz zastosowania przemys\u0142owego nadaje si\u0119 do prac w gospodarstwie domowym oraz przy piel\u0119gnacji samochodu.<\/p>\n<p><b>Skuteczno\u015b\u0107 g\u0105bki mo\u017cna wzmocni\u0107 poprzez dodanie wody.<\/b><\/p>\n<p><b>UWAGA!<\/b> W zale\u017cno\u015bci od dostawy, kostka wyst\u0119puje z logiem lub z samym numerem gradacji!!<\/p>\n<\/section><\/div>\n<\/section>\n<section class=\"section\">\n<div class=\"item item-12\">\n<section class=\"image-item\">\n            <img decoding=\"async\" src=\"https:\/\/upload.cdn.baselinker.com\/products\/14476\/cb677dbd0f27e4d48a09afb3aaff36aa.jpg\" \/><br \/>\n        <\/section>\n<\/p><\/div>\n<\/section>\n","protected":false},"excerpt":{"rendered":"<p>G\u0104BKA \u015aCIERNA KOSTKA G\u0104BKI KLOCEK \u015aCIERNY GR 100 Dane techniczne: Szeroko\u015b\u0107: 100 mm D\u0142ugo\u015b\u0107: 125 mm Grubo\u015b\u0107: 12 mm Granulacja: 100 Podana cena dotyczy 1szt!!! \u2705 Zastosowanie: Najwy\u017cszej jako\u015bci g\u0105bka \u015bcierna. Posiada nasyp na dw\u00f3ch bokach. Idealna do szlifowania r\u0119cznego czy\u015bci, poleruje i matuje r\u00f3\u017cnorodne materia\u0142y: metal, drewno, farby, tworzywa sztuczne, guma, papier. Opr\u00f3cz zastosowania<br \/><a class=\"more-link\" href=\"https:\/\/bobimarket.pl\/index.php\/produkt\/kostka-klocek-gabka-scierna-gabki-gr-100\/\"><br \/>\n        Czytaj wi\u0119cej<span class=\"screen-reader-text\"> &#8222;KOSTKA KLOCEK G\u0104BKA \u015aCIERNA G\u0104BKI GR 100&#8221;<\/span><\/a><\/p>\n","protected":false},"featured_media":84794,"template":"","meta":[],"product_cat":[8273],"product_tag":[],"yoast_head":"<!-- This site is optimized with the Yoast SEO plugin v21.0 - https:\/\/yoast.com\/wordpress\/plugins\/seo\/ -->\n<title>KOSTKA KLOCEK G\u0104BKA \u015aCIERNA G\u0104BKI GR 100 - BOBIMARKET.pl - Remontuj i urz\u0105dzaj z nami<\/title>\n<meta name=\"robots\" content=\"index, follow, max-snippet:-1, max-image-preview:large, max-video-preview:-1\" \/>\n<link rel=\"canonical\" href=\"https:\/\/bobimarket.pl\/index.php\/produkt\/kostka-klocek-gabka-scierna-gabki-gr-100\/\" \/>\n<meta property=\"og:locale\" content=\"pl_PL\" \/>\n<meta property=\"og:type\" content=\"article\" \/>\n<meta property=\"og:title\" content=\"KOSTKA KLOCEK G\u0104BKA \u015aCIERNA G\u0104BKI GR 100 - BOBIMARKET.pl - Remontuj i urz\u0105dzaj z nami\" \/>\n<meta property=\"og:description\" content=\"G\u0104BKA \u015aCIERNA KOSTKA G\u0104BKI KLOCEK \u015aCIERNY GR 100 Dane techniczne: Szeroko\u015b\u0107: 100 mm D\u0142ugo\u015b\u0107: 125 mm Grubo\u015b\u0107: 12 mm Granulacja: 100 Podana cena dotyczy 1szt!!! \u2705 Zastosowanie: Najwy\u017cszej jako\u015bci g\u0105bka \u015bcierna. Posiada nasyp na dw\u00f3ch bokach. Idealna do szlifowania r\u0119cznego czy\u015bci, poleruje i matuje r\u00f3\u017cnorodne materia\u0142y: metal, drewno, farby, tworzywa sztuczne, guma, papier. Opr\u00f3cz zastosowania     Czytaj wi\u0119cej &quot;KOSTKA KLOCEK G\u0104BKA \u015aCIERNA G\u0104BKI GR 100&quot;\" \/>\n<meta property=\"og:url\" content=\"https:\/\/bobimarket.pl\/index.php\/produkt\/kostka-klocek-gabka-scierna-gabki-gr-100\/\" \/>\n<meta property=\"og:site_name\" content=\"BOBIMARKET.pl - Remontuj i urz\u0105dzaj z nami\" \/>\n<meta property=\"article:modified_time\" content=\"2025-02-27T14:25:23+00:00\" \/>\n<meta property=\"og:image\" content=\"https:\/\/upload.cdn.baselinker.com\/products\/14476\/e357118b7869321c04e681ce9df28081.jpg\" \/>\n<meta name=\"twitter:card\" content=\"summary_large_image\" \/>\n<script type=\"application\/ld+json\" class=\"yoast-schema-graph\">{\"@context\":\"https:\/\/schema.org\",\"@graph\":[{\"@type\":\"WebPage\",\"@id\":\"https:\/\/bobimarket.pl\/index.php\/produkt\/kostka-klocek-gabka-scierna-gabki-gr-100\/\",\"url\":\"https:\/\/bobimarket.pl\/index.php\/produkt\/kostka-klocek-gabka-scierna-gabki-gr-100\/\",\"name\":\"KOSTKA KLOCEK G\u0104BKA \u015aCIERNA G\u0104BKI GR 100 - BOBIMARKET.pl - Remontuj i urz\u0105dzaj z nami\",\"isPartOf\":{\"@id\":\"https:\/\/bobimarket.pl\/#website\"},\"datePublished\":\"2023-08-29T21:22:32+00:00\",\"dateModified\":\"2025-02-27T14:25:23+00:00\",\"breadcrumb\":{\"@id\":\"https:\/\/bobimarket.pl\/index.php\/produkt\/kostka-klocek-gabka-scierna-gabki-gr-100\/#breadcrumb\"},\"inLanguage\":\"pl-PL\",\"potentialAction\":[{\"@type\":\"ReadAction\",\"target\":[\"https:\/\/bobimarket.pl\/index.php\/produkt\/kostka-klocek-gabka-scierna-gabki-gr-100\/\"]}]},{\"@type\":\"BreadcrumbList\",\"@id\":\"https:\/\/bobimarket.pl\/index.php\/produkt\/kostka-klocek-gabka-scierna-gabki-gr-100\/#breadcrumb\",\"itemListElement\":[{\"@type\":\"ListItem\",\"position\":1,\"name\":\"Strona g\u0142\u00f3wna\",\"item\":\"https:\/\/bobimarket.pl\/\"},{\"@type\":\"ListItem\",\"position\":2,\"name\":\"Sklep\",\"item\":\"https:\/\/bobimarket.pl\/index.php\/shop\/\"},{\"@type\":\"ListItem\",\"position\":3,\"name\":\"KOSTKA KLOCEK G\u0104BKA \u015aCIERNA G\u0104BKI GR 100\"}]},{\"@type\":\"WebSite\",\"@id\":\"https:\/\/bobimarket.pl\/#website\",\"url\":\"https:\/\/bobimarket.pl\/\",\"name\":\"BOBIMARKET.pl - Remontuj i urz\u0105dzaj z nami\",\"description\":\"Remontuj i urz\u0105dzaj z nami\",\"publisher\":{\"@id\":\"https:\/\/bobimarket.pl\/#organization\"},\"potentialAction\":[{\"@type\":\"SearchAction\",\"target\":{\"@type\":\"EntryPoint\",\"urlTemplate\":\"https:\/\/bobimarket.pl\/?s={search_term_string}\"},\"query-input\":\"required name=search_term_string\"}],\"inLanguage\":\"pl-PL\"},{\"@type\":\"Organization\",\"@id\":\"https:\/\/bobimarket.pl\/#organization\",\"name\":\"BOBIMARKET.pl\",\"url\":\"https:\/\/bobimarket.pl\/\",\"logo\":{\"@type\":\"ImageObject\",\"inLanguage\":\"pl-PL\",\"@id\":\"https:\/\/bobimarket.pl\/#\/schema\/logo\/image\/\",\"url\":\"https:\/\/bobimarket.pl\/wp-content\/uploads\/2021\/11\/slogan.png\",\"contentUrl\":\"https:\/\/bobimarket.pl\/wp-content\/uploads\/2021\/11\/slogan.png\",\"width\":2000,\"height\":384,\"caption\":\"BOBIMARKET.pl\"},\"image\":{\"@id\":\"https:\/\/bobimarket.pl\/#\/schema\/logo\/image\/\"}}]}<\/script>\n<!-- \/ Yoast SEO plugin. -->","yoast_head_json":{"title":"KOSTKA KLOCEK G\u0104BKA \u015aCIERNA G\u0104BKI GR 100 - BOBIMARKET.pl - Remontuj i urz\u0105dzaj z nami","robots":{"index":"index","follow":"follow","max-snippet":"max-snippet:-1","max-image-preview":"max-image-preview:large","max-video-preview":"max-video-preview:-1"},"canonical":"https:\/\/bobimarket.pl\/index.php\/produkt\/kostka-klocek-gabka-scierna-gabki-gr-100\/","og_locale":"pl_PL","og_type":"article","og_title":"KOSTKA KLOCEK G\u0104BKA \u015aCIERNA G\u0104BKI GR 100 - BOBIMARKET.pl - Remontuj i urz\u0105dzaj z nami","og_description":"G\u0104BKA \u015aCIERNA KOSTKA G\u0104BKI KLOCEK \u015aCIERNY GR 100 Dane techniczne: Szeroko\u015b\u0107: 100 mm D\u0142ugo\u015b\u0107: 125 mm Grubo\u015b\u0107: 12 mm Granulacja: 100 Podana cena dotyczy 1szt!!! \u2705 Zastosowanie: Najwy\u017cszej jako\u015bci g\u0105bka \u015bcierna. Posiada nasyp na dw\u00f3ch bokach. Idealna do szlifowania r\u0119cznego czy\u015bci, poleruje i matuje r\u00f3\u017cnorodne materia\u0142y: metal, drewno, farby, tworzywa sztuczne, guma, papier. Opr\u00f3cz zastosowania     Czytaj wi\u0119cej \"KOSTKA KLOCEK G\u0104BKA \u015aCIERNA G\u0104BKI GR 100\"","og_url":"https:\/\/bobimarket.pl\/index.php\/produkt\/kostka-klocek-gabka-scierna-gabki-gr-100\/","og_site_name":"BOBIMARKET.pl - Remontuj i urz\u0105dzaj z nami","article_modified_time":"2025-02-27T14:25:23+00:00","og_image":[{"url":"https:\/\/upload.cdn.baselinker.com\/products\/14476\/e357118b7869321c04e681ce9df28081.jpg"}],"twitter_card":"summary_large_image","schema":{"@context":"https:\/\/schema.org","@graph":[{"@type":"WebPage","@id":"https:\/\/bobimarket.pl\/index.php\/produkt\/kostka-klocek-gabka-scierna-gabki-gr-100\/","url":"https:\/\/bobimarket.pl\/index.php\/produkt\/kostka-klocek-gabka-scierna-gabki-gr-100\/","name":"KOSTKA KLOCEK G\u0104BKA \u015aCIERNA G\u0104BKI GR 100 - BOBIMARKET.pl - Remontuj i urz\u0105dzaj z nami","isPartOf":{"@id":"https:\/\/bobimarket.pl\/#website"},"datePublished":"2023-08-29T21:22:32+00:00","dateModified":"2025-02-27T14:25:23+00:00","breadcrumb":{"@id":"https:\/\/bobimarket.pl\/index.php\/produkt\/kostka-klocek-gabka-scierna-gabki-gr-100\/#breadcrumb"},"inLanguage":"pl-PL","potentialAction":[{"@type":"ReadAction","target":["https:\/\/bobimarket.pl\/index.php\/produkt\/kostka-klocek-gabka-scierna-gabki-gr-100\/"]}]},{"@type":"BreadcrumbList","@id":"https:\/\/bobimarket.pl\/index.php\/produkt\/kostka-klocek-gabka-scierna-gabki-gr-100\/#breadcrumb","itemListElement":[{"@type":"ListItem","position":1,"name":"Strona g\u0142\u00f3wna","item":"https:\/\/bobimarket.pl\/"},{"@type":"ListItem","position":2,"name":"Sklep","item":"https:\/\/bobimarket.pl\/index.php\/shop\/"},{"@type":"ListItem","position":3,"name":"KOSTKA KLOCEK G\u0104BKA \u015aCIERNA G\u0104BKI GR 100"}]},{"@type":"WebSite","@id":"https:\/\/bobimarket.pl\/#website","url":"https:\/\/bobimarket.pl\/","name":"BOBIMARKET.pl - Remontuj i urz\u0105dzaj z nami","description":"Remontuj i urz\u0105dzaj z nami","publisher":{"@id":"https:\/\/bobimarket.pl\/#organization"},"potentialAction":[{"@type":"SearchAction","target":{"@type":"EntryPoint","urlTemplate":"https:\/\/bobimarket.pl\/?s={search_term_string}"},"query-input":"required name=search_term_string"}],"inLanguage":"pl-PL"},{"@type":"Organization","@id":"https:\/\/bobimarket.pl\/#organization","name":"BOBIMARKET.pl","url":"https:\/\/bobimarket.pl\/","logo":{"@type":"ImageObject","inLanguage":"pl-PL","@id":"https:\/\/bobimarket.pl\/#\/schema\/logo\/image\/","url":"https:\/\/bobimarket.pl\/wp-content\/uploads\/2021\/11\/slogan.png","contentUrl":"https:\/\/bobimarket.pl\/wp-content\/uploads\/2021\/11\/slogan.png","width":2000,"height":384,"caption":"BOBIMARKET.pl"},"image":{"@id":"https:\/\/bobimarket.pl\/#\/schema\/logo\/image\/"}}]}},"_links":{"self":[{"href":"https:\/\/bobimarket.pl\/index.php\/wp-json\/wp\/v2\/product\/84797"}],"collection":[{"href":"https:\/\/bobimarket.pl\/index.php\/wp-json\/wp\/v2\/product"}],"about":[{"href":"https:\/\/bobimarket.pl\/index.php\/wp-json\/wp\/v2\/types\/product"}],"wp:featuredmedia":[{"embeddable":true,"href":"https:\/\/bobimarket.pl\/index.php\/wp-json\/wp\/v2\/media\/84794"}],"wp:attachment":[{"href":"https:\/\/bobimarket.pl\/index.php\/wp-json\/wp\/v2\/media?parent=84797"}],"wp:term":[{"taxonomy":"product_cat","embeddable":true,"href":"https:\/\/bobimarket.pl\/index.php\/wp-json\/wp\/v2\/product_cat?post=84797"},{"taxonomy":"product_tag","embeddable":true,"href":"https:\/\/bobimarket.pl\/index.php\/wp-json\/wp\/v2\/product_tag?post=84797"}],"curies":[{"name":"wp","href":"https:\/\/api.w.org\/{rel}","templated":true}]}}