{"id":84810,"date":"2023-08-29T21:23:45","date_gmt":"2023-08-29T21:23:45","guid":{"rendered":"https:\/\/bobimarket.pl\/index.php\/produkt\/kratka-malarska-do-walka-wiadra-27x37-cm\/"},"modified":"2025-02-27T14:25:35","modified_gmt":"2025-02-27T14:25:35","slug":"kratka-malarska-do-walka-wiadra-27x37-cm","status":"publish","type":"product","link":"https:\/\/bobimarket.pl\/index.php\/produkt\/kratka-malarska-do-walka-wiadra-27x37-cm\/","title":{"rendered":"KRATKA MALARSKA DO WA\u0141KA WIADRA 27&#215;37 cm"},"content":{"rendered":"<section class=\"section\">\n<div class=\"item item-12\">\n<section class=\"text-item\">\n<h2>KRATKA MALARSKA DO WA\u0141KA WIADRA 27&#215;37 cm<\/h2>\n<p><b>Dane techniczne:<\/b><\/p>\n<ul>\n<li>D\u0142ugo\u015b\u0107: <b>37 cm<\/b><\/li>\n<li>Szeroko\u015b\u0107: <b>27 cm<\/b><\/li>\n<li>Materia\u0142:<b> tworzywo<\/b><\/li>\n<\/ul>\n<p>Wykonana z wysokiej jako\u015bci tworzywa sztucznego kratka malarska. U\u0142atwia r\u00f3wnomierne rozprowadzenie farby na wa\u0142ku oraz usuwa jej\u00a0 nadmiar.<\/p>\n<p>\u2705 Kratka posiada zaczepy u\u0142atwiaj\u0105ce jej mocowanie do wiadra malarskiego.<\/p>\n<ul>\n<li>Zapobiega chlapaniu<\/li>\n<li>Zmniejsza zu\u017cycie farby<\/li>\n<li>Niezast\u0105pione narz\u0119dzie w trakcie wykonywania wszelkich prac malarskich.<\/li>\n<\/ul>\n<p><b>W zale\u017cno\u015bci od dostawy kolor kratki mo\u017ce si\u0119 r\u00f3\u017cni\u0107 od prezentowanego na zdj\u0119ciu.<\/b><\/p>\n<\/section><\/div>\n<\/section>\n<section class=\"section\">\n<div class=\"item item-12\">\n<section class=\"image-item\">\n            <img decoding=\"async\" src=\"https:\/\/upload.cdn.baselinker.com\/products\/14476\/de5587f87a49768929390dad061fbc12.jpg\" \/><br \/>\n        <\/section>\n<\/p><\/div>\n<\/section>\n<section class=\"section\">\n<div class=\"item item-6\">\n<section class=\"image-item\">\n            <img decoding=\"async\" src=\"https:\/\/upload.cdn.baselinker.com\/products\/14476\/780a43d1aefbbf13fe915dc6022f1a80.jpg\" \/><br \/>\n        <\/section>\n<\/p><\/div>\n<div class=\"item item-6\">\n<section class=\"image-item\">\n            <img decoding=\"async\" src=\"https:\/\/upload.cdn.baselinker.com\/products\/14476\/3fafd50dcb954d4c1502e29bafbeb7ce.jpg\" \/><br \/>\n        <\/section>\n<\/p><\/div>\n<\/section>\n","protected":false},"excerpt":{"rendered":"<p>KRATKA MALARSKA DO WA\u0141KA WIADRA 27&#215;37 cm Dane techniczne: D\u0142ugo\u015b\u0107: 37 cm Szeroko\u015b\u0107: 27 cm Materia\u0142: tworzywo Wykonana z wysokiej jako\u015bci tworzywa sztucznego kratka malarska. U\u0142atwia r\u00f3wnomierne rozprowadzenie farby na wa\u0142ku oraz usuwa jej\u00a0 nadmiar. \u2705 Kratka posiada zaczepy u\u0142atwiaj\u0105ce jej mocowanie do wiadra malarskiego. Zapobiega chlapaniu Zmniejsza zu\u017cycie farby Niezast\u0105pione narz\u0119dzie w trakcie wykonywania<br \/><a class=\"more-link\" href=\"https:\/\/bobimarket.pl\/index.php\/produkt\/kratka-malarska-do-walka-wiadra-27x37-cm\/\"><br \/>\n        Czytaj wi\u0119cej<span class=\"screen-reader-text\"> &#8222;KRATKA MALARSKA DO WA\u0141KA WIADRA 27&#215;37 cm&#8221;<\/span><\/a><\/p>\n","protected":false},"featured_media":84807,"template":"","meta":[],"product_cat":[8063],"product_tag":[],"yoast_head":"<!-- This site is optimized with the Yoast SEO plugin v21.0 - https:\/\/yoast.com\/wordpress\/plugins\/seo\/ -->\n<title>KRATKA MALARSKA DO WA\u0141KA WIADRA 27x37 cm - BOBIMARKET.pl - Remontuj i urz\u0105dzaj z nami<\/title>\n<meta name=\"robots\" content=\"index, follow, max-snippet:-1, max-image-preview:large, max-video-preview:-1\" \/>\n<link rel=\"canonical\" href=\"https:\/\/bobimarket.pl\/index.php\/produkt\/kratka-malarska-do-walka-wiadra-27x37-cm\/\" \/>\n<meta property=\"og:locale\" content=\"pl_PL\" \/>\n<meta property=\"og:type\" content=\"article\" \/>\n<meta property=\"og:title\" content=\"KRATKA MALARSKA DO WA\u0141KA WIADRA 27x37 cm - BOBIMARKET.pl - Remontuj i urz\u0105dzaj z nami\" \/>\n<meta property=\"og:description\" content=\"KRATKA MALARSKA DO WA\u0141KA WIADRA 27&#215;37 cm Dane techniczne: D\u0142ugo\u015b\u0107: 37 cm Szeroko\u015b\u0107: 27 cm Materia\u0142: tworzywo Wykonana z wysokiej jako\u015bci tworzywa sztucznego kratka malarska. U\u0142atwia r\u00f3wnomierne rozprowadzenie farby na wa\u0142ku oraz usuwa jej\u00a0 nadmiar. \u2705 Kratka posiada zaczepy u\u0142atwiaj\u0105ce jej mocowanie do wiadra malarskiego. Zapobiega chlapaniu Zmniejsza zu\u017cycie farby Niezast\u0105pione narz\u0119dzie w trakcie wykonywania     Czytaj wi\u0119cej &quot;KRATKA MALARSKA DO WA\u0141KA WIADRA 27&#215;37 cm&quot;\" \/>\n<meta property=\"og:url\" content=\"https:\/\/bobimarket.pl\/index.php\/produkt\/kratka-malarska-do-walka-wiadra-27x37-cm\/\" \/>\n<meta property=\"og:site_name\" content=\"BOBIMARKET.pl - Remontuj i urz\u0105dzaj z nami\" \/>\n<meta property=\"article:modified_time\" content=\"2025-02-27T14:25:35+00:00\" \/>\n<meta property=\"og:image\" content=\"https:\/\/upload.cdn.baselinker.com\/products\/14476\/de5587f87a49768929390dad061fbc12.jpg\" \/>\n<meta name=\"twitter:card\" content=\"summary_large_image\" \/>\n<script type=\"application\/ld+json\" class=\"yoast-schema-graph\">{\"@context\":\"https:\/\/schema.org\",\"@graph\":[{\"@type\":\"WebPage\",\"@id\":\"https:\/\/bobimarket.pl\/index.php\/produkt\/kratka-malarska-do-walka-wiadra-27x37-cm\/\",\"url\":\"https:\/\/bobimarket.pl\/index.php\/produkt\/kratka-malarska-do-walka-wiadra-27x37-cm\/\",\"name\":\"KRATKA MALARSKA DO WA\u0141KA WIADRA 27x37 cm - BOBIMARKET.pl - Remontuj i urz\u0105dzaj z nami\",\"isPartOf\":{\"@id\":\"https:\/\/bobimarket.pl\/#website\"},\"datePublished\":\"2023-08-29T21:23:45+00:00\",\"dateModified\":\"2025-02-27T14:25:35+00:00\",\"breadcrumb\":{\"@id\":\"https:\/\/bobimarket.pl\/index.php\/produkt\/kratka-malarska-do-walka-wiadra-27x37-cm\/#breadcrumb\"},\"inLanguage\":\"pl-PL\",\"potentialAction\":[{\"@type\":\"ReadAction\",\"target\":[\"https:\/\/bobimarket.pl\/index.php\/produkt\/kratka-malarska-do-walka-wiadra-27x37-cm\/\"]}]},{\"@type\":\"BreadcrumbList\",\"@id\":\"https:\/\/bobimarket.pl\/index.php\/produkt\/kratka-malarska-do-walka-wiadra-27x37-cm\/#breadcrumb\",\"itemListElement\":[{\"@type\":\"ListItem\",\"position\":1,\"name\":\"Strona g\u0142\u00f3wna\",\"item\":\"https:\/\/bobimarket.pl\/\"},{\"@type\":\"ListItem\",\"position\":2,\"name\":\"Sklep\",\"item\":\"https:\/\/bobimarket.pl\/index.php\/shop\/\"},{\"@type\":\"ListItem\",\"position\":3,\"name\":\"KRATKA MALARSKA DO WA\u0141KA WIADRA 27&#215;37 cm\"}]},{\"@type\":\"WebSite\",\"@id\":\"https:\/\/bobimarket.pl\/#website\",\"url\":\"https:\/\/bobimarket.pl\/\",\"name\":\"BOBIMARKET.pl - Remontuj i urz\u0105dzaj z nami\",\"description\":\"Remontuj i urz\u0105dzaj z nami\",\"publisher\":{\"@id\":\"https:\/\/bobimarket.pl\/#organization\"},\"potentialAction\":[{\"@type\":\"SearchAction\",\"target\":{\"@type\":\"EntryPoint\",\"urlTemplate\":\"https:\/\/bobimarket.pl\/?s={search_term_string}\"},\"query-input\":\"required name=search_term_string\"}],\"inLanguage\":\"pl-PL\"},{\"@type\":\"Organization\",\"@id\":\"https:\/\/bobimarket.pl\/#organization\",\"name\":\"BOBIMARKET.pl\",\"url\":\"https:\/\/bobimarket.pl\/\",\"logo\":{\"@type\":\"ImageObject\",\"inLanguage\":\"pl-PL\",\"@id\":\"https:\/\/bobimarket.pl\/#\/schema\/logo\/image\/\",\"url\":\"https:\/\/bobimarket.pl\/wp-content\/uploads\/2021\/11\/slogan.png\",\"contentUrl\":\"https:\/\/bobimarket.pl\/wp-content\/uploads\/2021\/11\/slogan.png\",\"width\":2000,\"height\":384,\"caption\":\"BOBIMARKET.pl\"},\"image\":{\"@id\":\"https:\/\/bobimarket.pl\/#\/schema\/logo\/image\/\"}}]}<\/script>\n<!-- \/ Yoast SEO plugin. -->","yoast_head_json":{"title":"KRATKA MALARSKA DO WA\u0141KA WIADRA 27x37 cm - BOBIMARKET.pl - Remontuj i urz\u0105dzaj z nami","robots":{"index":"index","follow":"follow","max-snippet":"max-snippet:-1","max-image-preview":"max-image-preview:large","max-video-preview":"max-video-preview:-1"},"canonical":"https:\/\/bobimarket.pl\/index.php\/produkt\/kratka-malarska-do-walka-wiadra-27x37-cm\/","og_locale":"pl_PL","og_type":"article","og_title":"KRATKA MALARSKA DO WA\u0141KA WIADRA 27x37 cm - BOBIMARKET.pl - Remontuj i urz\u0105dzaj z nami","og_description":"KRATKA MALARSKA DO WA\u0141KA WIADRA 27&#215;37 cm Dane techniczne: D\u0142ugo\u015b\u0107: 37 cm Szeroko\u015b\u0107: 27 cm Materia\u0142: tworzywo Wykonana z wysokiej jako\u015bci tworzywa sztucznego kratka malarska. U\u0142atwia r\u00f3wnomierne rozprowadzenie farby na wa\u0142ku oraz usuwa jej\u00a0 nadmiar. \u2705 Kratka posiada zaczepy u\u0142atwiaj\u0105ce jej mocowanie do wiadra malarskiego. Zapobiega chlapaniu Zmniejsza zu\u017cycie farby Niezast\u0105pione narz\u0119dzie w trakcie wykonywania     Czytaj wi\u0119cej \"KRATKA MALARSKA DO WA\u0141KA WIADRA 27&#215;37 cm\"","og_url":"https:\/\/bobimarket.pl\/index.php\/produkt\/kratka-malarska-do-walka-wiadra-27x37-cm\/","og_site_name":"BOBIMARKET.pl - Remontuj i urz\u0105dzaj z nami","article_modified_time":"2025-02-27T14:25:35+00:00","og_image":[{"url":"https:\/\/upload.cdn.baselinker.com\/products\/14476\/de5587f87a49768929390dad061fbc12.jpg"}],"twitter_card":"summary_large_image","schema":{"@context":"https:\/\/schema.org","@graph":[{"@type":"WebPage","@id":"https:\/\/bobimarket.pl\/index.php\/produkt\/kratka-malarska-do-walka-wiadra-27x37-cm\/","url":"https:\/\/bobimarket.pl\/index.php\/produkt\/kratka-malarska-do-walka-wiadra-27x37-cm\/","name":"KRATKA MALARSKA DO WA\u0141KA WIADRA 27x37 cm - BOBIMARKET.pl - Remontuj i urz\u0105dzaj z nami","isPartOf":{"@id":"https:\/\/bobimarket.pl\/#website"},"datePublished":"2023-08-29T21:23:45+00:00","dateModified":"2025-02-27T14:25:35+00:00","breadcrumb":{"@id":"https:\/\/bobimarket.pl\/index.php\/produkt\/kratka-malarska-do-walka-wiadra-27x37-cm\/#breadcrumb"},"inLanguage":"pl-PL","potentialAction":[{"@type":"ReadAction","target":["https:\/\/bobimarket.pl\/index.php\/produkt\/kratka-malarska-do-walka-wiadra-27x37-cm\/"]}]},{"@type":"BreadcrumbList","@id":"https:\/\/bobimarket.pl\/index.php\/produkt\/kratka-malarska-do-walka-wiadra-27x37-cm\/#breadcrumb","itemListElement":[{"@type":"ListItem","position":1,"name":"Strona g\u0142\u00f3wna","item":"https:\/\/bobimarket.pl\/"},{"@type":"ListItem","position":2,"name":"Sklep","item":"https:\/\/bobimarket.pl\/index.php\/shop\/"},{"@type":"ListItem","position":3,"name":"KRATKA MALARSKA DO WA\u0141KA WIADRA 27&#215;37 cm"}]},{"@type":"WebSite","@id":"https:\/\/bobimarket.pl\/#website","url":"https:\/\/bobimarket.pl\/","name":"BOBIMARKET.pl - Remontuj i urz\u0105dzaj z nami","description":"Remontuj i urz\u0105dzaj z nami","publisher":{"@id":"https:\/\/bobimarket.pl\/#organization"},"potentialAction":[{"@type":"SearchAction","target":{"@type":"EntryPoint","urlTemplate":"https:\/\/bobimarket.pl\/?s={search_term_string}"},"query-input":"required name=search_term_string"}],"inLanguage":"pl-PL"},{"@type":"Organization","@id":"https:\/\/bobimarket.pl\/#organization","name":"BOBIMARKET.pl","url":"https:\/\/bobimarket.pl\/","logo":{"@type":"ImageObject","inLanguage":"pl-PL","@id":"https:\/\/bobimarket.pl\/#\/schema\/logo\/image\/","url":"https:\/\/bobimarket.pl\/wp-content\/uploads\/2021\/11\/slogan.png","contentUrl":"https:\/\/bobimarket.pl\/wp-content\/uploads\/2021\/11\/slogan.png","width":2000,"height":384,"caption":"BOBIMARKET.pl"},"image":{"@id":"https:\/\/bobimarket.pl\/#\/schema\/logo\/image\/"}}]}},"_links":{"self":[{"href":"https:\/\/bobimarket.pl\/index.php\/wp-json\/wp\/v2\/product\/84810"}],"collection":[{"href":"https:\/\/bobimarket.pl\/index.php\/wp-json\/wp\/v2\/product"}],"about":[{"href":"https:\/\/bobimarket.pl\/index.php\/wp-json\/wp\/v2\/types\/product"}],"wp:featuredmedia":[{"embeddable":true,"href":"https:\/\/bobimarket.pl\/index.php\/wp-json\/wp\/v2\/media\/84807"}],"wp:attachment":[{"href":"https:\/\/bobimarket.pl\/index.php\/wp-json\/wp\/v2\/media?parent=84810"}],"wp:term":[{"taxonomy":"product_cat","embeddable":true,"href":"https:\/\/bobimarket.pl\/index.php\/wp-json\/wp\/v2\/product_cat?post=84810"},{"taxonomy":"product_tag","embeddable":true,"href":"https:\/\/bobimarket.pl\/index.php\/wp-json\/wp\/v2\/product_tag?post=84810"}],"curies":[{"name":"wp","href":"https:\/\/api.w.org\/{rel}","templated":true}]}}