{"id":84817,"date":"2023-08-29T21:24:28","date_gmt":"2023-08-29T21:24:28","guid":{"rendered":"https:\/\/bobimarket.pl\/index.php\/produkt\/wyciskacz-pistolet-do-mas-uszczelniajacych-300ml\/"},"modified":"2025-08-10T16:21:43","modified_gmt":"2025-08-10T16:21:43","slug":"wyciskacz-pistolet-do-mas-uszczelniajacych-300ml","status":"publish","type":"product","link":"https:\/\/bobimarket.pl\/index.php\/produkt\/wyciskacz-pistolet-do-mas-uszczelniajacych-300ml\/","title":{"rendered":"WYCISKACZ PISTOLET DO MAS USZCZELNIAJ\u0104CYCH 300ml"},"content":{"rendered":"<section class=\"section\">\n<div class=\"item item-6\">\n<section class=\"image-item\">\n                <img decoding=\"async\" src=\"https:\/\/upload.cdn.baselinker.com\/products\/14476\/98ee77f81a97e3af4e615ae1ed37d7a7.jpg\" \/><br \/>\n            <\/section>\n<\/p><\/div>\n<div class=\"item item-6\">\n<section class=\"text-item\">\n<h2>WYCISKACZ PISTOLET DO MAS USZCZELNIAJ\u0104CYCH<\/h2>\n<p><b>Dane techniczne:<\/b><\/p>\n<ul>\n<li>D\u0142ugo\u015b\u0107 ca\u0142kowita: <b>45\u00a0cm<\/b><\/li>\n<li>D\u0142ugo\u015b\u0107 tuby:\u00a0 <b>23 cm<\/b><\/li>\n<li>Szeroko\u015b\u0107 tuby: <b>6,5cm<\/b><\/li>\n<li>Materia\u0142: <b>Stal\/ALUMINIUM<\/b><\/li>\n<li>Wzmocniona konstrukcja<\/li>\n<li><b>WYSOKA JAKO\u015a\u0106!!!<\/b><\/li>\n<\/ul>\n<\/section><\/div>\n<\/section>\n<section class=\"section\">\n<div class=\"item item-6\">\n<section class=\"image-item\">\n                <img decoding=\"async\" src=\"https:\/\/upload.cdn.baselinker.com\/products\/14476\/6dca051482352c14f427f0effccfd4b3.jpg\" \/><br \/>\n            <\/section>\n<\/p><\/div>\n<div class=\"item item-6\">\n<section class=\"text-item\">\n<p>Wyciskacz do mas uszczelniaj\u0105cych o pojemno\u015bci 300ml. Solidna aluminiowo-stalowa konstrukcja. Przeznaczony do prac remontowych i wyko\u0144czeniowych.<\/p>\n<p>Z jego pomoc\u0105 dok\u0142adnie zaaplikujesz wszelkie masy klej\u0105ce i uszczelniaj\u0105ce.<\/p>\n<ul>\n<li>Obracane \u0142o\u017cysko<\/li>\n<li>Wyciskacz tubowy\u00a0\u00a0<\/li>\n<li>Ergonomiczna r\u0119koje\u015b\u0107<\/li>\n<\/ul>\n<\/section><\/div>\n<\/section>\n<section class=\"section\">\n<div class=\"item item-6\">\n<section class=\"image-item\">\n                <img decoding=\"async\" src=\"https:\/\/upload.cdn.baselinker.com\/products\/14476\/96027a0e3d3c0b7c357bc759932eee8b.jpg\" \/><br \/>\n            <\/section>\n<\/p><\/div>\n<div class=\"item item-6\">\n<section class=\"image-item\">\n                <img decoding=\"async\" src=\"https:\/\/upload.cdn.baselinker.com\/products\/14476\/89be1a3d11484db1be535de84d614a4d.jpg\" \/><br \/>\n            <\/section>\n<\/p><\/div>\n<\/section>\n<section class=\"section\">\n<div class=\"item item-6\">\n<section class=\"image-item\">\n                <img decoding=\"async\" src=\"https:\/\/upload.cdn.baselinker.com\/products\/14476\/dceb9704e9ae7f696db5823359fe3bd4.jpg\" \/><br \/>\n            <\/section>\n<\/p><\/div>\n<div class=\"item item-6\">\n<section class=\"image-item\">\n                <img decoding=\"async\" src=\"https:\/\/upload.cdn.baselinker.com\/products\/14476\/f6fb36cb1aaff7cce12de5834b0dc760.jpg\" \/><br \/>\n            <\/section>\n<\/p><\/div>\n<\/section>\n","protected":false},"excerpt":{"rendered":"<p>WYCISKACZ PISTOLET DO MAS USZCZELNIAJ\u0104CYCH Dane techniczne: D\u0142ugo\u015b\u0107 ca\u0142kowita: 45\u00a0cm D\u0142ugo\u015b\u0107 tuby:\u00a0 23 cm Szeroko\u015b\u0107 tuby: 6,5cm Materia\u0142: Stal\/ALUMINIUM Wzmocniona konstrukcja WYSOKA JAKO\u015a\u0106!!! Wyciskacz do mas uszczelniaj\u0105cych o pojemno\u015bci 300ml. Solidna aluminiowo-stalowa konstrukcja. Przeznaczony do prac remontowych i wyko\u0144czeniowych. Z jego pomoc\u0105 dok\u0142adnie zaaplikujesz wszelkie masy klej\u0105ce i uszczelniaj\u0105ce. Obracane \u0142o\u017cysko Wyciskacz tubowy\u00a0\u00a0 Ergonomiczna r\u0119koje\u015b\u0107<\/p>\n","protected":false},"featured_media":84811,"template":"","meta":[],"product_cat":[8175],"product_tag":[],"yoast_head":"<!-- This site is optimized with the Yoast SEO plugin v21.0 - https:\/\/yoast.com\/wordpress\/plugins\/seo\/ -->\n<title>WYCISKACZ PISTOLET DO MAS USZCZELNIAJ\u0104CYCH 300ml - BOBIMARKET.pl - Remontuj i urz\u0105dzaj z nami<\/title>\n<meta name=\"robots\" content=\"index, follow, max-snippet:-1, max-image-preview:large, max-video-preview:-1\" \/>\n<link rel=\"canonical\" href=\"https:\/\/bobimarket.pl\/index.php\/produkt\/wyciskacz-pistolet-do-mas-uszczelniajacych-300ml\/\" \/>\n<meta property=\"og:locale\" content=\"pl_PL\" \/>\n<meta property=\"og:type\" content=\"article\" \/>\n<meta property=\"og:title\" content=\"WYCISKACZ PISTOLET DO MAS USZCZELNIAJ\u0104CYCH 300ml - BOBIMARKET.pl - Remontuj i urz\u0105dzaj z nami\" \/>\n<meta property=\"og:description\" content=\"WYCISKACZ PISTOLET DO MAS USZCZELNIAJ\u0104CYCH Dane techniczne: D\u0142ugo\u015b\u0107 ca\u0142kowita: 45\u00a0cm D\u0142ugo\u015b\u0107 tuby:\u00a0 23 cm Szeroko\u015b\u0107 tuby: 6,5cm Materia\u0142: Stal\/ALUMINIUM Wzmocniona konstrukcja WYSOKA JAKO\u015a\u0106!!! Wyciskacz do mas uszczelniaj\u0105cych o pojemno\u015bci 300ml. Solidna aluminiowo-stalowa konstrukcja. Przeznaczony do prac remontowych i wyko\u0144czeniowych. Z jego pomoc\u0105 dok\u0142adnie zaaplikujesz wszelkie masy klej\u0105ce i uszczelniaj\u0105ce. Obracane \u0142o\u017cysko Wyciskacz tubowy\u00a0\u00a0 Ergonomiczna r\u0119koje\u015b\u0107\" \/>\n<meta property=\"og:url\" content=\"https:\/\/bobimarket.pl\/index.php\/produkt\/wyciskacz-pistolet-do-mas-uszczelniajacych-300ml\/\" \/>\n<meta property=\"og:site_name\" content=\"BOBIMARKET.pl - Remontuj i urz\u0105dzaj z nami\" \/>\n<meta property=\"article:modified_time\" content=\"2025-08-10T16:21:43+00:00\" \/>\n<meta property=\"og:image\" content=\"https:\/\/upload.cdn.baselinker.com\/products\/14476\/98ee77f81a97e3af4e615ae1ed37d7a7.jpg\" \/>\n<meta name=\"twitter:card\" content=\"summary_large_image\" \/>\n<script type=\"application\/ld+json\" class=\"yoast-schema-graph\">{\"@context\":\"https:\/\/schema.org\",\"@graph\":[{\"@type\":\"WebPage\",\"@id\":\"https:\/\/bobimarket.pl\/index.php\/produkt\/wyciskacz-pistolet-do-mas-uszczelniajacych-300ml\/\",\"url\":\"https:\/\/bobimarket.pl\/index.php\/produkt\/wyciskacz-pistolet-do-mas-uszczelniajacych-300ml\/\",\"name\":\"WYCISKACZ PISTOLET DO MAS USZCZELNIAJ\u0104CYCH 300ml - BOBIMARKET.pl - Remontuj i urz\u0105dzaj z nami\",\"isPartOf\":{\"@id\":\"https:\/\/bobimarket.pl\/#website\"},\"datePublished\":\"2023-08-29T21:24:28+00:00\",\"dateModified\":\"2025-08-10T16:21:43+00:00\",\"breadcrumb\":{\"@id\":\"https:\/\/bobimarket.pl\/index.php\/produkt\/wyciskacz-pistolet-do-mas-uszczelniajacych-300ml\/#breadcrumb\"},\"inLanguage\":\"pl-PL\",\"potentialAction\":[{\"@type\":\"ReadAction\",\"target\":[\"https:\/\/bobimarket.pl\/index.php\/produkt\/wyciskacz-pistolet-do-mas-uszczelniajacych-300ml\/\"]}]},{\"@type\":\"BreadcrumbList\",\"@id\":\"https:\/\/bobimarket.pl\/index.php\/produkt\/wyciskacz-pistolet-do-mas-uszczelniajacych-300ml\/#breadcrumb\",\"itemListElement\":[{\"@type\":\"ListItem\",\"position\":1,\"name\":\"Strona g\u0142\u00f3wna\",\"item\":\"https:\/\/bobimarket.pl\/\"},{\"@type\":\"ListItem\",\"position\":2,\"name\":\"Sklep\",\"item\":\"https:\/\/bobimarket.pl\/index.php\/shop\/\"},{\"@type\":\"ListItem\",\"position\":3,\"name\":\"WYCISKACZ PISTOLET DO MAS USZCZELNIAJ\u0104CYCH 300ml\"}]},{\"@type\":\"WebSite\",\"@id\":\"https:\/\/bobimarket.pl\/#website\",\"url\":\"https:\/\/bobimarket.pl\/\",\"name\":\"BOBIMARKET.pl - Remontuj i urz\u0105dzaj z nami\",\"description\":\"Remontuj i urz\u0105dzaj z nami\",\"publisher\":{\"@id\":\"https:\/\/bobimarket.pl\/#organization\"},\"potentialAction\":[{\"@type\":\"SearchAction\",\"target\":{\"@type\":\"EntryPoint\",\"urlTemplate\":\"https:\/\/bobimarket.pl\/?s={search_term_string}\"},\"query-input\":\"required name=search_term_string\"}],\"inLanguage\":\"pl-PL\"},{\"@type\":\"Organization\",\"@id\":\"https:\/\/bobimarket.pl\/#organization\",\"name\":\"BOBIMARKET.pl\",\"url\":\"https:\/\/bobimarket.pl\/\",\"logo\":{\"@type\":\"ImageObject\",\"inLanguage\":\"pl-PL\",\"@id\":\"https:\/\/bobimarket.pl\/#\/schema\/logo\/image\/\",\"url\":\"https:\/\/bobimarket.pl\/wp-content\/uploads\/2021\/11\/slogan.png\",\"contentUrl\":\"https:\/\/bobimarket.pl\/wp-content\/uploads\/2021\/11\/slogan.png\",\"width\":2000,\"height\":384,\"caption\":\"BOBIMARKET.pl\"},\"image\":{\"@id\":\"https:\/\/bobimarket.pl\/#\/schema\/logo\/image\/\"}}]}<\/script>\n<!-- \/ Yoast SEO plugin. -->","yoast_head_json":{"title":"WYCISKACZ PISTOLET DO MAS USZCZELNIAJ\u0104CYCH 300ml - BOBIMARKET.pl - Remontuj i urz\u0105dzaj z nami","robots":{"index":"index","follow":"follow","max-snippet":"max-snippet:-1","max-image-preview":"max-image-preview:large","max-video-preview":"max-video-preview:-1"},"canonical":"https:\/\/bobimarket.pl\/index.php\/produkt\/wyciskacz-pistolet-do-mas-uszczelniajacych-300ml\/","og_locale":"pl_PL","og_type":"article","og_title":"WYCISKACZ PISTOLET DO MAS USZCZELNIAJ\u0104CYCH 300ml - BOBIMARKET.pl - Remontuj i urz\u0105dzaj z nami","og_description":"WYCISKACZ PISTOLET DO MAS USZCZELNIAJ\u0104CYCH Dane techniczne: D\u0142ugo\u015b\u0107 ca\u0142kowita: 45\u00a0cm D\u0142ugo\u015b\u0107 tuby:\u00a0 23 cm Szeroko\u015b\u0107 tuby: 6,5cm Materia\u0142: Stal\/ALUMINIUM Wzmocniona konstrukcja WYSOKA JAKO\u015a\u0106!!! Wyciskacz do mas uszczelniaj\u0105cych o pojemno\u015bci 300ml. Solidna aluminiowo-stalowa konstrukcja. Przeznaczony do prac remontowych i wyko\u0144czeniowych. Z jego pomoc\u0105 dok\u0142adnie zaaplikujesz wszelkie masy klej\u0105ce i uszczelniaj\u0105ce. Obracane \u0142o\u017cysko Wyciskacz tubowy\u00a0\u00a0 Ergonomiczna r\u0119koje\u015b\u0107","og_url":"https:\/\/bobimarket.pl\/index.php\/produkt\/wyciskacz-pistolet-do-mas-uszczelniajacych-300ml\/","og_site_name":"BOBIMARKET.pl - Remontuj i urz\u0105dzaj z nami","article_modified_time":"2025-08-10T16:21:43+00:00","og_image":[{"url":"https:\/\/upload.cdn.baselinker.com\/products\/14476\/98ee77f81a97e3af4e615ae1ed37d7a7.jpg"}],"twitter_card":"summary_large_image","schema":{"@context":"https:\/\/schema.org","@graph":[{"@type":"WebPage","@id":"https:\/\/bobimarket.pl\/index.php\/produkt\/wyciskacz-pistolet-do-mas-uszczelniajacych-300ml\/","url":"https:\/\/bobimarket.pl\/index.php\/produkt\/wyciskacz-pistolet-do-mas-uszczelniajacych-300ml\/","name":"WYCISKACZ PISTOLET DO MAS USZCZELNIAJ\u0104CYCH 300ml - BOBIMARKET.pl - Remontuj i urz\u0105dzaj z nami","isPartOf":{"@id":"https:\/\/bobimarket.pl\/#website"},"datePublished":"2023-08-29T21:24:28+00:00","dateModified":"2025-08-10T16:21:43+00:00","breadcrumb":{"@id":"https:\/\/bobimarket.pl\/index.php\/produkt\/wyciskacz-pistolet-do-mas-uszczelniajacych-300ml\/#breadcrumb"},"inLanguage":"pl-PL","potentialAction":[{"@type":"ReadAction","target":["https:\/\/bobimarket.pl\/index.php\/produkt\/wyciskacz-pistolet-do-mas-uszczelniajacych-300ml\/"]}]},{"@type":"BreadcrumbList","@id":"https:\/\/bobimarket.pl\/index.php\/produkt\/wyciskacz-pistolet-do-mas-uszczelniajacych-300ml\/#breadcrumb","itemListElement":[{"@type":"ListItem","position":1,"name":"Strona g\u0142\u00f3wna","item":"https:\/\/bobimarket.pl\/"},{"@type":"ListItem","position":2,"name":"Sklep","item":"https:\/\/bobimarket.pl\/index.php\/shop\/"},{"@type":"ListItem","position":3,"name":"WYCISKACZ PISTOLET DO MAS USZCZELNIAJ\u0104CYCH 300ml"}]},{"@type":"WebSite","@id":"https:\/\/bobimarket.pl\/#website","url":"https:\/\/bobimarket.pl\/","name":"BOBIMARKET.pl - Remontuj i urz\u0105dzaj z nami","description":"Remontuj i urz\u0105dzaj z nami","publisher":{"@id":"https:\/\/bobimarket.pl\/#organization"},"potentialAction":[{"@type":"SearchAction","target":{"@type":"EntryPoint","urlTemplate":"https:\/\/bobimarket.pl\/?s={search_term_string}"},"query-input":"required name=search_term_string"}],"inLanguage":"pl-PL"},{"@type":"Organization","@id":"https:\/\/bobimarket.pl\/#organization","name":"BOBIMARKET.pl","url":"https:\/\/bobimarket.pl\/","logo":{"@type":"ImageObject","inLanguage":"pl-PL","@id":"https:\/\/bobimarket.pl\/#\/schema\/logo\/image\/","url":"https:\/\/bobimarket.pl\/wp-content\/uploads\/2021\/11\/slogan.png","contentUrl":"https:\/\/bobimarket.pl\/wp-content\/uploads\/2021\/11\/slogan.png","width":2000,"height":384,"caption":"BOBIMARKET.pl"},"image":{"@id":"https:\/\/bobimarket.pl\/#\/schema\/logo\/image\/"}}]}},"_links":{"self":[{"href":"https:\/\/bobimarket.pl\/index.php\/wp-json\/wp\/v2\/product\/84817"}],"collection":[{"href":"https:\/\/bobimarket.pl\/index.php\/wp-json\/wp\/v2\/product"}],"about":[{"href":"https:\/\/bobimarket.pl\/index.php\/wp-json\/wp\/v2\/types\/product"}],"wp:featuredmedia":[{"embeddable":true,"href":"https:\/\/bobimarket.pl\/index.php\/wp-json\/wp\/v2\/media\/84811"}],"wp:attachment":[{"href":"https:\/\/bobimarket.pl\/index.php\/wp-json\/wp\/v2\/media?parent=84817"}],"wp:term":[{"taxonomy":"product_cat","embeddable":true,"href":"https:\/\/bobimarket.pl\/index.php\/wp-json\/wp\/v2\/product_cat?post=84817"},{"taxonomy":"product_tag","embeddable":true,"href":"https:\/\/bobimarket.pl\/index.php\/wp-json\/wp\/v2\/product_tag?post=84817"}],"curies":[{"name":"wp","href":"https:\/\/api.w.org\/{rel}","templated":true}]}}