{"id":84878,"date":"2023-08-29T21:29:39","date_gmt":"2023-08-29T21:29:39","guid":{"rendered":"https:\/\/bobimarket.pl\/index.php\/produkt\/sciernica-listkowa-trzpieniowa-60x30x6mm-gr-100\/"},"modified":"2025-02-27T14:26:23","modified_gmt":"2025-02-27T14:26:23","slug":"sciernica-listkowa-trzpieniowa-60x30x6mm-gr-100","status":"publish","type":"product","link":"https:\/\/bobimarket.pl\/index.php\/produkt\/sciernica-listkowa-trzpieniowa-60x30x6mm-gr-100\/","title":{"rendered":"\u015aCIERNICA LISTKOWA TRZPIENIOWA 60x30x6mm GR 100"},"content":{"rendered":"<section class=\"section\">\n<div class=\"item item-6\">\n<section class=\"image-item\">\n            <img decoding=\"async\" src=\"https:\/\/upload.cdn.baselinker.com\/products\/14476\/437310af77c8a44d23b0f1f25fc8a85b.jpg\" \/><br \/>\n        <\/section>\n<\/p><\/div>\n<div class=\"item item-6\">\n<section class=\"text-item\">\n<h2>\u015aCIERNICA LISTKOWA TRZPIENIOWA 60x30x6mm GR 100<\/h2>\n<p>Dane techniczne:<\/p>\n<ul>\n<li>Wysoko\u015bc: <b>30 MM<\/b><\/li>\n<li>\u015arednica:<b> 60 MM <\/b><\/li>\n<li>Trzpie\u0144:<b> 6 MM<\/b><\/li>\n<li>Granulacja:<b> 100<\/b><\/li>\n<li>max obr. 20000\/min<\/li>\n<\/ul>\n<\/section><\/div>\n<\/section>\n<section class=\"section\">\n<div class=\"item item-6\">\n<section class=\"image-item\">\n            <img decoding=\"async\" src=\"https:\/\/upload.cdn.baselinker.com\/products\/14476\/fb30e72d7b60656f603e46cc071d53c6.jpg\" \/><br \/>\n        <\/section>\n<\/p><\/div>\n<div class=\"item item-6\">\n<section class=\"text-item\">\n<p>\u015aciernica listkowa z trzpieniem jest przeznaczona do pracy z wiertark\u0105. Dzi\u0119ki niej oczy\u015bcisz stare pow\u0142oki z element\u00f3w drewnianych , metalowych. Dzi\u0119ki specjalnej konstrukcji dopasowuje sie do przedmiotu obrabianego.<\/p>\n<\/section><\/div>\n<\/section>\n<section class=\"section\">\n<div class=\"item item-12\">\n<section class=\"image-item\">\n            <img decoding=\"async\" src=\"https:\/\/upload.cdn.baselinker.com\/products\/14476\/6477de732d88666894d3f42e13dfc1b9.jpg\" \/><br \/>\n        <\/section>\n<\/p><\/div>\n<\/section>\n","protected":false},"excerpt":{"rendered":"<p>\u015aCIERNICA LISTKOWA TRZPIENIOWA 60x30x6mm GR 100 Dane techniczne: Wysoko\u015bc: 30 MM \u015arednica: 60 MM Trzpie\u0144: 6 MM Granulacja: 100 max obr. 20000\/min \u015aciernica listkowa z trzpieniem jest przeznaczona do pracy z wiertark\u0105. Dzi\u0119ki niej oczy\u015bcisz stare pow\u0142oki z element\u00f3w drewnianych , metalowych. Dzi\u0119ki specjalnej konstrukcji dopasowuje sie do przedmiotu obrabianego.<\/p>\n","protected":false},"featured_media":84874,"template":"","meta":[],"product_cat":[8274],"product_tag":[],"yoast_head":"<!-- This site is optimized with the Yoast SEO plugin v21.0 - https:\/\/yoast.com\/wordpress\/plugins\/seo\/ -->\n<title>\u015aCIERNICA LISTKOWA TRZPIENIOWA 60x30x6mm GR 100 - BOBIMARKET.pl - Remontuj i urz\u0105dzaj z nami<\/title>\n<meta name=\"robots\" content=\"index, follow, max-snippet:-1, max-image-preview:large, max-video-preview:-1\" \/>\n<link rel=\"canonical\" href=\"https:\/\/bobimarket.pl\/index.php\/produkt\/sciernica-listkowa-trzpieniowa-60x30x6mm-gr-100\/\" \/>\n<meta property=\"og:locale\" content=\"pl_PL\" \/>\n<meta property=\"og:type\" content=\"article\" \/>\n<meta property=\"og:title\" content=\"\u015aCIERNICA LISTKOWA TRZPIENIOWA 60x30x6mm GR 100 - BOBIMARKET.pl - Remontuj i urz\u0105dzaj z nami\" \/>\n<meta property=\"og:description\" content=\"\u015aCIERNICA LISTKOWA TRZPIENIOWA 60x30x6mm GR 100 Dane techniczne: Wysoko\u015bc: 30 MM \u015arednica: 60 MM Trzpie\u0144: 6 MM Granulacja: 100 max obr. 20000\/min \u015aciernica listkowa z trzpieniem jest przeznaczona do pracy z wiertark\u0105. Dzi\u0119ki niej oczy\u015bcisz stare pow\u0142oki z element\u00f3w drewnianych , metalowych. Dzi\u0119ki specjalnej konstrukcji dopasowuje sie do przedmiotu obrabianego.\" \/>\n<meta property=\"og:url\" content=\"https:\/\/bobimarket.pl\/index.php\/produkt\/sciernica-listkowa-trzpieniowa-60x30x6mm-gr-100\/\" \/>\n<meta property=\"og:site_name\" content=\"BOBIMARKET.pl - Remontuj i urz\u0105dzaj z nami\" \/>\n<meta property=\"article:modified_time\" content=\"2025-02-27T14:26:23+00:00\" \/>\n<meta property=\"og:image\" content=\"https:\/\/upload.cdn.baselinker.com\/products\/14476\/437310af77c8a44d23b0f1f25fc8a85b.jpg\" \/>\n<meta name=\"twitter:card\" content=\"summary_large_image\" \/>\n<script type=\"application\/ld+json\" class=\"yoast-schema-graph\">{\"@context\":\"https:\/\/schema.org\",\"@graph\":[{\"@type\":\"WebPage\",\"@id\":\"https:\/\/bobimarket.pl\/index.php\/produkt\/sciernica-listkowa-trzpieniowa-60x30x6mm-gr-100\/\",\"url\":\"https:\/\/bobimarket.pl\/index.php\/produkt\/sciernica-listkowa-trzpieniowa-60x30x6mm-gr-100\/\",\"name\":\"\u015aCIERNICA LISTKOWA TRZPIENIOWA 60x30x6mm GR 100 - BOBIMARKET.pl - Remontuj i urz\u0105dzaj z nami\",\"isPartOf\":{\"@id\":\"https:\/\/bobimarket.pl\/#website\"},\"datePublished\":\"2023-08-29T21:29:39+00:00\",\"dateModified\":\"2025-02-27T14:26:23+00:00\",\"breadcrumb\":{\"@id\":\"https:\/\/bobimarket.pl\/index.php\/produkt\/sciernica-listkowa-trzpieniowa-60x30x6mm-gr-100\/#breadcrumb\"},\"inLanguage\":\"pl-PL\",\"potentialAction\":[{\"@type\":\"ReadAction\",\"target\":[\"https:\/\/bobimarket.pl\/index.php\/produkt\/sciernica-listkowa-trzpieniowa-60x30x6mm-gr-100\/\"]}]},{\"@type\":\"BreadcrumbList\",\"@id\":\"https:\/\/bobimarket.pl\/index.php\/produkt\/sciernica-listkowa-trzpieniowa-60x30x6mm-gr-100\/#breadcrumb\",\"itemListElement\":[{\"@type\":\"ListItem\",\"position\":1,\"name\":\"Strona g\u0142\u00f3wna\",\"item\":\"https:\/\/bobimarket.pl\/\"},{\"@type\":\"ListItem\",\"position\":2,\"name\":\"Sklep\",\"item\":\"https:\/\/bobimarket.pl\/index.php\/shop\/\"},{\"@type\":\"ListItem\",\"position\":3,\"name\":\"\u015aCIERNICA LISTKOWA TRZPIENIOWA 60x30x6mm GR 100\"}]},{\"@type\":\"WebSite\",\"@id\":\"https:\/\/bobimarket.pl\/#website\",\"url\":\"https:\/\/bobimarket.pl\/\",\"name\":\"BOBIMARKET.pl - Remontuj i urz\u0105dzaj z nami\",\"description\":\"Remontuj i urz\u0105dzaj z nami\",\"publisher\":{\"@id\":\"https:\/\/bobimarket.pl\/#organization\"},\"potentialAction\":[{\"@type\":\"SearchAction\",\"target\":{\"@type\":\"EntryPoint\",\"urlTemplate\":\"https:\/\/bobimarket.pl\/?s={search_term_string}\"},\"query-input\":\"required name=search_term_string\"}],\"inLanguage\":\"pl-PL\"},{\"@type\":\"Organization\",\"@id\":\"https:\/\/bobimarket.pl\/#organization\",\"name\":\"BOBIMARKET.pl\",\"url\":\"https:\/\/bobimarket.pl\/\",\"logo\":{\"@type\":\"ImageObject\",\"inLanguage\":\"pl-PL\",\"@id\":\"https:\/\/bobimarket.pl\/#\/schema\/logo\/image\/\",\"url\":\"https:\/\/bobimarket.pl\/wp-content\/uploads\/2021\/11\/slogan.png\",\"contentUrl\":\"https:\/\/bobimarket.pl\/wp-content\/uploads\/2021\/11\/slogan.png\",\"width\":2000,\"height\":384,\"caption\":\"BOBIMARKET.pl\"},\"image\":{\"@id\":\"https:\/\/bobimarket.pl\/#\/schema\/logo\/image\/\"}}]}<\/script>\n<!-- \/ Yoast SEO plugin. -->","yoast_head_json":{"title":"\u015aCIERNICA LISTKOWA TRZPIENIOWA 60x30x6mm GR 100 - BOBIMARKET.pl - Remontuj i urz\u0105dzaj z nami","robots":{"index":"index","follow":"follow","max-snippet":"max-snippet:-1","max-image-preview":"max-image-preview:large","max-video-preview":"max-video-preview:-1"},"canonical":"https:\/\/bobimarket.pl\/index.php\/produkt\/sciernica-listkowa-trzpieniowa-60x30x6mm-gr-100\/","og_locale":"pl_PL","og_type":"article","og_title":"\u015aCIERNICA LISTKOWA TRZPIENIOWA 60x30x6mm GR 100 - BOBIMARKET.pl - Remontuj i urz\u0105dzaj z nami","og_description":"\u015aCIERNICA LISTKOWA TRZPIENIOWA 60x30x6mm GR 100 Dane techniczne: Wysoko\u015bc: 30 MM \u015arednica: 60 MM Trzpie\u0144: 6 MM Granulacja: 100 max obr. 20000\/min \u015aciernica listkowa z trzpieniem jest przeznaczona do pracy z wiertark\u0105. Dzi\u0119ki niej oczy\u015bcisz stare pow\u0142oki z element\u00f3w drewnianych , metalowych. Dzi\u0119ki specjalnej konstrukcji dopasowuje sie do przedmiotu obrabianego.","og_url":"https:\/\/bobimarket.pl\/index.php\/produkt\/sciernica-listkowa-trzpieniowa-60x30x6mm-gr-100\/","og_site_name":"BOBIMARKET.pl - Remontuj i urz\u0105dzaj z nami","article_modified_time":"2025-02-27T14:26:23+00:00","og_image":[{"url":"https:\/\/upload.cdn.baselinker.com\/products\/14476\/437310af77c8a44d23b0f1f25fc8a85b.jpg"}],"twitter_card":"summary_large_image","schema":{"@context":"https:\/\/schema.org","@graph":[{"@type":"WebPage","@id":"https:\/\/bobimarket.pl\/index.php\/produkt\/sciernica-listkowa-trzpieniowa-60x30x6mm-gr-100\/","url":"https:\/\/bobimarket.pl\/index.php\/produkt\/sciernica-listkowa-trzpieniowa-60x30x6mm-gr-100\/","name":"\u015aCIERNICA LISTKOWA TRZPIENIOWA 60x30x6mm GR 100 - BOBIMARKET.pl - Remontuj i urz\u0105dzaj z nami","isPartOf":{"@id":"https:\/\/bobimarket.pl\/#website"},"datePublished":"2023-08-29T21:29:39+00:00","dateModified":"2025-02-27T14:26:23+00:00","breadcrumb":{"@id":"https:\/\/bobimarket.pl\/index.php\/produkt\/sciernica-listkowa-trzpieniowa-60x30x6mm-gr-100\/#breadcrumb"},"inLanguage":"pl-PL","potentialAction":[{"@type":"ReadAction","target":["https:\/\/bobimarket.pl\/index.php\/produkt\/sciernica-listkowa-trzpieniowa-60x30x6mm-gr-100\/"]}]},{"@type":"BreadcrumbList","@id":"https:\/\/bobimarket.pl\/index.php\/produkt\/sciernica-listkowa-trzpieniowa-60x30x6mm-gr-100\/#breadcrumb","itemListElement":[{"@type":"ListItem","position":1,"name":"Strona g\u0142\u00f3wna","item":"https:\/\/bobimarket.pl\/"},{"@type":"ListItem","position":2,"name":"Sklep","item":"https:\/\/bobimarket.pl\/index.php\/shop\/"},{"@type":"ListItem","position":3,"name":"\u015aCIERNICA LISTKOWA TRZPIENIOWA 60x30x6mm GR 100"}]},{"@type":"WebSite","@id":"https:\/\/bobimarket.pl\/#website","url":"https:\/\/bobimarket.pl\/","name":"BOBIMARKET.pl - Remontuj i urz\u0105dzaj z nami","description":"Remontuj i urz\u0105dzaj z nami","publisher":{"@id":"https:\/\/bobimarket.pl\/#organization"},"potentialAction":[{"@type":"SearchAction","target":{"@type":"EntryPoint","urlTemplate":"https:\/\/bobimarket.pl\/?s={search_term_string}"},"query-input":"required name=search_term_string"}],"inLanguage":"pl-PL"},{"@type":"Organization","@id":"https:\/\/bobimarket.pl\/#organization","name":"BOBIMARKET.pl","url":"https:\/\/bobimarket.pl\/","logo":{"@type":"ImageObject","inLanguage":"pl-PL","@id":"https:\/\/bobimarket.pl\/#\/schema\/logo\/image\/","url":"https:\/\/bobimarket.pl\/wp-content\/uploads\/2021\/11\/slogan.png","contentUrl":"https:\/\/bobimarket.pl\/wp-content\/uploads\/2021\/11\/slogan.png","width":2000,"height":384,"caption":"BOBIMARKET.pl"},"image":{"@id":"https:\/\/bobimarket.pl\/#\/schema\/logo\/image\/"}}]}},"_links":{"self":[{"href":"https:\/\/bobimarket.pl\/index.php\/wp-json\/wp\/v2\/product\/84878"}],"collection":[{"href":"https:\/\/bobimarket.pl\/index.php\/wp-json\/wp\/v2\/product"}],"about":[{"href":"https:\/\/bobimarket.pl\/index.php\/wp-json\/wp\/v2\/types\/product"}],"wp:featuredmedia":[{"embeddable":true,"href":"https:\/\/bobimarket.pl\/index.php\/wp-json\/wp\/v2\/media\/84874"}],"wp:attachment":[{"href":"https:\/\/bobimarket.pl\/index.php\/wp-json\/wp\/v2\/media?parent=84878"}],"wp:term":[{"taxonomy":"product_cat","embeddable":true,"href":"https:\/\/bobimarket.pl\/index.php\/wp-json\/wp\/v2\/product_cat?post=84878"},{"taxonomy":"product_tag","embeddable":true,"href":"https:\/\/bobimarket.pl\/index.php\/wp-json\/wp\/v2\/product_tag?post=84878"}],"curies":[{"name":"wp","href":"https:\/\/api.w.org\/{rel}","templated":true}]}}