{"id":84892,"date":"2023-08-29T21:30:57","date_gmt":"2023-08-29T21:30:57","guid":{"rendered":"https:\/\/bobimarket.pl\/index.php\/produkt\/sciernica-listkowa-trzpieniowa-60x30x6mm-gr-40\/"},"modified":"2025-02-27T14:26:35","modified_gmt":"2025-02-27T14:26:35","slug":"sciernica-listkowa-trzpieniowa-60x30x6mm-gr-40","status":"publish","type":"product","link":"https:\/\/bobimarket.pl\/index.php\/produkt\/sciernica-listkowa-trzpieniowa-60x30x6mm-gr-40\/","title":{"rendered":"\u015aCIERNICA LISTKOWA TRZPIENIOWA 60x30x6mm GR 40"},"content":{"rendered":"<section class=\"section\">\n<div class=\"item item-6\">\n<section class=\"image-item\">\n            <img decoding=\"async\" src=\"https:\/\/upload.cdn.baselinker.com\/products\/14476\/ef80581425f17a9b2c44f6e0c76e5793.jpg\" \/><br \/>\n        <\/section>\n<\/p><\/div>\n<div class=\"item item-6\">\n<section class=\"text-item\">\n<h2>\u015aCIERNICA LISTKOWA TRZPIENIOWA 60x30x6mm GR 40<\/h2>\n<p>Dane techniczne:<\/p>\n<ul>\n<li>Wysoko\u015bc: <b>30 MM<\/b><\/li>\n<li>\u015arednica:<b> 60 MM <\/b><\/li>\n<li>Trzpie\u0144:<b> 6 MM<\/b><\/li>\n<li>Granulacja:<b> 40<\/b><\/li>\n<li>max obr. 20000\/min<\/li>\n<\/ul>\n<\/section><\/div>\n<\/section>\n<section class=\"section\">\n<div class=\"item item-6\">\n<section class=\"image-item\">\n            <img decoding=\"async\" src=\"https:\/\/upload.cdn.baselinker.com\/products\/14476\/40301f26cbdfaed9847df1760cf361c3.jpg\" \/><br \/>\n        <\/section>\n<\/p><\/div>\n<div class=\"item item-6\">\n<section class=\"text-item\">\n<p>\u015aciernica listkowa z trzpieniem jest przeznaczona do pracy z wiertark\u0105. Dzi\u0119ki niej oczy\u015bcisz stare pow\u0142oki z element\u00f3w drewnianych , metalowych. Dzi\u0119ki specjalnej konstrukcji dopasowuje sie do przedmiotu obrabianego.<\/p>\n<\/section><\/div>\n<\/section>\n<section class=\"section\">\n<div class=\"item item-12\">\n<section class=\"image-item\">\n            <img decoding=\"async\" src=\"https:\/\/upload.cdn.baselinker.com\/products\/14476\/01645e32de692d75aadaf18edcf17a1b.jpg\" \/><br \/>\n        <\/section>\n<\/p><\/div>\n<\/section>\n","protected":false},"excerpt":{"rendered":"<p>\u015aCIERNICA LISTKOWA TRZPIENIOWA 60x30x6mm GR 40 Dane techniczne: Wysoko\u015bc: 30 MM \u015arednica: 60 MM Trzpie\u0144: 6 MM Granulacja: 40 max obr. 20000\/min \u015aciernica listkowa z trzpieniem jest przeznaczona do pracy z wiertark\u0105. Dzi\u0119ki niej oczy\u015bcisz stare pow\u0142oki z element\u00f3w drewnianych , metalowych. Dzi\u0119ki specjalnej konstrukcji dopasowuje sie do przedmiotu obrabianego.<\/p>\n","protected":false},"featured_media":84889,"template":"","meta":[],"product_cat":[8274],"product_tag":[],"yoast_head":"<!-- This site is optimized with the Yoast SEO plugin v21.0 - https:\/\/yoast.com\/wordpress\/plugins\/seo\/ -->\n<title>\u015aCIERNICA LISTKOWA TRZPIENIOWA 60x30x6mm GR 40 - BOBIMARKET.pl - Remontuj i urz\u0105dzaj z nami<\/title>\n<meta name=\"robots\" content=\"index, follow, max-snippet:-1, max-image-preview:large, max-video-preview:-1\" \/>\n<link rel=\"canonical\" href=\"https:\/\/bobimarket.pl\/index.php\/produkt\/sciernica-listkowa-trzpieniowa-60x30x6mm-gr-40\/\" \/>\n<meta property=\"og:locale\" content=\"pl_PL\" \/>\n<meta property=\"og:type\" content=\"article\" \/>\n<meta property=\"og:title\" content=\"\u015aCIERNICA LISTKOWA TRZPIENIOWA 60x30x6mm GR 40 - BOBIMARKET.pl - Remontuj i urz\u0105dzaj z nami\" \/>\n<meta property=\"og:description\" content=\"\u015aCIERNICA LISTKOWA TRZPIENIOWA 60x30x6mm GR 40 Dane techniczne: Wysoko\u015bc: 30 MM \u015arednica: 60 MM Trzpie\u0144: 6 MM Granulacja: 40 max obr. 20000\/min \u015aciernica listkowa z trzpieniem jest przeznaczona do pracy z wiertark\u0105. Dzi\u0119ki niej oczy\u015bcisz stare pow\u0142oki z element\u00f3w drewnianych , metalowych. Dzi\u0119ki specjalnej konstrukcji dopasowuje sie do przedmiotu obrabianego.\" \/>\n<meta property=\"og:url\" content=\"https:\/\/bobimarket.pl\/index.php\/produkt\/sciernica-listkowa-trzpieniowa-60x30x6mm-gr-40\/\" \/>\n<meta property=\"og:site_name\" content=\"BOBIMARKET.pl - Remontuj i urz\u0105dzaj z nami\" \/>\n<meta property=\"article:modified_time\" content=\"2025-02-27T14:26:35+00:00\" \/>\n<meta property=\"og:image\" content=\"https:\/\/upload.cdn.baselinker.com\/products\/14476\/ef80581425f17a9b2c44f6e0c76e5793.jpg\" \/>\n<meta name=\"twitter:card\" content=\"summary_large_image\" \/>\n<script type=\"application\/ld+json\" class=\"yoast-schema-graph\">{\"@context\":\"https:\/\/schema.org\",\"@graph\":[{\"@type\":\"WebPage\",\"@id\":\"https:\/\/bobimarket.pl\/index.php\/produkt\/sciernica-listkowa-trzpieniowa-60x30x6mm-gr-40\/\",\"url\":\"https:\/\/bobimarket.pl\/index.php\/produkt\/sciernica-listkowa-trzpieniowa-60x30x6mm-gr-40\/\",\"name\":\"\u015aCIERNICA LISTKOWA TRZPIENIOWA 60x30x6mm GR 40 - BOBIMARKET.pl - Remontuj i urz\u0105dzaj z nami\",\"isPartOf\":{\"@id\":\"https:\/\/bobimarket.pl\/#website\"},\"datePublished\":\"2023-08-29T21:30:57+00:00\",\"dateModified\":\"2025-02-27T14:26:35+00:00\",\"breadcrumb\":{\"@id\":\"https:\/\/bobimarket.pl\/index.php\/produkt\/sciernica-listkowa-trzpieniowa-60x30x6mm-gr-40\/#breadcrumb\"},\"inLanguage\":\"pl-PL\",\"potentialAction\":[{\"@type\":\"ReadAction\",\"target\":[\"https:\/\/bobimarket.pl\/index.php\/produkt\/sciernica-listkowa-trzpieniowa-60x30x6mm-gr-40\/\"]}]},{\"@type\":\"BreadcrumbList\",\"@id\":\"https:\/\/bobimarket.pl\/index.php\/produkt\/sciernica-listkowa-trzpieniowa-60x30x6mm-gr-40\/#breadcrumb\",\"itemListElement\":[{\"@type\":\"ListItem\",\"position\":1,\"name\":\"Strona g\u0142\u00f3wna\",\"item\":\"https:\/\/bobimarket.pl\/\"},{\"@type\":\"ListItem\",\"position\":2,\"name\":\"Sklep\",\"item\":\"https:\/\/bobimarket.pl\/index.php\/shop\/\"},{\"@type\":\"ListItem\",\"position\":3,\"name\":\"\u015aCIERNICA LISTKOWA TRZPIENIOWA 60x30x6mm GR 40\"}]},{\"@type\":\"WebSite\",\"@id\":\"https:\/\/bobimarket.pl\/#website\",\"url\":\"https:\/\/bobimarket.pl\/\",\"name\":\"BOBIMARKET.pl - Remontuj i urz\u0105dzaj z nami\",\"description\":\"Remontuj i urz\u0105dzaj z nami\",\"publisher\":{\"@id\":\"https:\/\/bobimarket.pl\/#organization\"},\"potentialAction\":[{\"@type\":\"SearchAction\",\"target\":{\"@type\":\"EntryPoint\",\"urlTemplate\":\"https:\/\/bobimarket.pl\/?s={search_term_string}\"},\"query-input\":\"required name=search_term_string\"}],\"inLanguage\":\"pl-PL\"},{\"@type\":\"Organization\",\"@id\":\"https:\/\/bobimarket.pl\/#organization\",\"name\":\"BOBIMARKET.pl\",\"url\":\"https:\/\/bobimarket.pl\/\",\"logo\":{\"@type\":\"ImageObject\",\"inLanguage\":\"pl-PL\",\"@id\":\"https:\/\/bobimarket.pl\/#\/schema\/logo\/image\/\",\"url\":\"https:\/\/bobimarket.pl\/wp-content\/uploads\/2021\/11\/slogan.png\",\"contentUrl\":\"https:\/\/bobimarket.pl\/wp-content\/uploads\/2021\/11\/slogan.png\",\"width\":2000,\"height\":384,\"caption\":\"BOBIMARKET.pl\"},\"image\":{\"@id\":\"https:\/\/bobimarket.pl\/#\/schema\/logo\/image\/\"}}]}<\/script>\n<!-- \/ Yoast SEO plugin. -->","yoast_head_json":{"title":"\u015aCIERNICA LISTKOWA TRZPIENIOWA 60x30x6mm GR 40 - BOBIMARKET.pl - Remontuj i urz\u0105dzaj z nami","robots":{"index":"index","follow":"follow","max-snippet":"max-snippet:-1","max-image-preview":"max-image-preview:large","max-video-preview":"max-video-preview:-1"},"canonical":"https:\/\/bobimarket.pl\/index.php\/produkt\/sciernica-listkowa-trzpieniowa-60x30x6mm-gr-40\/","og_locale":"pl_PL","og_type":"article","og_title":"\u015aCIERNICA LISTKOWA TRZPIENIOWA 60x30x6mm GR 40 - BOBIMARKET.pl - Remontuj i urz\u0105dzaj z nami","og_description":"\u015aCIERNICA LISTKOWA TRZPIENIOWA 60x30x6mm GR 40 Dane techniczne: Wysoko\u015bc: 30 MM \u015arednica: 60 MM Trzpie\u0144: 6 MM Granulacja: 40 max obr. 20000\/min \u015aciernica listkowa z trzpieniem jest przeznaczona do pracy z wiertark\u0105. Dzi\u0119ki niej oczy\u015bcisz stare pow\u0142oki z element\u00f3w drewnianych , metalowych. Dzi\u0119ki specjalnej konstrukcji dopasowuje sie do przedmiotu obrabianego.","og_url":"https:\/\/bobimarket.pl\/index.php\/produkt\/sciernica-listkowa-trzpieniowa-60x30x6mm-gr-40\/","og_site_name":"BOBIMARKET.pl - Remontuj i urz\u0105dzaj z nami","article_modified_time":"2025-02-27T14:26:35+00:00","og_image":[{"url":"https:\/\/upload.cdn.baselinker.com\/products\/14476\/ef80581425f17a9b2c44f6e0c76e5793.jpg"}],"twitter_card":"summary_large_image","schema":{"@context":"https:\/\/schema.org","@graph":[{"@type":"WebPage","@id":"https:\/\/bobimarket.pl\/index.php\/produkt\/sciernica-listkowa-trzpieniowa-60x30x6mm-gr-40\/","url":"https:\/\/bobimarket.pl\/index.php\/produkt\/sciernica-listkowa-trzpieniowa-60x30x6mm-gr-40\/","name":"\u015aCIERNICA LISTKOWA TRZPIENIOWA 60x30x6mm GR 40 - BOBIMARKET.pl - Remontuj i urz\u0105dzaj z nami","isPartOf":{"@id":"https:\/\/bobimarket.pl\/#website"},"datePublished":"2023-08-29T21:30:57+00:00","dateModified":"2025-02-27T14:26:35+00:00","breadcrumb":{"@id":"https:\/\/bobimarket.pl\/index.php\/produkt\/sciernica-listkowa-trzpieniowa-60x30x6mm-gr-40\/#breadcrumb"},"inLanguage":"pl-PL","potentialAction":[{"@type":"ReadAction","target":["https:\/\/bobimarket.pl\/index.php\/produkt\/sciernica-listkowa-trzpieniowa-60x30x6mm-gr-40\/"]}]},{"@type":"BreadcrumbList","@id":"https:\/\/bobimarket.pl\/index.php\/produkt\/sciernica-listkowa-trzpieniowa-60x30x6mm-gr-40\/#breadcrumb","itemListElement":[{"@type":"ListItem","position":1,"name":"Strona g\u0142\u00f3wna","item":"https:\/\/bobimarket.pl\/"},{"@type":"ListItem","position":2,"name":"Sklep","item":"https:\/\/bobimarket.pl\/index.php\/shop\/"},{"@type":"ListItem","position":3,"name":"\u015aCIERNICA LISTKOWA TRZPIENIOWA 60x30x6mm GR 40"}]},{"@type":"WebSite","@id":"https:\/\/bobimarket.pl\/#website","url":"https:\/\/bobimarket.pl\/","name":"BOBIMARKET.pl - Remontuj i urz\u0105dzaj z nami","description":"Remontuj i urz\u0105dzaj z nami","publisher":{"@id":"https:\/\/bobimarket.pl\/#organization"},"potentialAction":[{"@type":"SearchAction","target":{"@type":"EntryPoint","urlTemplate":"https:\/\/bobimarket.pl\/?s={search_term_string}"},"query-input":"required name=search_term_string"}],"inLanguage":"pl-PL"},{"@type":"Organization","@id":"https:\/\/bobimarket.pl\/#organization","name":"BOBIMARKET.pl","url":"https:\/\/bobimarket.pl\/","logo":{"@type":"ImageObject","inLanguage":"pl-PL","@id":"https:\/\/bobimarket.pl\/#\/schema\/logo\/image\/","url":"https:\/\/bobimarket.pl\/wp-content\/uploads\/2021\/11\/slogan.png","contentUrl":"https:\/\/bobimarket.pl\/wp-content\/uploads\/2021\/11\/slogan.png","width":2000,"height":384,"caption":"BOBIMARKET.pl"},"image":{"@id":"https:\/\/bobimarket.pl\/#\/schema\/logo\/image\/"}}]}},"_links":{"self":[{"href":"https:\/\/bobimarket.pl\/index.php\/wp-json\/wp\/v2\/product\/84892"}],"collection":[{"href":"https:\/\/bobimarket.pl\/index.php\/wp-json\/wp\/v2\/product"}],"about":[{"href":"https:\/\/bobimarket.pl\/index.php\/wp-json\/wp\/v2\/types\/product"}],"wp:featuredmedia":[{"embeddable":true,"href":"https:\/\/bobimarket.pl\/index.php\/wp-json\/wp\/v2\/media\/84889"}],"wp:attachment":[{"href":"https:\/\/bobimarket.pl\/index.php\/wp-json\/wp\/v2\/media?parent=84892"}],"wp:term":[{"taxonomy":"product_cat","embeddable":true,"href":"https:\/\/bobimarket.pl\/index.php\/wp-json\/wp\/v2\/product_cat?post=84892"},{"taxonomy":"product_tag","embeddable":true,"href":"https:\/\/bobimarket.pl\/index.php\/wp-json\/wp\/v2\/product_tag?post=84892"}],"curies":[{"name":"wp","href":"https:\/\/api.w.org\/{rel}","templated":true}]}}