{"id":84916,"date":"2023-08-29T21:33:17","date_gmt":"2023-08-29T21:33:17","guid":{"rendered":"https:\/\/bobimarket.pl\/index.php\/produkt\/walek-malarski-zapas-velur-mini-7cm-welur\/"},"modified":"2025-02-27T14:26:56","modified_gmt":"2025-02-27T14:26:56","slug":"walek-malarski-zapas-velur-mini-7cm-welur","status":"publish","type":"product","link":"https:\/\/bobimarket.pl\/index.php\/produkt\/walek-malarski-zapas-velur-mini-7cm-welur\/","title":{"rendered":"WA\u0141EK MALARSKI ZAPAS VELUR MINI 7CM WELUR"},"content":{"rendered":"<section class=\"section\">\n<div class=\"item item-12\">\n<section class=\"text-item\">\n<h1>WA\u0141EK MALARSKI ZAPAS VELUR MINI 7CM WELUR<\/h1>\n<p><b>Dane techniczne:<\/b><\/p>\n<ul>\n<li>D\u0142ugo\u015b\u0107 ca\u0142kowita:<b> +\/-70 mm<\/b><\/li>\n<li>\u015arednica:<b>\u00a0 +\/-25 mm<\/b><\/li>\n<li>Runo: 4 mm<\/li>\n<li><b>Przeznaczenie:<\/b> do farb olejnych, na bazie rozpuszczalnik\u00f3w, epoksydowych, silikonowych lub chlorokauczukowych<\/li>\n<\/ul>\n<p><b>Zapas przystosowany do r\u0105czek o \u015brednicy drutu \u03a66 mm, d\u0142ugo\u015b\u0107 7 cm.<\/b><\/p>\n<\/section><\/div>\n<\/section>\n<section class=\"section\">\n<div class=\"item item-12\">\n<section class=\"image-item\">\n            <img decoding=\"async\" src=\"https:\/\/upload.cdn.baselinker.com\/products\/14476\/54cfcbb49c75c2f1a0f87aabaa248f59.jpg\" \/><br \/>\n        <\/section>\n<\/p><\/div>\n<\/section>\n<section class=\"section\">\n<div class=\"item item-12\">\n<section class=\"text-item\">\n<p>\u2705 <b>Zastosowanie<\/b>:<\/p>\n<p>Wa\u0142ek <b>VELUR<\/b> r\u00f3wnomiernie rozprowadza farb\u0119 na malowanych powierzchniach. Jest przeznaczony do nak\u0142adania r\u00f3\u017cnego rodzaju lakier\u00f3w oraz farb olejnych.<\/p>\n<ul>\n<li>Struktura wk\u0142adu doskonale wch\u0142ania farb\u0119, dlatego wa\u0142ek umo\u017cliwia przeprowadzenie czystych i szybkich prac remontowych.<\/li>\n<\/ul>\n<\/section><\/div>\n<\/section>\n<section class=\"section\">\n<div class=\"item item-12\">\n<section class=\"image-item\">\n            <img decoding=\"async\" src=\"https:\/\/upload.cdn.baselinker.com\/products\/14476\/2d2841bc5c9fc4f721e4256ae67862dc.jpg\" \/><br \/>\n        <\/section>\n<\/p><\/div>\n<\/section>\n<section class=\"section\">\n<div class=\"item item-12\">\n<section class=\"text-item\">\n<p><b>\u2705 Dodatkowe informacje:<\/b><\/p>\n<ul>\n<li>odporne na dzia\u0142anie rozpuszczalnik\u00f3w<\/li>\n<li>nadaje si\u0119 do rozprowadzania \u017cywic epoksydowych i poliestrowych<\/li>\n<li>odpowiedni do farb g\u0119stych<\/li>\n<\/ul>\n<\/section><\/div>\n<\/section>\n","protected":false},"excerpt":{"rendered":"<p>WA\u0141EK MALARSKI ZAPAS VELUR MINI 7CM WELUR Dane techniczne: D\u0142ugo\u015b\u0107 ca\u0142kowita: +\/-70 mm \u015arednica:\u00a0 +\/-25 mm Runo: 4 mm Przeznaczenie: do farb olejnych, na bazie rozpuszczalnik\u00f3w, epoksydowych, silikonowych lub chlorokauczukowych Zapas przystosowany do r\u0105czek o \u015brednicy drutu \u03a66 mm, d\u0142ugo\u015b\u0107 7 cm. \u2705 Zastosowanie: Wa\u0142ek VELUR r\u00f3wnomiernie rozprowadza farb\u0119 na malowanych powierzchniach. Jest przeznaczony do<br \/><a class=\"more-link\" href=\"https:\/\/bobimarket.pl\/index.php\/produkt\/walek-malarski-zapas-velur-mini-7cm-welur\/\"><br \/>\n        Czytaj wi\u0119cej<span class=\"screen-reader-text\"> &#8222;WA\u0141EK MALARSKI ZAPAS VELUR MINI 7CM WELUR&#8221;<\/span><\/a><\/p>\n","protected":false},"featured_media":84914,"template":"","meta":[],"product_cat":[8063],"product_tag":[],"yoast_head":"<!-- This site is optimized with the Yoast SEO plugin v21.0 - https:\/\/yoast.com\/wordpress\/plugins\/seo\/ -->\n<title>WA\u0141EK MALARSKI ZAPAS VELUR MINI 7CM WELUR - BOBIMARKET.pl - Remontuj i urz\u0105dzaj z nami<\/title>\n<meta name=\"robots\" content=\"index, follow, max-snippet:-1, max-image-preview:large, max-video-preview:-1\" \/>\n<link rel=\"canonical\" href=\"https:\/\/bobimarket.pl\/index.php\/produkt\/walek-malarski-zapas-velur-mini-7cm-welur\/\" \/>\n<meta property=\"og:locale\" content=\"pl_PL\" \/>\n<meta property=\"og:type\" content=\"article\" \/>\n<meta property=\"og:title\" content=\"WA\u0141EK MALARSKI ZAPAS VELUR MINI 7CM WELUR - BOBIMARKET.pl - Remontuj i urz\u0105dzaj z nami\" \/>\n<meta property=\"og:description\" content=\"WA\u0141EK MALARSKI ZAPAS VELUR MINI 7CM WELUR Dane techniczne: D\u0142ugo\u015b\u0107 ca\u0142kowita: +\/-70 mm \u015arednica:\u00a0 +\/-25 mm Runo: 4 mm Przeznaczenie: do farb olejnych, na bazie rozpuszczalnik\u00f3w, epoksydowych, silikonowych lub chlorokauczukowych Zapas przystosowany do r\u0105czek o \u015brednicy drutu \u03a66 mm, d\u0142ugo\u015b\u0107 7 cm. \u2705 Zastosowanie: Wa\u0142ek VELUR r\u00f3wnomiernie rozprowadza farb\u0119 na malowanych powierzchniach. Jest przeznaczony do     Czytaj wi\u0119cej &quot;WA\u0141EK MALARSKI ZAPAS VELUR MINI 7CM WELUR&quot;\" \/>\n<meta property=\"og:url\" content=\"https:\/\/bobimarket.pl\/index.php\/produkt\/walek-malarski-zapas-velur-mini-7cm-welur\/\" \/>\n<meta property=\"og:site_name\" content=\"BOBIMARKET.pl - Remontuj i urz\u0105dzaj z nami\" \/>\n<meta property=\"article:modified_time\" content=\"2025-02-27T14:26:56+00:00\" \/>\n<meta property=\"og:image\" content=\"https:\/\/upload.cdn.baselinker.com\/products\/14476\/54cfcbb49c75c2f1a0f87aabaa248f59.jpg\" \/>\n<meta name=\"twitter:card\" content=\"summary_large_image\" \/>\n<meta name=\"twitter:label1\" content=\"Szacowany czas czytania\" \/>\n\t<meta name=\"twitter:data1\" content=\"1 minuta\" \/>\n<script type=\"application\/ld+json\" class=\"yoast-schema-graph\">{\"@context\":\"https:\/\/schema.org\",\"@graph\":[{\"@type\":\"WebPage\",\"@id\":\"https:\/\/bobimarket.pl\/index.php\/produkt\/walek-malarski-zapas-velur-mini-7cm-welur\/\",\"url\":\"https:\/\/bobimarket.pl\/index.php\/produkt\/walek-malarski-zapas-velur-mini-7cm-welur\/\",\"name\":\"WA\u0141EK MALARSKI ZAPAS VELUR MINI 7CM WELUR - BOBIMARKET.pl - Remontuj i urz\u0105dzaj z nami\",\"isPartOf\":{\"@id\":\"https:\/\/bobimarket.pl\/#website\"},\"datePublished\":\"2023-08-29T21:33:17+00:00\",\"dateModified\":\"2025-02-27T14:26:56+00:00\",\"breadcrumb\":{\"@id\":\"https:\/\/bobimarket.pl\/index.php\/produkt\/walek-malarski-zapas-velur-mini-7cm-welur\/#breadcrumb\"},\"inLanguage\":\"pl-PL\",\"potentialAction\":[{\"@type\":\"ReadAction\",\"target\":[\"https:\/\/bobimarket.pl\/index.php\/produkt\/walek-malarski-zapas-velur-mini-7cm-welur\/\"]}]},{\"@type\":\"BreadcrumbList\",\"@id\":\"https:\/\/bobimarket.pl\/index.php\/produkt\/walek-malarski-zapas-velur-mini-7cm-welur\/#breadcrumb\",\"itemListElement\":[{\"@type\":\"ListItem\",\"position\":1,\"name\":\"Strona g\u0142\u00f3wna\",\"item\":\"https:\/\/bobimarket.pl\/\"},{\"@type\":\"ListItem\",\"position\":2,\"name\":\"Sklep\",\"item\":\"https:\/\/bobimarket.pl\/index.php\/shop\/\"},{\"@type\":\"ListItem\",\"position\":3,\"name\":\"WA\u0141EK MALARSKI ZAPAS VELUR MINI 7CM WELUR\"}]},{\"@type\":\"WebSite\",\"@id\":\"https:\/\/bobimarket.pl\/#website\",\"url\":\"https:\/\/bobimarket.pl\/\",\"name\":\"BOBIMARKET.pl - Remontuj i urz\u0105dzaj z nami\",\"description\":\"Remontuj i urz\u0105dzaj z nami\",\"publisher\":{\"@id\":\"https:\/\/bobimarket.pl\/#organization\"},\"potentialAction\":[{\"@type\":\"SearchAction\",\"target\":{\"@type\":\"EntryPoint\",\"urlTemplate\":\"https:\/\/bobimarket.pl\/?s={search_term_string}\"},\"query-input\":\"required name=search_term_string\"}],\"inLanguage\":\"pl-PL\"},{\"@type\":\"Organization\",\"@id\":\"https:\/\/bobimarket.pl\/#organization\",\"name\":\"BOBIMARKET.pl\",\"url\":\"https:\/\/bobimarket.pl\/\",\"logo\":{\"@type\":\"ImageObject\",\"inLanguage\":\"pl-PL\",\"@id\":\"https:\/\/bobimarket.pl\/#\/schema\/logo\/image\/\",\"url\":\"https:\/\/bobimarket.pl\/wp-content\/uploads\/2021\/11\/slogan.png\",\"contentUrl\":\"https:\/\/bobimarket.pl\/wp-content\/uploads\/2021\/11\/slogan.png\",\"width\":2000,\"height\":384,\"caption\":\"BOBIMARKET.pl\"},\"image\":{\"@id\":\"https:\/\/bobimarket.pl\/#\/schema\/logo\/image\/\"}}]}<\/script>\n<!-- \/ Yoast SEO plugin. -->","yoast_head_json":{"title":"WA\u0141EK MALARSKI ZAPAS VELUR MINI 7CM WELUR - BOBIMARKET.pl - Remontuj i urz\u0105dzaj z nami","robots":{"index":"index","follow":"follow","max-snippet":"max-snippet:-1","max-image-preview":"max-image-preview:large","max-video-preview":"max-video-preview:-1"},"canonical":"https:\/\/bobimarket.pl\/index.php\/produkt\/walek-malarski-zapas-velur-mini-7cm-welur\/","og_locale":"pl_PL","og_type":"article","og_title":"WA\u0141EK MALARSKI ZAPAS VELUR MINI 7CM WELUR - BOBIMARKET.pl - Remontuj i urz\u0105dzaj z nami","og_description":"WA\u0141EK MALARSKI ZAPAS VELUR MINI 7CM WELUR Dane techniczne: D\u0142ugo\u015b\u0107 ca\u0142kowita: +\/-70 mm \u015arednica:\u00a0 +\/-25 mm Runo: 4 mm Przeznaczenie: do farb olejnych, na bazie rozpuszczalnik\u00f3w, epoksydowych, silikonowych lub chlorokauczukowych Zapas przystosowany do r\u0105czek o \u015brednicy drutu \u03a66 mm, d\u0142ugo\u015b\u0107 7 cm. \u2705 Zastosowanie: Wa\u0142ek VELUR r\u00f3wnomiernie rozprowadza farb\u0119 na malowanych powierzchniach. Jest przeznaczony do     Czytaj wi\u0119cej \"WA\u0141EK MALARSKI ZAPAS VELUR MINI 7CM WELUR\"","og_url":"https:\/\/bobimarket.pl\/index.php\/produkt\/walek-malarski-zapas-velur-mini-7cm-welur\/","og_site_name":"BOBIMARKET.pl - Remontuj i urz\u0105dzaj z nami","article_modified_time":"2025-02-27T14:26:56+00:00","og_image":[{"url":"https:\/\/upload.cdn.baselinker.com\/products\/14476\/54cfcbb49c75c2f1a0f87aabaa248f59.jpg"}],"twitter_card":"summary_large_image","twitter_misc":{"Szacowany czas czytania":"1 minuta"},"schema":{"@context":"https:\/\/schema.org","@graph":[{"@type":"WebPage","@id":"https:\/\/bobimarket.pl\/index.php\/produkt\/walek-malarski-zapas-velur-mini-7cm-welur\/","url":"https:\/\/bobimarket.pl\/index.php\/produkt\/walek-malarski-zapas-velur-mini-7cm-welur\/","name":"WA\u0141EK MALARSKI ZAPAS VELUR MINI 7CM WELUR - BOBIMARKET.pl - Remontuj i urz\u0105dzaj z nami","isPartOf":{"@id":"https:\/\/bobimarket.pl\/#website"},"datePublished":"2023-08-29T21:33:17+00:00","dateModified":"2025-02-27T14:26:56+00:00","breadcrumb":{"@id":"https:\/\/bobimarket.pl\/index.php\/produkt\/walek-malarski-zapas-velur-mini-7cm-welur\/#breadcrumb"},"inLanguage":"pl-PL","potentialAction":[{"@type":"ReadAction","target":["https:\/\/bobimarket.pl\/index.php\/produkt\/walek-malarski-zapas-velur-mini-7cm-welur\/"]}]},{"@type":"BreadcrumbList","@id":"https:\/\/bobimarket.pl\/index.php\/produkt\/walek-malarski-zapas-velur-mini-7cm-welur\/#breadcrumb","itemListElement":[{"@type":"ListItem","position":1,"name":"Strona g\u0142\u00f3wna","item":"https:\/\/bobimarket.pl\/"},{"@type":"ListItem","position":2,"name":"Sklep","item":"https:\/\/bobimarket.pl\/index.php\/shop\/"},{"@type":"ListItem","position":3,"name":"WA\u0141EK MALARSKI ZAPAS VELUR MINI 7CM WELUR"}]},{"@type":"WebSite","@id":"https:\/\/bobimarket.pl\/#website","url":"https:\/\/bobimarket.pl\/","name":"BOBIMARKET.pl - Remontuj i urz\u0105dzaj z nami","description":"Remontuj i urz\u0105dzaj z nami","publisher":{"@id":"https:\/\/bobimarket.pl\/#organization"},"potentialAction":[{"@type":"SearchAction","target":{"@type":"EntryPoint","urlTemplate":"https:\/\/bobimarket.pl\/?s={search_term_string}"},"query-input":"required name=search_term_string"}],"inLanguage":"pl-PL"},{"@type":"Organization","@id":"https:\/\/bobimarket.pl\/#organization","name":"BOBIMARKET.pl","url":"https:\/\/bobimarket.pl\/","logo":{"@type":"ImageObject","inLanguage":"pl-PL","@id":"https:\/\/bobimarket.pl\/#\/schema\/logo\/image\/","url":"https:\/\/bobimarket.pl\/wp-content\/uploads\/2021\/11\/slogan.png","contentUrl":"https:\/\/bobimarket.pl\/wp-content\/uploads\/2021\/11\/slogan.png","width":2000,"height":384,"caption":"BOBIMARKET.pl"},"image":{"@id":"https:\/\/bobimarket.pl\/#\/schema\/logo\/image\/"}}]}},"_links":{"self":[{"href":"https:\/\/bobimarket.pl\/index.php\/wp-json\/wp\/v2\/product\/84916"}],"collection":[{"href":"https:\/\/bobimarket.pl\/index.php\/wp-json\/wp\/v2\/product"}],"about":[{"href":"https:\/\/bobimarket.pl\/index.php\/wp-json\/wp\/v2\/types\/product"}],"wp:featuredmedia":[{"embeddable":true,"href":"https:\/\/bobimarket.pl\/index.php\/wp-json\/wp\/v2\/media\/84914"}],"wp:attachment":[{"href":"https:\/\/bobimarket.pl\/index.php\/wp-json\/wp\/v2\/media?parent=84916"}],"wp:term":[{"taxonomy":"product_cat","embeddable":true,"href":"https:\/\/bobimarket.pl\/index.php\/wp-json\/wp\/v2\/product_cat?post=84916"},{"taxonomy":"product_tag","embeddable":true,"href":"https:\/\/bobimarket.pl\/index.php\/wp-json\/wp\/v2\/product_tag?post=84916"}],"curies":[{"name":"wp","href":"https:\/\/api.w.org\/{rel}","templated":true}]}}