{"id":84931,"date":"2023-08-29T21:34:46","date_gmt":"2023-08-29T21:34:46","guid":{"rendered":"https:\/\/bobimarket.pl\/index.php\/produkt\/siatka-szlifierska-scierna-do-szlifowania-g120-10s\/"},"modified":"2025-02-27T14:27:12","modified_gmt":"2025-02-27T14:27:12","slug":"siatka-szlifierska-scierna-do-szlifowania-g120-10s","status":"publish","type":"product","link":"https:\/\/bobimarket.pl\/index.php\/produkt\/siatka-szlifierska-scierna-do-szlifowania-g120-10s\/","title":{"rendered":"SIATKA SZLIFIERSKA \u015aCIERNA DO SZLIFOWANIA G120 10S"},"content":{"rendered":"<section class=\"section\">\n<div class=\"item item-6\">\n<section class=\"image-item\">\n                <img decoding=\"async\" src=\"https:\/\/upload.cdn.baselinker.com\/products\/14476\/813627f00867d16997ffbfb6ef6408c2.jpg\" \/><br \/>\n            <\/section>\n<\/p><\/div>\n<div class=\"item item-6\">\n<section class=\"text-item\">\n<h2>SIATKA SZLIFIERSKA \u015aCIERNA DO SZLIFOWANIA G100 ZESTAW 10SZT<\/h2>\n<p><b>Dane techniczne:<\/b><\/p>\n<ul>\n<li>Wymiary: <b>105x 270MM<\/b><\/li>\n<li>Granulacja: <b>100<\/b><\/li>\n<li>Ilo\u015b\u0107:<b> 10szt<\/b><\/li>\n<\/ul>\n<p><b>W zale\u017cno\u015bci od dostawy, siatka wyst\u0119puje z logiem lub z samym numerem gradacji!!<\/b><\/p>\n<\/section><\/div>\n<\/section>\n<section class=\"section\">\n<div class=\"item item-6\">\n<section class=\"image-item\">\n                <img decoding=\"async\" src=\"https:\/\/upload.cdn.baselinker.com\/products\/14476\/1a486ead7dd26200b74d67591fbb594f.jpg\" \/><br \/>\n            <\/section>\n<\/p><\/div>\n<div class=\"item item-6\">\n<section class=\"text-item\">\n<p><b>\u2705 ZASTOSOWANIE:<\/b><\/p>\n<p>Siatka szlifierska stosowana jest do wyg\u0142adzania i \u015bcierania r\u00f3\u017cnych powierzchni takich jak:<\/p>\n<ul>\n<li>drewno,<\/li>\n<li>metal,<\/li>\n<li>farba,<\/li>\n<li>gips itp.<\/li>\n<\/ul>\n<\/section><\/div>\n<\/section>\n<section class=\"section\">\n<div class=\"item item-12\">\n<section class=\"image-item\">\n                <img decoding=\"async\" src=\"https:\/\/upload.cdn.baselinker.com\/products\/14476\/90971be324adfed9de478bdc65255859.jpg\" \/><br \/>\n            <\/section>\n<\/p><\/div>\n<\/section>\n","protected":false},"excerpt":{"rendered":"<p>SIATKA SZLIFIERSKA \u015aCIERNA DO SZLIFOWANIA G100 ZESTAW 10SZT Dane techniczne: Wymiary: 105x 270MM Granulacja: 100 Ilo\u015b\u0107: 10szt W zale\u017cno\u015bci od dostawy, siatka wyst\u0119puje z logiem lub z samym numerem gradacji!! \u2705 ZASTOSOWANIE: Siatka szlifierska stosowana jest do wyg\u0142adzania i \u015bcierania r\u00f3\u017cnych powierzchni takich jak: drewno, metal, farba, gips itp.<\/p>\n","protected":false},"featured_media":84928,"template":"","meta":[],"product_cat":[8133],"product_tag":[],"yoast_head":"<!-- This site is optimized with the Yoast SEO plugin v21.0 - https:\/\/yoast.com\/wordpress\/plugins\/seo\/ -->\n<title>SIATKA SZLIFIERSKA \u015aCIERNA DO SZLIFOWANIA G120 10S - BOBIMARKET.pl - Remontuj i urz\u0105dzaj z nami<\/title>\n<meta name=\"robots\" content=\"index, follow, max-snippet:-1, max-image-preview:large, max-video-preview:-1\" \/>\n<link rel=\"canonical\" href=\"https:\/\/bobimarket.pl\/index.php\/produkt\/siatka-szlifierska-scierna-do-szlifowania-g120-10s\/\" \/>\n<meta property=\"og:locale\" content=\"pl_PL\" \/>\n<meta property=\"og:type\" content=\"article\" \/>\n<meta property=\"og:title\" content=\"SIATKA SZLIFIERSKA \u015aCIERNA DO SZLIFOWANIA G120 10S - BOBIMARKET.pl - Remontuj i urz\u0105dzaj z nami\" \/>\n<meta property=\"og:description\" content=\"SIATKA SZLIFIERSKA \u015aCIERNA DO SZLIFOWANIA G100 ZESTAW 10SZT Dane techniczne: Wymiary: 105x 270MM Granulacja: 100 Ilo\u015b\u0107: 10szt W zale\u017cno\u015bci od dostawy, siatka wyst\u0119puje z logiem lub z samym numerem gradacji!! \u2705 ZASTOSOWANIE: Siatka szlifierska stosowana jest do wyg\u0142adzania i \u015bcierania r\u00f3\u017cnych powierzchni takich jak: drewno, metal, farba, gips itp.\" \/>\n<meta property=\"og:url\" content=\"https:\/\/bobimarket.pl\/index.php\/produkt\/siatka-szlifierska-scierna-do-szlifowania-g120-10s\/\" \/>\n<meta property=\"og:site_name\" content=\"BOBIMARKET.pl - Remontuj i urz\u0105dzaj z nami\" \/>\n<meta property=\"article:modified_time\" content=\"2025-02-27T14:27:12+00:00\" \/>\n<meta property=\"og:image\" content=\"https:\/\/upload.cdn.baselinker.com\/products\/14476\/813627f00867d16997ffbfb6ef6408c2.jpg\" \/>\n<meta name=\"twitter:card\" content=\"summary_large_image\" \/>\n<script type=\"application\/ld+json\" class=\"yoast-schema-graph\">{\"@context\":\"https:\/\/schema.org\",\"@graph\":[{\"@type\":\"WebPage\",\"@id\":\"https:\/\/bobimarket.pl\/index.php\/produkt\/siatka-szlifierska-scierna-do-szlifowania-g120-10s\/\",\"url\":\"https:\/\/bobimarket.pl\/index.php\/produkt\/siatka-szlifierska-scierna-do-szlifowania-g120-10s\/\",\"name\":\"SIATKA SZLIFIERSKA \u015aCIERNA DO SZLIFOWANIA G120 10S - BOBIMARKET.pl - Remontuj i urz\u0105dzaj z nami\",\"isPartOf\":{\"@id\":\"https:\/\/bobimarket.pl\/#website\"},\"datePublished\":\"2023-08-29T21:34:46+00:00\",\"dateModified\":\"2025-02-27T14:27:12+00:00\",\"breadcrumb\":{\"@id\":\"https:\/\/bobimarket.pl\/index.php\/produkt\/siatka-szlifierska-scierna-do-szlifowania-g120-10s\/#breadcrumb\"},\"inLanguage\":\"pl-PL\",\"potentialAction\":[{\"@type\":\"ReadAction\",\"target\":[\"https:\/\/bobimarket.pl\/index.php\/produkt\/siatka-szlifierska-scierna-do-szlifowania-g120-10s\/\"]}]},{\"@type\":\"BreadcrumbList\",\"@id\":\"https:\/\/bobimarket.pl\/index.php\/produkt\/siatka-szlifierska-scierna-do-szlifowania-g120-10s\/#breadcrumb\",\"itemListElement\":[{\"@type\":\"ListItem\",\"position\":1,\"name\":\"Strona g\u0142\u00f3wna\",\"item\":\"https:\/\/bobimarket.pl\/\"},{\"@type\":\"ListItem\",\"position\":2,\"name\":\"Sklep\",\"item\":\"https:\/\/bobimarket.pl\/index.php\/shop\/\"},{\"@type\":\"ListItem\",\"position\":3,\"name\":\"SIATKA SZLIFIERSKA \u015aCIERNA DO SZLIFOWANIA G120 10S\"}]},{\"@type\":\"WebSite\",\"@id\":\"https:\/\/bobimarket.pl\/#website\",\"url\":\"https:\/\/bobimarket.pl\/\",\"name\":\"BOBIMARKET.pl - Remontuj i urz\u0105dzaj z nami\",\"description\":\"Remontuj i urz\u0105dzaj z nami\",\"publisher\":{\"@id\":\"https:\/\/bobimarket.pl\/#organization\"},\"potentialAction\":[{\"@type\":\"SearchAction\",\"target\":{\"@type\":\"EntryPoint\",\"urlTemplate\":\"https:\/\/bobimarket.pl\/?s={search_term_string}\"},\"query-input\":\"required name=search_term_string\"}],\"inLanguage\":\"pl-PL\"},{\"@type\":\"Organization\",\"@id\":\"https:\/\/bobimarket.pl\/#organization\",\"name\":\"BOBIMARKET.pl\",\"url\":\"https:\/\/bobimarket.pl\/\",\"logo\":{\"@type\":\"ImageObject\",\"inLanguage\":\"pl-PL\",\"@id\":\"https:\/\/bobimarket.pl\/#\/schema\/logo\/image\/\",\"url\":\"https:\/\/bobimarket.pl\/wp-content\/uploads\/2021\/11\/slogan.png\",\"contentUrl\":\"https:\/\/bobimarket.pl\/wp-content\/uploads\/2021\/11\/slogan.png\",\"width\":2000,\"height\":384,\"caption\":\"BOBIMARKET.pl\"},\"image\":{\"@id\":\"https:\/\/bobimarket.pl\/#\/schema\/logo\/image\/\"}}]}<\/script>\n<!-- \/ Yoast SEO plugin. -->","yoast_head_json":{"title":"SIATKA SZLIFIERSKA \u015aCIERNA DO SZLIFOWANIA G120 10S - BOBIMARKET.pl - Remontuj i urz\u0105dzaj z nami","robots":{"index":"index","follow":"follow","max-snippet":"max-snippet:-1","max-image-preview":"max-image-preview:large","max-video-preview":"max-video-preview:-1"},"canonical":"https:\/\/bobimarket.pl\/index.php\/produkt\/siatka-szlifierska-scierna-do-szlifowania-g120-10s\/","og_locale":"pl_PL","og_type":"article","og_title":"SIATKA SZLIFIERSKA \u015aCIERNA DO SZLIFOWANIA G120 10S - BOBIMARKET.pl - Remontuj i urz\u0105dzaj z nami","og_description":"SIATKA SZLIFIERSKA \u015aCIERNA DO SZLIFOWANIA G100 ZESTAW 10SZT Dane techniczne: Wymiary: 105x 270MM Granulacja: 100 Ilo\u015b\u0107: 10szt W zale\u017cno\u015bci od dostawy, siatka wyst\u0119puje z logiem lub z samym numerem gradacji!! \u2705 ZASTOSOWANIE: Siatka szlifierska stosowana jest do wyg\u0142adzania i \u015bcierania r\u00f3\u017cnych powierzchni takich jak: drewno, metal, farba, gips itp.","og_url":"https:\/\/bobimarket.pl\/index.php\/produkt\/siatka-szlifierska-scierna-do-szlifowania-g120-10s\/","og_site_name":"BOBIMARKET.pl - Remontuj i urz\u0105dzaj z nami","article_modified_time":"2025-02-27T14:27:12+00:00","og_image":[{"url":"https:\/\/upload.cdn.baselinker.com\/products\/14476\/813627f00867d16997ffbfb6ef6408c2.jpg"}],"twitter_card":"summary_large_image","schema":{"@context":"https:\/\/schema.org","@graph":[{"@type":"WebPage","@id":"https:\/\/bobimarket.pl\/index.php\/produkt\/siatka-szlifierska-scierna-do-szlifowania-g120-10s\/","url":"https:\/\/bobimarket.pl\/index.php\/produkt\/siatka-szlifierska-scierna-do-szlifowania-g120-10s\/","name":"SIATKA SZLIFIERSKA \u015aCIERNA DO SZLIFOWANIA G120 10S - BOBIMARKET.pl - Remontuj i urz\u0105dzaj z nami","isPartOf":{"@id":"https:\/\/bobimarket.pl\/#website"},"datePublished":"2023-08-29T21:34:46+00:00","dateModified":"2025-02-27T14:27:12+00:00","breadcrumb":{"@id":"https:\/\/bobimarket.pl\/index.php\/produkt\/siatka-szlifierska-scierna-do-szlifowania-g120-10s\/#breadcrumb"},"inLanguage":"pl-PL","potentialAction":[{"@type":"ReadAction","target":["https:\/\/bobimarket.pl\/index.php\/produkt\/siatka-szlifierska-scierna-do-szlifowania-g120-10s\/"]}]},{"@type":"BreadcrumbList","@id":"https:\/\/bobimarket.pl\/index.php\/produkt\/siatka-szlifierska-scierna-do-szlifowania-g120-10s\/#breadcrumb","itemListElement":[{"@type":"ListItem","position":1,"name":"Strona g\u0142\u00f3wna","item":"https:\/\/bobimarket.pl\/"},{"@type":"ListItem","position":2,"name":"Sklep","item":"https:\/\/bobimarket.pl\/index.php\/shop\/"},{"@type":"ListItem","position":3,"name":"SIATKA SZLIFIERSKA \u015aCIERNA DO SZLIFOWANIA G120 10S"}]},{"@type":"WebSite","@id":"https:\/\/bobimarket.pl\/#website","url":"https:\/\/bobimarket.pl\/","name":"BOBIMARKET.pl - Remontuj i urz\u0105dzaj z nami","description":"Remontuj i urz\u0105dzaj z nami","publisher":{"@id":"https:\/\/bobimarket.pl\/#organization"},"potentialAction":[{"@type":"SearchAction","target":{"@type":"EntryPoint","urlTemplate":"https:\/\/bobimarket.pl\/?s={search_term_string}"},"query-input":"required name=search_term_string"}],"inLanguage":"pl-PL"},{"@type":"Organization","@id":"https:\/\/bobimarket.pl\/#organization","name":"BOBIMARKET.pl","url":"https:\/\/bobimarket.pl\/","logo":{"@type":"ImageObject","inLanguage":"pl-PL","@id":"https:\/\/bobimarket.pl\/#\/schema\/logo\/image\/","url":"https:\/\/bobimarket.pl\/wp-content\/uploads\/2021\/11\/slogan.png","contentUrl":"https:\/\/bobimarket.pl\/wp-content\/uploads\/2021\/11\/slogan.png","width":2000,"height":384,"caption":"BOBIMARKET.pl"},"image":{"@id":"https:\/\/bobimarket.pl\/#\/schema\/logo\/image\/"}}]}},"_links":{"self":[{"href":"https:\/\/bobimarket.pl\/index.php\/wp-json\/wp\/v2\/product\/84931"}],"collection":[{"href":"https:\/\/bobimarket.pl\/index.php\/wp-json\/wp\/v2\/product"}],"about":[{"href":"https:\/\/bobimarket.pl\/index.php\/wp-json\/wp\/v2\/types\/product"}],"wp:featuredmedia":[{"embeddable":true,"href":"https:\/\/bobimarket.pl\/index.php\/wp-json\/wp\/v2\/media\/84928"}],"wp:attachment":[{"href":"https:\/\/bobimarket.pl\/index.php\/wp-json\/wp\/v2\/media?parent=84931"}],"wp:term":[{"taxonomy":"product_cat","embeddable":true,"href":"https:\/\/bobimarket.pl\/index.php\/wp-json\/wp\/v2\/product_cat?post=84931"},{"taxonomy":"product_tag","embeddable":true,"href":"https:\/\/bobimarket.pl\/index.php\/wp-json\/wp\/v2\/product_tag?post=84931"}],"curies":[{"name":"wp","href":"https:\/\/api.w.org\/{rel}","templated":true}]}}