{"id":84966,"date":"2023-08-29T21:37:42","date_gmt":"2023-08-29T21:37:42","guid":{"rendered":"https:\/\/bobimarket.pl\/index.php\/produkt\/wieszak-na-pranie-skladany-parasolka-wiszaca\/"},"modified":"2025-02-27T14:27:36","modified_gmt":"2025-02-27T14:27:36","slug":"wieszak-na-pranie-skladany-parasolka-wiszaca","status":"publish","type":"product","link":"https:\/\/bobimarket.pl\/index.php\/produkt\/wieszak-na-pranie-skladany-parasolka-wiszaca\/","title":{"rendered":"WIESZAK NA PRANIE SK\u0141ADANY PARASOLKA WISZ\u0104CA"},"content":{"rendered":"<section class=\"section\">\n<div class=\"item item-6\">\n<section class=\"image-item\">\n            <img decoding=\"async\" src=\"https:\/\/upload.cdn.baselinker.com\/products\/14476\/5276882b3008194806b8ec7e27a07ad6.jpg\" \/><br \/>\n        <\/section>\n<\/p><\/div>\n<div class=\"item item-6\">\n<section class=\"text-item\">\n<h2>WIESZAK NA PRANIE SK\u0141ADANY PARASOLKA WISZ\u0104CA<\/h2>\n<p><b>Dane techniczne:<\/b><\/p>\n<ul>\n<li>\u015arednica okr\u0119gu: <b>50 cm<\/b><\/li>\n<li>Ilo\u015b\u0107 klips\u00f3w: <b>20 klips\u00f3w<\/b><\/li>\n<li>Materia\u0142: wytrzyma\u0142e, elastyczne tworzywo (polipropylen)<\/li>\n<li>Wyst\u0119puj\u0105ce kolory: zielony, bia\u0142y, \u017c\u00f3\u0142ty, fioletowy, malinowy<\/li>\n<\/ul>\n<p><b>Brak koloru niebieskiego!!<\/b><\/p>\n<p>Kolor wysy\u0142amy losowo!<\/p>\n<\/section><\/div>\n<\/section>\n<section class=\"section\">\n<div class=\"item item-6\">\n<section class=\"image-item\">\n            <img decoding=\"async\" src=\"https:\/\/upload.cdn.baselinker.com\/products\/14476\/561f09f0c8a99d373d2879f9ef28b25c.jpg\" \/><br \/>\n        <\/section>\n<\/p><\/div>\n<div class=\"item item-6\">\n<section class=\"text-item\">\n<p>Wieszak na pranie typu parasolka, sk\u0142adany. Wykonany z wytrzyma\u0142ego elastycznego tworzywa Wieszak posiada<b> 20 du\u017cych klips\u00f3w z mocn\u0105 spr\u0119\u017cyn\u0105.<\/b><\/p>\n<p>\u2705 Suszarka wisz\u0105ca idealnie nada si\u0119 do suszenia bielizny lub skarpet.<\/p>\n<ul>\n<li>Por\u0119czna<\/li>\n<li>Du\u017ce klipsy<\/li>\n<li>\u0141atwa do przechowywania<\/li>\n<\/ul>\n<p><b>Praktyczny element wyposa\u017cenia domu!<\/b><\/p>\n<\/section><\/div>\n<\/section>\n<section class=\"section\">\n<div class=\"item item-6\">\n<section class=\"image-item\">\n            <img decoding=\"async\" src=\"https:\/\/upload.cdn.baselinker.com\/products\/14476\/7950106ad28e752f44fd9632538251c6.jpg\" \/><br \/>\n        <\/section>\n<\/p><\/div>\n<div class=\"item item-6\">\n<section class=\"image-item\">\n            <img decoding=\"async\" src=\"https:\/\/upload.cdn.baselinker.com\/products\/14476\/2ca84c6d249e62d4ae036a24dab72310.jpg\" \/><br \/>\n        <\/section>\n<\/p><\/div>\n<\/section>\n","protected":false},"excerpt":{"rendered":"<p>WIESZAK NA PRANIE SK\u0141ADANY PARASOLKA WISZ\u0104CA Dane techniczne: \u015arednica okr\u0119gu: 50 cm Ilo\u015b\u0107 klips\u00f3w: 20 klips\u00f3w Materia\u0142: wytrzyma\u0142e, elastyczne tworzywo (polipropylen) Wyst\u0119puj\u0105ce kolory: zielony, bia\u0142y, \u017c\u00f3\u0142ty, fioletowy, malinowy Brak koloru niebieskiego!! Kolor wysy\u0142amy losowo! Wieszak na pranie typu parasolka, sk\u0142adany. Wykonany z wytrzyma\u0142ego elastycznego tworzywa Wieszak posiada 20 du\u017cych klips\u00f3w z mocn\u0105 spr\u0119\u017cyn\u0105. \u2705 Suszarka<br \/><a class=\"more-link\" href=\"https:\/\/bobimarket.pl\/index.php\/produkt\/wieszak-na-pranie-skladany-parasolka-wiszaca\/\"><br \/>\n        Czytaj wi\u0119cej<span class=\"screen-reader-text\"> &#8222;WIESZAK NA PRANIE SK\u0141ADANY PARASOLKA WISZ\u0104CA&#8221;<\/span><\/a><\/p>\n","protected":false},"featured_media":84962,"template":"","meta":[],"product_cat":[8276],"product_tag":[],"yoast_head":"<!-- This site is optimized with the Yoast SEO plugin v21.0 - https:\/\/yoast.com\/wordpress\/plugins\/seo\/ -->\n<title>WIESZAK NA PRANIE SK\u0141ADANY PARASOLKA WISZ\u0104CA - BOBIMARKET.pl - Remontuj i urz\u0105dzaj z nami<\/title>\n<meta name=\"robots\" content=\"index, follow, max-snippet:-1, max-image-preview:large, max-video-preview:-1\" \/>\n<link rel=\"canonical\" href=\"https:\/\/bobimarket.pl\/index.php\/produkt\/wieszak-na-pranie-skladany-parasolka-wiszaca\/\" \/>\n<meta property=\"og:locale\" content=\"pl_PL\" \/>\n<meta property=\"og:type\" content=\"article\" \/>\n<meta property=\"og:title\" content=\"WIESZAK NA PRANIE SK\u0141ADANY PARASOLKA WISZ\u0104CA - BOBIMARKET.pl - Remontuj i urz\u0105dzaj z nami\" \/>\n<meta property=\"og:description\" content=\"WIESZAK NA PRANIE SK\u0141ADANY PARASOLKA WISZ\u0104CA Dane techniczne: \u015arednica okr\u0119gu: 50 cm Ilo\u015b\u0107 klips\u00f3w: 20 klips\u00f3w Materia\u0142: wytrzyma\u0142e, elastyczne tworzywo (polipropylen) Wyst\u0119puj\u0105ce kolory: zielony, bia\u0142y, \u017c\u00f3\u0142ty, fioletowy, malinowy Brak koloru niebieskiego!! Kolor wysy\u0142amy losowo! Wieszak na pranie typu parasolka, sk\u0142adany. Wykonany z wytrzyma\u0142ego elastycznego tworzywa Wieszak posiada 20 du\u017cych klips\u00f3w z mocn\u0105 spr\u0119\u017cyn\u0105. \u2705 Suszarka     Czytaj wi\u0119cej &quot;WIESZAK NA PRANIE SK\u0141ADANY PARASOLKA WISZ\u0104CA&quot;\" \/>\n<meta property=\"og:url\" content=\"https:\/\/bobimarket.pl\/index.php\/produkt\/wieszak-na-pranie-skladany-parasolka-wiszaca\/\" \/>\n<meta property=\"og:site_name\" content=\"BOBIMARKET.pl - Remontuj i urz\u0105dzaj z nami\" \/>\n<meta property=\"article:modified_time\" content=\"2025-02-27T14:27:36+00:00\" \/>\n<meta property=\"og:image\" content=\"https:\/\/upload.cdn.baselinker.com\/products\/14476\/5276882b3008194806b8ec7e27a07ad6.jpg\" \/>\n<meta name=\"twitter:card\" content=\"summary_large_image\" \/>\n<script type=\"application\/ld+json\" class=\"yoast-schema-graph\">{\"@context\":\"https:\/\/schema.org\",\"@graph\":[{\"@type\":\"WebPage\",\"@id\":\"https:\/\/bobimarket.pl\/index.php\/produkt\/wieszak-na-pranie-skladany-parasolka-wiszaca\/\",\"url\":\"https:\/\/bobimarket.pl\/index.php\/produkt\/wieszak-na-pranie-skladany-parasolka-wiszaca\/\",\"name\":\"WIESZAK NA PRANIE SK\u0141ADANY PARASOLKA WISZ\u0104CA - BOBIMARKET.pl - Remontuj i urz\u0105dzaj z nami\",\"isPartOf\":{\"@id\":\"https:\/\/bobimarket.pl\/#website\"},\"datePublished\":\"2023-08-29T21:37:42+00:00\",\"dateModified\":\"2025-02-27T14:27:36+00:00\",\"breadcrumb\":{\"@id\":\"https:\/\/bobimarket.pl\/index.php\/produkt\/wieszak-na-pranie-skladany-parasolka-wiszaca\/#breadcrumb\"},\"inLanguage\":\"pl-PL\",\"potentialAction\":[{\"@type\":\"ReadAction\",\"target\":[\"https:\/\/bobimarket.pl\/index.php\/produkt\/wieszak-na-pranie-skladany-parasolka-wiszaca\/\"]}]},{\"@type\":\"BreadcrumbList\",\"@id\":\"https:\/\/bobimarket.pl\/index.php\/produkt\/wieszak-na-pranie-skladany-parasolka-wiszaca\/#breadcrumb\",\"itemListElement\":[{\"@type\":\"ListItem\",\"position\":1,\"name\":\"Strona g\u0142\u00f3wna\",\"item\":\"https:\/\/bobimarket.pl\/\"},{\"@type\":\"ListItem\",\"position\":2,\"name\":\"Sklep\",\"item\":\"https:\/\/bobimarket.pl\/index.php\/shop\/\"},{\"@type\":\"ListItem\",\"position\":3,\"name\":\"WIESZAK NA PRANIE SK\u0141ADANY PARASOLKA WISZ\u0104CA\"}]},{\"@type\":\"WebSite\",\"@id\":\"https:\/\/bobimarket.pl\/#website\",\"url\":\"https:\/\/bobimarket.pl\/\",\"name\":\"BOBIMARKET.pl - Remontuj i urz\u0105dzaj z nami\",\"description\":\"Remontuj i urz\u0105dzaj z nami\",\"publisher\":{\"@id\":\"https:\/\/bobimarket.pl\/#organization\"},\"potentialAction\":[{\"@type\":\"SearchAction\",\"target\":{\"@type\":\"EntryPoint\",\"urlTemplate\":\"https:\/\/bobimarket.pl\/?s={search_term_string}\"},\"query-input\":\"required name=search_term_string\"}],\"inLanguage\":\"pl-PL\"},{\"@type\":\"Organization\",\"@id\":\"https:\/\/bobimarket.pl\/#organization\",\"name\":\"BOBIMARKET.pl\",\"url\":\"https:\/\/bobimarket.pl\/\",\"logo\":{\"@type\":\"ImageObject\",\"inLanguage\":\"pl-PL\",\"@id\":\"https:\/\/bobimarket.pl\/#\/schema\/logo\/image\/\",\"url\":\"https:\/\/bobimarket.pl\/wp-content\/uploads\/2021\/11\/slogan.png\",\"contentUrl\":\"https:\/\/bobimarket.pl\/wp-content\/uploads\/2021\/11\/slogan.png\",\"width\":2000,\"height\":384,\"caption\":\"BOBIMARKET.pl\"},\"image\":{\"@id\":\"https:\/\/bobimarket.pl\/#\/schema\/logo\/image\/\"}}]}<\/script>\n<!-- \/ Yoast SEO plugin. -->","yoast_head_json":{"title":"WIESZAK NA PRANIE SK\u0141ADANY PARASOLKA WISZ\u0104CA - BOBIMARKET.pl - Remontuj i urz\u0105dzaj z nami","robots":{"index":"index","follow":"follow","max-snippet":"max-snippet:-1","max-image-preview":"max-image-preview:large","max-video-preview":"max-video-preview:-1"},"canonical":"https:\/\/bobimarket.pl\/index.php\/produkt\/wieszak-na-pranie-skladany-parasolka-wiszaca\/","og_locale":"pl_PL","og_type":"article","og_title":"WIESZAK NA PRANIE SK\u0141ADANY PARASOLKA WISZ\u0104CA - BOBIMARKET.pl - Remontuj i urz\u0105dzaj z nami","og_description":"WIESZAK NA PRANIE SK\u0141ADANY PARASOLKA WISZ\u0104CA Dane techniczne: \u015arednica okr\u0119gu: 50 cm Ilo\u015b\u0107 klips\u00f3w: 20 klips\u00f3w Materia\u0142: wytrzyma\u0142e, elastyczne tworzywo (polipropylen) Wyst\u0119puj\u0105ce kolory: zielony, bia\u0142y, \u017c\u00f3\u0142ty, fioletowy, malinowy Brak koloru niebieskiego!! Kolor wysy\u0142amy losowo! Wieszak na pranie typu parasolka, sk\u0142adany. Wykonany z wytrzyma\u0142ego elastycznego tworzywa Wieszak posiada 20 du\u017cych klips\u00f3w z mocn\u0105 spr\u0119\u017cyn\u0105. \u2705 Suszarka     Czytaj wi\u0119cej \"WIESZAK NA PRANIE SK\u0141ADANY PARASOLKA WISZ\u0104CA\"","og_url":"https:\/\/bobimarket.pl\/index.php\/produkt\/wieszak-na-pranie-skladany-parasolka-wiszaca\/","og_site_name":"BOBIMARKET.pl - Remontuj i urz\u0105dzaj z nami","article_modified_time":"2025-02-27T14:27:36+00:00","og_image":[{"url":"https:\/\/upload.cdn.baselinker.com\/products\/14476\/5276882b3008194806b8ec7e27a07ad6.jpg"}],"twitter_card":"summary_large_image","schema":{"@context":"https:\/\/schema.org","@graph":[{"@type":"WebPage","@id":"https:\/\/bobimarket.pl\/index.php\/produkt\/wieszak-na-pranie-skladany-parasolka-wiszaca\/","url":"https:\/\/bobimarket.pl\/index.php\/produkt\/wieszak-na-pranie-skladany-parasolka-wiszaca\/","name":"WIESZAK NA PRANIE SK\u0141ADANY PARASOLKA WISZ\u0104CA - BOBIMARKET.pl - Remontuj i urz\u0105dzaj z nami","isPartOf":{"@id":"https:\/\/bobimarket.pl\/#website"},"datePublished":"2023-08-29T21:37:42+00:00","dateModified":"2025-02-27T14:27:36+00:00","breadcrumb":{"@id":"https:\/\/bobimarket.pl\/index.php\/produkt\/wieszak-na-pranie-skladany-parasolka-wiszaca\/#breadcrumb"},"inLanguage":"pl-PL","potentialAction":[{"@type":"ReadAction","target":["https:\/\/bobimarket.pl\/index.php\/produkt\/wieszak-na-pranie-skladany-parasolka-wiszaca\/"]}]},{"@type":"BreadcrumbList","@id":"https:\/\/bobimarket.pl\/index.php\/produkt\/wieszak-na-pranie-skladany-parasolka-wiszaca\/#breadcrumb","itemListElement":[{"@type":"ListItem","position":1,"name":"Strona g\u0142\u00f3wna","item":"https:\/\/bobimarket.pl\/"},{"@type":"ListItem","position":2,"name":"Sklep","item":"https:\/\/bobimarket.pl\/index.php\/shop\/"},{"@type":"ListItem","position":3,"name":"WIESZAK NA PRANIE SK\u0141ADANY PARASOLKA WISZ\u0104CA"}]},{"@type":"WebSite","@id":"https:\/\/bobimarket.pl\/#website","url":"https:\/\/bobimarket.pl\/","name":"BOBIMARKET.pl - Remontuj i urz\u0105dzaj z nami","description":"Remontuj i urz\u0105dzaj z nami","publisher":{"@id":"https:\/\/bobimarket.pl\/#organization"},"potentialAction":[{"@type":"SearchAction","target":{"@type":"EntryPoint","urlTemplate":"https:\/\/bobimarket.pl\/?s={search_term_string}"},"query-input":"required name=search_term_string"}],"inLanguage":"pl-PL"},{"@type":"Organization","@id":"https:\/\/bobimarket.pl\/#organization","name":"BOBIMARKET.pl","url":"https:\/\/bobimarket.pl\/","logo":{"@type":"ImageObject","inLanguage":"pl-PL","@id":"https:\/\/bobimarket.pl\/#\/schema\/logo\/image\/","url":"https:\/\/bobimarket.pl\/wp-content\/uploads\/2021\/11\/slogan.png","contentUrl":"https:\/\/bobimarket.pl\/wp-content\/uploads\/2021\/11\/slogan.png","width":2000,"height":384,"caption":"BOBIMARKET.pl"},"image":{"@id":"https:\/\/bobimarket.pl\/#\/schema\/logo\/image\/"}}]}},"_links":{"self":[{"href":"https:\/\/bobimarket.pl\/index.php\/wp-json\/wp\/v2\/product\/84966"}],"collection":[{"href":"https:\/\/bobimarket.pl\/index.php\/wp-json\/wp\/v2\/product"}],"about":[{"href":"https:\/\/bobimarket.pl\/index.php\/wp-json\/wp\/v2\/types\/product"}],"wp:featuredmedia":[{"embeddable":true,"href":"https:\/\/bobimarket.pl\/index.php\/wp-json\/wp\/v2\/media\/84962"}],"wp:attachment":[{"href":"https:\/\/bobimarket.pl\/index.php\/wp-json\/wp\/v2\/media?parent=84966"}],"wp:term":[{"taxonomy":"product_cat","embeddable":true,"href":"https:\/\/bobimarket.pl\/index.php\/wp-json\/wp\/v2\/product_cat?post=84966"},{"taxonomy":"product_tag","embeddable":true,"href":"https:\/\/bobimarket.pl\/index.php\/wp-json\/wp\/v2\/product_tag?post=84966"}],"curies":[{"name":"wp","href":"https:\/\/api.w.org\/{rel}","templated":true}]}}