{"id":84978,"date":"2023-08-29T21:38:55","date_gmt":"2023-08-29T21:38:55","guid":{"rendered":"https:\/\/bobimarket.pl\/index.php\/produkt\/walek-malarski-zapas-orange-25-cm-wklad\/"},"modified":"2025-02-27T14:27:47","modified_gmt":"2025-02-27T14:27:47","slug":"walek-malarski-zapas-orange-25-cm-wklad","status":"publish","type":"product","link":"https:\/\/bobimarket.pl\/index.php\/produkt\/walek-malarski-zapas-orange-25-cm-wklad\/","title":{"rendered":"WA\u0141EK MALARSKI ZAPAS ORANGE 25 CM WK\u0141AD"},"content":{"rendered":"<section class=\"section\">\n<div class=\"item item-12\">\n<section class=\"text-item\">\n<h1>WA\u0141EK MALARSKI ZAPAS ORANGE 25CM (zapas)<\/h1>\n<p><b>Dane techniczne:<\/b><\/p>\n<ul>\n<li>D\u0142ugo\u015b\u0107 ca\u0142kowita:<b> +\/- 250 mm<\/b><\/li>\n<li>\u015arednica:<b> +\/-50 mm<\/b><\/li>\n<li>Przeznaczenie: <b>farb lateksowych, emulsyjnych, silikonowych oraz akrylowych<\/b><\/li>\n<li><b>Otw\u00f3r na r\u0105czk\u0119 Fi 8<\/b><\/li>\n<\/ul>\n<\/section><\/div>\n<\/section>\n<section class=\"section\">\n<div class=\"item item-12\">\n<section class=\"image-item\">\n            <img decoding=\"async\" src=\"https:\/\/upload.cdn.baselinker.com\/products\/14476\/fe59167921cfdf6f9776f05994e60f32.jpg\" \/><br \/>\n        <\/section>\n<\/p><\/div>\n<\/section>\n<section class=\"section\">\n<div class=\"item item-12\">\n<section class=\"text-item\">\n<p>\u2705 <b>Zastosowanie:<\/b><\/p>\n<p>Wa\u0142ek przeznaczony do p\u0142aszczyzn r\u00f3wnych oraz wewn\u0119trznych tynk\u00f3w. Charakteryzuje si\u0119 dobrym nasi\u0105kaniem farb. Przeznaczony<b> do farb lateksowych, emulsyjnych, silikonowych oraz akrylowych<\/b><\/p>\n<ul>\n<li>R\u00f3wnomierne rozprowadzenie farby<\/li>\n<li>\u0141atwa aplikacja<\/li>\n<li>Najlepszy do farb lateksowych i dyspersyjnych<\/li>\n<\/ul>\n<p><b>UWAGA!<\/b><\/p>\n<p>Przed pierwszym u\u017cyciem wa\u0142ek nale\u017cy wyp\u0142uka\u0107 w wodzie z detergentem w celu usuni\u0119cia w\u0142\u00f3kien pozosta\u0142ych po procesie produkcji.<\/p>\n<\/section><\/div>\n<\/section>\n<section class=\"section\">\n<div class=\"item item-12\">\n<section class=\"image-item\">\n            <img decoding=\"async\" src=\"https:\/\/upload.cdn.baselinker.com\/products\/14476\/74cf61a7b71ae12ba9399c86387180d6.jpg\" \/><br \/>\n        <\/section>\n<\/p><\/div>\n<\/section>\n","protected":false},"excerpt":{"rendered":"<p>WA\u0141EK MALARSKI ZAPAS ORANGE 25CM (zapas) Dane techniczne: D\u0142ugo\u015b\u0107 ca\u0142kowita: +\/- 250 mm \u015arednica: +\/-50 mm Przeznaczenie: farb lateksowych, emulsyjnych, silikonowych oraz akrylowych Otw\u00f3r na r\u0105czk\u0119 Fi 8 \u2705 Zastosowanie: Wa\u0142ek przeznaczony do p\u0142aszczyzn r\u00f3wnych oraz wewn\u0119trznych tynk\u00f3w. Charakteryzuje si\u0119 dobrym nasi\u0105kaniem farb. Przeznaczony do farb lateksowych, emulsyjnych, silikonowych oraz akrylowych R\u00f3wnomierne rozprowadzenie farby \u0141atwa<br \/><a class=\"more-link\" href=\"https:\/\/bobimarket.pl\/index.php\/produkt\/walek-malarski-zapas-orange-25-cm-wklad\/\"><br \/>\n        Czytaj wi\u0119cej<span class=\"screen-reader-text\"> &#8222;WA\u0141EK MALARSKI ZAPAS ORANGE 25 CM WK\u0141AD&#8221;<\/span><\/a><\/p>\n","protected":false},"featured_media":84976,"template":"","meta":[],"product_cat":[8063],"product_tag":[],"yoast_head":"<!-- This site is optimized with the Yoast SEO plugin v21.0 - https:\/\/yoast.com\/wordpress\/plugins\/seo\/ -->\n<title>WA\u0141EK MALARSKI ZAPAS ORANGE 25 CM WK\u0141AD - BOBIMARKET.pl - Remontuj i urz\u0105dzaj z nami<\/title>\n<meta name=\"robots\" content=\"index, follow, max-snippet:-1, max-image-preview:large, max-video-preview:-1\" \/>\n<link rel=\"canonical\" href=\"https:\/\/bobimarket.pl\/index.php\/produkt\/walek-malarski-zapas-orange-25-cm-wklad\/\" \/>\n<meta property=\"og:locale\" content=\"pl_PL\" \/>\n<meta property=\"og:type\" content=\"article\" \/>\n<meta property=\"og:title\" content=\"WA\u0141EK MALARSKI ZAPAS ORANGE 25 CM WK\u0141AD - BOBIMARKET.pl - Remontuj i urz\u0105dzaj z nami\" \/>\n<meta property=\"og:description\" content=\"WA\u0141EK MALARSKI ZAPAS ORANGE 25CM (zapas) Dane techniczne: D\u0142ugo\u015b\u0107 ca\u0142kowita: +\/- 250 mm \u015arednica: +\/-50 mm Przeznaczenie: farb lateksowych, emulsyjnych, silikonowych oraz akrylowych Otw\u00f3r na r\u0105czk\u0119 Fi 8 \u2705 Zastosowanie: Wa\u0142ek przeznaczony do p\u0142aszczyzn r\u00f3wnych oraz wewn\u0119trznych tynk\u00f3w. Charakteryzuje si\u0119 dobrym nasi\u0105kaniem farb. Przeznaczony do farb lateksowych, emulsyjnych, silikonowych oraz akrylowych R\u00f3wnomierne rozprowadzenie farby \u0141atwa     Czytaj wi\u0119cej &quot;WA\u0141EK MALARSKI ZAPAS ORANGE 25 CM WK\u0141AD&quot;\" \/>\n<meta property=\"og:url\" content=\"https:\/\/bobimarket.pl\/index.php\/produkt\/walek-malarski-zapas-orange-25-cm-wklad\/\" \/>\n<meta property=\"og:site_name\" content=\"BOBIMARKET.pl - Remontuj i urz\u0105dzaj z nami\" \/>\n<meta property=\"article:modified_time\" content=\"2025-02-27T14:27:47+00:00\" \/>\n<meta property=\"og:image\" content=\"https:\/\/upload.cdn.baselinker.com\/products\/14476\/fe59167921cfdf6f9776f05994e60f32.jpg\" \/>\n<meta name=\"twitter:card\" content=\"summary_large_image\" \/>\n<script type=\"application\/ld+json\" class=\"yoast-schema-graph\">{\"@context\":\"https:\/\/schema.org\",\"@graph\":[{\"@type\":\"WebPage\",\"@id\":\"https:\/\/bobimarket.pl\/index.php\/produkt\/walek-malarski-zapas-orange-25-cm-wklad\/\",\"url\":\"https:\/\/bobimarket.pl\/index.php\/produkt\/walek-malarski-zapas-orange-25-cm-wklad\/\",\"name\":\"WA\u0141EK MALARSKI ZAPAS ORANGE 25 CM WK\u0141AD - BOBIMARKET.pl - Remontuj i urz\u0105dzaj z nami\",\"isPartOf\":{\"@id\":\"https:\/\/bobimarket.pl\/#website\"},\"datePublished\":\"2023-08-29T21:38:55+00:00\",\"dateModified\":\"2025-02-27T14:27:47+00:00\",\"breadcrumb\":{\"@id\":\"https:\/\/bobimarket.pl\/index.php\/produkt\/walek-malarski-zapas-orange-25-cm-wklad\/#breadcrumb\"},\"inLanguage\":\"pl-PL\",\"potentialAction\":[{\"@type\":\"ReadAction\",\"target\":[\"https:\/\/bobimarket.pl\/index.php\/produkt\/walek-malarski-zapas-orange-25-cm-wklad\/\"]}]},{\"@type\":\"BreadcrumbList\",\"@id\":\"https:\/\/bobimarket.pl\/index.php\/produkt\/walek-malarski-zapas-orange-25-cm-wklad\/#breadcrumb\",\"itemListElement\":[{\"@type\":\"ListItem\",\"position\":1,\"name\":\"Strona g\u0142\u00f3wna\",\"item\":\"https:\/\/bobimarket.pl\/\"},{\"@type\":\"ListItem\",\"position\":2,\"name\":\"Sklep\",\"item\":\"https:\/\/bobimarket.pl\/index.php\/shop\/\"},{\"@type\":\"ListItem\",\"position\":3,\"name\":\"WA\u0141EK MALARSKI ZAPAS ORANGE 25 CM WK\u0141AD\"}]},{\"@type\":\"WebSite\",\"@id\":\"https:\/\/bobimarket.pl\/#website\",\"url\":\"https:\/\/bobimarket.pl\/\",\"name\":\"BOBIMARKET.pl - Remontuj i urz\u0105dzaj z nami\",\"description\":\"Remontuj i urz\u0105dzaj z nami\",\"publisher\":{\"@id\":\"https:\/\/bobimarket.pl\/#organization\"},\"potentialAction\":[{\"@type\":\"SearchAction\",\"target\":{\"@type\":\"EntryPoint\",\"urlTemplate\":\"https:\/\/bobimarket.pl\/?s={search_term_string}\"},\"query-input\":\"required name=search_term_string\"}],\"inLanguage\":\"pl-PL\"},{\"@type\":\"Organization\",\"@id\":\"https:\/\/bobimarket.pl\/#organization\",\"name\":\"BOBIMARKET.pl\",\"url\":\"https:\/\/bobimarket.pl\/\",\"logo\":{\"@type\":\"ImageObject\",\"inLanguage\":\"pl-PL\",\"@id\":\"https:\/\/bobimarket.pl\/#\/schema\/logo\/image\/\",\"url\":\"https:\/\/bobimarket.pl\/wp-content\/uploads\/2021\/11\/slogan.png\",\"contentUrl\":\"https:\/\/bobimarket.pl\/wp-content\/uploads\/2021\/11\/slogan.png\",\"width\":2000,\"height\":384,\"caption\":\"BOBIMARKET.pl\"},\"image\":{\"@id\":\"https:\/\/bobimarket.pl\/#\/schema\/logo\/image\/\"}}]}<\/script>\n<!-- \/ Yoast SEO plugin. -->","yoast_head_json":{"title":"WA\u0141EK MALARSKI ZAPAS ORANGE 25 CM WK\u0141AD - BOBIMARKET.pl - Remontuj i urz\u0105dzaj z nami","robots":{"index":"index","follow":"follow","max-snippet":"max-snippet:-1","max-image-preview":"max-image-preview:large","max-video-preview":"max-video-preview:-1"},"canonical":"https:\/\/bobimarket.pl\/index.php\/produkt\/walek-malarski-zapas-orange-25-cm-wklad\/","og_locale":"pl_PL","og_type":"article","og_title":"WA\u0141EK MALARSKI ZAPAS ORANGE 25 CM WK\u0141AD - BOBIMARKET.pl - Remontuj i urz\u0105dzaj z nami","og_description":"WA\u0141EK MALARSKI ZAPAS ORANGE 25CM (zapas) Dane techniczne: D\u0142ugo\u015b\u0107 ca\u0142kowita: +\/- 250 mm \u015arednica: +\/-50 mm Przeznaczenie: farb lateksowych, emulsyjnych, silikonowych oraz akrylowych Otw\u00f3r na r\u0105czk\u0119 Fi 8 \u2705 Zastosowanie: Wa\u0142ek przeznaczony do p\u0142aszczyzn r\u00f3wnych oraz wewn\u0119trznych tynk\u00f3w. Charakteryzuje si\u0119 dobrym nasi\u0105kaniem farb. Przeznaczony do farb lateksowych, emulsyjnych, silikonowych oraz akrylowych R\u00f3wnomierne rozprowadzenie farby \u0141atwa     Czytaj wi\u0119cej \"WA\u0141EK MALARSKI ZAPAS ORANGE 25 CM WK\u0141AD\"","og_url":"https:\/\/bobimarket.pl\/index.php\/produkt\/walek-malarski-zapas-orange-25-cm-wklad\/","og_site_name":"BOBIMARKET.pl - Remontuj i urz\u0105dzaj z nami","article_modified_time":"2025-02-27T14:27:47+00:00","og_image":[{"url":"https:\/\/upload.cdn.baselinker.com\/products\/14476\/fe59167921cfdf6f9776f05994e60f32.jpg"}],"twitter_card":"summary_large_image","schema":{"@context":"https:\/\/schema.org","@graph":[{"@type":"WebPage","@id":"https:\/\/bobimarket.pl\/index.php\/produkt\/walek-malarski-zapas-orange-25-cm-wklad\/","url":"https:\/\/bobimarket.pl\/index.php\/produkt\/walek-malarski-zapas-orange-25-cm-wklad\/","name":"WA\u0141EK MALARSKI ZAPAS ORANGE 25 CM WK\u0141AD - BOBIMARKET.pl - Remontuj i urz\u0105dzaj z nami","isPartOf":{"@id":"https:\/\/bobimarket.pl\/#website"},"datePublished":"2023-08-29T21:38:55+00:00","dateModified":"2025-02-27T14:27:47+00:00","breadcrumb":{"@id":"https:\/\/bobimarket.pl\/index.php\/produkt\/walek-malarski-zapas-orange-25-cm-wklad\/#breadcrumb"},"inLanguage":"pl-PL","potentialAction":[{"@type":"ReadAction","target":["https:\/\/bobimarket.pl\/index.php\/produkt\/walek-malarski-zapas-orange-25-cm-wklad\/"]}]},{"@type":"BreadcrumbList","@id":"https:\/\/bobimarket.pl\/index.php\/produkt\/walek-malarski-zapas-orange-25-cm-wklad\/#breadcrumb","itemListElement":[{"@type":"ListItem","position":1,"name":"Strona g\u0142\u00f3wna","item":"https:\/\/bobimarket.pl\/"},{"@type":"ListItem","position":2,"name":"Sklep","item":"https:\/\/bobimarket.pl\/index.php\/shop\/"},{"@type":"ListItem","position":3,"name":"WA\u0141EK MALARSKI ZAPAS ORANGE 25 CM WK\u0141AD"}]},{"@type":"WebSite","@id":"https:\/\/bobimarket.pl\/#website","url":"https:\/\/bobimarket.pl\/","name":"BOBIMARKET.pl - Remontuj i urz\u0105dzaj z nami","description":"Remontuj i urz\u0105dzaj z nami","publisher":{"@id":"https:\/\/bobimarket.pl\/#organization"},"potentialAction":[{"@type":"SearchAction","target":{"@type":"EntryPoint","urlTemplate":"https:\/\/bobimarket.pl\/?s={search_term_string}"},"query-input":"required name=search_term_string"}],"inLanguage":"pl-PL"},{"@type":"Organization","@id":"https:\/\/bobimarket.pl\/#organization","name":"BOBIMARKET.pl","url":"https:\/\/bobimarket.pl\/","logo":{"@type":"ImageObject","inLanguage":"pl-PL","@id":"https:\/\/bobimarket.pl\/#\/schema\/logo\/image\/","url":"https:\/\/bobimarket.pl\/wp-content\/uploads\/2021\/11\/slogan.png","contentUrl":"https:\/\/bobimarket.pl\/wp-content\/uploads\/2021\/11\/slogan.png","width":2000,"height":384,"caption":"BOBIMARKET.pl"},"image":{"@id":"https:\/\/bobimarket.pl\/#\/schema\/logo\/image\/"}}]}},"_links":{"self":[{"href":"https:\/\/bobimarket.pl\/index.php\/wp-json\/wp\/v2\/product\/84978"}],"collection":[{"href":"https:\/\/bobimarket.pl\/index.php\/wp-json\/wp\/v2\/product"}],"about":[{"href":"https:\/\/bobimarket.pl\/index.php\/wp-json\/wp\/v2\/types\/product"}],"wp:featuredmedia":[{"embeddable":true,"href":"https:\/\/bobimarket.pl\/index.php\/wp-json\/wp\/v2\/media\/84976"}],"wp:attachment":[{"href":"https:\/\/bobimarket.pl\/index.php\/wp-json\/wp\/v2\/media?parent=84978"}],"wp:term":[{"taxonomy":"product_cat","embeddable":true,"href":"https:\/\/bobimarket.pl\/index.php\/wp-json\/wp\/v2\/product_cat?post=84978"},{"taxonomy":"product_tag","embeddable":true,"href":"https:\/\/bobimarket.pl\/index.php\/wp-json\/wp\/v2\/product_tag?post=84978"}],"curies":[{"name":"wp","href":"https:\/\/api.w.org\/{rel}","templated":true}]}}