{"id":85028,"date":"2023-08-29T21:43:18","date_gmt":"2023-08-29T21:43:18","guid":{"rendered":"https:\/\/bobimarket.pl\/index.php\/produkt\/welna-stalowa-wata-do-polerowania-typ-2-200g-2\/"},"modified":"2025-02-27T14:28:28","modified_gmt":"2025-02-27T14:28:28","slug":"welna-stalowa-wata-do-polerowania-typ-2-200g-2","status":"publish","type":"product","link":"https:\/\/bobimarket.pl\/index.php\/produkt\/welna-stalowa-wata-do-polerowania-typ-2-200g-2\/","title":{"rendered":"WE\u0141NA STALOWA WATA DO POLEROWANIA TYP 2 200G"},"content":{"rendered":"<section class=\"section\">\n<div class=\"item item-6\">\n<section class=\"image-item\">\n            <img decoding=\"async\" src=\"https:\/\/upload.cdn.baselinker.com\/products\/14476\/38522823339c81acdee95fa978962a35.jpg\" \/><br \/>\n        <\/section>\n<\/p><\/div>\n<div class=\"item item-6\">\n<section class=\"text-item\">\n<h2>WE\u0141NA STALOWA WATA DO POLEROWANIA TYP 2 200G<\/h2>\n<p><b>Dane techniczne:<\/b><\/p>\n<ul>\n<li>Gradacja:<b> 2<\/b><\/li>\n<li>Waga: 200g<\/li>\n<\/ul>\n<p>\u00a0<\/p>\n<\/section><\/div>\n<\/section>\n<section class=\"section\">\n<div class=\"item item-6\">\n<section class=\"image-item\">\n            <img decoding=\"async\" src=\"https:\/\/upload.cdn.baselinker.com\/products\/14476\/3496113a0a8eddda0034e19ccf8d6a79.jpg\" \/><br \/>\n        <\/section>\n<\/p><\/div>\n<div class=\"item item-6\">\n<section class=\"text-item\">\n<p>Wysokiej jako\u015bci we\u0142na stalowa pakowana po 200g.Gradacja <b>2\u00a0<\/b> jest to we\u0142na <b>grubsza<\/b> i sztywniejsza.<\/p>\n<ul>\n<li>\u015awietnie sprawdzi sie do \u015bcierania pow\u0142ok podk\u0142adowych, czyszczenia tworzyw sztucznych, aluminium oraz mocnego czyszczenia drewna.<\/li>\n<\/ul>\n<\/section><\/div>\n<\/section>\n<section class=\"section\">\n<div class=\"item item-12\">\n<section class=\"image-item\">\n            <img decoding=\"async\" src=\"https:\/\/upload.cdn.baselinker.com\/products\/14476\/38522823339c81acdee95fa978962a35.jpg\" \/><br \/>\n        <\/section>\n<\/p><\/div>\n<\/section>\n","protected":false},"excerpt":{"rendered":"<p>WE\u0141NA STALOWA WATA DO POLEROWANIA TYP 2 200G Dane techniczne: Gradacja: 2 Waga: 200g \u00a0 Wysokiej jako\u015bci we\u0142na stalowa pakowana po 200g.Gradacja 2\u00a0 jest to we\u0142na grubsza i sztywniejsza. \u015awietnie sprawdzi sie do \u015bcierania pow\u0142ok podk\u0142adowych, czyszczenia tworzyw sztucznych, aluminium oraz mocnego czyszczenia drewna.<\/p>\n","protected":false},"featured_media":85026,"template":"","meta":[],"product_cat":[8182],"product_tag":[],"yoast_head":"<!-- This site is optimized with the Yoast SEO plugin v21.0 - https:\/\/yoast.com\/wordpress\/plugins\/seo\/ -->\n<title>WE\u0141NA STALOWA WATA DO POLEROWANIA TYP 2 200G - BOBIMARKET.pl - Remontuj i urz\u0105dzaj z nami<\/title>\n<meta name=\"robots\" content=\"index, follow, max-snippet:-1, max-image-preview:large, max-video-preview:-1\" \/>\n<link rel=\"canonical\" href=\"https:\/\/bobimarket.pl\/index.php\/produkt\/welna-stalowa-wata-do-polerowania-typ-2-200g-2\/\" \/>\n<meta property=\"og:locale\" content=\"pl_PL\" \/>\n<meta property=\"og:type\" content=\"article\" \/>\n<meta property=\"og:title\" content=\"WE\u0141NA STALOWA WATA DO POLEROWANIA TYP 2 200G - BOBIMARKET.pl - Remontuj i urz\u0105dzaj z nami\" \/>\n<meta property=\"og:description\" content=\"WE\u0141NA STALOWA WATA DO POLEROWANIA TYP 2 200G Dane techniczne: Gradacja: 2 Waga: 200g \u00a0 Wysokiej jako\u015bci we\u0142na stalowa pakowana po 200g.Gradacja 2\u00a0 jest to we\u0142na grubsza i sztywniejsza. \u015awietnie sprawdzi sie do \u015bcierania pow\u0142ok podk\u0142adowych, czyszczenia tworzyw sztucznych, aluminium oraz mocnego czyszczenia drewna.\" \/>\n<meta property=\"og:url\" content=\"https:\/\/bobimarket.pl\/index.php\/produkt\/welna-stalowa-wata-do-polerowania-typ-2-200g-2\/\" \/>\n<meta property=\"og:site_name\" content=\"BOBIMARKET.pl - Remontuj i urz\u0105dzaj z nami\" \/>\n<meta property=\"article:modified_time\" content=\"2025-02-27T14:28:28+00:00\" \/>\n<meta property=\"og:image\" content=\"https:\/\/upload.cdn.baselinker.com\/products\/14476\/38522823339c81acdee95fa978962a35.jpg\" \/>\n<meta name=\"twitter:card\" content=\"summary_large_image\" \/>\n<script type=\"application\/ld+json\" class=\"yoast-schema-graph\">{\"@context\":\"https:\/\/schema.org\",\"@graph\":[{\"@type\":\"WebPage\",\"@id\":\"https:\/\/bobimarket.pl\/index.php\/produkt\/welna-stalowa-wata-do-polerowania-typ-2-200g-2\/\",\"url\":\"https:\/\/bobimarket.pl\/index.php\/produkt\/welna-stalowa-wata-do-polerowania-typ-2-200g-2\/\",\"name\":\"WE\u0141NA STALOWA WATA DO POLEROWANIA TYP 2 200G - BOBIMARKET.pl - Remontuj i urz\u0105dzaj z nami\",\"isPartOf\":{\"@id\":\"https:\/\/bobimarket.pl\/#website\"},\"datePublished\":\"2023-08-29T21:43:18+00:00\",\"dateModified\":\"2025-02-27T14:28:28+00:00\",\"breadcrumb\":{\"@id\":\"https:\/\/bobimarket.pl\/index.php\/produkt\/welna-stalowa-wata-do-polerowania-typ-2-200g-2\/#breadcrumb\"},\"inLanguage\":\"pl-PL\",\"potentialAction\":[{\"@type\":\"ReadAction\",\"target\":[\"https:\/\/bobimarket.pl\/index.php\/produkt\/welna-stalowa-wata-do-polerowania-typ-2-200g-2\/\"]}]},{\"@type\":\"BreadcrumbList\",\"@id\":\"https:\/\/bobimarket.pl\/index.php\/produkt\/welna-stalowa-wata-do-polerowania-typ-2-200g-2\/#breadcrumb\",\"itemListElement\":[{\"@type\":\"ListItem\",\"position\":1,\"name\":\"Strona g\u0142\u00f3wna\",\"item\":\"https:\/\/bobimarket.pl\/\"},{\"@type\":\"ListItem\",\"position\":2,\"name\":\"Sklep\",\"item\":\"https:\/\/bobimarket.pl\/index.php\/shop\/\"},{\"@type\":\"ListItem\",\"position\":3,\"name\":\"WE\u0141NA STALOWA WATA DO POLEROWANIA TYP 2 200G\"}]},{\"@type\":\"WebSite\",\"@id\":\"https:\/\/bobimarket.pl\/#website\",\"url\":\"https:\/\/bobimarket.pl\/\",\"name\":\"BOBIMARKET.pl - Remontuj i urz\u0105dzaj z nami\",\"description\":\"Remontuj i urz\u0105dzaj z nami\",\"publisher\":{\"@id\":\"https:\/\/bobimarket.pl\/#organization\"},\"potentialAction\":[{\"@type\":\"SearchAction\",\"target\":{\"@type\":\"EntryPoint\",\"urlTemplate\":\"https:\/\/bobimarket.pl\/?s={search_term_string}\"},\"query-input\":\"required name=search_term_string\"}],\"inLanguage\":\"pl-PL\"},{\"@type\":\"Organization\",\"@id\":\"https:\/\/bobimarket.pl\/#organization\",\"name\":\"BOBIMARKET.pl\",\"url\":\"https:\/\/bobimarket.pl\/\",\"logo\":{\"@type\":\"ImageObject\",\"inLanguage\":\"pl-PL\",\"@id\":\"https:\/\/bobimarket.pl\/#\/schema\/logo\/image\/\",\"url\":\"https:\/\/bobimarket.pl\/wp-content\/uploads\/2021\/11\/slogan.png\",\"contentUrl\":\"https:\/\/bobimarket.pl\/wp-content\/uploads\/2021\/11\/slogan.png\",\"width\":2000,\"height\":384,\"caption\":\"BOBIMARKET.pl\"},\"image\":{\"@id\":\"https:\/\/bobimarket.pl\/#\/schema\/logo\/image\/\"}}]}<\/script>\n<!-- \/ Yoast SEO plugin. -->","yoast_head_json":{"title":"WE\u0141NA STALOWA WATA DO POLEROWANIA TYP 2 200G - BOBIMARKET.pl - Remontuj i urz\u0105dzaj z nami","robots":{"index":"index","follow":"follow","max-snippet":"max-snippet:-1","max-image-preview":"max-image-preview:large","max-video-preview":"max-video-preview:-1"},"canonical":"https:\/\/bobimarket.pl\/index.php\/produkt\/welna-stalowa-wata-do-polerowania-typ-2-200g-2\/","og_locale":"pl_PL","og_type":"article","og_title":"WE\u0141NA STALOWA WATA DO POLEROWANIA TYP 2 200G - BOBIMARKET.pl - Remontuj i urz\u0105dzaj z nami","og_description":"WE\u0141NA STALOWA WATA DO POLEROWANIA TYP 2 200G Dane techniczne: Gradacja: 2 Waga: 200g \u00a0 Wysokiej jako\u015bci we\u0142na stalowa pakowana po 200g.Gradacja 2\u00a0 jest to we\u0142na grubsza i sztywniejsza. \u015awietnie sprawdzi sie do \u015bcierania pow\u0142ok podk\u0142adowych, czyszczenia tworzyw sztucznych, aluminium oraz mocnego czyszczenia drewna.","og_url":"https:\/\/bobimarket.pl\/index.php\/produkt\/welna-stalowa-wata-do-polerowania-typ-2-200g-2\/","og_site_name":"BOBIMARKET.pl - Remontuj i urz\u0105dzaj z nami","article_modified_time":"2025-02-27T14:28:28+00:00","og_image":[{"url":"https:\/\/upload.cdn.baselinker.com\/products\/14476\/38522823339c81acdee95fa978962a35.jpg"}],"twitter_card":"summary_large_image","schema":{"@context":"https:\/\/schema.org","@graph":[{"@type":"WebPage","@id":"https:\/\/bobimarket.pl\/index.php\/produkt\/welna-stalowa-wata-do-polerowania-typ-2-200g-2\/","url":"https:\/\/bobimarket.pl\/index.php\/produkt\/welna-stalowa-wata-do-polerowania-typ-2-200g-2\/","name":"WE\u0141NA STALOWA WATA DO POLEROWANIA TYP 2 200G - BOBIMARKET.pl - Remontuj i urz\u0105dzaj z nami","isPartOf":{"@id":"https:\/\/bobimarket.pl\/#website"},"datePublished":"2023-08-29T21:43:18+00:00","dateModified":"2025-02-27T14:28:28+00:00","breadcrumb":{"@id":"https:\/\/bobimarket.pl\/index.php\/produkt\/welna-stalowa-wata-do-polerowania-typ-2-200g-2\/#breadcrumb"},"inLanguage":"pl-PL","potentialAction":[{"@type":"ReadAction","target":["https:\/\/bobimarket.pl\/index.php\/produkt\/welna-stalowa-wata-do-polerowania-typ-2-200g-2\/"]}]},{"@type":"BreadcrumbList","@id":"https:\/\/bobimarket.pl\/index.php\/produkt\/welna-stalowa-wata-do-polerowania-typ-2-200g-2\/#breadcrumb","itemListElement":[{"@type":"ListItem","position":1,"name":"Strona g\u0142\u00f3wna","item":"https:\/\/bobimarket.pl\/"},{"@type":"ListItem","position":2,"name":"Sklep","item":"https:\/\/bobimarket.pl\/index.php\/shop\/"},{"@type":"ListItem","position":3,"name":"WE\u0141NA STALOWA WATA DO POLEROWANIA TYP 2 200G"}]},{"@type":"WebSite","@id":"https:\/\/bobimarket.pl\/#website","url":"https:\/\/bobimarket.pl\/","name":"BOBIMARKET.pl - Remontuj i urz\u0105dzaj z nami","description":"Remontuj i urz\u0105dzaj z nami","publisher":{"@id":"https:\/\/bobimarket.pl\/#organization"},"potentialAction":[{"@type":"SearchAction","target":{"@type":"EntryPoint","urlTemplate":"https:\/\/bobimarket.pl\/?s={search_term_string}"},"query-input":"required name=search_term_string"}],"inLanguage":"pl-PL"},{"@type":"Organization","@id":"https:\/\/bobimarket.pl\/#organization","name":"BOBIMARKET.pl","url":"https:\/\/bobimarket.pl\/","logo":{"@type":"ImageObject","inLanguage":"pl-PL","@id":"https:\/\/bobimarket.pl\/#\/schema\/logo\/image\/","url":"https:\/\/bobimarket.pl\/wp-content\/uploads\/2021\/11\/slogan.png","contentUrl":"https:\/\/bobimarket.pl\/wp-content\/uploads\/2021\/11\/slogan.png","width":2000,"height":384,"caption":"BOBIMARKET.pl"},"image":{"@id":"https:\/\/bobimarket.pl\/#\/schema\/logo\/image\/"}}]}},"_links":{"self":[{"href":"https:\/\/bobimarket.pl\/index.php\/wp-json\/wp\/v2\/product\/85028"}],"collection":[{"href":"https:\/\/bobimarket.pl\/index.php\/wp-json\/wp\/v2\/product"}],"about":[{"href":"https:\/\/bobimarket.pl\/index.php\/wp-json\/wp\/v2\/types\/product"}],"wp:featuredmedia":[{"embeddable":true,"href":"https:\/\/bobimarket.pl\/index.php\/wp-json\/wp\/v2\/media\/85026"}],"wp:attachment":[{"href":"https:\/\/bobimarket.pl\/index.php\/wp-json\/wp\/v2\/media?parent=85028"}],"wp:term":[{"taxonomy":"product_cat","embeddable":true,"href":"https:\/\/bobimarket.pl\/index.php\/wp-json\/wp\/v2\/product_cat?post=85028"},{"taxonomy":"product_tag","embeddable":true,"href":"https:\/\/bobimarket.pl\/index.php\/wp-json\/wp\/v2\/product_tag?post=85028"}],"curies":[{"name":"wp","href":"https:\/\/api.w.org\/{rel}","templated":true}]}}