{"id":85037,"date":"2023-08-29T21:44:09","date_gmt":"2023-08-29T21:44:09","guid":{"rendered":"https:\/\/bobimarket.pl\/index.php\/produkt\/siekiera-rozlupujaca-toporek-2000g-profi\/"},"modified":"2025-02-27T14:28:32","modified_gmt":"2025-02-27T14:28:32","slug":"siekiera-rozlupujaca-toporek-2000g-profi","status":"publish","type":"product","link":"https:\/\/bobimarket.pl\/index.php\/produkt\/siekiera-rozlupujaca-toporek-2000g-profi\/","title":{"rendered":"SIEKIERA ROZ\u0141UPUJ\u0104CA TOPOREK 2000G PROFI"},"content":{"rendered":"<section class=\"section\">\n<div class=\"item item-6\">\n<section class=\"image-item\">\n            <img decoding=\"async\" src=\"https:\/\/upload.cdn.baselinker.com\/products\/14476\/acb1ae3598c7dc5fe3d0c35439bdc964.jpg\" \/><br \/>\n        <\/section>\n<\/p><\/div>\n<div class=\"item item-6\">\n<section class=\"text-item\">\n<h2>SIEKIERA ROZ\u0141UPUJ\u0104CA TOPOREK 2000G PROFI<\/h2>\n<p>Dane techniczne:<\/p>\n<ul>\n<li>Waga g\u0142owicy:<b> 2000g<\/b><\/li>\n<li>D\u0142ugo\u015b\u0107:<b> 800mm<\/b><\/li>\n<li>Materia\u0142 trzonka: drewno<\/li>\n<li>Materia\u0142 ostrza:\u00a0stal w\u0119glowa<\/li>\n<li>D\u0142ugo\u015b\u0107 ostrza:<b> 15,5cm<\/b><\/li>\n<\/ul>\n<\/section><\/div>\n<\/section>\n<section class=\"section\">\n<div class=\"item item-6\">\n<section class=\"image-item\">\n            <img decoding=\"async\" src=\"https:\/\/upload.cdn.baselinker.com\/products\/14476\/56c200b4dfaa3df85d3c508ca5024b1d.jpg\" \/><br \/>\n        <\/section>\n<\/p><\/div>\n<div class=\"item item-6\">\n<section class=\"text-item\">\n<p>Wysokiej jako\u015bci siekiera s\u0142u\u017c\u0105ca do roz\u0142upywania drewna.<\/p>\n<p><b>G\u0142owica<\/b> zosta\u0142a wykonana ze stali w\u0119glowej, dodatkowo zabezpieczona du\u017cym klinem drewnianym oraz metalowym klinem pier\u015bcieniowym.<\/p>\n<p>Trzon drewniany ,profilowany oraz lakierowany. Produkt znajdzie swoje zastosowanie w ka\u017cdym gospodarstwie domowym.<\/p>\n<\/section><\/div>\n<\/section>\n<section class=\"section\">\n<div class=\"item item-12\">\n<section class=\"image-item\">\n            <img decoding=\"async\" src=\"https:\/\/upload.cdn.baselinker.com\/products\/14476\/c9aab161f1bd738758431bfa13b646aa.jpg\" \/><br \/>\n        <\/section>\n<\/p><\/div>\n<\/section>\n<section class=\"section\">\n<div class=\"item item-6\">\n<section class=\"image-item\">\n            <img decoding=\"async\" src=\"https:\/\/upload.cdn.baselinker.com\/products\/14476\/299f1f7dc4a9fb362f250a74edc9751f.jpg\" \/><br \/>\n        <\/section>\n<\/p><\/div>\n<div class=\"item item-6\">\n<section class=\"image-item\">\n            <img decoding=\"async\" src=\"https:\/\/upload.cdn.baselinker.com\/products\/14476\/873ab899bfb9a48bc45841fb619c5b0b.jpg\" \/><br \/>\n        <\/section>\n<\/p><\/div>\n<\/section>\n<section class=\"section\">\n<div class=\"item item-6\">\n<section class=\"image-item\">\n            <img decoding=\"async\" src=\"https:\/\/upload.cdn.baselinker.com\/products\/14476\/5bbbf6fbcbfb3a9c8dab731a35d1fb64.jpg\" \/><br \/>\n        <\/section>\n<\/p><\/div>\n<div class=\"item item-6\">\n<section class=\"image-item\">\n            <img decoding=\"async\" src=\"https:\/\/upload.cdn.baselinker.com\/products\/14476\/aa54e5f42a7d9747e07c13c69ef78282.jpg\" \/><br \/>\n        <\/section>\n<\/p><\/div>\n<\/section>\n<section class=\"section\">\n<div class=\"item item-12\">\n<section class=\"image-item\">\n            <img decoding=\"async\" src=\"https:\/\/upload.cdn.baselinker.com\/products\/14476\/b7d6d71ff7abc3048386588ab733a074.jpg\" \/><br \/>\n        <\/section>\n<\/p><\/div>\n<\/section>\n","protected":false},"excerpt":{"rendered":"<p>SIEKIERA ROZ\u0141UPUJ\u0104CA TOPOREK 2000G PROFI Dane techniczne: Waga g\u0142owicy: 2000g D\u0142ugo\u015b\u0107: 800mm Materia\u0142 trzonka: drewno Materia\u0142 ostrza:\u00a0stal w\u0119glowa D\u0142ugo\u015b\u0107 ostrza: 15,5cm Wysokiej jako\u015bci siekiera s\u0142u\u017c\u0105ca do roz\u0142upywania drewna. G\u0142owica zosta\u0142a wykonana ze stali w\u0119glowej, dodatkowo zabezpieczona du\u017cym klinem drewnianym oraz metalowym klinem pier\u015bcieniowym. Trzon drewniany ,profilowany oraz lakierowany. Produkt znajdzie swoje zastosowanie w ka\u017cdym gospodarstwie<br \/><a class=\"more-link\" href=\"https:\/\/bobimarket.pl\/index.php\/produkt\/siekiera-rozlupujaca-toporek-2000g-profi\/\"><br \/>\n        Czytaj wi\u0119cej<span class=\"screen-reader-text\"> &#8222;SIEKIERA ROZ\u0141UPUJ\u0104CA TOPOREK 2000G PROFI&#8221;<\/span><\/a><\/p>\n","protected":false},"featured_media":85029,"template":"","meta":[],"product_cat":[8251],"product_tag":[],"yoast_head":"<!-- This site is optimized with the Yoast SEO plugin v21.0 - https:\/\/yoast.com\/wordpress\/plugins\/seo\/ -->\n<title>SIEKIERA ROZ\u0141UPUJ\u0104CA TOPOREK 2000G PROFI - BOBIMARKET.pl - Remontuj i urz\u0105dzaj z nami<\/title>\n<meta name=\"robots\" content=\"index, follow, max-snippet:-1, max-image-preview:large, max-video-preview:-1\" \/>\n<link rel=\"canonical\" href=\"https:\/\/bobimarket.pl\/index.php\/produkt\/siekiera-rozlupujaca-toporek-2000g-profi\/\" \/>\n<meta property=\"og:locale\" content=\"pl_PL\" \/>\n<meta property=\"og:type\" content=\"article\" \/>\n<meta property=\"og:title\" content=\"SIEKIERA ROZ\u0141UPUJ\u0104CA TOPOREK 2000G PROFI - BOBIMARKET.pl - Remontuj i urz\u0105dzaj z nami\" \/>\n<meta property=\"og:description\" content=\"SIEKIERA ROZ\u0141UPUJ\u0104CA TOPOREK 2000G PROFI Dane techniczne: Waga g\u0142owicy: 2000g D\u0142ugo\u015b\u0107: 800mm Materia\u0142 trzonka: drewno Materia\u0142 ostrza:\u00a0stal w\u0119glowa D\u0142ugo\u015b\u0107 ostrza: 15,5cm Wysokiej jako\u015bci siekiera s\u0142u\u017c\u0105ca do roz\u0142upywania drewna. G\u0142owica zosta\u0142a wykonana ze stali w\u0119glowej, dodatkowo zabezpieczona du\u017cym klinem drewnianym oraz metalowym klinem pier\u015bcieniowym. Trzon drewniany ,profilowany oraz lakierowany. Produkt znajdzie swoje zastosowanie w ka\u017cdym gospodarstwie     Czytaj wi\u0119cej &quot;SIEKIERA ROZ\u0141UPUJ\u0104CA TOPOREK 2000G PROFI&quot;\" \/>\n<meta property=\"og:url\" content=\"https:\/\/bobimarket.pl\/index.php\/produkt\/siekiera-rozlupujaca-toporek-2000g-profi\/\" \/>\n<meta property=\"og:site_name\" content=\"BOBIMARKET.pl - Remontuj i urz\u0105dzaj z nami\" \/>\n<meta property=\"article:modified_time\" content=\"2025-02-27T14:28:32+00:00\" \/>\n<meta property=\"og:image\" content=\"https:\/\/upload.cdn.baselinker.com\/products\/14476\/acb1ae3598c7dc5fe3d0c35439bdc964.jpg\" \/>\n<meta name=\"twitter:card\" content=\"summary_large_image\" \/>\n<script type=\"application\/ld+json\" class=\"yoast-schema-graph\">{\"@context\":\"https:\/\/schema.org\",\"@graph\":[{\"@type\":\"WebPage\",\"@id\":\"https:\/\/bobimarket.pl\/index.php\/produkt\/siekiera-rozlupujaca-toporek-2000g-profi\/\",\"url\":\"https:\/\/bobimarket.pl\/index.php\/produkt\/siekiera-rozlupujaca-toporek-2000g-profi\/\",\"name\":\"SIEKIERA ROZ\u0141UPUJ\u0104CA TOPOREK 2000G PROFI - BOBIMARKET.pl - Remontuj i urz\u0105dzaj z nami\",\"isPartOf\":{\"@id\":\"https:\/\/bobimarket.pl\/#website\"},\"datePublished\":\"2023-08-29T21:44:09+00:00\",\"dateModified\":\"2025-02-27T14:28:32+00:00\",\"breadcrumb\":{\"@id\":\"https:\/\/bobimarket.pl\/index.php\/produkt\/siekiera-rozlupujaca-toporek-2000g-profi\/#breadcrumb\"},\"inLanguage\":\"pl-PL\",\"potentialAction\":[{\"@type\":\"ReadAction\",\"target\":[\"https:\/\/bobimarket.pl\/index.php\/produkt\/siekiera-rozlupujaca-toporek-2000g-profi\/\"]}]},{\"@type\":\"BreadcrumbList\",\"@id\":\"https:\/\/bobimarket.pl\/index.php\/produkt\/siekiera-rozlupujaca-toporek-2000g-profi\/#breadcrumb\",\"itemListElement\":[{\"@type\":\"ListItem\",\"position\":1,\"name\":\"Strona g\u0142\u00f3wna\",\"item\":\"https:\/\/bobimarket.pl\/\"},{\"@type\":\"ListItem\",\"position\":2,\"name\":\"Sklep\",\"item\":\"https:\/\/bobimarket.pl\/index.php\/shop\/\"},{\"@type\":\"ListItem\",\"position\":3,\"name\":\"SIEKIERA ROZ\u0141UPUJ\u0104CA TOPOREK 2000G PROFI\"}]},{\"@type\":\"WebSite\",\"@id\":\"https:\/\/bobimarket.pl\/#website\",\"url\":\"https:\/\/bobimarket.pl\/\",\"name\":\"BOBIMARKET.pl - Remontuj i urz\u0105dzaj z nami\",\"description\":\"Remontuj i urz\u0105dzaj z nami\",\"publisher\":{\"@id\":\"https:\/\/bobimarket.pl\/#organization\"},\"potentialAction\":[{\"@type\":\"SearchAction\",\"target\":{\"@type\":\"EntryPoint\",\"urlTemplate\":\"https:\/\/bobimarket.pl\/?s={search_term_string}\"},\"query-input\":\"required name=search_term_string\"}],\"inLanguage\":\"pl-PL\"},{\"@type\":\"Organization\",\"@id\":\"https:\/\/bobimarket.pl\/#organization\",\"name\":\"BOBIMARKET.pl\",\"url\":\"https:\/\/bobimarket.pl\/\",\"logo\":{\"@type\":\"ImageObject\",\"inLanguage\":\"pl-PL\",\"@id\":\"https:\/\/bobimarket.pl\/#\/schema\/logo\/image\/\",\"url\":\"https:\/\/bobimarket.pl\/wp-content\/uploads\/2021\/11\/slogan.png\",\"contentUrl\":\"https:\/\/bobimarket.pl\/wp-content\/uploads\/2021\/11\/slogan.png\",\"width\":2000,\"height\":384,\"caption\":\"BOBIMARKET.pl\"},\"image\":{\"@id\":\"https:\/\/bobimarket.pl\/#\/schema\/logo\/image\/\"}}]}<\/script>\n<!-- \/ Yoast SEO plugin. -->","yoast_head_json":{"title":"SIEKIERA ROZ\u0141UPUJ\u0104CA TOPOREK 2000G PROFI - BOBIMARKET.pl - Remontuj i urz\u0105dzaj z nami","robots":{"index":"index","follow":"follow","max-snippet":"max-snippet:-1","max-image-preview":"max-image-preview:large","max-video-preview":"max-video-preview:-1"},"canonical":"https:\/\/bobimarket.pl\/index.php\/produkt\/siekiera-rozlupujaca-toporek-2000g-profi\/","og_locale":"pl_PL","og_type":"article","og_title":"SIEKIERA ROZ\u0141UPUJ\u0104CA TOPOREK 2000G PROFI - BOBIMARKET.pl - Remontuj i urz\u0105dzaj z nami","og_description":"SIEKIERA ROZ\u0141UPUJ\u0104CA TOPOREK 2000G PROFI Dane techniczne: Waga g\u0142owicy: 2000g D\u0142ugo\u015b\u0107: 800mm Materia\u0142 trzonka: drewno Materia\u0142 ostrza:\u00a0stal w\u0119glowa D\u0142ugo\u015b\u0107 ostrza: 15,5cm Wysokiej jako\u015bci siekiera s\u0142u\u017c\u0105ca do roz\u0142upywania drewna. G\u0142owica zosta\u0142a wykonana ze stali w\u0119glowej, dodatkowo zabezpieczona du\u017cym klinem drewnianym oraz metalowym klinem pier\u015bcieniowym. Trzon drewniany ,profilowany oraz lakierowany. Produkt znajdzie swoje zastosowanie w ka\u017cdym gospodarstwie     Czytaj wi\u0119cej \"SIEKIERA ROZ\u0141UPUJ\u0104CA TOPOREK 2000G PROFI\"","og_url":"https:\/\/bobimarket.pl\/index.php\/produkt\/siekiera-rozlupujaca-toporek-2000g-profi\/","og_site_name":"BOBIMARKET.pl - Remontuj i urz\u0105dzaj z nami","article_modified_time":"2025-02-27T14:28:32+00:00","og_image":[{"url":"https:\/\/upload.cdn.baselinker.com\/products\/14476\/acb1ae3598c7dc5fe3d0c35439bdc964.jpg"}],"twitter_card":"summary_large_image","schema":{"@context":"https:\/\/schema.org","@graph":[{"@type":"WebPage","@id":"https:\/\/bobimarket.pl\/index.php\/produkt\/siekiera-rozlupujaca-toporek-2000g-profi\/","url":"https:\/\/bobimarket.pl\/index.php\/produkt\/siekiera-rozlupujaca-toporek-2000g-profi\/","name":"SIEKIERA ROZ\u0141UPUJ\u0104CA TOPOREK 2000G PROFI - BOBIMARKET.pl - Remontuj i urz\u0105dzaj z nami","isPartOf":{"@id":"https:\/\/bobimarket.pl\/#website"},"datePublished":"2023-08-29T21:44:09+00:00","dateModified":"2025-02-27T14:28:32+00:00","breadcrumb":{"@id":"https:\/\/bobimarket.pl\/index.php\/produkt\/siekiera-rozlupujaca-toporek-2000g-profi\/#breadcrumb"},"inLanguage":"pl-PL","potentialAction":[{"@type":"ReadAction","target":["https:\/\/bobimarket.pl\/index.php\/produkt\/siekiera-rozlupujaca-toporek-2000g-profi\/"]}]},{"@type":"BreadcrumbList","@id":"https:\/\/bobimarket.pl\/index.php\/produkt\/siekiera-rozlupujaca-toporek-2000g-profi\/#breadcrumb","itemListElement":[{"@type":"ListItem","position":1,"name":"Strona g\u0142\u00f3wna","item":"https:\/\/bobimarket.pl\/"},{"@type":"ListItem","position":2,"name":"Sklep","item":"https:\/\/bobimarket.pl\/index.php\/shop\/"},{"@type":"ListItem","position":3,"name":"SIEKIERA ROZ\u0141UPUJ\u0104CA TOPOREK 2000G PROFI"}]},{"@type":"WebSite","@id":"https:\/\/bobimarket.pl\/#website","url":"https:\/\/bobimarket.pl\/","name":"BOBIMARKET.pl - Remontuj i urz\u0105dzaj z nami","description":"Remontuj i urz\u0105dzaj z nami","publisher":{"@id":"https:\/\/bobimarket.pl\/#organization"},"potentialAction":[{"@type":"SearchAction","target":{"@type":"EntryPoint","urlTemplate":"https:\/\/bobimarket.pl\/?s={search_term_string}"},"query-input":"required name=search_term_string"}],"inLanguage":"pl-PL"},{"@type":"Organization","@id":"https:\/\/bobimarket.pl\/#organization","name":"BOBIMARKET.pl","url":"https:\/\/bobimarket.pl\/","logo":{"@type":"ImageObject","inLanguage":"pl-PL","@id":"https:\/\/bobimarket.pl\/#\/schema\/logo\/image\/","url":"https:\/\/bobimarket.pl\/wp-content\/uploads\/2021\/11\/slogan.png","contentUrl":"https:\/\/bobimarket.pl\/wp-content\/uploads\/2021\/11\/slogan.png","width":2000,"height":384,"caption":"BOBIMARKET.pl"},"image":{"@id":"https:\/\/bobimarket.pl\/#\/schema\/logo\/image\/"}}]}},"_links":{"self":[{"href":"https:\/\/bobimarket.pl\/index.php\/wp-json\/wp\/v2\/product\/85037"}],"collection":[{"href":"https:\/\/bobimarket.pl\/index.php\/wp-json\/wp\/v2\/product"}],"about":[{"href":"https:\/\/bobimarket.pl\/index.php\/wp-json\/wp\/v2\/types\/product"}],"wp:featuredmedia":[{"embeddable":true,"href":"https:\/\/bobimarket.pl\/index.php\/wp-json\/wp\/v2\/media\/85029"}],"wp:attachment":[{"href":"https:\/\/bobimarket.pl\/index.php\/wp-json\/wp\/v2\/media?parent=85037"}],"wp:term":[{"taxonomy":"product_cat","embeddable":true,"href":"https:\/\/bobimarket.pl\/index.php\/wp-json\/wp\/v2\/product_cat?post=85037"},{"taxonomy":"product_tag","embeddable":true,"href":"https:\/\/bobimarket.pl\/index.php\/wp-json\/wp\/v2\/product_tag?post=85037"}],"curies":[{"name":"wp","href":"https:\/\/api.w.org\/{rel}","templated":true}]}}