{"id":85091,"date":"2023-08-29T21:49:29","date_gmt":"2023-08-29T21:49:29","guid":{"rendered":"https:\/\/bobimarket.pl\/index.php\/produkt\/mlotek-ciesielski-dekarski-fiberglass-600g\/"},"modified":"2025-02-27T14:29:07","modified_gmt":"2025-02-27T14:29:07","slug":"mlotek-ciesielski-dekarski-fiberglass-600g","status":"publish","type":"product","link":"https:\/\/bobimarket.pl\/index.php\/produkt\/mlotek-ciesielski-dekarski-fiberglass-600g\/","title":{"rendered":"M\u0141OTEK CIESIELSKI DEKARSKI FIBERGLASS 600g"},"content":{"rendered":"<section class=\"section\">\n<div class=\"item item-6\">\n<section class=\"image-item\">\n                <img decoding=\"async\" src=\"https:\/\/upload.cdn.baselinker.com\/products\/14476\/94f3c7d5993321c18a216ed291d3f9fd.jpg\" \/><br \/>\n            <\/section>\n<\/p><\/div>\n<div class=\"item item-6\">\n<section class=\"text-item\">\n<h2>M\u0141OTEK CIESIELSKI DEKARSKI FIBERGLASS 600g<\/h2>\n<p><b>Dane techniczne:<\/b><\/p>\n<ul>\n<li>Typ: <b>ciesielski<\/b><\/li>\n<li>Waga: <b>600g<\/b><\/li>\n<li>R\u0119koje\u015b\u0107: antypo\u015blizgowa,\u00a0 z tworzywa dwukomponentowego<\/li>\n<li>Trzon: <b>w\u0142\u00f3kno szklanego (t\u0142umi drgania)<\/b><\/li>\n<li>Magnetyczne gniazdo na gw\u00f3\u017ad\u017a<\/li>\n<\/ul>\n<\/section><\/div>\n<\/section>\n<section class=\"section\">\n<div class=\"item item-6\">\n<section class=\"image-item\">\n                <img decoding=\"async\" src=\"https:\/\/upload.cdn.baselinker.com\/products\/14476\/451f0c3a55f4feb3577cadda643f5f12.jpg\" \/><br \/>\n            <\/section>\n<\/p><\/div>\n<div class=\"item item-6\">\n<section class=\"text-item\">\n<p>M\u0142otek <b>ciesielski <\/b>wykonany z wysokiej jako\u015bci stali. Trzon z w\u0142\u00f3kna szklanego zosta\u0142 pokryty <b>antypo\u015blizgow\u0105 <\/b>gum\u0105 <b>t\u0142umi\u0105c\u0105 <\/b>drgania. M\u0142otek dodatkowo posiada magnetyczne gniazdo na gw\u00f3\u017ad\u017a znacznie u\u0142atwiaj\u0105cy prac\u0119.<\/p>\n<ul>\n<li>Wyprofilowana antypo\u015blizgowa r\u0105czka zapewnia komfort pracy<\/li>\n<li>Praktyczne i wielofunkcyjne narz\u0119dzie<\/li>\n<\/ul>\n<p><b>\u2705 Zastosowanie:<\/b><\/p>\n<p>M\u0142otek dekarski niezawodny w ka\u017cdym domu, na budowie lub w przemy\u015ble. S\u0142u\u017cy do:<\/p>\n<ul>\n<li>\u0141amania lub kruszenia cegie\u0142<\/li>\n<li>Pobijania twardych materia\u0142\u00f3w budowlanych<\/li>\n<\/ul>\n<\/section><\/div>\n<\/section>\n<section class=\"section\">\n<div class=\"item item-6\">\n<section class=\"image-item\">\n                <img decoding=\"async\" src=\"https:\/\/upload.cdn.baselinker.com\/products\/14476\/62ad63e4853d5d536560d1fcd6dbcad3.jpg\" \/><br \/>\n            <\/section>\n<\/p><\/div>\n<div class=\"item item-6\">\n<section class=\"image-item\">\n                <img decoding=\"async\" src=\"https:\/\/upload.cdn.baselinker.com\/products\/14476\/63c2ba76d71e15c309f63faec353b224.jpg\" \/><br \/>\n            <\/section>\n<\/p><\/div>\n<\/section>\n<section class=\"section\">\n<div class=\"item item-6\">\n<section class=\"image-item\">\n                <img decoding=\"async\" src=\"https:\/\/upload.cdn.baselinker.com\/products\/14476\/3f83a3e65bb44ad7d299b90d46ab2226.jpg\" \/><br \/>\n            <\/section>\n<\/p><\/div>\n<div class=\"item item-6\">\n<section class=\"image-item\">\n                <img decoding=\"async\" src=\"https:\/\/upload.cdn.baselinker.com\/products\/14476\/a3ce4b142cc1a62f5f3b1357c79cdef7.jpg\" \/><br \/>\n            <\/section>\n<\/p><\/div>\n<\/section>\n<section class=\"section\">\n<div class=\"item item-12\">\n<section class=\"image-item\">\n                <img decoding=\"async\" src=\"https:\/\/upload.cdn.baselinker.com\/products\/14476\/c87e82d72b4b8322efcf1de4270cd32c.jpg\" \/><br \/>\n            <\/section>\n<\/p><\/div>\n<\/section>\n","protected":false},"excerpt":{"rendered":"<p>M\u0141OTEK CIESIELSKI DEKARSKI FIBERGLASS 600g Dane techniczne: Typ: ciesielski Waga: 600g R\u0119koje\u015b\u0107: antypo\u015blizgowa,\u00a0 z tworzywa dwukomponentowego Trzon: w\u0142\u00f3kno szklanego (t\u0142umi drgania) Magnetyczne gniazdo na gw\u00f3\u017ad\u017a M\u0142otek ciesielski wykonany z wysokiej jako\u015bci stali. Trzon z w\u0142\u00f3kna szklanego zosta\u0142 pokryty antypo\u015blizgow\u0105 gum\u0105 t\u0142umi\u0105c\u0105 drgania. M\u0142otek dodatkowo posiada magnetyczne gniazdo na gw\u00f3\u017ad\u017a znacznie u\u0142atwiaj\u0105cy prac\u0119. Wyprofilowana antypo\u015blizgowa r\u0105czka<br \/><a class=\"more-link\" href=\"https:\/\/bobimarket.pl\/index.php\/produkt\/mlotek-ciesielski-dekarski-fiberglass-600g\/\"><br \/>\n        Czytaj wi\u0119cej<span class=\"screen-reader-text\"> &#8222;M\u0141OTEK CIESIELSKI DEKARSKI FIBERGLASS 600g&#8221;<\/span><\/a><\/p>\n","protected":false},"featured_media":85084,"template":"","meta":[],"product_cat":[8197],"product_tag":[],"yoast_head":"<!-- This site is optimized with the Yoast SEO plugin v21.0 - https:\/\/yoast.com\/wordpress\/plugins\/seo\/ -->\n<title>M\u0141OTEK CIESIELSKI DEKARSKI FIBERGLASS 600g - BOBIMARKET.pl - Remontuj i urz\u0105dzaj z nami<\/title>\n<meta name=\"robots\" content=\"index, follow, max-snippet:-1, max-image-preview:large, max-video-preview:-1\" \/>\n<link rel=\"canonical\" href=\"https:\/\/bobimarket.pl\/index.php\/produkt\/mlotek-ciesielski-dekarski-fiberglass-600g\/\" \/>\n<meta property=\"og:locale\" content=\"pl_PL\" \/>\n<meta property=\"og:type\" content=\"article\" \/>\n<meta property=\"og:title\" content=\"M\u0141OTEK CIESIELSKI DEKARSKI FIBERGLASS 600g - BOBIMARKET.pl - Remontuj i urz\u0105dzaj z nami\" \/>\n<meta property=\"og:description\" content=\"M\u0141OTEK CIESIELSKI DEKARSKI FIBERGLASS 600g Dane techniczne: Typ: ciesielski Waga: 600g R\u0119koje\u015b\u0107: antypo\u015blizgowa,\u00a0 z tworzywa dwukomponentowego Trzon: w\u0142\u00f3kno szklanego (t\u0142umi drgania) Magnetyczne gniazdo na gw\u00f3\u017ad\u017a M\u0142otek ciesielski wykonany z wysokiej jako\u015bci stali. Trzon z w\u0142\u00f3kna szklanego zosta\u0142 pokryty antypo\u015blizgow\u0105 gum\u0105 t\u0142umi\u0105c\u0105 drgania. M\u0142otek dodatkowo posiada magnetyczne gniazdo na gw\u00f3\u017ad\u017a znacznie u\u0142atwiaj\u0105cy prac\u0119. Wyprofilowana antypo\u015blizgowa r\u0105czka     Czytaj wi\u0119cej &quot;M\u0141OTEK CIESIELSKI DEKARSKI FIBERGLASS 600g&quot;\" \/>\n<meta property=\"og:url\" content=\"https:\/\/bobimarket.pl\/index.php\/produkt\/mlotek-ciesielski-dekarski-fiberglass-600g\/\" \/>\n<meta property=\"og:site_name\" content=\"BOBIMARKET.pl - Remontuj i urz\u0105dzaj z nami\" \/>\n<meta property=\"article:modified_time\" content=\"2025-02-27T14:29:07+00:00\" \/>\n<meta property=\"og:image\" content=\"https:\/\/upload.cdn.baselinker.com\/products\/14476\/94f3c7d5993321c18a216ed291d3f9fd.jpg\" \/>\n<meta name=\"twitter:card\" content=\"summary_large_image\" \/>\n<meta name=\"twitter:label1\" content=\"Szacowany czas czytania\" \/>\n\t<meta name=\"twitter:data1\" content=\"1 minuta\" \/>\n<script type=\"application\/ld+json\" class=\"yoast-schema-graph\">{\"@context\":\"https:\/\/schema.org\",\"@graph\":[{\"@type\":\"WebPage\",\"@id\":\"https:\/\/bobimarket.pl\/index.php\/produkt\/mlotek-ciesielski-dekarski-fiberglass-600g\/\",\"url\":\"https:\/\/bobimarket.pl\/index.php\/produkt\/mlotek-ciesielski-dekarski-fiberglass-600g\/\",\"name\":\"M\u0141OTEK CIESIELSKI DEKARSKI FIBERGLASS 600g - BOBIMARKET.pl - Remontuj i urz\u0105dzaj z nami\",\"isPartOf\":{\"@id\":\"https:\/\/bobimarket.pl\/#website\"},\"datePublished\":\"2023-08-29T21:49:29+00:00\",\"dateModified\":\"2025-02-27T14:29:07+00:00\",\"breadcrumb\":{\"@id\":\"https:\/\/bobimarket.pl\/index.php\/produkt\/mlotek-ciesielski-dekarski-fiberglass-600g\/#breadcrumb\"},\"inLanguage\":\"pl-PL\",\"potentialAction\":[{\"@type\":\"ReadAction\",\"target\":[\"https:\/\/bobimarket.pl\/index.php\/produkt\/mlotek-ciesielski-dekarski-fiberglass-600g\/\"]}]},{\"@type\":\"BreadcrumbList\",\"@id\":\"https:\/\/bobimarket.pl\/index.php\/produkt\/mlotek-ciesielski-dekarski-fiberglass-600g\/#breadcrumb\",\"itemListElement\":[{\"@type\":\"ListItem\",\"position\":1,\"name\":\"Strona g\u0142\u00f3wna\",\"item\":\"https:\/\/bobimarket.pl\/\"},{\"@type\":\"ListItem\",\"position\":2,\"name\":\"Sklep\",\"item\":\"https:\/\/bobimarket.pl\/index.php\/shop\/\"},{\"@type\":\"ListItem\",\"position\":3,\"name\":\"M\u0141OTEK CIESIELSKI DEKARSKI FIBERGLASS 600g\"}]},{\"@type\":\"WebSite\",\"@id\":\"https:\/\/bobimarket.pl\/#website\",\"url\":\"https:\/\/bobimarket.pl\/\",\"name\":\"BOBIMARKET.pl - Remontuj i urz\u0105dzaj z nami\",\"description\":\"Remontuj i urz\u0105dzaj z nami\",\"publisher\":{\"@id\":\"https:\/\/bobimarket.pl\/#organization\"},\"potentialAction\":[{\"@type\":\"SearchAction\",\"target\":{\"@type\":\"EntryPoint\",\"urlTemplate\":\"https:\/\/bobimarket.pl\/?s={search_term_string}\"},\"query-input\":\"required name=search_term_string\"}],\"inLanguage\":\"pl-PL\"},{\"@type\":\"Organization\",\"@id\":\"https:\/\/bobimarket.pl\/#organization\",\"name\":\"BOBIMARKET.pl\",\"url\":\"https:\/\/bobimarket.pl\/\",\"logo\":{\"@type\":\"ImageObject\",\"inLanguage\":\"pl-PL\",\"@id\":\"https:\/\/bobimarket.pl\/#\/schema\/logo\/image\/\",\"url\":\"https:\/\/bobimarket.pl\/wp-content\/uploads\/2021\/11\/slogan.png\",\"contentUrl\":\"https:\/\/bobimarket.pl\/wp-content\/uploads\/2021\/11\/slogan.png\",\"width\":2000,\"height\":384,\"caption\":\"BOBIMARKET.pl\"},\"image\":{\"@id\":\"https:\/\/bobimarket.pl\/#\/schema\/logo\/image\/\"}}]}<\/script>\n<!-- \/ Yoast SEO plugin. -->","yoast_head_json":{"title":"M\u0141OTEK CIESIELSKI DEKARSKI FIBERGLASS 600g - BOBIMARKET.pl - Remontuj i urz\u0105dzaj z nami","robots":{"index":"index","follow":"follow","max-snippet":"max-snippet:-1","max-image-preview":"max-image-preview:large","max-video-preview":"max-video-preview:-1"},"canonical":"https:\/\/bobimarket.pl\/index.php\/produkt\/mlotek-ciesielski-dekarski-fiberglass-600g\/","og_locale":"pl_PL","og_type":"article","og_title":"M\u0141OTEK CIESIELSKI DEKARSKI FIBERGLASS 600g - BOBIMARKET.pl - Remontuj i urz\u0105dzaj z nami","og_description":"M\u0141OTEK CIESIELSKI DEKARSKI FIBERGLASS 600g Dane techniczne: Typ: ciesielski Waga: 600g R\u0119koje\u015b\u0107: antypo\u015blizgowa,\u00a0 z tworzywa dwukomponentowego Trzon: w\u0142\u00f3kno szklanego (t\u0142umi drgania) Magnetyczne gniazdo na gw\u00f3\u017ad\u017a M\u0142otek ciesielski wykonany z wysokiej jako\u015bci stali. Trzon z w\u0142\u00f3kna szklanego zosta\u0142 pokryty antypo\u015blizgow\u0105 gum\u0105 t\u0142umi\u0105c\u0105 drgania. M\u0142otek dodatkowo posiada magnetyczne gniazdo na gw\u00f3\u017ad\u017a znacznie u\u0142atwiaj\u0105cy prac\u0119. Wyprofilowana antypo\u015blizgowa r\u0105czka     Czytaj wi\u0119cej \"M\u0141OTEK CIESIELSKI DEKARSKI FIBERGLASS 600g\"","og_url":"https:\/\/bobimarket.pl\/index.php\/produkt\/mlotek-ciesielski-dekarski-fiberglass-600g\/","og_site_name":"BOBIMARKET.pl - Remontuj i urz\u0105dzaj z nami","article_modified_time":"2025-02-27T14:29:07+00:00","og_image":[{"url":"https:\/\/upload.cdn.baselinker.com\/products\/14476\/94f3c7d5993321c18a216ed291d3f9fd.jpg"}],"twitter_card":"summary_large_image","twitter_misc":{"Szacowany czas czytania":"1 minuta"},"schema":{"@context":"https:\/\/schema.org","@graph":[{"@type":"WebPage","@id":"https:\/\/bobimarket.pl\/index.php\/produkt\/mlotek-ciesielski-dekarski-fiberglass-600g\/","url":"https:\/\/bobimarket.pl\/index.php\/produkt\/mlotek-ciesielski-dekarski-fiberglass-600g\/","name":"M\u0141OTEK CIESIELSKI DEKARSKI FIBERGLASS 600g - BOBIMARKET.pl - Remontuj i urz\u0105dzaj z nami","isPartOf":{"@id":"https:\/\/bobimarket.pl\/#website"},"datePublished":"2023-08-29T21:49:29+00:00","dateModified":"2025-02-27T14:29:07+00:00","breadcrumb":{"@id":"https:\/\/bobimarket.pl\/index.php\/produkt\/mlotek-ciesielski-dekarski-fiberglass-600g\/#breadcrumb"},"inLanguage":"pl-PL","potentialAction":[{"@type":"ReadAction","target":["https:\/\/bobimarket.pl\/index.php\/produkt\/mlotek-ciesielski-dekarski-fiberglass-600g\/"]}]},{"@type":"BreadcrumbList","@id":"https:\/\/bobimarket.pl\/index.php\/produkt\/mlotek-ciesielski-dekarski-fiberglass-600g\/#breadcrumb","itemListElement":[{"@type":"ListItem","position":1,"name":"Strona g\u0142\u00f3wna","item":"https:\/\/bobimarket.pl\/"},{"@type":"ListItem","position":2,"name":"Sklep","item":"https:\/\/bobimarket.pl\/index.php\/shop\/"},{"@type":"ListItem","position":3,"name":"M\u0141OTEK CIESIELSKI DEKARSKI FIBERGLASS 600g"}]},{"@type":"WebSite","@id":"https:\/\/bobimarket.pl\/#website","url":"https:\/\/bobimarket.pl\/","name":"BOBIMARKET.pl - Remontuj i urz\u0105dzaj z nami","description":"Remontuj i urz\u0105dzaj z nami","publisher":{"@id":"https:\/\/bobimarket.pl\/#organization"},"potentialAction":[{"@type":"SearchAction","target":{"@type":"EntryPoint","urlTemplate":"https:\/\/bobimarket.pl\/?s={search_term_string}"},"query-input":"required name=search_term_string"}],"inLanguage":"pl-PL"},{"@type":"Organization","@id":"https:\/\/bobimarket.pl\/#organization","name":"BOBIMARKET.pl","url":"https:\/\/bobimarket.pl\/","logo":{"@type":"ImageObject","inLanguage":"pl-PL","@id":"https:\/\/bobimarket.pl\/#\/schema\/logo\/image\/","url":"https:\/\/bobimarket.pl\/wp-content\/uploads\/2021\/11\/slogan.png","contentUrl":"https:\/\/bobimarket.pl\/wp-content\/uploads\/2021\/11\/slogan.png","width":2000,"height":384,"caption":"BOBIMARKET.pl"},"image":{"@id":"https:\/\/bobimarket.pl\/#\/schema\/logo\/image\/"}}]}},"_links":{"self":[{"href":"https:\/\/bobimarket.pl\/index.php\/wp-json\/wp\/v2\/product\/85091"}],"collection":[{"href":"https:\/\/bobimarket.pl\/index.php\/wp-json\/wp\/v2\/product"}],"about":[{"href":"https:\/\/bobimarket.pl\/index.php\/wp-json\/wp\/v2\/types\/product"}],"wp:featuredmedia":[{"embeddable":true,"href":"https:\/\/bobimarket.pl\/index.php\/wp-json\/wp\/v2\/media\/85084"}],"wp:attachment":[{"href":"https:\/\/bobimarket.pl\/index.php\/wp-json\/wp\/v2\/media?parent=85091"}],"wp:term":[{"taxonomy":"product_cat","embeddable":true,"href":"https:\/\/bobimarket.pl\/index.php\/wp-json\/wp\/v2\/product_cat?post=85091"},{"taxonomy":"product_tag","embeddable":true,"href":"https:\/\/bobimarket.pl\/index.php\/wp-json\/wp\/v2\/product_tag?post=85091"}],"curies":[{"name":"wp","href":"https:\/\/api.w.org\/{rel}","templated":true}]}}