{"id":85131,"date":"2023-08-29T21:53:23","date_gmt":"2023-08-29T21:53:23","guid":{"rendered":"https:\/\/bobimarket.pl\/index.php\/produkt\/szczypce-boczne-tnace-obcinaczki-180-mm\/"},"modified":"2025-02-27T14:29:22","modified_gmt":"2025-02-27T14:29:22","slug":"szczypce-boczne-tnace-obcinaczki-180-mm","status":"publish","type":"product","link":"https:\/\/bobimarket.pl\/index.php\/produkt\/szczypce-boczne-tnace-obcinaczki-180-mm\/","title":{"rendered":"SZCZYPCE BOCZNE TN\u0104CE OBCINACZKI 180 MM"},"content":{"rendered":"<section class=\"section\">\n<div class=\"item item-6\">\n<section class=\"image-item\">\n                <img decoding=\"async\" src=\"https:\/\/upload.cdn.baselinker.com\/products\/14476\/927398ad2a61dc5a3bf466836562ccbc.jpg\" \/><br \/>\n            <\/section>\n<\/p><\/div>\n<div class=\"item item-6\">\n<section class=\"text-item\">\n<h2>SZCZYPCE BOCZNE TN\u0104CE OBCINACZKI 180 MM<\/h2>\n<p><b>Dane techniczne:<\/b><\/p>\n<ul>\n<li>D\u0142ugo\u015bc ca\u0142kowita:<b> 180mm<\/b><\/li>\n<li>Materia\u0142 :<b> Stal Chromowo-wanadowa<\/b><\/li>\n<li>Stopie\u0144 twardo\u015bci: <b>HRC 49-52<\/b><\/li>\n<li>Dwukomponetowe nak\u0142adki na rekoje\u015bciach<\/li>\n<li>W zale\u017cno\u015bci od dostawy,mo\u017ce r\u00f3\u017cni\u0107 sie kolorem<\/li>\n<\/ul>\n<p>Na szczypcach mo\u017ce wyst\u0119powa\u0107 niewielka ilo\u015b\u0107 smaru. Kt\u00f3ra jest nak\u0142adana w czasie produkcji.<\/p>\n<\/section><\/div>\n<\/section>\n<section class=\"section\">\n<div class=\"item item-6\">\n<section class=\"image-item\">\n                <img decoding=\"async\" src=\"https:\/\/upload.cdn.baselinker.com\/products\/14476\/6c7efff70bc3f7e370dec65c84691458.jpg\" \/><br \/>\n            <\/section>\n<\/p><\/div>\n<div class=\"item item-6\">\n<section class=\"text-item\">\n<p>Wysokiej jako\u015bci szczypce <b>boczne <\/b>przeznaczone do ci\u0119cia drut\u00f3w i kabli.<\/p>\n<p>Obcinaczki posiadaj\u0105 specjalnie wyprofilowane szcz\u0119ki kt\u00f3re dodatkowo s\u0105 <b>hartowane. <\/b>Kraw\u0119dzie<b> tn\u0105ce <\/b>maj\u0105 za zadanie sprawnie ucina\u0107 wszelkiego rodzaju przewody.<\/p>\n<p>Szczypce zostaly wykonane z stali <b>chromowo-wanadowej <\/b>co zapewnia d\u0142ugotrwa\u0142e u\u017cytkowanie narz\u0119dzia.<\/p>\n<p>Obcinaczki te to idealne narz\u0119dzie dla elektryk\u00f3w,monter\u00f3w.<\/p>\n<\/section><\/div>\n<\/section>\n<section class=\"section\">\n<div class=\"item item-6\">\n<section class=\"image-item\">\n                <img decoding=\"async\" src=\"https:\/\/upload.cdn.baselinker.com\/products\/14476\/fa32f1701ba14e71b59da5e206390ae9.jpg\" \/><br \/>\n            <\/section>\n<\/p><\/div>\n<div class=\"item item-6\">\n<section class=\"text-item\">\n<p>Najwa\u017cniejsze zalety:<\/p>\n<ul>\n<li>Wykonane z stali <b>CR-V<\/b><\/li>\n<li>Wysoki stopie\u0144 twardo\u015bci <b>HRC 49-52<\/b><\/li>\n<li>Materia\u0142 poddany<b> Hartowaniu<\/b><\/li>\n<li><b>Ergonomiczna <\/b>r\u0119koje\u015b\u0107<\/li>\n<\/ul>\n<\/section><\/div>\n<\/section>\n<section class=\"section\">\n<div class=\"item item-6\">\n<section class=\"image-item\">\n                <img decoding=\"async\" src=\"https:\/\/upload.cdn.baselinker.com\/products\/14476\/c77fab5d8bb056b19cd5ba08cb79d994.jpg\" \/><br \/>\n            <\/section>\n<\/p><\/div>\n<div class=\"item item-6\">\n<section class=\"image-item\">\n                <img decoding=\"async\" src=\"https:\/\/upload.cdn.baselinker.com\/products\/14476\/6c8b866c30b42e32f14007071eab6dab.jpg\" \/><br \/>\n            <\/section>\n<\/p><\/div>\n<\/section>\n<section class=\"section\">\n<div class=\"item item-6\">\n<section class=\"image-item\">\n                <img decoding=\"async\" src=\"https:\/\/upload.cdn.baselinker.com\/products\/14476\/dcd10f01a0fd54c4c2a3d2eba8d65d63.jpg\" \/><br \/>\n            <\/section>\n<\/p><\/div>\n<div class=\"item item-6\">\n<section class=\"image-item\">\n                <img decoding=\"async\" src=\"https:\/\/upload.cdn.baselinker.com\/products\/14476\/7a240181e7595023e8e6141c321cc717.jpg\" \/><br \/>\n            <\/section>\n<\/p><\/div>\n<\/section>\n<section class=\"section\">\n<div class=\"item item-12\">\n<section class=\"image-item\">\n                <img decoding=\"async\" src=\"https:\/\/upload.cdn.baselinker.com\/products\/14476\/3956c0f74782f81aa3c09572c64f44f1.jpg\" \/><br \/>\n            <\/section>\n<\/p><\/div>\n<\/section>\n","protected":false},"excerpt":{"rendered":"<p>SZCZYPCE BOCZNE TN\u0104CE OBCINACZKI 180 MM Dane techniczne: D\u0142ugo\u015bc ca\u0142kowita: 180mm Materia\u0142 : Stal Chromowo-wanadowa Stopie\u0144 twardo\u015bci: HRC 49-52 Dwukomponetowe nak\u0142adki na rekoje\u015bciach W zale\u017cno\u015bci od dostawy,mo\u017ce r\u00f3\u017cni\u0107 sie kolorem Na szczypcach mo\u017ce wyst\u0119powa\u0107 niewielka ilo\u015b\u0107 smaru. Kt\u00f3ra jest nak\u0142adana w czasie produkcji. Wysokiej jako\u015bci szczypce boczne przeznaczone do ci\u0119cia drut\u00f3w i kabli. Obcinaczki posiadaj\u0105<br \/><a class=\"more-link\" href=\"https:\/\/bobimarket.pl\/index.php\/produkt\/szczypce-boczne-tnace-obcinaczki-180-mm\/\"><br \/>\n        Czytaj wi\u0119cej<span class=\"screen-reader-text\"> &#8222;SZCZYPCE BOCZNE TN\u0104CE OBCINACZKI 180 MM&#8221;<\/span><\/a><\/p>\n","protected":false},"featured_media":85123,"template":"","meta":[],"product_cat":[8086],"product_tag":[],"yoast_head":"<!-- This site is optimized with the Yoast SEO plugin v21.0 - https:\/\/yoast.com\/wordpress\/plugins\/seo\/ -->\n<title>SZCZYPCE BOCZNE TN\u0104CE OBCINACZKI 180 MM - BOBIMARKET.pl - Remontuj i urz\u0105dzaj z nami<\/title>\n<meta name=\"robots\" content=\"index, follow, max-snippet:-1, max-image-preview:large, max-video-preview:-1\" \/>\n<link rel=\"canonical\" href=\"https:\/\/bobimarket.pl\/index.php\/produkt\/szczypce-boczne-tnace-obcinaczki-180-mm\/\" \/>\n<meta property=\"og:locale\" content=\"pl_PL\" \/>\n<meta property=\"og:type\" content=\"article\" \/>\n<meta property=\"og:title\" content=\"SZCZYPCE BOCZNE TN\u0104CE OBCINACZKI 180 MM - BOBIMARKET.pl - Remontuj i urz\u0105dzaj z nami\" \/>\n<meta property=\"og:description\" content=\"SZCZYPCE BOCZNE TN\u0104CE OBCINACZKI 180 MM Dane techniczne: D\u0142ugo\u015bc ca\u0142kowita: 180mm Materia\u0142 : Stal Chromowo-wanadowa Stopie\u0144 twardo\u015bci: HRC 49-52 Dwukomponetowe nak\u0142adki na rekoje\u015bciach W zale\u017cno\u015bci od dostawy,mo\u017ce r\u00f3\u017cni\u0107 sie kolorem Na szczypcach mo\u017ce wyst\u0119powa\u0107 niewielka ilo\u015b\u0107 smaru. Kt\u00f3ra jest nak\u0142adana w czasie produkcji. Wysokiej jako\u015bci szczypce boczne przeznaczone do ci\u0119cia drut\u00f3w i kabli. Obcinaczki posiadaj\u0105     Czytaj wi\u0119cej &quot;SZCZYPCE BOCZNE TN\u0104CE OBCINACZKI 180 MM&quot;\" \/>\n<meta property=\"og:url\" content=\"https:\/\/bobimarket.pl\/index.php\/produkt\/szczypce-boczne-tnace-obcinaczki-180-mm\/\" \/>\n<meta property=\"og:site_name\" content=\"BOBIMARKET.pl - Remontuj i urz\u0105dzaj z nami\" \/>\n<meta property=\"article:modified_time\" content=\"2025-02-27T14:29:22+00:00\" \/>\n<meta property=\"og:image\" content=\"https:\/\/upload.cdn.baselinker.com\/products\/14476\/927398ad2a61dc5a3bf466836562ccbc.jpg\" \/>\n<meta name=\"twitter:card\" content=\"summary_large_image\" \/>\n<meta name=\"twitter:label1\" content=\"Szacowany czas czytania\" \/>\n\t<meta name=\"twitter:data1\" content=\"1 minuta\" \/>\n<script type=\"application\/ld+json\" class=\"yoast-schema-graph\">{\"@context\":\"https:\/\/schema.org\",\"@graph\":[{\"@type\":\"WebPage\",\"@id\":\"https:\/\/bobimarket.pl\/index.php\/produkt\/szczypce-boczne-tnace-obcinaczki-180-mm\/\",\"url\":\"https:\/\/bobimarket.pl\/index.php\/produkt\/szczypce-boczne-tnace-obcinaczki-180-mm\/\",\"name\":\"SZCZYPCE BOCZNE TN\u0104CE OBCINACZKI 180 MM - BOBIMARKET.pl - Remontuj i urz\u0105dzaj z nami\",\"isPartOf\":{\"@id\":\"https:\/\/bobimarket.pl\/#website\"},\"datePublished\":\"2023-08-29T21:53:23+00:00\",\"dateModified\":\"2025-02-27T14:29:22+00:00\",\"breadcrumb\":{\"@id\":\"https:\/\/bobimarket.pl\/index.php\/produkt\/szczypce-boczne-tnace-obcinaczki-180-mm\/#breadcrumb\"},\"inLanguage\":\"pl-PL\",\"potentialAction\":[{\"@type\":\"ReadAction\",\"target\":[\"https:\/\/bobimarket.pl\/index.php\/produkt\/szczypce-boczne-tnace-obcinaczki-180-mm\/\"]}]},{\"@type\":\"BreadcrumbList\",\"@id\":\"https:\/\/bobimarket.pl\/index.php\/produkt\/szczypce-boczne-tnace-obcinaczki-180-mm\/#breadcrumb\",\"itemListElement\":[{\"@type\":\"ListItem\",\"position\":1,\"name\":\"Strona g\u0142\u00f3wna\",\"item\":\"https:\/\/bobimarket.pl\/\"},{\"@type\":\"ListItem\",\"position\":2,\"name\":\"Sklep\",\"item\":\"https:\/\/bobimarket.pl\/index.php\/shop\/\"},{\"@type\":\"ListItem\",\"position\":3,\"name\":\"SZCZYPCE BOCZNE TN\u0104CE OBCINACZKI 180 MM\"}]},{\"@type\":\"WebSite\",\"@id\":\"https:\/\/bobimarket.pl\/#website\",\"url\":\"https:\/\/bobimarket.pl\/\",\"name\":\"BOBIMARKET.pl - Remontuj i urz\u0105dzaj z nami\",\"description\":\"Remontuj i urz\u0105dzaj z nami\",\"publisher\":{\"@id\":\"https:\/\/bobimarket.pl\/#organization\"},\"potentialAction\":[{\"@type\":\"SearchAction\",\"target\":{\"@type\":\"EntryPoint\",\"urlTemplate\":\"https:\/\/bobimarket.pl\/?s={search_term_string}\"},\"query-input\":\"required name=search_term_string\"}],\"inLanguage\":\"pl-PL\"},{\"@type\":\"Organization\",\"@id\":\"https:\/\/bobimarket.pl\/#organization\",\"name\":\"BOBIMARKET.pl\",\"url\":\"https:\/\/bobimarket.pl\/\",\"logo\":{\"@type\":\"ImageObject\",\"inLanguage\":\"pl-PL\",\"@id\":\"https:\/\/bobimarket.pl\/#\/schema\/logo\/image\/\",\"url\":\"https:\/\/bobimarket.pl\/wp-content\/uploads\/2021\/11\/slogan.png\",\"contentUrl\":\"https:\/\/bobimarket.pl\/wp-content\/uploads\/2021\/11\/slogan.png\",\"width\":2000,\"height\":384,\"caption\":\"BOBIMARKET.pl\"},\"image\":{\"@id\":\"https:\/\/bobimarket.pl\/#\/schema\/logo\/image\/\"}}]}<\/script>\n<!-- \/ Yoast SEO plugin. -->","yoast_head_json":{"title":"SZCZYPCE BOCZNE TN\u0104CE OBCINACZKI 180 MM - BOBIMARKET.pl - Remontuj i urz\u0105dzaj z nami","robots":{"index":"index","follow":"follow","max-snippet":"max-snippet:-1","max-image-preview":"max-image-preview:large","max-video-preview":"max-video-preview:-1"},"canonical":"https:\/\/bobimarket.pl\/index.php\/produkt\/szczypce-boczne-tnace-obcinaczki-180-mm\/","og_locale":"pl_PL","og_type":"article","og_title":"SZCZYPCE BOCZNE TN\u0104CE OBCINACZKI 180 MM - BOBIMARKET.pl - Remontuj i urz\u0105dzaj z nami","og_description":"SZCZYPCE BOCZNE TN\u0104CE OBCINACZKI 180 MM Dane techniczne: D\u0142ugo\u015bc ca\u0142kowita: 180mm Materia\u0142 : Stal Chromowo-wanadowa Stopie\u0144 twardo\u015bci: HRC 49-52 Dwukomponetowe nak\u0142adki na rekoje\u015bciach W zale\u017cno\u015bci od dostawy,mo\u017ce r\u00f3\u017cni\u0107 sie kolorem Na szczypcach mo\u017ce wyst\u0119powa\u0107 niewielka ilo\u015b\u0107 smaru. Kt\u00f3ra jest nak\u0142adana w czasie produkcji. Wysokiej jako\u015bci szczypce boczne przeznaczone do ci\u0119cia drut\u00f3w i kabli. Obcinaczki posiadaj\u0105     Czytaj wi\u0119cej \"SZCZYPCE BOCZNE TN\u0104CE OBCINACZKI 180 MM\"","og_url":"https:\/\/bobimarket.pl\/index.php\/produkt\/szczypce-boczne-tnace-obcinaczki-180-mm\/","og_site_name":"BOBIMARKET.pl - Remontuj i urz\u0105dzaj z nami","article_modified_time":"2025-02-27T14:29:22+00:00","og_image":[{"url":"https:\/\/upload.cdn.baselinker.com\/products\/14476\/927398ad2a61dc5a3bf466836562ccbc.jpg"}],"twitter_card":"summary_large_image","twitter_misc":{"Szacowany czas czytania":"1 minuta"},"schema":{"@context":"https:\/\/schema.org","@graph":[{"@type":"WebPage","@id":"https:\/\/bobimarket.pl\/index.php\/produkt\/szczypce-boczne-tnace-obcinaczki-180-mm\/","url":"https:\/\/bobimarket.pl\/index.php\/produkt\/szczypce-boczne-tnace-obcinaczki-180-mm\/","name":"SZCZYPCE BOCZNE TN\u0104CE OBCINACZKI 180 MM - BOBIMARKET.pl - Remontuj i urz\u0105dzaj z nami","isPartOf":{"@id":"https:\/\/bobimarket.pl\/#website"},"datePublished":"2023-08-29T21:53:23+00:00","dateModified":"2025-02-27T14:29:22+00:00","breadcrumb":{"@id":"https:\/\/bobimarket.pl\/index.php\/produkt\/szczypce-boczne-tnace-obcinaczki-180-mm\/#breadcrumb"},"inLanguage":"pl-PL","potentialAction":[{"@type":"ReadAction","target":["https:\/\/bobimarket.pl\/index.php\/produkt\/szczypce-boczne-tnace-obcinaczki-180-mm\/"]}]},{"@type":"BreadcrumbList","@id":"https:\/\/bobimarket.pl\/index.php\/produkt\/szczypce-boczne-tnace-obcinaczki-180-mm\/#breadcrumb","itemListElement":[{"@type":"ListItem","position":1,"name":"Strona g\u0142\u00f3wna","item":"https:\/\/bobimarket.pl\/"},{"@type":"ListItem","position":2,"name":"Sklep","item":"https:\/\/bobimarket.pl\/index.php\/shop\/"},{"@type":"ListItem","position":3,"name":"SZCZYPCE BOCZNE TN\u0104CE OBCINACZKI 180 MM"}]},{"@type":"WebSite","@id":"https:\/\/bobimarket.pl\/#website","url":"https:\/\/bobimarket.pl\/","name":"BOBIMARKET.pl - Remontuj i urz\u0105dzaj z nami","description":"Remontuj i urz\u0105dzaj z nami","publisher":{"@id":"https:\/\/bobimarket.pl\/#organization"},"potentialAction":[{"@type":"SearchAction","target":{"@type":"EntryPoint","urlTemplate":"https:\/\/bobimarket.pl\/?s={search_term_string}"},"query-input":"required name=search_term_string"}],"inLanguage":"pl-PL"},{"@type":"Organization","@id":"https:\/\/bobimarket.pl\/#organization","name":"BOBIMARKET.pl","url":"https:\/\/bobimarket.pl\/","logo":{"@type":"ImageObject","inLanguage":"pl-PL","@id":"https:\/\/bobimarket.pl\/#\/schema\/logo\/image\/","url":"https:\/\/bobimarket.pl\/wp-content\/uploads\/2021\/11\/slogan.png","contentUrl":"https:\/\/bobimarket.pl\/wp-content\/uploads\/2021\/11\/slogan.png","width":2000,"height":384,"caption":"BOBIMARKET.pl"},"image":{"@id":"https:\/\/bobimarket.pl\/#\/schema\/logo\/image\/"}}]}},"_links":{"self":[{"href":"https:\/\/bobimarket.pl\/index.php\/wp-json\/wp\/v2\/product\/85131"}],"collection":[{"href":"https:\/\/bobimarket.pl\/index.php\/wp-json\/wp\/v2\/product"}],"about":[{"href":"https:\/\/bobimarket.pl\/index.php\/wp-json\/wp\/v2\/types\/product"}],"wp:featuredmedia":[{"embeddable":true,"href":"https:\/\/bobimarket.pl\/index.php\/wp-json\/wp\/v2\/media\/85123"}],"wp:attachment":[{"href":"https:\/\/bobimarket.pl\/index.php\/wp-json\/wp\/v2\/media?parent=85131"}],"wp:term":[{"taxonomy":"product_cat","embeddable":true,"href":"https:\/\/bobimarket.pl\/index.php\/wp-json\/wp\/v2\/product_cat?post=85131"},{"taxonomy":"product_tag","embeddable":true,"href":"https:\/\/bobimarket.pl\/index.php\/wp-json\/wp\/v2\/product_tag?post=85131"}],"curies":[{"name":"wp","href":"https:\/\/api.w.org\/{rel}","templated":true}]}}