{"id":85245,"date":"2023-08-29T22:05:42","date_gmt":"2023-08-29T22:05:42","guid":{"rendered":"https:\/\/bobimarket.pl\/index.php\/produkt\/zszywki-tapicerskie-do-zszywacza-typ-a-8mm-1000szt\/"},"modified":"2025-02-27T14:31:02","modified_gmt":"2025-02-27T14:31:02","slug":"zszywki-tapicerskie-do-zszywacza-typ-a-8mm-1000szt","status":"publish","type":"product","link":"https:\/\/bobimarket.pl\/index.php\/produkt\/zszywki-tapicerskie-do-zszywacza-typ-a-8mm-1000szt\/","title":{"rendered":"ZSZYWKI TAPICERSKIE DO ZSZYWACZA TYP A 8MM 1000SZT"},"content":{"rendered":"<section class=\"section\">\n<div class=\"item item-12\">\n<section class=\"text-item\">\n<h2>ZSZYWKI TAPICERSKIE DO ZSZYWACZA TYP A 8 MM 1000 SZT<\/h2>\n<p><b>Dane techniczne:<\/b><\/p>\n<ul>\n<li>Szeroko\u015b\u0107 zszywki: <b>11,3mm<\/b><\/li>\n<li>Wysoko\u015b\u0107:<b> 8mm<\/b><\/li>\n<li>Grubo\u015b\u0107: 0,7mm<\/li>\n<li>Szeroko\u015b\u0107 n\u00f3\u017cki: 0,52mm<\/li>\n<li>Typ 53A<\/li>\n<li>Ilo\u015b\u0107: <b>1000szt<\/b><\/li>\n<\/ul>\n<\/section><\/div>\n<\/section>\n<section class=\"section\">\n<div class=\"item item-12\">\n<section class=\"image-item\">\n            <img decoding=\"async\" src=\"https:\/\/upload.cdn.baselinker.com\/products\/14476\/fd04a848c009975698c3f1e8f068386d.jpg\" \/><br \/>\n        <\/section>\n<\/p><\/div>\n<\/section>\n<section class=\"section\">\n<div class=\"item item-12\">\n<section class=\"text-item\">\n<p>Wysokiej jako\u015bci zszywki tapicerskie za pomoc\u0105 kt\u00f3rych wykonasz precyzyjne \u0142\u0105czenie materia\u0142\u00f3w z pod\u0142o\u017cem drewnianym lub drewnopodobnym \u2013 nadaje si\u0119 zar\u00f3wno do scalania element\u00f3w wykonanych z tworzyw sztucznych, jak i z surowc\u00f3w naturalnych.<\/p>\n<\/section><\/div>\n<\/section>\n<section class=\"section\">\n<div class=\"item item-12\">\n<section class=\"image-item\">\n            <img decoding=\"async\" src=\"https:\/\/upload.cdn.baselinker.com\/products\/14476\/8a99f2140c1bbdea50bbc3c71ed01788.jpg\" \/><br \/>\n        <\/section>\n<\/p><\/div>\n<\/section>\n<section class=\"section\">\n<div class=\"item item-6\">\n<section class=\"image-item\">\n            <img decoding=\"async\" src=\"https:\/\/upload.cdn.baselinker.com\/products\/14476\/da13fc767b03eb61a80bb5ed5df00418.jpg\" \/><br \/>\n        <\/section>\n<\/p><\/div>\n<div class=\"item item-6\">\n<section class=\"image-item\">\n            <img decoding=\"async\" src=\"https:\/\/upload.cdn.baselinker.com\/products\/14476\/5c9d8384392e13367339820eea187e4a.jpg\" \/><br \/>\n        <\/section>\n<\/p><\/div>\n<\/section>\n<section class=\"section\">\n<div class=\"item item-6\">\n<section class=\"image-item\">\n            <img decoding=\"async\" src=\"https:\/\/upload.cdn.baselinker.com\/products\/14476\/adef97455977010f2282c707b8703ecc.jpg\" \/><br \/>\n        <\/section>\n<\/p><\/div>\n<div class=\"item item-6\">\n<section class=\"image-item\">\n            <img decoding=\"async\" src=\"https:\/\/upload.cdn.baselinker.com\/products\/14476\/7a9e901759ac4580a7cf4a1d6ddbe5cd.jpg\" \/><br \/>\n        <\/section>\n<\/p><\/div>\n<\/section>\n","protected":false},"excerpt":{"rendered":"<p>ZSZYWKI TAPICERSKIE DO ZSZYWACZA TYP A 8 MM 1000 SZT Dane techniczne: Szeroko\u015b\u0107 zszywki: 11,3mm Wysoko\u015b\u0107: 8mm Grubo\u015b\u0107: 0,7mm Szeroko\u015b\u0107 n\u00f3\u017cki: 0,52mm Typ 53A Ilo\u015b\u0107: 1000szt Wysokiej jako\u015bci zszywki tapicerskie za pomoc\u0105 kt\u00f3rych wykonasz precyzyjne \u0142\u0105czenie materia\u0142\u00f3w z pod\u0142o\u017cem drewnianym lub drewnopodobnym \u2013 nadaje si\u0119 zar\u00f3wno do scalania element\u00f3w wykonanych z tworzyw sztucznych, jak i<br \/><a class=\"more-link\" href=\"https:\/\/bobimarket.pl\/index.php\/produkt\/zszywki-tapicerskie-do-zszywacza-typ-a-8mm-1000szt\/\"><br \/>\n        Czytaj wi\u0119cej<span class=\"screen-reader-text\"> &#8222;ZSZYWKI TAPICERSKIE DO ZSZYWACZA TYP A 8MM 1000SZT&#8221;<\/span><\/a><\/p>\n","protected":false},"featured_media":85239,"template":"","meta":[],"product_cat":[8076],"product_tag":[],"yoast_head":"<!-- This site is optimized with the Yoast SEO plugin v21.0 - https:\/\/yoast.com\/wordpress\/plugins\/seo\/ -->\n<title>ZSZYWKI TAPICERSKIE DO ZSZYWACZA TYP A 8MM 1000SZT - BOBIMARKET.pl - Remontuj i urz\u0105dzaj z nami<\/title>\n<meta name=\"robots\" content=\"index, follow, max-snippet:-1, max-image-preview:large, max-video-preview:-1\" \/>\n<link rel=\"canonical\" href=\"https:\/\/bobimarket.pl\/index.php\/produkt\/zszywki-tapicerskie-do-zszywacza-typ-a-8mm-1000szt\/\" \/>\n<meta property=\"og:locale\" content=\"pl_PL\" \/>\n<meta property=\"og:type\" content=\"article\" \/>\n<meta property=\"og:title\" content=\"ZSZYWKI TAPICERSKIE DO ZSZYWACZA TYP A 8MM 1000SZT - BOBIMARKET.pl - Remontuj i urz\u0105dzaj z nami\" \/>\n<meta property=\"og:description\" content=\"ZSZYWKI TAPICERSKIE DO ZSZYWACZA TYP A 8 MM 1000 SZT Dane techniczne: Szeroko\u015b\u0107 zszywki: 11,3mm Wysoko\u015b\u0107: 8mm Grubo\u015b\u0107: 0,7mm Szeroko\u015b\u0107 n\u00f3\u017cki: 0,52mm Typ 53A Ilo\u015b\u0107: 1000szt Wysokiej jako\u015bci zszywki tapicerskie za pomoc\u0105 kt\u00f3rych wykonasz precyzyjne \u0142\u0105czenie materia\u0142\u00f3w z pod\u0142o\u017cem drewnianym lub drewnopodobnym \u2013 nadaje si\u0119 zar\u00f3wno do scalania element\u00f3w wykonanych z tworzyw sztucznych, jak i     Czytaj wi\u0119cej &quot;ZSZYWKI TAPICERSKIE DO ZSZYWACZA TYP A 8MM 1000SZT&quot;\" \/>\n<meta property=\"og:url\" content=\"https:\/\/bobimarket.pl\/index.php\/produkt\/zszywki-tapicerskie-do-zszywacza-typ-a-8mm-1000szt\/\" \/>\n<meta property=\"og:site_name\" content=\"BOBIMARKET.pl - Remontuj i urz\u0105dzaj z nami\" \/>\n<meta property=\"article:modified_time\" content=\"2025-02-27T14:31:02+00:00\" \/>\n<meta property=\"og:image\" content=\"https:\/\/upload.cdn.baselinker.com\/products\/14476\/fd04a848c009975698c3f1e8f068386d.jpg\" \/>\n<meta name=\"twitter:card\" content=\"summary_large_image\" \/>\n<script type=\"application\/ld+json\" class=\"yoast-schema-graph\">{\"@context\":\"https:\/\/schema.org\",\"@graph\":[{\"@type\":\"WebPage\",\"@id\":\"https:\/\/bobimarket.pl\/index.php\/produkt\/zszywki-tapicerskie-do-zszywacza-typ-a-8mm-1000szt\/\",\"url\":\"https:\/\/bobimarket.pl\/index.php\/produkt\/zszywki-tapicerskie-do-zszywacza-typ-a-8mm-1000szt\/\",\"name\":\"ZSZYWKI TAPICERSKIE DO ZSZYWACZA TYP A 8MM 1000SZT - BOBIMARKET.pl - Remontuj i urz\u0105dzaj z nami\",\"isPartOf\":{\"@id\":\"https:\/\/bobimarket.pl\/#website\"},\"datePublished\":\"2023-08-29T22:05:42+00:00\",\"dateModified\":\"2025-02-27T14:31:02+00:00\",\"breadcrumb\":{\"@id\":\"https:\/\/bobimarket.pl\/index.php\/produkt\/zszywki-tapicerskie-do-zszywacza-typ-a-8mm-1000szt\/#breadcrumb\"},\"inLanguage\":\"pl-PL\",\"potentialAction\":[{\"@type\":\"ReadAction\",\"target\":[\"https:\/\/bobimarket.pl\/index.php\/produkt\/zszywki-tapicerskie-do-zszywacza-typ-a-8mm-1000szt\/\"]}]},{\"@type\":\"BreadcrumbList\",\"@id\":\"https:\/\/bobimarket.pl\/index.php\/produkt\/zszywki-tapicerskie-do-zszywacza-typ-a-8mm-1000szt\/#breadcrumb\",\"itemListElement\":[{\"@type\":\"ListItem\",\"position\":1,\"name\":\"Strona g\u0142\u00f3wna\",\"item\":\"https:\/\/bobimarket.pl\/\"},{\"@type\":\"ListItem\",\"position\":2,\"name\":\"Sklep\",\"item\":\"https:\/\/bobimarket.pl\/index.php\/shop\/\"},{\"@type\":\"ListItem\",\"position\":3,\"name\":\"ZSZYWKI TAPICERSKIE DO ZSZYWACZA TYP A 8MM 1000SZT\"}]},{\"@type\":\"WebSite\",\"@id\":\"https:\/\/bobimarket.pl\/#website\",\"url\":\"https:\/\/bobimarket.pl\/\",\"name\":\"BOBIMARKET.pl - Remontuj i urz\u0105dzaj z nami\",\"description\":\"Remontuj i urz\u0105dzaj z nami\",\"publisher\":{\"@id\":\"https:\/\/bobimarket.pl\/#organization\"},\"potentialAction\":[{\"@type\":\"SearchAction\",\"target\":{\"@type\":\"EntryPoint\",\"urlTemplate\":\"https:\/\/bobimarket.pl\/?s={search_term_string}\"},\"query-input\":\"required name=search_term_string\"}],\"inLanguage\":\"pl-PL\"},{\"@type\":\"Organization\",\"@id\":\"https:\/\/bobimarket.pl\/#organization\",\"name\":\"BOBIMARKET.pl\",\"url\":\"https:\/\/bobimarket.pl\/\",\"logo\":{\"@type\":\"ImageObject\",\"inLanguage\":\"pl-PL\",\"@id\":\"https:\/\/bobimarket.pl\/#\/schema\/logo\/image\/\",\"url\":\"https:\/\/bobimarket.pl\/wp-content\/uploads\/2021\/11\/slogan.png\",\"contentUrl\":\"https:\/\/bobimarket.pl\/wp-content\/uploads\/2021\/11\/slogan.png\",\"width\":2000,\"height\":384,\"caption\":\"BOBIMARKET.pl\"},\"image\":{\"@id\":\"https:\/\/bobimarket.pl\/#\/schema\/logo\/image\/\"}}]}<\/script>\n<!-- \/ Yoast SEO plugin. -->","yoast_head_json":{"title":"ZSZYWKI TAPICERSKIE DO ZSZYWACZA TYP A 8MM 1000SZT - BOBIMARKET.pl - Remontuj i urz\u0105dzaj z nami","robots":{"index":"index","follow":"follow","max-snippet":"max-snippet:-1","max-image-preview":"max-image-preview:large","max-video-preview":"max-video-preview:-1"},"canonical":"https:\/\/bobimarket.pl\/index.php\/produkt\/zszywki-tapicerskie-do-zszywacza-typ-a-8mm-1000szt\/","og_locale":"pl_PL","og_type":"article","og_title":"ZSZYWKI TAPICERSKIE DO ZSZYWACZA TYP A 8MM 1000SZT - BOBIMARKET.pl - Remontuj i urz\u0105dzaj z nami","og_description":"ZSZYWKI TAPICERSKIE DO ZSZYWACZA TYP A 8 MM 1000 SZT Dane techniczne: Szeroko\u015b\u0107 zszywki: 11,3mm Wysoko\u015b\u0107: 8mm Grubo\u015b\u0107: 0,7mm Szeroko\u015b\u0107 n\u00f3\u017cki: 0,52mm Typ 53A Ilo\u015b\u0107: 1000szt Wysokiej jako\u015bci zszywki tapicerskie za pomoc\u0105 kt\u00f3rych wykonasz precyzyjne \u0142\u0105czenie materia\u0142\u00f3w z pod\u0142o\u017cem drewnianym lub drewnopodobnym \u2013 nadaje si\u0119 zar\u00f3wno do scalania element\u00f3w wykonanych z tworzyw sztucznych, jak i     Czytaj wi\u0119cej \"ZSZYWKI TAPICERSKIE DO ZSZYWACZA TYP A 8MM 1000SZT\"","og_url":"https:\/\/bobimarket.pl\/index.php\/produkt\/zszywki-tapicerskie-do-zszywacza-typ-a-8mm-1000szt\/","og_site_name":"BOBIMARKET.pl - Remontuj i urz\u0105dzaj z nami","article_modified_time":"2025-02-27T14:31:02+00:00","og_image":[{"url":"https:\/\/upload.cdn.baselinker.com\/products\/14476\/fd04a848c009975698c3f1e8f068386d.jpg"}],"twitter_card":"summary_large_image","schema":{"@context":"https:\/\/schema.org","@graph":[{"@type":"WebPage","@id":"https:\/\/bobimarket.pl\/index.php\/produkt\/zszywki-tapicerskie-do-zszywacza-typ-a-8mm-1000szt\/","url":"https:\/\/bobimarket.pl\/index.php\/produkt\/zszywki-tapicerskie-do-zszywacza-typ-a-8mm-1000szt\/","name":"ZSZYWKI TAPICERSKIE DO ZSZYWACZA TYP A 8MM 1000SZT - BOBIMARKET.pl - Remontuj i urz\u0105dzaj z nami","isPartOf":{"@id":"https:\/\/bobimarket.pl\/#website"},"datePublished":"2023-08-29T22:05:42+00:00","dateModified":"2025-02-27T14:31:02+00:00","breadcrumb":{"@id":"https:\/\/bobimarket.pl\/index.php\/produkt\/zszywki-tapicerskie-do-zszywacza-typ-a-8mm-1000szt\/#breadcrumb"},"inLanguage":"pl-PL","potentialAction":[{"@type":"ReadAction","target":["https:\/\/bobimarket.pl\/index.php\/produkt\/zszywki-tapicerskie-do-zszywacza-typ-a-8mm-1000szt\/"]}]},{"@type":"BreadcrumbList","@id":"https:\/\/bobimarket.pl\/index.php\/produkt\/zszywki-tapicerskie-do-zszywacza-typ-a-8mm-1000szt\/#breadcrumb","itemListElement":[{"@type":"ListItem","position":1,"name":"Strona g\u0142\u00f3wna","item":"https:\/\/bobimarket.pl\/"},{"@type":"ListItem","position":2,"name":"Sklep","item":"https:\/\/bobimarket.pl\/index.php\/shop\/"},{"@type":"ListItem","position":3,"name":"ZSZYWKI TAPICERSKIE DO ZSZYWACZA TYP A 8MM 1000SZT"}]},{"@type":"WebSite","@id":"https:\/\/bobimarket.pl\/#website","url":"https:\/\/bobimarket.pl\/","name":"BOBIMARKET.pl - Remontuj i urz\u0105dzaj z nami","description":"Remontuj i urz\u0105dzaj z nami","publisher":{"@id":"https:\/\/bobimarket.pl\/#organization"},"potentialAction":[{"@type":"SearchAction","target":{"@type":"EntryPoint","urlTemplate":"https:\/\/bobimarket.pl\/?s={search_term_string}"},"query-input":"required name=search_term_string"}],"inLanguage":"pl-PL"},{"@type":"Organization","@id":"https:\/\/bobimarket.pl\/#organization","name":"BOBIMARKET.pl","url":"https:\/\/bobimarket.pl\/","logo":{"@type":"ImageObject","inLanguage":"pl-PL","@id":"https:\/\/bobimarket.pl\/#\/schema\/logo\/image\/","url":"https:\/\/bobimarket.pl\/wp-content\/uploads\/2021\/11\/slogan.png","contentUrl":"https:\/\/bobimarket.pl\/wp-content\/uploads\/2021\/11\/slogan.png","width":2000,"height":384,"caption":"BOBIMARKET.pl"},"image":{"@id":"https:\/\/bobimarket.pl\/#\/schema\/logo\/image\/"}}]}},"_links":{"self":[{"href":"https:\/\/bobimarket.pl\/index.php\/wp-json\/wp\/v2\/product\/85245"}],"collection":[{"href":"https:\/\/bobimarket.pl\/index.php\/wp-json\/wp\/v2\/product"}],"about":[{"href":"https:\/\/bobimarket.pl\/index.php\/wp-json\/wp\/v2\/types\/product"}],"wp:featuredmedia":[{"embeddable":true,"href":"https:\/\/bobimarket.pl\/index.php\/wp-json\/wp\/v2\/media\/85239"}],"wp:attachment":[{"href":"https:\/\/bobimarket.pl\/index.php\/wp-json\/wp\/v2\/media?parent=85245"}],"wp:term":[{"taxonomy":"product_cat","embeddable":true,"href":"https:\/\/bobimarket.pl\/index.php\/wp-json\/wp\/v2\/product_cat?post=85245"},{"taxonomy":"product_tag","embeddable":true,"href":"https:\/\/bobimarket.pl\/index.php\/wp-json\/wp\/v2\/product_tag?post=85245"}],"curies":[{"name":"wp","href":"https:\/\/api.w.org\/{rel}","templated":true}]}}