{"id":85256,"date":"2023-08-29T22:06:53","date_gmt":"2023-08-29T22:06:53","guid":{"rendered":"https:\/\/bobimarket.pl\/index.php\/produkt\/odbojnik-drzwi-odboj-ogranicznik-stoper-fi32-h30mm\/"},"modified":"2025-02-27T14:31:10","modified_gmt":"2025-02-27T14:31:10","slug":"odbojnik-drzwi-odboj-ogranicznik-stoper-fi32-h30mm","status":"publish","type":"product","link":"https:\/\/bobimarket.pl\/index.php\/produkt\/odbojnik-drzwi-odboj-ogranicznik-stoper-fi32-h30mm\/","title":{"rendered":"ODBOJNIK DRZWI ODB\u00d3J OGRANICZNIK STOPER FI32 H30MM"},"content":{"rendered":"<section class=\"section\">\n<div class=\"item item-6\">\n<section class=\"image-item\">\n                <img decoding=\"async\" src=\"https:\/\/upload.cdn.baselinker.com\/products\/14476\/56b68985cab4444da1e20aeb431e74d7.jpg\" \/><br \/>\n            <\/section>\n<\/p><\/div>\n<div class=\"item item-6\">\n<section class=\"text-item\">\n<h2>ODBOJNIK DRZWI ODB\u00d3J OGRANICZNIK STOPER FI 32 H 30MM<\/h2>\n<p>Dane techniczne:<\/p>\n<ul>\n<li>\u015arednica: <b>fi 32mm<\/b><\/li>\n<li>Wysoko\u015b\u0107: +\/-30mm<\/li>\n<li>Materia\u0142 : tworzywo<\/li>\n<\/ul>\n<p>Zestaw monta\u017cowy:<\/p>\n<ul>\n<li>wkr\u0119t: <b>4,5 x 60 mm<\/b><\/li>\n<li>koszulka <b>fi 8 mm<\/b><\/li>\n<\/ul>\n<p><b>UWAGA! <\/b><\/p>\n<p>Odbojniki wyst\u0119puj\u0105 w kilku wersjach kolorystycznych. Po dokonaniu zakupu prosimy o informacj\u0119 odno\u015bnie wybranego koloru. W przypadku braku informacji kolor wybierzemy losowo.<\/p>\n<p>Aktualnie dost\u0119pne kolory:<\/p>\n<ul>\n<li>bia\u0142y<\/li>\n<li>szary<\/li>\n<li>czarny<\/li>\n<li>be\u017cowy<\/li>\n<li>br\u0105zowy<\/li>\n<\/ul>\n<\/section><\/div>\n<\/section>\n<section class=\"section\">\n<div class=\"item item-6\">\n<section class=\"image-item\">\n                <img decoding=\"async\" src=\"https:\/\/upload.cdn.baselinker.com\/products\/14476\/b801ad50d7ad431d675758a6e80267ed.jpg\" \/><br \/>\n            <\/section>\n<\/p><\/div>\n<div class=\"item item-6\">\n<section class=\"text-item\">\n<p>Klasyczny odbojnik drzwiowy wraz z zestawem do monta\u017cu. Odb\u00f3j ma za zadanie uchroni\u0107 Twoj\u0105 \u015bcian\u0119 przed uderzeniem drzwi.<\/p>\n<ul>\n<li>Niezwykle \u0142atwy monta\u017c. Mo\u017cna zamontowa\u0107 nie tylko do pod\u0142ogi, ale r\u00f3wnie\u017c do \u015bciany.<\/li>\n<\/ul>\n<\/section><\/div>\n<\/section>\n<section class=\"section\">\n<div class=\"item item-12\">\n<section class=\"image-item\">\n                <img decoding=\"async\" src=\"https:\/\/upload.cdn.baselinker.com\/products\/14476\/16b83e344310b803c5feddbff57dbb94.jpg\" \/><br \/>\n            <\/section>\n<\/p><\/div>\n<\/section>\n","protected":false},"excerpt":{"rendered":"<p>ODBOJNIK DRZWI ODB\u00d3J OGRANICZNIK STOPER FI 32 H 30MM Dane techniczne: \u015arednica: fi 32mm Wysoko\u015b\u0107: +\/-30mm Materia\u0142 : tworzywo Zestaw monta\u017cowy: wkr\u0119t: 4,5 x 60 mm koszulka fi 8 mm UWAGA! Odbojniki wyst\u0119puj\u0105 w kilku wersjach kolorystycznych. Po dokonaniu zakupu prosimy o informacj\u0119 odno\u015bnie wybranego koloru. W przypadku braku informacji kolor wybierzemy losowo. Aktualnie dost\u0119pne<br \/><a class=\"more-link\" href=\"https:\/\/bobimarket.pl\/index.php\/produkt\/odbojnik-drzwi-odboj-ogranicznik-stoper-fi32-h30mm\/\"><br \/>\n        Czytaj wi\u0119cej<span class=\"screen-reader-text\"> &#8222;ODBOJNIK DRZWI ODB\u00d3J OGRANICZNIK STOPER FI32 H30MM&#8221;<\/span><\/a><\/p>\n","protected":false},"featured_media":85253,"template":"","meta":[],"product_cat":[8283],"product_tag":[],"yoast_head":"<!-- This site is optimized with the Yoast SEO plugin v21.0 - https:\/\/yoast.com\/wordpress\/plugins\/seo\/ -->\n<title>ODBOJNIK DRZWI ODB\u00d3J OGRANICZNIK STOPER FI32 H30MM - BOBIMARKET.pl - Remontuj i urz\u0105dzaj z nami<\/title>\n<meta name=\"robots\" content=\"index, follow, max-snippet:-1, max-image-preview:large, max-video-preview:-1\" \/>\n<link rel=\"canonical\" href=\"https:\/\/bobimarket.pl\/index.php\/produkt\/odbojnik-drzwi-odboj-ogranicznik-stoper-fi32-h30mm\/\" \/>\n<meta property=\"og:locale\" content=\"pl_PL\" \/>\n<meta property=\"og:type\" content=\"article\" \/>\n<meta property=\"og:title\" content=\"ODBOJNIK DRZWI ODB\u00d3J OGRANICZNIK STOPER FI32 H30MM - BOBIMARKET.pl - Remontuj i urz\u0105dzaj z nami\" \/>\n<meta property=\"og:description\" content=\"ODBOJNIK DRZWI ODB\u00d3J OGRANICZNIK STOPER FI 32 H 30MM Dane techniczne: \u015arednica: fi 32mm Wysoko\u015b\u0107: +\/-30mm Materia\u0142 : tworzywo Zestaw monta\u017cowy: wkr\u0119t: 4,5 x 60 mm koszulka fi 8 mm UWAGA! Odbojniki wyst\u0119puj\u0105 w kilku wersjach kolorystycznych. Po dokonaniu zakupu prosimy o informacj\u0119 odno\u015bnie wybranego koloru. W przypadku braku informacji kolor wybierzemy losowo. Aktualnie dost\u0119pne     Czytaj wi\u0119cej &quot;ODBOJNIK DRZWI ODB\u00d3J OGRANICZNIK STOPER FI32 H30MM&quot;\" \/>\n<meta property=\"og:url\" content=\"https:\/\/bobimarket.pl\/index.php\/produkt\/odbojnik-drzwi-odboj-ogranicznik-stoper-fi32-h30mm\/\" \/>\n<meta property=\"og:site_name\" content=\"BOBIMARKET.pl - Remontuj i urz\u0105dzaj z nami\" \/>\n<meta property=\"article:modified_time\" content=\"2025-02-27T14:31:10+00:00\" \/>\n<meta property=\"og:image\" content=\"https:\/\/upload.cdn.baselinker.com\/products\/14476\/56b68985cab4444da1e20aeb431e74d7.jpg\" \/>\n<meta name=\"twitter:card\" content=\"summary_large_image\" \/>\n<script type=\"application\/ld+json\" class=\"yoast-schema-graph\">{\"@context\":\"https:\/\/schema.org\",\"@graph\":[{\"@type\":\"WebPage\",\"@id\":\"https:\/\/bobimarket.pl\/index.php\/produkt\/odbojnik-drzwi-odboj-ogranicznik-stoper-fi32-h30mm\/\",\"url\":\"https:\/\/bobimarket.pl\/index.php\/produkt\/odbojnik-drzwi-odboj-ogranicznik-stoper-fi32-h30mm\/\",\"name\":\"ODBOJNIK DRZWI ODB\u00d3J OGRANICZNIK STOPER FI32 H30MM - BOBIMARKET.pl - Remontuj i urz\u0105dzaj z nami\",\"isPartOf\":{\"@id\":\"https:\/\/bobimarket.pl\/#website\"},\"datePublished\":\"2023-08-29T22:06:53+00:00\",\"dateModified\":\"2025-02-27T14:31:10+00:00\",\"breadcrumb\":{\"@id\":\"https:\/\/bobimarket.pl\/index.php\/produkt\/odbojnik-drzwi-odboj-ogranicznik-stoper-fi32-h30mm\/#breadcrumb\"},\"inLanguage\":\"pl-PL\",\"potentialAction\":[{\"@type\":\"ReadAction\",\"target\":[\"https:\/\/bobimarket.pl\/index.php\/produkt\/odbojnik-drzwi-odboj-ogranicznik-stoper-fi32-h30mm\/\"]}]},{\"@type\":\"BreadcrumbList\",\"@id\":\"https:\/\/bobimarket.pl\/index.php\/produkt\/odbojnik-drzwi-odboj-ogranicznik-stoper-fi32-h30mm\/#breadcrumb\",\"itemListElement\":[{\"@type\":\"ListItem\",\"position\":1,\"name\":\"Strona g\u0142\u00f3wna\",\"item\":\"https:\/\/bobimarket.pl\/\"},{\"@type\":\"ListItem\",\"position\":2,\"name\":\"Sklep\",\"item\":\"https:\/\/bobimarket.pl\/index.php\/shop\/\"},{\"@type\":\"ListItem\",\"position\":3,\"name\":\"ODBOJNIK DRZWI ODB\u00d3J OGRANICZNIK STOPER FI32 H30MM\"}]},{\"@type\":\"WebSite\",\"@id\":\"https:\/\/bobimarket.pl\/#website\",\"url\":\"https:\/\/bobimarket.pl\/\",\"name\":\"BOBIMARKET.pl - Remontuj i urz\u0105dzaj z nami\",\"description\":\"Remontuj i urz\u0105dzaj z nami\",\"publisher\":{\"@id\":\"https:\/\/bobimarket.pl\/#organization\"},\"potentialAction\":[{\"@type\":\"SearchAction\",\"target\":{\"@type\":\"EntryPoint\",\"urlTemplate\":\"https:\/\/bobimarket.pl\/?s={search_term_string}\"},\"query-input\":\"required name=search_term_string\"}],\"inLanguage\":\"pl-PL\"},{\"@type\":\"Organization\",\"@id\":\"https:\/\/bobimarket.pl\/#organization\",\"name\":\"BOBIMARKET.pl\",\"url\":\"https:\/\/bobimarket.pl\/\",\"logo\":{\"@type\":\"ImageObject\",\"inLanguage\":\"pl-PL\",\"@id\":\"https:\/\/bobimarket.pl\/#\/schema\/logo\/image\/\",\"url\":\"https:\/\/bobimarket.pl\/wp-content\/uploads\/2021\/11\/slogan.png\",\"contentUrl\":\"https:\/\/bobimarket.pl\/wp-content\/uploads\/2021\/11\/slogan.png\",\"width\":2000,\"height\":384,\"caption\":\"BOBIMARKET.pl\"},\"image\":{\"@id\":\"https:\/\/bobimarket.pl\/#\/schema\/logo\/image\/\"}}]}<\/script>\n<!-- \/ Yoast SEO plugin. -->","yoast_head_json":{"title":"ODBOJNIK DRZWI ODB\u00d3J OGRANICZNIK STOPER FI32 H30MM - BOBIMARKET.pl - Remontuj i urz\u0105dzaj z nami","robots":{"index":"index","follow":"follow","max-snippet":"max-snippet:-1","max-image-preview":"max-image-preview:large","max-video-preview":"max-video-preview:-1"},"canonical":"https:\/\/bobimarket.pl\/index.php\/produkt\/odbojnik-drzwi-odboj-ogranicznik-stoper-fi32-h30mm\/","og_locale":"pl_PL","og_type":"article","og_title":"ODBOJNIK DRZWI ODB\u00d3J OGRANICZNIK STOPER FI32 H30MM - BOBIMARKET.pl - Remontuj i urz\u0105dzaj z nami","og_description":"ODBOJNIK DRZWI ODB\u00d3J OGRANICZNIK STOPER FI 32 H 30MM Dane techniczne: \u015arednica: fi 32mm Wysoko\u015b\u0107: +\/-30mm Materia\u0142 : tworzywo Zestaw monta\u017cowy: wkr\u0119t: 4,5 x 60 mm koszulka fi 8 mm UWAGA! Odbojniki wyst\u0119puj\u0105 w kilku wersjach kolorystycznych. Po dokonaniu zakupu prosimy o informacj\u0119 odno\u015bnie wybranego koloru. W przypadku braku informacji kolor wybierzemy losowo. Aktualnie dost\u0119pne     Czytaj wi\u0119cej \"ODBOJNIK DRZWI ODB\u00d3J OGRANICZNIK STOPER FI32 H30MM\"","og_url":"https:\/\/bobimarket.pl\/index.php\/produkt\/odbojnik-drzwi-odboj-ogranicznik-stoper-fi32-h30mm\/","og_site_name":"BOBIMARKET.pl - Remontuj i urz\u0105dzaj z nami","article_modified_time":"2025-02-27T14:31:10+00:00","og_image":[{"url":"https:\/\/upload.cdn.baselinker.com\/products\/14476\/56b68985cab4444da1e20aeb431e74d7.jpg"}],"twitter_card":"summary_large_image","schema":{"@context":"https:\/\/schema.org","@graph":[{"@type":"WebPage","@id":"https:\/\/bobimarket.pl\/index.php\/produkt\/odbojnik-drzwi-odboj-ogranicznik-stoper-fi32-h30mm\/","url":"https:\/\/bobimarket.pl\/index.php\/produkt\/odbojnik-drzwi-odboj-ogranicznik-stoper-fi32-h30mm\/","name":"ODBOJNIK DRZWI ODB\u00d3J OGRANICZNIK STOPER FI32 H30MM - BOBIMARKET.pl - Remontuj i urz\u0105dzaj z nami","isPartOf":{"@id":"https:\/\/bobimarket.pl\/#website"},"datePublished":"2023-08-29T22:06:53+00:00","dateModified":"2025-02-27T14:31:10+00:00","breadcrumb":{"@id":"https:\/\/bobimarket.pl\/index.php\/produkt\/odbojnik-drzwi-odboj-ogranicznik-stoper-fi32-h30mm\/#breadcrumb"},"inLanguage":"pl-PL","potentialAction":[{"@type":"ReadAction","target":["https:\/\/bobimarket.pl\/index.php\/produkt\/odbojnik-drzwi-odboj-ogranicznik-stoper-fi32-h30mm\/"]}]},{"@type":"BreadcrumbList","@id":"https:\/\/bobimarket.pl\/index.php\/produkt\/odbojnik-drzwi-odboj-ogranicznik-stoper-fi32-h30mm\/#breadcrumb","itemListElement":[{"@type":"ListItem","position":1,"name":"Strona g\u0142\u00f3wna","item":"https:\/\/bobimarket.pl\/"},{"@type":"ListItem","position":2,"name":"Sklep","item":"https:\/\/bobimarket.pl\/index.php\/shop\/"},{"@type":"ListItem","position":3,"name":"ODBOJNIK DRZWI ODB\u00d3J OGRANICZNIK STOPER FI32 H30MM"}]},{"@type":"WebSite","@id":"https:\/\/bobimarket.pl\/#website","url":"https:\/\/bobimarket.pl\/","name":"BOBIMARKET.pl - Remontuj i urz\u0105dzaj z nami","description":"Remontuj i urz\u0105dzaj z nami","publisher":{"@id":"https:\/\/bobimarket.pl\/#organization"},"potentialAction":[{"@type":"SearchAction","target":{"@type":"EntryPoint","urlTemplate":"https:\/\/bobimarket.pl\/?s={search_term_string}"},"query-input":"required name=search_term_string"}],"inLanguage":"pl-PL"},{"@type":"Organization","@id":"https:\/\/bobimarket.pl\/#organization","name":"BOBIMARKET.pl","url":"https:\/\/bobimarket.pl\/","logo":{"@type":"ImageObject","inLanguage":"pl-PL","@id":"https:\/\/bobimarket.pl\/#\/schema\/logo\/image\/","url":"https:\/\/bobimarket.pl\/wp-content\/uploads\/2021\/11\/slogan.png","contentUrl":"https:\/\/bobimarket.pl\/wp-content\/uploads\/2021\/11\/slogan.png","width":2000,"height":384,"caption":"BOBIMARKET.pl"},"image":{"@id":"https:\/\/bobimarket.pl\/#\/schema\/logo\/image\/"}}]}},"_links":{"self":[{"href":"https:\/\/bobimarket.pl\/index.php\/wp-json\/wp\/v2\/product\/85256"}],"collection":[{"href":"https:\/\/bobimarket.pl\/index.php\/wp-json\/wp\/v2\/product"}],"about":[{"href":"https:\/\/bobimarket.pl\/index.php\/wp-json\/wp\/v2\/types\/product"}],"wp:featuredmedia":[{"embeddable":true,"href":"https:\/\/bobimarket.pl\/index.php\/wp-json\/wp\/v2\/media\/85253"}],"wp:attachment":[{"href":"https:\/\/bobimarket.pl\/index.php\/wp-json\/wp\/v2\/media?parent=85256"}],"wp:term":[{"taxonomy":"product_cat","embeddable":true,"href":"https:\/\/bobimarket.pl\/index.php\/wp-json\/wp\/v2\/product_cat?post=85256"},{"taxonomy":"product_tag","embeddable":true,"href":"https:\/\/bobimarket.pl\/index.php\/wp-json\/wp\/v2\/product_tag?post=85256"}],"curies":[{"name":"wp","href":"https:\/\/api.w.org\/{rel}","templated":true}]}}