{"id":85290,"date":"2023-08-29T22:10:37","date_gmt":"2023-08-29T22:10:37","guid":{"rendered":"https:\/\/bobimarket.pl\/index.php\/produkt\/odbojnik-drzwi-samoprzylepny-odboj-ogranicznik-f40\/"},"modified":"2025-03-11T09:21:11","modified_gmt":"2025-03-11T09:21:11","slug":"odbojnik-drzwi-samoprzylepny-odboj-ogranicznik-f40","status":"publish","type":"product","link":"https:\/\/bobimarket.pl\/index.php\/produkt\/odbojnik-drzwi-samoprzylepny-odboj-ogranicznik-f40\/","title":{"rendered":"ODBOJNIK DRZWI SAMOPRZYLEPNY ODB\u00d3J OGRANICZNIK F40"},"content":{"rendered":"<section class=\"section\">\n<div class=\"item item-6\">\n<section class=\"image-item\">\n                <img decoding=\"async\" src=\"https:\/\/upload.cdn.baselinker.com\/products\/14476\/17d3fb33605535e72e13c22671a0f917.jpg\" \/><br \/>\n            <\/section>\n<\/p><\/div>\n<div class=\"item item-6\">\n<section class=\"text-item\">\n<h2>ODBOJNIK DRZWI SAMOPRZYLEPNY ODB\u00d3J OGRANICZNIK FI40<\/h2>\n<p>Dane techniczne:<\/p>\n<ul>\n<li>\u015arednica: <b>fi 40mm<\/b><\/li>\n<li>Wysoko\u015b\u0107: +\/-11mm<\/li>\n<li>Materia\u0142 : tworzywo<\/li>\n<\/ul>\n<p><b>UWAGA! <\/b><\/p>\n<p>Odbojniki wyst\u0119puj\u0105 w kilku wersjach kolorystycznych. Po dokonaniu zakupu prosimy o informacj\u0119 odno\u015bnie wybranego koloru. W przypadku braku informacji kolor wybierzemy losowo.<\/p>\n<p>Aktualnie dost\u0119pne kolory:<\/p>\n<ul>\n<li>br\u0105z<\/li>\n<li>szary<\/li>\n<li>be\u017c<\/li>\n<li>bia\u0142y<\/li>\n<\/ul>\n<\/section><\/div>\n<\/section>\n<section class=\"section\">\n<div class=\"item item-6\">\n<section class=\"image-item\">\n                <img decoding=\"async\" src=\"https:\/\/upload.cdn.baselinker.com\/products\/14476\/dfa8fd3507cfa2e76d7e0c6ea0008cc2.jpg\" \/><br \/>\n            <\/section>\n<\/p><\/div>\n<div class=\"item item-6\">\n<section class=\"text-item\">\n<p>Niezwykle praktyczny odbojnik drzwiowy, kt\u00f3ry ma za zadanie uchroni\u0107 Twoj\u0105 \u015bcian\u0119 przed uderzeniem klamki.<\/p>\n<p>\u2705\u00a0 Niezwykle<b> \u0142atwy monta\u017c<\/b>. Odbojnik sk\u0142ada si\u0119 z dw\u00f3ch cz\u0119\u015bci &#8211; samoprzylepnej podstawy oraz mi\u0119kkiej nak\u0142adki montowanej na wcisk.<\/p>\n<\/section><\/div>\n<\/section>\n<section class=\"section\">\n<div class=\"item item-6\">\n<section class=\"image-item\">\n                <img decoding=\"async\" src=\"https:\/\/upload.cdn.baselinker.com\/products\/14476\/71e9517ab23a786e9085ff7d49528539.jpg\" \/><br \/>\n            <\/section>\n<\/p><\/div>\n<div class=\"item item-6\">\n<section class=\"image-item\">\n                <img decoding=\"async\" src=\"https:\/\/upload.cdn.baselinker.com\/products\/14476\/23dbbc620e45d2022e2ae389d88c9e2c.jpg\" \/><br \/>\n            <\/section>\n<\/p><\/div>\n<\/section>\n<section class=\"section\">\n<div class=\"item item-6\">\n<section class=\"image-item\">\n                <img decoding=\"async\" src=\"https:\/\/upload.cdn.baselinker.com\/products\/14476\/cf657e4fb5d4a6c5c3e0dd70f96f6d6a.jpg\" \/><br \/>\n            <\/section>\n<\/p><\/div>\n<div class=\"item item-6\">\n<section class=\"image-item\">\n                <img decoding=\"async\" src=\"https:\/\/upload.cdn.baselinker.com\/products\/14476\/44b8ee6b8cbbaef9f1843b17c0f75a84.jpg\" \/><br \/>\n            <\/section>\n<\/p><\/div>\n<\/section>\n","protected":false},"excerpt":{"rendered":"<p>ODBOJNIK DRZWI SAMOPRZYLEPNY ODB\u00d3J OGRANICZNIK FI40 Dane techniczne: \u015arednica: fi 40mm Wysoko\u015b\u0107: +\/-11mm Materia\u0142 : tworzywo UWAGA! Odbojniki wyst\u0119puj\u0105 w kilku wersjach kolorystycznych. Po dokonaniu zakupu prosimy o informacj\u0119 odno\u015bnie wybranego koloru. W przypadku braku informacji kolor wybierzemy losowo. Aktualnie dost\u0119pne kolory: br\u0105z szary be\u017c bia\u0142y Niezwykle praktyczny odbojnik drzwiowy, kt\u00f3ry ma za zadanie uchroni\u0107<br \/><a class=\"more-link\" href=\"https:\/\/bobimarket.pl\/index.php\/produkt\/odbojnik-drzwi-samoprzylepny-odboj-ogranicznik-f40\/\"><br \/>\n        Czytaj wi\u0119cej<span class=\"screen-reader-text\"> &#8222;ODBOJNIK DRZWI SAMOPRZYLEPNY ODB\u00d3J OGRANICZNIK F40&#8221;<\/span><\/a><\/p>\n","protected":false},"featured_media":85284,"template":"","meta":[],"product_cat":[8283],"product_tag":[],"yoast_head":"<!-- This site is optimized with the Yoast SEO plugin v21.0 - https:\/\/yoast.com\/wordpress\/plugins\/seo\/ -->\n<title>ODBOJNIK DRZWI SAMOPRZYLEPNY ODB\u00d3J OGRANICZNIK F40 - BOBIMARKET.pl - Remontuj i urz\u0105dzaj z nami<\/title>\n<meta name=\"robots\" content=\"index, follow, max-snippet:-1, max-image-preview:large, max-video-preview:-1\" \/>\n<link rel=\"canonical\" href=\"https:\/\/bobimarket.pl\/index.php\/produkt\/odbojnik-drzwi-samoprzylepny-odboj-ogranicznik-f40\/\" \/>\n<meta property=\"og:locale\" content=\"pl_PL\" \/>\n<meta property=\"og:type\" content=\"article\" \/>\n<meta property=\"og:title\" content=\"ODBOJNIK DRZWI SAMOPRZYLEPNY ODB\u00d3J OGRANICZNIK F40 - BOBIMARKET.pl - Remontuj i urz\u0105dzaj z nami\" \/>\n<meta property=\"og:description\" content=\"ODBOJNIK DRZWI SAMOPRZYLEPNY ODB\u00d3J OGRANICZNIK FI40 Dane techniczne: \u015arednica: fi 40mm Wysoko\u015b\u0107: +\/-11mm Materia\u0142 : tworzywo UWAGA! Odbojniki wyst\u0119puj\u0105 w kilku wersjach kolorystycznych. Po dokonaniu zakupu prosimy o informacj\u0119 odno\u015bnie wybranego koloru. W przypadku braku informacji kolor wybierzemy losowo. Aktualnie dost\u0119pne kolory: br\u0105z szary be\u017c bia\u0142y Niezwykle praktyczny odbojnik drzwiowy, kt\u00f3ry ma za zadanie uchroni\u0107     Czytaj wi\u0119cej &quot;ODBOJNIK DRZWI SAMOPRZYLEPNY ODB\u00d3J OGRANICZNIK F40&quot;\" \/>\n<meta property=\"og:url\" content=\"https:\/\/bobimarket.pl\/index.php\/produkt\/odbojnik-drzwi-samoprzylepny-odboj-ogranicznik-f40\/\" \/>\n<meta property=\"og:site_name\" content=\"BOBIMARKET.pl - Remontuj i urz\u0105dzaj z nami\" \/>\n<meta property=\"article:modified_time\" content=\"2025-03-11T09:21:11+00:00\" \/>\n<meta property=\"og:image\" content=\"https:\/\/upload.cdn.baselinker.com\/products\/14476\/17d3fb33605535e72e13c22671a0f917.jpg\" \/>\n<meta name=\"twitter:card\" content=\"summary_large_image\" \/>\n<script type=\"application\/ld+json\" class=\"yoast-schema-graph\">{\"@context\":\"https:\/\/schema.org\",\"@graph\":[{\"@type\":\"WebPage\",\"@id\":\"https:\/\/bobimarket.pl\/index.php\/produkt\/odbojnik-drzwi-samoprzylepny-odboj-ogranicznik-f40\/\",\"url\":\"https:\/\/bobimarket.pl\/index.php\/produkt\/odbojnik-drzwi-samoprzylepny-odboj-ogranicznik-f40\/\",\"name\":\"ODBOJNIK DRZWI SAMOPRZYLEPNY ODB\u00d3J OGRANICZNIK F40 - BOBIMARKET.pl - Remontuj i urz\u0105dzaj z nami\",\"isPartOf\":{\"@id\":\"https:\/\/bobimarket.pl\/#website\"},\"datePublished\":\"2023-08-29T22:10:37+00:00\",\"dateModified\":\"2025-03-11T09:21:11+00:00\",\"breadcrumb\":{\"@id\":\"https:\/\/bobimarket.pl\/index.php\/produkt\/odbojnik-drzwi-samoprzylepny-odboj-ogranicznik-f40\/#breadcrumb\"},\"inLanguage\":\"pl-PL\",\"potentialAction\":[{\"@type\":\"ReadAction\",\"target\":[\"https:\/\/bobimarket.pl\/index.php\/produkt\/odbojnik-drzwi-samoprzylepny-odboj-ogranicznik-f40\/\"]}]},{\"@type\":\"BreadcrumbList\",\"@id\":\"https:\/\/bobimarket.pl\/index.php\/produkt\/odbojnik-drzwi-samoprzylepny-odboj-ogranicznik-f40\/#breadcrumb\",\"itemListElement\":[{\"@type\":\"ListItem\",\"position\":1,\"name\":\"Strona g\u0142\u00f3wna\",\"item\":\"https:\/\/bobimarket.pl\/\"},{\"@type\":\"ListItem\",\"position\":2,\"name\":\"Sklep\",\"item\":\"https:\/\/bobimarket.pl\/index.php\/shop\/\"},{\"@type\":\"ListItem\",\"position\":3,\"name\":\"ODBOJNIK DRZWI SAMOPRZYLEPNY ODB\u00d3J OGRANICZNIK F40\"}]},{\"@type\":\"WebSite\",\"@id\":\"https:\/\/bobimarket.pl\/#website\",\"url\":\"https:\/\/bobimarket.pl\/\",\"name\":\"BOBIMARKET.pl - Remontuj i urz\u0105dzaj z nami\",\"description\":\"Remontuj i urz\u0105dzaj z nami\",\"publisher\":{\"@id\":\"https:\/\/bobimarket.pl\/#organization\"},\"potentialAction\":[{\"@type\":\"SearchAction\",\"target\":{\"@type\":\"EntryPoint\",\"urlTemplate\":\"https:\/\/bobimarket.pl\/?s={search_term_string}\"},\"query-input\":\"required name=search_term_string\"}],\"inLanguage\":\"pl-PL\"},{\"@type\":\"Organization\",\"@id\":\"https:\/\/bobimarket.pl\/#organization\",\"name\":\"BOBIMARKET.pl\",\"url\":\"https:\/\/bobimarket.pl\/\",\"logo\":{\"@type\":\"ImageObject\",\"inLanguage\":\"pl-PL\",\"@id\":\"https:\/\/bobimarket.pl\/#\/schema\/logo\/image\/\",\"url\":\"https:\/\/bobimarket.pl\/wp-content\/uploads\/2021\/11\/slogan.png\",\"contentUrl\":\"https:\/\/bobimarket.pl\/wp-content\/uploads\/2021\/11\/slogan.png\",\"width\":2000,\"height\":384,\"caption\":\"BOBIMARKET.pl\"},\"image\":{\"@id\":\"https:\/\/bobimarket.pl\/#\/schema\/logo\/image\/\"}}]}<\/script>\n<!-- \/ Yoast SEO plugin. -->","yoast_head_json":{"title":"ODBOJNIK DRZWI SAMOPRZYLEPNY ODB\u00d3J OGRANICZNIK F40 - BOBIMARKET.pl - Remontuj i urz\u0105dzaj z nami","robots":{"index":"index","follow":"follow","max-snippet":"max-snippet:-1","max-image-preview":"max-image-preview:large","max-video-preview":"max-video-preview:-1"},"canonical":"https:\/\/bobimarket.pl\/index.php\/produkt\/odbojnik-drzwi-samoprzylepny-odboj-ogranicznik-f40\/","og_locale":"pl_PL","og_type":"article","og_title":"ODBOJNIK DRZWI SAMOPRZYLEPNY ODB\u00d3J OGRANICZNIK F40 - BOBIMARKET.pl - Remontuj i urz\u0105dzaj z nami","og_description":"ODBOJNIK DRZWI SAMOPRZYLEPNY ODB\u00d3J OGRANICZNIK FI40 Dane techniczne: \u015arednica: fi 40mm Wysoko\u015b\u0107: +\/-11mm Materia\u0142 : tworzywo UWAGA! Odbojniki wyst\u0119puj\u0105 w kilku wersjach kolorystycznych. Po dokonaniu zakupu prosimy o informacj\u0119 odno\u015bnie wybranego koloru. W przypadku braku informacji kolor wybierzemy losowo. Aktualnie dost\u0119pne kolory: br\u0105z szary be\u017c bia\u0142y Niezwykle praktyczny odbojnik drzwiowy, kt\u00f3ry ma za zadanie uchroni\u0107     Czytaj wi\u0119cej \"ODBOJNIK DRZWI SAMOPRZYLEPNY ODB\u00d3J OGRANICZNIK F40\"","og_url":"https:\/\/bobimarket.pl\/index.php\/produkt\/odbojnik-drzwi-samoprzylepny-odboj-ogranicznik-f40\/","og_site_name":"BOBIMARKET.pl - Remontuj i urz\u0105dzaj z nami","article_modified_time":"2025-03-11T09:21:11+00:00","og_image":[{"url":"https:\/\/upload.cdn.baselinker.com\/products\/14476\/17d3fb33605535e72e13c22671a0f917.jpg"}],"twitter_card":"summary_large_image","schema":{"@context":"https:\/\/schema.org","@graph":[{"@type":"WebPage","@id":"https:\/\/bobimarket.pl\/index.php\/produkt\/odbojnik-drzwi-samoprzylepny-odboj-ogranicznik-f40\/","url":"https:\/\/bobimarket.pl\/index.php\/produkt\/odbojnik-drzwi-samoprzylepny-odboj-ogranicznik-f40\/","name":"ODBOJNIK DRZWI SAMOPRZYLEPNY ODB\u00d3J OGRANICZNIK F40 - BOBIMARKET.pl - Remontuj i urz\u0105dzaj z nami","isPartOf":{"@id":"https:\/\/bobimarket.pl\/#website"},"datePublished":"2023-08-29T22:10:37+00:00","dateModified":"2025-03-11T09:21:11+00:00","breadcrumb":{"@id":"https:\/\/bobimarket.pl\/index.php\/produkt\/odbojnik-drzwi-samoprzylepny-odboj-ogranicznik-f40\/#breadcrumb"},"inLanguage":"pl-PL","potentialAction":[{"@type":"ReadAction","target":["https:\/\/bobimarket.pl\/index.php\/produkt\/odbojnik-drzwi-samoprzylepny-odboj-ogranicznik-f40\/"]}]},{"@type":"BreadcrumbList","@id":"https:\/\/bobimarket.pl\/index.php\/produkt\/odbojnik-drzwi-samoprzylepny-odboj-ogranicznik-f40\/#breadcrumb","itemListElement":[{"@type":"ListItem","position":1,"name":"Strona g\u0142\u00f3wna","item":"https:\/\/bobimarket.pl\/"},{"@type":"ListItem","position":2,"name":"Sklep","item":"https:\/\/bobimarket.pl\/index.php\/shop\/"},{"@type":"ListItem","position":3,"name":"ODBOJNIK DRZWI SAMOPRZYLEPNY ODB\u00d3J OGRANICZNIK F40"}]},{"@type":"WebSite","@id":"https:\/\/bobimarket.pl\/#website","url":"https:\/\/bobimarket.pl\/","name":"BOBIMARKET.pl - Remontuj i urz\u0105dzaj z nami","description":"Remontuj i urz\u0105dzaj z nami","publisher":{"@id":"https:\/\/bobimarket.pl\/#organization"},"potentialAction":[{"@type":"SearchAction","target":{"@type":"EntryPoint","urlTemplate":"https:\/\/bobimarket.pl\/?s={search_term_string}"},"query-input":"required name=search_term_string"}],"inLanguage":"pl-PL"},{"@type":"Organization","@id":"https:\/\/bobimarket.pl\/#organization","name":"BOBIMARKET.pl","url":"https:\/\/bobimarket.pl\/","logo":{"@type":"ImageObject","inLanguage":"pl-PL","@id":"https:\/\/bobimarket.pl\/#\/schema\/logo\/image\/","url":"https:\/\/bobimarket.pl\/wp-content\/uploads\/2021\/11\/slogan.png","contentUrl":"https:\/\/bobimarket.pl\/wp-content\/uploads\/2021\/11\/slogan.png","width":2000,"height":384,"caption":"BOBIMARKET.pl"},"image":{"@id":"https:\/\/bobimarket.pl\/#\/schema\/logo\/image\/"}}]}},"_links":{"self":[{"href":"https:\/\/bobimarket.pl\/index.php\/wp-json\/wp\/v2\/product\/85290"}],"collection":[{"href":"https:\/\/bobimarket.pl\/index.php\/wp-json\/wp\/v2\/product"}],"about":[{"href":"https:\/\/bobimarket.pl\/index.php\/wp-json\/wp\/v2\/types\/product"}],"wp:featuredmedia":[{"embeddable":true,"href":"https:\/\/bobimarket.pl\/index.php\/wp-json\/wp\/v2\/media\/85284"}],"wp:attachment":[{"href":"https:\/\/bobimarket.pl\/index.php\/wp-json\/wp\/v2\/media?parent=85290"}],"wp:term":[{"taxonomy":"product_cat","embeddable":true,"href":"https:\/\/bobimarket.pl\/index.php\/wp-json\/wp\/v2\/product_cat?post=85290"},{"taxonomy":"product_tag","embeddable":true,"href":"https:\/\/bobimarket.pl\/index.php\/wp-json\/wp\/v2\/product_tag?post=85290"}],"curies":[{"name":"wp","href":"https:\/\/api.w.org\/{rel}","templated":true}]}}