{"id":85362,"date":"2023-08-29T22:18:26","date_gmt":"2023-08-29T22:18:26","guid":{"rendered":"https:\/\/bobimarket.pl\/index.php\/produkt\/kratka-wentylacyjna-metalowa-14x7-kominowa-biala\/"},"modified":"2025-02-27T14:32:43","modified_gmt":"2025-02-27T14:32:43","slug":"kratka-wentylacyjna-metalowa-14x7-kominowa-biala","status":"publish","type":"product","link":"https:\/\/bobimarket.pl\/index.php\/produkt\/kratka-wentylacyjna-metalowa-14x7-kominowa-biala\/","title":{"rendered":"KRATKA WENTYLACYJNA METALOWA 14&#215;7 KOMINOWA BIA\u0141A"},"content":{"rendered":"<section class=\"section\">\n<div class=\"item item-6\">\n<section class=\"image-item\">\n                <img decoding=\"async\" src=\"https:\/\/upload.cdn.baselinker.com\/products\/14476\/eca1b1752780c6456fdbe2e77c6029c6.jpg\" \/><br \/>\n            <\/section>\n<\/p><\/div>\n<div class=\"item item-6\">\n<section class=\"text-item\">\n<h2>KRATKA WENTYLACYJNA METALOWA 14&#215;7 KOMINOWA<\/h2>\n<p><b>Dane techniczne:<\/b><\/p>\n<ul>\n<li>Wysoko\u015b\u0107 ca\u0142kowita:<b> 10 cm<\/b><\/li>\n<li>Szeroko\u015b\u0107 ca\u0142kowita:<b> 16,5cm<\/b><\/li>\n<li>Kolor:<b> bia\u0142y ( RAL9016, satynowe wyko\u0144czenie)<\/b><\/li>\n<li>Materia\u0142: Stal<\/li>\n<\/ul>\n<p><b>Rozstaw otwor\u00f3w:<\/b><\/p>\n<ul>\n<li>Wysoko\u015b\u0107: 7,2cm<\/li>\n<li>Szeroko\u015b\u0107: 13,5cm<\/li>\n<\/ul>\n<p><b>Na pozosta\u0142ych aukcjach dost\u0119pne s\u0105 kolory:<\/b><\/p>\n<ul>\n<li><b>Ceg\u0142a<\/b> (RAL8003)<\/li>\n<li><b>Br\u0105z<\/b> (RAL8017)<\/li>\n<li><b>Czarny<\/b> (RAL9005)<\/li>\n<li><b>Grafit jasny<\/b> ( RAL7024)<\/li>\n<li><b>Grafit ciemny<\/b> (RAL7016)<\/li>\n<li><b>Nierdzewka<\/b><\/li>\n<\/ul>\n<\/section><\/div>\n<\/section>\n<section class=\"section\">\n<div class=\"item item-6\">\n<section class=\"image-item\">\n                <img decoding=\"async\" src=\"https:\/\/upload.cdn.baselinker.com\/products\/14476\/4d6f22b110c479b0c64ab9b4d9eeee00.jpg\" \/><br \/>\n            <\/section>\n<\/p><\/div>\n<div class=\"item item-6\">\n<section class=\"text-item\">\n<p>Wysokiej jako\u015bci kratka wykonana z blachy cynkowanej malowanej.<\/p>\n<ul>\n<li><b>Sko\u015bne \u017ceberka<\/b> uniemo\u017cliwiaj\u0105 wpadanie deszczu czy \u015bniegu.<\/li>\n<li>Kratka posiada <b>siatk\u0119<\/b> od wewn\u0119trznej strony.<\/li>\n<\/ul>\n<p>\u2705 <b>Zastosowanie:<\/b><\/p>\n<ul>\n<li>zewn\u0119trzne, \u015bciany, kominy.<\/li>\n<\/ul>\n<\/section><\/div>\n<\/section>\n<section class=\"section\">\n<div class=\"item item-12\">\n<section class=\"image-item\">\n                <img decoding=\"async\" src=\"https:\/\/upload.cdn.baselinker.com\/products\/14476\/fa4e7aad47d5a693fc9f99117c893930.jpg\" \/><br \/>\n            <\/section>\n<\/p><\/div>\n<\/section>\n<section class=\"section\">\n<div class=\"item item-12\">\n<section class=\"text-item\">\n<p><b>Specyfikacja techniczna: PN-831B-03430<\/b> ( wentylacja w budynkach mieszkalnych zamieszkania zbiorowego i u\u017cyteczno\u015bci publicznej).<\/p>\n<p>Orygina\u0142 deklaracji dost\u0119pny na pro\u015bb\u0119 Klienta po zakupie.<\/p>\n<\/section><\/div>\n<\/section>\n","protected":false},"excerpt":{"rendered":"<p>KRATKA WENTYLACYJNA METALOWA 14&#215;7 KOMINOWA Dane techniczne: Wysoko\u015b\u0107 ca\u0142kowita: 10 cm Szeroko\u015b\u0107 ca\u0142kowita: 16,5cm Kolor: bia\u0142y ( RAL9016, satynowe wyko\u0144czenie) Materia\u0142: Stal Rozstaw otwor\u00f3w: Wysoko\u015b\u0107: 7,2cm Szeroko\u015b\u0107: 13,5cm Na pozosta\u0142ych aukcjach dost\u0119pne s\u0105 kolory: Ceg\u0142a (RAL8003) Br\u0105z (RAL8017) Czarny (RAL9005) Grafit jasny ( RAL7024) Grafit ciemny (RAL7016) Nierdzewka Wysokiej jako\u015bci kratka wykonana z blachy cynkowanej<br \/><a class=\"more-link\" href=\"https:\/\/bobimarket.pl\/index.php\/produkt\/kratka-wentylacyjna-metalowa-14x7-kominowa-biala\/\"><br \/>\n        Czytaj wi\u0119cej<span class=\"screen-reader-text\"> &#8222;KRATKA WENTYLACYJNA METALOWA 14&#215;7 KOMINOWA BIA\u0141A&#8221;<\/span><\/a><\/p>\n","protected":false},"featured_media":85358,"template":"","meta":[],"product_cat":[8093],"product_tag":[],"yoast_head":"<!-- This site is optimized with the Yoast SEO plugin v21.0 - https:\/\/yoast.com\/wordpress\/plugins\/seo\/ -->\n<title>KRATKA WENTYLACYJNA METALOWA 14x7 KOMINOWA BIA\u0141A - BOBIMARKET.pl - Remontuj i urz\u0105dzaj z nami<\/title>\n<meta name=\"robots\" content=\"index, follow, max-snippet:-1, max-image-preview:large, max-video-preview:-1\" \/>\n<link rel=\"canonical\" href=\"https:\/\/bobimarket.pl\/index.php\/produkt\/kratka-wentylacyjna-metalowa-14x7-kominowa-biala\/\" \/>\n<meta property=\"og:locale\" content=\"pl_PL\" \/>\n<meta property=\"og:type\" content=\"article\" \/>\n<meta property=\"og:title\" content=\"KRATKA WENTYLACYJNA METALOWA 14x7 KOMINOWA BIA\u0141A - BOBIMARKET.pl - Remontuj i urz\u0105dzaj z nami\" \/>\n<meta property=\"og:description\" content=\"KRATKA WENTYLACYJNA METALOWA 14&#215;7 KOMINOWA Dane techniczne: Wysoko\u015b\u0107 ca\u0142kowita: 10 cm Szeroko\u015b\u0107 ca\u0142kowita: 16,5cm Kolor: bia\u0142y ( RAL9016, satynowe wyko\u0144czenie) Materia\u0142: Stal Rozstaw otwor\u00f3w: Wysoko\u015b\u0107: 7,2cm Szeroko\u015b\u0107: 13,5cm Na pozosta\u0142ych aukcjach dost\u0119pne s\u0105 kolory: Ceg\u0142a (RAL8003) Br\u0105z (RAL8017) Czarny (RAL9005) Grafit jasny ( RAL7024) Grafit ciemny (RAL7016) Nierdzewka Wysokiej jako\u015bci kratka wykonana z blachy cynkowanej     Czytaj wi\u0119cej &quot;KRATKA WENTYLACYJNA METALOWA 14&#215;7 KOMINOWA BIA\u0141A&quot;\" \/>\n<meta property=\"og:url\" content=\"https:\/\/bobimarket.pl\/index.php\/produkt\/kratka-wentylacyjna-metalowa-14x7-kominowa-biala\/\" \/>\n<meta property=\"og:site_name\" content=\"BOBIMARKET.pl - Remontuj i urz\u0105dzaj z nami\" \/>\n<meta property=\"article:modified_time\" content=\"2025-02-27T14:32:43+00:00\" \/>\n<meta property=\"og:image\" content=\"https:\/\/upload.cdn.baselinker.com\/products\/14476\/eca1b1752780c6456fdbe2e77c6029c6.jpg\" \/>\n<meta name=\"twitter:card\" content=\"summary_large_image\" \/>\n<meta name=\"twitter:label1\" content=\"Szacowany czas czytania\" \/>\n\t<meta name=\"twitter:data1\" content=\"1 minuta\" \/>\n<script type=\"application\/ld+json\" class=\"yoast-schema-graph\">{\"@context\":\"https:\/\/schema.org\",\"@graph\":[{\"@type\":\"WebPage\",\"@id\":\"https:\/\/bobimarket.pl\/index.php\/produkt\/kratka-wentylacyjna-metalowa-14x7-kominowa-biala\/\",\"url\":\"https:\/\/bobimarket.pl\/index.php\/produkt\/kratka-wentylacyjna-metalowa-14x7-kominowa-biala\/\",\"name\":\"KRATKA WENTYLACYJNA METALOWA 14x7 KOMINOWA BIA\u0141A - BOBIMARKET.pl - Remontuj i urz\u0105dzaj z nami\",\"isPartOf\":{\"@id\":\"https:\/\/bobimarket.pl\/#website\"},\"datePublished\":\"2023-08-29T22:18:26+00:00\",\"dateModified\":\"2025-02-27T14:32:43+00:00\",\"breadcrumb\":{\"@id\":\"https:\/\/bobimarket.pl\/index.php\/produkt\/kratka-wentylacyjna-metalowa-14x7-kominowa-biala\/#breadcrumb\"},\"inLanguage\":\"pl-PL\",\"potentialAction\":[{\"@type\":\"ReadAction\",\"target\":[\"https:\/\/bobimarket.pl\/index.php\/produkt\/kratka-wentylacyjna-metalowa-14x7-kominowa-biala\/\"]}]},{\"@type\":\"BreadcrumbList\",\"@id\":\"https:\/\/bobimarket.pl\/index.php\/produkt\/kratka-wentylacyjna-metalowa-14x7-kominowa-biala\/#breadcrumb\",\"itemListElement\":[{\"@type\":\"ListItem\",\"position\":1,\"name\":\"Strona g\u0142\u00f3wna\",\"item\":\"https:\/\/bobimarket.pl\/\"},{\"@type\":\"ListItem\",\"position\":2,\"name\":\"Sklep\",\"item\":\"https:\/\/bobimarket.pl\/index.php\/shop\/\"},{\"@type\":\"ListItem\",\"position\":3,\"name\":\"KRATKA WENTYLACYJNA METALOWA 14&#215;7 KOMINOWA BIA\u0141A\"}]},{\"@type\":\"WebSite\",\"@id\":\"https:\/\/bobimarket.pl\/#website\",\"url\":\"https:\/\/bobimarket.pl\/\",\"name\":\"BOBIMARKET.pl - Remontuj i urz\u0105dzaj z nami\",\"description\":\"Remontuj i urz\u0105dzaj z nami\",\"publisher\":{\"@id\":\"https:\/\/bobimarket.pl\/#organization\"},\"potentialAction\":[{\"@type\":\"SearchAction\",\"target\":{\"@type\":\"EntryPoint\",\"urlTemplate\":\"https:\/\/bobimarket.pl\/?s={search_term_string}\"},\"query-input\":\"required name=search_term_string\"}],\"inLanguage\":\"pl-PL\"},{\"@type\":\"Organization\",\"@id\":\"https:\/\/bobimarket.pl\/#organization\",\"name\":\"BOBIMARKET.pl\",\"url\":\"https:\/\/bobimarket.pl\/\",\"logo\":{\"@type\":\"ImageObject\",\"inLanguage\":\"pl-PL\",\"@id\":\"https:\/\/bobimarket.pl\/#\/schema\/logo\/image\/\",\"url\":\"https:\/\/bobimarket.pl\/wp-content\/uploads\/2021\/11\/slogan.png\",\"contentUrl\":\"https:\/\/bobimarket.pl\/wp-content\/uploads\/2021\/11\/slogan.png\",\"width\":2000,\"height\":384,\"caption\":\"BOBIMARKET.pl\"},\"image\":{\"@id\":\"https:\/\/bobimarket.pl\/#\/schema\/logo\/image\/\"}}]}<\/script>\n<!-- \/ Yoast SEO plugin. -->","yoast_head_json":{"title":"KRATKA WENTYLACYJNA METALOWA 14x7 KOMINOWA BIA\u0141A - BOBIMARKET.pl - Remontuj i urz\u0105dzaj z nami","robots":{"index":"index","follow":"follow","max-snippet":"max-snippet:-1","max-image-preview":"max-image-preview:large","max-video-preview":"max-video-preview:-1"},"canonical":"https:\/\/bobimarket.pl\/index.php\/produkt\/kratka-wentylacyjna-metalowa-14x7-kominowa-biala\/","og_locale":"pl_PL","og_type":"article","og_title":"KRATKA WENTYLACYJNA METALOWA 14x7 KOMINOWA BIA\u0141A - BOBIMARKET.pl - Remontuj i urz\u0105dzaj z nami","og_description":"KRATKA WENTYLACYJNA METALOWA 14&#215;7 KOMINOWA Dane techniczne: Wysoko\u015b\u0107 ca\u0142kowita: 10 cm Szeroko\u015b\u0107 ca\u0142kowita: 16,5cm Kolor: bia\u0142y ( RAL9016, satynowe wyko\u0144czenie) Materia\u0142: Stal Rozstaw otwor\u00f3w: Wysoko\u015b\u0107: 7,2cm Szeroko\u015b\u0107: 13,5cm Na pozosta\u0142ych aukcjach dost\u0119pne s\u0105 kolory: Ceg\u0142a (RAL8003) Br\u0105z (RAL8017) Czarny (RAL9005) Grafit jasny ( RAL7024) Grafit ciemny (RAL7016) Nierdzewka Wysokiej jako\u015bci kratka wykonana z blachy cynkowanej     Czytaj wi\u0119cej \"KRATKA WENTYLACYJNA METALOWA 14&#215;7 KOMINOWA BIA\u0141A\"","og_url":"https:\/\/bobimarket.pl\/index.php\/produkt\/kratka-wentylacyjna-metalowa-14x7-kominowa-biala\/","og_site_name":"BOBIMARKET.pl - Remontuj i urz\u0105dzaj z nami","article_modified_time":"2025-02-27T14:32:43+00:00","og_image":[{"url":"https:\/\/upload.cdn.baselinker.com\/products\/14476\/eca1b1752780c6456fdbe2e77c6029c6.jpg"}],"twitter_card":"summary_large_image","twitter_misc":{"Szacowany czas czytania":"1 minuta"},"schema":{"@context":"https:\/\/schema.org","@graph":[{"@type":"WebPage","@id":"https:\/\/bobimarket.pl\/index.php\/produkt\/kratka-wentylacyjna-metalowa-14x7-kominowa-biala\/","url":"https:\/\/bobimarket.pl\/index.php\/produkt\/kratka-wentylacyjna-metalowa-14x7-kominowa-biala\/","name":"KRATKA WENTYLACYJNA METALOWA 14x7 KOMINOWA BIA\u0141A - BOBIMARKET.pl - Remontuj i urz\u0105dzaj z nami","isPartOf":{"@id":"https:\/\/bobimarket.pl\/#website"},"datePublished":"2023-08-29T22:18:26+00:00","dateModified":"2025-02-27T14:32:43+00:00","breadcrumb":{"@id":"https:\/\/bobimarket.pl\/index.php\/produkt\/kratka-wentylacyjna-metalowa-14x7-kominowa-biala\/#breadcrumb"},"inLanguage":"pl-PL","potentialAction":[{"@type":"ReadAction","target":["https:\/\/bobimarket.pl\/index.php\/produkt\/kratka-wentylacyjna-metalowa-14x7-kominowa-biala\/"]}]},{"@type":"BreadcrumbList","@id":"https:\/\/bobimarket.pl\/index.php\/produkt\/kratka-wentylacyjna-metalowa-14x7-kominowa-biala\/#breadcrumb","itemListElement":[{"@type":"ListItem","position":1,"name":"Strona g\u0142\u00f3wna","item":"https:\/\/bobimarket.pl\/"},{"@type":"ListItem","position":2,"name":"Sklep","item":"https:\/\/bobimarket.pl\/index.php\/shop\/"},{"@type":"ListItem","position":3,"name":"KRATKA WENTYLACYJNA METALOWA 14&#215;7 KOMINOWA BIA\u0141A"}]},{"@type":"WebSite","@id":"https:\/\/bobimarket.pl\/#website","url":"https:\/\/bobimarket.pl\/","name":"BOBIMARKET.pl - Remontuj i urz\u0105dzaj z nami","description":"Remontuj i urz\u0105dzaj z nami","publisher":{"@id":"https:\/\/bobimarket.pl\/#organization"},"potentialAction":[{"@type":"SearchAction","target":{"@type":"EntryPoint","urlTemplate":"https:\/\/bobimarket.pl\/?s={search_term_string}"},"query-input":"required name=search_term_string"}],"inLanguage":"pl-PL"},{"@type":"Organization","@id":"https:\/\/bobimarket.pl\/#organization","name":"BOBIMARKET.pl","url":"https:\/\/bobimarket.pl\/","logo":{"@type":"ImageObject","inLanguage":"pl-PL","@id":"https:\/\/bobimarket.pl\/#\/schema\/logo\/image\/","url":"https:\/\/bobimarket.pl\/wp-content\/uploads\/2021\/11\/slogan.png","contentUrl":"https:\/\/bobimarket.pl\/wp-content\/uploads\/2021\/11\/slogan.png","width":2000,"height":384,"caption":"BOBIMARKET.pl"},"image":{"@id":"https:\/\/bobimarket.pl\/#\/schema\/logo\/image\/"}}]}},"_links":{"self":[{"href":"https:\/\/bobimarket.pl\/index.php\/wp-json\/wp\/v2\/product\/85362"}],"collection":[{"href":"https:\/\/bobimarket.pl\/index.php\/wp-json\/wp\/v2\/product"}],"about":[{"href":"https:\/\/bobimarket.pl\/index.php\/wp-json\/wp\/v2\/types\/product"}],"wp:featuredmedia":[{"embeddable":true,"href":"https:\/\/bobimarket.pl\/index.php\/wp-json\/wp\/v2\/media\/85358"}],"wp:attachment":[{"href":"https:\/\/bobimarket.pl\/index.php\/wp-json\/wp\/v2\/media?parent=85362"}],"wp:term":[{"taxonomy":"product_cat","embeddable":true,"href":"https:\/\/bobimarket.pl\/index.php\/wp-json\/wp\/v2\/product_cat?post=85362"},{"taxonomy":"product_tag","embeddable":true,"href":"https:\/\/bobimarket.pl\/index.php\/wp-json\/wp\/v2\/product_tag?post=85362"}],"curies":[{"name":"wp","href":"https:\/\/api.w.org\/{rel}","templated":true}]}}