{"id":85390,"date":"2023-08-29T22:21:24","date_gmt":"2023-08-29T22:21:24","guid":{"rendered":"https:\/\/bobimarket.pl\/index.php\/produkt\/skrobaczka-do-szyb-skrobak-mosiezna-nie-rysuje\/"},"modified":"2025-02-27T14:33:12","modified_gmt":"2025-02-27T14:33:12","slug":"skrobaczka-do-szyb-skrobak-mosiezna-nie-rysuje","status":"publish","type":"product","link":"https:\/\/bobimarket.pl\/index.php\/produkt\/skrobaczka-do-szyb-skrobak-mosiezna-nie-rysuje\/","title":{"rendered":"SKROBACZKA DO SZYB SKROBAK MOSI\u0118\u017bNA NIE RYSUJE"},"content":{"rendered":"<section class=\"section\">\n<div class=\"item item-6\">\n<section class=\"image-item\">\n            <img decoding=\"async\" src=\"https:\/\/upload.cdn.baselinker.com\/products\/14476\/0d7c53ac58020bb388fb46c4b254336f.jpg\" \/><br \/>\n        <\/section>\n<\/p><\/div>\n<div class=\"item item-6\">\n<section class=\"text-item\">\n<h2>SKROBACZKA DO SZYB\u00a0 SKROBAK MOSI\u0118\u017bNA NIE RYSUJE<\/h2>\n<p><b>Dane techniczne:<\/b><\/p>\n<ul>\n<li>Szeroko\u015b\u0107 ostrza:<b> 9,5cm<\/b><\/li>\n<li>Wysoko\u015bc ostrza:<b> 0,5cm<\/b><\/li>\n<li>Materia\u0142: Tworzywo\/ Mosi\u0105dz<\/li>\n<li>kraj produkcji: Francja<\/li>\n<li><b>Wysoka Jako\u015b\u0107!!!<\/b><\/li>\n<\/ul>\n<\/section><\/div>\n<\/section>\n<section class=\"section\">\n<div class=\"item item-6\">\n<section class=\"image-item\">\n            <img decoding=\"async\" src=\"https:\/\/upload.cdn.baselinker.com\/products\/14476\/3257a01fe05aa00d02c11019e2e8ccbf.jpg\" \/><br \/>\n        <\/section>\n<\/p><\/div>\n<div class=\"item item-6\">\n<section class=\"text-item\">\n<p>Wysokiej jako\u015bci skrobaczka do szyb z mosie\u017cnym ostrzem.<\/p>\n<p>Mosi\u0119\u017cne ostrze nie powoduje rysowania szyby samochodu.<\/p>\n<p>Skrobak posiada wygodn\u0105 r\u0105czk\u0119 zako\u0144czon\u0105 haczykiem do powieszenia.<\/p>\n<\/section><\/div>\n<\/section>\n<section class=\"section\">\n<div class=\"item item-12\">\n<section class=\"image-item\">\n            <img decoding=\"async\" src=\"https:\/\/upload.cdn.baselinker.com\/products\/14476\/0d7c53ac58020bb388fb46c4b254336f.jpg\" \/><br \/>\n        <\/section>\n<\/p><\/div>\n<\/section>\n","protected":false},"excerpt":{"rendered":"<p>SKROBACZKA DO SZYB\u00a0 SKROBAK MOSI\u0118\u017bNA NIE RYSUJE Dane techniczne: Szeroko\u015b\u0107 ostrza: 9,5cm Wysoko\u015bc ostrza: 0,5cm Materia\u0142: Tworzywo\/ Mosi\u0105dz kraj produkcji: Francja Wysoka Jako\u015b\u0107!!! Wysokiej jako\u015bci skrobaczka do szyb z mosie\u017cnym ostrzem. Mosi\u0119\u017cne ostrze nie powoduje rysowania szyby samochodu. Skrobak posiada wygodn\u0105 r\u0105czk\u0119 zako\u0144czon\u0105 haczykiem do powieszenia.<\/p>\n","protected":false},"featured_media":85388,"template":"","meta":[],"product_cat":[8269],"product_tag":[],"yoast_head":"<!-- This site is optimized with the Yoast SEO plugin v21.0 - https:\/\/yoast.com\/wordpress\/plugins\/seo\/ -->\n<title>SKROBACZKA DO SZYB SKROBAK MOSI\u0118\u017bNA NIE RYSUJE - BOBIMARKET.pl - Remontuj i urz\u0105dzaj z nami<\/title>\n<meta name=\"robots\" content=\"index, follow, max-snippet:-1, max-image-preview:large, max-video-preview:-1\" \/>\n<link rel=\"canonical\" href=\"https:\/\/bobimarket.pl\/index.php\/produkt\/skrobaczka-do-szyb-skrobak-mosiezna-nie-rysuje\/\" \/>\n<meta property=\"og:locale\" content=\"pl_PL\" \/>\n<meta property=\"og:type\" content=\"article\" \/>\n<meta property=\"og:title\" content=\"SKROBACZKA DO SZYB SKROBAK MOSI\u0118\u017bNA NIE RYSUJE - BOBIMARKET.pl - Remontuj i urz\u0105dzaj z nami\" \/>\n<meta property=\"og:description\" content=\"SKROBACZKA DO SZYB\u00a0 SKROBAK MOSI\u0118\u017bNA NIE RYSUJE Dane techniczne: Szeroko\u015b\u0107 ostrza: 9,5cm Wysoko\u015bc ostrza: 0,5cm Materia\u0142: Tworzywo\/ Mosi\u0105dz kraj produkcji: Francja Wysoka Jako\u015b\u0107!!! Wysokiej jako\u015bci skrobaczka do szyb z mosie\u017cnym ostrzem. Mosi\u0119\u017cne ostrze nie powoduje rysowania szyby samochodu. Skrobak posiada wygodn\u0105 r\u0105czk\u0119 zako\u0144czon\u0105 haczykiem do powieszenia.\" \/>\n<meta property=\"og:url\" content=\"https:\/\/bobimarket.pl\/index.php\/produkt\/skrobaczka-do-szyb-skrobak-mosiezna-nie-rysuje\/\" \/>\n<meta property=\"og:site_name\" content=\"BOBIMARKET.pl - Remontuj i urz\u0105dzaj z nami\" \/>\n<meta property=\"article:modified_time\" content=\"2025-02-27T14:33:12+00:00\" \/>\n<meta property=\"og:image\" content=\"https:\/\/upload.cdn.baselinker.com\/products\/14476\/0d7c53ac58020bb388fb46c4b254336f.jpg\" \/>\n<meta name=\"twitter:card\" content=\"summary_large_image\" \/>\n<script type=\"application\/ld+json\" class=\"yoast-schema-graph\">{\"@context\":\"https:\/\/schema.org\",\"@graph\":[{\"@type\":\"WebPage\",\"@id\":\"https:\/\/bobimarket.pl\/index.php\/produkt\/skrobaczka-do-szyb-skrobak-mosiezna-nie-rysuje\/\",\"url\":\"https:\/\/bobimarket.pl\/index.php\/produkt\/skrobaczka-do-szyb-skrobak-mosiezna-nie-rysuje\/\",\"name\":\"SKROBACZKA DO SZYB SKROBAK MOSI\u0118\u017bNA NIE RYSUJE - BOBIMARKET.pl - Remontuj i urz\u0105dzaj z nami\",\"isPartOf\":{\"@id\":\"https:\/\/bobimarket.pl\/#website\"},\"datePublished\":\"2023-08-29T22:21:24+00:00\",\"dateModified\":\"2025-02-27T14:33:12+00:00\",\"breadcrumb\":{\"@id\":\"https:\/\/bobimarket.pl\/index.php\/produkt\/skrobaczka-do-szyb-skrobak-mosiezna-nie-rysuje\/#breadcrumb\"},\"inLanguage\":\"pl-PL\",\"potentialAction\":[{\"@type\":\"ReadAction\",\"target\":[\"https:\/\/bobimarket.pl\/index.php\/produkt\/skrobaczka-do-szyb-skrobak-mosiezna-nie-rysuje\/\"]}]},{\"@type\":\"BreadcrumbList\",\"@id\":\"https:\/\/bobimarket.pl\/index.php\/produkt\/skrobaczka-do-szyb-skrobak-mosiezna-nie-rysuje\/#breadcrumb\",\"itemListElement\":[{\"@type\":\"ListItem\",\"position\":1,\"name\":\"Strona g\u0142\u00f3wna\",\"item\":\"https:\/\/bobimarket.pl\/\"},{\"@type\":\"ListItem\",\"position\":2,\"name\":\"Sklep\",\"item\":\"https:\/\/bobimarket.pl\/index.php\/shop\/\"},{\"@type\":\"ListItem\",\"position\":3,\"name\":\"SKROBACZKA DO SZYB SKROBAK MOSI\u0118\u017bNA NIE RYSUJE\"}]},{\"@type\":\"WebSite\",\"@id\":\"https:\/\/bobimarket.pl\/#website\",\"url\":\"https:\/\/bobimarket.pl\/\",\"name\":\"BOBIMARKET.pl - Remontuj i urz\u0105dzaj z nami\",\"description\":\"Remontuj i urz\u0105dzaj z nami\",\"publisher\":{\"@id\":\"https:\/\/bobimarket.pl\/#organization\"},\"potentialAction\":[{\"@type\":\"SearchAction\",\"target\":{\"@type\":\"EntryPoint\",\"urlTemplate\":\"https:\/\/bobimarket.pl\/?s={search_term_string}\"},\"query-input\":\"required name=search_term_string\"}],\"inLanguage\":\"pl-PL\"},{\"@type\":\"Organization\",\"@id\":\"https:\/\/bobimarket.pl\/#organization\",\"name\":\"BOBIMARKET.pl\",\"url\":\"https:\/\/bobimarket.pl\/\",\"logo\":{\"@type\":\"ImageObject\",\"inLanguage\":\"pl-PL\",\"@id\":\"https:\/\/bobimarket.pl\/#\/schema\/logo\/image\/\",\"url\":\"https:\/\/bobimarket.pl\/wp-content\/uploads\/2021\/11\/slogan.png\",\"contentUrl\":\"https:\/\/bobimarket.pl\/wp-content\/uploads\/2021\/11\/slogan.png\",\"width\":2000,\"height\":384,\"caption\":\"BOBIMARKET.pl\"},\"image\":{\"@id\":\"https:\/\/bobimarket.pl\/#\/schema\/logo\/image\/\"}}]}<\/script>\n<!-- \/ Yoast SEO plugin. -->","yoast_head_json":{"title":"SKROBACZKA DO SZYB SKROBAK MOSI\u0118\u017bNA NIE RYSUJE - BOBIMARKET.pl - Remontuj i urz\u0105dzaj z nami","robots":{"index":"index","follow":"follow","max-snippet":"max-snippet:-1","max-image-preview":"max-image-preview:large","max-video-preview":"max-video-preview:-1"},"canonical":"https:\/\/bobimarket.pl\/index.php\/produkt\/skrobaczka-do-szyb-skrobak-mosiezna-nie-rysuje\/","og_locale":"pl_PL","og_type":"article","og_title":"SKROBACZKA DO SZYB SKROBAK MOSI\u0118\u017bNA NIE RYSUJE - BOBIMARKET.pl - Remontuj i urz\u0105dzaj z nami","og_description":"SKROBACZKA DO SZYB\u00a0 SKROBAK MOSI\u0118\u017bNA NIE RYSUJE Dane techniczne: Szeroko\u015b\u0107 ostrza: 9,5cm Wysoko\u015bc ostrza: 0,5cm Materia\u0142: Tworzywo\/ Mosi\u0105dz kraj produkcji: Francja Wysoka Jako\u015b\u0107!!! Wysokiej jako\u015bci skrobaczka do szyb z mosie\u017cnym ostrzem. Mosi\u0119\u017cne ostrze nie powoduje rysowania szyby samochodu. Skrobak posiada wygodn\u0105 r\u0105czk\u0119 zako\u0144czon\u0105 haczykiem do powieszenia.","og_url":"https:\/\/bobimarket.pl\/index.php\/produkt\/skrobaczka-do-szyb-skrobak-mosiezna-nie-rysuje\/","og_site_name":"BOBIMARKET.pl - Remontuj i urz\u0105dzaj z nami","article_modified_time":"2025-02-27T14:33:12+00:00","og_image":[{"url":"https:\/\/upload.cdn.baselinker.com\/products\/14476\/0d7c53ac58020bb388fb46c4b254336f.jpg"}],"twitter_card":"summary_large_image","schema":{"@context":"https:\/\/schema.org","@graph":[{"@type":"WebPage","@id":"https:\/\/bobimarket.pl\/index.php\/produkt\/skrobaczka-do-szyb-skrobak-mosiezna-nie-rysuje\/","url":"https:\/\/bobimarket.pl\/index.php\/produkt\/skrobaczka-do-szyb-skrobak-mosiezna-nie-rysuje\/","name":"SKROBACZKA DO SZYB SKROBAK MOSI\u0118\u017bNA NIE RYSUJE - BOBIMARKET.pl - Remontuj i urz\u0105dzaj z nami","isPartOf":{"@id":"https:\/\/bobimarket.pl\/#website"},"datePublished":"2023-08-29T22:21:24+00:00","dateModified":"2025-02-27T14:33:12+00:00","breadcrumb":{"@id":"https:\/\/bobimarket.pl\/index.php\/produkt\/skrobaczka-do-szyb-skrobak-mosiezna-nie-rysuje\/#breadcrumb"},"inLanguage":"pl-PL","potentialAction":[{"@type":"ReadAction","target":["https:\/\/bobimarket.pl\/index.php\/produkt\/skrobaczka-do-szyb-skrobak-mosiezna-nie-rysuje\/"]}]},{"@type":"BreadcrumbList","@id":"https:\/\/bobimarket.pl\/index.php\/produkt\/skrobaczka-do-szyb-skrobak-mosiezna-nie-rysuje\/#breadcrumb","itemListElement":[{"@type":"ListItem","position":1,"name":"Strona g\u0142\u00f3wna","item":"https:\/\/bobimarket.pl\/"},{"@type":"ListItem","position":2,"name":"Sklep","item":"https:\/\/bobimarket.pl\/index.php\/shop\/"},{"@type":"ListItem","position":3,"name":"SKROBACZKA DO SZYB SKROBAK MOSI\u0118\u017bNA NIE RYSUJE"}]},{"@type":"WebSite","@id":"https:\/\/bobimarket.pl\/#website","url":"https:\/\/bobimarket.pl\/","name":"BOBIMARKET.pl - Remontuj i urz\u0105dzaj z nami","description":"Remontuj i urz\u0105dzaj z nami","publisher":{"@id":"https:\/\/bobimarket.pl\/#organization"},"potentialAction":[{"@type":"SearchAction","target":{"@type":"EntryPoint","urlTemplate":"https:\/\/bobimarket.pl\/?s={search_term_string}"},"query-input":"required name=search_term_string"}],"inLanguage":"pl-PL"},{"@type":"Organization","@id":"https:\/\/bobimarket.pl\/#organization","name":"BOBIMARKET.pl","url":"https:\/\/bobimarket.pl\/","logo":{"@type":"ImageObject","inLanguage":"pl-PL","@id":"https:\/\/bobimarket.pl\/#\/schema\/logo\/image\/","url":"https:\/\/bobimarket.pl\/wp-content\/uploads\/2021\/11\/slogan.png","contentUrl":"https:\/\/bobimarket.pl\/wp-content\/uploads\/2021\/11\/slogan.png","width":2000,"height":384,"caption":"BOBIMARKET.pl"},"image":{"@id":"https:\/\/bobimarket.pl\/#\/schema\/logo\/image\/"}}]}},"_links":{"self":[{"href":"https:\/\/bobimarket.pl\/index.php\/wp-json\/wp\/v2\/product\/85390"}],"collection":[{"href":"https:\/\/bobimarket.pl\/index.php\/wp-json\/wp\/v2\/product"}],"about":[{"href":"https:\/\/bobimarket.pl\/index.php\/wp-json\/wp\/v2\/types\/product"}],"wp:featuredmedia":[{"embeddable":true,"href":"https:\/\/bobimarket.pl\/index.php\/wp-json\/wp\/v2\/media\/85388"}],"wp:attachment":[{"href":"https:\/\/bobimarket.pl\/index.php\/wp-json\/wp\/v2\/media?parent=85390"}],"wp:term":[{"taxonomy":"product_cat","embeddable":true,"href":"https:\/\/bobimarket.pl\/index.php\/wp-json\/wp\/v2\/product_cat?post=85390"},{"taxonomy":"product_tag","embeddable":true,"href":"https:\/\/bobimarket.pl\/index.php\/wp-json\/wp\/v2\/product_tag?post=85390"}],"curies":[{"name":"wp","href":"https:\/\/api.w.org\/{rel}","templated":true}]}}