{"id":85422,"date":"2023-08-29T22:24:43","date_gmt":"2023-08-29T22:24:43","guid":{"rendered":"https:\/\/bobimarket.pl\/index.php\/produkt\/zestaw-srubokretow-wkretakow-z-magnesem-7szt\/"},"modified":"2025-02-27T14:33:34","modified_gmt":"2025-02-27T14:33:34","slug":"zestaw-srubokretow-wkretakow-z-magnesem-7szt","status":"publish","type":"product","link":"https:\/\/bobimarket.pl\/index.php\/produkt\/zestaw-srubokretow-wkretakow-z-magnesem-7szt\/","title":{"rendered":"ZESTAW \u015aRUBOKR\u0118T\u00d3W WKR\u0118TAK\u00d3W Z MAGNESEM 7SZT"},"content":{"rendered":"<section class=\"section\">\n<div class=\"item item-6\">\n<section class=\"image-item\">\n            <img decoding=\"async\" src=\"https:\/\/upload.cdn.baselinker.com\/products\/14476\/cb2cab951356d721007d82baa621c81e.jpg\" \/><br \/>\n        <\/section>\n<\/p><\/div>\n<div class=\"item item-6\">\n<section class=\"text-item\">\n<h2>ZESTAW \u015aRUBOKR\u0118T\u00d3W WKR\u0118TAK\u00d3W Z MAGNESEM 7SZT<\/h2>\n<p><b>Dane Techniczne:<\/b><\/p>\n<ul>\n<li>Materia\u0142: Stal <b>chromowo-wanadowa<\/b><\/li>\n<li>R\u0119koje\u015b\u0107: Tworzywo dwukomponetowe<\/li>\n<li>Skala twardo\u015bci: <b>HRC 51-54<\/b><\/li>\n<li><b>Magnes<\/b><\/li>\n<li>Wysoka jako\u015b\u0107 !!!<\/li>\n<\/ul>\n<h2>Zestaw zawiera:<\/h2>\n<p><b>Wkr\u0119taki p\u0142askie\u00a0\u00a0\u00a0\u00a0\u00a0\u00a0\u00a0\u00a0\u00a0\u00a0 <\/b><\/p>\n<ul>\n<li>3&#215;75 mm\u00a0<\/li>\n<li>5&#215;100 mm<\/li>\n<li>6&#215;125 mm<\/li>\n<li>8&#215;150 mm<\/li>\n<\/ul>\n<p><b>Wkr\u0119taki krzy\u017cowe PH<\/b><\/p>\n<ul>\n<li>PH0x75mm<\/li>\n<li>PH1x100mm<\/li>\n<li>PH2x125mm<\/li>\n<\/ul>\n<\/section><\/div>\n<\/section>\n<section class=\"section\">\n<div class=\"item item-6\">\n<section class=\"image-item\">\n            <img decoding=\"async\" src=\"https:\/\/upload.cdn.baselinker.com\/products\/14476\/53117b48839badce90ae4444c5879fbd.jpg\" \/><br \/>\n        <\/section>\n<\/p><\/div>\n<div class=\"item item-6\">\n<section class=\"text-item\">\n<p>Wysokiej jako\u015bci zestaw wkr\u0119tak\u00f3w z stali <b>CrV<\/b> zako\u0144czone <b>magnesow\u0105<\/b> ko\u0144c\u00f3wk\u0105. Kt\u00f3ra u\u0142atwia prac\u0119, zw\u0142aszcza w trudno dost\u0119pnych miejscach.<\/p>\n<p>Nieodzowny zestaw narzedzi w ka\u017cdym warsztacie.<\/p>\n<p><b>Najwa\u017cniesze zalety:<\/b><\/p>\n<ul>\n<li>Wysoka jako\u015b\u0107 u\u017cytych materia\u0142\u00f3w<\/li>\n<li>Stal <b>CrV<\/b><\/li>\n<li>Otwor do zawieszenia<\/li>\n<li>Ergonomiczny uchwyt<\/li>\n<li>Zabezpieczenie przed rdz\u0105<\/li>\n<li>Namagnesowane groty \u00a0\u00a0\u00a0\u00a0\u00a0\u00a0\u00a0\u00a0\u00a0\u00a0\u00a0\u00a0\u00a0\u00a0\u00a0\u00a0\u00a0\u00a0\u00a0\u00a0\u00a0\u00a0\u00a0\u00a0\u00a0\u00a0\u00a0\u00a0\u00a0\u00a0\u00a0\u00a0\u00a0\u00a0\u00a0\u00a0\u00a0\u00a0\u00a0\u00a0\u00a0\u00a0\u00a0\u00a0\u00a0\u00a0\u00a0\u00a0\u00a0\u00a0\u00a0\u00a0\u00a0\u00a0\u00a0\u00a0\u00a0\u00a0\u00a0\u00a0\u00a0\u00a0\u00a0\u00a0\u00a0\u00a0\u00a0\u00a0\u00a0\u00a0\u00a0\u00a0\u00a0\u00a0\u00a0\u00a0\u00a0\u00a0\u00a0\u00a0\u00a0\u00a0\u00a0\u00a0\u00a0\u00a0\u00a0\u00a0\u00a0\u00a0\u00a0\u00a0\u00a0\u00a0\u00a0\u00a0\u00a0\u00a0\u00a0\u00a0\u00a0\u00a0\u00a0\u00a0\u00a0\u00a0\u00a0\u00a0\u00a0\u00a0\u00a0\u00a0\u00a0\u00a0\u00a0\u00a0\u00a0\u00a0\u00a0\u00a0\u00a0\u00a0\u00a0\u00a0\u00a0\u00a0\u00a0\u00a0\u00a0\u00a0\u00a0\u00a0\u00a0\u00a0\u00a0\u00a0\u00a0\u00a0\u00a0\u00a0\u00a0\u00a0\u00a0\u00a0\u00a0\u00a0\u00a0\u00a0\u00a0\u00a0\u00a0\u00a0\u00a0\u00a0\u00a0\u00a0\u00a0\u00a0\u00a0\u00a0\u00a0\u00a0\u00a0\u00a0\u00a0\u00a0\u00a0\u00a0\u00a0\u00a0\u00a0\u00a0\u00a0\u00a0\u00a0\u00a0\u00a0\u00a0\u00a0\u00a0\u00a0\u00a0\u00a0\u00a0\u00a0\u00a0\u00a0\u00a0\u00a0\u00a0\u00a0\u00a0\u00a0\u00a0\u00a0\u00a0\u00a0\u00a0\u00a0\u00a0\u00a0\u00a0\u00a0\u00a0\u00a0\u00a0\u00a0\u00a0\u00a0\u00a0\u00a0\u00a0\u00a0\u00a0\u00a0\u00a0\u00a0\u00a0\u00a0\u00a0\u00a0\u00a0\u00a0\u00a0\u00a0\u00a0\u00a0\u00a0\u00a0\u00a0\u00a0\u00a0\u00a0\u00a0\u00a0\u00a0\u00a0\u00a0\u00a0\u00a0\u00a0\u00a0\u00a0\u00a0\u00a0\u00a0\u00a0\u00a0\u00a0\u00a0\u00a0\u00a0\u00a0\u00a0\u00a0\u00a0\u00a0\u00a0\u00a0\u00a0\u00a0\u00a0\u00a0\u00a0\u00a0\u00a0\u00a0\u00a0\u00a0\u00a0\u00a0\u00a0\u00a0\u00a0\u00a0\u00a0\u00a0\u00a0\u00a0\u00a0\u00a0\u00a0\u00a0\u00a0\u00a0\u00a0\u00a0\u00a0\u00a0\u00a0\u00a0\u00a0\u00a0\u00a0\u00a0\u00a0\u00a0\u00a0\u00a0\u00a0\u00a0\u00a0\u00a0\u00a0\u00a0\u00a0\u00a0\u00a0\u00a0\u00a0\u00a0\u00a0\u00a0\u00a0\u00a0\u00a0\u00a0\u00a0\u00a0\u00a0\u00a0\u00a0\u00a0\u00a0\u00a0\u00a0\u00a0\u00a0\u00a0\u00a0\u00a0\u00a0\u00a0\u00a0\u00a0\u00a0\u00a0\u00a0\u00a0\u00a0\u00a0\u00a0\u00a0\u00a0\u00a0\u00a0\u00a0\u00a0\u00a0\u00a0\u00a0\u00a0\u00a0\u00a0\u00a0\u00a0\u00a0\u00a0\u00a0\u00a0\u00a0\u00a0\u00a0\u00a0\u00a0\u00a0\u00a0\u00a0\u00a0\u00a0\u00a0\u00a0\u00a0\u00a0\u00a0\u00a0\u00a0\u00a0\u00a0\u00a0\u00a0\u00a0\u00a0\u00a0\u00a0\u00a0\u00a0\u00a0\u00a0\u00a0\u00a0\u00a0\u00a0\u00a0\u00a0\u00a0\u00a0\u00a0\u00a0\u00a0\u00a0\u00a0\u00a0\u00a0\u00a0\u00a0\u00a0\u00a0\u00a0\u00a0\u00a0\u00a0\u00a0\u00a0\u00a0\u00a0\u00a0\u00a0\u00a0\u00a0\u00a0\u00a0\u00a0\u00a0\u00a0\u00a0\u00a0\u00a0\u00a0\u00a0\u00a0\u00a0\u00a0\u00a0\u00a0\u00a0\u00a0\u00a0\u00a0\u00a0\u00a0\u00a0\u00a0\u00a0\u00a0\u00a0\u00a0\u00a0\u00a0\u00a0\u00a0\u00a0\u00a0\u00a0\u00a0\u00a0\u00a0\u00a0\u00a0\u00a0\u00a0\u00a0\u00a0\u00a0\u00a0\u00a0\u00a0\u00a0\u00a0\u00a0\u00a0\u00a0\u00a0\u00a0\u00a0\u00a0\u00a0\u00a0\u00a0\u00a0\u00a0\u00a0\u00a0\u00a0\u00a0\u00a0\u00a0\u00a0\u00a0\u00a0\u00a0\u00a0\u00a0\u00a0\u00a0\u00a0\u00a0\u00a0\u00a0\u00a0\u00a0\u00a0\u00a0\u00a0\u00a0\u00a0\u00a0\u00a0\u00a0\u00a0\u00a0\u00a0\u00a0\u00a0\u00a0\u00a0\u00a0\u00a0\u00a0\u00a0\u00a0\u00a0\u00a0\u00a0\u00a0\u00a0\u00a0\u00a0\u00a0\u00a0\u00a0\u00a0\u00a0\u00a0\u00a0\u00a0\u00a0\u00a0\u00a0\u00a0\u00a0\u00a0\u00a0\u00a0\u00a0\u00a0\u00a0\u00a0\u00a0\u00a0\u00a0\u00a0\u00a0\u00a0\u00a0\u00a0\u00a0\u00a0\u00a0\u00a0\u00a0\u00a0\u00a0\u00a0\u00a0\u00a0\u00a0\u00a0\u00a0\u00a0\u00a0\u00a0\u00a0\u00a0\u00a0\u00a0\u00a0\u00a0\u00a0\u00a0\u00a0\u00a0\u00a0\u00a0\u00a0\u00a0\u00a0\u00a0\u00a0\u00a0\u00a0\u00a0\u00a0\u00a0\u00a0\u00a0\u00a0\u00a0\u00a0\u00a0\u00a0\u00a0\u00a0\u00a0\u00a0\u00a0\u00a0\u00a0\u00a0\u00a0\u00a0\u00a0\u00a0\u00a0\u00a0\u00a0\u00a0\u00a0\u00a0\u00a0\u00a0\u00a0\u00a0\u00a0\u00a0\u00a0\u00a0\u00a0\u00a0\u00a0\u00a0\u00a0\u00a0\u00a0\u00a0\u00a0\u00a0\u00a0\u00a0\u00a0\u00a0\u00a0\u00a0\u00a0\u00a0\u00a0\u00a0\u00a0\u00a0\u00a0\u00a0\u00a0\u00a0\u00a0\u00a0\u00a0\u00a0\u00a0\u00a0\u00a0\u00a0<\/li>\n<\/ul>\n<\/section><\/div>\n<\/section>\n<section class=\"section\">\n<div class=\"item item-12\">\n<section class=\"image-item\">\n            <img decoding=\"async\" src=\"https:\/\/upload.cdn.baselinker.com\/products\/14476\/cb2cab951356d721007d82baa621c81e.jpg\" \/><br \/>\n        <\/section>\n<\/p><\/div>\n<\/section>\n<section class=\"section\">\n<div class=\"item item-12\">\n<section class=\"image-item\">\n            <img decoding=\"async\" src=\"https:\/\/upload.cdn.baselinker.com\/products\/14476\/52c03407f93662641af1098de1656485.jpg\" \/><br \/>\n        <\/section>\n<\/p><\/div>\n<\/section>\n<section class=\"section\">\n<div class=\"item item-12\">\n<section class=\"image-item\">\n            <img decoding=\"async\" src=\"https:\/\/upload.cdn.baselinker.com\/products\/14476\/c7a8570ab58d6c216d7a74d10dc36c41.jpg\" \/><br \/>\n        <\/section>\n<\/p><\/div>\n<\/section>\n","protected":false},"excerpt":{"rendered":"<p>ZESTAW \u015aRUBOKR\u0118T\u00d3W WKR\u0118TAK\u00d3W Z MAGNESEM 7SZT Dane Techniczne: Materia\u0142: Stal chromowo-wanadowa R\u0119koje\u015b\u0107: Tworzywo dwukomponetowe Skala twardo\u015bci: HRC 51-54 Magnes Wysoka jako\u015b\u0107 !!! Zestaw zawiera: Wkr\u0119taki p\u0142askie\u00a0\u00a0\u00a0\u00a0\u00a0\u00a0\u00a0\u00a0\u00a0\u00a0 3&#215;75 mm\u00a0 5&#215;100 mm 6&#215;125 mm 8&#215;150 mm Wkr\u0119taki krzy\u017cowe PH PH0x75mm PH1x100mm PH2x125mm Wysokiej jako\u015bci zestaw wkr\u0119tak\u00f3w z stali CrV zako\u0144czone magnesow\u0105 ko\u0144c\u00f3wk\u0105. Kt\u00f3ra u\u0142atwia prac\u0119, zw\u0142aszcza w<br \/><a class=\"more-link\" href=\"https:\/\/bobimarket.pl\/index.php\/produkt\/zestaw-srubokretow-wkretakow-z-magnesem-7szt\/\"><br \/>\n        Czytaj wi\u0119cej<span class=\"screen-reader-text\"> &#8222;ZESTAW \u015aRUBOKR\u0118T\u00d3W WKR\u0118TAK\u00d3W Z MAGNESEM 7SZT&#8221;<\/span><\/a><\/p>\n","protected":false},"featured_media":85417,"template":"","meta":[],"product_cat":[8071],"product_tag":[],"yoast_head":"<!-- This site is optimized with the Yoast SEO plugin v21.0 - https:\/\/yoast.com\/wordpress\/plugins\/seo\/ -->\n<title>ZESTAW \u015aRUBOKR\u0118T\u00d3W WKR\u0118TAK\u00d3W Z MAGNESEM 7SZT - BOBIMARKET.pl - Remontuj i urz\u0105dzaj z nami<\/title>\n<meta name=\"robots\" content=\"index, follow, max-snippet:-1, max-image-preview:large, max-video-preview:-1\" \/>\n<link rel=\"canonical\" href=\"https:\/\/bobimarket.pl\/index.php\/produkt\/zestaw-srubokretow-wkretakow-z-magnesem-7szt\/\" \/>\n<meta property=\"og:locale\" content=\"pl_PL\" \/>\n<meta property=\"og:type\" content=\"article\" \/>\n<meta property=\"og:title\" content=\"ZESTAW \u015aRUBOKR\u0118T\u00d3W WKR\u0118TAK\u00d3W Z MAGNESEM 7SZT - BOBIMARKET.pl - Remontuj i urz\u0105dzaj z nami\" \/>\n<meta property=\"og:description\" content=\"ZESTAW \u015aRUBOKR\u0118T\u00d3W WKR\u0118TAK\u00d3W Z MAGNESEM 7SZT Dane Techniczne: Materia\u0142: Stal chromowo-wanadowa R\u0119koje\u015b\u0107: Tworzywo dwukomponetowe Skala twardo\u015bci: HRC 51-54 Magnes Wysoka jako\u015b\u0107 !!! Zestaw zawiera: Wkr\u0119taki p\u0142askie\u00a0\u00a0\u00a0\u00a0\u00a0\u00a0\u00a0\u00a0\u00a0\u00a0 3&#215;75 mm\u00a0 5&#215;100 mm 6&#215;125 mm 8&#215;150 mm Wkr\u0119taki krzy\u017cowe PH PH0x75mm PH1x100mm PH2x125mm Wysokiej jako\u015bci zestaw wkr\u0119tak\u00f3w z stali CrV zako\u0144czone magnesow\u0105 ko\u0144c\u00f3wk\u0105. Kt\u00f3ra u\u0142atwia prac\u0119, zw\u0142aszcza w     Czytaj wi\u0119cej &quot;ZESTAW \u015aRUBOKR\u0118T\u00d3W WKR\u0118TAK\u00d3W Z MAGNESEM 7SZT&quot;\" \/>\n<meta property=\"og:url\" content=\"https:\/\/bobimarket.pl\/index.php\/produkt\/zestaw-srubokretow-wkretakow-z-magnesem-7szt\/\" \/>\n<meta property=\"og:site_name\" content=\"BOBIMARKET.pl - Remontuj i urz\u0105dzaj z nami\" \/>\n<meta property=\"article:modified_time\" content=\"2025-02-27T14:33:34+00:00\" \/>\n<meta property=\"og:image\" content=\"https:\/\/upload.cdn.baselinker.com\/products\/14476\/cb2cab951356d721007d82baa621c81e.jpg\" \/>\n<meta name=\"twitter:card\" content=\"summary_large_image\" \/>\n<script type=\"application\/ld+json\" class=\"yoast-schema-graph\">{\"@context\":\"https:\/\/schema.org\",\"@graph\":[{\"@type\":\"WebPage\",\"@id\":\"https:\/\/bobimarket.pl\/index.php\/produkt\/zestaw-srubokretow-wkretakow-z-magnesem-7szt\/\",\"url\":\"https:\/\/bobimarket.pl\/index.php\/produkt\/zestaw-srubokretow-wkretakow-z-magnesem-7szt\/\",\"name\":\"ZESTAW \u015aRUBOKR\u0118T\u00d3W WKR\u0118TAK\u00d3W Z MAGNESEM 7SZT - BOBIMARKET.pl - Remontuj i urz\u0105dzaj z nami\",\"isPartOf\":{\"@id\":\"https:\/\/bobimarket.pl\/#website\"},\"datePublished\":\"2023-08-29T22:24:43+00:00\",\"dateModified\":\"2025-02-27T14:33:34+00:00\",\"breadcrumb\":{\"@id\":\"https:\/\/bobimarket.pl\/index.php\/produkt\/zestaw-srubokretow-wkretakow-z-magnesem-7szt\/#breadcrumb\"},\"inLanguage\":\"pl-PL\",\"potentialAction\":[{\"@type\":\"ReadAction\",\"target\":[\"https:\/\/bobimarket.pl\/index.php\/produkt\/zestaw-srubokretow-wkretakow-z-magnesem-7szt\/\"]}]},{\"@type\":\"BreadcrumbList\",\"@id\":\"https:\/\/bobimarket.pl\/index.php\/produkt\/zestaw-srubokretow-wkretakow-z-magnesem-7szt\/#breadcrumb\",\"itemListElement\":[{\"@type\":\"ListItem\",\"position\":1,\"name\":\"Strona g\u0142\u00f3wna\",\"item\":\"https:\/\/bobimarket.pl\/\"},{\"@type\":\"ListItem\",\"position\":2,\"name\":\"Sklep\",\"item\":\"https:\/\/bobimarket.pl\/index.php\/shop\/\"},{\"@type\":\"ListItem\",\"position\":3,\"name\":\"ZESTAW \u015aRUBOKR\u0118T\u00d3W WKR\u0118TAK\u00d3W Z MAGNESEM 7SZT\"}]},{\"@type\":\"WebSite\",\"@id\":\"https:\/\/bobimarket.pl\/#website\",\"url\":\"https:\/\/bobimarket.pl\/\",\"name\":\"BOBIMARKET.pl - Remontuj i urz\u0105dzaj z nami\",\"description\":\"Remontuj i urz\u0105dzaj z nami\",\"publisher\":{\"@id\":\"https:\/\/bobimarket.pl\/#organization\"},\"potentialAction\":[{\"@type\":\"SearchAction\",\"target\":{\"@type\":\"EntryPoint\",\"urlTemplate\":\"https:\/\/bobimarket.pl\/?s={search_term_string}\"},\"query-input\":\"required name=search_term_string\"}],\"inLanguage\":\"pl-PL\"},{\"@type\":\"Organization\",\"@id\":\"https:\/\/bobimarket.pl\/#organization\",\"name\":\"BOBIMARKET.pl\",\"url\":\"https:\/\/bobimarket.pl\/\",\"logo\":{\"@type\":\"ImageObject\",\"inLanguage\":\"pl-PL\",\"@id\":\"https:\/\/bobimarket.pl\/#\/schema\/logo\/image\/\",\"url\":\"https:\/\/bobimarket.pl\/wp-content\/uploads\/2021\/11\/slogan.png\",\"contentUrl\":\"https:\/\/bobimarket.pl\/wp-content\/uploads\/2021\/11\/slogan.png\",\"width\":2000,\"height\":384,\"caption\":\"BOBIMARKET.pl\"},\"image\":{\"@id\":\"https:\/\/bobimarket.pl\/#\/schema\/logo\/image\/\"}}]}<\/script>\n<!-- \/ Yoast SEO plugin. -->","yoast_head_json":{"title":"ZESTAW \u015aRUBOKR\u0118T\u00d3W WKR\u0118TAK\u00d3W Z MAGNESEM 7SZT - BOBIMARKET.pl - Remontuj i urz\u0105dzaj z nami","robots":{"index":"index","follow":"follow","max-snippet":"max-snippet:-1","max-image-preview":"max-image-preview:large","max-video-preview":"max-video-preview:-1"},"canonical":"https:\/\/bobimarket.pl\/index.php\/produkt\/zestaw-srubokretow-wkretakow-z-magnesem-7szt\/","og_locale":"pl_PL","og_type":"article","og_title":"ZESTAW \u015aRUBOKR\u0118T\u00d3W WKR\u0118TAK\u00d3W Z MAGNESEM 7SZT - BOBIMARKET.pl - Remontuj i urz\u0105dzaj z nami","og_description":"ZESTAW \u015aRUBOKR\u0118T\u00d3W WKR\u0118TAK\u00d3W Z MAGNESEM 7SZT Dane Techniczne: Materia\u0142: Stal chromowo-wanadowa R\u0119koje\u015b\u0107: Tworzywo dwukomponetowe Skala twardo\u015bci: HRC 51-54 Magnes Wysoka jako\u015b\u0107 !!! Zestaw zawiera: Wkr\u0119taki p\u0142askie\u00a0\u00a0\u00a0\u00a0\u00a0\u00a0\u00a0\u00a0\u00a0\u00a0 3&#215;75 mm\u00a0 5&#215;100 mm 6&#215;125 mm 8&#215;150 mm Wkr\u0119taki krzy\u017cowe PH PH0x75mm PH1x100mm PH2x125mm Wysokiej jako\u015bci zestaw wkr\u0119tak\u00f3w z stali CrV zako\u0144czone magnesow\u0105 ko\u0144c\u00f3wk\u0105. Kt\u00f3ra u\u0142atwia prac\u0119, zw\u0142aszcza w     Czytaj wi\u0119cej \"ZESTAW \u015aRUBOKR\u0118T\u00d3W WKR\u0118TAK\u00d3W Z MAGNESEM 7SZT\"","og_url":"https:\/\/bobimarket.pl\/index.php\/produkt\/zestaw-srubokretow-wkretakow-z-magnesem-7szt\/","og_site_name":"BOBIMARKET.pl - Remontuj i urz\u0105dzaj z nami","article_modified_time":"2025-02-27T14:33:34+00:00","og_image":[{"url":"https:\/\/upload.cdn.baselinker.com\/products\/14476\/cb2cab951356d721007d82baa621c81e.jpg"}],"twitter_card":"summary_large_image","schema":{"@context":"https:\/\/schema.org","@graph":[{"@type":"WebPage","@id":"https:\/\/bobimarket.pl\/index.php\/produkt\/zestaw-srubokretow-wkretakow-z-magnesem-7szt\/","url":"https:\/\/bobimarket.pl\/index.php\/produkt\/zestaw-srubokretow-wkretakow-z-magnesem-7szt\/","name":"ZESTAW \u015aRUBOKR\u0118T\u00d3W WKR\u0118TAK\u00d3W Z MAGNESEM 7SZT - BOBIMARKET.pl - Remontuj i urz\u0105dzaj z nami","isPartOf":{"@id":"https:\/\/bobimarket.pl\/#website"},"datePublished":"2023-08-29T22:24:43+00:00","dateModified":"2025-02-27T14:33:34+00:00","breadcrumb":{"@id":"https:\/\/bobimarket.pl\/index.php\/produkt\/zestaw-srubokretow-wkretakow-z-magnesem-7szt\/#breadcrumb"},"inLanguage":"pl-PL","potentialAction":[{"@type":"ReadAction","target":["https:\/\/bobimarket.pl\/index.php\/produkt\/zestaw-srubokretow-wkretakow-z-magnesem-7szt\/"]}]},{"@type":"BreadcrumbList","@id":"https:\/\/bobimarket.pl\/index.php\/produkt\/zestaw-srubokretow-wkretakow-z-magnesem-7szt\/#breadcrumb","itemListElement":[{"@type":"ListItem","position":1,"name":"Strona g\u0142\u00f3wna","item":"https:\/\/bobimarket.pl\/"},{"@type":"ListItem","position":2,"name":"Sklep","item":"https:\/\/bobimarket.pl\/index.php\/shop\/"},{"@type":"ListItem","position":3,"name":"ZESTAW \u015aRUBOKR\u0118T\u00d3W WKR\u0118TAK\u00d3W Z MAGNESEM 7SZT"}]},{"@type":"WebSite","@id":"https:\/\/bobimarket.pl\/#website","url":"https:\/\/bobimarket.pl\/","name":"BOBIMARKET.pl - Remontuj i urz\u0105dzaj z nami","description":"Remontuj i urz\u0105dzaj z nami","publisher":{"@id":"https:\/\/bobimarket.pl\/#organization"},"potentialAction":[{"@type":"SearchAction","target":{"@type":"EntryPoint","urlTemplate":"https:\/\/bobimarket.pl\/?s={search_term_string}"},"query-input":"required name=search_term_string"}],"inLanguage":"pl-PL"},{"@type":"Organization","@id":"https:\/\/bobimarket.pl\/#organization","name":"BOBIMARKET.pl","url":"https:\/\/bobimarket.pl\/","logo":{"@type":"ImageObject","inLanguage":"pl-PL","@id":"https:\/\/bobimarket.pl\/#\/schema\/logo\/image\/","url":"https:\/\/bobimarket.pl\/wp-content\/uploads\/2021\/11\/slogan.png","contentUrl":"https:\/\/bobimarket.pl\/wp-content\/uploads\/2021\/11\/slogan.png","width":2000,"height":384,"caption":"BOBIMARKET.pl"},"image":{"@id":"https:\/\/bobimarket.pl\/#\/schema\/logo\/image\/"}}]}},"_links":{"self":[{"href":"https:\/\/bobimarket.pl\/index.php\/wp-json\/wp\/v2\/product\/85422"}],"collection":[{"href":"https:\/\/bobimarket.pl\/index.php\/wp-json\/wp\/v2\/product"}],"about":[{"href":"https:\/\/bobimarket.pl\/index.php\/wp-json\/wp\/v2\/types\/product"}],"wp:featuredmedia":[{"embeddable":true,"href":"https:\/\/bobimarket.pl\/index.php\/wp-json\/wp\/v2\/media\/85417"}],"wp:attachment":[{"href":"https:\/\/bobimarket.pl\/index.php\/wp-json\/wp\/v2\/media?parent=85422"}],"wp:term":[{"taxonomy":"product_cat","embeddable":true,"href":"https:\/\/bobimarket.pl\/index.php\/wp-json\/wp\/v2\/product_cat?post=85422"},{"taxonomy":"product_tag","embeddable":true,"href":"https:\/\/bobimarket.pl\/index.php\/wp-json\/wp\/v2\/product_tag?post=85422"}],"curies":[{"name":"wp","href":"https:\/\/api.w.org\/{rel}","templated":true}]}}