{"id":85510,"date":"2023-08-29T22:34:20","date_gmt":"2023-08-29T22:34:20","guid":{"rendered":"https:\/\/bobimarket.pl\/index.php\/produkt\/walek-malarski-zapas-zlota-nic-mini-10-cm-10-szt\/"},"modified":"2026-04-27T14:51:34","modified_gmt":"2026-04-27T14:51:34","slug":"walek-malarski-zapas-zlota-nic-mini-10-cm-10-szt","status":"publish","type":"product","link":"https:\/\/bobimarket.pl\/index.php\/produkt\/walek-malarski-zapas-zlota-nic-mini-10-cm-10-szt\/","title":{"rendered":"WA\u0141EK MALARSKI ZAPAS Z\u0141OTA NIC MINI 10 CM 10 SZT"},"content":{"rendered":"<section class=\"section\">\n<div class=\"item item-6\">\n<section class=\"image-item\">\n                <img decoding=\"async\" src=\"https:\/\/upload.cdn.baselinker.com\/products\/14476\/08df1d46b6303c8929201642dd3f0152.jpg\" \/><br \/>\n            <\/section>\n<\/p><\/div>\n<div class=\"item item-6\">\n<section class=\"text-item\">\n<h2>WA\u0141EK MALARSKI ZAPAS Z\u0141OTA NIC GIRPAINT MINI 10 CM 10 SZT<\/h2>\n<p><b>Dane techniczne:<\/b><\/p>\n<ul>\n<li>D\u0142ugo\u015b\u0107 wa\u0142ka: <b>10cm<\/b><\/li>\n<li>Wysoko\u015b\u0107 runa: <b>12mm<\/b><\/li>\n<li>\u015arednica wa\u0142ka: <b>18mm<\/b><\/li>\n<li>Zapas przystosowany do r\u0105czek o \u015brednicy drutu<b> \u03a6 6 mm.<\/b><\/li>\n<\/ul>\n<h2>Zestaw zawiera 10szt wa\u0142ka!!<\/h2>\n<\/section><\/div>\n<\/section>\n<section class=\"section\">\n<div class=\"item item-6\">\n<section class=\"image-item\">\n                <img decoding=\"async\" src=\"https:\/\/upload.cdn.baselinker.com\/products\/14476\/9f8bdcbd62d380c5b0d017555ea9ed1e.jpg\" \/><br \/>\n            <\/section>\n<\/p><\/div>\n<div class=\"item item-6\">\n<section class=\"text-item\">\n<p>Wa\u0142ek <b>GIRPAINT Z\u0141OTA NI\u0106<\/b> r\u00f3wnomiernie rozprowadza farb\u0119 na malowanych powierzchniach.<\/p>\n<ul>\n<li>Struktura wk\u0142adu doskonale wch\u0142ania farb\u0119, dlatego wa\u0142ek umo\u017cliwia przeprowadzenie czystych i szybkich prac remontowych.<\/li>\n<\/ul>\n<p>\u2705<b> Zastosowanie:<\/b><\/p>\n<p>Wa\u0142ek jest przeznaczony do wszystkich rodzaj\u00f3w farb, nadaje si\u0119 doskonale do:<\/p>\n<ul>\n<li>farb lateksowych,<\/li>\n<li>emulsyjnych,<\/li>\n<li>silikonowych,<\/li>\n<li>akrylowych oraz silikatowych.<\/li>\n<\/ul>\n<\/section><\/div>\n<\/section>\n","protected":false},"excerpt":{"rendered":"<p>WA\u0141EK MALARSKI ZAPAS Z\u0141OTA NIC GIRPAINT MINI 10 CM 10 SZT Dane techniczne: D\u0142ugo\u015b\u0107 wa\u0142ka: 10cm Wysoko\u015b\u0107 runa: 12mm \u015arednica wa\u0142ka: 18mm Zapas przystosowany do r\u0105czek o \u015brednicy drutu \u03a6 6 mm. Zestaw zawiera 10szt wa\u0142ka!! Wa\u0142ek GIRPAINT Z\u0141OTA NI\u0106 r\u00f3wnomiernie rozprowadza farb\u0119 na malowanych powierzchniach. Struktura wk\u0142adu doskonale wch\u0142ania farb\u0119, dlatego wa\u0142ek umo\u017cliwia przeprowadzenie<br \/><a class=\"more-link\" href=\"https:\/\/bobimarket.pl\/index.php\/produkt\/walek-malarski-zapas-zlota-nic-mini-10-cm-10-szt\/\"><br \/>\n        Czytaj wi\u0119cej<span class=\"screen-reader-text\"> &#8222;WA\u0141EK MALARSKI ZAPAS Z\u0141OTA NIC MINI 10 CM 10 SZT&#8221;<\/span><\/a><\/p>\n","protected":false},"featured_media":85507,"template":"","meta":[],"product_cat":[8063],"product_tag":[],"yoast_head":"<!-- This site is optimized with the Yoast SEO plugin v21.0 - https:\/\/yoast.com\/wordpress\/plugins\/seo\/ -->\n<title>WA\u0141EK MALARSKI ZAPAS Z\u0141OTA NIC MINI 10 CM 10 SZT - BOBIMARKET.pl - Remontuj i urz\u0105dzaj z nami<\/title>\n<meta name=\"robots\" content=\"index, follow, max-snippet:-1, max-image-preview:large, max-video-preview:-1\" \/>\n<link rel=\"canonical\" href=\"https:\/\/bobimarket.pl\/index.php\/produkt\/walek-malarski-zapas-zlota-nic-mini-10-cm-10-szt\/\" \/>\n<meta property=\"og:locale\" content=\"pl_PL\" \/>\n<meta property=\"og:type\" content=\"article\" \/>\n<meta property=\"og:title\" content=\"WA\u0141EK MALARSKI ZAPAS Z\u0141OTA NIC MINI 10 CM 10 SZT - BOBIMARKET.pl - Remontuj i urz\u0105dzaj z nami\" \/>\n<meta property=\"og:description\" content=\"WA\u0141EK MALARSKI ZAPAS Z\u0141OTA NIC GIRPAINT MINI 10 CM 10 SZT Dane techniczne: D\u0142ugo\u015b\u0107 wa\u0142ka: 10cm Wysoko\u015b\u0107 runa: 12mm \u015arednica wa\u0142ka: 18mm Zapas przystosowany do r\u0105czek o \u015brednicy drutu \u03a6 6 mm. Zestaw zawiera 10szt wa\u0142ka!! Wa\u0142ek GIRPAINT Z\u0141OTA NI\u0106 r\u00f3wnomiernie rozprowadza farb\u0119 na malowanych powierzchniach. Struktura wk\u0142adu doskonale wch\u0142ania farb\u0119, dlatego wa\u0142ek umo\u017cliwia przeprowadzenie     Czytaj wi\u0119cej &quot;WA\u0141EK MALARSKI ZAPAS Z\u0141OTA NIC MINI 10 CM 10 SZT&quot;\" \/>\n<meta property=\"og:url\" content=\"https:\/\/bobimarket.pl\/index.php\/produkt\/walek-malarski-zapas-zlota-nic-mini-10-cm-10-szt\/\" \/>\n<meta property=\"og:site_name\" content=\"BOBIMARKET.pl - Remontuj i urz\u0105dzaj z nami\" \/>\n<meta property=\"article:modified_time\" content=\"2026-04-27T14:51:34+00:00\" \/>\n<meta property=\"og:image\" content=\"https:\/\/upload.cdn.baselinker.com\/products\/14476\/08df1d46b6303c8929201642dd3f0152.jpg\" \/>\n<meta name=\"twitter:card\" content=\"summary_large_image\" \/>\n<script type=\"application\/ld+json\" class=\"yoast-schema-graph\">{\"@context\":\"https:\/\/schema.org\",\"@graph\":[{\"@type\":\"WebPage\",\"@id\":\"https:\/\/bobimarket.pl\/index.php\/produkt\/walek-malarski-zapas-zlota-nic-mini-10-cm-10-szt\/\",\"url\":\"https:\/\/bobimarket.pl\/index.php\/produkt\/walek-malarski-zapas-zlota-nic-mini-10-cm-10-szt\/\",\"name\":\"WA\u0141EK MALARSKI ZAPAS Z\u0141OTA NIC MINI 10 CM 10 SZT - BOBIMARKET.pl - Remontuj i urz\u0105dzaj z nami\",\"isPartOf\":{\"@id\":\"https:\/\/bobimarket.pl\/#website\"},\"datePublished\":\"2023-08-29T22:34:20+00:00\",\"dateModified\":\"2026-04-27T14:51:34+00:00\",\"breadcrumb\":{\"@id\":\"https:\/\/bobimarket.pl\/index.php\/produkt\/walek-malarski-zapas-zlota-nic-mini-10-cm-10-szt\/#breadcrumb\"},\"inLanguage\":\"pl-PL\",\"potentialAction\":[{\"@type\":\"ReadAction\",\"target\":[\"https:\/\/bobimarket.pl\/index.php\/produkt\/walek-malarski-zapas-zlota-nic-mini-10-cm-10-szt\/\"]}]},{\"@type\":\"BreadcrumbList\",\"@id\":\"https:\/\/bobimarket.pl\/index.php\/produkt\/walek-malarski-zapas-zlota-nic-mini-10-cm-10-szt\/#breadcrumb\",\"itemListElement\":[{\"@type\":\"ListItem\",\"position\":1,\"name\":\"Strona g\u0142\u00f3wna\",\"item\":\"https:\/\/bobimarket.pl\/\"},{\"@type\":\"ListItem\",\"position\":2,\"name\":\"Sklep\",\"item\":\"https:\/\/bobimarket.pl\/index.php\/shop\/\"},{\"@type\":\"ListItem\",\"position\":3,\"name\":\"WA\u0141EK MALARSKI ZAPAS Z\u0141OTA NIC MINI 10 CM 10 SZT\"}]},{\"@type\":\"WebSite\",\"@id\":\"https:\/\/bobimarket.pl\/#website\",\"url\":\"https:\/\/bobimarket.pl\/\",\"name\":\"BOBIMARKET.pl - Remontuj i urz\u0105dzaj z nami\",\"description\":\"Remontuj i urz\u0105dzaj z nami\",\"publisher\":{\"@id\":\"https:\/\/bobimarket.pl\/#organization\"},\"potentialAction\":[{\"@type\":\"SearchAction\",\"target\":{\"@type\":\"EntryPoint\",\"urlTemplate\":\"https:\/\/bobimarket.pl\/?s={search_term_string}\"},\"query-input\":\"required name=search_term_string\"}],\"inLanguage\":\"pl-PL\"},{\"@type\":\"Organization\",\"@id\":\"https:\/\/bobimarket.pl\/#organization\",\"name\":\"BOBIMARKET.pl\",\"url\":\"https:\/\/bobimarket.pl\/\",\"logo\":{\"@type\":\"ImageObject\",\"inLanguage\":\"pl-PL\",\"@id\":\"https:\/\/bobimarket.pl\/#\/schema\/logo\/image\/\",\"url\":\"https:\/\/bobimarket.pl\/wp-content\/uploads\/2021\/11\/slogan.png\",\"contentUrl\":\"https:\/\/bobimarket.pl\/wp-content\/uploads\/2021\/11\/slogan.png\",\"width\":2000,\"height\":384,\"caption\":\"BOBIMARKET.pl\"},\"image\":{\"@id\":\"https:\/\/bobimarket.pl\/#\/schema\/logo\/image\/\"}}]}<\/script>\n<!-- \/ Yoast SEO plugin. -->","yoast_head_json":{"title":"WA\u0141EK MALARSKI ZAPAS Z\u0141OTA NIC MINI 10 CM 10 SZT - BOBIMARKET.pl - Remontuj i urz\u0105dzaj z nami","robots":{"index":"index","follow":"follow","max-snippet":"max-snippet:-1","max-image-preview":"max-image-preview:large","max-video-preview":"max-video-preview:-1"},"canonical":"https:\/\/bobimarket.pl\/index.php\/produkt\/walek-malarski-zapas-zlota-nic-mini-10-cm-10-szt\/","og_locale":"pl_PL","og_type":"article","og_title":"WA\u0141EK MALARSKI ZAPAS Z\u0141OTA NIC MINI 10 CM 10 SZT - BOBIMARKET.pl - Remontuj i urz\u0105dzaj z nami","og_description":"WA\u0141EK MALARSKI ZAPAS Z\u0141OTA NIC GIRPAINT MINI 10 CM 10 SZT Dane techniczne: D\u0142ugo\u015b\u0107 wa\u0142ka: 10cm Wysoko\u015b\u0107 runa: 12mm \u015arednica wa\u0142ka: 18mm Zapas przystosowany do r\u0105czek o \u015brednicy drutu \u03a6 6 mm. Zestaw zawiera 10szt wa\u0142ka!! Wa\u0142ek GIRPAINT Z\u0141OTA NI\u0106 r\u00f3wnomiernie rozprowadza farb\u0119 na malowanych powierzchniach. Struktura wk\u0142adu doskonale wch\u0142ania farb\u0119, dlatego wa\u0142ek umo\u017cliwia przeprowadzenie     Czytaj wi\u0119cej \"WA\u0141EK MALARSKI ZAPAS Z\u0141OTA NIC MINI 10 CM 10 SZT\"","og_url":"https:\/\/bobimarket.pl\/index.php\/produkt\/walek-malarski-zapas-zlota-nic-mini-10-cm-10-szt\/","og_site_name":"BOBIMARKET.pl - Remontuj i urz\u0105dzaj z nami","article_modified_time":"2026-04-27T14:51:34+00:00","og_image":[{"url":"https:\/\/upload.cdn.baselinker.com\/products\/14476\/08df1d46b6303c8929201642dd3f0152.jpg"}],"twitter_card":"summary_large_image","schema":{"@context":"https:\/\/schema.org","@graph":[{"@type":"WebPage","@id":"https:\/\/bobimarket.pl\/index.php\/produkt\/walek-malarski-zapas-zlota-nic-mini-10-cm-10-szt\/","url":"https:\/\/bobimarket.pl\/index.php\/produkt\/walek-malarski-zapas-zlota-nic-mini-10-cm-10-szt\/","name":"WA\u0141EK MALARSKI ZAPAS Z\u0141OTA NIC MINI 10 CM 10 SZT - BOBIMARKET.pl - Remontuj i urz\u0105dzaj z nami","isPartOf":{"@id":"https:\/\/bobimarket.pl\/#website"},"datePublished":"2023-08-29T22:34:20+00:00","dateModified":"2026-04-27T14:51:34+00:00","breadcrumb":{"@id":"https:\/\/bobimarket.pl\/index.php\/produkt\/walek-malarski-zapas-zlota-nic-mini-10-cm-10-szt\/#breadcrumb"},"inLanguage":"pl-PL","potentialAction":[{"@type":"ReadAction","target":["https:\/\/bobimarket.pl\/index.php\/produkt\/walek-malarski-zapas-zlota-nic-mini-10-cm-10-szt\/"]}]},{"@type":"BreadcrumbList","@id":"https:\/\/bobimarket.pl\/index.php\/produkt\/walek-malarski-zapas-zlota-nic-mini-10-cm-10-szt\/#breadcrumb","itemListElement":[{"@type":"ListItem","position":1,"name":"Strona g\u0142\u00f3wna","item":"https:\/\/bobimarket.pl\/"},{"@type":"ListItem","position":2,"name":"Sklep","item":"https:\/\/bobimarket.pl\/index.php\/shop\/"},{"@type":"ListItem","position":3,"name":"WA\u0141EK MALARSKI ZAPAS Z\u0141OTA NIC MINI 10 CM 10 SZT"}]},{"@type":"WebSite","@id":"https:\/\/bobimarket.pl\/#website","url":"https:\/\/bobimarket.pl\/","name":"BOBIMARKET.pl - Remontuj i urz\u0105dzaj z nami","description":"Remontuj i urz\u0105dzaj z nami","publisher":{"@id":"https:\/\/bobimarket.pl\/#organization"},"potentialAction":[{"@type":"SearchAction","target":{"@type":"EntryPoint","urlTemplate":"https:\/\/bobimarket.pl\/?s={search_term_string}"},"query-input":"required name=search_term_string"}],"inLanguage":"pl-PL"},{"@type":"Organization","@id":"https:\/\/bobimarket.pl\/#organization","name":"BOBIMARKET.pl","url":"https:\/\/bobimarket.pl\/","logo":{"@type":"ImageObject","inLanguage":"pl-PL","@id":"https:\/\/bobimarket.pl\/#\/schema\/logo\/image\/","url":"https:\/\/bobimarket.pl\/wp-content\/uploads\/2021\/11\/slogan.png","contentUrl":"https:\/\/bobimarket.pl\/wp-content\/uploads\/2021\/11\/slogan.png","width":2000,"height":384,"caption":"BOBIMARKET.pl"},"image":{"@id":"https:\/\/bobimarket.pl\/#\/schema\/logo\/image\/"}}]}},"_links":{"self":[{"href":"https:\/\/bobimarket.pl\/index.php\/wp-json\/wp\/v2\/product\/85510"}],"collection":[{"href":"https:\/\/bobimarket.pl\/index.php\/wp-json\/wp\/v2\/product"}],"about":[{"href":"https:\/\/bobimarket.pl\/index.php\/wp-json\/wp\/v2\/types\/product"}],"wp:featuredmedia":[{"embeddable":true,"href":"https:\/\/bobimarket.pl\/index.php\/wp-json\/wp\/v2\/media\/85507"}],"wp:attachment":[{"href":"https:\/\/bobimarket.pl\/index.php\/wp-json\/wp\/v2\/media?parent=85510"}],"wp:term":[{"taxonomy":"product_cat","embeddable":true,"href":"https:\/\/bobimarket.pl\/index.php\/wp-json\/wp\/v2\/product_cat?post=85510"},{"taxonomy":"product_tag","embeddable":true,"href":"https:\/\/bobimarket.pl\/index.php\/wp-json\/wp\/v2\/product_tag?post=85510"}],"curies":[{"name":"wp","href":"https:\/\/api.w.org\/{rel}","templated":true}]}}