{"id":85524,"date":"2023-08-29T22:35:44","date_gmt":"2023-08-29T22:35:44","guid":{"rendered":"https:\/\/bobimarket.pl\/index.php\/produkt\/lom-do-wyciagania-gwozdzi-brecha-300mm-x14mm-mocna\/"},"modified":"2025-02-27T14:34:38","modified_gmt":"2025-02-27T14:34:38","slug":"lom-do-wyciagania-gwozdzi-brecha-300mm-x14mm-mocna","status":"publish","type":"product","link":"https:\/\/bobimarket.pl\/index.php\/produkt\/lom-do-wyciagania-gwozdzi-brecha-300mm-x14mm-mocna\/","title":{"rendered":"\u0141OM DO WYCI\u0104GANIA GWO\u0179DZI BRECHA 300mm x14mm MOCNA"},"content":{"rendered":"<section class=\"section\">\n<div class=\"item item-6\">\n<section class=\"image-item\">\n                <img decoding=\"async\" src=\"https:\/\/upload.cdn.baselinker.com\/products\/14476\/f8a69952ab050333557e40ca763fc261.jpg\" \/><br \/>\n            <\/section>\n<\/p><\/div>\n<div class=\"item item-6\">\n<section class=\"text-item\">\n<h2>\u0141OM DO WYCI\u0104GANIA GWO\u0179DZI BRECHA 300mm x14mm MOCNA<\/h2>\n<p><b>DANE TECHNICZNE:<\/b><\/p>\n<ul>\n<li>D\u0142ugo\u015b\u0107 :<b> +\/- 300mm<\/b><\/li>\n<li>\u015arednica: <b>14mm<\/b><\/li>\n<li>Materia\u0142: Pr\u0119t stalowy<\/li>\n<li>uchwyt: Tworzywo<\/li>\n<\/ul>\n<\/section><\/div>\n<\/section>\n<section class=\"section\">\n<div class=\"item item-6\">\n<section class=\"image-item\">\n                <img decoding=\"async\" src=\"https:\/\/upload.cdn.baselinker.com\/products\/14476\/320797ff084ef9583b11ce5aaace8fbd.jpg\" \/><br \/>\n            <\/section>\n<\/p><\/div>\n<div class=\"item item-6\">\n<section class=\"text-item\">\n<p>Kr\u00f3tki \u0142om budowlany malowany proszkowo z wygi\u0119t\u0105 pod k\u0105tem 90 stopni \u0142apk\u0105 s\u0142u\u017caca do wyci\u0105gania gwo\u017adzi.<\/p>\n<p>Nieodzowne narz\u0119dzie podczas prac remontowych oraz wszelkiego rodzaju rozbi\u00f3rkach.<\/p>\n<\/section><\/div>\n<\/section>\n<section class=\"section\">\n<div class=\"item item-12\">\n<section class=\"image-item\">\n                <img decoding=\"async\" src=\"https:\/\/upload.cdn.baselinker.com\/products\/14476\/12850290b4034464e6954bf29291181e.jpg\" \/><br \/>\n            <\/section>\n<\/p><\/div>\n<\/section>\n<section class=\"section\">\n<div class=\"item item-12\">\n<section class=\"image-item\">\n                <img decoding=\"async\" src=\"https:\/\/upload.cdn.baselinker.com\/products\/14476\/9b866f8d1fb725f885240ee30c79b176.jpg\" \/><br \/>\n            <\/section>\n<\/p><\/div>\n<\/section>\n","protected":false},"excerpt":{"rendered":"<p>\u0141OM DO WYCI\u0104GANIA GWO\u0179DZI BRECHA 300mm x14mm MOCNA DANE TECHNICZNE: D\u0142ugo\u015b\u0107 : +\/- 300mm \u015arednica: 14mm Materia\u0142: Pr\u0119t stalowy uchwyt: Tworzywo Kr\u00f3tki \u0142om budowlany malowany proszkowo z wygi\u0119t\u0105 pod k\u0105tem 90 stopni \u0142apk\u0105 s\u0142u\u017caca do wyci\u0105gania gwo\u017adzi. Nieodzowne narz\u0119dzie podczas prac remontowych oraz wszelkiego rodzaju rozbi\u00f3rkach.<\/p>\n","protected":false},"featured_media":85520,"template":"","meta":[],"product_cat":[8211],"product_tag":[],"yoast_head":"<!-- This site is optimized with the Yoast SEO plugin v21.0 - https:\/\/yoast.com\/wordpress\/plugins\/seo\/ -->\n<title>\u0141OM DO WYCI\u0104GANIA GWO\u0179DZI BRECHA 300mm x14mm MOCNA - BOBIMARKET.pl - Remontuj i urz\u0105dzaj z nami<\/title>\n<meta name=\"robots\" content=\"index, follow, max-snippet:-1, max-image-preview:large, max-video-preview:-1\" \/>\n<link rel=\"canonical\" href=\"https:\/\/bobimarket.pl\/index.php\/produkt\/lom-do-wyciagania-gwozdzi-brecha-300mm-x14mm-mocna\/\" \/>\n<meta property=\"og:locale\" content=\"pl_PL\" \/>\n<meta property=\"og:type\" content=\"article\" \/>\n<meta property=\"og:title\" content=\"\u0141OM DO WYCI\u0104GANIA GWO\u0179DZI BRECHA 300mm x14mm MOCNA - BOBIMARKET.pl - Remontuj i urz\u0105dzaj z nami\" \/>\n<meta property=\"og:description\" content=\"\u0141OM DO WYCI\u0104GANIA GWO\u0179DZI BRECHA 300mm x14mm MOCNA DANE TECHNICZNE: D\u0142ugo\u015b\u0107 : +\/- 300mm \u015arednica: 14mm Materia\u0142: Pr\u0119t stalowy uchwyt: Tworzywo Kr\u00f3tki \u0142om budowlany malowany proszkowo z wygi\u0119t\u0105 pod k\u0105tem 90 stopni \u0142apk\u0105 s\u0142u\u017caca do wyci\u0105gania gwo\u017adzi. Nieodzowne narz\u0119dzie podczas prac remontowych oraz wszelkiego rodzaju rozbi\u00f3rkach.\" \/>\n<meta property=\"og:url\" content=\"https:\/\/bobimarket.pl\/index.php\/produkt\/lom-do-wyciagania-gwozdzi-brecha-300mm-x14mm-mocna\/\" \/>\n<meta property=\"og:site_name\" content=\"BOBIMARKET.pl - Remontuj i urz\u0105dzaj z nami\" \/>\n<meta property=\"article:modified_time\" content=\"2025-02-27T14:34:38+00:00\" \/>\n<meta property=\"og:image\" content=\"https:\/\/upload.cdn.baselinker.com\/products\/14476\/f8a69952ab050333557e40ca763fc261.jpg\" \/>\n<meta name=\"twitter:card\" content=\"summary_large_image\" \/>\n<script type=\"application\/ld+json\" class=\"yoast-schema-graph\">{\"@context\":\"https:\/\/schema.org\",\"@graph\":[{\"@type\":\"WebPage\",\"@id\":\"https:\/\/bobimarket.pl\/index.php\/produkt\/lom-do-wyciagania-gwozdzi-brecha-300mm-x14mm-mocna\/\",\"url\":\"https:\/\/bobimarket.pl\/index.php\/produkt\/lom-do-wyciagania-gwozdzi-brecha-300mm-x14mm-mocna\/\",\"name\":\"\u0141OM DO WYCI\u0104GANIA GWO\u0179DZI BRECHA 300mm x14mm MOCNA - BOBIMARKET.pl - Remontuj i urz\u0105dzaj z nami\",\"isPartOf\":{\"@id\":\"https:\/\/bobimarket.pl\/#website\"},\"datePublished\":\"2023-08-29T22:35:44+00:00\",\"dateModified\":\"2025-02-27T14:34:38+00:00\",\"breadcrumb\":{\"@id\":\"https:\/\/bobimarket.pl\/index.php\/produkt\/lom-do-wyciagania-gwozdzi-brecha-300mm-x14mm-mocna\/#breadcrumb\"},\"inLanguage\":\"pl-PL\",\"potentialAction\":[{\"@type\":\"ReadAction\",\"target\":[\"https:\/\/bobimarket.pl\/index.php\/produkt\/lom-do-wyciagania-gwozdzi-brecha-300mm-x14mm-mocna\/\"]}]},{\"@type\":\"BreadcrumbList\",\"@id\":\"https:\/\/bobimarket.pl\/index.php\/produkt\/lom-do-wyciagania-gwozdzi-brecha-300mm-x14mm-mocna\/#breadcrumb\",\"itemListElement\":[{\"@type\":\"ListItem\",\"position\":1,\"name\":\"Strona g\u0142\u00f3wna\",\"item\":\"https:\/\/bobimarket.pl\/\"},{\"@type\":\"ListItem\",\"position\":2,\"name\":\"Sklep\",\"item\":\"https:\/\/bobimarket.pl\/index.php\/shop\/\"},{\"@type\":\"ListItem\",\"position\":3,\"name\":\"\u0141OM DO WYCI\u0104GANIA GWO\u0179DZI BRECHA 300mm x14mm MOCNA\"}]},{\"@type\":\"WebSite\",\"@id\":\"https:\/\/bobimarket.pl\/#website\",\"url\":\"https:\/\/bobimarket.pl\/\",\"name\":\"BOBIMARKET.pl - Remontuj i urz\u0105dzaj z nami\",\"description\":\"Remontuj i urz\u0105dzaj z nami\",\"publisher\":{\"@id\":\"https:\/\/bobimarket.pl\/#organization\"},\"potentialAction\":[{\"@type\":\"SearchAction\",\"target\":{\"@type\":\"EntryPoint\",\"urlTemplate\":\"https:\/\/bobimarket.pl\/?s={search_term_string}\"},\"query-input\":\"required name=search_term_string\"}],\"inLanguage\":\"pl-PL\"},{\"@type\":\"Organization\",\"@id\":\"https:\/\/bobimarket.pl\/#organization\",\"name\":\"BOBIMARKET.pl\",\"url\":\"https:\/\/bobimarket.pl\/\",\"logo\":{\"@type\":\"ImageObject\",\"inLanguage\":\"pl-PL\",\"@id\":\"https:\/\/bobimarket.pl\/#\/schema\/logo\/image\/\",\"url\":\"https:\/\/bobimarket.pl\/wp-content\/uploads\/2021\/11\/slogan.png\",\"contentUrl\":\"https:\/\/bobimarket.pl\/wp-content\/uploads\/2021\/11\/slogan.png\",\"width\":2000,\"height\":384,\"caption\":\"BOBIMARKET.pl\"},\"image\":{\"@id\":\"https:\/\/bobimarket.pl\/#\/schema\/logo\/image\/\"}}]}<\/script>\n<!-- \/ Yoast SEO plugin. -->","yoast_head_json":{"title":"\u0141OM DO WYCI\u0104GANIA GWO\u0179DZI BRECHA 300mm x14mm MOCNA - BOBIMARKET.pl - Remontuj i urz\u0105dzaj z nami","robots":{"index":"index","follow":"follow","max-snippet":"max-snippet:-1","max-image-preview":"max-image-preview:large","max-video-preview":"max-video-preview:-1"},"canonical":"https:\/\/bobimarket.pl\/index.php\/produkt\/lom-do-wyciagania-gwozdzi-brecha-300mm-x14mm-mocna\/","og_locale":"pl_PL","og_type":"article","og_title":"\u0141OM DO WYCI\u0104GANIA GWO\u0179DZI BRECHA 300mm x14mm MOCNA - BOBIMARKET.pl - Remontuj i urz\u0105dzaj z nami","og_description":"\u0141OM DO WYCI\u0104GANIA GWO\u0179DZI BRECHA 300mm x14mm MOCNA DANE TECHNICZNE: D\u0142ugo\u015b\u0107 : +\/- 300mm \u015arednica: 14mm Materia\u0142: Pr\u0119t stalowy uchwyt: Tworzywo Kr\u00f3tki \u0142om budowlany malowany proszkowo z wygi\u0119t\u0105 pod k\u0105tem 90 stopni \u0142apk\u0105 s\u0142u\u017caca do wyci\u0105gania gwo\u017adzi. Nieodzowne narz\u0119dzie podczas prac remontowych oraz wszelkiego rodzaju rozbi\u00f3rkach.","og_url":"https:\/\/bobimarket.pl\/index.php\/produkt\/lom-do-wyciagania-gwozdzi-brecha-300mm-x14mm-mocna\/","og_site_name":"BOBIMARKET.pl - Remontuj i urz\u0105dzaj z nami","article_modified_time":"2025-02-27T14:34:38+00:00","og_image":[{"url":"https:\/\/upload.cdn.baselinker.com\/products\/14476\/f8a69952ab050333557e40ca763fc261.jpg"}],"twitter_card":"summary_large_image","schema":{"@context":"https:\/\/schema.org","@graph":[{"@type":"WebPage","@id":"https:\/\/bobimarket.pl\/index.php\/produkt\/lom-do-wyciagania-gwozdzi-brecha-300mm-x14mm-mocna\/","url":"https:\/\/bobimarket.pl\/index.php\/produkt\/lom-do-wyciagania-gwozdzi-brecha-300mm-x14mm-mocna\/","name":"\u0141OM DO WYCI\u0104GANIA GWO\u0179DZI BRECHA 300mm x14mm MOCNA - BOBIMARKET.pl - Remontuj i urz\u0105dzaj z nami","isPartOf":{"@id":"https:\/\/bobimarket.pl\/#website"},"datePublished":"2023-08-29T22:35:44+00:00","dateModified":"2025-02-27T14:34:38+00:00","breadcrumb":{"@id":"https:\/\/bobimarket.pl\/index.php\/produkt\/lom-do-wyciagania-gwozdzi-brecha-300mm-x14mm-mocna\/#breadcrumb"},"inLanguage":"pl-PL","potentialAction":[{"@type":"ReadAction","target":["https:\/\/bobimarket.pl\/index.php\/produkt\/lom-do-wyciagania-gwozdzi-brecha-300mm-x14mm-mocna\/"]}]},{"@type":"BreadcrumbList","@id":"https:\/\/bobimarket.pl\/index.php\/produkt\/lom-do-wyciagania-gwozdzi-brecha-300mm-x14mm-mocna\/#breadcrumb","itemListElement":[{"@type":"ListItem","position":1,"name":"Strona g\u0142\u00f3wna","item":"https:\/\/bobimarket.pl\/"},{"@type":"ListItem","position":2,"name":"Sklep","item":"https:\/\/bobimarket.pl\/index.php\/shop\/"},{"@type":"ListItem","position":3,"name":"\u0141OM DO WYCI\u0104GANIA GWO\u0179DZI BRECHA 300mm x14mm MOCNA"}]},{"@type":"WebSite","@id":"https:\/\/bobimarket.pl\/#website","url":"https:\/\/bobimarket.pl\/","name":"BOBIMARKET.pl - Remontuj i urz\u0105dzaj z nami","description":"Remontuj i urz\u0105dzaj z nami","publisher":{"@id":"https:\/\/bobimarket.pl\/#organization"},"potentialAction":[{"@type":"SearchAction","target":{"@type":"EntryPoint","urlTemplate":"https:\/\/bobimarket.pl\/?s={search_term_string}"},"query-input":"required name=search_term_string"}],"inLanguage":"pl-PL"},{"@type":"Organization","@id":"https:\/\/bobimarket.pl\/#organization","name":"BOBIMARKET.pl","url":"https:\/\/bobimarket.pl\/","logo":{"@type":"ImageObject","inLanguage":"pl-PL","@id":"https:\/\/bobimarket.pl\/#\/schema\/logo\/image\/","url":"https:\/\/bobimarket.pl\/wp-content\/uploads\/2021\/11\/slogan.png","contentUrl":"https:\/\/bobimarket.pl\/wp-content\/uploads\/2021\/11\/slogan.png","width":2000,"height":384,"caption":"BOBIMARKET.pl"},"image":{"@id":"https:\/\/bobimarket.pl\/#\/schema\/logo\/image\/"}}]}},"_links":{"self":[{"href":"https:\/\/bobimarket.pl\/index.php\/wp-json\/wp\/v2\/product\/85524"}],"collection":[{"href":"https:\/\/bobimarket.pl\/index.php\/wp-json\/wp\/v2\/product"}],"about":[{"href":"https:\/\/bobimarket.pl\/index.php\/wp-json\/wp\/v2\/types\/product"}],"wp:featuredmedia":[{"embeddable":true,"href":"https:\/\/bobimarket.pl\/index.php\/wp-json\/wp\/v2\/media\/85520"}],"wp:attachment":[{"href":"https:\/\/bobimarket.pl\/index.php\/wp-json\/wp\/v2\/media?parent=85524"}],"wp:term":[{"taxonomy":"product_cat","embeddable":true,"href":"https:\/\/bobimarket.pl\/index.php\/wp-json\/wp\/v2\/product_cat?post=85524"},{"taxonomy":"product_tag","embeddable":true,"href":"https:\/\/bobimarket.pl\/index.php\/wp-json\/wp\/v2\/product_tag?post=85524"}],"curies":[{"name":"wp","href":"https:\/\/api.w.org\/{rel}","templated":true}]}}