{"id":85529,"date":"2023-08-29T22:36:18","date_gmt":"2023-08-29T22:36:18","guid":{"rendered":"https:\/\/bobimarket.pl\/index.php\/produkt\/pistolet-do-pianki-montazowej-czyscik-zmywacz\/"},"modified":"2025-02-27T14:34:42","modified_gmt":"2025-02-27T14:34:42","slug":"pistolet-do-pianki-montazowej-czyscik-zmywacz","status":"publish","type":"product","link":"https:\/\/bobimarket.pl\/index.php\/produkt\/pistolet-do-pianki-montazowej-czyscik-zmywacz\/","title":{"rendered":"PISTOLET DO PIANKI MONTA\u017bOWEJ+ CZY\u015aCIK ZMYWACZ"},"content":{"rendered":"<section class=\"section\">\n<div class=\"item item-12\">\n<section class=\"text-item\">\n<h2>PISTOLET DO PIANKI MONTA\u017bOWEJ METALOWY+ CZY\u015aCIK ZMYWACZ 500ML<\/h2>\n<p><b>Dane techniczne:<\/b><\/p>\n<ul>\n<li>Materia\u0142: <b>Stal<\/b><\/li>\n<li>Uchwyt : Tworzywo<\/li>\n<li>Dysza: <b>M\u0105si\u0105dz<\/b><\/li>\n<li>Regulacja strumienia piany<\/li>\n<li>Przeznaczony do nak\u0142adania pianki jednosk\u0142adnikowej<\/li>\n<li><b>WYSOKA JAKO\u015a\u0106!!<\/b><\/li>\n<li>W zestawie zatyczka +pude\u0142ko<\/li>\n<\/ul>\n<h2>\u00a0+ CZY\u015aCIK ZMYWACZ DO PIANY<\/h2>\n<ul>\n<li>Pojemno\u015b\u0107: <b>500ml<\/b><\/li>\n<li>Usuwa nieutwardzone piany i kleje<\/li>\n<li>Czy\u015bci pistolety i zawory<\/li>\n<li>Odt\u0142uszcza powierzchnie<\/li>\n<\/ul>\n<\/section><\/div>\n<\/section>\n<section class=\"section\">\n<div class=\"item item-12\">\n<section class=\"image-item\">\n            <img decoding=\"async\" src=\"https:\/\/upload.cdn.baselinker.com\/products\/14476\/b7e606a3cb7c32236d6d02ac09791c09.jpg\" \/><br \/>\n        <\/section>\n<\/p><\/div>\n<\/section>\n<section class=\"section\">\n<div class=\"item item-12\">\n<section class=\"text-item\">\n<p>Pistolet do piany monta\u017cowej przeznaczony jest do nak\u0142adania pianki jednosk\u0142adnikowej dost\u0119pnej w pojemnikach ci\u015bnieniowych.<\/p>\n<p>\u2705 Wielofunkcyjny \u015brodek do usuwania nieutwardzonych pian i klej\u00f3w poliuretanowych.<\/p>\n<p>\u2705 Czy\u015bci zawory w pojemnikach i pistoletach dozuj\u0105cych.<\/p>\n<p>\u2705 Odt\u0142uszcza powierzchnie. Spos\u00f3b u\u017cycia\u00a0 znajduj\u0119 sie na etykiecie<\/p>\n<\/p>\n<\/section><\/div>\n<\/section>\n<section class=\"section\">\n<div class=\"item item-12\">\n<section class=\"image-item\">\n            <img decoding=\"async\" src=\"https:\/\/upload.cdn.baselinker.com\/products\/14476\/c3e09183bd56bade5da0102a6642c7af.jpg\" \/><br \/>\n        <\/section>\n<\/p><\/div>\n<\/section>\n<section class=\"section\">\n<div class=\"item item-12\">\n<section class=\"text-item\">\n<p>\u2705S\u0142u\u017cy do wykonywania takich prac jak:<\/p>\n<ul>\n<li>uszczelnianie<\/li>\n<li>izolacja<\/li>\n<li>monta\u017c okien i drzwi<\/li>\n<li>wype\u0142nianie szczelin<\/li>\n<\/ul>\n<\/section><\/div>\n<\/section>\n<section class=\"section\">\n<div class=\"item item-12\">\n<section class=\"image-item\">\n            <img decoding=\"async\" src=\"https:\/\/upload.cdn.baselinker.com\/products\/14476\/06003be130721a7ab872d4b80ea9e127.jpg\" \/><br \/>\n        <\/section>\n<\/p><\/div>\n<\/section>\n<section class=\"section\">\n<div class=\"item item-12\">\n<section class=\"image-item\">\n            <img decoding=\"async\" src=\"https:\/\/upload.cdn.baselinker.com\/products\/14476\/ec5bf02f516767d9563f6c60759899c2.jpg\" \/><br \/>\n        <\/section>\n<\/p><\/div>\n<\/section>\n<section class=\"section\">\n<div class=\"item item-12\">\n<section class=\"image-item\">\n            <img decoding=\"async\" src=\"https:\/\/upload.cdn.baselinker.com\/products\/14476\/b7e606a3cb7c32236d6d02ac09791c09.jpg\" \/><br \/>\n        <\/section>\n<\/p><\/div>\n<\/section>\n","protected":false},"excerpt":{"rendered":"<p>PISTOLET DO PIANKI MONTA\u017bOWEJ METALOWY+ CZY\u015aCIK ZMYWACZ 500ML Dane techniczne: Materia\u0142: Stal Uchwyt : Tworzywo Dysza: M\u0105si\u0105dz Regulacja strumienia piany Przeznaczony do nak\u0142adania pianki jednosk\u0142adnikowej WYSOKA JAKO\u015a\u0106!! W zestawie zatyczka +pude\u0142ko \u00a0+ CZY\u015aCIK ZMYWACZ DO PIANY Pojemno\u015b\u0107: 500ml Usuwa nieutwardzone piany i kleje Czy\u015bci pistolety i zawory Odt\u0142uszcza powierzchnie Pistolet do piany monta\u017cowej przeznaczony jest<br \/><a class=\"more-link\" href=\"https:\/\/bobimarket.pl\/index.php\/produkt\/pistolet-do-pianki-montazowej-czyscik-zmywacz\/\"><br \/>\n        Czytaj wi\u0119cej<span class=\"screen-reader-text\"> &#8222;PISTOLET DO PIANKI MONTA\u017bOWEJ+ CZY\u015aCIK ZMYWACZ&#8221;<\/span><\/a><\/p>\n","protected":false},"featured_media":85525,"template":"","meta":[],"product_cat":[8299],"product_tag":[],"yoast_head":"<!-- This site is optimized with the Yoast SEO plugin v21.0 - https:\/\/yoast.com\/wordpress\/plugins\/seo\/ -->\n<title>PISTOLET DO PIANKI MONTA\u017bOWEJ+ CZY\u015aCIK ZMYWACZ - BOBIMARKET.pl - Remontuj i urz\u0105dzaj z nami<\/title>\n<meta name=\"robots\" content=\"index, follow, max-snippet:-1, max-image-preview:large, max-video-preview:-1\" \/>\n<link rel=\"canonical\" href=\"https:\/\/bobimarket.pl\/index.php\/produkt\/pistolet-do-pianki-montazowej-czyscik-zmywacz\/\" \/>\n<meta property=\"og:locale\" content=\"pl_PL\" \/>\n<meta property=\"og:type\" content=\"article\" \/>\n<meta property=\"og:title\" content=\"PISTOLET DO PIANKI MONTA\u017bOWEJ+ CZY\u015aCIK ZMYWACZ - BOBIMARKET.pl - Remontuj i urz\u0105dzaj z nami\" \/>\n<meta property=\"og:description\" content=\"PISTOLET DO PIANKI MONTA\u017bOWEJ METALOWY+ CZY\u015aCIK ZMYWACZ 500ML Dane techniczne: Materia\u0142: Stal Uchwyt : Tworzywo Dysza: M\u0105si\u0105dz Regulacja strumienia piany Przeznaczony do nak\u0142adania pianki jednosk\u0142adnikowej WYSOKA JAKO\u015a\u0106!! W zestawie zatyczka +pude\u0142ko \u00a0+ CZY\u015aCIK ZMYWACZ DO PIANY Pojemno\u015b\u0107: 500ml Usuwa nieutwardzone piany i kleje Czy\u015bci pistolety i zawory Odt\u0142uszcza powierzchnie Pistolet do piany monta\u017cowej przeznaczony jest     Czytaj wi\u0119cej &quot;PISTOLET DO PIANKI MONTA\u017bOWEJ+ CZY\u015aCIK ZMYWACZ&quot;\" \/>\n<meta property=\"og:url\" content=\"https:\/\/bobimarket.pl\/index.php\/produkt\/pistolet-do-pianki-montazowej-czyscik-zmywacz\/\" \/>\n<meta property=\"og:site_name\" content=\"BOBIMARKET.pl - Remontuj i urz\u0105dzaj z nami\" \/>\n<meta property=\"article:modified_time\" content=\"2025-02-27T14:34:42+00:00\" \/>\n<meta property=\"og:image\" content=\"https:\/\/upload.cdn.baselinker.com\/products\/14476\/b7e606a3cb7c32236d6d02ac09791c09.jpg\" \/>\n<meta name=\"twitter:card\" content=\"summary_large_image\" \/>\n<meta name=\"twitter:label1\" content=\"Szacowany czas czytania\" \/>\n\t<meta name=\"twitter:data1\" content=\"1 minuta\" \/>\n<script type=\"application\/ld+json\" class=\"yoast-schema-graph\">{\"@context\":\"https:\/\/schema.org\",\"@graph\":[{\"@type\":\"WebPage\",\"@id\":\"https:\/\/bobimarket.pl\/index.php\/produkt\/pistolet-do-pianki-montazowej-czyscik-zmywacz\/\",\"url\":\"https:\/\/bobimarket.pl\/index.php\/produkt\/pistolet-do-pianki-montazowej-czyscik-zmywacz\/\",\"name\":\"PISTOLET DO PIANKI MONTA\u017bOWEJ+ CZY\u015aCIK ZMYWACZ - BOBIMARKET.pl - Remontuj i urz\u0105dzaj z nami\",\"isPartOf\":{\"@id\":\"https:\/\/bobimarket.pl\/#website\"},\"datePublished\":\"2023-08-29T22:36:18+00:00\",\"dateModified\":\"2025-02-27T14:34:42+00:00\",\"breadcrumb\":{\"@id\":\"https:\/\/bobimarket.pl\/index.php\/produkt\/pistolet-do-pianki-montazowej-czyscik-zmywacz\/#breadcrumb\"},\"inLanguage\":\"pl-PL\",\"potentialAction\":[{\"@type\":\"ReadAction\",\"target\":[\"https:\/\/bobimarket.pl\/index.php\/produkt\/pistolet-do-pianki-montazowej-czyscik-zmywacz\/\"]}]},{\"@type\":\"BreadcrumbList\",\"@id\":\"https:\/\/bobimarket.pl\/index.php\/produkt\/pistolet-do-pianki-montazowej-czyscik-zmywacz\/#breadcrumb\",\"itemListElement\":[{\"@type\":\"ListItem\",\"position\":1,\"name\":\"Strona g\u0142\u00f3wna\",\"item\":\"https:\/\/bobimarket.pl\/\"},{\"@type\":\"ListItem\",\"position\":2,\"name\":\"Sklep\",\"item\":\"https:\/\/bobimarket.pl\/index.php\/shop\/\"},{\"@type\":\"ListItem\",\"position\":3,\"name\":\"PISTOLET DO PIANKI MONTA\u017bOWEJ+ CZY\u015aCIK ZMYWACZ\"}]},{\"@type\":\"WebSite\",\"@id\":\"https:\/\/bobimarket.pl\/#website\",\"url\":\"https:\/\/bobimarket.pl\/\",\"name\":\"BOBIMARKET.pl - Remontuj i urz\u0105dzaj z nami\",\"description\":\"Remontuj i urz\u0105dzaj z nami\",\"publisher\":{\"@id\":\"https:\/\/bobimarket.pl\/#organization\"},\"potentialAction\":[{\"@type\":\"SearchAction\",\"target\":{\"@type\":\"EntryPoint\",\"urlTemplate\":\"https:\/\/bobimarket.pl\/?s={search_term_string}\"},\"query-input\":\"required name=search_term_string\"}],\"inLanguage\":\"pl-PL\"},{\"@type\":\"Organization\",\"@id\":\"https:\/\/bobimarket.pl\/#organization\",\"name\":\"BOBIMARKET.pl\",\"url\":\"https:\/\/bobimarket.pl\/\",\"logo\":{\"@type\":\"ImageObject\",\"inLanguage\":\"pl-PL\",\"@id\":\"https:\/\/bobimarket.pl\/#\/schema\/logo\/image\/\",\"url\":\"https:\/\/bobimarket.pl\/wp-content\/uploads\/2021\/11\/slogan.png\",\"contentUrl\":\"https:\/\/bobimarket.pl\/wp-content\/uploads\/2021\/11\/slogan.png\",\"width\":2000,\"height\":384,\"caption\":\"BOBIMARKET.pl\"},\"image\":{\"@id\":\"https:\/\/bobimarket.pl\/#\/schema\/logo\/image\/\"}}]}<\/script>\n<!-- \/ Yoast SEO plugin. -->","yoast_head_json":{"title":"PISTOLET DO PIANKI MONTA\u017bOWEJ+ CZY\u015aCIK ZMYWACZ - BOBIMARKET.pl - Remontuj i urz\u0105dzaj z nami","robots":{"index":"index","follow":"follow","max-snippet":"max-snippet:-1","max-image-preview":"max-image-preview:large","max-video-preview":"max-video-preview:-1"},"canonical":"https:\/\/bobimarket.pl\/index.php\/produkt\/pistolet-do-pianki-montazowej-czyscik-zmywacz\/","og_locale":"pl_PL","og_type":"article","og_title":"PISTOLET DO PIANKI MONTA\u017bOWEJ+ CZY\u015aCIK ZMYWACZ - BOBIMARKET.pl - Remontuj i urz\u0105dzaj z nami","og_description":"PISTOLET DO PIANKI MONTA\u017bOWEJ METALOWY+ CZY\u015aCIK ZMYWACZ 500ML Dane techniczne: Materia\u0142: Stal Uchwyt : Tworzywo Dysza: M\u0105si\u0105dz Regulacja strumienia piany Przeznaczony do nak\u0142adania pianki jednosk\u0142adnikowej WYSOKA JAKO\u015a\u0106!! W zestawie zatyczka +pude\u0142ko \u00a0+ CZY\u015aCIK ZMYWACZ DO PIANY Pojemno\u015b\u0107: 500ml Usuwa nieutwardzone piany i kleje Czy\u015bci pistolety i zawory Odt\u0142uszcza powierzchnie Pistolet do piany monta\u017cowej przeznaczony jest     Czytaj wi\u0119cej \"PISTOLET DO PIANKI MONTA\u017bOWEJ+ CZY\u015aCIK ZMYWACZ\"","og_url":"https:\/\/bobimarket.pl\/index.php\/produkt\/pistolet-do-pianki-montazowej-czyscik-zmywacz\/","og_site_name":"BOBIMARKET.pl - Remontuj i urz\u0105dzaj z nami","article_modified_time":"2025-02-27T14:34:42+00:00","og_image":[{"url":"https:\/\/upload.cdn.baselinker.com\/products\/14476\/b7e606a3cb7c32236d6d02ac09791c09.jpg"}],"twitter_card":"summary_large_image","twitter_misc":{"Szacowany czas czytania":"1 minuta"},"schema":{"@context":"https:\/\/schema.org","@graph":[{"@type":"WebPage","@id":"https:\/\/bobimarket.pl\/index.php\/produkt\/pistolet-do-pianki-montazowej-czyscik-zmywacz\/","url":"https:\/\/bobimarket.pl\/index.php\/produkt\/pistolet-do-pianki-montazowej-czyscik-zmywacz\/","name":"PISTOLET DO PIANKI MONTA\u017bOWEJ+ CZY\u015aCIK ZMYWACZ - BOBIMARKET.pl - Remontuj i urz\u0105dzaj z nami","isPartOf":{"@id":"https:\/\/bobimarket.pl\/#website"},"datePublished":"2023-08-29T22:36:18+00:00","dateModified":"2025-02-27T14:34:42+00:00","breadcrumb":{"@id":"https:\/\/bobimarket.pl\/index.php\/produkt\/pistolet-do-pianki-montazowej-czyscik-zmywacz\/#breadcrumb"},"inLanguage":"pl-PL","potentialAction":[{"@type":"ReadAction","target":["https:\/\/bobimarket.pl\/index.php\/produkt\/pistolet-do-pianki-montazowej-czyscik-zmywacz\/"]}]},{"@type":"BreadcrumbList","@id":"https:\/\/bobimarket.pl\/index.php\/produkt\/pistolet-do-pianki-montazowej-czyscik-zmywacz\/#breadcrumb","itemListElement":[{"@type":"ListItem","position":1,"name":"Strona g\u0142\u00f3wna","item":"https:\/\/bobimarket.pl\/"},{"@type":"ListItem","position":2,"name":"Sklep","item":"https:\/\/bobimarket.pl\/index.php\/shop\/"},{"@type":"ListItem","position":3,"name":"PISTOLET DO PIANKI MONTA\u017bOWEJ+ CZY\u015aCIK ZMYWACZ"}]},{"@type":"WebSite","@id":"https:\/\/bobimarket.pl\/#website","url":"https:\/\/bobimarket.pl\/","name":"BOBIMARKET.pl - Remontuj i urz\u0105dzaj z nami","description":"Remontuj i urz\u0105dzaj z nami","publisher":{"@id":"https:\/\/bobimarket.pl\/#organization"},"potentialAction":[{"@type":"SearchAction","target":{"@type":"EntryPoint","urlTemplate":"https:\/\/bobimarket.pl\/?s={search_term_string}"},"query-input":"required name=search_term_string"}],"inLanguage":"pl-PL"},{"@type":"Organization","@id":"https:\/\/bobimarket.pl\/#organization","name":"BOBIMARKET.pl","url":"https:\/\/bobimarket.pl\/","logo":{"@type":"ImageObject","inLanguage":"pl-PL","@id":"https:\/\/bobimarket.pl\/#\/schema\/logo\/image\/","url":"https:\/\/bobimarket.pl\/wp-content\/uploads\/2021\/11\/slogan.png","contentUrl":"https:\/\/bobimarket.pl\/wp-content\/uploads\/2021\/11\/slogan.png","width":2000,"height":384,"caption":"BOBIMARKET.pl"},"image":{"@id":"https:\/\/bobimarket.pl\/#\/schema\/logo\/image\/"}}]}},"_links":{"self":[{"href":"https:\/\/bobimarket.pl\/index.php\/wp-json\/wp\/v2\/product\/85529"}],"collection":[{"href":"https:\/\/bobimarket.pl\/index.php\/wp-json\/wp\/v2\/product"}],"about":[{"href":"https:\/\/bobimarket.pl\/index.php\/wp-json\/wp\/v2\/types\/product"}],"wp:featuredmedia":[{"embeddable":true,"href":"https:\/\/bobimarket.pl\/index.php\/wp-json\/wp\/v2\/media\/85525"}],"wp:attachment":[{"href":"https:\/\/bobimarket.pl\/index.php\/wp-json\/wp\/v2\/media?parent=85529"}],"wp:term":[{"taxonomy":"product_cat","embeddable":true,"href":"https:\/\/bobimarket.pl\/index.php\/wp-json\/wp\/v2\/product_cat?post=85529"},{"taxonomy":"product_tag","embeddable":true,"href":"https:\/\/bobimarket.pl\/index.php\/wp-json\/wp\/v2\/product_tag?post=85529"}],"curies":[{"name":"wp","href":"https:\/\/api.w.org\/{rel}","templated":true}]}}