{"id":85544,"date":"2023-08-29T22:37:50","date_gmt":"2023-08-29T22:37:50","guid":{"rendered":"https:\/\/bobimarket.pl\/index.php\/produkt\/trojnik-lacznik-do-laczenia-3-szybkozlaczy-aqua\/"},"modified":"2025-02-27T14:34:49","modified_gmt":"2025-02-27T14:34:49","slug":"trojnik-lacznik-do-laczenia-3-szybkozlaczy-aqua","status":"publish","type":"product","link":"https:\/\/bobimarket.pl\/index.php\/produkt\/trojnik-lacznik-do-laczenia-3-szybkozlaczy-aqua\/","title":{"rendered":"TR\u00d3JNIK \u0141\u0104CZNIK DO \u0141\u0104CZENIA 3 SZYBKOZ\u0141\u0104CZY AQUA"},"content":{"rendered":"<section class=\"section\">\n<div class=\"item item-6\">\n<section class=\"image-item\">\n            <img decoding=\"async\" src=\"https:\/\/upload.cdn.baselinker.com\/products\/14476\/a74a7371b9e0bcf460a1c039f06c513f.jpg\" \/><br \/>\n        <\/section>\n<\/p><\/div>\n<div class=\"item item-6\">\n<section class=\"text-item\">\n<h2>TR\u00d3JNIK \u0141\u0104CZNIK\u00a0 DO \u0141\u0104CZENIA 3 SZYBKOZ\u0141\u0104CZY AQUA<\/h2>\n<p>DANE TECHNICZNE:<\/p>\n<ul>\n<li>Rodzaj: Przy\u0142\u0105cze<\/li>\n<li>Materia\u0142: Tworzywo ABS<\/li>\n<li>Linia produktu: <b>AQUA LINE<\/b><\/li>\n<\/ul>\n<\/section><\/div>\n<\/section>\n<section class=\"section\">\n<div class=\"item item-6\">\n<section class=\"image-item\">\n            <img decoding=\"async\" src=\"https:\/\/upload.cdn.baselinker.com\/products\/14476\/f69fd30e639bb2ff0def55c17d9c32cd.jpg\" \/><br \/>\n        <\/section>\n<\/p><\/div>\n<div class=\"item item-6\">\n<section class=\"text-item\">\n<p>Wysokiej jako\u015bci przy\u0142\u0105cze z seri AQUA LINE. Wykonane z mocnego tworzywa, kt\u00f3re zapewnia d\u0142ugotrwa\u0142e dzia\u0142anie.<\/p>\n<ul>\n<li>Tr\u00f3jnik pozwoli ci na przy\u0142\u0105cze trzech szybkoz\u0142\u0105czek do siebie.<\/li>\n<li>Dzi\u0119ki niemu mo\u017cesz rozbudowa\u0107 sw\u00f3j system nawadniania.<\/li>\n<\/ul>\n<\/section><\/div>\n<\/section>\n<section class=\"section\">\n<div class=\"item item-12\">\n<section class=\"image-item\">\n            <img decoding=\"async\" src=\"https:\/\/upload.cdn.baselinker.com\/products\/14476\/d01b379e2bce1b3c686cc3034d422691.jpg\" \/><br \/>\n        <\/section>\n<\/p><\/div>\n<\/section>\n","protected":false},"excerpt":{"rendered":"<p>TR\u00d3JNIK \u0141\u0104CZNIK\u00a0 DO \u0141\u0104CZENIA 3 SZYBKOZ\u0141\u0104CZY AQUA DANE TECHNICZNE: Rodzaj: Przy\u0142\u0105cze Materia\u0142: Tworzywo ABS Linia produktu: AQUA LINE Wysokiej jako\u015bci przy\u0142\u0105cze z seri AQUA LINE. Wykonane z mocnego tworzywa, kt\u00f3re zapewnia d\u0142ugotrwa\u0142e dzia\u0142anie. Tr\u00f3jnik pozwoli ci na przy\u0142\u0105cze trzech szybkoz\u0142\u0105czek do siebie. Dzi\u0119ki niemu mo\u017cesz rozbudowa\u0107 sw\u00f3j system nawadniania.<\/p>\n","protected":false},"featured_media":85540,"template":"","meta":[],"product_cat":[8254],"product_tag":[],"yoast_head":"<!-- This site is optimized with the Yoast SEO plugin v21.0 - https:\/\/yoast.com\/wordpress\/plugins\/seo\/ -->\n<title>TR\u00d3JNIK \u0141\u0104CZNIK DO \u0141\u0104CZENIA 3 SZYBKOZ\u0141\u0104CZY AQUA - BOBIMARKET.pl - Remontuj i urz\u0105dzaj z nami<\/title>\n<meta name=\"robots\" content=\"index, follow, max-snippet:-1, max-image-preview:large, max-video-preview:-1\" \/>\n<link rel=\"canonical\" href=\"https:\/\/bobimarket.pl\/index.php\/produkt\/trojnik-lacznik-do-laczenia-3-szybkozlaczy-aqua\/\" \/>\n<meta property=\"og:locale\" content=\"pl_PL\" \/>\n<meta property=\"og:type\" content=\"article\" \/>\n<meta property=\"og:title\" content=\"TR\u00d3JNIK \u0141\u0104CZNIK DO \u0141\u0104CZENIA 3 SZYBKOZ\u0141\u0104CZY AQUA - BOBIMARKET.pl - Remontuj i urz\u0105dzaj z nami\" \/>\n<meta property=\"og:description\" content=\"TR\u00d3JNIK \u0141\u0104CZNIK\u00a0 DO \u0141\u0104CZENIA 3 SZYBKOZ\u0141\u0104CZY AQUA DANE TECHNICZNE: Rodzaj: Przy\u0142\u0105cze Materia\u0142: Tworzywo ABS Linia produktu: AQUA LINE Wysokiej jako\u015bci przy\u0142\u0105cze z seri AQUA LINE. Wykonane z mocnego tworzywa, kt\u00f3re zapewnia d\u0142ugotrwa\u0142e dzia\u0142anie. Tr\u00f3jnik pozwoli ci na przy\u0142\u0105cze trzech szybkoz\u0142\u0105czek do siebie. Dzi\u0119ki niemu mo\u017cesz rozbudowa\u0107 sw\u00f3j system nawadniania.\" \/>\n<meta property=\"og:url\" content=\"https:\/\/bobimarket.pl\/index.php\/produkt\/trojnik-lacznik-do-laczenia-3-szybkozlaczy-aqua\/\" \/>\n<meta property=\"og:site_name\" content=\"BOBIMARKET.pl - Remontuj i urz\u0105dzaj z nami\" \/>\n<meta property=\"article:modified_time\" content=\"2025-02-27T14:34:49+00:00\" \/>\n<meta property=\"og:image\" content=\"https:\/\/upload.cdn.baselinker.com\/products\/14476\/a74a7371b9e0bcf460a1c039f06c513f.jpg\" \/>\n<meta name=\"twitter:card\" content=\"summary_large_image\" \/>\n<script type=\"application\/ld+json\" class=\"yoast-schema-graph\">{\"@context\":\"https:\/\/schema.org\",\"@graph\":[{\"@type\":\"WebPage\",\"@id\":\"https:\/\/bobimarket.pl\/index.php\/produkt\/trojnik-lacznik-do-laczenia-3-szybkozlaczy-aqua\/\",\"url\":\"https:\/\/bobimarket.pl\/index.php\/produkt\/trojnik-lacznik-do-laczenia-3-szybkozlaczy-aqua\/\",\"name\":\"TR\u00d3JNIK \u0141\u0104CZNIK DO \u0141\u0104CZENIA 3 SZYBKOZ\u0141\u0104CZY AQUA - BOBIMARKET.pl - Remontuj i urz\u0105dzaj z nami\",\"isPartOf\":{\"@id\":\"https:\/\/bobimarket.pl\/#website\"},\"datePublished\":\"2023-08-29T22:37:50+00:00\",\"dateModified\":\"2025-02-27T14:34:49+00:00\",\"breadcrumb\":{\"@id\":\"https:\/\/bobimarket.pl\/index.php\/produkt\/trojnik-lacznik-do-laczenia-3-szybkozlaczy-aqua\/#breadcrumb\"},\"inLanguage\":\"pl-PL\",\"potentialAction\":[{\"@type\":\"ReadAction\",\"target\":[\"https:\/\/bobimarket.pl\/index.php\/produkt\/trojnik-lacznik-do-laczenia-3-szybkozlaczy-aqua\/\"]}]},{\"@type\":\"BreadcrumbList\",\"@id\":\"https:\/\/bobimarket.pl\/index.php\/produkt\/trojnik-lacznik-do-laczenia-3-szybkozlaczy-aqua\/#breadcrumb\",\"itemListElement\":[{\"@type\":\"ListItem\",\"position\":1,\"name\":\"Strona g\u0142\u00f3wna\",\"item\":\"https:\/\/bobimarket.pl\/\"},{\"@type\":\"ListItem\",\"position\":2,\"name\":\"Sklep\",\"item\":\"https:\/\/bobimarket.pl\/index.php\/shop\/\"},{\"@type\":\"ListItem\",\"position\":3,\"name\":\"TR\u00d3JNIK \u0141\u0104CZNIK DO \u0141\u0104CZENIA 3 SZYBKOZ\u0141\u0104CZY AQUA\"}]},{\"@type\":\"WebSite\",\"@id\":\"https:\/\/bobimarket.pl\/#website\",\"url\":\"https:\/\/bobimarket.pl\/\",\"name\":\"BOBIMARKET.pl - Remontuj i urz\u0105dzaj z nami\",\"description\":\"Remontuj i urz\u0105dzaj z nami\",\"publisher\":{\"@id\":\"https:\/\/bobimarket.pl\/#organization\"},\"potentialAction\":[{\"@type\":\"SearchAction\",\"target\":{\"@type\":\"EntryPoint\",\"urlTemplate\":\"https:\/\/bobimarket.pl\/?s={search_term_string}\"},\"query-input\":\"required name=search_term_string\"}],\"inLanguage\":\"pl-PL\"},{\"@type\":\"Organization\",\"@id\":\"https:\/\/bobimarket.pl\/#organization\",\"name\":\"BOBIMARKET.pl\",\"url\":\"https:\/\/bobimarket.pl\/\",\"logo\":{\"@type\":\"ImageObject\",\"inLanguage\":\"pl-PL\",\"@id\":\"https:\/\/bobimarket.pl\/#\/schema\/logo\/image\/\",\"url\":\"https:\/\/bobimarket.pl\/wp-content\/uploads\/2021\/11\/slogan.png\",\"contentUrl\":\"https:\/\/bobimarket.pl\/wp-content\/uploads\/2021\/11\/slogan.png\",\"width\":2000,\"height\":384,\"caption\":\"BOBIMARKET.pl\"},\"image\":{\"@id\":\"https:\/\/bobimarket.pl\/#\/schema\/logo\/image\/\"}}]}<\/script>\n<!-- \/ Yoast SEO plugin. -->","yoast_head_json":{"title":"TR\u00d3JNIK \u0141\u0104CZNIK DO \u0141\u0104CZENIA 3 SZYBKOZ\u0141\u0104CZY AQUA - BOBIMARKET.pl - Remontuj i urz\u0105dzaj z nami","robots":{"index":"index","follow":"follow","max-snippet":"max-snippet:-1","max-image-preview":"max-image-preview:large","max-video-preview":"max-video-preview:-1"},"canonical":"https:\/\/bobimarket.pl\/index.php\/produkt\/trojnik-lacznik-do-laczenia-3-szybkozlaczy-aqua\/","og_locale":"pl_PL","og_type":"article","og_title":"TR\u00d3JNIK \u0141\u0104CZNIK DO \u0141\u0104CZENIA 3 SZYBKOZ\u0141\u0104CZY AQUA - BOBIMARKET.pl - Remontuj i urz\u0105dzaj z nami","og_description":"TR\u00d3JNIK \u0141\u0104CZNIK\u00a0 DO \u0141\u0104CZENIA 3 SZYBKOZ\u0141\u0104CZY AQUA DANE TECHNICZNE: Rodzaj: Przy\u0142\u0105cze Materia\u0142: Tworzywo ABS Linia produktu: AQUA LINE Wysokiej jako\u015bci przy\u0142\u0105cze z seri AQUA LINE. Wykonane z mocnego tworzywa, kt\u00f3re zapewnia d\u0142ugotrwa\u0142e dzia\u0142anie. Tr\u00f3jnik pozwoli ci na przy\u0142\u0105cze trzech szybkoz\u0142\u0105czek do siebie. Dzi\u0119ki niemu mo\u017cesz rozbudowa\u0107 sw\u00f3j system nawadniania.","og_url":"https:\/\/bobimarket.pl\/index.php\/produkt\/trojnik-lacznik-do-laczenia-3-szybkozlaczy-aqua\/","og_site_name":"BOBIMARKET.pl - Remontuj i urz\u0105dzaj z nami","article_modified_time":"2025-02-27T14:34:49+00:00","og_image":[{"url":"https:\/\/upload.cdn.baselinker.com\/products\/14476\/a74a7371b9e0bcf460a1c039f06c513f.jpg"}],"twitter_card":"summary_large_image","schema":{"@context":"https:\/\/schema.org","@graph":[{"@type":"WebPage","@id":"https:\/\/bobimarket.pl\/index.php\/produkt\/trojnik-lacznik-do-laczenia-3-szybkozlaczy-aqua\/","url":"https:\/\/bobimarket.pl\/index.php\/produkt\/trojnik-lacznik-do-laczenia-3-szybkozlaczy-aqua\/","name":"TR\u00d3JNIK \u0141\u0104CZNIK DO \u0141\u0104CZENIA 3 SZYBKOZ\u0141\u0104CZY AQUA - BOBIMARKET.pl - Remontuj i urz\u0105dzaj z nami","isPartOf":{"@id":"https:\/\/bobimarket.pl\/#website"},"datePublished":"2023-08-29T22:37:50+00:00","dateModified":"2025-02-27T14:34:49+00:00","breadcrumb":{"@id":"https:\/\/bobimarket.pl\/index.php\/produkt\/trojnik-lacznik-do-laczenia-3-szybkozlaczy-aqua\/#breadcrumb"},"inLanguage":"pl-PL","potentialAction":[{"@type":"ReadAction","target":["https:\/\/bobimarket.pl\/index.php\/produkt\/trojnik-lacznik-do-laczenia-3-szybkozlaczy-aqua\/"]}]},{"@type":"BreadcrumbList","@id":"https:\/\/bobimarket.pl\/index.php\/produkt\/trojnik-lacznik-do-laczenia-3-szybkozlaczy-aqua\/#breadcrumb","itemListElement":[{"@type":"ListItem","position":1,"name":"Strona g\u0142\u00f3wna","item":"https:\/\/bobimarket.pl\/"},{"@type":"ListItem","position":2,"name":"Sklep","item":"https:\/\/bobimarket.pl\/index.php\/shop\/"},{"@type":"ListItem","position":3,"name":"TR\u00d3JNIK \u0141\u0104CZNIK DO \u0141\u0104CZENIA 3 SZYBKOZ\u0141\u0104CZY AQUA"}]},{"@type":"WebSite","@id":"https:\/\/bobimarket.pl\/#website","url":"https:\/\/bobimarket.pl\/","name":"BOBIMARKET.pl - Remontuj i urz\u0105dzaj z nami","description":"Remontuj i urz\u0105dzaj z nami","publisher":{"@id":"https:\/\/bobimarket.pl\/#organization"},"potentialAction":[{"@type":"SearchAction","target":{"@type":"EntryPoint","urlTemplate":"https:\/\/bobimarket.pl\/?s={search_term_string}"},"query-input":"required name=search_term_string"}],"inLanguage":"pl-PL"},{"@type":"Organization","@id":"https:\/\/bobimarket.pl\/#organization","name":"BOBIMARKET.pl","url":"https:\/\/bobimarket.pl\/","logo":{"@type":"ImageObject","inLanguage":"pl-PL","@id":"https:\/\/bobimarket.pl\/#\/schema\/logo\/image\/","url":"https:\/\/bobimarket.pl\/wp-content\/uploads\/2021\/11\/slogan.png","contentUrl":"https:\/\/bobimarket.pl\/wp-content\/uploads\/2021\/11\/slogan.png","width":2000,"height":384,"caption":"BOBIMARKET.pl"},"image":{"@id":"https:\/\/bobimarket.pl\/#\/schema\/logo\/image\/"}}]}},"_links":{"self":[{"href":"https:\/\/bobimarket.pl\/index.php\/wp-json\/wp\/v2\/product\/85544"}],"collection":[{"href":"https:\/\/bobimarket.pl\/index.php\/wp-json\/wp\/v2\/product"}],"about":[{"href":"https:\/\/bobimarket.pl\/index.php\/wp-json\/wp\/v2\/types\/product"}],"wp:featuredmedia":[{"embeddable":true,"href":"https:\/\/bobimarket.pl\/index.php\/wp-json\/wp\/v2\/media\/85540"}],"wp:attachment":[{"href":"https:\/\/bobimarket.pl\/index.php\/wp-json\/wp\/v2\/media?parent=85544"}],"wp:term":[{"taxonomy":"product_cat","embeddable":true,"href":"https:\/\/bobimarket.pl\/index.php\/wp-json\/wp\/v2\/product_cat?post=85544"},{"taxonomy":"product_tag","embeddable":true,"href":"https:\/\/bobimarket.pl\/index.php\/wp-json\/wp\/v2\/product_tag?post=85544"}],"curies":[{"name":"wp","href":"https:\/\/api.w.org\/{rel}","templated":true}]}}