{"id":85557,"date":"2023-08-29T22:38:57","date_gmt":"2023-08-29T22:38:57","guid":{"rendered":"https:\/\/bobimarket.pl\/index.php\/produkt\/przylacze-na-kran-gwint-wew-3-4-1-redu\/"},"modified":"2025-02-27T14:35:00","modified_gmt":"2025-02-27T14:35:00","slug":"przylacze-na-kran-gwint-wew-3-4-1-redu","status":"publish","type":"product","link":"https:\/\/bobimarket.pl\/index.php\/produkt\/przylacze-na-kran-gwint-wew-3-4-1-redu\/","title":{"rendered":"PRZY\u0141\u0104CZE NA KRAN GWINT WEW.3\/4&#8243;-1&#8243; REDU"},"content":{"rendered":"<section class=\"section\">\n<div class=\"item item-6\">\n<section class=\"image-item\">\n            <img decoding=\"async\" src=\"https:\/\/upload.cdn.baselinker.com\/products\/14476\/f835e517bff261b493c01e351a64be4d.jpg\" \/><br \/>\n        <\/section>\n<\/p><\/div>\n<div class=\"item item-6\">\n<section class=\"text-item\">\n<h2>PRZY\u0141\u0104CZE NA KRAN GWINT\u00a0 WEW. 3\/4&#8243;-1&#8243; REDUKCJA AQUA<\/h2>\n<p>DANE TECHNICZNE:<\/p>\n<ul>\n<li>Rodzaj: z\u0142\u0105cze<\/li>\n<li>\u015arednica:<b> 3\/4 z redukcj\u0105 na 1 cal<\/b><\/li>\n<li><b>Gwint wewn\u0119trzny<\/b><\/li>\n<li>Materia\u0142: Tworzywo ABS<\/li>\n<li>Linia produktu: AQUA LINE<\/li>\n<\/ul>\n<\/section><\/div>\n<\/section>\n<section class=\"section\">\n<div class=\"item item-6\">\n<section class=\"image-item\">\n            <img decoding=\"async\" src=\"https:\/\/upload.cdn.baselinker.com\/products\/14476\/24c3a3dea9483dded31662baaecf5852.jpg\" \/><br \/>\n        <\/section>\n<\/p><\/div>\n<div class=\"item item-6\">\n<section class=\"text-item\">\n<p>Wysokiej jako\u015bci z\u0142\u0105cze z seri AQUA LINE z gwintem wewn\u0119trznym 3\/4 cal oraz z dodatkow\u0105 redukcj\u0105 na 1 cal. Wykonane z mocnego tworzywa, kt\u00f3re zapewnia d\u0142ugotrwa\u0142e dzia\u0142anie.<\/p>\n<ul>\n<li><b>Z\u0142\u0105cze to<\/b> pozwoli ci na bezproblemowe po\u0142\u0105czenie w\u0119\u017ca oprawionego w szybkoz\u0142\u0105czke z kranem posiadaj\u0105cy gwint zewnetrzny 3\/4 cal lub 1 cal.<\/li>\n<\/ul>\n<\/section><\/div>\n<\/section>\n<section class=\"section\">\n<div class=\"item item-12\">\n<section class=\"image-item\">\n            <img decoding=\"async\" src=\"https:\/\/upload.cdn.baselinker.com\/products\/14476\/c2d440722c16505190b10628a5ca0e82.jpg\" \/><br \/>\n        <\/section>\n<\/p><\/div>\n<\/section>\n","protected":false},"excerpt":{"rendered":"<p>PRZY\u0141\u0104CZE NA KRAN GWINT\u00a0 WEW. 3\/4&#8243;-1&#8243; REDUKCJA AQUA DANE TECHNICZNE: Rodzaj: z\u0142\u0105cze \u015arednica: 3\/4 z redukcj\u0105 na 1 cal Gwint wewn\u0119trzny Materia\u0142: Tworzywo ABS Linia produktu: AQUA LINE Wysokiej jako\u015bci z\u0142\u0105cze z seri AQUA LINE z gwintem wewn\u0119trznym 3\/4 cal oraz z dodatkow\u0105 redukcj\u0105 na 1 cal. Wykonane z mocnego tworzywa, kt\u00f3re zapewnia d\u0142ugotrwa\u0142e dzia\u0142anie.<br \/><a class=\"more-link\" href=\"https:\/\/bobimarket.pl\/index.php\/produkt\/przylacze-na-kran-gwint-wew-3-4-1-redu\/\"><br \/>\n        Czytaj wi\u0119cej<span class=\"screen-reader-text\"> &#8222;PRZY\u0141\u0104CZE NA KRAN GWINT WEW.3\/4&#8243;-1&#8243; REDU&#8221;<\/span><\/a><\/p>\n","protected":false},"featured_media":85553,"template":"","meta":[],"product_cat":[8254],"product_tag":[],"yoast_head":"<!-- This site is optimized with the Yoast SEO plugin v21.0 - https:\/\/yoast.com\/wordpress\/plugins\/seo\/ -->\n<title>PRZY\u0141\u0104CZE NA KRAN GWINT WEW.3\/4&quot;-1&quot; REDU - BOBIMARKET.pl - Remontuj i urz\u0105dzaj z nami<\/title>\n<meta name=\"robots\" content=\"index, follow, max-snippet:-1, max-image-preview:large, max-video-preview:-1\" \/>\n<link rel=\"canonical\" href=\"https:\/\/bobimarket.pl\/index.php\/produkt\/przylacze-na-kran-gwint-wew-3-4-1-redu\/\" \/>\n<meta property=\"og:locale\" content=\"pl_PL\" \/>\n<meta property=\"og:type\" content=\"article\" \/>\n<meta property=\"og:title\" content=\"PRZY\u0141\u0104CZE NA KRAN GWINT WEW.3\/4&quot;-1&quot; REDU - BOBIMARKET.pl - Remontuj i urz\u0105dzaj z nami\" \/>\n<meta property=\"og:description\" content=\"PRZY\u0141\u0104CZE NA KRAN GWINT\u00a0 WEW. 3\/4&#8243;-1&#8243; REDUKCJA AQUA DANE TECHNICZNE: Rodzaj: z\u0142\u0105cze \u015arednica: 3\/4 z redukcj\u0105 na 1 cal Gwint wewn\u0119trzny Materia\u0142: Tworzywo ABS Linia produktu: AQUA LINE Wysokiej jako\u015bci z\u0142\u0105cze z seri AQUA LINE z gwintem wewn\u0119trznym 3\/4 cal oraz z dodatkow\u0105 redukcj\u0105 na 1 cal. Wykonane z mocnego tworzywa, kt\u00f3re zapewnia d\u0142ugotrwa\u0142e dzia\u0142anie.     Czytaj wi\u0119cej &quot;PRZY\u0141\u0104CZE NA KRAN GWINT WEW.3\/4&#8243;-1&#8243; REDU&quot;\" \/>\n<meta property=\"og:url\" content=\"https:\/\/bobimarket.pl\/index.php\/produkt\/przylacze-na-kran-gwint-wew-3-4-1-redu\/\" \/>\n<meta property=\"og:site_name\" content=\"BOBIMARKET.pl - Remontuj i urz\u0105dzaj z nami\" \/>\n<meta property=\"article:modified_time\" content=\"2025-02-27T14:35:00+00:00\" \/>\n<meta property=\"og:image\" content=\"https:\/\/upload.cdn.baselinker.com\/products\/14476\/f835e517bff261b493c01e351a64be4d.jpg\" \/>\n<meta name=\"twitter:card\" content=\"summary_large_image\" \/>\n<script type=\"application\/ld+json\" class=\"yoast-schema-graph\">{\"@context\":\"https:\/\/schema.org\",\"@graph\":[{\"@type\":\"WebPage\",\"@id\":\"https:\/\/bobimarket.pl\/index.php\/produkt\/przylacze-na-kran-gwint-wew-3-4-1-redu\/\",\"url\":\"https:\/\/bobimarket.pl\/index.php\/produkt\/przylacze-na-kran-gwint-wew-3-4-1-redu\/\",\"name\":\"PRZY\u0141\u0104CZE NA KRAN GWINT WEW.3\/4\\\"-1\\\" REDU - BOBIMARKET.pl - Remontuj i urz\u0105dzaj z nami\",\"isPartOf\":{\"@id\":\"https:\/\/bobimarket.pl\/#website\"},\"datePublished\":\"2023-08-29T22:38:57+00:00\",\"dateModified\":\"2025-02-27T14:35:00+00:00\",\"breadcrumb\":{\"@id\":\"https:\/\/bobimarket.pl\/index.php\/produkt\/przylacze-na-kran-gwint-wew-3-4-1-redu\/#breadcrumb\"},\"inLanguage\":\"pl-PL\",\"potentialAction\":[{\"@type\":\"ReadAction\",\"target\":[\"https:\/\/bobimarket.pl\/index.php\/produkt\/przylacze-na-kran-gwint-wew-3-4-1-redu\/\"]}]},{\"@type\":\"BreadcrumbList\",\"@id\":\"https:\/\/bobimarket.pl\/index.php\/produkt\/przylacze-na-kran-gwint-wew-3-4-1-redu\/#breadcrumb\",\"itemListElement\":[{\"@type\":\"ListItem\",\"position\":1,\"name\":\"Strona g\u0142\u00f3wna\",\"item\":\"https:\/\/bobimarket.pl\/\"},{\"@type\":\"ListItem\",\"position\":2,\"name\":\"Sklep\",\"item\":\"https:\/\/bobimarket.pl\/index.php\/shop\/\"},{\"@type\":\"ListItem\",\"position\":3,\"name\":\"PRZY\u0141\u0104CZE NA KRAN GWINT WEW.3\/4&#8243;-1&#8243; REDU\"}]},{\"@type\":\"WebSite\",\"@id\":\"https:\/\/bobimarket.pl\/#website\",\"url\":\"https:\/\/bobimarket.pl\/\",\"name\":\"BOBIMARKET.pl - Remontuj i urz\u0105dzaj z nami\",\"description\":\"Remontuj i urz\u0105dzaj z nami\",\"publisher\":{\"@id\":\"https:\/\/bobimarket.pl\/#organization\"},\"potentialAction\":[{\"@type\":\"SearchAction\",\"target\":{\"@type\":\"EntryPoint\",\"urlTemplate\":\"https:\/\/bobimarket.pl\/?s={search_term_string}\"},\"query-input\":\"required name=search_term_string\"}],\"inLanguage\":\"pl-PL\"},{\"@type\":\"Organization\",\"@id\":\"https:\/\/bobimarket.pl\/#organization\",\"name\":\"BOBIMARKET.pl\",\"url\":\"https:\/\/bobimarket.pl\/\",\"logo\":{\"@type\":\"ImageObject\",\"inLanguage\":\"pl-PL\",\"@id\":\"https:\/\/bobimarket.pl\/#\/schema\/logo\/image\/\",\"url\":\"https:\/\/bobimarket.pl\/wp-content\/uploads\/2021\/11\/slogan.png\",\"contentUrl\":\"https:\/\/bobimarket.pl\/wp-content\/uploads\/2021\/11\/slogan.png\",\"width\":2000,\"height\":384,\"caption\":\"BOBIMARKET.pl\"},\"image\":{\"@id\":\"https:\/\/bobimarket.pl\/#\/schema\/logo\/image\/\"}}]}<\/script>\n<!-- \/ Yoast SEO plugin. -->","yoast_head_json":{"title":"PRZY\u0141\u0104CZE NA KRAN GWINT WEW.3\/4\"-1\" REDU - BOBIMARKET.pl - Remontuj i urz\u0105dzaj z nami","robots":{"index":"index","follow":"follow","max-snippet":"max-snippet:-1","max-image-preview":"max-image-preview:large","max-video-preview":"max-video-preview:-1"},"canonical":"https:\/\/bobimarket.pl\/index.php\/produkt\/przylacze-na-kran-gwint-wew-3-4-1-redu\/","og_locale":"pl_PL","og_type":"article","og_title":"PRZY\u0141\u0104CZE NA KRAN GWINT WEW.3\/4\"-1\" REDU - BOBIMARKET.pl - Remontuj i urz\u0105dzaj z nami","og_description":"PRZY\u0141\u0104CZE NA KRAN GWINT\u00a0 WEW. 3\/4&#8243;-1&#8243; REDUKCJA AQUA DANE TECHNICZNE: Rodzaj: z\u0142\u0105cze \u015arednica: 3\/4 z redukcj\u0105 na 1 cal Gwint wewn\u0119trzny Materia\u0142: Tworzywo ABS Linia produktu: AQUA LINE Wysokiej jako\u015bci z\u0142\u0105cze z seri AQUA LINE z gwintem wewn\u0119trznym 3\/4 cal oraz z dodatkow\u0105 redukcj\u0105 na 1 cal. Wykonane z mocnego tworzywa, kt\u00f3re zapewnia d\u0142ugotrwa\u0142e dzia\u0142anie.     Czytaj wi\u0119cej \"PRZY\u0141\u0104CZE NA KRAN GWINT WEW.3\/4&#8243;-1&#8243; REDU\"","og_url":"https:\/\/bobimarket.pl\/index.php\/produkt\/przylacze-na-kran-gwint-wew-3-4-1-redu\/","og_site_name":"BOBIMARKET.pl - Remontuj i urz\u0105dzaj z nami","article_modified_time":"2025-02-27T14:35:00+00:00","og_image":[{"url":"https:\/\/upload.cdn.baselinker.com\/products\/14476\/f835e517bff261b493c01e351a64be4d.jpg"}],"twitter_card":"summary_large_image","schema":{"@context":"https:\/\/schema.org","@graph":[{"@type":"WebPage","@id":"https:\/\/bobimarket.pl\/index.php\/produkt\/przylacze-na-kran-gwint-wew-3-4-1-redu\/","url":"https:\/\/bobimarket.pl\/index.php\/produkt\/przylacze-na-kran-gwint-wew-3-4-1-redu\/","name":"PRZY\u0141\u0104CZE NA KRAN GWINT WEW.3\/4\"-1\" REDU - BOBIMARKET.pl - Remontuj i urz\u0105dzaj z nami","isPartOf":{"@id":"https:\/\/bobimarket.pl\/#website"},"datePublished":"2023-08-29T22:38:57+00:00","dateModified":"2025-02-27T14:35:00+00:00","breadcrumb":{"@id":"https:\/\/bobimarket.pl\/index.php\/produkt\/przylacze-na-kran-gwint-wew-3-4-1-redu\/#breadcrumb"},"inLanguage":"pl-PL","potentialAction":[{"@type":"ReadAction","target":["https:\/\/bobimarket.pl\/index.php\/produkt\/przylacze-na-kran-gwint-wew-3-4-1-redu\/"]}]},{"@type":"BreadcrumbList","@id":"https:\/\/bobimarket.pl\/index.php\/produkt\/przylacze-na-kran-gwint-wew-3-4-1-redu\/#breadcrumb","itemListElement":[{"@type":"ListItem","position":1,"name":"Strona g\u0142\u00f3wna","item":"https:\/\/bobimarket.pl\/"},{"@type":"ListItem","position":2,"name":"Sklep","item":"https:\/\/bobimarket.pl\/index.php\/shop\/"},{"@type":"ListItem","position":3,"name":"PRZY\u0141\u0104CZE NA KRAN GWINT WEW.3\/4&#8243;-1&#8243; REDU"}]},{"@type":"WebSite","@id":"https:\/\/bobimarket.pl\/#website","url":"https:\/\/bobimarket.pl\/","name":"BOBIMARKET.pl - Remontuj i urz\u0105dzaj z nami","description":"Remontuj i urz\u0105dzaj z nami","publisher":{"@id":"https:\/\/bobimarket.pl\/#organization"},"potentialAction":[{"@type":"SearchAction","target":{"@type":"EntryPoint","urlTemplate":"https:\/\/bobimarket.pl\/?s={search_term_string}"},"query-input":"required name=search_term_string"}],"inLanguage":"pl-PL"},{"@type":"Organization","@id":"https:\/\/bobimarket.pl\/#organization","name":"BOBIMARKET.pl","url":"https:\/\/bobimarket.pl\/","logo":{"@type":"ImageObject","inLanguage":"pl-PL","@id":"https:\/\/bobimarket.pl\/#\/schema\/logo\/image\/","url":"https:\/\/bobimarket.pl\/wp-content\/uploads\/2021\/11\/slogan.png","contentUrl":"https:\/\/bobimarket.pl\/wp-content\/uploads\/2021\/11\/slogan.png","width":2000,"height":384,"caption":"BOBIMARKET.pl"},"image":{"@id":"https:\/\/bobimarket.pl\/#\/schema\/logo\/image\/"}}]}},"_links":{"self":[{"href":"https:\/\/bobimarket.pl\/index.php\/wp-json\/wp\/v2\/product\/85557"}],"collection":[{"href":"https:\/\/bobimarket.pl\/index.php\/wp-json\/wp\/v2\/product"}],"about":[{"href":"https:\/\/bobimarket.pl\/index.php\/wp-json\/wp\/v2\/types\/product"}],"wp:featuredmedia":[{"embeddable":true,"href":"https:\/\/bobimarket.pl\/index.php\/wp-json\/wp\/v2\/media\/85553"}],"wp:attachment":[{"href":"https:\/\/bobimarket.pl\/index.php\/wp-json\/wp\/v2\/media?parent=85557"}],"wp:term":[{"taxonomy":"product_cat","embeddable":true,"href":"https:\/\/bobimarket.pl\/index.php\/wp-json\/wp\/v2\/product_cat?post=85557"},{"taxonomy":"product_tag","embeddable":true,"href":"https:\/\/bobimarket.pl\/index.php\/wp-json\/wp\/v2\/product_tag?post=85557"}],"curies":[{"name":"wp","href":"https:\/\/api.w.org\/{rel}","templated":true}]}}