{"id":85575,"date":"2023-08-29T22:40:25","date_gmt":"2023-08-29T22:40:25","guid":{"rendered":"https:\/\/bobimarket.pl\/index.php\/produkt\/kostka-klocek-gabka-scierna-skosna-gr-150\/"},"modified":"2025-02-27T14:35:11","modified_gmt":"2025-02-27T14:35:11","slug":"kostka-klocek-gabka-scierna-skosna-gr-150","status":"publish","type":"product","link":"https:\/\/bobimarket.pl\/index.php\/produkt\/kostka-klocek-gabka-scierna-skosna-gr-150\/","title":{"rendered":"KOSTKA KLOCEK G\u0104BKA \u015aCIERNA SKO\u015aNA GR 150"},"content":{"rendered":"<section class=\"section\">\n<div class=\"item item-6\">\n<section class=\"image-item\">\n            <img decoding=\"async\" src=\"https:\/\/upload.cdn.baselinker.com\/products\/14476\/112d1c0b488ca9076dc8330efa5d07d8.jpg\" \/><br \/>\n        <\/section>\n<\/p><\/div>\n<div class=\"item item-6\">\n<section class=\"text-item\">\n<p><b>KOSTKA KLOCEK G\u0104BKA \u015aCIERNA K\u0104TOWA SKO\u015aNA GR 150<\/b><\/p>\n<p><b>Dane techniczne:<\/b><\/p>\n<ul>\n<li>Wysoko\u015b\u0107: <b>25 MM<\/b><\/li>\n<li>Szeroko\u015b\u0107: <b>+\/- 85 MM<\/b><\/li>\n<li>D\u0142ugo\u015b\u0107:\u00a0<b> +\/-120 MM<\/b><\/li>\n<li>Granulacja:<b>150<\/b><\/li>\n<li><b>\u015aCI\u0118TY BOK POD K\u0104TEM 45 STOPNI<\/b><\/li>\n<li>Producent: <b>KLINGSPOR<\/b><\/li>\n<\/ul>\n<p><b>Bardzo twarda g\u0105bka, stosowana do \u015bcierania drewna, metalu,farb, gipsu itp.<\/b><\/p>\n<p><b>UWAGA!<\/b> W zale\u017cno\u015bci od dostawy, kostka wyst\u0119puje z logiem lub z samym numerem gradacji!!<\/p>\n<\/section><\/div>\n<\/section>\n<section class=\"section\">\n<div class=\"item item-6\">\n<section class=\"image-item\">\n            <img decoding=\"async\" src=\"https:\/\/upload.cdn.baselinker.com\/products\/14476\/4fd78fa92008dbeb86e453d8bd239b62.jpg\" \/><br \/>\n        <\/section>\n<\/p><\/div>\n<div class=\"item item-6\">\n<section class=\"text-item\">\n<p>\u2705 <b>Zastosowanie:<\/b><\/p>\n<p>Kostka do szlifowania r\u0119cznego czy\u015bci, poleruje i matuje r\u00f3\u017cnorodne materia\u0142y:<\/p>\n<ul>\n<li>metal,<\/li>\n<li>drewno,<\/li>\n<li>farby,<\/li>\n<li>tworzywa sztuczne,<\/li>\n<li>guma,<\/li>\n<li>papier.<\/li>\n<\/ul>\n<p>Opr\u00f3cz zastosowania przemys\u0142owego nadaje si\u0119 do prac w gospodarstwie domowym oraz przy piel\u0119gnacji samochodu.<\/p>\n<ul>\n<li><b>Skuteczno\u015b\u0107 kostki mo\u017cna wzmocni\u0107 poprzez dodanie wody.<\/b><\/li>\n<\/ul>\n<\/section><\/div>\n<\/section>\n<section class=\"section\">\n<div class=\"item item-6\">\n<section class=\"image-item\">\n            <img decoding=\"async\" src=\"https:\/\/upload.cdn.baselinker.com\/products\/14476\/2af68c23a89665e75563d9f054860005.jpg\" \/><br \/>\n        <\/section>\n<\/p><\/div>\n<div class=\"item item-6\">\n<section class=\"image-item\">\n            <img decoding=\"async\" src=\"https:\/\/upload.cdn.baselinker.com\/products\/14476\/bae61794a4abfd7d71051765a02030b2.jpg\" \/><br \/>\n        <\/section>\n<\/p><\/div>\n<\/section>\n<section class=\"section\">\n<div class=\"item item-12\">\n<section class=\"image-item\">\n            <img decoding=\"async\" src=\"https:\/\/upload.cdn.baselinker.com\/products\/14476\/d5bfb99dc4b104cfbbf33b5d86d29c3e.jpg\" \/><br \/>\n        <\/section>\n<\/p><\/div>\n<\/section>\n","protected":false},"excerpt":{"rendered":"<p>KOSTKA KLOCEK G\u0104BKA \u015aCIERNA K\u0104TOWA SKO\u015aNA GR 150 Dane techniczne: Wysoko\u015b\u0107: 25 MM Szeroko\u015b\u0107: +\/- 85 MM D\u0142ugo\u015b\u0107:\u00a0 +\/-120 MM Granulacja:150 \u015aCI\u0118TY BOK POD K\u0104TEM 45 STOPNI Producent: KLINGSPOR Bardzo twarda g\u0105bka, stosowana do \u015bcierania drewna, metalu,farb, gipsu itp. UWAGA! W zale\u017cno\u015bci od dostawy, kostka wyst\u0119puje z logiem lub z samym numerem gradacji!! \u2705 Zastosowanie:<br \/><a class=\"more-link\" href=\"https:\/\/bobimarket.pl\/index.php\/produkt\/kostka-klocek-gabka-scierna-skosna-gr-150\/\"><br \/>\n        Czytaj wi\u0119cej<span class=\"screen-reader-text\"> &#8222;KOSTKA KLOCEK G\u0104BKA \u015aCIERNA SKO\u015aNA GR 150&#8221;<\/span><\/a><\/p>\n","protected":false},"featured_media":85569,"template":"","meta":[],"product_cat":[8273],"product_tag":[],"yoast_head":"<!-- This site is optimized with the Yoast SEO plugin v21.0 - https:\/\/yoast.com\/wordpress\/plugins\/seo\/ -->\n<title>KOSTKA KLOCEK G\u0104BKA \u015aCIERNA SKO\u015aNA GR 150 - BOBIMARKET.pl - Remontuj i urz\u0105dzaj z nami<\/title>\n<meta name=\"robots\" content=\"index, follow, max-snippet:-1, max-image-preview:large, max-video-preview:-1\" \/>\n<link rel=\"canonical\" href=\"https:\/\/bobimarket.pl\/index.php\/produkt\/kostka-klocek-gabka-scierna-skosna-gr-150\/\" \/>\n<meta property=\"og:locale\" content=\"pl_PL\" \/>\n<meta property=\"og:type\" content=\"article\" \/>\n<meta property=\"og:title\" content=\"KOSTKA KLOCEK G\u0104BKA \u015aCIERNA SKO\u015aNA GR 150 - BOBIMARKET.pl - Remontuj i urz\u0105dzaj z nami\" \/>\n<meta property=\"og:description\" content=\"KOSTKA KLOCEK G\u0104BKA \u015aCIERNA K\u0104TOWA SKO\u015aNA GR 150 Dane techniczne: Wysoko\u015b\u0107: 25 MM Szeroko\u015b\u0107: +\/- 85 MM D\u0142ugo\u015b\u0107:\u00a0 +\/-120 MM Granulacja:150 \u015aCI\u0118TY BOK POD K\u0104TEM 45 STOPNI Producent: KLINGSPOR Bardzo twarda g\u0105bka, stosowana do \u015bcierania drewna, metalu,farb, gipsu itp. UWAGA! W zale\u017cno\u015bci od dostawy, kostka wyst\u0119puje z logiem lub z samym numerem gradacji!! \u2705 Zastosowanie:     Czytaj wi\u0119cej &quot;KOSTKA KLOCEK G\u0104BKA \u015aCIERNA SKO\u015aNA GR 150&quot;\" \/>\n<meta property=\"og:url\" content=\"https:\/\/bobimarket.pl\/index.php\/produkt\/kostka-klocek-gabka-scierna-skosna-gr-150\/\" \/>\n<meta property=\"og:site_name\" content=\"BOBIMARKET.pl - Remontuj i urz\u0105dzaj z nami\" \/>\n<meta property=\"article:modified_time\" content=\"2025-02-27T14:35:11+00:00\" \/>\n<meta property=\"og:image\" content=\"https:\/\/upload.cdn.baselinker.com\/products\/14476\/112d1c0b488ca9076dc8330efa5d07d8.jpg\" \/>\n<meta name=\"twitter:card\" content=\"summary_large_image\" \/>\n<meta name=\"twitter:label1\" content=\"Szacowany czas czytania\" \/>\n\t<meta name=\"twitter:data1\" content=\"1 minuta\" \/>\n<script type=\"application\/ld+json\" class=\"yoast-schema-graph\">{\"@context\":\"https:\/\/schema.org\",\"@graph\":[{\"@type\":\"WebPage\",\"@id\":\"https:\/\/bobimarket.pl\/index.php\/produkt\/kostka-klocek-gabka-scierna-skosna-gr-150\/\",\"url\":\"https:\/\/bobimarket.pl\/index.php\/produkt\/kostka-klocek-gabka-scierna-skosna-gr-150\/\",\"name\":\"KOSTKA KLOCEK G\u0104BKA \u015aCIERNA SKO\u015aNA GR 150 - BOBIMARKET.pl - Remontuj i urz\u0105dzaj z nami\",\"isPartOf\":{\"@id\":\"https:\/\/bobimarket.pl\/#website\"},\"datePublished\":\"2023-08-29T22:40:25+00:00\",\"dateModified\":\"2025-02-27T14:35:11+00:00\",\"breadcrumb\":{\"@id\":\"https:\/\/bobimarket.pl\/index.php\/produkt\/kostka-klocek-gabka-scierna-skosna-gr-150\/#breadcrumb\"},\"inLanguage\":\"pl-PL\",\"potentialAction\":[{\"@type\":\"ReadAction\",\"target\":[\"https:\/\/bobimarket.pl\/index.php\/produkt\/kostka-klocek-gabka-scierna-skosna-gr-150\/\"]}]},{\"@type\":\"BreadcrumbList\",\"@id\":\"https:\/\/bobimarket.pl\/index.php\/produkt\/kostka-klocek-gabka-scierna-skosna-gr-150\/#breadcrumb\",\"itemListElement\":[{\"@type\":\"ListItem\",\"position\":1,\"name\":\"Strona g\u0142\u00f3wna\",\"item\":\"https:\/\/bobimarket.pl\/\"},{\"@type\":\"ListItem\",\"position\":2,\"name\":\"Sklep\",\"item\":\"https:\/\/bobimarket.pl\/index.php\/shop\/\"},{\"@type\":\"ListItem\",\"position\":3,\"name\":\"KOSTKA KLOCEK G\u0104BKA \u015aCIERNA SKO\u015aNA GR 150\"}]},{\"@type\":\"WebSite\",\"@id\":\"https:\/\/bobimarket.pl\/#website\",\"url\":\"https:\/\/bobimarket.pl\/\",\"name\":\"BOBIMARKET.pl - Remontuj i urz\u0105dzaj z nami\",\"description\":\"Remontuj i urz\u0105dzaj z nami\",\"publisher\":{\"@id\":\"https:\/\/bobimarket.pl\/#organization\"},\"potentialAction\":[{\"@type\":\"SearchAction\",\"target\":{\"@type\":\"EntryPoint\",\"urlTemplate\":\"https:\/\/bobimarket.pl\/?s={search_term_string}\"},\"query-input\":\"required name=search_term_string\"}],\"inLanguage\":\"pl-PL\"},{\"@type\":\"Organization\",\"@id\":\"https:\/\/bobimarket.pl\/#organization\",\"name\":\"BOBIMARKET.pl\",\"url\":\"https:\/\/bobimarket.pl\/\",\"logo\":{\"@type\":\"ImageObject\",\"inLanguage\":\"pl-PL\",\"@id\":\"https:\/\/bobimarket.pl\/#\/schema\/logo\/image\/\",\"url\":\"https:\/\/bobimarket.pl\/wp-content\/uploads\/2021\/11\/slogan.png\",\"contentUrl\":\"https:\/\/bobimarket.pl\/wp-content\/uploads\/2021\/11\/slogan.png\",\"width\":2000,\"height\":384,\"caption\":\"BOBIMARKET.pl\"},\"image\":{\"@id\":\"https:\/\/bobimarket.pl\/#\/schema\/logo\/image\/\"}}]}<\/script>\n<!-- \/ Yoast SEO plugin. -->","yoast_head_json":{"title":"KOSTKA KLOCEK G\u0104BKA \u015aCIERNA SKO\u015aNA GR 150 - BOBIMARKET.pl - Remontuj i urz\u0105dzaj z nami","robots":{"index":"index","follow":"follow","max-snippet":"max-snippet:-1","max-image-preview":"max-image-preview:large","max-video-preview":"max-video-preview:-1"},"canonical":"https:\/\/bobimarket.pl\/index.php\/produkt\/kostka-klocek-gabka-scierna-skosna-gr-150\/","og_locale":"pl_PL","og_type":"article","og_title":"KOSTKA KLOCEK G\u0104BKA \u015aCIERNA SKO\u015aNA GR 150 - BOBIMARKET.pl - Remontuj i urz\u0105dzaj z nami","og_description":"KOSTKA KLOCEK G\u0104BKA \u015aCIERNA K\u0104TOWA SKO\u015aNA GR 150 Dane techniczne: Wysoko\u015b\u0107: 25 MM Szeroko\u015b\u0107: +\/- 85 MM D\u0142ugo\u015b\u0107:\u00a0 +\/-120 MM Granulacja:150 \u015aCI\u0118TY BOK POD K\u0104TEM 45 STOPNI Producent: KLINGSPOR Bardzo twarda g\u0105bka, stosowana do \u015bcierania drewna, metalu,farb, gipsu itp. UWAGA! W zale\u017cno\u015bci od dostawy, kostka wyst\u0119puje z logiem lub z samym numerem gradacji!! \u2705 Zastosowanie:     Czytaj wi\u0119cej \"KOSTKA KLOCEK G\u0104BKA \u015aCIERNA SKO\u015aNA GR 150\"","og_url":"https:\/\/bobimarket.pl\/index.php\/produkt\/kostka-klocek-gabka-scierna-skosna-gr-150\/","og_site_name":"BOBIMARKET.pl - Remontuj i urz\u0105dzaj z nami","article_modified_time":"2025-02-27T14:35:11+00:00","og_image":[{"url":"https:\/\/upload.cdn.baselinker.com\/products\/14476\/112d1c0b488ca9076dc8330efa5d07d8.jpg"}],"twitter_card":"summary_large_image","twitter_misc":{"Szacowany czas czytania":"1 minuta"},"schema":{"@context":"https:\/\/schema.org","@graph":[{"@type":"WebPage","@id":"https:\/\/bobimarket.pl\/index.php\/produkt\/kostka-klocek-gabka-scierna-skosna-gr-150\/","url":"https:\/\/bobimarket.pl\/index.php\/produkt\/kostka-klocek-gabka-scierna-skosna-gr-150\/","name":"KOSTKA KLOCEK G\u0104BKA \u015aCIERNA SKO\u015aNA GR 150 - BOBIMARKET.pl - Remontuj i urz\u0105dzaj z nami","isPartOf":{"@id":"https:\/\/bobimarket.pl\/#website"},"datePublished":"2023-08-29T22:40:25+00:00","dateModified":"2025-02-27T14:35:11+00:00","breadcrumb":{"@id":"https:\/\/bobimarket.pl\/index.php\/produkt\/kostka-klocek-gabka-scierna-skosna-gr-150\/#breadcrumb"},"inLanguage":"pl-PL","potentialAction":[{"@type":"ReadAction","target":["https:\/\/bobimarket.pl\/index.php\/produkt\/kostka-klocek-gabka-scierna-skosna-gr-150\/"]}]},{"@type":"BreadcrumbList","@id":"https:\/\/bobimarket.pl\/index.php\/produkt\/kostka-klocek-gabka-scierna-skosna-gr-150\/#breadcrumb","itemListElement":[{"@type":"ListItem","position":1,"name":"Strona g\u0142\u00f3wna","item":"https:\/\/bobimarket.pl\/"},{"@type":"ListItem","position":2,"name":"Sklep","item":"https:\/\/bobimarket.pl\/index.php\/shop\/"},{"@type":"ListItem","position":3,"name":"KOSTKA KLOCEK G\u0104BKA \u015aCIERNA SKO\u015aNA GR 150"}]},{"@type":"WebSite","@id":"https:\/\/bobimarket.pl\/#website","url":"https:\/\/bobimarket.pl\/","name":"BOBIMARKET.pl - Remontuj i urz\u0105dzaj z nami","description":"Remontuj i urz\u0105dzaj z nami","publisher":{"@id":"https:\/\/bobimarket.pl\/#organization"},"potentialAction":[{"@type":"SearchAction","target":{"@type":"EntryPoint","urlTemplate":"https:\/\/bobimarket.pl\/?s={search_term_string}"},"query-input":"required name=search_term_string"}],"inLanguage":"pl-PL"},{"@type":"Organization","@id":"https:\/\/bobimarket.pl\/#organization","name":"BOBIMARKET.pl","url":"https:\/\/bobimarket.pl\/","logo":{"@type":"ImageObject","inLanguage":"pl-PL","@id":"https:\/\/bobimarket.pl\/#\/schema\/logo\/image\/","url":"https:\/\/bobimarket.pl\/wp-content\/uploads\/2021\/11\/slogan.png","contentUrl":"https:\/\/bobimarket.pl\/wp-content\/uploads\/2021\/11\/slogan.png","width":2000,"height":384,"caption":"BOBIMARKET.pl"},"image":{"@id":"https:\/\/bobimarket.pl\/#\/schema\/logo\/image\/"}}]}},"_links":{"self":[{"href":"https:\/\/bobimarket.pl\/index.php\/wp-json\/wp\/v2\/product\/85575"}],"collection":[{"href":"https:\/\/bobimarket.pl\/index.php\/wp-json\/wp\/v2\/product"}],"about":[{"href":"https:\/\/bobimarket.pl\/index.php\/wp-json\/wp\/v2\/types\/product"}],"wp:featuredmedia":[{"embeddable":true,"href":"https:\/\/bobimarket.pl\/index.php\/wp-json\/wp\/v2\/media\/85569"}],"wp:attachment":[{"href":"https:\/\/bobimarket.pl\/index.php\/wp-json\/wp\/v2\/media?parent=85575"}],"wp:term":[{"taxonomy":"product_cat","embeddable":true,"href":"https:\/\/bobimarket.pl\/index.php\/wp-json\/wp\/v2\/product_cat?post=85575"},{"taxonomy":"product_tag","embeddable":true,"href":"https:\/\/bobimarket.pl\/index.php\/wp-json\/wp\/v2\/product_tag?post=85575"}],"curies":[{"name":"wp","href":"https:\/\/api.w.org\/{rel}","templated":true}]}}