{"id":85631,"date":"2023-08-29T22:44:52","date_gmt":"2023-08-29T22:44:52","guid":{"rendered":"https:\/\/bobimarket.pl\/index.php\/produkt\/walek-malarski-do-naroznikow-katowy\/"},"modified":"2025-02-27T14:35:52","modified_gmt":"2025-02-27T14:35:52","slug":"walek-malarski-do-naroznikow-katowy","status":"publish","type":"product","link":"https:\/\/bobimarket.pl\/index.php\/produkt\/walek-malarski-do-naroznikow-katowy\/","title":{"rendered":"WA\u0141EK MALARSKI DO NARO\u017bNIK\u00d3W K\u0104TOWY"},"content":{"rendered":"<section class=\"section\">\n<div class=\"item item-12\">\n<section class=\"text-item\">\n<h1>WA\u0141EK MALARSKI DO NARO\u017bNIK\u00d3W K\u0104TOWY<\/h1>\n<p><b>Dane techniczne:<\/b><\/p>\n<ul>\n<li>D\u0142ugo\u015b\u0107 ca\u0142kowita:<b> 430 mm<\/b><\/li>\n<li>\u015arednica:<b> 100 mm<\/b><\/li>\n<li>\u015arednica r\u0105czki: <b>6 mm<\/b><\/li>\n<li>Grubo\u015b\u0107 rolki:<b> 50mm<\/b><\/li>\n<\/ul>\n<\/section><\/div>\n<\/section>\n<section class=\"section\">\n<div class=\"item item-12\">\n<section class=\"image-item\">\n            <img decoding=\"async\" src=\"https:\/\/upload.cdn.baselinker.com\/products\/14476\/098341b5fb398429b14a20be9669be85.jpg\" \/><br \/>\n        <\/section>\n<\/p><\/div>\n<\/section>\n<section class=\"section\">\n<div class=\"item item-12\">\n<section class=\"text-item\">\n<p>Wa\u0142ek <b>GIRPAINT <\/b>r\u00f3wnomiernie rozprowadza farb\u0119 w naro\u017cnikach. Dzi\u0119ki niemu bez problemu pomalujesz ka\u017cdy k\u0105t \u015bciany czy sufitu.<\/p>\n<p>\u2705 <b>Zastosowanie:<\/b><\/p>\n<p>Wa\u0142ek\u00a0 posiada <b>solidn\u0105 i wygodn\u0105<\/b> r\u0105czk\u0119 wykonan\u0105 ze specjalnego tworzywa. Struktura wk\u0142adu<b> doskonale wch\u0142ania farb\u0119,<\/b> dlatego wa\u0142ek umo\u017cliwia przeprowadzenie czystych i szybkich prac remontowych.<\/p>\n<p><b>Jest przeznaczony do wszystkich rodzaj\u00f3w farb, nadaje si\u0119 doskonale:<\/b><\/p>\n<ul>\n<li>do farb lateksowych,<\/li>\n<li>emulsyjnych,<\/li>\n<li>silikonowych,<\/li>\n<li>akrylowych oraz silikatowych.<\/li>\n<\/ul>\n<\/section><\/div>\n<\/section>\n<section class=\"section\">\n<div class=\"item item-12\">\n<section class=\"image-item\">\n            <img decoding=\"async\" src=\"https:\/\/upload.cdn.baselinker.com\/products\/14476\/e9d42bca3c07128fea90f12a807ac474.jpg\" \/><br \/>\n        <\/section>\n<\/p><\/div>\n<\/section>\n<section class=\"section\">\n<div class=\"item item-12\">\n<section class=\"image-item\">\n            <img decoding=\"async\" src=\"https:\/\/upload.cdn.baselinker.com\/products\/14476\/3fcc00e95b593a21fbf153c1e65ead8b.jpg\" \/><br \/>\n        <\/section>\n<\/p><\/div>\n<\/section>\n","protected":false},"excerpt":{"rendered":"<p>WA\u0141EK MALARSKI DO NARO\u017bNIK\u00d3W K\u0104TOWY Dane techniczne: D\u0142ugo\u015b\u0107 ca\u0142kowita: 430 mm \u015arednica: 100 mm \u015arednica r\u0105czki: 6 mm Grubo\u015b\u0107 rolki: 50mm Wa\u0142ek GIRPAINT r\u00f3wnomiernie rozprowadza farb\u0119 w naro\u017cnikach. Dzi\u0119ki niemu bez problemu pomalujesz ka\u017cdy k\u0105t \u015bciany czy sufitu. \u2705 Zastosowanie: Wa\u0142ek\u00a0 posiada solidn\u0105 i wygodn\u0105 r\u0105czk\u0119 wykonan\u0105 ze specjalnego tworzywa. Struktura wk\u0142adu doskonale wch\u0142ania farb\u0119,<br \/><a class=\"more-link\" href=\"https:\/\/bobimarket.pl\/index.php\/produkt\/walek-malarski-do-naroznikow-katowy\/\"><br \/>\n        Czytaj wi\u0119cej<span class=\"screen-reader-text\"> &#8222;WA\u0141EK MALARSKI DO NARO\u017bNIK\u00d3W K\u0104TOWY&#8221;<\/span><\/a><\/p>\n","protected":false},"featured_media":85628,"template":"","meta":[],"product_cat":[8063],"product_tag":[],"yoast_head":"<!-- This site is optimized with the Yoast SEO plugin v21.0 - https:\/\/yoast.com\/wordpress\/plugins\/seo\/ -->\n<title>WA\u0141EK MALARSKI DO NARO\u017bNIK\u00d3W K\u0104TOWY - BOBIMARKET.pl - Remontuj i urz\u0105dzaj z nami<\/title>\n<meta name=\"robots\" content=\"index, follow, max-snippet:-1, max-image-preview:large, max-video-preview:-1\" \/>\n<link rel=\"canonical\" href=\"https:\/\/bobimarket.pl\/index.php\/produkt\/walek-malarski-do-naroznikow-katowy\/\" \/>\n<meta property=\"og:locale\" content=\"pl_PL\" \/>\n<meta property=\"og:type\" content=\"article\" \/>\n<meta property=\"og:title\" content=\"WA\u0141EK MALARSKI DO NARO\u017bNIK\u00d3W K\u0104TOWY - BOBIMARKET.pl - Remontuj i urz\u0105dzaj z nami\" \/>\n<meta property=\"og:description\" content=\"WA\u0141EK MALARSKI DO NARO\u017bNIK\u00d3W K\u0104TOWY Dane techniczne: D\u0142ugo\u015b\u0107 ca\u0142kowita: 430 mm \u015arednica: 100 mm \u015arednica r\u0105czki: 6 mm Grubo\u015b\u0107 rolki: 50mm Wa\u0142ek GIRPAINT r\u00f3wnomiernie rozprowadza farb\u0119 w naro\u017cnikach. Dzi\u0119ki niemu bez problemu pomalujesz ka\u017cdy k\u0105t \u015bciany czy sufitu. \u2705 Zastosowanie: Wa\u0142ek\u00a0 posiada solidn\u0105 i wygodn\u0105 r\u0105czk\u0119 wykonan\u0105 ze specjalnego tworzywa. Struktura wk\u0142adu doskonale wch\u0142ania farb\u0119,     Czytaj wi\u0119cej &quot;WA\u0141EK MALARSKI DO NARO\u017bNIK\u00d3W K\u0104TOWY&quot;\" \/>\n<meta property=\"og:url\" content=\"https:\/\/bobimarket.pl\/index.php\/produkt\/walek-malarski-do-naroznikow-katowy\/\" \/>\n<meta property=\"og:site_name\" content=\"BOBIMARKET.pl - Remontuj i urz\u0105dzaj z nami\" \/>\n<meta property=\"article:modified_time\" content=\"2025-02-27T14:35:52+00:00\" \/>\n<meta property=\"og:image\" content=\"https:\/\/upload.cdn.baselinker.com\/products\/14476\/098341b5fb398429b14a20be9669be85.jpg\" \/>\n<meta name=\"twitter:card\" content=\"summary_large_image\" \/>\n<script type=\"application\/ld+json\" class=\"yoast-schema-graph\">{\"@context\":\"https:\/\/schema.org\",\"@graph\":[{\"@type\":\"WebPage\",\"@id\":\"https:\/\/bobimarket.pl\/index.php\/produkt\/walek-malarski-do-naroznikow-katowy\/\",\"url\":\"https:\/\/bobimarket.pl\/index.php\/produkt\/walek-malarski-do-naroznikow-katowy\/\",\"name\":\"WA\u0141EK MALARSKI DO NARO\u017bNIK\u00d3W K\u0104TOWY - BOBIMARKET.pl - Remontuj i urz\u0105dzaj z nami\",\"isPartOf\":{\"@id\":\"https:\/\/bobimarket.pl\/#website\"},\"datePublished\":\"2023-08-29T22:44:52+00:00\",\"dateModified\":\"2025-02-27T14:35:52+00:00\",\"breadcrumb\":{\"@id\":\"https:\/\/bobimarket.pl\/index.php\/produkt\/walek-malarski-do-naroznikow-katowy\/#breadcrumb\"},\"inLanguage\":\"pl-PL\",\"potentialAction\":[{\"@type\":\"ReadAction\",\"target\":[\"https:\/\/bobimarket.pl\/index.php\/produkt\/walek-malarski-do-naroznikow-katowy\/\"]}]},{\"@type\":\"BreadcrumbList\",\"@id\":\"https:\/\/bobimarket.pl\/index.php\/produkt\/walek-malarski-do-naroznikow-katowy\/#breadcrumb\",\"itemListElement\":[{\"@type\":\"ListItem\",\"position\":1,\"name\":\"Strona g\u0142\u00f3wna\",\"item\":\"https:\/\/bobimarket.pl\/\"},{\"@type\":\"ListItem\",\"position\":2,\"name\":\"Sklep\",\"item\":\"https:\/\/bobimarket.pl\/index.php\/shop\/\"},{\"@type\":\"ListItem\",\"position\":3,\"name\":\"WA\u0141EK MALARSKI DO NARO\u017bNIK\u00d3W K\u0104TOWY\"}]},{\"@type\":\"WebSite\",\"@id\":\"https:\/\/bobimarket.pl\/#website\",\"url\":\"https:\/\/bobimarket.pl\/\",\"name\":\"BOBIMARKET.pl - Remontuj i urz\u0105dzaj z nami\",\"description\":\"Remontuj i urz\u0105dzaj z nami\",\"publisher\":{\"@id\":\"https:\/\/bobimarket.pl\/#organization\"},\"potentialAction\":[{\"@type\":\"SearchAction\",\"target\":{\"@type\":\"EntryPoint\",\"urlTemplate\":\"https:\/\/bobimarket.pl\/?s={search_term_string}\"},\"query-input\":\"required name=search_term_string\"}],\"inLanguage\":\"pl-PL\"},{\"@type\":\"Organization\",\"@id\":\"https:\/\/bobimarket.pl\/#organization\",\"name\":\"BOBIMARKET.pl\",\"url\":\"https:\/\/bobimarket.pl\/\",\"logo\":{\"@type\":\"ImageObject\",\"inLanguage\":\"pl-PL\",\"@id\":\"https:\/\/bobimarket.pl\/#\/schema\/logo\/image\/\",\"url\":\"https:\/\/bobimarket.pl\/wp-content\/uploads\/2021\/11\/slogan.png\",\"contentUrl\":\"https:\/\/bobimarket.pl\/wp-content\/uploads\/2021\/11\/slogan.png\",\"width\":2000,\"height\":384,\"caption\":\"BOBIMARKET.pl\"},\"image\":{\"@id\":\"https:\/\/bobimarket.pl\/#\/schema\/logo\/image\/\"}}]}<\/script>\n<!-- \/ Yoast SEO plugin. -->","yoast_head_json":{"title":"WA\u0141EK MALARSKI DO NARO\u017bNIK\u00d3W K\u0104TOWY - BOBIMARKET.pl - Remontuj i urz\u0105dzaj z nami","robots":{"index":"index","follow":"follow","max-snippet":"max-snippet:-1","max-image-preview":"max-image-preview:large","max-video-preview":"max-video-preview:-1"},"canonical":"https:\/\/bobimarket.pl\/index.php\/produkt\/walek-malarski-do-naroznikow-katowy\/","og_locale":"pl_PL","og_type":"article","og_title":"WA\u0141EK MALARSKI DO NARO\u017bNIK\u00d3W K\u0104TOWY - BOBIMARKET.pl - Remontuj i urz\u0105dzaj z nami","og_description":"WA\u0141EK MALARSKI DO NARO\u017bNIK\u00d3W K\u0104TOWY Dane techniczne: D\u0142ugo\u015b\u0107 ca\u0142kowita: 430 mm \u015arednica: 100 mm \u015arednica r\u0105czki: 6 mm Grubo\u015b\u0107 rolki: 50mm Wa\u0142ek GIRPAINT r\u00f3wnomiernie rozprowadza farb\u0119 w naro\u017cnikach. Dzi\u0119ki niemu bez problemu pomalujesz ka\u017cdy k\u0105t \u015bciany czy sufitu. \u2705 Zastosowanie: Wa\u0142ek\u00a0 posiada solidn\u0105 i wygodn\u0105 r\u0105czk\u0119 wykonan\u0105 ze specjalnego tworzywa. Struktura wk\u0142adu doskonale wch\u0142ania farb\u0119,     Czytaj wi\u0119cej \"WA\u0141EK MALARSKI DO NARO\u017bNIK\u00d3W K\u0104TOWY\"","og_url":"https:\/\/bobimarket.pl\/index.php\/produkt\/walek-malarski-do-naroznikow-katowy\/","og_site_name":"BOBIMARKET.pl - Remontuj i urz\u0105dzaj z nami","article_modified_time":"2025-02-27T14:35:52+00:00","og_image":[{"url":"https:\/\/upload.cdn.baselinker.com\/products\/14476\/098341b5fb398429b14a20be9669be85.jpg"}],"twitter_card":"summary_large_image","schema":{"@context":"https:\/\/schema.org","@graph":[{"@type":"WebPage","@id":"https:\/\/bobimarket.pl\/index.php\/produkt\/walek-malarski-do-naroznikow-katowy\/","url":"https:\/\/bobimarket.pl\/index.php\/produkt\/walek-malarski-do-naroznikow-katowy\/","name":"WA\u0141EK MALARSKI DO NARO\u017bNIK\u00d3W K\u0104TOWY - BOBIMARKET.pl - Remontuj i urz\u0105dzaj z nami","isPartOf":{"@id":"https:\/\/bobimarket.pl\/#website"},"datePublished":"2023-08-29T22:44:52+00:00","dateModified":"2025-02-27T14:35:52+00:00","breadcrumb":{"@id":"https:\/\/bobimarket.pl\/index.php\/produkt\/walek-malarski-do-naroznikow-katowy\/#breadcrumb"},"inLanguage":"pl-PL","potentialAction":[{"@type":"ReadAction","target":["https:\/\/bobimarket.pl\/index.php\/produkt\/walek-malarski-do-naroznikow-katowy\/"]}]},{"@type":"BreadcrumbList","@id":"https:\/\/bobimarket.pl\/index.php\/produkt\/walek-malarski-do-naroznikow-katowy\/#breadcrumb","itemListElement":[{"@type":"ListItem","position":1,"name":"Strona g\u0142\u00f3wna","item":"https:\/\/bobimarket.pl\/"},{"@type":"ListItem","position":2,"name":"Sklep","item":"https:\/\/bobimarket.pl\/index.php\/shop\/"},{"@type":"ListItem","position":3,"name":"WA\u0141EK MALARSKI DO NARO\u017bNIK\u00d3W K\u0104TOWY"}]},{"@type":"WebSite","@id":"https:\/\/bobimarket.pl\/#website","url":"https:\/\/bobimarket.pl\/","name":"BOBIMARKET.pl - Remontuj i urz\u0105dzaj z nami","description":"Remontuj i urz\u0105dzaj z nami","publisher":{"@id":"https:\/\/bobimarket.pl\/#organization"},"potentialAction":[{"@type":"SearchAction","target":{"@type":"EntryPoint","urlTemplate":"https:\/\/bobimarket.pl\/?s={search_term_string}"},"query-input":"required name=search_term_string"}],"inLanguage":"pl-PL"},{"@type":"Organization","@id":"https:\/\/bobimarket.pl\/#organization","name":"BOBIMARKET.pl","url":"https:\/\/bobimarket.pl\/","logo":{"@type":"ImageObject","inLanguage":"pl-PL","@id":"https:\/\/bobimarket.pl\/#\/schema\/logo\/image\/","url":"https:\/\/bobimarket.pl\/wp-content\/uploads\/2021\/11\/slogan.png","contentUrl":"https:\/\/bobimarket.pl\/wp-content\/uploads\/2021\/11\/slogan.png","width":2000,"height":384,"caption":"BOBIMARKET.pl"},"image":{"@id":"https:\/\/bobimarket.pl\/#\/schema\/logo\/image\/"}}]}},"_links":{"self":[{"href":"https:\/\/bobimarket.pl\/index.php\/wp-json\/wp\/v2\/product\/85631"}],"collection":[{"href":"https:\/\/bobimarket.pl\/index.php\/wp-json\/wp\/v2\/product"}],"about":[{"href":"https:\/\/bobimarket.pl\/index.php\/wp-json\/wp\/v2\/types\/product"}],"wp:featuredmedia":[{"embeddable":true,"href":"https:\/\/bobimarket.pl\/index.php\/wp-json\/wp\/v2\/media\/85628"}],"wp:attachment":[{"href":"https:\/\/bobimarket.pl\/index.php\/wp-json\/wp\/v2\/media?parent=85631"}],"wp:term":[{"taxonomy":"product_cat","embeddable":true,"href":"https:\/\/bobimarket.pl\/index.php\/wp-json\/wp\/v2\/product_cat?post=85631"},{"taxonomy":"product_tag","embeddable":true,"href":"https:\/\/bobimarket.pl\/index.php\/wp-json\/wp\/v2\/product_tag?post=85631"}],"curies":[{"name":"wp","href":"https:\/\/api.w.org\/{rel}","templated":true}]}}