{"id":85635,"date":"2023-08-29T22:45:17","date_gmt":"2023-08-29T22:45:17","guid":{"rendered":"https:\/\/bobimarket.pl\/index.php\/produkt\/walek-malarski-do-malowania-rur-grzejnikow\/"},"modified":"2025-03-23T20:26:09","modified_gmt":"2025-03-23T20:26:09","slug":"walek-malarski-do-malowania-rur-grzejnikow","status":"publish","type":"product","link":"https:\/\/bobimarket.pl\/index.php\/produkt\/walek-malarski-do-malowania-rur-grzejnikow\/","title":{"rendered":"WA\u0141EK MALARSKI DO MALOWANIA RUR GRZEJNIK\u00d3W"},"content":{"rendered":"<section class=\"section\">\n<div class=\"item item-12\">\n<section class=\"text-item\">\n<h1>WA\u0141EK MALARSKI DO MALOWANIA RUR GRZEJNIK\u00d3W<\/h1>\n<p><b>Dane techniczne:<\/b><\/p>\n<ul>\n<li>D\u0142ugo\u015b\u0107 ca\u0142kowita:<b> 345 mm<\/b><\/li>\n<li>\u015arednica:<b> 40 mm<\/b><\/li>\n<li>\u015arednica r\u0105czki: <b>6 mm<\/b><\/li>\n<li>Przeznacznie: f<b>arb lateksowych, emulsyjnych, silikonowych, akrylowych oraz silikatowych<\/b><\/li>\n<\/ul>\n<\/section><\/div>\n<\/section>\n<section class=\"section\">\n<div class=\"item item-12\">\n<section class=\"image-item\">\n            <img decoding=\"async\" src=\"https:\/\/upload.cdn.baselinker.com\/products\/14476\/4cdfdd71e2a49f5b46833c5a43c9a357.jpg\" \/><br \/>\n        <\/section>\n<\/p><\/div>\n<\/section>\n<section class=\"section\">\n<div class=\"item item-12\">\n<section class=\"text-item\">\n<p><b>\u2705 Zastosowanie:<\/b><\/p>\n<p>Wa\u0142ek <b>GIRPAINT <\/b>r\u00f3wnomiernie rozprowadza farb\u0119 na elementach okr\u0105g\u0142ych. Pomocny podczas malowania wszelkiego rodzaju rur, grzejnik\u00f3w itp<\/p>\n<ul>\n<li>Struktura wk\u0142adu <b>doskonale wch\u0142ania farb\u0119,<\/b> dlatego wa\u0142ek umo\u017cliwia przeprowadzenie czystych i szybkich prac remontowych.<\/li>\n<li>Wa\u0142ek\u00a0 posiada <b>solidn\u0105, wygodn\u0105 r\u0105czk\u0119<\/b>, wykonan\u0105 ze specjalnego tworzywa.<\/li>\n<\/ul>\n<p><b>Jest przeznaczony do wszystkich rodzaj\u00f3w farb, nadaje si\u0119 doskonale:<\/b><\/p>\n<ul>\n<li>do farb lateksowych,<\/li>\n<li>emulsyjnych,<\/li>\n<li>silikonowych,<\/li>\n<li>akrylowych oraz silikatowych.<\/li>\n<\/ul>\n<\/section><\/div>\n<\/section>\n<section class=\"section\">\n<div class=\"item item-12\">\n<section class=\"image-item\">\n            <img decoding=\"async\" src=\"https:\/\/upload.cdn.baselinker.com\/products\/14476\/7d9b9b9ab4a66b36b998e41d514fd95e.jpg\" \/><br \/>\n        <\/section>\n<\/p><\/div>\n<\/section>\n<section class=\"section\">\n<div class=\"item item-12\">\n<section class=\"image-item\">\n            <img decoding=\"async\" src=\"https:\/\/upload.cdn.baselinker.com\/products\/14476\/793ca007a1c489a94583e02c776e4f8a.jpg\" \/><br \/>\n        <\/section>\n<\/p><\/div>\n<\/section>\n","protected":false},"excerpt":{"rendered":"<p>WA\u0141EK MALARSKI DO MALOWANIA RUR GRZEJNIK\u00d3W Dane techniczne: D\u0142ugo\u015b\u0107 ca\u0142kowita: 345 mm \u015arednica: 40 mm \u015arednica r\u0105czki: 6 mm Przeznacznie: farb lateksowych, emulsyjnych, silikonowych, akrylowych oraz silikatowych \u2705 Zastosowanie: Wa\u0142ek GIRPAINT r\u00f3wnomiernie rozprowadza farb\u0119 na elementach okr\u0105g\u0142ych. Pomocny podczas malowania wszelkiego rodzaju rur, grzejnik\u00f3w itp Struktura wk\u0142adu doskonale wch\u0142ania farb\u0119, dlatego wa\u0142ek umo\u017cliwia przeprowadzenie czystych<br \/><a class=\"more-link\" href=\"https:\/\/bobimarket.pl\/index.php\/produkt\/walek-malarski-do-malowania-rur-grzejnikow\/\"><br \/>\n        Czytaj wi\u0119cej<span class=\"screen-reader-text\"> &#8222;WA\u0141EK MALARSKI DO MALOWANIA RUR GRZEJNIK\u00d3W&#8221;<\/span><\/a><\/p>\n","protected":false},"featured_media":85632,"template":"","meta":[],"product_cat":[8063],"product_tag":[],"yoast_head":"<!-- This site is optimized with the Yoast SEO plugin v21.0 - https:\/\/yoast.com\/wordpress\/plugins\/seo\/ -->\n<title>WA\u0141EK MALARSKI DO MALOWANIA RUR GRZEJNIK\u00d3W - BOBIMARKET.pl - Remontuj i urz\u0105dzaj z nami<\/title>\n<meta name=\"robots\" content=\"index, follow, max-snippet:-1, max-image-preview:large, max-video-preview:-1\" \/>\n<link rel=\"canonical\" href=\"https:\/\/bobimarket.pl\/index.php\/produkt\/walek-malarski-do-malowania-rur-grzejnikow\/\" \/>\n<meta property=\"og:locale\" content=\"pl_PL\" \/>\n<meta property=\"og:type\" content=\"article\" \/>\n<meta property=\"og:title\" content=\"WA\u0141EK MALARSKI DO MALOWANIA RUR GRZEJNIK\u00d3W - BOBIMARKET.pl - Remontuj i urz\u0105dzaj z nami\" \/>\n<meta property=\"og:description\" content=\"WA\u0141EK MALARSKI DO MALOWANIA RUR GRZEJNIK\u00d3W Dane techniczne: D\u0142ugo\u015b\u0107 ca\u0142kowita: 345 mm \u015arednica: 40 mm \u015arednica r\u0105czki: 6 mm Przeznacznie: farb lateksowych, emulsyjnych, silikonowych, akrylowych oraz silikatowych \u2705 Zastosowanie: Wa\u0142ek GIRPAINT r\u00f3wnomiernie rozprowadza farb\u0119 na elementach okr\u0105g\u0142ych. Pomocny podczas malowania wszelkiego rodzaju rur, grzejnik\u00f3w itp Struktura wk\u0142adu doskonale wch\u0142ania farb\u0119, dlatego wa\u0142ek umo\u017cliwia przeprowadzenie czystych     Czytaj wi\u0119cej &quot;WA\u0141EK MALARSKI DO MALOWANIA RUR GRZEJNIK\u00d3W&quot;\" \/>\n<meta property=\"og:url\" content=\"https:\/\/bobimarket.pl\/index.php\/produkt\/walek-malarski-do-malowania-rur-grzejnikow\/\" \/>\n<meta property=\"og:site_name\" content=\"BOBIMARKET.pl - Remontuj i urz\u0105dzaj z nami\" \/>\n<meta property=\"article:modified_time\" content=\"2025-03-23T20:26:09+00:00\" \/>\n<meta property=\"og:image\" content=\"https:\/\/upload.cdn.baselinker.com\/products\/14476\/4cdfdd71e2a49f5b46833c5a43c9a357.jpg\" \/>\n<meta name=\"twitter:card\" content=\"summary_large_image\" \/>\n<script type=\"application\/ld+json\" class=\"yoast-schema-graph\">{\"@context\":\"https:\/\/schema.org\",\"@graph\":[{\"@type\":\"WebPage\",\"@id\":\"https:\/\/bobimarket.pl\/index.php\/produkt\/walek-malarski-do-malowania-rur-grzejnikow\/\",\"url\":\"https:\/\/bobimarket.pl\/index.php\/produkt\/walek-malarski-do-malowania-rur-grzejnikow\/\",\"name\":\"WA\u0141EK MALARSKI DO MALOWANIA RUR GRZEJNIK\u00d3W - BOBIMARKET.pl - Remontuj i urz\u0105dzaj z nami\",\"isPartOf\":{\"@id\":\"https:\/\/bobimarket.pl\/#website\"},\"datePublished\":\"2023-08-29T22:45:17+00:00\",\"dateModified\":\"2025-03-23T20:26:09+00:00\",\"breadcrumb\":{\"@id\":\"https:\/\/bobimarket.pl\/index.php\/produkt\/walek-malarski-do-malowania-rur-grzejnikow\/#breadcrumb\"},\"inLanguage\":\"pl-PL\",\"potentialAction\":[{\"@type\":\"ReadAction\",\"target\":[\"https:\/\/bobimarket.pl\/index.php\/produkt\/walek-malarski-do-malowania-rur-grzejnikow\/\"]}]},{\"@type\":\"BreadcrumbList\",\"@id\":\"https:\/\/bobimarket.pl\/index.php\/produkt\/walek-malarski-do-malowania-rur-grzejnikow\/#breadcrumb\",\"itemListElement\":[{\"@type\":\"ListItem\",\"position\":1,\"name\":\"Strona g\u0142\u00f3wna\",\"item\":\"https:\/\/bobimarket.pl\/\"},{\"@type\":\"ListItem\",\"position\":2,\"name\":\"Sklep\",\"item\":\"https:\/\/bobimarket.pl\/index.php\/shop\/\"},{\"@type\":\"ListItem\",\"position\":3,\"name\":\"WA\u0141EK MALARSKI DO MALOWANIA RUR GRZEJNIK\u00d3W\"}]},{\"@type\":\"WebSite\",\"@id\":\"https:\/\/bobimarket.pl\/#website\",\"url\":\"https:\/\/bobimarket.pl\/\",\"name\":\"BOBIMARKET.pl - Remontuj i urz\u0105dzaj z nami\",\"description\":\"Remontuj i urz\u0105dzaj z nami\",\"publisher\":{\"@id\":\"https:\/\/bobimarket.pl\/#organization\"},\"potentialAction\":[{\"@type\":\"SearchAction\",\"target\":{\"@type\":\"EntryPoint\",\"urlTemplate\":\"https:\/\/bobimarket.pl\/?s={search_term_string}\"},\"query-input\":\"required name=search_term_string\"}],\"inLanguage\":\"pl-PL\"},{\"@type\":\"Organization\",\"@id\":\"https:\/\/bobimarket.pl\/#organization\",\"name\":\"BOBIMARKET.pl\",\"url\":\"https:\/\/bobimarket.pl\/\",\"logo\":{\"@type\":\"ImageObject\",\"inLanguage\":\"pl-PL\",\"@id\":\"https:\/\/bobimarket.pl\/#\/schema\/logo\/image\/\",\"url\":\"https:\/\/bobimarket.pl\/wp-content\/uploads\/2021\/11\/slogan.png\",\"contentUrl\":\"https:\/\/bobimarket.pl\/wp-content\/uploads\/2021\/11\/slogan.png\",\"width\":2000,\"height\":384,\"caption\":\"BOBIMARKET.pl\"},\"image\":{\"@id\":\"https:\/\/bobimarket.pl\/#\/schema\/logo\/image\/\"}}]}<\/script>\n<!-- \/ Yoast SEO plugin. -->","yoast_head_json":{"title":"WA\u0141EK MALARSKI DO MALOWANIA RUR GRZEJNIK\u00d3W - BOBIMARKET.pl - Remontuj i urz\u0105dzaj z nami","robots":{"index":"index","follow":"follow","max-snippet":"max-snippet:-1","max-image-preview":"max-image-preview:large","max-video-preview":"max-video-preview:-1"},"canonical":"https:\/\/bobimarket.pl\/index.php\/produkt\/walek-malarski-do-malowania-rur-grzejnikow\/","og_locale":"pl_PL","og_type":"article","og_title":"WA\u0141EK MALARSKI DO MALOWANIA RUR GRZEJNIK\u00d3W - BOBIMARKET.pl - Remontuj i urz\u0105dzaj z nami","og_description":"WA\u0141EK MALARSKI DO MALOWANIA RUR GRZEJNIK\u00d3W Dane techniczne: D\u0142ugo\u015b\u0107 ca\u0142kowita: 345 mm \u015arednica: 40 mm \u015arednica r\u0105czki: 6 mm Przeznacznie: farb lateksowych, emulsyjnych, silikonowych, akrylowych oraz silikatowych \u2705 Zastosowanie: Wa\u0142ek GIRPAINT r\u00f3wnomiernie rozprowadza farb\u0119 na elementach okr\u0105g\u0142ych. Pomocny podczas malowania wszelkiego rodzaju rur, grzejnik\u00f3w itp Struktura wk\u0142adu doskonale wch\u0142ania farb\u0119, dlatego wa\u0142ek umo\u017cliwia przeprowadzenie czystych     Czytaj wi\u0119cej \"WA\u0141EK MALARSKI DO MALOWANIA RUR GRZEJNIK\u00d3W\"","og_url":"https:\/\/bobimarket.pl\/index.php\/produkt\/walek-malarski-do-malowania-rur-grzejnikow\/","og_site_name":"BOBIMARKET.pl - Remontuj i urz\u0105dzaj z nami","article_modified_time":"2025-03-23T20:26:09+00:00","og_image":[{"url":"https:\/\/upload.cdn.baselinker.com\/products\/14476\/4cdfdd71e2a49f5b46833c5a43c9a357.jpg"}],"twitter_card":"summary_large_image","schema":{"@context":"https:\/\/schema.org","@graph":[{"@type":"WebPage","@id":"https:\/\/bobimarket.pl\/index.php\/produkt\/walek-malarski-do-malowania-rur-grzejnikow\/","url":"https:\/\/bobimarket.pl\/index.php\/produkt\/walek-malarski-do-malowania-rur-grzejnikow\/","name":"WA\u0141EK MALARSKI DO MALOWANIA RUR GRZEJNIK\u00d3W - BOBIMARKET.pl - Remontuj i urz\u0105dzaj z nami","isPartOf":{"@id":"https:\/\/bobimarket.pl\/#website"},"datePublished":"2023-08-29T22:45:17+00:00","dateModified":"2025-03-23T20:26:09+00:00","breadcrumb":{"@id":"https:\/\/bobimarket.pl\/index.php\/produkt\/walek-malarski-do-malowania-rur-grzejnikow\/#breadcrumb"},"inLanguage":"pl-PL","potentialAction":[{"@type":"ReadAction","target":["https:\/\/bobimarket.pl\/index.php\/produkt\/walek-malarski-do-malowania-rur-grzejnikow\/"]}]},{"@type":"BreadcrumbList","@id":"https:\/\/bobimarket.pl\/index.php\/produkt\/walek-malarski-do-malowania-rur-grzejnikow\/#breadcrumb","itemListElement":[{"@type":"ListItem","position":1,"name":"Strona g\u0142\u00f3wna","item":"https:\/\/bobimarket.pl\/"},{"@type":"ListItem","position":2,"name":"Sklep","item":"https:\/\/bobimarket.pl\/index.php\/shop\/"},{"@type":"ListItem","position":3,"name":"WA\u0141EK MALARSKI DO MALOWANIA RUR GRZEJNIK\u00d3W"}]},{"@type":"WebSite","@id":"https:\/\/bobimarket.pl\/#website","url":"https:\/\/bobimarket.pl\/","name":"BOBIMARKET.pl - Remontuj i urz\u0105dzaj z nami","description":"Remontuj i urz\u0105dzaj z nami","publisher":{"@id":"https:\/\/bobimarket.pl\/#organization"},"potentialAction":[{"@type":"SearchAction","target":{"@type":"EntryPoint","urlTemplate":"https:\/\/bobimarket.pl\/?s={search_term_string}"},"query-input":"required name=search_term_string"}],"inLanguage":"pl-PL"},{"@type":"Organization","@id":"https:\/\/bobimarket.pl\/#organization","name":"BOBIMARKET.pl","url":"https:\/\/bobimarket.pl\/","logo":{"@type":"ImageObject","inLanguage":"pl-PL","@id":"https:\/\/bobimarket.pl\/#\/schema\/logo\/image\/","url":"https:\/\/bobimarket.pl\/wp-content\/uploads\/2021\/11\/slogan.png","contentUrl":"https:\/\/bobimarket.pl\/wp-content\/uploads\/2021\/11\/slogan.png","width":2000,"height":384,"caption":"BOBIMARKET.pl"},"image":{"@id":"https:\/\/bobimarket.pl\/#\/schema\/logo\/image\/"}}]}},"_links":{"self":[{"href":"https:\/\/bobimarket.pl\/index.php\/wp-json\/wp\/v2\/product\/85635"}],"collection":[{"href":"https:\/\/bobimarket.pl\/index.php\/wp-json\/wp\/v2\/product"}],"about":[{"href":"https:\/\/bobimarket.pl\/index.php\/wp-json\/wp\/v2\/types\/product"}],"wp:featuredmedia":[{"embeddable":true,"href":"https:\/\/bobimarket.pl\/index.php\/wp-json\/wp\/v2\/media\/85632"}],"wp:attachment":[{"href":"https:\/\/bobimarket.pl\/index.php\/wp-json\/wp\/v2\/media?parent=85635"}],"wp:term":[{"taxonomy":"product_cat","embeddable":true,"href":"https:\/\/bobimarket.pl\/index.php\/wp-json\/wp\/v2\/product_cat?post=85635"},{"taxonomy":"product_tag","embeddable":true,"href":"https:\/\/bobimarket.pl\/index.php\/wp-json\/wp\/v2\/product_tag?post=85635"}],"curies":[{"name":"wp","href":"https:\/\/api.w.org\/{rel}","templated":true}]}}