{"id":85662,"date":"2023-08-29T22:47:35","date_gmt":"2023-08-29T22:47:35","guid":{"rendered":"https:\/\/bobimarket.pl\/index.php\/produkt\/szczotka-doczolowa-druciana-na-wiertarke-fi-80mm\/"},"modified":"2025-02-27T14:36:14","modified_gmt":"2025-02-27T14:36:14","slug":"szczotka-doczolowa-druciana-na-wiertarke-fi-80mm","status":"publish","type":"product","link":"https:\/\/bobimarket.pl\/index.php\/produkt\/szczotka-doczolowa-druciana-na-wiertarke-fi-80mm\/","title":{"rendered":"SZCZOTKA DOCZO\u0141OWA DRUCIANA NA WIERTARKE FI 80MM"},"content":{"rendered":"<section class=\"section\">\n<div class=\"item item-12\">\n<section class=\"text-item\">\n<h2>SZCZOTKA DOCZO\u0141OWA DRUCIANA NA WIERTARK\u0118 FI 80MM<\/h2>\n<p><b>Dane techniczne:<\/b><\/p>\n<ul>\n<li>\u015arednica: <b>80mm<\/b><\/li>\n<li>Typ szczotki: Doczo\u0142owa<\/li>\n<li>Mocowanie: <b>Trzpie\u0144<\/b><\/li>\n<li>Materia\u0142: Drut stalowy<\/li>\n<li>Max.obr\/min. 4500<\/li>\n<li>Wysoka jako\u015b\u0107<\/li>\n<\/ul>\n<\/section><\/div>\n<\/section>\n<section class=\"section\">\n<div class=\"item item-12\">\n<section class=\"image-item\">\n            <img decoding=\"async\" src=\"https:\/\/upload.cdn.baselinker.com\/products\/14476\/6f0f93776e8fe76b421625bba780be63.jpg\" \/><br \/>\n        <\/section>\n<\/p><\/div>\n<\/section>\n<section class=\"section\">\n<div class=\"item item-12\">\n<section class=\"text-item\">\n<p>Wysokiej jako\u015bci szczotka techniczna <b>doczo\u0142owa<\/b> do zamontowania na wiertark\u0119. Wykonana z drutu stalowego.<\/p>\n<ul>\n<li>Z jej pomoc\u0105 bardzo szybko oraz sprawnie usuniesz rdze,farb\u0119,oczy\u015bcisz spawy itp.<\/li>\n<li>Produkt z powodzeniem mo\u017cna zastosowa\u0107 na powierzchniach drewnianych jak i metalowych<\/li>\n<\/ul>\n<\/section><\/div>\n<\/section>\n<section class=\"section\">\n<div class=\"item item-6\">\n<section class=\"image-item\">\n            <img decoding=\"async\" src=\"https:\/\/upload.cdn.baselinker.com\/products\/14476\/99427990e3713b0a0a1031acf9832fa1.jpg\" \/><br \/>\n        <\/section>\n<\/p><\/div>\n<div class=\"item item-6\">\n<section class=\"image-item\">\n            <img decoding=\"async\" src=\"https:\/\/upload.cdn.baselinker.com\/products\/14476\/bffdbdf06f40fa7da7b1f8e8374d3526.jpg\" \/><br \/>\n        <\/section>\n<\/p><\/div>\n<\/section>\n<section class=\"section\">\n<div class=\"item item-12\">\n<section class=\"image-item\">\n            <img decoding=\"async\" src=\"https:\/\/upload.cdn.baselinker.com\/products\/14476\/3447f8a23e1d196f3057206bdb2d6c54.jpg\" \/><br \/>\n        <\/section>\n<\/p><\/div>\n<\/section>\n","protected":false},"excerpt":{"rendered":"<p>SZCZOTKA DOCZO\u0141OWA DRUCIANA NA WIERTARK\u0118 FI 80MM Dane techniczne: \u015arednica: 80mm Typ szczotki: Doczo\u0142owa Mocowanie: Trzpie\u0144 Materia\u0142: Drut stalowy Max.obr\/min. 4500 Wysoka jako\u015b\u0107 Wysokiej jako\u015bci szczotka techniczna doczo\u0142owa do zamontowania na wiertark\u0119. Wykonana z drutu stalowego. Z jej pomoc\u0105 bardzo szybko oraz sprawnie usuniesz rdze,farb\u0119,oczy\u015bcisz spawy itp. Produkt z powodzeniem mo\u017cna zastosowa\u0107 na powierzchniach drewnianych<br \/><a class=\"more-link\" href=\"https:\/\/bobimarket.pl\/index.php\/produkt\/szczotka-doczolowa-druciana-na-wiertarke-fi-80mm\/\"><br \/>\n        Czytaj wi\u0119cej<span class=\"screen-reader-text\"> &#8222;SZCZOTKA DOCZO\u0141OWA DRUCIANA NA WIERTARKE FI 80MM&#8221;<\/span><\/a><\/p>\n","protected":false},"featured_media":85657,"template":"","meta":[],"product_cat":[8303],"product_tag":[],"yoast_head":"<!-- This site is optimized with the Yoast SEO plugin v21.0 - https:\/\/yoast.com\/wordpress\/plugins\/seo\/ -->\n<title>SZCZOTKA DOCZO\u0141OWA DRUCIANA NA WIERTARKE FI 80MM - BOBIMARKET.pl - Remontuj i urz\u0105dzaj z nami<\/title>\n<meta name=\"robots\" content=\"index, follow, max-snippet:-1, max-image-preview:large, max-video-preview:-1\" \/>\n<link rel=\"canonical\" href=\"https:\/\/bobimarket.pl\/index.php\/produkt\/szczotka-doczolowa-druciana-na-wiertarke-fi-80mm\/\" \/>\n<meta property=\"og:locale\" content=\"pl_PL\" \/>\n<meta property=\"og:type\" content=\"article\" \/>\n<meta property=\"og:title\" content=\"SZCZOTKA DOCZO\u0141OWA DRUCIANA NA WIERTARKE FI 80MM - BOBIMARKET.pl - Remontuj i urz\u0105dzaj z nami\" \/>\n<meta property=\"og:description\" content=\"SZCZOTKA DOCZO\u0141OWA DRUCIANA NA WIERTARK\u0118 FI 80MM Dane techniczne: \u015arednica: 80mm Typ szczotki: Doczo\u0142owa Mocowanie: Trzpie\u0144 Materia\u0142: Drut stalowy Max.obr\/min. 4500 Wysoka jako\u015b\u0107 Wysokiej jako\u015bci szczotka techniczna doczo\u0142owa do zamontowania na wiertark\u0119. Wykonana z drutu stalowego. Z jej pomoc\u0105 bardzo szybko oraz sprawnie usuniesz rdze,farb\u0119,oczy\u015bcisz spawy itp. Produkt z powodzeniem mo\u017cna zastosowa\u0107 na powierzchniach drewnianych     Czytaj wi\u0119cej &quot;SZCZOTKA DOCZO\u0141OWA DRUCIANA NA WIERTARKE FI 80MM&quot;\" \/>\n<meta property=\"og:url\" content=\"https:\/\/bobimarket.pl\/index.php\/produkt\/szczotka-doczolowa-druciana-na-wiertarke-fi-80mm\/\" \/>\n<meta property=\"og:site_name\" content=\"BOBIMARKET.pl - Remontuj i urz\u0105dzaj z nami\" \/>\n<meta property=\"article:modified_time\" content=\"2025-02-27T14:36:14+00:00\" \/>\n<meta property=\"og:image\" content=\"https:\/\/upload.cdn.baselinker.com\/products\/14476\/6f0f93776e8fe76b421625bba780be63.jpg\" \/>\n<meta name=\"twitter:card\" content=\"summary_large_image\" \/>\n<script type=\"application\/ld+json\" class=\"yoast-schema-graph\">{\"@context\":\"https:\/\/schema.org\",\"@graph\":[{\"@type\":\"WebPage\",\"@id\":\"https:\/\/bobimarket.pl\/index.php\/produkt\/szczotka-doczolowa-druciana-na-wiertarke-fi-80mm\/\",\"url\":\"https:\/\/bobimarket.pl\/index.php\/produkt\/szczotka-doczolowa-druciana-na-wiertarke-fi-80mm\/\",\"name\":\"SZCZOTKA DOCZO\u0141OWA DRUCIANA NA WIERTARKE FI 80MM - BOBIMARKET.pl - Remontuj i urz\u0105dzaj z nami\",\"isPartOf\":{\"@id\":\"https:\/\/bobimarket.pl\/#website\"},\"datePublished\":\"2023-08-29T22:47:35+00:00\",\"dateModified\":\"2025-02-27T14:36:14+00:00\",\"breadcrumb\":{\"@id\":\"https:\/\/bobimarket.pl\/index.php\/produkt\/szczotka-doczolowa-druciana-na-wiertarke-fi-80mm\/#breadcrumb\"},\"inLanguage\":\"pl-PL\",\"potentialAction\":[{\"@type\":\"ReadAction\",\"target\":[\"https:\/\/bobimarket.pl\/index.php\/produkt\/szczotka-doczolowa-druciana-na-wiertarke-fi-80mm\/\"]}]},{\"@type\":\"BreadcrumbList\",\"@id\":\"https:\/\/bobimarket.pl\/index.php\/produkt\/szczotka-doczolowa-druciana-na-wiertarke-fi-80mm\/#breadcrumb\",\"itemListElement\":[{\"@type\":\"ListItem\",\"position\":1,\"name\":\"Strona g\u0142\u00f3wna\",\"item\":\"https:\/\/bobimarket.pl\/\"},{\"@type\":\"ListItem\",\"position\":2,\"name\":\"Sklep\",\"item\":\"https:\/\/bobimarket.pl\/index.php\/shop\/\"},{\"@type\":\"ListItem\",\"position\":3,\"name\":\"SZCZOTKA DOCZO\u0141OWA DRUCIANA NA WIERTARKE FI 80MM\"}]},{\"@type\":\"WebSite\",\"@id\":\"https:\/\/bobimarket.pl\/#website\",\"url\":\"https:\/\/bobimarket.pl\/\",\"name\":\"BOBIMARKET.pl - Remontuj i urz\u0105dzaj z nami\",\"description\":\"Remontuj i urz\u0105dzaj z nami\",\"publisher\":{\"@id\":\"https:\/\/bobimarket.pl\/#organization\"},\"potentialAction\":[{\"@type\":\"SearchAction\",\"target\":{\"@type\":\"EntryPoint\",\"urlTemplate\":\"https:\/\/bobimarket.pl\/?s={search_term_string}\"},\"query-input\":\"required name=search_term_string\"}],\"inLanguage\":\"pl-PL\"},{\"@type\":\"Organization\",\"@id\":\"https:\/\/bobimarket.pl\/#organization\",\"name\":\"BOBIMARKET.pl\",\"url\":\"https:\/\/bobimarket.pl\/\",\"logo\":{\"@type\":\"ImageObject\",\"inLanguage\":\"pl-PL\",\"@id\":\"https:\/\/bobimarket.pl\/#\/schema\/logo\/image\/\",\"url\":\"https:\/\/bobimarket.pl\/wp-content\/uploads\/2021\/11\/slogan.png\",\"contentUrl\":\"https:\/\/bobimarket.pl\/wp-content\/uploads\/2021\/11\/slogan.png\",\"width\":2000,\"height\":384,\"caption\":\"BOBIMARKET.pl\"},\"image\":{\"@id\":\"https:\/\/bobimarket.pl\/#\/schema\/logo\/image\/\"}}]}<\/script>\n<!-- \/ Yoast SEO plugin. -->","yoast_head_json":{"title":"SZCZOTKA DOCZO\u0141OWA DRUCIANA NA WIERTARKE FI 80MM - BOBIMARKET.pl - Remontuj i urz\u0105dzaj z nami","robots":{"index":"index","follow":"follow","max-snippet":"max-snippet:-1","max-image-preview":"max-image-preview:large","max-video-preview":"max-video-preview:-1"},"canonical":"https:\/\/bobimarket.pl\/index.php\/produkt\/szczotka-doczolowa-druciana-na-wiertarke-fi-80mm\/","og_locale":"pl_PL","og_type":"article","og_title":"SZCZOTKA DOCZO\u0141OWA DRUCIANA NA WIERTARKE FI 80MM - BOBIMARKET.pl - Remontuj i urz\u0105dzaj z nami","og_description":"SZCZOTKA DOCZO\u0141OWA DRUCIANA NA WIERTARK\u0118 FI 80MM Dane techniczne: \u015arednica: 80mm Typ szczotki: Doczo\u0142owa Mocowanie: Trzpie\u0144 Materia\u0142: Drut stalowy Max.obr\/min. 4500 Wysoka jako\u015b\u0107 Wysokiej jako\u015bci szczotka techniczna doczo\u0142owa do zamontowania na wiertark\u0119. Wykonana z drutu stalowego. Z jej pomoc\u0105 bardzo szybko oraz sprawnie usuniesz rdze,farb\u0119,oczy\u015bcisz spawy itp. Produkt z powodzeniem mo\u017cna zastosowa\u0107 na powierzchniach drewnianych     Czytaj wi\u0119cej \"SZCZOTKA DOCZO\u0141OWA DRUCIANA NA WIERTARKE FI 80MM\"","og_url":"https:\/\/bobimarket.pl\/index.php\/produkt\/szczotka-doczolowa-druciana-na-wiertarke-fi-80mm\/","og_site_name":"BOBIMARKET.pl - Remontuj i urz\u0105dzaj z nami","article_modified_time":"2025-02-27T14:36:14+00:00","og_image":[{"url":"https:\/\/upload.cdn.baselinker.com\/products\/14476\/6f0f93776e8fe76b421625bba780be63.jpg"}],"twitter_card":"summary_large_image","schema":{"@context":"https:\/\/schema.org","@graph":[{"@type":"WebPage","@id":"https:\/\/bobimarket.pl\/index.php\/produkt\/szczotka-doczolowa-druciana-na-wiertarke-fi-80mm\/","url":"https:\/\/bobimarket.pl\/index.php\/produkt\/szczotka-doczolowa-druciana-na-wiertarke-fi-80mm\/","name":"SZCZOTKA DOCZO\u0141OWA DRUCIANA NA WIERTARKE FI 80MM - BOBIMARKET.pl - Remontuj i urz\u0105dzaj z nami","isPartOf":{"@id":"https:\/\/bobimarket.pl\/#website"},"datePublished":"2023-08-29T22:47:35+00:00","dateModified":"2025-02-27T14:36:14+00:00","breadcrumb":{"@id":"https:\/\/bobimarket.pl\/index.php\/produkt\/szczotka-doczolowa-druciana-na-wiertarke-fi-80mm\/#breadcrumb"},"inLanguage":"pl-PL","potentialAction":[{"@type":"ReadAction","target":["https:\/\/bobimarket.pl\/index.php\/produkt\/szczotka-doczolowa-druciana-na-wiertarke-fi-80mm\/"]}]},{"@type":"BreadcrumbList","@id":"https:\/\/bobimarket.pl\/index.php\/produkt\/szczotka-doczolowa-druciana-na-wiertarke-fi-80mm\/#breadcrumb","itemListElement":[{"@type":"ListItem","position":1,"name":"Strona g\u0142\u00f3wna","item":"https:\/\/bobimarket.pl\/"},{"@type":"ListItem","position":2,"name":"Sklep","item":"https:\/\/bobimarket.pl\/index.php\/shop\/"},{"@type":"ListItem","position":3,"name":"SZCZOTKA DOCZO\u0141OWA DRUCIANA NA WIERTARKE FI 80MM"}]},{"@type":"WebSite","@id":"https:\/\/bobimarket.pl\/#website","url":"https:\/\/bobimarket.pl\/","name":"BOBIMARKET.pl - Remontuj i urz\u0105dzaj z nami","description":"Remontuj i urz\u0105dzaj z nami","publisher":{"@id":"https:\/\/bobimarket.pl\/#organization"},"potentialAction":[{"@type":"SearchAction","target":{"@type":"EntryPoint","urlTemplate":"https:\/\/bobimarket.pl\/?s={search_term_string}"},"query-input":"required name=search_term_string"}],"inLanguage":"pl-PL"},{"@type":"Organization","@id":"https:\/\/bobimarket.pl\/#organization","name":"BOBIMARKET.pl","url":"https:\/\/bobimarket.pl\/","logo":{"@type":"ImageObject","inLanguage":"pl-PL","@id":"https:\/\/bobimarket.pl\/#\/schema\/logo\/image\/","url":"https:\/\/bobimarket.pl\/wp-content\/uploads\/2021\/11\/slogan.png","contentUrl":"https:\/\/bobimarket.pl\/wp-content\/uploads\/2021\/11\/slogan.png","width":2000,"height":384,"caption":"BOBIMARKET.pl"},"image":{"@id":"https:\/\/bobimarket.pl\/#\/schema\/logo\/image\/"}}]}},"_links":{"self":[{"href":"https:\/\/bobimarket.pl\/index.php\/wp-json\/wp\/v2\/product\/85662"}],"collection":[{"href":"https:\/\/bobimarket.pl\/index.php\/wp-json\/wp\/v2\/product"}],"about":[{"href":"https:\/\/bobimarket.pl\/index.php\/wp-json\/wp\/v2\/types\/product"}],"wp:featuredmedia":[{"embeddable":true,"href":"https:\/\/bobimarket.pl\/index.php\/wp-json\/wp\/v2\/media\/85657"}],"wp:attachment":[{"href":"https:\/\/bobimarket.pl\/index.php\/wp-json\/wp\/v2\/media?parent=85662"}],"wp:term":[{"taxonomy":"product_cat","embeddable":true,"href":"https:\/\/bobimarket.pl\/index.php\/wp-json\/wp\/v2\/product_cat?post=85662"},{"taxonomy":"product_tag","embeddable":true,"href":"https:\/\/bobimarket.pl\/index.php\/wp-json\/wp\/v2\/product_tag?post=85662"}],"curies":[{"name":"wp","href":"https:\/\/api.w.org\/{rel}","templated":true}]}}