{"id":85682,"date":"2023-08-29T22:49:18","date_gmt":"2023-08-29T22:49:18","guid":{"rendered":"https:\/\/bobimarket.pl\/index.php\/produkt\/szybkozlaczka-szybkozlacze-zlaczka-aqua-3-4-cal\/"},"modified":"2025-02-27T14:36:34","modified_gmt":"2025-02-27T14:36:34","slug":"szybkozlaczka-szybkozlacze-zlaczka-aqua-3-4-cal","status":"publish","type":"product","link":"https:\/\/bobimarket.pl\/index.php\/produkt\/szybkozlaczka-szybkozlacze-zlaczka-aqua-3-4-cal\/","title":{"rendered":"SZYBKOZ\u0141\u0104CZKA SZYBKOZ\u0141\u0104CZE Z\u0141\u0104CZKA AQUA 3\/4 CAL"},"content":{"rendered":"<section class=\"section\">\n<div class=\"item item-6\">\n<section class=\"image-item\">\n            <img decoding=\"async\" src=\"https:\/\/upload.cdn.baselinker.com\/products\/14476\/4e973bf8de78108eda0ec34eb8073f29.jpg\" \/><br \/>\n        <\/section>\n<\/p><\/div>\n<div class=\"item item-6\">\n<section class=\"text-item\">\n<h2>SZYBKOZ\u0141\u0104CZKA SZYBKOZ\u0141\u0104CZE Z\u0141\u0104CZKA AQUA 3\/4 CAL<\/h2>\n<p>DANE TECHNICZNE:<\/p>\n<ul>\n<li>Rodzaj: szybkoz\u0142\u0105cze<\/li>\n<li>\u015arednica: <b>3\/4 Cal<\/b><\/li>\n<li>Materia\u0142: Tworzywo ABS<\/li>\n<li>Linia produktu: AQUA LINE<\/li>\n<\/ul>\n<\/section><\/div>\n<\/section>\n<section class=\"section\">\n<div class=\"item item-6\">\n<section class=\"image-item\">\n            <img decoding=\"async\" src=\"https:\/\/upload.cdn.baselinker.com\/products\/14476\/f916663905d19dac22071192936bdf90.jpg\" \/><br \/>\n        <\/section>\n<\/p><\/div>\n<div class=\"item item-6\">\n<section class=\"text-item\">\n<p>Wysokiej jako\u015bci szybkoz\u0142\u0105cze z seri AQUA LINE na w\u0105\u017c 3\/4 cal . Wykonane z mocnego tworzywa, kt\u00f3re zapewnia d\u0142ugotrwa\u0142e dzia\u0142anie.<\/p>\n<ul>\n<li>Szybkoz\u0142\u0105cze z tej seri pozwoli ci w szybki spos\u00f3b pod\u0142\u0105czy\u0107 w\u0105\u017c o \u015brednicy 3\/4 cala z innymi akcesoriami np. z pistoletem, zraszaczem itp..<\/li>\n<\/ul>\n<\/section><\/div>\n<\/section>\n","protected":false},"excerpt":{"rendered":"<p>SZYBKOZ\u0141\u0104CZKA SZYBKOZ\u0141\u0104CZE Z\u0141\u0104CZKA AQUA 3\/4 CAL DANE TECHNICZNE: Rodzaj: szybkoz\u0142\u0105cze \u015arednica: 3\/4 Cal Materia\u0142: Tworzywo ABS Linia produktu: AQUA LINE Wysokiej jako\u015bci szybkoz\u0142\u0105cze z seri AQUA LINE na w\u0105\u017c 3\/4 cal . Wykonane z mocnego tworzywa, kt\u00f3re zapewnia d\u0142ugotrwa\u0142e dzia\u0142anie. Szybkoz\u0142\u0105cze z tej seri pozwoli ci w szybki spos\u00f3b pod\u0142\u0105czy\u0107 w\u0105\u017c o \u015brednicy 3\/4 cala<br \/><a class=\"more-link\" href=\"https:\/\/bobimarket.pl\/index.php\/produkt\/szybkozlaczka-szybkozlacze-zlaczka-aqua-3-4-cal\/\"><br \/>\n        Czytaj wi\u0119cej<span class=\"screen-reader-text\"> &#8222;SZYBKOZ\u0141\u0104CZKA SZYBKOZ\u0141\u0104CZE Z\u0141\u0104CZKA AQUA 3\/4 CAL&#8221;<\/span><\/a><\/p>\n","protected":false},"featured_media":85680,"template":"","meta":[],"product_cat":[8254],"product_tag":[],"yoast_head":"<!-- This site is optimized with the Yoast SEO plugin v21.0 - https:\/\/yoast.com\/wordpress\/plugins\/seo\/ -->\n<title>SZYBKOZ\u0141\u0104CZKA SZYBKOZ\u0141\u0104CZE Z\u0141\u0104CZKA AQUA 3\/4 CAL - BOBIMARKET.pl - Remontuj i urz\u0105dzaj z nami<\/title>\n<meta name=\"robots\" content=\"index, follow, max-snippet:-1, max-image-preview:large, max-video-preview:-1\" \/>\n<link rel=\"canonical\" href=\"https:\/\/bobimarket.pl\/index.php\/produkt\/szybkozlaczka-szybkozlacze-zlaczka-aqua-3-4-cal\/\" \/>\n<meta property=\"og:locale\" content=\"pl_PL\" \/>\n<meta property=\"og:type\" content=\"article\" \/>\n<meta property=\"og:title\" content=\"SZYBKOZ\u0141\u0104CZKA SZYBKOZ\u0141\u0104CZE Z\u0141\u0104CZKA AQUA 3\/4 CAL - BOBIMARKET.pl - Remontuj i urz\u0105dzaj z nami\" \/>\n<meta property=\"og:description\" content=\"SZYBKOZ\u0141\u0104CZKA SZYBKOZ\u0141\u0104CZE Z\u0141\u0104CZKA AQUA 3\/4 CAL DANE TECHNICZNE: Rodzaj: szybkoz\u0142\u0105cze \u015arednica: 3\/4 Cal Materia\u0142: Tworzywo ABS Linia produktu: AQUA LINE Wysokiej jako\u015bci szybkoz\u0142\u0105cze z seri AQUA LINE na w\u0105\u017c 3\/4 cal . Wykonane z mocnego tworzywa, kt\u00f3re zapewnia d\u0142ugotrwa\u0142e dzia\u0142anie. Szybkoz\u0142\u0105cze z tej seri pozwoli ci w szybki spos\u00f3b pod\u0142\u0105czy\u0107 w\u0105\u017c o \u015brednicy 3\/4 cala     Czytaj wi\u0119cej &quot;SZYBKOZ\u0141\u0104CZKA SZYBKOZ\u0141\u0104CZE Z\u0141\u0104CZKA AQUA 3\/4 CAL&quot;\" \/>\n<meta property=\"og:url\" content=\"https:\/\/bobimarket.pl\/index.php\/produkt\/szybkozlaczka-szybkozlacze-zlaczka-aqua-3-4-cal\/\" \/>\n<meta property=\"og:site_name\" content=\"BOBIMARKET.pl - Remontuj i urz\u0105dzaj z nami\" \/>\n<meta property=\"article:modified_time\" content=\"2025-02-27T14:36:34+00:00\" \/>\n<meta property=\"og:image\" content=\"https:\/\/upload.cdn.baselinker.com\/products\/14476\/4e973bf8de78108eda0ec34eb8073f29.jpg\" \/>\n<meta name=\"twitter:card\" content=\"summary_large_image\" \/>\n<script type=\"application\/ld+json\" class=\"yoast-schema-graph\">{\"@context\":\"https:\/\/schema.org\",\"@graph\":[{\"@type\":\"WebPage\",\"@id\":\"https:\/\/bobimarket.pl\/index.php\/produkt\/szybkozlaczka-szybkozlacze-zlaczka-aqua-3-4-cal\/\",\"url\":\"https:\/\/bobimarket.pl\/index.php\/produkt\/szybkozlaczka-szybkozlacze-zlaczka-aqua-3-4-cal\/\",\"name\":\"SZYBKOZ\u0141\u0104CZKA SZYBKOZ\u0141\u0104CZE Z\u0141\u0104CZKA AQUA 3\/4 CAL - BOBIMARKET.pl - Remontuj i urz\u0105dzaj z nami\",\"isPartOf\":{\"@id\":\"https:\/\/bobimarket.pl\/#website\"},\"datePublished\":\"2023-08-29T22:49:18+00:00\",\"dateModified\":\"2025-02-27T14:36:34+00:00\",\"breadcrumb\":{\"@id\":\"https:\/\/bobimarket.pl\/index.php\/produkt\/szybkozlaczka-szybkozlacze-zlaczka-aqua-3-4-cal\/#breadcrumb\"},\"inLanguage\":\"pl-PL\",\"potentialAction\":[{\"@type\":\"ReadAction\",\"target\":[\"https:\/\/bobimarket.pl\/index.php\/produkt\/szybkozlaczka-szybkozlacze-zlaczka-aqua-3-4-cal\/\"]}]},{\"@type\":\"BreadcrumbList\",\"@id\":\"https:\/\/bobimarket.pl\/index.php\/produkt\/szybkozlaczka-szybkozlacze-zlaczka-aqua-3-4-cal\/#breadcrumb\",\"itemListElement\":[{\"@type\":\"ListItem\",\"position\":1,\"name\":\"Strona g\u0142\u00f3wna\",\"item\":\"https:\/\/bobimarket.pl\/\"},{\"@type\":\"ListItem\",\"position\":2,\"name\":\"Sklep\",\"item\":\"https:\/\/bobimarket.pl\/index.php\/shop\/\"},{\"@type\":\"ListItem\",\"position\":3,\"name\":\"SZYBKOZ\u0141\u0104CZKA SZYBKOZ\u0141\u0104CZE Z\u0141\u0104CZKA AQUA 3\/4 CAL\"}]},{\"@type\":\"WebSite\",\"@id\":\"https:\/\/bobimarket.pl\/#website\",\"url\":\"https:\/\/bobimarket.pl\/\",\"name\":\"BOBIMARKET.pl - Remontuj i urz\u0105dzaj z nami\",\"description\":\"Remontuj i urz\u0105dzaj z nami\",\"publisher\":{\"@id\":\"https:\/\/bobimarket.pl\/#organization\"},\"potentialAction\":[{\"@type\":\"SearchAction\",\"target\":{\"@type\":\"EntryPoint\",\"urlTemplate\":\"https:\/\/bobimarket.pl\/?s={search_term_string}\"},\"query-input\":\"required name=search_term_string\"}],\"inLanguage\":\"pl-PL\"},{\"@type\":\"Organization\",\"@id\":\"https:\/\/bobimarket.pl\/#organization\",\"name\":\"BOBIMARKET.pl\",\"url\":\"https:\/\/bobimarket.pl\/\",\"logo\":{\"@type\":\"ImageObject\",\"inLanguage\":\"pl-PL\",\"@id\":\"https:\/\/bobimarket.pl\/#\/schema\/logo\/image\/\",\"url\":\"https:\/\/bobimarket.pl\/wp-content\/uploads\/2021\/11\/slogan.png\",\"contentUrl\":\"https:\/\/bobimarket.pl\/wp-content\/uploads\/2021\/11\/slogan.png\",\"width\":2000,\"height\":384,\"caption\":\"BOBIMARKET.pl\"},\"image\":{\"@id\":\"https:\/\/bobimarket.pl\/#\/schema\/logo\/image\/\"}}]}<\/script>\n<!-- \/ Yoast SEO plugin. -->","yoast_head_json":{"title":"SZYBKOZ\u0141\u0104CZKA SZYBKOZ\u0141\u0104CZE Z\u0141\u0104CZKA AQUA 3\/4 CAL - BOBIMARKET.pl - Remontuj i urz\u0105dzaj z nami","robots":{"index":"index","follow":"follow","max-snippet":"max-snippet:-1","max-image-preview":"max-image-preview:large","max-video-preview":"max-video-preview:-1"},"canonical":"https:\/\/bobimarket.pl\/index.php\/produkt\/szybkozlaczka-szybkozlacze-zlaczka-aqua-3-4-cal\/","og_locale":"pl_PL","og_type":"article","og_title":"SZYBKOZ\u0141\u0104CZKA SZYBKOZ\u0141\u0104CZE Z\u0141\u0104CZKA AQUA 3\/4 CAL - BOBIMARKET.pl - Remontuj i urz\u0105dzaj z nami","og_description":"SZYBKOZ\u0141\u0104CZKA SZYBKOZ\u0141\u0104CZE Z\u0141\u0104CZKA AQUA 3\/4 CAL DANE TECHNICZNE: Rodzaj: szybkoz\u0142\u0105cze \u015arednica: 3\/4 Cal Materia\u0142: Tworzywo ABS Linia produktu: AQUA LINE Wysokiej jako\u015bci szybkoz\u0142\u0105cze z seri AQUA LINE na w\u0105\u017c 3\/4 cal . Wykonane z mocnego tworzywa, kt\u00f3re zapewnia d\u0142ugotrwa\u0142e dzia\u0142anie. Szybkoz\u0142\u0105cze z tej seri pozwoli ci w szybki spos\u00f3b pod\u0142\u0105czy\u0107 w\u0105\u017c o \u015brednicy 3\/4 cala     Czytaj wi\u0119cej \"SZYBKOZ\u0141\u0104CZKA SZYBKOZ\u0141\u0104CZE Z\u0141\u0104CZKA AQUA 3\/4 CAL\"","og_url":"https:\/\/bobimarket.pl\/index.php\/produkt\/szybkozlaczka-szybkozlacze-zlaczka-aqua-3-4-cal\/","og_site_name":"BOBIMARKET.pl - Remontuj i urz\u0105dzaj z nami","article_modified_time":"2025-02-27T14:36:34+00:00","og_image":[{"url":"https:\/\/upload.cdn.baselinker.com\/products\/14476\/4e973bf8de78108eda0ec34eb8073f29.jpg"}],"twitter_card":"summary_large_image","schema":{"@context":"https:\/\/schema.org","@graph":[{"@type":"WebPage","@id":"https:\/\/bobimarket.pl\/index.php\/produkt\/szybkozlaczka-szybkozlacze-zlaczka-aqua-3-4-cal\/","url":"https:\/\/bobimarket.pl\/index.php\/produkt\/szybkozlaczka-szybkozlacze-zlaczka-aqua-3-4-cal\/","name":"SZYBKOZ\u0141\u0104CZKA SZYBKOZ\u0141\u0104CZE Z\u0141\u0104CZKA AQUA 3\/4 CAL - BOBIMARKET.pl - Remontuj i urz\u0105dzaj z nami","isPartOf":{"@id":"https:\/\/bobimarket.pl\/#website"},"datePublished":"2023-08-29T22:49:18+00:00","dateModified":"2025-02-27T14:36:34+00:00","breadcrumb":{"@id":"https:\/\/bobimarket.pl\/index.php\/produkt\/szybkozlaczka-szybkozlacze-zlaczka-aqua-3-4-cal\/#breadcrumb"},"inLanguage":"pl-PL","potentialAction":[{"@type":"ReadAction","target":["https:\/\/bobimarket.pl\/index.php\/produkt\/szybkozlaczka-szybkozlacze-zlaczka-aqua-3-4-cal\/"]}]},{"@type":"BreadcrumbList","@id":"https:\/\/bobimarket.pl\/index.php\/produkt\/szybkozlaczka-szybkozlacze-zlaczka-aqua-3-4-cal\/#breadcrumb","itemListElement":[{"@type":"ListItem","position":1,"name":"Strona g\u0142\u00f3wna","item":"https:\/\/bobimarket.pl\/"},{"@type":"ListItem","position":2,"name":"Sklep","item":"https:\/\/bobimarket.pl\/index.php\/shop\/"},{"@type":"ListItem","position":3,"name":"SZYBKOZ\u0141\u0104CZKA SZYBKOZ\u0141\u0104CZE Z\u0141\u0104CZKA AQUA 3\/4 CAL"}]},{"@type":"WebSite","@id":"https:\/\/bobimarket.pl\/#website","url":"https:\/\/bobimarket.pl\/","name":"BOBIMARKET.pl - Remontuj i urz\u0105dzaj z nami","description":"Remontuj i urz\u0105dzaj z nami","publisher":{"@id":"https:\/\/bobimarket.pl\/#organization"},"potentialAction":[{"@type":"SearchAction","target":{"@type":"EntryPoint","urlTemplate":"https:\/\/bobimarket.pl\/?s={search_term_string}"},"query-input":"required name=search_term_string"}],"inLanguage":"pl-PL"},{"@type":"Organization","@id":"https:\/\/bobimarket.pl\/#organization","name":"BOBIMARKET.pl","url":"https:\/\/bobimarket.pl\/","logo":{"@type":"ImageObject","inLanguage":"pl-PL","@id":"https:\/\/bobimarket.pl\/#\/schema\/logo\/image\/","url":"https:\/\/bobimarket.pl\/wp-content\/uploads\/2021\/11\/slogan.png","contentUrl":"https:\/\/bobimarket.pl\/wp-content\/uploads\/2021\/11\/slogan.png","width":2000,"height":384,"caption":"BOBIMARKET.pl"},"image":{"@id":"https:\/\/bobimarket.pl\/#\/schema\/logo\/image\/"}}]}},"_links":{"self":[{"href":"https:\/\/bobimarket.pl\/index.php\/wp-json\/wp\/v2\/product\/85682"}],"collection":[{"href":"https:\/\/bobimarket.pl\/index.php\/wp-json\/wp\/v2\/product"}],"about":[{"href":"https:\/\/bobimarket.pl\/index.php\/wp-json\/wp\/v2\/types\/product"}],"wp:featuredmedia":[{"embeddable":true,"href":"https:\/\/bobimarket.pl\/index.php\/wp-json\/wp\/v2\/media\/85680"}],"wp:attachment":[{"href":"https:\/\/bobimarket.pl\/index.php\/wp-json\/wp\/v2\/media?parent=85682"}],"wp:term":[{"taxonomy":"product_cat","embeddable":true,"href":"https:\/\/bobimarket.pl\/index.php\/wp-json\/wp\/v2\/product_cat?post=85682"},{"taxonomy":"product_tag","embeddable":true,"href":"https:\/\/bobimarket.pl\/index.php\/wp-json\/wp\/v2\/product_tag?post=85682"}],"curies":[{"name":"wp","href":"https:\/\/api.w.org\/{rel}","templated":true}]}}