{"id":85713,"date":"2023-08-29T22:52:39","date_gmt":"2023-08-29T22:52:39","guid":{"rendered":"https:\/\/bobimarket.pl\/index.php\/produkt\/szczotka-do-mycia-samochodu-naturalna-szczecina\/"},"modified":"2025-07-20T16:40:22","modified_gmt":"2025-07-20T16:40:22","slug":"szczotka-do-mycia-samochodu-naturalna-szczecina","status":"publish","type":"product","link":"https:\/\/bobimarket.pl\/index.php\/produkt\/szczotka-do-mycia-samochodu-naturalna-szczecina\/","title":{"rendered":"SZCZOTKA DO MYCIA SAMOCHODU NATURALNA SZCZECINA"},"content":{"rendered":"<section class=\"section\">\n<div class=\"item item-6\">\n<section class=\"image-item\">\n            <img decoding=\"async\" src=\"https:\/\/upload.cdn.baselinker.com\/products\/14476\/c7f3ab3686c205f6c768b9a67d060817.jpg\" \/><br \/>\n        <\/section>\n<\/p><\/div>\n<div class=\"item item-6\">\n<section class=\"text-item\">\n<h1>SZCZOTKA DO MYCIA SAMOCHODU NATURALNA SZCZECINA<\/h1>\n<p><b>CECHY PRODUKTU:<\/b><\/p>\n<ul>\n<li>D\u0142ugo\u015b\u0107 ca\u0142kowita: <b>335 mm <\/b><\/li>\n<li>D\u0142ugo\u015b\u0107 w\u0142osia:<b> 6cm<\/b><\/li>\n<li>D\u0142ugo\u015b\u0107 zmiotki:<b>170mm<\/b><\/li>\n<li>Materia\u0142: drewno<\/li>\n<li>W\u0142osie: naturalna szczecina<\/li>\n<li><b>Produkt Polski!!<\/b><\/li>\n<\/ul>\n<\/section><\/div>\n<\/section>\n<section class=\"section\">\n<div class=\"item item-6\">\n<section class=\"image-item\">\n            <img decoding=\"async\" src=\"https:\/\/upload.cdn.baselinker.com\/products\/14476\/341a26beebf242133cfd61544db71193.jpg\" \/><br \/>\n        <\/section>\n<\/p><\/div>\n<div class=\"item item-6\">\n<section class=\"text-item\">\n<p><b>Polskiej<\/b> produkcji zmiotka z naturalnej szczeciny s\u0142u\u017c\u0105ca do mycia samochodu,roweru itp.<\/p>\n<ul>\n<li>Naturalne w\u0142osie nie rysuje powierzchni czyszcz\u0105cej<\/li>\n<li>Niezast\u0105piona w ka\u017cdym gospodarstwie domowym.<\/li>\n<\/ul>\n<\/section><\/div>\n<\/section>\n<section class=\"section\">\n<div class=\"item item-6\">\n<section class=\"image-item\">\n            <img decoding=\"async\" src=\"https:\/\/upload.cdn.baselinker.com\/products\/14476\/5a58822258302349396ac65cf005f460.jpg\" \/><br \/>\n        <\/section>\n<\/p><\/div>\n<div class=\"item item-6\">\n<section class=\"image-item\">\n            <img decoding=\"async\" src=\"https:\/\/upload.cdn.baselinker.com\/products\/14476\/0205d0badc2cffbe8b8dc09b6806b44b.jpg\" \/><br \/>\n        <\/section>\n<\/p><\/div>\n<\/section>\n<section class=\"section\">\n<div class=\"item item-12\">\n<section class=\"image-item\">\n            <img decoding=\"async\" src=\"https:\/\/upload.cdn.baselinker.com\/products\/14476\/c5cb1dbdd352bdcfa1a9f78d49d1683e.jpg\" \/><br \/>\n        <\/section>\n<\/p><\/div>\n<\/section>\n","protected":false},"excerpt":{"rendered":"<p>SZCZOTKA DO MYCIA SAMOCHODU NATURALNA SZCZECINA CECHY PRODUKTU: D\u0142ugo\u015b\u0107 ca\u0142kowita: 335 mm D\u0142ugo\u015b\u0107 w\u0142osia: 6cm D\u0142ugo\u015b\u0107 zmiotki:170mm Materia\u0142: drewno W\u0142osie: naturalna szczecina Produkt Polski!! Polskiej produkcji zmiotka z naturalnej szczeciny s\u0142u\u017c\u0105ca do mycia samochodu,roweru itp. Naturalne w\u0142osie nie rysuje powierzchni czyszcz\u0105cej Niezast\u0105piona w ka\u017cdym gospodarstwie domowym.<\/p>\n","protected":false},"featured_media":85708,"template":"","meta":[],"product_cat":[8304],"product_tag":[],"yoast_head":"<!-- This site is optimized with the Yoast SEO plugin v21.0 - https:\/\/yoast.com\/wordpress\/plugins\/seo\/ -->\n<title>SZCZOTKA DO MYCIA SAMOCHODU NATURALNA SZCZECINA - BOBIMARKET.pl - Remontuj i urz\u0105dzaj z nami<\/title>\n<meta name=\"robots\" content=\"index, follow, max-snippet:-1, max-image-preview:large, max-video-preview:-1\" \/>\n<link rel=\"canonical\" href=\"https:\/\/bobimarket.pl\/index.php\/produkt\/szczotka-do-mycia-samochodu-naturalna-szczecina\/\" \/>\n<meta property=\"og:locale\" content=\"pl_PL\" \/>\n<meta property=\"og:type\" content=\"article\" \/>\n<meta property=\"og:title\" content=\"SZCZOTKA DO MYCIA SAMOCHODU NATURALNA SZCZECINA - BOBIMARKET.pl - Remontuj i urz\u0105dzaj z nami\" \/>\n<meta property=\"og:description\" content=\"SZCZOTKA DO MYCIA SAMOCHODU NATURALNA SZCZECINA CECHY PRODUKTU: D\u0142ugo\u015b\u0107 ca\u0142kowita: 335 mm D\u0142ugo\u015b\u0107 w\u0142osia: 6cm D\u0142ugo\u015b\u0107 zmiotki:170mm Materia\u0142: drewno W\u0142osie: naturalna szczecina Produkt Polski!! Polskiej produkcji zmiotka z naturalnej szczeciny s\u0142u\u017c\u0105ca do mycia samochodu,roweru itp. Naturalne w\u0142osie nie rysuje powierzchni czyszcz\u0105cej Niezast\u0105piona w ka\u017cdym gospodarstwie domowym.\" \/>\n<meta property=\"og:url\" content=\"https:\/\/bobimarket.pl\/index.php\/produkt\/szczotka-do-mycia-samochodu-naturalna-szczecina\/\" \/>\n<meta property=\"og:site_name\" content=\"BOBIMARKET.pl - Remontuj i urz\u0105dzaj z nami\" \/>\n<meta property=\"article:modified_time\" content=\"2025-07-20T16:40:22+00:00\" \/>\n<meta property=\"og:image\" content=\"https:\/\/upload.cdn.baselinker.com\/products\/14476\/c7f3ab3686c205f6c768b9a67d060817.jpg\" \/>\n<meta name=\"twitter:card\" content=\"summary_large_image\" \/>\n<script type=\"application\/ld+json\" class=\"yoast-schema-graph\">{\"@context\":\"https:\/\/schema.org\",\"@graph\":[{\"@type\":\"WebPage\",\"@id\":\"https:\/\/bobimarket.pl\/index.php\/produkt\/szczotka-do-mycia-samochodu-naturalna-szczecina\/\",\"url\":\"https:\/\/bobimarket.pl\/index.php\/produkt\/szczotka-do-mycia-samochodu-naturalna-szczecina\/\",\"name\":\"SZCZOTKA DO MYCIA SAMOCHODU NATURALNA SZCZECINA - BOBIMARKET.pl - Remontuj i urz\u0105dzaj z nami\",\"isPartOf\":{\"@id\":\"https:\/\/bobimarket.pl\/#website\"},\"datePublished\":\"2023-08-29T22:52:39+00:00\",\"dateModified\":\"2025-07-20T16:40:22+00:00\",\"breadcrumb\":{\"@id\":\"https:\/\/bobimarket.pl\/index.php\/produkt\/szczotka-do-mycia-samochodu-naturalna-szczecina\/#breadcrumb\"},\"inLanguage\":\"pl-PL\",\"potentialAction\":[{\"@type\":\"ReadAction\",\"target\":[\"https:\/\/bobimarket.pl\/index.php\/produkt\/szczotka-do-mycia-samochodu-naturalna-szczecina\/\"]}]},{\"@type\":\"BreadcrumbList\",\"@id\":\"https:\/\/bobimarket.pl\/index.php\/produkt\/szczotka-do-mycia-samochodu-naturalna-szczecina\/#breadcrumb\",\"itemListElement\":[{\"@type\":\"ListItem\",\"position\":1,\"name\":\"Strona g\u0142\u00f3wna\",\"item\":\"https:\/\/bobimarket.pl\/\"},{\"@type\":\"ListItem\",\"position\":2,\"name\":\"Sklep\",\"item\":\"https:\/\/bobimarket.pl\/index.php\/shop\/\"},{\"@type\":\"ListItem\",\"position\":3,\"name\":\"SZCZOTKA DO MYCIA SAMOCHODU NATURALNA SZCZECINA\"}]},{\"@type\":\"WebSite\",\"@id\":\"https:\/\/bobimarket.pl\/#website\",\"url\":\"https:\/\/bobimarket.pl\/\",\"name\":\"BOBIMARKET.pl - Remontuj i urz\u0105dzaj z nami\",\"description\":\"Remontuj i urz\u0105dzaj z nami\",\"publisher\":{\"@id\":\"https:\/\/bobimarket.pl\/#organization\"},\"potentialAction\":[{\"@type\":\"SearchAction\",\"target\":{\"@type\":\"EntryPoint\",\"urlTemplate\":\"https:\/\/bobimarket.pl\/?s={search_term_string}\"},\"query-input\":\"required name=search_term_string\"}],\"inLanguage\":\"pl-PL\"},{\"@type\":\"Organization\",\"@id\":\"https:\/\/bobimarket.pl\/#organization\",\"name\":\"BOBIMARKET.pl\",\"url\":\"https:\/\/bobimarket.pl\/\",\"logo\":{\"@type\":\"ImageObject\",\"inLanguage\":\"pl-PL\",\"@id\":\"https:\/\/bobimarket.pl\/#\/schema\/logo\/image\/\",\"url\":\"https:\/\/bobimarket.pl\/wp-content\/uploads\/2021\/11\/slogan.png\",\"contentUrl\":\"https:\/\/bobimarket.pl\/wp-content\/uploads\/2021\/11\/slogan.png\",\"width\":2000,\"height\":384,\"caption\":\"BOBIMARKET.pl\"},\"image\":{\"@id\":\"https:\/\/bobimarket.pl\/#\/schema\/logo\/image\/\"}}]}<\/script>\n<!-- \/ Yoast SEO plugin. -->","yoast_head_json":{"title":"SZCZOTKA DO MYCIA SAMOCHODU NATURALNA SZCZECINA - BOBIMARKET.pl - Remontuj i urz\u0105dzaj z nami","robots":{"index":"index","follow":"follow","max-snippet":"max-snippet:-1","max-image-preview":"max-image-preview:large","max-video-preview":"max-video-preview:-1"},"canonical":"https:\/\/bobimarket.pl\/index.php\/produkt\/szczotka-do-mycia-samochodu-naturalna-szczecina\/","og_locale":"pl_PL","og_type":"article","og_title":"SZCZOTKA DO MYCIA SAMOCHODU NATURALNA SZCZECINA - BOBIMARKET.pl - Remontuj i urz\u0105dzaj z nami","og_description":"SZCZOTKA DO MYCIA SAMOCHODU NATURALNA SZCZECINA CECHY PRODUKTU: D\u0142ugo\u015b\u0107 ca\u0142kowita: 335 mm D\u0142ugo\u015b\u0107 w\u0142osia: 6cm D\u0142ugo\u015b\u0107 zmiotki:170mm Materia\u0142: drewno W\u0142osie: naturalna szczecina Produkt Polski!! Polskiej produkcji zmiotka z naturalnej szczeciny s\u0142u\u017c\u0105ca do mycia samochodu,roweru itp. Naturalne w\u0142osie nie rysuje powierzchni czyszcz\u0105cej Niezast\u0105piona w ka\u017cdym gospodarstwie domowym.","og_url":"https:\/\/bobimarket.pl\/index.php\/produkt\/szczotka-do-mycia-samochodu-naturalna-szczecina\/","og_site_name":"BOBIMARKET.pl - Remontuj i urz\u0105dzaj z nami","article_modified_time":"2025-07-20T16:40:22+00:00","og_image":[{"url":"https:\/\/upload.cdn.baselinker.com\/products\/14476\/c7f3ab3686c205f6c768b9a67d060817.jpg"}],"twitter_card":"summary_large_image","schema":{"@context":"https:\/\/schema.org","@graph":[{"@type":"WebPage","@id":"https:\/\/bobimarket.pl\/index.php\/produkt\/szczotka-do-mycia-samochodu-naturalna-szczecina\/","url":"https:\/\/bobimarket.pl\/index.php\/produkt\/szczotka-do-mycia-samochodu-naturalna-szczecina\/","name":"SZCZOTKA DO MYCIA SAMOCHODU NATURALNA SZCZECINA - BOBIMARKET.pl - Remontuj i urz\u0105dzaj z nami","isPartOf":{"@id":"https:\/\/bobimarket.pl\/#website"},"datePublished":"2023-08-29T22:52:39+00:00","dateModified":"2025-07-20T16:40:22+00:00","breadcrumb":{"@id":"https:\/\/bobimarket.pl\/index.php\/produkt\/szczotka-do-mycia-samochodu-naturalna-szczecina\/#breadcrumb"},"inLanguage":"pl-PL","potentialAction":[{"@type":"ReadAction","target":["https:\/\/bobimarket.pl\/index.php\/produkt\/szczotka-do-mycia-samochodu-naturalna-szczecina\/"]}]},{"@type":"BreadcrumbList","@id":"https:\/\/bobimarket.pl\/index.php\/produkt\/szczotka-do-mycia-samochodu-naturalna-szczecina\/#breadcrumb","itemListElement":[{"@type":"ListItem","position":1,"name":"Strona g\u0142\u00f3wna","item":"https:\/\/bobimarket.pl\/"},{"@type":"ListItem","position":2,"name":"Sklep","item":"https:\/\/bobimarket.pl\/index.php\/shop\/"},{"@type":"ListItem","position":3,"name":"SZCZOTKA DO MYCIA SAMOCHODU NATURALNA SZCZECINA"}]},{"@type":"WebSite","@id":"https:\/\/bobimarket.pl\/#website","url":"https:\/\/bobimarket.pl\/","name":"BOBIMARKET.pl - Remontuj i urz\u0105dzaj z nami","description":"Remontuj i urz\u0105dzaj z nami","publisher":{"@id":"https:\/\/bobimarket.pl\/#organization"},"potentialAction":[{"@type":"SearchAction","target":{"@type":"EntryPoint","urlTemplate":"https:\/\/bobimarket.pl\/?s={search_term_string}"},"query-input":"required name=search_term_string"}],"inLanguage":"pl-PL"},{"@type":"Organization","@id":"https:\/\/bobimarket.pl\/#organization","name":"BOBIMARKET.pl","url":"https:\/\/bobimarket.pl\/","logo":{"@type":"ImageObject","inLanguage":"pl-PL","@id":"https:\/\/bobimarket.pl\/#\/schema\/logo\/image\/","url":"https:\/\/bobimarket.pl\/wp-content\/uploads\/2021\/11\/slogan.png","contentUrl":"https:\/\/bobimarket.pl\/wp-content\/uploads\/2021\/11\/slogan.png","width":2000,"height":384,"caption":"BOBIMARKET.pl"},"image":{"@id":"https:\/\/bobimarket.pl\/#\/schema\/logo\/image\/"}}]}},"_links":{"self":[{"href":"https:\/\/bobimarket.pl\/index.php\/wp-json\/wp\/v2\/product\/85713"}],"collection":[{"href":"https:\/\/bobimarket.pl\/index.php\/wp-json\/wp\/v2\/product"}],"about":[{"href":"https:\/\/bobimarket.pl\/index.php\/wp-json\/wp\/v2\/types\/product"}],"wp:featuredmedia":[{"embeddable":true,"href":"https:\/\/bobimarket.pl\/index.php\/wp-json\/wp\/v2\/media\/85708"}],"wp:attachment":[{"href":"https:\/\/bobimarket.pl\/index.php\/wp-json\/wp\/v2\/media?parent=85713"}],"wp:term":[{"taxonomy":"product_cat","embeddable":true,"href":"https:\/\/bobimarket.pl\/index.php\/wp-json\/wp\/v2\/product_cat?post=85713"},{"taxonomy":"product_tag","embeddable":true,"href":"https:\/\/bobimarket.pl\/index.php\/wp-json\/wp\/v2\/product_tag?post=85713"}],"curies":[{"name":"wp","href":"https:\/\/api.w.org\/{rel}","templated":true}]}}