{"id":85717,"date":"2023-08-29T22:53:06","date_gmt":"2023-08-29T22:53:06","guid":{"rendered":"https:\/\/bobimarket.pl\/index.php\/produkt\/zmiotka-szczotka-miotelka-miotla-nylon\/"},"modified":"2025-02-27T14:37:04","modified_gmt":"2025-02-27T14:37:04","slug":"zmiotka-szczotka-miotelka-miotla-nylon","status":"publish","type":"product","link":"https:\/\/bobimarket.pl\/index.php\/produkt\/zmiotka-szczotka-miotelka-miotla-nylon\/","title":{"rendered":"ZMIOTKA SZCZOTKA MIOTE\u0141KA MIOT\u0141A NYLON"},"content":{"rendered":"<section class=\"section\">\n<div class=\"item item-6\">\n<section class=\"image-item\">\n            <img decoding=\"async\" src=\"https:\/\/upload.cdn.baselinker.com\/products\/14476\/ae24dccdb43f4597a46325ce272518c5.jpg\" \/><br \/>\n        <\/section>\n<\/p><\/div>\n<div class=\"item item-6\">\n<section class=\"text-item\">\n<h1>ZMIOTKA SZCZOTKA MIOTE\u0141KA MIOT\u0141A NYLON<\/h1>\n<p><b>CECHY PRODUKTU:<\/b><\/p>\n<ul>\n<li>D\u0142ugo\u015b\u0107 ca\u0142kowita: <b>335 mm<\/b><\/li>\n<li>D\u0142ugo\u015b\u0107 w\u0142osia:<b> 6,5cm<\/b><\/li>\n<li>D\u0142ugo\u015b\u0107 zmiotki:<b>170mm<\/b><\/li>\n<li>Materia\u0142: drewno<\/li>\n<li>W\u0142osie: NYLON<\/li>\n<li><b>Produkt Polski!!<\/b><\/li>\n<\/ul>\n<\/section><\/div>\n<\/section>\n<section class=\"section\">\n<div class=\"item item-6\">\n<section class=\"image-item\">\n            <img decoding=\"async\" src=\"https:\/\/upload.cdn.baselinker.com\/products\/14476\/f5409d1c92fc48f03bbc1f44f2555bad.jpg\" \/><br \/>\n        <\/section>\n<\/p><\/div>\n<div class=\"item item-6\">\n<section class=\"text-item\">\n<p><b>Polskiej produkcji<\/b> zmiotka wykonana z g\u0119sto rozmieszczonego w\u0142osia typu PET. Wygodna drewniana r\u0105czka. Otw\u00f3r w r\u0105czce umo\u017cliwi powieszenie zmiotki.<\/p>\n<p>\u2705 Niezast\u0105piona w ka\u017cdym gospodarstwie domowym, biurze oraz innych pomieszczeniach.<\/p>\n<\/section><\/div>\n<\/section>\n<section class=\"section\">\n<div class=\"item item-12\">\n<section class=\"image-item\">\n            <img decoding=\"async\" src=\"https:\/\/upload.cdn.baselinker.com\/products\/14476\/fb13b5e44a8b8e10d254800a42308b3c.jpg\" \/><br \/>\n        <\/section>\n<\/p><\/div>\n<\/section>\n","protected":false},"excerpt":{"rendered":"<p>ZMIOTKA SZCZOTKA MIOTE\u0141KA MIOT\u0141A NYLON CECHY PRODUKTU: D\u0142ugo\u015b\u0107 ca\u0142kowita: 335 mm D\u0142ugo\u015b\u0107 w\u0142osia: 6,5cm D\u0142ugo\u015b\u0107 zmiotki:170mm Materia\u0142: drewno W\u0142osie: NYLON Produkt Polski!! Polskiej produkcji zmiotka wykonana z g\u0119sto rozmieszczonego w\u0142osia typu PET. Wygodna drewniana r\u0105czka. Otw\u00f3r w r\u0105czce umo\u017cliwi powieszenie zmiotki. \u2705 Niezast\u0105piona w ka\u017cdym gospodarstwie domowym, biurze oraz innych pomieszczeniach.<\/p>\n","protected":false},"featured_media":85714,"template":"","meta":[],"product_cat":[8304],"product_tag":[],"yoast_head":"<!-- This site is optimized with the Yoast SEO plugin v21.0 - https:\/\/yoast.com\/wordpress\/plugins\/seo\/ -->\n<title>ZMIOTKA SZCZOTKA MIOTE\u0141KA MIOT\u0141A NYLON - BOBIMARKET.pl - Remontuj i urz\u0105dzaj z nami<\/title>\n<meta name=\"robots\" content=\"index, follow, max-snippet:-1, max-image-preview:large, max-video-preview:-1\" \/>\n<link rel=\"canonical\" href=\"https:\/\/bobimarket.pl\/index.php\/produkt\/zmiotka-szczotka-miotelka-miotla-nylon\/\" \/>\n<meta property=\"og:locale\" content=\"pl_PL\" \/>\n<meta property=\"og:type\" content=\"article\" \/>\n<meta property=\"og:title\" content=\"ZMIOTKA SZCZOTKA MIOTE\u0141KA MIOT\u0141A NYLON - BOBIMARKET.pl - Remontuj i urz\u0105dzaj z nami\" \/>\n<meta property=\"og:description\" content=\"ZMIOTKA SZCZOTKA MIOTE\u0141KA MIOT\u0141A NYLON CECHY PRODUKTU: D\u0142ugo\u015b\u0107 ca\u0142kowita: 335 mm D\u0142ugo\u015b\u0107 w\u0142osia: 6,5cm D\u0142ugo\u015b\u0107 zmiotki:170mm Materia\u0142: drewno W\u0142osie: NYLON Produkt Polski!! Polskiej produkcji zmiotka wykonana z g\u0119sto rozmieszczonego w\u0142osia typu PET. Wygodna drewniana r\u0105czka. Otw\u00f3r w r\u0105czce umo\u017cliwi powieszenie zmiotki. \u2705 Niezast\u0105piona w ka\u017cdym gospodarstwie domowym, biurze oraz innych pomieszczeniach.\" \/>\n<meta property=\"og:url\" content=\"https:\/\/bobimarket.pl\/index.php\/produkt\/zmiotka-szczotka-miotelka-miotla-nylon\/\" \/>\n<meta property=\"og:site_name\" content=\"BOBIMARKET.pl - Remontuj i urz\u0105dzaj z nami\" \/>\n<meta property=\"article:modified_time\" content=\"2025-02-27T14:37:04+00:00\" \/>\n<meta property=\"og:image\" content=\"https:\/\/upload.cdn.baselinker.com\/products\/14476\/ae24dccdb43f4597a46325ce272518c5.jpg\" \/>\n<meta name=\"twitter:card\" content=\"summary_large_image\" \/>\n<script type=\"application\/ld+json\" class=\"yoast-schema-graph\">{\"@context\":\"https:\/\/schema.org\",\"@graph\":[{\"@type\":\"WebPage\",\"@id\":\"https:\/\/bobimarket.pl\/index.php\/produkt\/zmiotka-szczotka-miotelka-miotla-nylon\/\",\"url\":\"https:\/\/bobimarket.pl\/index.php\/produkt\/zmiotka-szczotka-miotelka-miotla-nylon\/\",\"name\":\"ZMIOTKA SZCZOTKA MIOTE\u0141KA MIOT\u0141A NYLON - BOBIMARKET.pl - Remontuj i urz\u0105dzaj z nami\",\"isPartOf\":{\"@id\":\"https:\/\/bobimarket.pl\/#website\"},\"datePublished\":\"2023-08-29T22:53:06+00:00\",\"dateModified\":\"2025-02-27T14:37:04+00:00\",\"breadcrumb\":{\"@id\":\"https:\/\/bobimarket.pl\/index.php\/produkt\/zmiotka-szczotka-miotelka-miotla-nylon\/#breadcrumb\"},\"inLanguage\":\"pl-PL\",\"potentialAction\":[{\"@type\":\"ReadAction\",\"target\":[\"https:\/\/bobimarket.pl\/index.php\/produkt\/zmiotka-szczotka-miotelka-miotla-nylon\/\"]}]},{\"@type\":\"BreadcrumbList\",\"@id\":\"https:\/\/bobimarket.pl\/index.php\/produkt\/zmiotka-szczotka-miotelka-miotla-nylon\/#breadcrumb\",\"itemListElement\":[{\"@type\":\"ListItem\",\"position\":1,\"name\":\"Strona g\u0142\u00f3wna\",\"item\":\"https:\/\/bobimarket.pl\/\"},{\"@type\":\"ListItem\",\"position\":2,\"name\":\"Sklep\",\"item\":\"https:\/\/bobimarket.pl\/index.php\/shop\/\"},{\"@type\":\"ListItem\",\"position\":3,\"name\":\"ZMIOTKA SZCZOTKA MIOTE\u0141KA MIOT\u0141A NYLON\"}]},{\"@type\":\"WebSite\",\"@id\":\"https:\/\/bobimarket.pl\/#website\",\"url\":\"https:\/\/bobimarket.pl\/\",\"name\":\"BOBIMARKET.pl - Remontuj i urz\u0105dzaj z nami\",\"description\":\"Remontuj i urz\u0105dzaj z nami\",\"publisher\":{\"@id\":\"https:\/\/bobimarket.pl\/#organization\"},\"potentialAction\":[{\"@type\":\"SearchAction\",\"target\":{\"@type\":\"EntryPoint\",\"urlTemplate\":\"https:\/\/bobimarket.pl\/?s={search_term_string}\"},\"query-input\":\"required name=search_term_string\"}],\"inLanguage\":\"pl-PL\"},{\"@type\":\"Organization\",\"@id\":\"https:\/\/bobimarket.pl\/#organization\",\"name\":\"BOBIMARKET.pl\",\"url\":\"https:\/\/bobimarket.pl\/\",\"logo\":{\"@type\":\"ImageObject\",\"inLanguage\":\"pl-PL\",\"@id\":\"https:\/\/bobimarket.pl\/#\/schema\/logo\/image\/\",\"url\":\"https:\/\/bobimarket.pl\/wp-content\/uploads\/2021\/11\/slogan.png\",\"contentUrl\":\"https:\/\/bobimarket.pl\/wp-content\/uploads\/2021\/11\/slogan.png\",\"width\":2000,\"height\":384,\"caption\":\"BOBIMARKET.pl\"},\"image\":{\"@id\":\"https:\/\/bobimarket.pl\/#\/schema\/logo\/image\/\"}}]}<\/script>\n<!-- \/ Yoast SEO plugin. -->","yoast_head_json":{"title":"ZMIOTKA SZCZOTKA MIOTE\u0141KA MIOT\u0141A NYLON - BOBIMARKET.pl - Remontuj i urz\u0105dzaj z nami","robots":{"index":"index","follow":"follow","max-snippet":"max-snippet:-1","max-image-preview":"max-image-preview:large","max-video-preview":"max-video-preview:-1"},"canonical":"https:\/\/bobimarket.pl\/index.php\/produkt\/zmiotka-szczotka-miotelka-miotla-nylon\/","og_locale":"pl_PL","og_type":"article","og_title":"ZMIOTKA SZCZOTKA MIOTE\u0141KA MIOT\u0141A NYLON - BOBIMARKET.pl - Remontuj i urz\u0105dzaj z nami","og_description":"ZMIOTKA SZCZOTKA MIOTE\u0141KA MIOT\u0141A NYLON CECHY PRODUKTU: D\u0142ugo\u015b\u0107 ca\u0142kowita: 335 mm D\u0142ugo\u015b\u0107 w\u0142osia: 6,5cm D\u0142ugo\u015b\u0107 zmiotki:170mm Materia\u0142: drewno W\u0142osie: NYLON Produkt Polski!! Polskiej produkcji zmiotka wykonana z g\u0119sto rozmieszczonego w\u0142osia typu PET. Wygodna drewniana r\u0105czka. Otw\u00f3r w r\u0105czce umo\u017cliwi powieszenie zmiotki. \u2705 Niezast\u0105piona w ka\u017cdym gospodarstwie domowym, biurze oraz innych pomieszczeniach.","og_url":"https:\/\/bobimarket.pl\/index.php\/produkt\/zmiotka-szczotka-miotelka-miotla-nylon\/","og_site_name":"BOBIMARKET.pl - Remontuj i urz\u0105dzaj z nami","article_modified_time":"2025-02-27T14:37:04+00:00","og_image":[{"url":"https:\/\/upload.cdn.baselinker.com\/products\/14476\/ae24dccdb43f4597a46325ce272518c5.jpg"}],"twitter_card":"summary_large_image","schema":{"@context":"https:\/\/schema.org","@graph":[{"@type":"WebPage","@id":"https:\/\/bobimarket.pl\/index.php\/produkt\/zmiotka-szczotka-miotelka-miotla-nylon\/","url":"https:\/\/bobimarket.pl\/index.php\/produkt\/zmiotka-szczotka-miotelka-miotla-nylon\/","name":"ZMIOTKA SZCZOTKA MIOTE\u0141KA MIOT\u0141A NYLON - BOBIMARKET.pl - Remontuj i urz\u0105dzaj z nami","isPartOf":{"@id":"https:\/\/bobimarket.pl\/#website"},"datePublished":"2023-08-29T22:53:06+00:00","dateModified":"2025-02-27T14:37:04+00:00","breadcrumb":{"@id":"https:\/\/bobimarket.pl\/index.php\/produkt\/zmiotka-szczotka-miotelka-miotla-nylon\/#breadcrumb"},"inLanguage":"pl-PL","potentialAction":[{"@type":"ReadAction","target":["https:\/\/bobimarket.pl\/index.php\/produkt\/zmiotka-szczotka-miotelka-miotla-nylon\/"]}]},{"@type":"BreadcrumbList","@id":"https:\/\/bobimarket.pl\/index.php\/produkt\/zmiotka-szczotka-miotelka-miotla-nylon\/#breadcrumb","itemListElement":[{"@type":"ListItem","position":1,"name":"Strona g\u0142\u00f3wna","item":"https:\/\/bobimarket.pl\/"},{"@type":"ListItem","position":2,"name":"Sklep","item":"https:\/\/bobimarket.pl\/index.php\/shop\/"},{"@type":"ListItem","position":3,"name":"ZMIOTKA SZCZOTKA MIOTE\u0141KA MIOT\u0141A NYLON"}]},{"@type":"WebSite","@id":"https:\/\/bobimarket.pl\/#website","url":"https:\/\/bobimarket.pl\/","name":"BOBIMARKET.pl - Remontuj i urz\u0105dzaj z nami","description":"Remontuj i urz\u0105dzaj z nami","publisher":{"@id":"https:\/\/bobimarket.pl\/#organization"},"potentialAction":[{"@type":"SearchAction","target":{"@type":"EntryPoint","urlTemplate":"https:\/\/bobimarket.pl\/?s={search_term_string}"},"query-input":"required name=search_term_string"}],"inLanguage":"pl-PL"},{"@type":"Organization","@id":"https:\/\/bobimarket.pl\/#organization","name":"BOBIMARKET.pl","url":"https:\/\/bobimarket.pl\/","logo":{"@type":"ImageObject","inLanguage":"pl-PL","@id":"https:\/\/bobimarket.pl\/#\/schema\/logo\/image\/","url":"https:\/\/bobimarket.pl\/wp-content\/uploads\/2021\/11\/slogan.png","contentUrl":"https:\/\/bobimarket.pl\/wp-content\/uploads\/2021\/11\/slogan.png","width":2000,"height":384,"caption":"BOBIMARKET.pl"},"image":{"@id":"https:\/\/bobimarket.pl\/#\/schema\/logo\/image\/"}}]}},"_links":{"self":[{"href":"https:\/\/bobimarket.pl\/index.php\/wp-json\/wp\/v2\/product\/85717"}],"collection":[{"href":"https:\/\/bobimarket.pl\/index.php\/wp-json\/wp\/v2\/product"}],"about":[{"href":"https:\/\/bobimarket.pl\/index.php\/wp-json\/wp\/v2\/types\/product"}],"wp:featuredmedia":[{"embeddable":true,"href":"https:\/\/bobimarket.pl\/index.php\/wp-json\/wp\/v2\/media\/85714"}],"wp:attachment":[{"href":"https:\/\/bobimarket.pl\/index.php\/wp-json\/wp\/v2\/media?parent=85717"}],"wp:term":[{"taxonomy":"product_cat","embeddable":true,"href":"https:\/\/bobimarket.pl\/index.php\/wp-json\/wp\/v2\/product_cat?post=85717"},{"taxonomy":"product_tag","embeddable":true,"href":"https:\/\/bobimarket.pl\/index.php\/wp-json\/wp\/v2\/product_tag?post=85717"}],"curies":[{"name":"wp","href":"https:\/\/api.w.org\/{rel}","templated":true}]}}