{"id":85851,"date":"2023-08-29T23:05:43","date_gmt":"2023-08-29T23:05:43","guid":{"rendered":"https:\/\/bobimarket.pl\/index.php\/produkt\/linial-mierniczy-aluminiowy-linijka-miara-300-mm\/"},"modified":"2025-02-27T14:38:53","modified_gmt":"2025-02-27T14:38:53","slug":"linial-mierniczy-aluminiowy-linijka-miara-300-mm","status":"publish","type":"product","link":"https:\/\/bobimarket.pl\/index.php\/produkt\/linial-mierniczy-aluminiowy-linijka-miara-300-mm\/","title":{"rendered":"LINIA\u0141 MIERNICZY ALUMINIOWY LINIJKA MIARA 300 MM"},"content":{"rendered":"<section class=\"section\">\n<div class=\"item item-6\">\n<section class=\"image-item\">\n                <img decoding=\"async\" src=\"https:\/\/upload.cdn.baselinker.com\/products\/14476\/323f469ebcb02955d4ab5aebb3690c12.jpg\" \/><br \/>\n            <\/section>\n<\/p><\/div>\n<div class=\"item item-6\">\n<section class=\"text-item\">\n<h2>LINIA\u0141 MIERNICZY ALUMINIOWY LINIJKA MIARA 300 MM<\/h2>\n<p><b>Dane Techniczne:<\/b><\/p>\n<ul>\n<li>D\u0142ugo\u015b\u0107:<b> 300mm<\/b><\/li>\n<li>Szeroko\u015b\u0107:<b> 40mm<\/b><\/li>\n<li>Materia\u0142: Aluminium<\/li>\n<li>Podzia\u0142 metryczny<\/li>\n<\/ul>\n<\/section><\/div>\n<\/section>\n<section class=\"section\">\n<div class=\"item item-6\">\n<section class=\"image-item\">\n                <img decoding=\"async\" src=\"https:\/\/upload.cdn.baselinker.com\/products\/14476\/578f0ceb78e9cf5fb640a2754092b8e8.jpg\" \/><br \/>\n            <\/section>\n<\/p><\/div>\n<div class=\"item item-6\">\n<section class=\"text-item\">\n<p>Praktyczny i wielofunkcyjny linia\u0142 mierniczy. Linijka jest wykonana z aluminium, dzi\u0119ki czemu jest<b> lekka i odporna na rdz\u0119.<\/b><\/p>\n<p><b>\u2705 <\/b>Linia\u0142 posiada wiele zalet:<\/p>\n<ul>\n<li>Dok\u0142adna i widoczna <b>miara<\/b> wygrawerowane na czarno.<\/li>\n<li>Umo\u017cliwia on dok\u0142adne odczytywanie jak i nanoszenie pomiar\u00f3w.<\/li>\n<li>Dodatkowo posiada otw\u00f3r umo\u017cliwiaj\u0105cy jej zawieszenie.<\/li>\n<\/ul>\n<p><b>Nieodzowne narz\u0119dzie ka\u017cdego rzemie\u015blnika lub\u00a0 hobbysty.<\/b><\/p>\n<\/section><\/div>\n<\/section>\n<section class=\"section\">\n<div class=\"item item-6\">\n<section class=\"image-item\">\n                <img decoding=\"async\" src=\"https:\/\/upload.cdn.baselinker.com\/products\/14476\/ce187319f734614268487ef62b180f1f.jpg\" \/><br \/>\n            <\/section>\n<\/p><\/div>\n<div class=\"item item-6\">\n<section class=\"image-item\">\n                <img decoding=\"async\" src=\"https:\/\/upload.cdn.baselinker.com\/products\/14476\/ca274d117e954d1fbfd2dc40b254cafa.jpg\" \/><br \/>\n            <\/section>\n<\/p><\/div>\n<\/section>\n<section class=\"section\">\n<div class=\"item item-12\">\n<section class=\"image-item\">\n                <img decoding=\"async\" src=\"https:\/\/upload.cdn.baselinker.com\/products\/14476\/7c9950ed9841b7f8caf384e45ef89302.jpg\" \/><br \/>\n            <\/section>\n<\/p><\/div>\n<\/section>\n","protected":false},"excerpt":{"rendered":"<p>LINIA\u0141 MIERNICZY ALUMINIOWY LINIJKA MIARA 300 MM Dane Techniczne: D\u0142ugo\u015b\u0107: 300mm Szeroko\u015b\u0107: 40mm Materia\u0142: Aluminium Podzia\u0142 metryczny Praktyczny i wielofunkcyjny linia\u0142 mierniczy. Linijka jest wykonana z aluminium, dzi\u0119ki czemu jest lekka i odporna na rdz\u0119. \u2705 Linia\u0142 posiada wiele zalet: Dok\u0142adna i widoczna miara wygrawerowane na czarno. Umo\u017cliwia on dok\u0142adne odczytywanie jak i nanoszenie pomiar\u00f3w.<br \/><a class=\"more-link\" href=\"https:\/\/bobimarket.pl\/index.php\/produkt\/linial-mierniczy-aluminiowy-linijka-miara-300-mm\/\"><br \/>\n        Czytaj wi\u0119cej<span class=\"screen-reader-text\"> &#8222;LINIA\u0141 MIERNICZY ALUMINIOWY LINIJKA MIARA 300 MM&#8221;<\/span><\/a><\/p>\n","protected":false},"featured_media":85846,"template":"","meta":[],"product_cat":[8078],"product_tag":[],"yoast_head":"<!-- This site is optimized with the Yoast SEO plugin v21.0 - https:\/\/yoast.com\/wordpress\/plugins\/seo\/ -->\n<title>LINIA\u0141 MIERNICZY ALUMINIOWY LINIJKA MIARA 300 MM - BOBIMARKET.pl - Remontuj i urz\u0105dzaj z nami<\/title>\n<meta name=\"robots\" content=\"index, follow, max-snippet:-1, max-image-preview:large, max-video-preview:-1\" \/>\n<link rel=\"canonical\" href=\"https:\/\/bobimarket.pl\/index.php\/produkt\/linial-mierniczy-aluminiowy-linijka-miara-300-mm\/\" \/>\n<meta property=\"og:locale\" content=\"pl_PL\" \/>\n<meta property=\"og:type\" content=\"article\" \/>\n<meta property=\"og:title\" content=\"LINIA\u0141 MIERNICZY ALUMINIOWY LINIJKA MIARA 300 MM - BOBIMARKET.pl - Remontuj i urz\u0105dzaj z nami\" \/>\n<meta property=\"og:description\" content=\"LINIA\u0141 MIERNICZY ALUMINIOWY LINIJKA MIARA 300 MM Dane Techniczne: D\u0142ugo\u015b\u0107: 300mm Szeroko\u015b\u0107: 40mm Materia\u0142: Aluminium Podzia\u0142 metryczny Praktyczny i wielofunkcyjny linia\u0142 mierniczy. Linijka jest wykonana z aluminium, dzi\u0119ki czemu jest lekka i odporna na rdz\u0119. \u2705 Linia\u0142 posiada wiele zalet: Dok\u0142adna i widoczna miara wygrawerowane na czarno. Umo\u017cliwia on dok\u0142adne odczytywanie jak i nanoszenie pomiar\u00f3w.     Czytaj wi\u0119cej &quot;LINIA\u0141 MIERNICZY ALUMINIOWY LINIJKA MIARA 300 MM&quot;\" \/>\n<meta property=\"og:url\" content=\"https:\/\/bobimarket.pl\/index.php\/produkt\/linial-mierniczy-aluminiowy-linijka-miara-300-mm\/\" \/>\n<meta property=\"og:site_name\" content=\"BOBIMARKET.pl - Remontuj i urz\u0105dzaj z nami\" \/>\n<meta property=\"article:modified_time\" content=\"2025-02-27T14:38:53+00:00\" \/>\n<meta property=\"og:image\" content=\"https:\/\/upload.cdn.baselinker.com\/products\/14476\/323f469ebcb02955d4ab5aebb3690c12.jpg\" \/>\n<meta name=\"twitter:card\" content=\"summary_large_image\" \/>\n<script type=\"application\/ld+json\" class=\"yoast-schema-graph\">{\"@context\":\"https:\/\/schema.org\",\"@graph\":[{\"@type\":\"WebPage\",\"@id\":\"https:\/\/bobimarket.pl\/index.php\/produkt\/linial-mierniczy-aluminiowy-linijka-miara-300-mm\/\",\"url\":\"https:\/\/bobimarket.pl\/index.php\/produkt\/linial-mierniczy-aluminiowy-linijka-miara-300-mm\/\",\"name\":\"LINIA\u0141 MIERNICZY ALUMINIOWY LINIJKA MIARA 300 MM - BOBIMARKET.pl - Remontuj i urz\u0105dzaj z nami\",\"isPartOf\":{\"@id\":\"https:\/\/bobimarket.pl\/#website\"},\"datePublished\":\"2023-08-29T23:05:43+00:00\",\"dateModified\":\"2025-02-27T14:38:53+00:00\",\"breadcrumb\":{\"@id\":\"https:\/\/bobimarket.pl\/index.php\/produkt\/linial-mierniczy-aluminiowy-linijka-miara-300-mm\/#breadcrumb\"},\"inLanguage\":\"pl-PL\",\"potentialAction\":[{\"@type\":\"ReadAction\",\"target\":[\"https:\/\/bobimarket.pl\/index.php\/produkt\/linial-mierniczy-aluminiowy-linijka-miara-300-mm\/\"]}]},{\"@type\":\"BreadcrumbList\",\"@id\":\"https:\/\/bobimarket.pl\/index.php\/produkt\/linial-mierniczy-aluminiowy-linijka-miara-300-mm\/#breadcrumb\",\"itemListElement\":[{\"@type\":\"ListItem\",\"position\":1,\"name\":\"Strona g\u0142\u00f3wna\",\"item\":\"https:\/\/bobimarket.pl\/\"},{\"@type\":\"ListItem\",\"position\":2,\"name\":\"Sklep\",\"item\":\"https:\/\/bobimarket.pl\/index.php\/shop\/\"},{\"@type\":\"ListItem\",\"position\":3,\"name\":\"LINIA\u0141 MIERNICZY ALUMINIOWY LINIJKA MIARA 300 MM\"}]},{\"@type\":\"WebSite\",\"@id\":\"https:\/\/bobimarket.pl\/#website\",\"url\":\"https:\/\/bobimarket.pl\/\",\"name\":\"BOBIMARKET.pl - Remontuj i urz\u0105dzaj z nami\",\"description\":\"Remontuj i urz\u0105dzaj z nami\",\"publisher\":{\"@id\":\"https:\/\/bobimarket.pl\/#organization\"},\"potentialAction\":[{\"@type\":\"SearchAction\",\"target\":{\"@type\":\"EntryPoint\",\"urlTemplate\":\"https:\/\/bobimarket.pl\/?s={search_term_string}\"},\"query-input\":\"required name=search_term_string\"}],\"inLanguage\":\"pl-PL\"},{\"@type\":\"Organization\",\"@id\":\"https:\/\/bobimarket.pl\/#organization\",\"name\":\"BOBIMARKET.pl\",\"url\":\"https:\/\/bobimarket.pl\/\",\"logo\":{\"@type\":\"ImageObject\",\"inLanguage\":\"pl-PL\",\"@id\":\"https:\/\/bobimarket.pl\/#\/schema\/logo\/image\/\",\"url\":\"https:\/\/bobimarket.pl\/wp-content\/uploads\/2021\/11\/slogan.png\",\"contentUrl\":\"https:\/\/bobimarket.pl\/wp-content\/uploads\/2021\/11\/slogan.png\",\"width\":2000,\"height\":384,\"caption\":\"BOBIMARKET.pl\"},\"image\":{\"@id\":\"https:\/\/bobimarket.pl\/#\/schema\/logo\/image\/\"}}]}<\/script>\n<!-- \/ Yoast SEO plugin. -->","yoast_head_json":{"title":"LINIA\u0141 MIERNICZY ALUMINIOWY LINIJKA MIARA 300 MM - BOBIMARKET.pl - Remontuj i urz\u0105dzaj z nami","robots":{"index":"index","follow":"follow","max-snippet":"max-snippet:-1","max-image-preview":"max-image-preview:large","max-video-preview":"max-video-preview:-1"},"canonical":"https:\/\/bobimarket.pl\/index.php\/produkt\/linial-mierniczy-aluminiowy-linijka-miara-300-mm\/","og_locale":"pl_PL","og_type":"article","og_title":"LINIA\u0141 MIERNICZY ALUMINIOWY LINIJKA MIARA 300 MM - BOBIMARKET.pl - Remontuj i urz\u0105dzaj z nami","og_description":"LINIA\u0141 MIERNICZY ALUMINIOWY LINIJKA MIARA 300 MM Dane Techniczne: D\u0142ugo\u015b\u0107: 300mm Szeroko\u015b\u0107: 40mm Materia\u0142: Aluminium Podzia\u0142 metryczny Praktyczny i wielofunkcyjny linia\u0142 mierniczy. Linijka jest wykonana z aluminium, dzi\u0119ki czemu jest lekka i odporna na rdz\u0119. \u2705 Linia\u0142 posiada wiele zalet: Dok\u0142adna i widoczna miara wygrawerowane na czarno. Umo\u017cliwia on dok\u0142adne odczytywanie jak i nanoszenie pomiar\u00f3w.     Czytaj wi\u0119cej \"LINIA\u0141 MIERNICZY ALUMINIOWY LINIJKA MIARA 300 MM\"","og_url":"https:\/\/bobimarket.pl\/index.php\/produkt\/linial-mierniczy-aluminiowy-linijka-miara-300-mm\/","og_site_name":"BOBIMARKET.pl - Remontuj i urz\u0105dzaj z nami","article_modified_time":"2025-02-27T14:38:53+00:00","og_image":[{"url":"https:\/\/upload.cdn.baselinker.com\/products\/14476\/323f469ebcb02955d4ab5aebb3690c12.jpg"}],"twitter_card":"summary_large_image","schema":{"@context":"https:\/\/schema.org","@graph":[{"@type":"WebPage","@id":"https:\/\/bobimarket.pl\/index.php\/produkt\/linial-mierniczy-aluminiowy-linijka-miara-300-mm\/","url":"https:\/\/bobimarket.pl\/index.php\/produkt\/linial-mierniczy-aluminiowy-linijka-miara-300-mm\/","name":"LINIA\u0141 MIERNICZY ALUMINIOWY LINIJKA MIARA 300 MM - BOBIMARKET.pl - Remontuj i urz\u0105dzaj z nami","isPartOf":{"@id":"https:\/\/bobimarket.pl\/#website"},"datePublished":"2023-08-29T23:05:43+00:00","dateModified":"2025-02-27T14:38:53+00:00","breadcrumb":{"@id":"https:\/\/bobimarket.pl\/index.php\/produkt\/linial-mierniczy-aluminiowy-linijka-miara-300-mm\/#breadcrumb"},"inLanguage":"pl-PL","potentialAction":[{"@type":"ReadAction","target":["https:\/\/bobimarket.pl\/index.php\/produkt\/linial-mierniczy-aluminiowy-linijka-miara-300-mm\/"]}]},{"@type":"BreadcrumbList","@id":"https:\/\/bobimarket.pl\/index.php\/produkt\/linial-mierniczy-aluminiowy-linijka-miara-300-mm\/#breadcrumb","itemListElement":[{"@type":"ListItem","position":1,"name":"Strona g\u0142\u00f3wna","item":"https:\/\/bobimarket.pl\/"},{"@type":"ListItem","position":2,"name":"Sklep","item":"https:\/\/bobimarket.pl\/index.php\/shop\/"},{"@type":"ListItem","position":3,"name":"LINIA\u0141 MIERNICZY ALUMINIOWY LINIJKA MIARA 300 MM"}]},{"@type":"WebSite","@id":"https:\/\/bobimarket.pl\/#website","url":"https:\/\/bobimarket.pl\/","name":"BOBIMARKET.pl - Remontuj i urz\u0105dzaj z nami","description":"Remontuj i urz\u0105dzaj z nami","publisher":{"@id":"https:\/\/bobimarket.pl\/#organization"},"potentialAction":[{"@type":"SearchAction","target":{"@type":"EntryPoint","urlTemplate":"https:\/\/bobimarket.pl\/?s={search_term_string}"},"query-input":"required name=search_term_string"}],"inLanguage":"pl-PL"},{"@type":"Organization","@id":"https:\/\/bobimarket.pl\/#organization","name":"BOBIMARKET.pl","url":"https:\/\/bobimarket.pl\/","logo":{"@type":"ImageObject","inLanguage":"pl-PL","@id":"https:\/\/bobimarket.pl\/#\/schema\/logo\/image\/","url":"https:\/\/bobimarket.pl\/wp-content\/uploads\/2021\/11\/slogan.png","contentUrl":"https:\/\/bobimarket.pl\/wp-content\/uploads\/2021\/11\/slogan.png","width":2000,"height":384,"caption":"BOBIMARKET.pl"},"image":{"@id":"https:\/\/bobimarket.pl\/#\/schema\/logo\/image\/"}}]}},"_links":{"self":[{"href":"https:\/\/bobimarket.pl\/index.php\/wp-json\/wp\/v2\/product\/85851"}],"collection":[{"href":"https:\/\/bobimarket.pl\/index.php\/wp-json\/wp\/v2\/product"}],"about":[{"href":"https:\/\/bobimarket.pl\/index.php\/wp-json\/wp\/v2\/types\/product"}],"wp:featuredmedia":[{"embeddable":true,"href":"https:\/\/bobimarket.pl\/index.php\/wp-json\/wp\/v2\/media\/85846"}],"wp:attachment":[{"href":"https:\/\/bobimarket.pl\/index.php\/wp-json\/wp\/v2\/media?parent=85851"}],"wp:term":[{"taxonomy":"product_cat","embeddable":true,"href":"https:\/\/bobimarket.pl\/index.php\/wp-json\/wp\/v2\/product_cat?post=85851"},{"taxonomy":"product_tag","embeddable":true,"href":"https:\/\/bobimarket.pl\/index.php\/wp-json\/wp\/v2\/product_tag?post=85851"}],"curies":[{"name":"wp","href":"https:\/\/api.w.org\/{rel}","templated":true}]}}