{"id":85856,"date":"2023-08-29T23:06:13","date_gmt":"2023-08-29T23:06:13","guid":{"rendered":"https:\/\/bobimarket.pl\/index.php\/produkt\/katownik-nastawny-aluminiowy-stolarski-200-mm\/"},"modified":"2025-02-27T14:38:57","modified_gmt":"2025-02-27T14:38:57","slug":"katownik-nastawny-aluminiowy-stolarski-200-mm","status":"publish","type":"product","link":"https:\/\/bobimarket.pl\/index.php\/produkt\/katownik-nastawny-aluminiowy-stolarski-200-mm\/","title":{"rendered":"K\u0104TOWNIK NASTAWNY ALUMINIOWY STOLARSKI 200 MM"},"content":{"rendered":"<section class=\"section\">\n<div class=\"item item-6\">\n<section class=\"image-item\">\n                <img decoding=\"async\" src=\"https:\/\/upload.cdn.baselinker.com\/products\/14476\/e6757c1edb9da872dec3069ae8c2f81c.jpg\" \/><br \/>\n            <\/section>\n<\/p><\/div>\n<div class=\"item item-6\">\n<section class=\"text-item\">\n<h2>K\u0104TOWNIK NASTAWNY ALUMINIOWY STOLARSKI 200 MM<\/h2>\n<p><b>Dane Techniczne:<\/b><\/p>\n<ul>\n<li>D\u0142ugo\u015b\u0107:<b> 300mm<\/b><\/li>\n<li>Materia\u0142: Aluminium<\/li>\n<\/ul>\n<\/section><\/div>\n<\/section>\n<section class=\"section\">\n<div class=\"item item-6\">\n<section class=\"image-item\">\n                <img decoding=\"async\" src=\"https:\/\/upload.cdn.baselinker.com\/products\/14476\/323b7c7ad53e68707a418b90c2ef69fe.jpg\" \/><br \/>\n            <\/section>\n<\/p><\/div>\n<div class=\"item item-6\">\n<section class=\"text-item\">\n<p>Aluminiowy k\u0105townik nastawny pos\u0142u\u017cy ci do przeniesienia wybranego k\u0105ta na drugi element.<\/p>\n<p>Nieodzowne narz\u0119dzie ka\u017cdego rzemie\u015blnika,hobbysty.<\/p>\n<\/section><\/div>\n<\/section>\n<section class=\"section\">\n<div class=\"item item-6\">\n<section class=\"image-item\">\n                <img decoding=\"async\" src=\"https:\/\/upload.cdn.baselinker.com\/products\/14476\/14edd0b406ae779b272b45e137b0bf93.jpg\" \/><br \/>\n            <\/section>\n<\/p><\/div>\n<div class=\"item item-6\">\n<section class=\"image-item\">\n                <img decoding=\"async\" src=\"https:\/\/upload.cdn.baselinker.com\/products\/14476\/81790a7aada15932dabc0cfcdc22126e.jpg\" \/><br \/>\n            <\/section>\n<\/p><\/div>\n<\/section>\n","protected":false},"excerpt":{"rendered":"<p>K\u0104TOWNIK NASTAWNY ALUMINIOWY STOLARSKI 200 MM Dane Techniczne: D\u0142ugo\u015b\u0107: 300mm Materia\u0142: Aluminium Aluminiowy k\u0105townik nastawny pos\u0142u\u017cy ci do przeniesienia wybranego k\u0105ta na drugi element. Nieodzowne narz\u0119dzie ka\u017cdego rzemie\u015blnika,hobbysty.<\/p>\n","protected":false},"featured_media":85852,"template":"","meta":[],"product_cat":[8193],"product_tag":[],"yoast_head":"<!-- This site is optimized with the Yoast SEO plugin v21.0 - https:\/\/yoast.com\/wordpress\/plugins\/seo\/ -->\n<title>K\u0104TOWNIK NASTAWNY ALUMINIOWY STOLARSKI 200 MM - BOBIMARKET.pl - Remontuj i urz\u0105dzaj z nami<\/title>\n<meta name=\"robots\" content=\"index, follow, max-snippet:-1, max-image-preview:large, max-video-preview:-1\" \/>\n<link rel=\"canonical\" href=\"https:\/\/bobimarket.pl\/index.php\/produkt\/katownik-nastawny-aluminiowy-stolarski-200-mm\/\" \/>\n<meta property=\"og:locale\" content=\"pl_PL\" \/>\n<meta property=\"og:type\" content=\"article\" \/>\n<meta property=\"og:title\" content=\"K\u0104TOWNIK NASTAWNY ALUMINIOWY STOLARSKI 200 MM - BOBIMARKET.pl - Remontuj i urz\u0105dzaj z nami\" \/>\n<meta property=\"og:description\" content=\"K\u0104TOWNIK NASTAWNY ALUMINIOWY STOLARSKI 200 MM Dane Techniczne: D\u0142ugo\u015b\u0107: 300mm Materia\u0142: Aluminium Aluminiowy k\u0105townik nastawny pos\u0142u\u017cy ci do przeniesienia wybranego k\u0105ta na drugi element. Nieodzowne narz\u0119dzie ka\u017cdego rzemie\u015blnika,hobbysty.\" \/>\n<meta property=\"og:url\" content=\"https:\/\/bobimarket.pl\/index.php\/produkt\/katownik-nastawny-aluminiowy-stolarski-200-mm\/\" \/>\n<meta property=\"og:site_name\" content=\"BOBIMARKET.pl - Remontuj i urz\u0105dzaj z nami\" \/>\n<meta property=\"article:modified_time\" content=\"2025-02-27T14:38:57+00:00\" \/>\n<meta property=\"og:image\" content=\"https:\/\/upload.cdn.baselinker.com\/products\/14476\/e6757c1edb9da872dec3069ae8c2f81c.jpg\" \/>\n<meta name=\"twitter:card\" content=\"summary_large_image\" \/>\n<script type=\"application\/ld+json\" class=\"yoast-schema-graph\">{\"@context\":\"https:\/\/schema.org\",\"@graph\":[{\"@type\":\"WebPage\",\"@id\":\"https:\/\/bobimarket.pl\/index.php\/produkt\/katownik-nastawny-aluminiowy-stolarski-200-mm\/\",\"url\":\"https:\/\/bobimarket.pl\/index.php\/produkt\/katownik-nastawny-aluminiowy-stolarski-200-mm\/\",\"name\":\"K\u0104TOWNIK NASTAWNY ALUMINIOWY STOLARSKI 200 MM - BOBIMARKET.pl - Remontuj i urz\u0105dzaj z nami\",\"isPartOf\":{\"@id\":\"https:\/\/bobimarket.pl\/#website\"},\"datePublished\":\"2023-08-29T23:06:13+00:00\",\"dateModified\":\"2025-02-27T14:38:57+00:00\",\"breadcrumb\":{\"@id\":\"https:\/\/bobimarket.pl\/index.php\/produkt\/katownik-nastawny-aluminiowy-stolarski-200-mm\/#breadcrumb\"},\"inLanguage\":\"pl-PL\",\"potentialAction\":[{\"@type\":\"ReadAction\",\"target\":[\"https:\/\/bobimarket.pl\/index.php\/produkt\/katownik-nastawny-aluminiowy-stolarski-200-mm\/\"]}]},{\"@type\":\"BreadcrumbList\",\"@id\":\"https:\/\/bobimarket.pl\/index.php\/produkt\/katownik-nastawny-aluminiowy-stolarski-200-mm\/#breadcrumb\",\"itemListElement\":[{\"@type\":\"ListItem\",\"position\":1,\"name\":\"Strona g\u0142\u00f3wna\",\"item\":\"https:\/\/bobimarket.pl\/\"},{\"@type\":\"ListItem\",\"position\":2,\"name\":\"Sklep\",\"item\":\"https:\/\/bobimarket.pl\/index.php\/shop\/\"},{\"@type\":\"ListItem\",\"position\":3,\"name\":\"K\u0104TOWNIK NASTAWNY ALUMINIOWY STOLARSKI 200 MM\"}]},{\"@type\":\"WebSite\",\"@id\":\"https:\/\/bobimarket.pl\/#website\",\"url\":\"https:\/\/bobimarket.pl\/\",\"name\":\"BOBIMARKET.pl - Remontuj i urz\u0105dzaj z nami\",\"description\":\"Remontuj i urz\u0105dzaj z nami\",\"publisher\":{\"@id\":\"https:\/\/bobimarket.pl\/#organization\"},\"potentialAction\":[{\"@type\":\"SearchAction\",\"target\":{\"@type\":\"EntryPoint\",\"urlTemplate\":\"https:\/\/bobimarket.pl\/?s={search_term_string}\"},\"query-input\":\"required name=search_term_string\"}],\"inLanguage\":\"pl-PL\"},{\"@type\":\"Organization\",\"@id\":\"https:\/\/bobimarket.pl\/#organization\",\"name\":\"BOBIMARKET.pl\",\"url\":\"https:\/\/bobimarket.pl\/\",\"logo\":{\"@type\":\"ImageObject\",\"inLanguage\":\"pl-PL\",\"@id\":\"https:\/\/bobimarket.pl\/#\/schema\/logo\/image\/\",\"url\":\"https:\/\/bobimarket.pl\/wp-content\/uploads\/2021\/11\/slogan.png\",\"contentUrl\":\"https:\/\/bobimarket.pl\/wp-content\/uploads\/2021\/11\/slogan.png\",\"width\":2000,\"height\":384,\"caption\":\"BOBIMARKET.pl\"},\"image\":{\"@id\":\"https:\/\/bobimarket.pl\/#\/schema\/logo\/image\/\"}}]}<\/script>\n<!-- \/ Yoast SEO plugin. -->","yoast_head_json":{"title":"K\u0104TOWNIK NASTAWNY ALUMINIOWY STOLARSKI 200 MM - BOBIMARKET.pl - Remontuj i urz\u0105dzaj z nami","robots":{"index":"index","follow":"follow","max-snippet":"max-snippet:-1","max-image-preview":"max-image-preview:large","max-video-preview":"max-video-preview:-1"},"canonical":"https:\/\/bobimarket.pl\/index.php\/produkt\/katownik-nastawny-aluminiowy-stolarski-200-mm\/","og_locale":"pl_PL","og_type":"article","og_title":"K\u0104TOWNIK NASTAWNY ALUMINIOWY STOLARSKI 200 MM - BOBIMARKET.pl - Remontuj i urz\u0105dzaj z nami","og_description":"K\u0104TOWNIK NASTAWNY ALUMINIOWY STOLARSKI 200 MM Dane Techniczne: D\u0142ugo\u015b\u0107: 300mm Materia\u0142: Aluminium Aluminiowy k\u0105townik nastawny pos\u0142u\u017cy ci do przeniesienia wybranego k\u0105ta na drugi element. Nieodzowne narz\u0119dzie ka\u017cdego rzemie\u015blnika,hobbysty.","og_url":"https:\/\/bobimarket.pl\/index.php\/produkt\/katownik-nastawny-aluminiowy-stolarski-200-mm\/","og_site_name":"BOBIMARKET.pl - Remontuj i urz\u0105dzaj z nami","article_modified_time":"2025-02-27T14:38:57+00:00","og_image":[{"url":"https:\/\/upload.cdn.baselinker.com\/products\/14476\/e6757c1edb9da872dec3069ae8c2f81c.jpg"}],"twitter_card":"summary_large_image","schema":{"@context":"https:\/\/schema.org","@graph":[{"@type":"WebPage","@id":"https:\/\/bobimarket.pl\/index.php\/produkt\/katownik-nastawny-aluminiowy-stolarski-200-mm\/","url":"https:\/\/bobimarket.pl\/index.php\/produkt\/katownik-nastawny-aluminiowy-stolarski-200-mm\/","name":"K\u0104TOWNIK NASTAWNY ALUMINIOWY STOLARSKI 200 MM - BOBIMARKET.pl - Remontuj i urz\u0105dzaj z nami","isPartOf":{"@id":"https:\/\/bobimarket.pl\/#website"},"datePublished":"2023-08-29T23:06:13+00:00","dateModified":"2025-02-27T14:38:57+00:00","breadcrumb":{"@id":"https:\/\/bobimarket.pl\/index.php\/produkt\/katownik-nastawny-aluminiowy-stolarski-200-mm\/#breadcrumb"},"inLanguage":"pl-PL","potentialAction":[{"@type":"ReadAction","target":["https:\/\/bobimarket.pl\/index.php\/produkt\/katownik-nastawny-aluminiowy-stolarski-200-mm\/"]}]},{"@type":"BreadcrumbList","@id":"https:\/\/bobimarket.pl\/index.php\/produkt\/katownik-nastawny-aluminiowy-stolarski-200-mm\/#breadcrumb","itemListElement":[{"@type":"ListItem","position":1,"name":"Strona g\u0142\u00f3wna","item":"https:\/\/bobimarket.pl\/"},{"@type":"ListItem","position":2,"name":"Sklep","item":"https:\/\/bobimarket.pl\/index.php\/shop\/"},{"@type":"ListItem","position":3,"name":"K\u0104TOWNIK NASTAWNY ALUMINIOWY STOLARSKI 200 MM"}]},{"@type":"WebSite","@id":"https:\/\/bobimarket.pl\/#website","url":"https:\/\/bobimarket.pl\/","name":"BOBIMARKET.pl - Remontuj i urz\u0105dzaj z nami","description":"Remontuj i urz\u0105dzaj z nami","publisher":{"@id":"https:\/\/bobimarket.pl\/#organization"},"potentialAction":[{"@type":"SearchAction","target":{"@type":"EntryPoint","urlTemplate":"https:\/\/bobimarket.pl\/?s={search_term_string}"},"query-input":"required name=search_term_string"}],"inLanguage":"pl-PL"},{"@type":"Organization","@id":"https:\/\/bobimarket.pl\/#organization","name":"BOBIMARKET.pl","url":"https:\/\/bobimarket.pl\/","logo":{"@type":"ImageObject","inLanguage":"pl-PL","@id":"https:\/\/bobimarket.pl\/#\/schema\/logo\/image\/","url":"https:\/\/bobimarket.pl\/wp-content\/uploads\/2021\/11\/slogan.png","contentUrl":"https:\/\/bobimarket.pl\/wp-content\/uploads\/2021\/11\/slogan.png","width":2000,"height":384,"caption":"BOBIMARKET.pl"},"image":{"@id":"https:\/\/bobimarket.pl\/#\/schema\/logo\/image\/"}}]}},"_links":{"self":[{"href":"https:\/\/bobimarket.pl\/index.php\/wp-json\/wp\/v2\/product\/85856"}],"collection":[{"href":"https:\/\/bobimarket.pl\/index.php\/wp-json\/wp\/v2\/product"}],"about":[{"href":"https:\/\/bobimarket.pl\/index.php\/wp-json\/wp\/v2\/types\/product"}],"wp:featuredmedia":[{"embeddable":true,"href":"https:\/\/bobimarket.pl\/index.php\/wp-json\/wp\/v2\/media\/85852"}],"wp:attachment":[{"href":"https:\/\/bobimarket.pl\/index.php\/wp-json\/wp\/v2\/media?parent=85856"}],"wp:term":[{"taxonomy":"product_cat","embeddable":true,"href":"https:\/\/bobimarket.pl\/index.php\/wp-json\/wp\/v2\/product_cat?post=85856"},{"taxonomy":"product_tag","embeddable":true,"href":"https:\/\/bobimarket.pl\/index.php\/wp-json\/wp\/v2\/product_tag?post=85856"}],"curies":[{"name":"wp","href":"https:\/\/api.w.org\/{rel}","templated":true}]}}