{"id":85861,"date":"2023-08-29T23:06:41","date_gmt":"2023-08-29T23:06:41","guid":{"rendered":"https:\/\/bobimarket.pl\/index.php\/produkt\/oselka-ostrzalka-do-kosy-noza-owalna\/"},"modified":"2025-02-27T14:39:01","modified_gmt":"2025-02-27T14:39:01","slug":"oselka-ostrzalka-do-kosy-noza-owalna","status":"publish","type":"product","link":"https:\/\/bobimarket.pl\/index.php\/produkt\/oselka-ostrzalka-do-kosy-noza-owalna\/","title":{"rendered":"OSE\u0141KA OSTRZA\u0141KA DO KOSY NO\u017bA OWALNA"},"content":{"rendered":"<section class=\"section\">\n<div class=\"item item-6\">\n<section class=\"image-item\">\n            <img decoding=\"async\" src=\"https:\/\/upload.cdn.baselinker.com\/products\/14476\/7c3df081f2c23863c678db8e7181e674.jpg\" \/><br \/>\n        <\/section>\n<\/p><\/div>\n<div class=\"item item-6\">\n<section class=\"text-item\">\n<h2>OSE\u0141KA OSTRZA\u0141KA DO KOSY NO\u017bA OWALNA<\/h2>\n<p><b>Dane techniczne:<\/b><\/p>\n<ul>\n<li>Wymiary:<b> 230 x 35 x 16mm<\/b><\/li>\n<li><b>Drobne ziarno<\/b><\/li>\n<li>Do u\u017cytku na sucho i na mokro<\/li>\n<\/ul>\n<\/section><\/div>\n<\/section>\n<section class=\"section\">\n<div class=\"item item-6\">\n<section class=\"image-item\">\n            <img decoding=\"async\" src=\"https:\/\/upload.cdn.baselinker.com\/products\/14476\/b825d25923db7a911df91d16aab8c859.jpg\" \/><br \/>\n        <\/section>\n<\/p><\/div>\n<div class=\"item item-6\">\n<section class=\"text-item\">\n<p>Wysokiej jako\u015bci ose\u0142ka drobno ziarnista s\u0142u\u017c\u0105ca do ostrzenia. Dzi\u0119ki niej przywr\u00f3cisz ostro\u015b\u0107 r\u00f3\u017cnym narzedzi\u0105 takim jak:<\/p>\n<ul>\n<li>Kosy<\/li>\n<li>No\u017ce<\/li>\n<li>No\u017cyczki<\/li>\n<li>I inne<\/li>\n<\/ul>\n<\/section><\/div>\n<\/section>\n<section class=\"section\">\n<div class=\"item item-12\">\n<section class=\"image-item\">\n            <img decoding=\"async\" src=\"https:\/\/upload.cdn.baselinker.com\/products\/14476\/1e61dbbfa02d583421cd8fe08ee076b7.jpg\" \/><br \/>\n        <\/section>\n<\/p><\/div>\n<\/section>\n","protected":false},"excerpt":{"rendered":"<p>OSE\u0141KA OSTRZA\u0141KA DO KOSY NO\u017bA OWALNA Dane techniczne: Wymiary: 230 x 35 x 16mm Drobne ziarno Do u\u017cytku na sucho i na mokro Wysokiej jako\u015bci ose\u0142ka drobno ziarnista s\u0142u\u017c\u0105ca do ostrzenia. Dzi\u0119ki niej przywr\u00f3cisz ostro\u015b\u0107 r\u00f3\u017cnym narzedzi\u0105 takim jak: Kosy No\u017ce No\u017cyczki I inne<\/p>\n","protected":false},"featured_media":85857,"template":"","meta":[],"product_cat":[8306],"product_tag":[],"yoast_head":"<!-- This site is optimized with the Yoast SEO plugin v21.0 - https:\/\/yoast.com\/wordpress\/plugins\/seo\/ -->\n<title>OSE\u0141KA OSTRZA\u0141KA DO KOSY NO\u017bA OWALNA - BOBIMARKET.pl - Remontuj i urz\u0105dzaj z nami<\/title>\n<meta name=\"robots\" content=\"index, follow, max-snippet:-1, max-image-preview:large, max-video-preview:-1\" \/>\n<link rel=\"canonical\" href=\"https:\/\/bobimarket.pl\/index.php\/produkt\/oselka-ostrzalka-do-kosy-noza-owalna\/\" \/>\n<meta property=\"og:locale\" content=\"pl_PL\" \/>\n<meta property=\"og:type\" content=\"article\" \/>\n<meta property=\"og:title\" content=\"OSE\u0141KA OSTRZA\u0141KA DO KOSY NO\u017bA OWALNA - BOBIMARKET.pl - Remontuj i urz\u0105dzaj z nami\" \/>\n<meta property=\"og:description\" content=\"OSE\u0141KA OSTRZA\u0141KA DO KOSY NO\u017bA OWALNA Dane techniczne: Wymiary: 230 x 35 x 16mm Drobne ziarno Do u\u017cytku na sucho i na mokro Wysokiej jako\u015bci ose\u0142ka drobno ziarnista s\u0142u\u017c\u0105ca do ostrzenia. Dzi\u0119ki niej przywr\u00f3cisz ostro\u015b\u0107 r\u00f3\u017cnym narzedzi\u0105 takim jak: Kosy No\u017ce No\u017cyczki I inne\" \/>\n<meta property=\"og:url\" content=\"https:\/\/bobimarket.pl\/index.php\/produkt\/oselka-ostrzalka-do-kosy-noza-owalna\/\" \/>\n<meta property=\"og:site_name\" content=\"BOBIMARKET.pl - Remontuj i urz\u0105dzaj z nami\" \/>\n<meta property=\"article:modified_time\" content=\"2025-02-27T14:39:01+00:00\" \/>\n<meta property=\"og:image\" content=\"https:\/\/upload.cdn.baselinker.com\/products\/14476\/7c3df081f2c23863c678db8e7181e674.jpg\" \/>\n<meta name=\"twitter:card\" content=\"summary_large_image\" \/>\n<script type=\"application\/ld+json\" class=\"yoast-schema-graph\">{\"@context\":\"https:\/\/schema.org\",\"@graph\":[{\"@type\":\"WebPage\",\"@id\":\"https:\/\/bobimarket.pl\/index.php\/produkt\/oselka-ostrzalka-do-kosy-noza-owalna\/\",\"url\":\"https:\/\/bobimarket.pl\/index.php\/produkt\/oselka-ostrzalka-do-kosy-noza-owalna\/\",\"name\":\"OSE\u0141KA OSTRZA\u0141KA DO KOSY NO\u017bA OWALNA - BOBIMARKET.pl - Remontuj i urz\u0105dzaj z nami\",\"isPartOf\":{\"@id\":\"https:\/\/bobimarket.pl\/#website\"},\"datePublished\":\"2023-08-29T23:06:41+00:00\",\"dateModified\":\"2025-02-27T14:39:01+00:00\",\"breadcrumb\":{\"@id\":\"https:\/\/bobimarket.pl\/index.php\/produkt\/oselka-ostrzalka-do-kosy-noza-owalna\/#breadcrumb\"},\"inLanguage\":\"pl-PL\",\"potentialAction\":[{\"@type\":\"ReadAction\",\"target\":[\"https:\/\/bobimarket.pl\/index.php\/produkt\/oselka-ostrzalka-do-kosy-noza-owalna\/\"]}]},{\"@type\":\"BreadcrumbList\",\"@id\":\"https:\/\/bobimarket.pl\/index.php\/produkt\/oselka-ostrzalka-do-kosy-noza-owalna\/#breadcrumb\",\"itemListElement\":[{\"@type\":\"ListItem\",\"position\":1,\"name\":\"Strona g\u0142\u00f3wna\",\"item\":\"https:\/\/bobimarket.pl\/\"},{\"@type\":\"ListItem\",\"position\":2,\"name\":\"Sklep\",\"item\":\"https:\/\/bobimarket.pl\/index.php\/shop\/\"},{\"@type\":\"ListItem\",\"position\":3,\"name\":\"OSE\u0141KA OSTRZA\u0141KA DO KOSY NO\u017bA OWALNA\"}]},{\"@type\":\"WebSite\",\"@id\":\"https:\/\/bobimarket.pl\/#website\",\"url\":\"https:\/\/bobimarket.pl\/\",\"name\":\"BOBIMARKET.pl - Remontuj i urz\u0105dzaj z nami\",\"description\":\"Remontuj i urz\u0105dzaj z nami\",\"publisher\":{\"@id\":\"https:\/\/bobimarket.pl\/#organization\"},\"potentialAction\":[{\"@type\":\"SearchAction\",\"target\":{\"@type\":\"EntryPoint\",\"urlTemplate\":\"https:\/\/bobimarket.pl\/?s={search_term_string}\"},\"query-input\":\"required name=search_term_string\"}],\"inLanguage\":\"pl-PL\"},{\"@type\":\"Organization\",\"@id\":\"https:\/\/bobimarket.pl\/#organization\",\"name\":\"BOBIMARKET.pl\",\"url\":\"https:\/\/bobimarket.pl\/\",\"logo\":{\"@type\":\"ImageObject\",\"inLanguage\":\"pl-PL\",\"@id\":\"https:\/\/bobimarket.pl\/#\/schema\/logo\/image\/\",\"url\":\"https:\/\/bobimarket.pl\/wp-content\/uploads\/2021\/11\/slogan.png\",\"contentUrl\":\"https:\/\/bobimarket.pl\/wp-content\/uploads\/2021\/11\/slogan.png\",\"width\":2000,\"height\":384,\"caption\":\"BOBIMARKET.pl\"},\"image\":{\"@id\":\"https:\/\/bobimarket.pl\/#\/schema\/logo\/image\/\"}}]}<\/script>\n<!-- \/ Yoast SEO plugin. -->","yoast_head_json":{"title":"OSE\u0141KA OSTRZA\u0141KA DO KOSY NO\u017bA OWALNA - BOBIMARKET.pl - Remontuj i urz\u0105dzaj z nami","robots":{"index":"index","follow":"follow","max-snippet":"max-snippet:-1","max-image-preview":"max-image-preview:large","max-video-preview":"max-video-preview:-1"},"canonical":"https:\/\/bobimarket.pl\/index.php\/produkt\/oselka-ostrzalka-do-kosy-noza-owalna\/","og_locale":"pl_PL","og_type":"article","og_title":"OSE\u0141KA OSTRZA\u0141KA DO KOSY NO\u017bA OWALNA - BOBIMARKET.pl - Remontuj i urz\u0105dzaj z nami","og_description":"OSE\u0141KA OSTRZA\u0141KA DO KOSY NO\u017bA OWALNA Dane techniczne: Wymiary: 230 x 35 x 16mm Drobne ziarno Do u\u017cytku na sucho i na mokro Wysokiej jako\u015bci ose\u0142ka drobno ziarnista s\u0142u\u017c\u0105ca do ostrzenia. Dzi\u0119ki niej przywr\u00f3cisz ostro\u015b\u0107 r\u00f3\u017cnym narzedzi\u0105 takim jak: Kosy No\u017ce No\u017cyczki I inne","og_url":"https:\/\/bobimarket.pl\/index.php\/produkt\/oselka-ostrzalka-do-kosy-noza-owalna\/","og_site_name":"BOBIMARKET.pl - Remontuj i urz\u0105dzaj z nami","article_modified_time":"2025-02-27T14:39:01+00:00","og_image":[{"url":"https:\/\/upload.cdn.baselinker.com\/products\/14476\/7c3df081f2c23863c678db8e7181e674.jpg"}],"twitter_card":"summary_large_image","schema":{"@context":"https:\/\/schema.org","@graph":[{"@type":"WebPage","@id":"https:\/\/bobimarket.pl\/index.php\/produkt\/oselka-ostrzalka-do-kosy-noza-owalna\/","url":"https:\/\/bobimarket.pl\/index.php\/produkt\/oselka-ostrzalka-do-kosy-noza-owalna\/","name":"OSE\u0141KA OSTRZA\u0141KA DO KOSY NO\u017bA OWALNA - BOBIMARKET.pl - Remontuj i urz\u0105dzaj z nami","isPartOf":{"@id":"https:\/\/bobimarket.pl\/#website"},"datePublished":"2023-08-29T23:06:41+00:00","dateModified":"2025-02-27T14:39:01+00:00","breadcrumb":{"@id":"https:\/\/bobimarket.pl\/index.php\/produkt\/oselka-ostrzalka-do-kosy-noza-owalna\/#breadcrumb"},"inLanguage":"pl-PL","potentialAction":[{"@type":"ReadAction","target":["https:\/\/bobimarket.pl\/index.php\/produkt\/oselka-ostrzalka-do-kosy-noza-owalna\/"]}]},{"@type":"BreadcrumbList","@id":"https:\/\/bobimarket.pl\/index.php\/produkt\/oselka-ostrzalka-do-kosy-noza-owalna\/#breadcrumb","itemListElement":[{"@type":"ListItem","position":1,"name":"Strona g\u0142\u00f3wna","item":"https:\/\/bobimarket.pl\/"},{"@type":"ListItem","position":2,"name":"Sklep","item":"https:\/\/bobimarket.pl\/index.php\/shop\/"},{"@type":"ListItem","position":3,"name":"OSE\u0141KA OSTRZA\u0141KA DO KOSY NO\u017bA OWALNA"}]},{"@type":"WebSite","@id":"https:\/\/bobimarket.pl\/#website","url":"https:\/\/bobimarket.pl\/","name":"BOBIMARKET.pl - Remontuj i urz\u0105dzaj z nami","description":"Remontuj i urz\u0105dzaj z nami","publisher":{"@id":"https:\/\/bobimarket.pl\/#organization"},"potentialAction":[{"@type":"SearchAction","target":{"@type":"EntryPoint","urlTemplate":"https:\/\/bobimarket.pl\/?s={search_term_string}"},"query-input":"required name=search_term_string"}],"inLanguage":"pl-PL"},{"@type":"Organization","@id":"https:\/\/bobimarket.pl\/#organization","name":"BOBIMARKET.pl","url":"https:\/\/bobimarket.pl\/","logo":{"@type":"ImageObject","inLanguage":"pl-PL","@id":"https:\/\/bobimarket.pl\/#\/schema\/logo\/image\/","url":"https:\/\/bobimarket.pl\/wp-content\/uploads\/2021\/11\/slogan.png","contentUrl":"https:\/\/bobimarket.pl\/wp-content\/uploads\/2021\/11\/slogan.png","width":2000,"height":384,"caption":"BOBIMARKET.pl"},"image":{"@id":"https:\/\/bobimarket.pl\/#\/schema\/logo\/image\/"}}]}},"_links":{"self":[{"href":"https:\/\/bobimarket.pl\/index.php\/wp-json\/wp\/v2\/product\/85861"}],"collection":[{"href":"https:\/\/bobimarket.pl\/index.php\/wp-json\/wp\/v2\/product"}],"about":[{"href":"https:\/\/bobimarket.pl\/index.php\/wp-json\/wp\/v2\/types\/product"}],"wp:featuredmedia":[{"embeddable":true,"href":"https:\/\/bobimarket.pl\/index.php\/wp-json\/wp\/v2\/media\/85857"}],"wp:attachment":[{"href":"https:\/\/bobimarket.pl\/index.php\/wp-json\/wp\/v2\/media?parent=85861"}],"wp:term":[{"taxonomy":"product_cat","embeddable":true,"href":"https:\/\/bobimarket.pl\/index.php\/wp-json\/wp\/v2\/product_cat?post=85861"},{"taxonomy":"product_tag","embeddable":true,"href":"https:\/\/bobimarket.pl\/index.php\/wp-json\/wp\/v2\/product_tag?post=85861"}],"curies":[{"name":"wp","href":"https:\/\/api.w.org\/{rel}","templated":true}]}}