{"id":85890,"date":"2023-08-29T23:09:31","date_gmt":"2023-08-29T23:09:31","guid":{"rendered":"https:\/\/bobimarket.pl\/index.php\/produkt\/szczotka-druciana-tarczowa-na-wiertarke-fi-120\/"},"modified":"2025-02-27T14:39:27","modified_gmt":"2025-02-27T14:39:27","slug":"szczotka-druciana-tarczowa-na-wiertarke-fi-120","status":"publish","type":"product","link":"https:\/\/bobimarket.pl\/index.php\/produkt\/szczotka-druciana-tarczowa-na-wiertarke-fi-120\/","title":{"rendered":"SZCZOTKA DRUCIANA TARCZOWA NA WIERTARK\u0118 fi 120"},"content":{"rendered":"<section class=\"section\">\n<div class=\"item item-6\">\n<section class=\"text-item\">\n<h2>SZCZOTKA DRUCIANA TARCZOWA NA WIERTARK\u0118 fi 120<\/h2>\n<p><b>Dane techniczne:<\/b><\/p>\n<ul>\n<li>\u015arednica: <b>120mm<\/b><\/li>\n<li>Typ szczotki: Tarczowa<\/li>\n<li>Mocowanie: Trzpie\u0144<\/li>\n<li>Materia\u0142: Drut stalowy<\/li>\n<li>Wysoka jako\u015b\u0107<\/li>\n<\/ul>\n<\/section><\/div>\n<div class=\"item item-6\">\n<section class=\"image-item\"><img decoding=\"async\" src=\"https:\/\/upload.cdn.baselinker.com\/products\/14476\/46de1877d06e5428658224998c62159d.jpg\"><\/section>\n<\/p><\/div>\n<\/section>\n<section class=\"section\">\n<div class=\"item item-6\">\n<section class=\"image-item\"><img decoding=\"async\" src=\"https:\/\/upload.cdn.baselinker.com\/products\/14476\/9540600f78b10448a7d91d3eb8764b0a.jpg\"><\/section>\n<\/p><\/div>\n<div class=\"item item-6\">\n<section class=\"text-item\">\n<p>Wysokiej jako\u015bci szczotka techniczna tarczowa do zamontowania na wiertark\u0119. Wykonana z drutu stalowego.<\/p>\n<p>Dzi\u0119ki niej bardzo szybko oraz sprawnie usuniesz rdze,farb\u0119 oraz inne stare pow\u0142oki.<\/p>\n<p>Produkt z powodzeniem mo\u017cna zastosowa\u0107 na powierzchniach drewnianych jak i metalowych<\/p>\n<\/section><\/div>\n<\/section>\n<section class=\"section\">\n<div class=\"item item-12\">\n<section class=\"image-item\"><img decoding=\"async\" src=\"https:\/\/upload.cdn.baselinker.com\/products\/14476\/c29a0262fdc887d3b2f320585b47cae9.jpg\"><\/section>\n<\/p><\/div>\n<\/section>\n","protected":false},"excerpt":{"rendered":"<p>SZCZOTKA DRUCIANA TARCZOWA NA WIERTARK\u0118 fi 120 Dane techniczne: \u015arednica: 120mm Typ szczotki: Tarczowa Mocowanie: Trzpie\u0144 Materia\u0142: Drut stalowy Wysoka jako\u015b\u0107 Wysokiej jako\u015bci szczotka techniczna tarczowa do zamontowania na wiertark\u0119. Wykonana z drutu stalowego. Dzi\u0119ki niej bardzo szybko oraz sprawnie usuniesz rdze,farb\u0119 oraz inne stare pow\u0142oki. Produkt z powodzeniem mo\u017cna zastosowa\u0107 na powierzchniach drewnianych jak<br \/><a class=\"more-link\" href=\"https:\/\/bobimarket.pl\/index.php\/produkt\/szczotka-druciana-tarczowa-na-wiertarke-fi-120\/\"><br \/>\n        Czytaj wi\u0119cej<span class=\"screen-reader-text\"> &#8222;SZCZOTKA DRUCIANA TARCZOWA NA WIERTARK\u0118 fi 120&#8221;<\/span><\/a><\/p>\n","protected":false},"featured_media":85887,"template":"","meta":[],"product_cat":[8303],"product_tag":[],"yoast_head":"<!-- This site is optimized with the Yoast SEO plugin v21.0 - https:\/\/yoast.com\/wordpress\/plugins\/seo\/ -->\n<title>SZCZOTKA DRUCIANA TARCZOWA NA WIERTARK\u0118 fi 120 - BOBIMARKET.pl - Remontuj i urz\u0105dzaj z nami<\/title>\n<meta name=\"robots\" content=\"index, follow, max-snippet:-1, max-image-preview:large, max-video-preview:-1\" \/>\n<link rel=\"canonical\" href=\"https:\/\/bobimarket.pl\/index.php\/produkt\/szczotka-druciana-tarczowa-na-wiertarke-fi-120\/\" \/>\n<meta property=\"og:locale\" content=\"pl_PL\" \/>\n<meta property=\"og:type\" content=\"article\" \/>\n<meta property=\"og:title\" content=\"SZCZOTKA DRUCIANA TARCZOWA NA WIERTARK\u0118 fi 120 - BOBIMARKET.pl - Remontuj i urz\u0105dzaj z nami\" \/>\n<meta property=\"og:description\" content=\"SZCZOTKA DRUCIANA TARCZOWA NA WIERTARK\u0118 fi 120 Dane techniczne: \u015arednica: 120mm Typ szczotki: Tarczowa Mocowanie: Trzpie\u0144 Materia\u0142: Drut stalowy Wysoka jako\u015b\u0107 Wysokiej jako\u015bci szczotka techniczna tarczowa do zamontowania na wiertark\u0119. Wykonana z drutu stalowego. Dzi\u0119ki niej bardzo szybko oraz sprawnie usuniesz rdze,farb\u0119 oraz inne stare pow\u0142oki. Produkt z powodzeniem mo\u017cna zastosowa\u0107 na powierzchniach drewnianych jak     Czytaj wi\u0119cej &quot;SZCZOTKA DRUCIANA TARCZOWA NA WIERTARK\u0118 fi 120&quot;\" \/>\n<meta property=\"og:url\" content=\"https:\/\/bobimarket.pl\/index.php\/produkt\/szczotka-druciana-tarczowa-na-wiertarke-fi-120\/\" \/>\n<meta property=\"og:site_name\" content=\"BOBIMARKET.pl - Remontuj i urz\u0105dzaj z nami\" \/>\n<meta property=\"article:modified_time\" content=\"2025-02-27T14:39:27+00:00\" \/>\n<meta property=\"og:image\" content=\"https:\/\/upload.cdn.baselinker.com\/products\/14476\/46de1877d06e5428658224998c62159d.jpg\" \/>\n<meta name=\"twitter:card\" content=\"summary_large_image\" \/>\n<script type=\"application\/ld+json\" class=\"yoast-schema-graph\">{\"@context\":\"https:\/\/schema.org\",\"@graph\":[{\"@type\":\"WebPage\",\"@id\":\"https:\/\/bobimarket.pl\/index.php\/produkt\/szczotka-druciana-tarczowa-na-wiertarke-fi-120\/\",\"url\":\"https:\/\/bobimarket.pl\/index.php\/produkt\/szczotka-druciana-tarczowa-na-wiertarke-fi-120\/\",\"name\":\"SZCZOTKA DRUCIANA TARCZOWA NA WIERTARK\u0118 fi 120 - BOBIMARKET.pl - Remontuj i urz\u0105dzaj z nami\",\"isPartOf\":{\"@id\":\"https:\/\/bobimarket.pl\/#website\"},\"datePublished\":\"2023-08-29T23:09:31+00:00\",\"dateModified\":\"2025-02-27T14:39:27+00:00\",\"breadcrumb\":{\"@id\":\"https:\/\/bobimarket.pl\/index.php\/produkt\/szczotka-druciana-tarczowa-na-wiertarke-fi-120\/#breadcrumb\"},\"inLanguage\":\"pl-PL\",\"potentialAction\":[{\"@type\":\"ReadAction\",\"target\":[\"https:\/\/bobimarket.pl\/index.php\/produkt\/szczotka-druciana-tarczowa-na-wiertarke-fi-120\/\"]}]},{\"@type\":\"BreadcrumbList\",\"@id\":\"https:\/\/bobimarket.pl\/index.php\/produkt\/szczotka-druciana-tarczowa-na-wiertarke-fi-120\/#breadcrumb\",\"itemListElement\":[{\"@type\":\"ListItem\",\"position\":1,\"name\":\"Strona g\u0142\u00f3wna\",\"item\":\"https:\/\/bobimarket.pl\/\"},{\"@type\":\"ListItem\",\"position\":2,\"name\":\"Sklep\",\"item\":\"https:\/\/bobimarket.pl\/index.php\/shop\/\"},{\"@type\":\"ListItem\",\"position\":3,\"name\":\"SZCZOTKA DRUCIANA TARCZOWA NA WIERTARK\u0118 fi 120\"}]},{\"@type\":\"WebSite\",\"@id\":\"https:\/\/bobimarket.pl\/#website\",\"url\":\"https:\/\/bobimarket.pl\/\",\"name\":\"BOBIMARKET.pl - Remontuj i urz\u0105dzaj z nami\",\"description\":\"Remontuj i urz\u0105dzaj z nami\",\"publisher\":{\"@id\":\"https:\/\/bobimarket.pl\/#organization\"},\"potentialAction\":[{\"@type\":\"SearchAction\",\"target\":{\"@type\":\"EntryPoint\",\"urlTemplate\":\"https:\/\/bobimarket.pl\/?s={search_term_string}\"},\"query-input\":\"required name=search_term_string\"}],\"inLanguage\":\"pl-PL\"},{\"@type\":\"Organization\",\"@id\":\"https:\/\/bobimarket.pl\/#organization\",\"name\":\"BOBIMARKET.pl\",\"url\":\"https:\/\/bobimarket.pl\/\",\"logo\":{\"@type\":\"ImageObject\",\"inLanguage\":\"pl-PL\",\"@id\":\"https:\/\/bobimarket.pl\/#\/schema\/logo\/image\/\",\"url\":\"https:\/\/bobimarket.pl\/wp-content\/uploads\/2021\/11\/slogan.png\",\"contentUrl\":\"https:\/\/bobimarket.pl\/wp-content\/uploads\/2021\/11\/slogan.png\",\"width\":2000,\"height\":384,\"caption\":\"BOBIMARKET.pl\"},\"image\":{\"@id\":\"https:\/\/bobimarket.pl\/#\/schema\/logo\/image\/\"}}]}<\/script>\n<!-- \/ Yoast SEO plugin. -->","yoast_head_json":{"title":"SZCZOTKA DRUCIANA TARCZOWA NA WIERTARK\u0118 fi 120 - BOBIMARKET.pl - Remontuj i urz\u0105dzaj z nami","robots":{"index":"index","follow":"follow","max-snippet":"max-snippet:-1","max-image-preview":"max-image-preview:large","max-video-preview":"max-video-preview:-1"},"canonical":"https:\/\/bobimarket.pl\/index.php\/produkt\/szczotka-druciana-tarczowa-na-wiertarke-fi-120\/","og_locale":"pl_PL","og_type":"article","og_title":"SZCZOTKA DRUCIANA TARCZOWA NA WIERTARK\u0118 fi 120 - BOBIMARKET.pl - Remontuj i urz\u0105dzaj z nami","og_description":"SZCZOTKA DRUCIANA TARCZOWA NA WIERTARK\u0118 fi 120 Dane techniczne: \u015arednica: 120mm Typ szczotki: Tarczowa Mocowanie: Trzpie\u0144 Materia\u0142: Drut stalowy Wysoka jako\u015b\u0107 Wysokiej jako\u015bci szczotka techniczna tarczowa do zamontowania na wiertark\u0119. Wykonana z drutu stalowego. Dzi\u0119ki niej bardzo szybko oraz sprawnie usuniesz rdze,farb\u0119 oraz inne stare pow\u0142oki. Produkt z powodzeniem mo\u017cna zastosowa\u0107 na powierzchniach drewnianych jak     Czytaj wi\u0119cej \"SZCZOTKA DRUCIANA TARCZOWA NA WIERTARK\u0118 fi 120\"","og_url":"https:\/\/bobimarket.pl\/index.php\/produkt\/szczotka-druciana-tarczowa-na-wiertarke-fi-120\/","og_site_name":"BOBIMARKET.pl - Remontuj i urz\u0105dzaj z nami","article_modified_time":"2025-02-27T14:39:27+00:00","og_image":[{"url":"https:\/\/upload.cdn.baselinker.com\/products\/14476\/46de1877d06e5428658224998c62159d.jpg"}],"twitter_card":"summary_large_image","schema":{"@context":"https:\/\/schema.org","@graph":[{"@type":"WebPage","@id":"https:\/\/bobimarket.pl\/index.php\/produkt\/szczotka-druciana-tarczowa-na-wiertarke-fi-120\/","url":"https:\/\/bobimarket.pl\/index.php\/produkt\/szczotka-druciana-tarczowa-na-wiertarke-fi-120\/","name":"SZCZOTKA DRUCIANA TARCZOWA NA WIERTARK\u0118 fi 120 - BOBIMARKET.pl - Remontuj i urz\u0105dzaj z nami","isPartOf":{"@id":"https:\/\/bobimarket.pl\/#website"},"datePublished":"2023-08-29T23:09:31+00:00","dateModified":"2025-02-27T14:39:27+00:00","breadcrumb":{"@id":"https:\/\/bobimarket.pl\/index.php\/produkt\/szczotka-druciana-tarczowa-na-wiertarke-fi-120\/#breadcrumb"},"inLanguage":"pl-PL","potentialAction":[{"@type":"ReadAction","target":["https:\/\/bobimarket.pl\/index.php\/produkt\/szczotka-druciana-tarczowa-na-wiertarke-fi-120\/"]}]},{"@type":"BreadcrumbList","@id":"https:\/\/bobimarket.pl\/index.php\/produkt\/szczotka-druciana-tarczowa-na-wiertarke-fi-120\/#breadcrumb","itemListElement":[{"@type":"ListItem","position":1,"name":"Strona g\u0142\u00f3wna","item":"https:\/\/bobimarket.pl\/"},{"@type":"ListItem","position":2,"name":"Sklep","item":"https:\/\/bobimarket.pl\/index.php\/shop\/"},{"@type":"ListItem","position":3,"name":"SZCZOTKA DRUCIANA TARCZOWA NA WIERTARK\u0118 fi 120"}]},{"@type":"WebSite","@id":"https:\/\/bobimarket.pl\/#website","url":"https:\/\/bobimarket.pl\/","name":"BOBIMARKET.pl - Remontuj i urz\u0105dzaj z nami","description":"Remontuj i urz\u0105dzaj z nami","publisher":{"@id":"https:\/\/bobimarket.pl\/#organization"},"potentialAction":[{"@type":"SearchAction","target":{"@type":"EntryPoint","urlTemplate":"https:\/\/bobimarket.pl\/?s={search_term_string}"},"query-input":"required name=search_term_string"}],"inLanguage":"pl-PL"},{"@type":"Organization","@id":"https:\/\/bobimarket.pl\/#organization","name":"BOBIMARKET.pl","url":"https:\/\/bobimarket.pl\/","logo":{"@type":"ImageObject","inLanguage":"pl-PL","@id":"https:\/\/bobimarket.pl\/#\/schema\/logo\/image\/","url":"https:\/\/bobimarket.pl\/wp-content\/uploads\/2021\/11\/slogan.png","contentUrl":"https:\/\/bobimarket.pl\/wp-content\/uploads\/2021\/11\/slogan.png","width":2000,"height":384,"caption":"BOBIMARKET.pl"},"image":{"@id":"https:\/\/bobimarket.pl\/#\/schema\/logo\/image\/"}}]}},"_links":{"self":[{"href":"https:\/\/bobimarket.pl\/index.php\/wp-json\/wp\/v2\/product\/85890"}],"collection":[{"href":"https:\/\/bobimarket.pl\/index.php\/wp-json\/wp\/v2\/product"}],"about":[{"href":"https:\/\/bobimarket.pl\/index.php\/wp-json\/wp\/v2\/types\/product"}],"wp:featuredmedia":[{"embeddable":true,"href":"https:\/\/bobimarket.pl\/index.php\/wp-json\/wp\/v2\/media\/85887"}],"wp:attachment":[{"href":"https:\/\/bobimarket.pl\/index.php\/wp-json\/wp\/v2\/media?parent=85890"}],"wp:term":[{"taxonomy":"product_cat","embeddable":true,"href":"https:\/\/bobimarket.pl\/index.php\/wp-json\/wp\/v2\/product_cat?post=85890"},{"taxonomy":"product_tag","embeddable":true,"href":"https:\/\/bobimarket.pl\/index.php\/wp-json\/wp\/v2\/product_tag?post=85890"}],"curies":[{"name":"wp","href":"https:\/\/api.w.org\/{rel}","templated":true}]}}