{"id":85935,"date":"2023-08-29T23:13:32","date_gmt":"2023-08-29T23:13:32","guid":{"rendered":"https:\/\/bobimarket.pl\/index.php\/produkt\/olowek-stolarski-ciesielski-czerwony-zestaw-12szt\/"},"modified":"2025-02-27T14:39:54","modified_gmt":"2025-02-27T14:39:54","slug":"olowek-stolarski-ciesielski-czerwony-zestaw-12szt","status":"publish","type":"product","link":"https:\/\/bobimarket.pl\/index.php\/produkt\/olowek-stolarski-ciesielski-czerwony-zestaw-12szt\/","title":{"rendered":"O\u0141\u00d3WEK STOLARSKI CIESIELSKI CZERWONY ZESTAW 12SZT"},"content":{"rendered":"<section class=\"section\">\n<div class=\"item item-6\">\n<section class=\"image-item\">\n                <img decoding=\"async\" src=\"https:\/\/upload.cdn.baselinker.com\/products\/14476\/e2641104786bcaa21cc5f17414f8ffac.jpg\" \/><br \/>\n            <\/section>\n<\/p><\/div>\n<div class=\"item item-6\">\n<section class=\"text-item\">\n<h2>O\u0141\u00d3WEK STOLARSKI CIESIELSKI CZERWONY ZESTAW 12SZT<\/h2>\n<p><b>DANE TECHNICZNE:<\/b><\/p>\n<ul>\n<li>D\u0142ugo\u015b\u0107: <b>175mm<\/b><\/li>\n<li>Ilo\u015b\u0107: <b>12szt<\/b><\/li>\n<\/ul>\n<p>Zestaw <b>12<\/b> o\u0142\u00f3wk\u00f3w wykorzystywanych w budownictwie, stolarstwie do nanoszenia znacznik\u00f3w,opis\u00f3w.<\/p>\n<\/section><\/div>\n<\/section>\n<section class=\"section\">\n<div class=\"item item-12\">\n<section class=\"image-item\">\n                <img decoding=\"async\" src=\"https:\/\/upload.cdn.baselinker.com\/products\/14476\/5f6106285be3d869b1446332549578fb.jpg\" \/><br \/>\n            <\/section>\n<\/p><\/div>\n<\/section>\n<section class=\"section\">\n<div class=\"item item-12\">\n<section class=\"image-item\">\n                <img decoding=\"async\" src=\"https:\/\/upload.cdn.baselinker.com\/products\/14476\/63c8edf2cc8e8a9c6c5174f52e33cc94.jpg\" \/><br \/>\n            <\/section>\n<\/p><\/div>\n<\/section>\n","protected":false},"excerpt":{"rendered":"<p>O\u0141\u00d3WEK STOLARSKI CIESIELSKI CZERWONY ZESTAW 12SZT DANE TECHNICZNE: D\u0142ugo\u015b\u0107: 175mm Ilo\u015b\u0107: 12szt Zestaw 12 o\u0142\u00f3wk\u00f3w wykorzystywanych w budownictwie, stolarstwie do nanoszenia znacznik\u00f3w,opis\u00f3w.<\/p>\n","protected":false},"featured_media":85932,"template":"","meta":[],"product_cat":[8313],"product_tag":[],"yoast_head":"<!-- This site is optimized with the Yoast SEO plugin v21.0 - https:\/\/yoast.com\/wordpress\/plugins\/seo\/ -->\n<title>O\u0141\u00d3WEK STOLARSKI CIESIELSKI CZERWONY ZESTAW 12SZT - BOBIMARKET.pl - Remontuj i urz\u0105dzaj z nami<\/title>\n<meta name=\"robots\" content=\"index, follow, max-snippet:-1, max-image-preview:large, max-video-preview:-1\" \/>\n<link rel=\"canonical\" href=\"https:\/\/bobimarket.pl\/index.php\/produkt\/olowek-stolarski-ciesielski-czerwony-zestaw-12szt\/\" \/>\n<meta property=\"og:locale\" content=\"pl_PL\" \/>\n<meta property=\"og:type\" content=\"article\" \/>\n<meta property=\"og:title\" content=\"O\u0141\u00d3WEK STOLARSKI CIESIELSKI CZERWONY ZESTAW 12SZT - BOBIMARKET.pl - Remontuj i urz\u0105dzaj z nami\" \/>\n<meta property=\"og:description\" content=\"O\u0141\u00d3WEK STOLARSKI CIESIELSKI CZERWONY ZESTAW 12SZT DANE TECHNICZNE: D\u0142ugo\u015b\u0107: 175mm Ilo\u015b\u0107: 12szt Zestaw 12 o\u0142\u00f3wk\u00f3w wykorzystywanych w budownictwie, stolarstwie do nanoszenia znacznik\u00f3w,opis\u00f3w.\" \/>\n<meta property=\"og:url\" content=\"https:\/\/bobimarket.pl\/index.php\/produkt\/olowek-stolarski-ciesielski-czerwony-zestaw-12szt\/\" \/>\n<meta property=\"og:site_name\" content=\"BOBIMARKET.pl - Remontuj i urz\u0105dzaj z nami\" \/>\n<meta property=\"article:modified_time\" content=\"2025-02-27T14:39:54+00:00\" \/>\n<meta property=\"og:image\" content=\"https:\/\/upload.cdn.baselinker.com\/products\/14476\/e2641104786bcaa21cc5f17414f8ffac.jpg\" \/>\n<meta name=\"twitter:card\" content=\"summary_large_image\" \/>\n<script type=\"application\/ld+json\" class=\"yoast-schema-graph\">{\"@context\":\"https:\/\/schema.org\",\"@graph\":[{\"@type\":\"WebPage\",\"@id\":\"https:\/\/bobimarket.pl\/index.php\/produkt\/olowek-stolarski-ciesielski-czerwony-zestaw-12szt\/\",\"url\":\"https:\/\/bobimarket.pl\/index.php\/produkt\/olowek-stolarski-ciesielski-czerwony-zestaw-12szt\/\",\"name\":\"O\u0141\u00d3WEK STOLARSKI CIESIELSKI CZERWONY ZESTAW 12SZT - BOBIMARKET.pl - Remontuj i urz\u0105dzaj z nami\",\"isPartOf\":{\"@id\":\"https:\/\/bobimarket.pl\/#website\"},\"datePublished\":\"2023-08-29T23:13:32+00:00\",\"dateModified\":\"2025-02-27T14:39:54+00:00\",\"breadcrumb\":{\"@id\":\"https:\/\/bobimarket.pl\/index.php\/produkt\/olowek-stolarski-ciesielski-czerwony-zestaw-12szt\/#breadcrumb\"},\"inLanguage\":\"pl-PL\",\"potentialAction\":[{\"@type\":\"ReadAction\",\"target\":[\"https:\/\/bobimarket.pl\/index.php\/produkt\/olowek-stolarski-ciesielski-czerwony-zestaw-12szt\/\"]}]},{\"@type\":\"BreadcrumbList\",\"@id\":\"https:\/\/bobimarket.pl\/index.php\/produkt\/olowek-stolarski-ciesielski-czerwony-zestaw-12szt\/#breadcrumb\",\"itemListElement\":[{\"@type\":\"ListItem\",\"position\":1,\"name\":\"Strona g\u0142\u00f3wna\",\"item\":\"https:\/\/bobimarket.pl\/\"},{\"@type\":\"ListItem\",\"position\":2,\"name\":\"Sklep\",\"item\":\"https:\/\/bobimarket.pl\/index.php\/shop\/\"},{\"@type\":\"ListItem\",\"position\":3,\"name\":\"O\u0141\u00d3WEK STOLARSKI CIESIELSKI CZERWONY ZESTAW 12SZT\"}]},{\"@type\":\"WebSite\",\"@id\":\"https:\/\/bobimarket.pl\/#website\",\"url\":\"https:\/\/bobimarket.pl\/\",\"name\":\"BOBIMARKET.pl - Remontuj i urz\u0105dzaj z nami\",\"description\":\"Remontuj i urz\u0105dzaj z nami\",\"publisher\":{\"@id\":\"https:\/\/bobimarket.pl\/#organization\"},\"potentialAction\":[{\"@type\":\"SearchAction\",\"target\":{\"@type\":\"EntryPoint\",\"urlTemplate\":\"https:\/\/bobimarket.pl\/?s={search_term_string}\"},\"query-input\":\"required name=search_term_string\"}],\"inLanguage\":\"pl-PL\"},{\"@type\":\"Organization\",\"@id\":\"https:\/\/bobimarket.pl\/#organization\",\"name\":\"BOBIMARKET.pl\",\"url\":\"https:\/\/bobimarket.pl\/\",\"logo\":{\"@type\":\"ImageObject\",\"inLanguage\":\"pl-PL\",\"@id\":\"https:\/\/bobimarket.pl\/#\/schema\/logo\/image\/\",\"url\":\"https:\/\/bobimarket.pl\/wp-content\/uploads\/2021\/11\/slogan.png\",\"contentUrl\":\"https:\/\/bobimarket.pl\/wp-content\/uploads\/2021\/11\/slogan.png\",\"width\":2000,\"height\":384,\"caption\":\"BOBIMARKET.pl\"},\"image\":{\"@id\":\"https:\/\/bobimarket.pl\/#\/schema\/logo\/image\/\"}}]}<\/script>\n<!-- \/ Yoast SEO plugin. -->","yoast_head_json":{"title":"O\u0141\u00d3WEK STOLARSKI CIESIELSKI CZERWONY ZESTAW 12SZT - BOBIMARKET.pl - Remontuj i urz\u0105dzaj z nami","robots":{"index":"index","follow":"follow","max-snippet":"max-snippet:-1","max-image-preview":"max-image-preview:large","max-video-preview":"max-video-preview:-1"},"canonical":"https:\/\/bobimarket.pl\/index.php\/produkt\/olowek-stolarski-ciesielski-czerwony-zestaw-12szt\/","og_locale":"pl_PL","og_type":"article","og_title":"O\u0141\u00d3WEK STOLARSKI CIESIELSKI CZERWONY ZESTAW 12SZT - BOBIMARKET.pl - Remontuj i urz\u0105dzaj z nami","og_description":"O\u0141\u00d3WEK STOLARSKI CIESIELSKI CZERWONY ZESTAW 12SZT DANE TECHNICZNE: D\u0142ugo\u015b\u0107: 175mm Ilo\u015b\u0107: 12szt Zestaw 12 o\u0142\u00f3wk\u00f3w wykorzystywanych w budownictwie, stolarstwie do nanoszenia znacznik\u00f3w,opis\u00f3w.","og_url":"https:\/\/bobimarket.pl\/index.php\/produkt\/olowek-stolarski-ciesielski-czerwony-zestaw-12szt\/","og_site_name":"BOBIMARKET.pl - Remontuj i urz\u0105dzaj z nami","article_modified_time":"2025-02-27T14:39:54+00:00","og_image":[{"url":"https:\/\/upload.cdn.baselinker.com\/products\/14476\/e2641104786bcaa21cc5f17414f8ffac.jpg"}],"twitter_card":"summary_large_image","schema":{"@context":"https:\/\/schema.org","@graph":[{"@type":"WebPage","@id":"https:\/\/bobimarket.pl\/index.php\/produkt\/olowek-stolarski-ciesielski-czerwony-zestaw-12szt\/","url":"https:\/\/bobimarket.pl\/index.php\/produkt\/olowek-stolarski-ciesielski-czerwony-zestaw-12szt\/","name":"O\u0141\u00d3WEK STOLARSKI CIESIELSKI CZERWONY ZESTAW 12SZT - BOBIMARKET.pl - Remontuj i urz\u0105dzaj z nami","isPartOf":{"@id":"https:\/\/bobimarket.pl\/#website"},"datePublished":"2023-08-29T23:13:32+00:00","dateModified":"2025-02-27T14:39:54+00:00","breadcrumb":{"@id":"https:\/\/bobimarket.pl\/index.php\/produkt\/olowek-stolarski-ciesielski-czerwony-zestaw-12szt\/#breadcrumb"},"inLanguage":"pl-PL","potentialAction":[{"@type":"ReadAction","target":["https:\/\/bobimarket.pl\/index.php\/produkt\/olowek-stolarski-ciesielski-czerwony-zestaw-12szt\/"]}]},{"@type":"BreadcrumbList","@id":"https:\/\/bobimarket.pl\/index.php\/produkt\/olowek-stolarski-ciesielski-czerwony-zestaw-12szt\/#breadcrumb","itemListElement":[{"@type":"ListItem","position":1,"name":"Strona g\u0142\u00f3wna","item":"https:\/\/bobimarket.pl\/"},{"@type":"ListItem","position":2,"name":"Sklep","item":"https:\/\/bobimarket.pl\/index.php\/shop\/"},{"@type":"ListItem","position":3,"name":"O\u0141\u00d3WEK STOLARSKI CIESIELSKI CZERWONY ZESTAW 12SZT"}]},{"@type":"WebSite","@id":"https:\/\/bobimarket.pl\/#website","url":"https:\/\/bobimarket.pl\/","name":"BOBIMARKET.pl - Remontuj i urz\u0105dzaj z nami","description":"Remontuj i urz\u0105dzaj z nami","publisher":{"@id":"https:\/\/bobimarket.pl\/#organization"},"potentialAction":[{"@type":"SearchAction","target":{"@type":"EntryPoint","urlTemplate":"https:\/\/bobimarket.pl\/?s={search_term_string}"},"query-input":"required name=search_term_string"}],"inLanguage":"pl-PL"},{"@type":"Organization","@id":"https:\/\/bobimarket.pl\/#organization","name":"BOBIMARKET.pl","url":"https:\/\/bobimarket.pl\/","logo":{"@type":"ImageObject","inLanguage":"pl-PL","@id":"https:\/\/bobimarket.pl\/#\/schema\/logo\/image\/","url":"https:\/\/bobimarket.pl\/wp-content\/uploads\/2021\/11\/slogan.png","contentUrl":"https:\/\/bobimarket.pl\/wp-content\/uploads\/2021\/11\/slogan.png","width":2000,"height":384,"caption":"BOBIMARKET.pl"},"image":{"@id":"https:\/\/bobimarket.pl\/#\/schema\/logo\/image\/"}}]}},"_links":{"self":[{"href":"https:\/\/bobimarket.pl\/index.php\/wp-json\/wp\/v2\/product\/85935"}],"collection":[{"href":"https:\/\/bobimarket.pl\/index.php\/wp-json\/wp\/v2\/product"}],"about":[{"href":"https:\/\/bobimarket.pl\/index.php\/wp-json\/wp\/v2\/types\/product"}],"wp:featuredmedia":[{"embeddable":true,"href":"https:\/\/bobimarket.pl\/index.php\/wp-json\/wp\/v2\/media\/85932"}],"wp:attachment":[{"href":"https:\/\/bobimarket.pl\/index.php\/wp-json\/wp\/v2\/media?parent=85935"}],"wp:term":[{"taxonomy":"product_cat","embeddable":true,"href":"https:\/\/bobimarket.pl\/index.php\/wp-json\/wp\/v2\/product_cat?post=85935"},{"taxonomy":"product_tag","embeddable":true,"href":"https:\/\/bobimarket.pl\/index.php\/wp-json\/wp\/v2\/product_tag?post=85935"}],"curies":[{"name":"wp","href":"https:\/\/api.w.org\/{rel}","templated":true}]}}