{"id":85991,"date":"2023-08-29T23:18:13","date_gmt":"2023-08-29T23:18:13","guid":{"rendered":"https:\/\/bobimarket.pl\/index.php\/produkt\/kielnia-sztukatorska-czarna-raczka-drewniana-80-mm\/"},"modified":"2025-02-27T14:40:28","modified_gmt":"2025-02-27T14:40:28","slug":"kielnia-sztukatorska-czarna-raczka-drewniana-80-mm","status":"publish","type":"product","link":"https:\/\/bobimarket.pl\/index.php\/produkt\/kielnia-sztukatorska-czarna-raczka-drewniana-80-mm\/","title":{"rendered":"KIELNIA SZTUKATORSKA CZARNA R\u0104CZKA DREWNIANA 80 MM"},"content":{"rendered":"<section class=\"section\">\n<div class=\"item item-6\">\n<section class=\"image-item\">\n                <img decoding=\"async\" src=\"https:\/\/upload.cdn.baselinker.com\/products\/14476\/4115806b0fcdbfc67741dc16dce3743c.jpg\" \/><br \/>\n            <\/section>\n<\/p><\/div>\n<div class=\"item item-6\">\n<section class=\"text-item\">\n<h2>KIELNIA SZTUKATORSKA CZARNA R\u0104CZKA DREWNIANA 80 MM<\/h2>\n<p><b>Dane techniczne:<\/b><\/p>\n<ul>\n<li>Wymiar:<b> 80X130MM<\/b><\/li>\n<li>Materia\u0142: stal czarna<\/li>\n<li>Uchwyt: drewniany<\/li>\n<\/ul>\n<p><b>Kielnia wyprodukowana w Polsce!<\/b><\/p>\n<\/section><\/div>\n<\/section>\n<section class=\"section\">\n<div class=\"item item-6\">\n<section class=\"image-item\">\n                <img decoding=\"async\" src=\"https:\/\/upload.cdn.baselinker.com\/products\/14476\/25c3209a42e6d659ac9e05098803a863.jpg\" \/><br \/>\n            <\/section>\n<\/p><\/div>\n<div class=\"item item-6\">\n<section class=\"text-item\">\n<p><b>Solidna kielnia sztukatorska<\/b> polskiej produkcji. Wykonana z czarnej blachy. Posiada drewniany uchwyt, co zapewni Ci poczucie komfortu podczas jej u\u017cytkowania.<\/p>\n<p>\u2705 <b>Zastosowanie<\/b>:<\/p>\n<p><b>Kielnia <\/b><b>sztukatorska<\/b> umo\u017cliwia sprawne nak\u0142adanie zapraw, klej\u00f3w oraz g\u0142adzi. Niezb\u0119dna podczas prac remontowo-budowlanych.<\/p>\n<\/section><\/div>\n<\/section>\n<section class=\"section\">\n<div class=\"item item-12\">\n<section class=\"image-item\">\n                <img decoding=\"async\" src=\"https:\/\/upload.cdn.baselinker.com\/products\/14476\/69350cc32b2fe4b181e2da986952ff7c.jpg\" \/><br \/>\n            <\/section>\n<\/p><\/div>\n<\/section>\n","protected":false},"excerpt":{"rendered":"<p>KIELNIA SZTUKATORSKA CZARNA R\u0104CZKA DREWNIANA 80 MM Dane techniczne: Wymiar: 80X130MM Materia\u0142: stal czarna Uchwyt: drewniany Kielnia wyprodukowana w Polsce! Solidna kielnia sztukatorska polskiej produkcji. Wykonana z czarnej blachy. Posiada drewniany uchwyt, co zapewni Ci poczucie komfortu podczas jej u\u017cytkowania. \u2705 Zastosowanie: Kielnia sztukatorska umo\u017cliwia sprawne nak\u0142adanie zapraw, klej\u00f3w oraz g\u0142adzi. Niezb\u0119dna podczas prac remontowo-budowlanych.<\/p>\n","protected":false},"featured_media":85988,"template":"","meta":[],"product_cat":[8262],"product_tag":[],"yoast_head":"<!-- This site is optimized with the Yoast SEO plugin v21.0 - https:\/\/yoast.com\/wordpress\/plugins\/seo\/ -->\n<title>KIELNIA SZTUKATORSKA CZARNA R\u0104CZKA DREWNIANA 80 MM - BOBIMARKET.pl - Remontuj i urz\u0105dzaj z nami<\/title>\n<meta name=\"robots\" content=\"index, follow, max-snippet:-1, max-image-preview:large, max-video-preview:-1\" \/>\n<link rel=\"canonical\" href=\"https:\/\/bobimarket.pl\/index.php\/produkt\/kielnia-sztukatorska-czarna-raczka-drewniana-80-mm\/\" \/>\n<meta property=\"og:locale\" content=\"pl_PL\" \/>\n<meta property=\"og:type\" content=\"article\" \/>\n<meta property=\"og:title\" content=\"KIELNIA SZTUKATORSKA CZARNA R\u0104CZKA DREWNIANA 80 MM - BOBIMARKET.pl - Remontuj i urz\u0105dzaj z nami\" \/>\n<meta property=\"og:description\" content=\"KIELNIA SZTUKATORSKA CZARNA R\u0104CZKA DREWNIANA 80 MM Dane techniczne: Wymiar: 80X130MM Materia\u0142: stal czarna Uchwyt: drewniany Kielnia wyprodukowana w Polsce! Solidna kielnia sztukatorska polskiej produkcji. Wykonana z czarnej blachy. Posiada drewniany uchwyt, co zapewni Ci poczucie komfortu podczas jej u\u017cytkowania. \u2705 Zastosowanie: Kielnia sztukatorska umo\u017cliwia sprawne nak\u0142adanie zapraw, klej\u00f3w oraz g\u0142adzi. Niezb\u0119dna podczas prac remontowo-budowlanych.\" \/>\n<meta property=\"og:url\" content=\"https:\/\/bobimarket.pl\/index.php\/produkt\/kielnia-sztukatorska-czarna-raczka-drewniana-80-mm\/\" \/>\n<meta property=\"og:site_name\" content=\"BOBIMARKET.pl - Remontuj i urz\u0105dzaj z nami\" \/>\n<meta property=\"article:modified_time\" content=\"2025-02-27T14:40:28+00:00\" \/>\n<meta property=\"og:image\" content=\"https:\/\/upload.cdn.baselinker.com\/products\/14476\/4115806b0fcdbfc67741dc16dce3743c.jpg\" \/>\n<meta name=\"twitter:card\" content=\"summary_large_image\" \/>\n<script type=\"application\/ld+json\" class=\"yoast-schema-graph\">{\"@context\":\"https:\/\/schema.org\",\"@graph\":[{\"@type\":\"WebPage\",\"@id\":\"https:\/\/bobimarket.pl\/index.php\/produkt\/kielnia-sztukatorska-czarna-raczka-drewniana-80-mm\/\",\"url\":\"https:\/\/bobimarket.pl\/index.php\/produkt\/kielnia-sztukatorska-czarna-raczka-drewniana-80-mm\/\",\"name\":\"KIELNIA SZTUKATORSKA CZARNA R\u0104CZKA DREWNIANA 80 MM - BOBIMARKET.pl - Remontuj i urz\u0105dzaj z nami\",\"isPartOf\":{\"@id\":\"https:\/\/bobimarket.pl\/#website\"},\"datePublished\":\"2023-08-29T23:18:13+00:00\",\"dateModified\":\"2025-02-27T14:40:28+00:00\",\"breadcrumb\":{\"@id\":\"https:\/\/bobimarket.pl\/index.php\/produkt\/kielnia-sztukatorska-czarna-raczka-drewniana-80-mm\/#breadcrumb\"},\"inLanguage\":\"pl-PL\",\"potentialAction\":[{\"@type\":\"ReadAction\",\"target\":[\"https:\/\/bobimarket.pl\/index.php\/produkt\/kielnia-sztukatorska-czarna-raczka-drewniana-80-mm\/\"]}]},{\"@type\":\"BreadcrumbList\",\"@id\":\"https:\/\/bobimarket.pl\/index.php\/produkt\/kielnia-sztukatorska-czarna-raczka-drewniana-80-mm\/#breadcrumb\",\"itemListElement\":[{\"@type\":\"ListItem\",\"position\":1,\"name\":\"Strona g\u0142\u00f3wna\",\"item\":\"https:\/\/bobimarket.pl\/\"},{\"@type\":\"ListItem\",\"position\":2,\"name\":\"Sklep\",\"item\":\"https:\/\/bobimarket.pl\/index.php\/shop\/\"},{\"@type\":\"ListItem\",\"position\":3,\"name\":\"KIELNIA SZTUKATORSKA CZARNA R\u0104CZKA DREWNIANA 80 MM\"}]},{\"@type\":\"WebSite\",\"@id\":\"https:\/\/bobimarket.pl\/#website\",\"url\":\"https:\/\/bobimarket.pl\/\",\"name\":\"BOBIMARKET.pl - Remontuj i urz\u0105dzaj z nami\",\"description\":\"Remontuj i urz\u0105dzaj z nami\",\"publisher\":{\"@id\":\"https:\/\/bobimarket.pl\/#organization\"},\"potentialAction\":[{\"@type\":\"SearchAction\",\"target\":{\"@type\":\"EntryPoint\",\"urlTemplate\":\"https:\/\/bobimarket.pl\/?s={search_term_string}\"},\"query-input\":\"required name=search_term_string\"}],\"inLanguage\":\"pl-PL\"},{\"@type\":\"Organization\",\"@id\":\"https:\/\/bobimarket.pl\/#organization\",\"name\":\"BOBIMARKET.pl\",\"url\":\"https:\/\/bobimarket.pl\/\",\"logo\":{\"@type\":\"ImageObject\",\"inLanguage\":\"pl-PL\",\"@id\":\"https:\/\/bobimarket.pl\/#\/schema\/logo\/image\/\",\"url\":\"https:\/\/bobimarket.pl\/wp-content\/uploads\/2021\/11\/slogan.png\",\"contentUrl\":\"https:\/\/bobimarket.pl\/wp-content\/uploads\/2021\/11\/slogan.png\",\"width\":2000,\"height\":384,\"caption\":\"BOBIMARKET.pl\"},\"image\":{\"@id\":\"https:\/\/bobimarket.pl\/#\/schema\/logo\/image\/\"}}]}<\/script>\n<!-- \/ Yoast SEO plugin. -->","yoast_head_json":{"title":"KIELNIA SZTUKATORSKA CZARNA R\u0104CZKA DREWNIANA 80 MM - BOBIMARKET.pl - Remontuj i urz\u0105dzaj z nami","robots":{"index":"index","follow":"follow","max-snippet":"max-snippet:-1","max-image-preview":"max-image-preview:large","max-video-preview":"max-video-preview:-1"},"canonical":"https:\/\/bobimarket.pl\/index.php\/produkt\/kielnia-sztukatorska-czarna-raczka-drewniana-80-mm\/","og_locale":"pl_PL","og_type":"article","og_title":"KIELNIA SZTUKATORSKA CZARNA R\u0104CZKA DREWNIANA 80 MM - BOBIMARKET.pl - Remontuj i urz\u0105dzaj z nami","og_description":"KIELNIA SZTUKATORSKA CZARNA R\u0104CZKA DREWNIANA 80 MM Dane techniczne: Wymiar: 80X130MM Materia\u0142: stal czarna Uchwyt: drewniany Kielnia wyprodukowana w Polsce! Solidna kielnia sztukatorska polskiej produkcji. Wykonana z czarnej blachy. Posiada drewniany uchwyt, co zapewni Ci poczucie komfortu podczas jej u\u017cytkowania. \u2705 Zastosowanie: Kielnia sztukatorska umo\u017cliwia sprawne nak\u0142adanie zapraw, klej\u00f3w oraz g\u0142adzi. Niezb\u0119dna podczas prac remontowo-budowlanych.","og_url":"https:\/\/bobimarket.pl\/index.php\/produkt\/kielnia-sztukatorska-czarna-raczka-drewniana-80-mm\/","og_site_name":"BOBIMARKET.pl - Remontuj i urz\u0105dzaj z nami","article_modified_time":"2025-02-27T14:40:28+00:00","og_image":[{"url":"https:\/\/upload.cdn.baselinker.com\/products\/14476\/4115806b0fcdbfc67741dc16dce3743c.jpg"}],"twitter_card":"summary_large_image","schema":{"@context":"https:\/\/schema.org","@graph":[{"@type":"WebPage","@id":"https:\/\/bobimarket.pl\/index.php\/produkt\/kielnia-sztukatorska-czarna-raczka-drewniana-80-mm\/","url":"https:\/\/bobimarket.pl\/index.php\/produkt\/kielnia-sztukatorska-czarna-raczka-drewniana-80-mm\/","name":"KIELNIA SZTUKATORSKA CZARNA R\u0104CZKA DREWNIANA 80 MM - BOBIMARKET.pl - Remontuj i urz\u0105dzaj z nami","isPartOf":{"@id":"https:\/\/bobimarket.pl\/#website"},"datePublished":"2023-08-29T23:18:13+00:00","dateModified":"2025-02-27T14:40:28+00:00","breadcrumb":{"@id":"https:\/\/bobimarket.pl\/index.php\/produkt\/kielnia-sztukatorska-czarna-raczka-drewniana-80-mm\/#breadcrumb"},"inLanguage":"pl-PL","potentialAction":[{"@type":"ReadAction","target":["https:\/\/bobimarket.pl\/index.php\/produkt\/kielnia-sztukatorska-czarna-raczka-drewniana-80-mm\/"]}]},{"@type":"BreadcrumbList","@id":"https:\/\/bobimarket.pl\/index.php\/produkt\/kielnia-sztukatorska-czarna-raczka-drewniana-80-mm\/#breadcrumb","itemListElement":[{"@type":"ListItem","position":1,"name":"Strona g\u0142\u00f3wna","item":"https:\/\/bobimarket.pl\/"},{"@type":"ListItem","position":2,"name":"Sklep","item":"https:\/\/bobimarket.pl\/index.php\/shop\/"},{"@type":"ListItem","position":3,"name":"KIELNIA SZTUKATORSKA CZARNA R\u0104CZKA DREWNIANA 80 MM"}]},{"@type":"WebSite","@id":"https:\/\/bobimarket.pl\/#website","url":"https:\/\/bobimarket.pl\/","name":"BOBIMARKET.pl - Remontuj i urz\u0105dzaj z nami","description":"Remontuj i urz\u0105dzaj z nami","publisher":{"@id":"https:\/\/bobimarket.pl\/#organization"},"potentialAction":[{"@type":"SearchAction","target":{"@type":"EntryPoint","urlTemplate":"https:\/\/bobimarket.pl\/?s={search_term_string}"},"query-input":"required name=search_term_string"}],"inLanguage":"pl-PL"},{"@type":"Organization","@id":"https:\/\/bobimarket.pl\/#organization","name":"BOBIMARKET.pl","url":"https:\/\/bobimarket.pl\/","logo":{"@type":"ImageObject","inLanguage":"pl-PL","@id":"https:\/\/bobimarket.pl\/#\/schema\/logo\/image\/","url":"https:\/\/bobimarket.pl\/wp-content\/uploads\/2021\/11\/slogan.png","contentUrl":"https:\/\/bobimarket.pl\/wp-content\/uploads\/2021\/11\/slogan.png","width":2000,"height":384,"caption":"BOBIMARKET.pl"},"image":{"@id":"https:\/\/bobimarket.pl\/#\/schema\/logo\/image\/"}}]}},"_links":{"self":[{"href":"https:\/\/bobimarket.pl\/index.php\/wp-json\/wp\/v2\/product\/85991"}],"collection":[{"href":"https:\/\/bobimarket.pl\/index.php\/wp-json\/wp\/v2\/product"}],"about":[{"href":"https:\/\/bobimarket.pl\/index.php\/wp-json\/wp\/v2\/types\/product"}],"wp:featuredmedia":[{"embeddable":true,"href":"https:\/\/bobimarket.pl\/index.php\/wp-json\/wp\/v2\/media\/85988"}],"wp:attachment":[{"href":"https:\/\/bobimarket.pl\/index.php\/wp-json\/wp\/v2\/media?parent=85991"}],"wp:term":[{"taxonomy":"product_cat","embeddable":true,"href":"https:\/\/bobimarket.pl\/index.php\/wp-json\/wp\/v2\/product_cat?post=85991"},{"taxonomy":"product_tag","embeddable":true,"href":"https:\/\/bobimarket.pl\/index.php\/wp-json\/wp\/v2\/product_tag?post=85991"}],"curies":[{"name":"wp","href":"https:\/\/api.w.org\/{rel}","templated":true}]}}