{"id":86011,"date":"2023-08-29T23:19:30","date_gmt":"2023-08-29T23:19:30","guid":{"rendered":"https:\/\/bobimarket.pl\/index.php\/produkt\/mieszadlo-mieszalnik-do-zapraw-kleju-ocynk-fi-120m\/"},"modified":"2025-02-27T14:40:44","modified_gmt":"2025-02-27T14:40:44","slug":"mieszadlo-mieszalnik-do-zapraw-kleju-ocynk-fi-120m","status":"publish","type":"product","link":"https:\/\/bobimarket.pl\/index.php\/produkt\/mieszadlo-mieszalnik-do-zapraw-kleju-ocynk-fi-120m\/","title":{"rendered":"MIESZAD\u0141O MIESZALNIK DO ZAPRAW KLEJU OCYNK FI 120m"},"content":{"rendered":"<section class=\"section\">\n<div class=\"item item-6\">\n<section class=\"image-item\">\n                <img decoding=\"async\" src=\"https:\/\/upload.cdn.baselinker.com\/products\/14476\/fc03429a62acc4375351645e96f16e4f.jpg\" \/><br \/>\n            <\/section>\n<\/p><\/div>\n<div class=\"item item-6\">\n<section class=\"text-item\">\n<h2>MIESZAD\u0141O MIESZALNIK DO ZAPRAW KLEJU OCYNK FI 120mm<\/h2>\n<p><b>Dane techniczne:<\/b><\/p>\n<ul>\n<li>Szeroko\u015b\u0107 mieszad\u0142a:<b> 120mm<\/b><\/li>\n<li>Uchwyt: sze\u015bciok\u0105tny<\/li>\n<\/ul>\n<p>POLSKA PRODUKCJA!<\/p>\n<\/section><\/div>\n<\/section>\n<section class=\"section\">\n<div class=\"item item-6\">\n<section class=\"image-item\">\n                <img decoding=\"async\" src=\"https:\/\/upload.cdn.baselinker.com\/products\/14476\/37a6153d894eeb190d332d4f4e4021f1.jpg\" \/><br \/>\n            <\/section>\n<\/p><\/div>\n<div class=\"item item-6\">\n<section class=\"text-item\">\n<p><b>Mieszad\u0142o idealnie sprawdzi si\u0119 podczas prac wyko\u0144czeniowych i remontowych!<\/b><\/p>\n<p>Mieszad\u0142o \u015brubowe ocynkowane do kleju zapraw, betonu.Urz\u0105dzenie jest bardzo uniwersalne i proste w zastosowaniu. Monta\u017c odbywa si\u0119 w \u0142awty i szybki spos\u00f3b.<\/p>\n<ul>\n<li>Mieszad\u0142o jest solidnie wykonane. Dodatkowo <b>cynkowane,<\/b> co stanowi\u0105 ochron\u0119 przed rdz\u0105.<\/li>\n<li>Nie wygina si\u0119 oraz nie p\u0119ka w czasie kontaktu z z g\u0119stym preparatem.<\/li>\n<\/ul>\n<p><b>\u2705 Zastosowanie:<\/b><\/p>\n<p>Mieszalnik sprawia, \u017ce w szybki spos\u00f3b mo\u017cesz <b>prawid\u0142owo po\u0142\u0105czy\u0107 wszystkie substancje aktywne<\/b>, co b\u0119dzie przek\u0142ada\u0142o si\u0119 na efekt dzia\u0142ania wybranej mieszanki. Dodatkowo zastosowanie tego narz\u0119dzia umo\u017cliwia <b>uzyskanie w\u0142a\u015bciwej\u00a0 konsystencji\u00a0 przygotowywanych produkt\u00f3w.<\/b><\/p>\n<\/section><\/div>\n<\/section>\n<section class=\"section\">\n<div class=\"item item-6\">\n<section class=\"image-item\">\n                <img decoding=\"async\" src=\"https:\/\/upload.cdn.baselinker.com\/products\/14476\/2f198061ef395caba7cd8019100420df.jpg\" \/><br \/>\n            <\/section>\n<\/p><\/div>\n<div class=\"item item-6\">\n<section class=\"image-item\">\n                <img decoding=\"async\" src=\"https:\/\/upload.cdn.baselinker.com\/products\/14476\/0c932e3f84ca8ab3daab1563870deb27.jpg\" \/><br \/>\n            <\/section>\n<\/p><\/div>\n<\/section>\n<section class=\"section\">\n<div class=\"item item-12\">\n<section class=\"image-item\">\n                <img decoding=\"async\" src=\"https:\/\/upload.cdn.baselinker.com\/products\/14476\/7e6342ad4aeb3ab02a0b042ce916c7f5.jpg\" \/><br \/>\n            <\/section>\n<\/p><\/div>\n<\/section>\n","protected":false},"excerpt":{"rendered":"<p>MIESZAD\u0141O MIESZALNIK DO ZAPRAW KLEJU OCYNK FI 120mm Dane techniczne: Szeroko\u015b\u0107 mieszad\u0142a: 120mm Uchwyt: sze\u015bciok\u0105tny POLSKA PRODUKCJA! Mieszad\u0142o idealnie sprawdzi si\u0119 podczas prac wyko\u0144czeniowych i remontowych! Mieszad\u0142o \u015brubowe ocynkowane do kleju zapraw, betonu.Urz\u0105dzenie jest bardzo uniwersalne i proste w zastosowaniu. Monta\u017c odbywa si\u0119 w \u0142awty i szybki spos\u00f3b. Mieszad\u0142o jest solidnie wykonane. Dodatkowo cynkowane, co<br \/><a class=\"more-link\" href=\"https:\/\/bobimarket.pl\/index.php\/produkt\/mieszadlo-mieszalnik-do-zapraw-kleju-ocynk-fi-120m\/\"><br \/>\n        Czytaj wi\u0119cej<span class=\"screen-reader-text\"> &#8222;MIESZAD\u0141O MIESZALNIK DO ZAPRAW KLEJU OCYNK FI 120m&#8221;<\/span><\/a><\/p>\n","protected":false},"featured_media":86006,"template":"","meta":[],"product_cat":[8174],"product_tag":[],"yoast_head":"<!-- This site is optimized with the Yoast SEO plugin v21.0 - https:\/\/yoast.com\/wordpress\/plugins\/seo\/ -->\n<title>MIESZAD\u0141O MIESZALNIK DO ZAPRAW KLEJU OCYNK FI 120m - BOBIMARKET.pl - Remontuj i urz\u0105dzaj z nami<\/title>\n<meta name=\"robots\" content=\"index, follow, max-snippet:-1, max-image-preview:large, max-video-preview:-1\" \/>\n<link rel=\"canonical\" href=\"https:\/\/bobimarket.pl\/index.php\/produkt\/mieszadlo-mieszalnik-do-zapraw-kleju-ocynk-fi-120m\/\" \/>\n<meta property=\"og:locale\" content=\"pl_PL\" \/>\n<meta property=\"og:type\" content=\"article\" \/>\n<meta property=\"og:title\" content=\"MIESZAD\u0141O MIESZALNIK DO ZAPRAW KLEJU OCYNK FI 120m - BOBIMARKET.pl - Remontuj i urz\u0105dzaj z nami\" \/>\n<meta property=\"og:description\" content=\"MIESZAD\u0141O MIESZALNIK DO ZAPRAW KLEJU OCYNK FI 120mm Dane techniczne: Szeroko\u015b\u0107 mieszad\u0142a: 120mm Uchwyt: sze\u015bciok\u0105tny POLSKA PRODUKCJA! Mieszad\u0142o idealnie sprawdzi si\u0119 podczas prac wyko\u0144czeniowych i remontowych! Mieszad\u0142o \u015brubowe ocynkowane do kleju zapraw, betonu.Urz\u0105dzenie jest bardzo uniwersalne i proste w zastosowaniu. Monta\u017c odbywa si\u0119 w \u0142awty i szybki spos\u00f3b. Mieszad\u0142o jest solidnie wykonane. Dodatkowo cynkowane, co     Czytaj wi\u0119cej &quot;MIESZAD\u0141O MIESZALNIK DO ZAPRAW KLEJU OCYNK FI 120m&quot;\" \/>\n<meta property=\"og:url\" content=\"https:\/\/bobimarket.pl\/index.php\/produkt\/mieszadlo-mieszalnik-do-zapraw-kleju-ocynk-fi-120m\/\" \/>\n<meta property=\"og:site_name\" content=\"BOBIMARKET.pl - Remontuj i urz\u0105dzaj z nami\" \/>\n<meta property=\"article:modified_time\" content=\"2025-02-27T14:40:44+00:00\" \/>\n<meta property=\"og:image\" content=\"https:\/\/upload.cdn.baselinker.com\/products\/14476\/fc03429a62acc4375351645e96f16e4f.jpg\" \/>\n<meta name=\"twitter:card\" content=\"summary_large_image\" \/>\n<meta name=\"twitter:label1\" content=\"Szacowany czas czytania\" \/>\n\t<meta name=\"twitter:data1\" content=\"1 minuta\" \/>\n<script type=\"application\/ld+json\" class=\"yoast-schema-graph\">{\"@context\":\"https:\/\/schema.org\",\"@graph\":[{\"@type\":\"WebPage\",\"@id\":\"https:\/\/bobimarket.pl\/index.php\/produkt\/mieszadlo-mieszalnik-do-zapraw-kleju-ocynk-fi-120m\/\",\"url\":\"https:\/\/bobimarket.pl\/index.php\/produkt\/mieszadlo-mieszalnik-do-zapraw-kleju-ocynk-fi-120m\/\",\"name\":\"MIESZAD\u0141O MIESZALNIK DO ZAPRAW KLEJU OCYNK FI 120m - BOBIMARKET.pl - Remontuj i urz\u0105dzaj z nami\",\"isPartOf\":{\"@id\":\"https:\/\/bobimarket.pl\/#website\"},\"datePublished\":\"2023-08-29T23:19:30+00:00\",\"dateModified\":\"2025-02-27T14:40:44+00:00\",\"breadcrumb\":{\"@id\":\"https:\/\/bobimarket.pl\/index.php\/produkt\/mieszadlo-mieszalnik-do-zapraw-kleju-ocynk-fi-120m\/#breadcrumb\"},\"inLanguage\":\"pl-PL\",\"potentialAction\":[{\"@type\":\"ReadAction\",\"target\":[\"https:\/\/bobimarket.pl\/index.php\/produkt\/mieszadlo-mieszalnik-do-zapraw-kleju-ocynk-fi-120m\/\"]}]},{\"@type\":\"BreadcrumbList\",\"@id\":\"https:\/\/bobimarket.pl\/index.php\/produkt\/mieszadlo-mieszalnik-do-zapraw-kleju-ocynk-fi-120m\/#breadcrumb\",\"itemListElement\":[{\"@type\":\"ListItem\",\"position\":1,\"name\":\"Strona g\u0142\u00f3wna\",\"item\":\"https:\/\/bobimarket.pl\/\"},{\"@type\":\"ListItem\",\"position\":2,\"name\":\"Sklep\",\"item\":\"https:\/\/bobimarket.pl\/index.php\/shop\/\"},{\"@type\":\"ListItem\",\"position\":3,\"name\":\"MIESZAD\u0141O MIESZALNIK DO ZAPRAW KLEJU OCYNK FI 120m\"}]},{\"@type\":\"WebSite\",\"@id\":\"https:\/\/bobimarket.pl\/#website\",\"url\":\"https:\/\/bobimarket.pl\/\",\"name\":\"BOBIMARKET.pl - Remontuj i urz\u0105dzaj z nami\",\"description\":\"Remontuj i urz\u0105dzaj z nami\",\"publisher\":{\"@id\":\"https:\/\/bobimarket.pl\/#organization\"},\"potentialAction\":[{\"@type\":\"SearchAction\",\"target\":{\"@type\":\"EntryPoint\",\"urlTemplate\":\"https:\/\/bobimarket.pl\/?s={search_term_string}\"},\"query-input\":\"required name=search_term_string\"}],\"inLanguage\":\"pl-PL\"},{\"@type\":\"Organization\",\"@id\":\"https:\/\/bobimarket.pl\/#organization\",\"name\":\"BOBIMARKET.pl\",\"url\":\"https:\/\/bobimarket.pl\/\",\"logo\":{\"@type\":\"ImageObject\",\"inLanguage\":\"pl-PL\",\"@id\":\"https:\/\/bobimarket.pl\/#\/schema\/logo\/image\/\",\"url\":\"https:\/\/bobimarket.pl\/wp-content\/uploads\/2021\/11\/slogan.png\",\"contentUrl\":\"https:\/\/bobimarket.pl\/wp-content\/uploads\/2021\/11\/slogan.png\",\"width\":2000,\"height\":384,\"caption\":\"BOBIMARKET.pl\"},\"image\":{\"@id\":\"https:\/\/bobimarket.pl\/#\/schema\/logo\/image\/\"}}]}<\/script>\n<!-- \/ Yoast SEO plugin. -->","yoast_head_json":{"title":"MIESZAD\u0141O MIESZALNIK DO ZAPRAW KLEJU OCYNK FI 120m - BOBIMARKET.pl - Remontuj i urz\u0105dzaj z nami","robots":{"index":"index","follow":"follow","max-snippet":"max-snippet:-1","max-image-preview":"max-image-preview:large","max-video-preview":"max-video-preview:-1"},"canonical":"https:\/\/bobimarket.pl\/index.php\/produkt\/mieszadlo-mieszalnik-do-zapraw-kleju-ocynk-fi-120m\/","og_locale":"pl_PL","og_type":"article","og_title":"MIESZAD\u0141O MIESZALNIK DO ZAPRAW KLEJU OCYNK FI 120m - BOBIMARKET.pl - Remontuj i urz\u0105dzaj z nami","og_description":"MIESZAD\u0141O MIESZALNIK DO ZAPRAW KLEJU OCYNK FI 120mm Dane techniczne: Szeroko\u015b\u0107 mieszad\u0142a: 120mm Uchwyt: sze\u015bciok\u0105tny POLSKA PRODUKCJA! Mieszad\u0142o idealnie sprawdzi si\u0119 podczas prac wyko\u0144czeniowych i remontowych! Mieszad\u0142o \u015brubowe ocynkowane do kleju zapraw, betonu.Urz\u0105dzenie jest bardzo uniwersalne i proste w zastosowaniu. Monta\u017c odbywa si\u0119 w \u0142awty i szybki spos\u00f3b. Mieszad\u0142o jest solidnie wykonane. Dodatkowo cynkowane, co     Czytaj wi\u0119cej \"MIESZAD\u0141O MIESZALNIK DO ZAPRAW KLEJU OCYNK FI 120m\"","og_url":"https:\/\/bobimarket.pl\/index.php\/produkt\/mieszadlo-mieszalnik-do-zapraw-kleju-ocynk-fi-120m\/","og_site_name":"BOBIMARKET.pl - Remontuj i urz\u0105dzaj z nami","article_modified_time":"2025-02-27T14:40:44+00:00","og_image":[{"url":"https:\/\/upload.cdn.baselinker.com\/products\/14476\/fc03429a62acc4375351645e96f16e4f.jpg"}],"twitter_card":"summary_large_image","twitter_misc":{"Szacowany czas czytania":"1 minuta"},"schema":{"@context":"https:\/\/schema.org","@graph":[{"@type":"WebPage","@id":"https:\/\/bobimarket.pl\/index.php\/produkt\/mieszadlo-mieszalnik-do-zapraw-kleju-ocynk-fi-120m\/","url":"https:\/\/bobimarket.pl\/index.php\/produkt\/mieszadlo-mieszalnik-do-zapraw-kleju-ocynk-fi-120m\/","name":"MIESZAD\u0141O MIESZALNIK DO ZAPRAW KLEJU OCYNK FI 120m - BOBIMARKET.pl - Remontuj i urz\u0105dzaj z nami","isPartOf":{"@id":"https:\/\/bobimarket.pl\/#website"},"datePublished":"2023-08-29T23:19:30+00:00","dateModified":"2025-02-27T14:40:44+00:00","breadcrumb":{"@id":"https:\/\/bobimarket.pl\/index.php\/produkt\/mieszadlo-mieszalnik-do-zapraw-kleju-ocynk-fi-120m\/#breadcrumb"},"inLanguage":"pl-PL","potentialAction":[{"@type":"ReadAction","target":["https:\/\/bobimarket.pl\/index.php\/produkt\/mieszadlo-mieszalnik-do-zapraw-kleju-ocynk-fi-120m\/"]}]},{"@type":"BreadcrumbList","@id":"https:\/\/bobimarket.pl\/index.php\/produkt\/mieszadlo-mieszalnik-do-zapraw-kleju-ocynk-fi-120m\/#breadcrumb","itemListElement":[{"@type":"ListItem","position":1,"name":"Strona g\u0142\u00f3wna","item":"https:\/\/bobimarket.pl\/"},{"@type":"ListItem","position":2,"name":"Sklep","item":"https:\/\/bobimarket.pl\/index.php\/shop\/"},{"@type":"ListItem","position":3,"name":"MIESZAD\u0141O MIESZALNIK DO ZAPRAW KLEJU OCYNK FI 120m"}]},{"@type":"WebSite","@id":"https:\/\/bobimarket.pl\/#website","url":"https:\/\/bobimarket.pl\/","name":"BOBIMARKET.pl - Remontuj i urz\u0105dzaj z nami","description":"Remontuj i urz\u0105dzaj z nami","publisher":{"@id":"https:\/\/bobimarket.pl\/#organization"},"potentialAction":[{"@type":"SearchAction","target":{"@type":"EntryPoint","urlTemplate":"https:\/\/bobimarket.pl\/?s={search_term_string}"},"query-input":"required name=search_term_string"}],"inLanguage":"pl-PL"},{"@type":"Organization","@id":"https:\/\/bobimarket.pl\/#organization","name":"BOBIMARKET.pl","url":"https:\/\/bobimarket.pl\/","logo":{"@type":"ImageObject","inLanguage":"pl-PL","@id":"https:\/\/bobimarket.pl\/#\/schema\/logo\/image\/","url":"https:\/\/bobimarket.pl\/wp-content\/uploads\/2021\/11\/slogan.png","contentUrl":"https:\/\/bobimarket.pl\/wp-content\/uploads\/2021\/11\/slogan.png","width":2000,"height":384,"caption":"BOBIMARKET.pl"},"image":{"@id":"https:\/\/bobimarket.pl\/#\/schema\/logo\/image\/"}}]}},"_links":{"self":[{"href":"https:\/\/bobimarket.pl\/index.php\/wp-json\/wp\/v2\/product\/86011"}],"collection":[{"href":"https:\/\/bobimarket.pl\/index.php\/wp-json\/wp\/v2\/product"}],"about":[{"href":"https:\/\/bobimarket.pl\/index.php\/wp-json\/wp\/v2\/types\/product"}],"wp:featuredmedia":[{"embeddable":true,"href":"https:\/\/bobimarket.pl\/index.php\/wp-json\/wp\/v2\/media\/86006"}],"wp:attachment":[{"href":"https:\/\/bobimarket.pl\/index.php\/wp-json\/wp\/v2\/media?parent=86011"}],"wp:term":[{"taxonomy":"product_cat","embeddable":true,"href":"https:\/\/bobimarket.pl\/index.php\/wp-json\/wp\/v2\/product_cat?post=86011"},{"taxonomy":"product_tag","embeddable":true,"href":"https:\/\/bobimarket.pl\/index.php\/wp-json\/wp\/v2\/product_tag?post=86011"}],"curies":[{"name":"wp","href":"https:\/\/api.w.org\/{rel}","templated":true}]}}