{"id":86017,"date":"2023-08-29T23:19:46","date_gmt":"2023-08-29T23:19:46","guid":{"rendered":"https:\/\/bobimarket.pl\/index.php\/produkt\/walek-malarski-zapas-zlota-nic-25cmgratis-10cm\/"},"modified":"2025-11-28T20:57:29","modified_gmt":"2025-11-28T20:57:29","slug":"walek-malarski-zapas-zlota-nic-25cmgratis-10cm","status":"publish","type":"product","link":"https:\/\/bobimarket.pl\/index.php\/produkt\/walek-malarski-zapas-zlota-nic-25cmgratis-10cm\/","title":{"rendered":"WA\u0141EK MALARSKI ZAPAS Z\u0141OTA NIC 25CM+GRATIS 10CM"},"content":{"rendered":"<section class=\"section\">\n<div class=\"item item-12\">\n<section class=\"text-item\">\n<h1>WA\u0141EK MALARSKI ZAPAS Z\u0141OTA NIC 25CM+GRATIS 10CM ZAPAS<\/h1>\n<p><b>Dane techniczne:<\/b><\/p>\n<ul>\n<li>D\u0142ugo\u015b\u0107 ca\u0142kowita:<b> 250 mm.<\/b><\/li>\n<li>\u015arednica:<b> 50 mm<\/b><\/li>\n<li>D\u0142ugo\u015b\u0107 w\u0142osia:<b> 11 mm<\/b><\/li>\n<li>Otw\u00f3r na r\u0105czk\u0119: <b>\u03a6 8 mm<\/b><\/li>\n<li>Przeznacznie:<b> farb lateksowych, emulsyjnych, silikonowych, akrylowych oraz silikatowych<\/b><\/li>\n<\/ul>\n<p><b>GRATIS ZAPAS Z\u0141OTA NI\u0106 10CM MINI!!!<\/b><\/p>\n<\/section><\/div>\n<\/section>\n<section class=\"section\">\n<div class=\"item item-12\">\n<section class=\"image-item\">\n            <img decoding=\"async\" src=\"https:\/\/upload.cdn.baselinker.com\/products\/14476\/c4b0d93d02ad570cdc3a80dc74a435e5.jpg\" \/><br \/>\n        <\/section>\n<\/p><\/div>\n<\/section>\n<section class=\"section\">\n<div class=\"item item-12\">\n<section class=\"text-item\">\n<p>Wa\u0142ek <b>GIRPAINT Z\u0141OTA NI\u0106<\/b> r\u00f3wnomiernie rozprowadza farb\u0119 na malowanych powierzchniach.<\/p>\n<ul>\n<li>Struktura wk\u0142adu doskonale wch\u0142ania farb\u0119, dlatego wa\u0142ek umo\u017cliwia przeprowadzenie czystych i szybkich prac remontowych.<\/li>\n<\/ul>\n<p>\u2705<b> Zastosowanie:<\/b><\/p>\n<p>Wa\u0142ek jest przeznaczony do wszystkich rodzaj\u00f3w farb, nadaje si\u0119 doskonale do:<\/p>\n<ul>\n<li>farb lateksowych,<\/li>\n<li>emulsyjnych,<\/li>\n<li>silikonowych,<\/li>\n<li>akrylowych oraz silikatowych.<\/li>\n<\/ul>\n<\/section><\/div>\n<\/section>\n<section class=\"section\">\n<div class=\"item item-12\">\n<section class=\"image-item\">\n            <img decoding=\"async\" src=\"https:\/\/upload.cdn.baselinker.com\/products\/14476\/e301e6d67b8f0ee9056f3aff5860c774.jpg\" \/><br \/>\n        <\/section>\n<\/p><\/div>\n<\/section>\n<section class=\"section\">\n<div class=\"item item-12\">\n<section class=\"image-item\">\n            <img decoding=\"async\" src=\"https:\/\/upload.cdn.baselinker.com\/products\/14476\/0730aff1b806c3444958ba88fa16441b.jpg\" \/><br \/>\n        <\/section>\n<\/p><\/div>\n<\/section>\n<section class=\"section\">\n<div class=\"item item-12\">\n<section class=\"image-item\">\n            <img decoding=\"async\" src=\"https:\/\/upload.cdn.baselinker.com\/products\/14476\/89705a5ab5a4f635ed1af3a5e2555575.jpg\" \/><br \/>\n        <\/section>\n<\/p><\/div>\n<\/section>\n","protected":false},"excerpt":{"rendered":"<p>WA\u0141EK MALARSKI ZAPAS Z\u0141OTA NIC 25CM+GRATIS 10CM ZAPAS Dane techniczne: D\u0142ugo\u015b\u0107 ca\u0142kowita: 250 mm. \u015arednica: 50 mm D\u0142ugo\u015b\u0107 w\u0142osia: 11 mm Otw\u00f3r na r\u0105czk\u0119: \u03a6 8 mm Przeznacznie: farb lateksowych, emulsyjnych, silikonowych, akrylowych oraz silikatowych GRATIS ZAPAS Z\u0141OTA NI\u0106 10CM MINI!!! Wa\u0142ek GIRPAINT Z\u0141OTA NI\u0106 r\u00f3wnomiernie rozprowadza farb\u0119 na malowanych powierzchniach. Struktura wk\u0142adu doskonale wch\u0142ania<br \/><a class=\"more-link\" href=\"https:\/\/bobimarket.pl\/index.php\/produkt\/walek-malarski-zapas-zlota-nic-25cmgratis-10cm\/\"><br \/>\n        Czytaj wi\u0119cej<span class=\"screen-reader-text\"> &#8222;WA\u0141EK MALARSKI ZAPAS Z\u0141OTA NIC 25CM+GRATIS 10CM&#8221;<\/span><\/a><\/p>\n","protected":false},"featured_media":86012,"template":"","meta":[],"product_cat":[8063],"product_tag":[],"yoast_head":"<!-- This site is optimized with the Yoast SEO plugin v21.0 - https:\/\/yoast.com\/wordpress\/plugins\/seo\/ -->\n<title>WA\u0141EK MALARSKI ZAPAS Z\u0141OTA NIC 25CM+GRATIS 10CM - BOBIMARKET.pl - Remontuj i urz\u0105dzaj z nami<\/title>\n<meta name=\"robots\" content=\"index, follow, max-snippet:-1, max-image-preview:large, max-video-preview:-1\" \/>\n<link rel=\"canonical\" href=\"https:\/\/bobimarket.pl\/index.php\/produkt\/walek-malarski-zapas-zlota-nic-25cmgratis-10cm\/\" \/>\n<meta property=\"og:locale\" content=\"pl_PL\" \/>\n<meta property=\"og:type\" content=\"article\" \/>\n<meta property=\"og:title\" content=\"WA\u0141EK MALARSKI ZAPAS Z\u0141OTA NIC 25CM+GRATIS 10CM - BOBIMARKET.pl - Remontuj i urz\u0105dzaj z nami\" \/>\n<meta property=\"og:description\" content=\"WA\u0141EK MALARSKI ZAPAS Z\u0141OTA NIC 25CM+GRATIS 10CM ZAPAS Dane techniczne: D\u0142ugo\u015b\u0107 ca\u0142kowita: 250 mm. \u015arednica: 50 mm D\u0142ugo\u015b\u0107 w\u0142osia: 11 mm Otw\u00f3r na r\u0105czk\u0119: \u03a6 8 mm Przeznacznie: farb lateksowych, emulsyjnych, silikonowych, akrylowych oraz silikatowych GRATIS ZAPAS Z\u0141OTA NI\u0106 10CM MINI!!! Wa\u0142ek GIRPAINT Z\u0141OTA NI\u0106 r\u00f3wnomiernie rozprowadza farb\u0119 na malowanych powierzchniach. Struktura wk\u0142adu doskonale wch\u0142ania     Czytaj wi\u0119cej &quot;WA\u0141EK MALARSKI ZAPAS Z\u0141OTA NIC 25CM+GRATIS 10CM&quot;\" \/>\n<meta property=\"og:url\" content=\"https:\/\/bobimarket.pl\/index.php\/produkt\/walek-malarski-zapas-zlota-nic-25cmgratis-10cm\/\" \/>\n<meta property=\"og:site_name\" content=\"BOBIMARKET.pl - Remontuj i urz\u0105dzaj z nami\" \/>\n<meta property=\"article:modified_time\" content=\"2025-11-28T20:57:29+00:00\" \/>\n<meta property=\"og:image\" content=\"https:\/\/upload.cdn.baselinker.com\/products\/14476\/c4b0d93d02ad570cdc3a80dc74a435e5.jpg\" \/>\n<meta name=\"twitter:card\" content=\"summary_large_image\" \/>\n<script type=\"application\/ld+json\" class=\"yoast-schema-graph\">{\"@context\":\"https:\/\/schema.org\",\"@graph\":[{\"@type\":\"WebPage\",\"@id\":\"https:\/\/bobimarket.pl\/index.php\/produkt\/walek-malarski-zapas-zlota-nic-25cmgratis-10cm\/\",\"url\":\"https:\/\/bobimarket.pl\/index.php\/produkt\/walek-malarski-zapas-zlota-nic-25cmgratis-10cm\/\",\"name\":\"WA\u0141EK MALARSKI ZAPAS Z\u0141OTA NIC 25CM+GRATIS 10CM - BOBIMARKET.pl - Remontuj i urz\u0105dzaj z nami\",\"isPartOf\":{\"@id\":\"https:\/\/bobimarket.pl\/#website\"},\"datePublished\":\"2023-08-29T23:19:46+00:00\",\"dateModified\":\"2025-11-28T20:57:29+00:00\",\"breadcrumb\":{\"@id\":\"https:\/\/bobimarket.pl\/index.php\/produkt\/walek-malarski-zapas-zlota-nic-25cmgratis-10cm\/#breadcrumb\"},\"inLanguage\":\"pl-PL\",\"potentialAction\":[{\"@type\":\"ReadAction\",\"target\":[\"https:\/\/bobimarket.pl\/index.php\/produkt\/walek-malarski-zapas-zlota-nic-25cmgratis-10cm\/\"]}]},{\"@type\":\"BreadcrumbList\",\"@id\":\"https:\/\/bobimarket.pl\/index.php\/produkt\/walek-malarski-zapas-zlota-nic-25cmgratis-10cm\/#breadcrumb\",\"itemListElement\":[{\"@type\":\"ListItem\",\"position\":1,\"name\":\"Strona g\u0142\u00f3wna\",\"item\":\"https:\/\/bobimarket.pl\/\"},{\"@type\":\"ListItem\",\"position\":2,\"name\":\"Sklep\",\"item\":\"https:\/\/bobimarket.pl\/index.php\/shop\/\"},{\"@type\":\"ListItem\",\"position\":3,\"name\":\"WA\u0141EK MALARSKI ZAPAS Z\u0141OTA NIC 25CM+GRATIS 10CM\"}]},{\"@type\":\"WebSite\",\"@id\":\"https:\/\/bobimarket.pl\/#website\",\"url\":\"https:\/\/bobimarket.pl\/\",\"name\":\"BOBIMARKET.pl - Remontuj i urz\u0105dzaj z nami\",\"description\":\"Remontuj i urz\u0105dzaj z nami\",\"publisher\":{\"@id\":\"https:\/\/bobimarket.pl\/#organization\"},\"potentialAction\":[{\"@type\":\"SearchAction\",\"target\":{\"@type\":\"EntryPoint\",\"urlTemplate\":\"https:\/\/bobimarket.pl\/?s={search_term_string}\"},\"query-input\":\"required name=search_term_string\"}],\"inLanguage\":\"pl-PL\"},{\"@type\":\"Organization\",\"@id\":\"https:\/\/bobimarket.pl\/#organization\",\"name\":\"BOBIMARKET.pl\",\"url\":\"https:\/\/bobimarket.pl\/\",\"logo\":{\"@type\":\"ImageObject\",\"inLanguage\":\"pl-PL\",\"@id\":\"https:\/\/bobimarket.pl\/#\/schema\/logo\/image\/\",\"url\":\"https:\/\/bobimarket.pl\/wp-content\/uploads\/2021\/11\/slogan.png\",\"contentUrl\":\"https:\/\/bobimarket.pl\/wp-content\/uploads\/2021\/11\/slogan.png\",\"width\":2000,\"height\":384,\"caption\":\"BOBIMARKET.pl\"},\"image\":{\"@id\":\"https:\/\/bobimarket.pl\/#\/schema\/logo\/image\/\"}}]}<\/script>\n<!-- \/ Yoast SEO plugin. -->","yoast_head_json":{"title":"WA\u0141EK MALARSKI ZAPAS Z\u0141OTA NIC 25CM+GRATIS 10CM - BOBIMARKET.pl - Remontuj i urz\u0105dzaj z nami","robots":{"index":"index","follow":"follow","max-snippet":"max-snippet:-1","max-image-preview":"max-image-preview:large","max-video-preview":"max-video-preview:-1"},"canonical":"https:\/\/bobimarket.pl\/index.php\/produkt\/walek-malarski-zapas-zlota-nic-25cmgratis-10cm\/","og_locale":"pl_PL","og_type":"article","og_title":"WA\u0141EK MALARSKI ZAPAS Z\u0141OTA NIC 25CM+GRATIS 10CM - BOBIMARKET.pl - Remontuj i urz\u0105dzaj z nami","og_description":"WA\u0141EK MALARSKI ZAPAS Z\u0141OTA NIC 25CM+GRATIS 10CM ZAPAS Dane techniczne: D\u0142ugo\u015b\u0107 ca\u0142kowita: 250 mm. \u015arednica: 50 mm D\u0142ugo\u015b\u0107 w\u0142osia: 11 mm Otw\u00f3r na r\u0105czk\u0119: \u03a6 8 mm Przeznacznie: farb lateksowych, emulsyjnych, silikonowych, akrylowych oraz silikatowych GRATIS ZAPAS Z\u0141OTA NI\u0106 10CM MINI!!! Wa\u0142ek GIRPAINT Z\u0141OTA NI\u0106 r\u00f3wnomiernie rozprowadza farb\u0119 na malowanych powierzchniach. Struktura wk\u0142adu doskonale wch\u0142ania     Czytaj wi\u0119cej \"WA\u0141EK MALARSKI ZAPAS Z\u0141OTA NIC 25CM+GRATIS 10CM\"","og_url":"https:\/\/bobimarket.pl\/index.php\/produkt\/walek-malarski-zapas-zlota-nic-25cmgratis-10cm\/","og_site_name":"BOBIMARKET.pl - Remontuj i urz\u0105dzaj z nami","article_modified_time":"2025-11-28T20:57:29+00:00","og_image":[{"url":"https:\/\/upload.cdn.baselinker.com\/products\/14476\/c4b0d93d02ad570cdc3a80dc74a435e5.jpg"}],"twitter_card":"summary_large_image","schema":{"@context":"https:\/\/schema.org","@graph":[{"@type":"WebPage","@id":"https:\/\/bobimarket.pl\/index.php\/produkt\/walek-malarski-zapas-zlota-nic-25cmgratis-10cm\/","url":"https:\/\/bobimarket.pl\/index.php\/produkt\/walek-malarski-zapas-zlota-nic-25cmgratis-10cm\/","name":"WA\u0141EK MALARSKI ZAPAS Z\u0141OTA NIC 25CM+GRATIS 10CM - BOBIMARKET.pl - Remontuj i urz\u0105dzaj z nami","isPartOf":{"@id":"https:\/\/bobimarket.pl\/#website"},"datePublished":"2023-08-29T23:19:46+00:00","dateModified":"2025-11-28T20:57:29+00:00","breadcrumb":{"@id":"https:\/\/bobimarket.pl\/index.php\/produkt\/walek-malarski-zapas-zlota-nic-25cmgratis-10cm\/#breadcrumb"},"inLanguage":"pl-PL","potentialAction":[{"@type":"ReadAction","target":["https:\/\/bobimarket.pl\/index.php\/produkt\/walek-malarski-zapas-zlota-nic-25cmgratis-10cm\/"]}]},{"@type":"BreadcrumbList","@id":"https:\/\/bobimarket.pl\/index.php\/produkt\/walek-malarski-zapas-zlota-nic-25cmgratis-10cm\/#breadcrumb","itemListElement":[{"@type":"ListItem","position":1,"name":"Strona g\u0142\u00f3wna","item":"https:\/\/bobimarket.pl\/"},{"@type":"ListItem","position":2,"name":"Sklep","item":"https:\/\/bobimarket.pl\/index.php\/shop\/"},{"@type":"ListItem","position":3,"name":"WA\u0141EK MALARSKI ZAPAS Z\u0141OTA NIC 25CM+GRATIS 10CM"}]},{"@type":"WebSite","@id":"https:\/\/bobimarket.pl\/#website","url":"https:\/\/bobimarket.pl\/","name":"BOBIMARKET.pl - Remontuj i urz\u0105dzaj z nami","description":"Remontuj i urz\u0105dzaj z nami","publisher":{"@id":"https:\/\/bobimarket.pl\/#organization"},"potentialAction":[{"@type":"SearchAction","target":{"@type":"EntryPoint","urlTemplate":"https:\/\/bobimarket.pl\/?s={search_term_string}"},"query-input":"required name=search_term_string"}],"inLanguage":"pl-PL"},{"@type":"Organization","@id":"https:\/\/bobimarket.pl\/#organization","name":"BOBIMARKET.pl","url":"https:\/\/bobimarket.pl\/","logo":{"@type":"ImageObject","inLanguage":"pl-PL","@id":"https:\/\/bobimarket.pl\/#\/schema\/logo\/image\/","url":"https:\/\/bobimarket.pl\/wp-content\/uploads\/2021\/11\/slogan.png","contentUrl":"https:\/\/bobimarket.pl\/wp-content\/uploads\/2021\/11\/slogan.png","width":2000,"height":384,"caption":"BOBIMARKET.pl"},"image":{"@id":"https:\/\/bobimarket.pl\/#\/schema\/logo\/image\/"}}]}},"_links":{"self":[{"href":"https:\/\/bobimarket.pl\/index.php\/wp-json\/wp\/v2\/product\/86017"}],"collection":[{"href":"https:\/\/bobimarket.pl\/index.php\/wp-json\/wp\/v2\/product"}],"about":[{"href":"https:\/\/bobimarket.pl\/index.php\/wp-json\/wp\/v2\/types\/product"}],"wp:featuredmedia":[{"embeddable":true,"href":"https:\/\/bobimarket.pl\/index.php\/wp-json\/wp\/v2\/media\/86012"}],"wp:attachment":[{"href":"https:\/\/bobimarket.pl\/index.php\/wp-json\/wp\/v2\/media?parent=86017"}],"wp:term":[{"taxonomy":"product_cat","embeddable":true,"href":"https:\/\/bobimarket.pl\/index.php\/wp-json\/wp\/v2\/product_cat?post=86017"},{"taxonomy":"product_tag","embeddable":true,"href":"https:\/\/bobimarket.pl\/index.php\/wp-json\/wp\/v2\/product_tag?post=86017"}],"curies":[{"name":"wp","href":"https:\/\/api.w.org\/{rel}","templated":true}]}}