{"id":86090,"date":"2023-08-29T23:25:36","date_gmt":"2023-08-29T23:25:36","guid":{"rendered":"https:\/\/bobimarket.pl\/index.php\/produkt\/worki-na-smieci-odpady-grube-mocne-120l-25szt\/"},"modified":"2025-02-27T14:41:45","modified_gmt":"2025-02-27T14:41:45","slug":"worki-na-smieci-odpady-grube-mocne-120l-25szt","status":"publish","type":"product","link":"https:\/\/bobimarket.pl\/index.php\/produkt\/worki-na-smieci-odpady-grube-mocne-120l-25szt\/","title":{"rendered":"WORKI NA \u015aMIECI ODPADY GRUBE MOCNE 120L 25SZT"},"content":{"rendered":"<section class=\"section\">\n<div class=\"item item-6\">\n<section class=\"image-item\">\n            <img decoding=\"async\" src=\"https:\/\/upload.cdn.baselinker.com\/products\/14476\/b23df944d04368df630cdb3e4c655616.jpg\" \/><br \/>\n        <\/section>\n<\/p><\/div>\n<div class=\"item item-6\">\n<section class=\"text-item\">\n<h2>WORKI NA \u015aMIECI ODPADY GRUBE MOCNE 120L 25SZT<\/h2>\n<p><b>DANE TECHNICZNE:<\/b><\/p>\n<ul>\n<li>Pojemno\u015b\u0107: <b>120L<\/b><\/li>\n<li>Ilo\u015b\u0107 w rolce: 25 sztuk<\/li>\n<li>Wymiary: <b>70x115cm<\/b><\/li>\n<li>Kolor: Czarny<\/li>\n<\/ul>\n<\/section><\/div>\n<\/section>\n<section class=\"section\">\n<div class=\"item item-6\">\n<section class=\"image-item\">\n            <img decoding=\"async\" src=\"https:\/\/upload.cdn.baselinker.com\/products\/14476\/d1d05384413028f746aff7c3a1f56d63.jpg\" \/><br \/>\n        <\/section>\n<\/p><\/div>\n<div class=\"item item-6\">\n<section class=\"text-item\">\n<p>Wysokiej jako\u015bci worki na \u015bmieci, odpady. Znajd\u0105 zastosowanie w ka\u017cdym gospodarstwie domowym.\u00a0 \u015awietnie si\u0119 sprawdz\u0105 r\u00f3wnie\u017c do przechowywania,pakowania r\u00f3\u017cnego rodzaju przedmiot\u00f3w.<\/p>\n<\/section><\/div>\n<\/section>\n<section class=\"section\">\n<div class=\"item item-12\">\n<section class=\"image-item\">\n            <img decoding=\"async\" src=\"https:\/\/upload.cdn.baselinker.com\/products\/14476\/579abac1ceaf08bb727d5cce20d49b62.jpg\" \/><br \/>\n        <\/section>\n<\/p><\/div>\n<\/section>\n","protected":false},"excerpt":{"rendered":"<p>WORKI NA \u015aMIECI ODPADY GRUBE MOCNE 120L 25SZT DANE TECHNICZNE: Pojemno\u015b\u0107: 120L Ilo\u015b\u0107 w rolce: 25 sztuk Wymiary: 70x115cm Kolor: Czarny Wysokiej jako\u015bci worki na \u015bmieci, odpady. Znajd\u0105 zastosowanie w ka\u017cdym gospodarstwie domowym.\u00a0 \u015awietnie si\u0119 sprawdz\u0105 r\u00f3wnie\u017c do przechowywania,pakowania r\u00f3\u017cnego rodzaju przedmiot\u00f3w.<\/p>\n","protected":false},"featured_media":86087,"template":"","meta":[],"product_cat":[8317],"product_tag":[],"yoast_head":"<!-- This site is optimized with the Yoast SEO plugin v21.0 - https:\/\/yoast.com\/wordpress\/plugins\/seo\/ -->\n<title>WORKI NA \u015aMIECI ODPADY GRUBE MOCNE 120L 25SZT - BOBIMARKET.pl - Remontuj i urz\u0105dzaj z nami<\/title>\n<meta name=\"robots\" content=\"index, follow, max-snippet:-1, max-image-preview:large, max-video-preview:-1\" \/>\n<link rel=\"canonical\" href=\"https:\/\/bobimarket.pl\/index.php\/produkt\/worki-na-smieci-odpady-grube-mocne-120l-25szt\/\" \/>\n<meta property=\"og:locale\" content=\"pl_PL\" \/>\n<meta property=\"og:type\" content=\"article\" \/>\n<meta property=\"og:title\" content=\"WORKI NA \u015aMIECI ODPADY GRUBE MOCNE 120L 25SZT - BOBIMARKET.pl - Remontuj i urz\u0105dzaj z nami\" \/>\n<meta property=\"og:description\" content=\"WORKI NA \u015aMIECI ODPADY GRUBE MOCNE 120L 25SZT DANE TECHNICZNE: Pojemno\u015b\u0107: 120L Ilo\u015b\u0107 w rolce: 25 sztuk Wymiary: 70x115cm Kolor: Czarny Wysokiej jako\u015bci worki na \u015bmieci, odpady. Znajd\u0105 zastosowanie w ka\u017cdym gospodarstwie domowym.\u00a0 \u015awietnie si\u0119 sprawdz\u0105 r\u00f3wnie\u017c do przechowywania,pakowania r\u00f3\u017cnego rodzaju przedmiot\u00f3w.\" \/>\n<meta property=\"og:url\" content=\"https:\/\/bobimarket.pl\/index.php\/produkt\/worki-na-smieci-odpady-grube-mocne-120l-25szt\/\" \/>\n<meta property=\"og:site_name\" content=\"BOBIMARKET.pl - Remontuj i urz\u0105dzaj z nami\" \/>\n<meta property=\"article:modified_time\" content=\"2025-02-27T14:41:45+00:00\" \/>\n<meta property=\"og:image\" content=\"https:\/\/upload.cdn.baselinker.com\/products\/14476\/b23df944d04368df630cdb3e4c655616.jpg\" \/>\n<meta name=\"twitter:card\" content=\"summary_large_image\" \/>\n<script type=\"application\/ld+json\" class=\"yoast-schema-graph\">{\"@context\":\"https:\/\/schema.org\",\"@graph\":[{\"@type\":\"WebPage\",\"@id\":\"https:\/\/bobimarket.pl\/index.php\/produkt\/worki-na-smieci-odpady-grube-mocne-120l-25szt\/\",\"url\":\"https:\/\/bobimarket.pl\/index.php\/produkt\/worki-na-smieci-odpady-grube-mocne-120l-25szt\/\",\"name\":\"WORKI NA \u015aMIECI ODPADY GRUBE MOCNE 120L 25SZT - BOBIMARKET.pl - Remontuj i urz\u0105dzaj z nami\",\"isPartOf\":{\"@id\":\"https:\/\/bobimarket.pl\/#website\"},\"datePublished\":\"2023-08-29T23:25:36+00:00\",\"dateModified\":\"2025-02-27T14:41:45+00:00\",\"breadcrumb\":{\"@id\":\"https:\/\/bobimarket.pl\/index.php\/produkt\/worki-na-smieci-odpady-grube-mocne-120l-25szt\/#breadcrumb\"},\"inLanguage\":\"pl-PL\",\"potentialAction\":[{\"@type\":\"ReadAction\",\"target\":[\"https:\/\/bobimarket.pl\/index.php\/produkt\/worki-na-smieci-odpady-grube-mocne-120l-25szt\/\"]}]},{\"@type\":\"BreadcrumbList\",\"@id\":\"https:\/\/bobimarket.pl\/index.php\/produkt\/worki-na-smieci-odpady-grube-mocne-120l-25szt\/#breadcrumb\",\"itemListElement\":[{\"@type\":\"ListItem\",\"position\":1,\"name\":\"Strona g\u0142\u00f3wna\",\"item\":\"https:\/\/bobimarket.pl\/\"},{\"@type\":\"ListItem\",\"position\":2,\"name\":\"Sklep\",\"item\":\"https:\/\/bobimarket.pl\/index.php\/shop\/\"},{\"@type\":\"ListItem\",\"position\":3,\"name\":\"WORKI NA \u015aMIECI ODPADY GRUBE MOCNE 120L 25SZT\"}]},{\"@type\":\"WebSite\",\"@id\":\"https:\/\/bobimarket.pl\/#website\",\"url\":\"https:\/\/bobimarket.pl\/\",\"name\":\"BOBIMARKET.pl - Remontuj i urz\u0105dzaj z nami\",\"description\":\"Remontuj i urz\u0105dzaj z nami\",\"publisher\":{\"@id\":\"https:\/\/bobimarket.pl\/#organization\"},\"potentialAction\":[{\"@type\":\"SearchAction\",\"target\":{\"@type\":\"EntryPoint\",\"urlTemplate\":\"https:\/\/bobimarket.pl\/?s={search_term_string}\"},\"query-input\":\"required name=search_term_string\"}],\"inLanguage\":\"pl-PL\"},{\"@type\":\"Organization\",\"@id\":\"https:\/\/bobimarket.pl\/#organization\",\"name\":\"BOBIMARKET.pl\",\"url\":\"https:\/\/bobimarket.pl\/\",\"logo\":{\"@type\":\"ImageObject\",\"inLanguage\":\"pl-PL\",\"@id\":\"https:\/\/bobimarket.pl\/#\/schema\/logo\/image\/\",\"url\":\"https:\/\/bobimarket.pl\/wp-content\/uploads\/2021\/11\/slogan.png\",\"contentUrl\":\"https:\/\/bobimarket.pl\/wp-content\/uploads\/2021\/11\/slogan.png\",\"width\":2000,\"height\":384,\"caption\":\"BOBIMARKET.pl\"},\"image\":{\"@id\":\"https:\/\/bobimarket.pl\/#\/schema\/logo\/image\/\"}}]}<\/script>\n<!-- \/ Yoast SEO plugin. -->","yoast_head_json":{"title":"WORKI NA \u015aMIECI ODPADY GRUBE MOCNE 120L 25SZT - BOBIMARKET.pl - Remontuj i urz\u0105dzaj z nami","robots":{"index":"index","follow":"follow","max-snippet":"max-snippet:-1","max-image-preview":"max-image-preview:large","max-video-preview":"max-video-preview:-1"},"canonical":"https:\/\/bobimarket.pl\/index.php\/produkt\/worki-na-smieci-odpady-grube-mocne-120l-25szt\/","og_locale":"pl_PL","og_type":"article","og_title":"WORKI NA \u015aMIECI ODPADY GRUBE MOCNE 120L 25SZT - BOBIMARKET.pl - Remontuj i urz\u0105dzaj z nami","og_description":"WORKI NA \u015aMIECI ODPADY GRUBE MOCNE 120L 25SZT DANE TECHNICZNE: Pojemno\u015b\u0107: 120L Ilo\u015b\u0107 w rolce: 25 sztuk Wymiary: 70x115cm Kolor: Czarny Wysokiej jako\u015bci worki na \u015bmieci, odpady. Znajd\u0105 zastosowanie w ka\u017cdym gospodarstwie domowym.\u00a0 \u015awietnie si\u0119 sprawdz\u0105 r\u00f3wnie\u017c do przechowywania,pakowania r\u00f3\u017cnego rodzaju przedmiot\u00f3w.","og_url":"https:\/\/bobimarket.pl\/index.php\/produkt\/worki-na-smieci-odpady-grube-mocne-120l-25szt\/","og_site_name":"BOBIMARKET.pl - Remontuj i urz\u0105dzaj z nami","article_modified_time":"2025-02-27T14:41:45+00:00","og_image":[{"url":"https:\/\/upload.cdn.baselinker.com\/products\/14476\/b23df944d04368df630cdb3e4c655616.jpg"}],"twitter_card":"summary_large_image","schema":{"@context":"https:\/\/schema.org","@graph":[{"@type":"WebPage","@id":"https:\/\/bobimarket.pl\/index.php\/produkt\/worki-na-smieci-odpady-grube-mocne-120l-25szt\/","url":"https:\/\/bobimarket.pl\/index.php\/produkt\/worki-na-smieci-odpady-grube-mocne-120l-25szt\/","name":"WORKI NA \u015aMIECI ODPADY GRUBE MOCNE 120L 25SZT - BOBIMARKET.pl - Remontuj i urz\u0105dzaj z nami","isPartOf":{"@id":"https:\/\/bobimarket.pl\/#website"},"datePublished":"2023-08-29T23:25:36+00:00","dateModified":"2025-02-27T14:41:45+00:00","breadcrumb":{"@id":"https:\/\/bobimarket.pl\/index.php\/produkt\/worki-na-smieci-odpady-grube-mocne-120l-25szt\/#breadcrumb"},"inLanguage":"pl-PL","potentialAction":[{"@type":"ReadAction","target":["https:\/\/bobimarket.pl\/index.php\/produkt\/worki-na-smieci-odpady-grube-mocne-120l-25szt\/"]}]},{"@type":"BreadcrumbList","@id":"https:\/\/bobimarket.pl\/index.php\/produkt\/worki-na-smieci-odpady-grube-mocne-120l-25szt\/#breadcrumb","itemListElement":[{"@type":"ListItem","position":1,"name":"Strona g\u0142\u00f3wna","item":"https:\/\/bobimarket.pl\/"},{"@type":"ListItem","position":2,"name":"Sklep","item":"https:\/\/bobimarket.pl\/index.php\/shop\/"},{"@type":"ListItem","position":3,"name":"WORKI NA \u015aMIECI ODPADY GRUBE MOCNE 120L 25SZT"}]},{"@type":"WebSite","@id":"https:\/\/bobimarket.pl\/#website","url":"https:\/\/bobimarket.pl\/","name":"BOBIMARKET.pl - Remontuj i urz\u0105dzaj z nami","description":"Remontuj i urz\u0105dzaj z nami","publisher":{"@id":"https:\/\/bobimarket.pl\/#organization"},"potentialAction":[{"@type":"SearchAction","target":{"@type":"EntryPoint","urlTemplate":"https:\/\/bobimarket.pl\/?s={search_term_string}"},"query-input":"required name=search_term_string"}],"inLanguage":"pl-PL"},{"@type":"Organization","@id":"https:\/\/bobimarket.pl\/#organization","name":"BOBIMARKET.pl","url":"https:\/\/bobimarket.pl\/","logo":{"@type":"ImageObject","inLanguage":"pl-PL","@id":"https:\/\/bobimarket.pl\/#\/schema\/logo\/image\/","url":"https:\/\/bobimarket.pl\/wp-content\/uploads\/2021\/11\/slogan.png","contentUrl":"https:\/\/bobimarket.pl\/wp-content\/uploads\/2021\/11\/slogan.png","width":2000,"height":384,"caption":"BOBIMARKET.pl"},"image":{"@id":"https:\/\/bobimarket.pl\/#\/schema\/logo\/image\/"}}]}},"_links":{"self":[{"href":"https:\/\/bobimarket.pl\/index.php\/wp-json\/wp\/v2\/product\/86090"}],"collection":[{"href":"https:\/\/bobimarket.pl\/index.php\/wp-json\/wp\/v2\/product"}],"about":[{"href":"https:\/\/bobimarket.pl\/index.php\/wp-json\/wp\/v2\/types\/product"}],"wp:featuredmedia":[{"embeddable":true,"href":"https:\/\/bobimarket.pl\/index.php\/wp-json\/wp\/v2\/media\/86087"}],"wp:attachment":[{"href":"https:\/\/bobimarket.pl\/index.php\/wp-json\/wp\/v2\/media?parent=86090"}],"wp:term":[{"taxonomy":"product_cat","embeddable":true,"href":"https:\/\/bobimarket.pl\/index.php\/wp-json\/wp\/v2\/product_cat?post=86090"},{"taxonomy":"product_tag","embeddable":true,"href":"https:\/\/bobimarket.pl\/index.php\/wp-json\/wp\/v2\/product_tag?post=86090"}],"curies":[{"name":"wp","href":"https:\/\/api.w.org\/{rel}","templated":true}]}}