{"id":86108,"date":"2023-08-29T23:27:15","date_gmt":"2023-08-29T23:27:15","guid":{"rendered":"https:\/\/bobimarket.pl\/index.php\/produkt\/pilka-do-metalu-ramkabrzeszczoty-300-mm-zestaw\/"},"modified":"2025-02-27T14:41:56","modified_gmt":"2025-02-27T14:41:56","slug":"pilka-do-metalu-ramkabrzeszczoty-300-mm-zestaw","status":"publish","type":"product","link":"https:\/\/bobimarket.pl\/index.php\/produkt\/pilka-do-metalu-ramkabrzeszczoty-300-mm-zestaw\/","title":{"rendered":"PI\u0141KA DO METALU RAMKA+BRZESZCZOTY 300 mm ZESTAW"},"content":{"rendered":"<section class=\"section\">\n<div class=\"item item-6\">\n<section class=\"image-item\">\n                <img decoding=\"async\" src=\"https:\/\/upload.cdn.baselinker.com\/products\/14476\/ac92c2661ead7b9d6ba0a283b8e96ea0.jpg\" \/><br \/>\n            <\/section>\n<\/p><\/div>\n<div class=\"item item-6\">\n<section class=\"text-item\">\n<h2>PI\u0141KA DO METALU RAMKA + BRZESZCZOTY 300 mm ZESTAW<\/h2>\n<p><b>Specyfikacja:<\/b><\/p>\n<ul>\n<li>D\u0142ugo\u015b\u0107 brzeszczota: <b>300\/310 mm<\/b><\/li>\n<li>Materia\u0142: <b>Stal \/Drewno<\/b><\/li>\n<li><b>Drewniana r\u0119koje\u015b\u0107<\/b><\/li>\n<\/ul>\n<\/section><\/div>\n<\/section>\n<section class=\"section\">\n<div class=\"item item-6\">\n<section class=\"image-item\">\n                <img decoding=\"async\" src=\"https:\/\/upload.cdn.baselinker.com\/products\/14476\/ac92c2661ead7b9d6ba0a283b8e96ea0.jpg\" \/><br \/>\n            <\/section>\n<\/p><\/div>\n<div class=\"item item-6\">\n<section class=\"text-item\">\n<h2>ZESTAW ZAWIERA:<\/h2>\n<p>\u2705 PI\u0141KA DO METALU RAMKA<\/p>\n<p>\u2705 BRZESZCZOT METAL-METAL RAM b-<b>2szt<\/b><\/p>\n<p>\u2705 BRZESZCZOT METAL-DREWNO RAM d-<b>2szt<\/b><\/p>\n<\/section><\/div>\n<\/section>\n<section class=\"section\">\n<div class=\"item item-6\">\n<section class=\"image-item\">\n                <img decoding=\"async\" src=\"https:\/\/upload.cdn.baselinker.com\/products\/14476\/ac92c2661ead7b9d6ba0a283b8e96ea0.jpg\" \/><br \/>\n            <\/section>\n<\/p><\/div>\n<div class=\"item item-6\">\n<section class=\"text-item\">\n<p>Klasyczna pi\u0142ka do metalu wykonana z p\u0142askownika metalowego. Odpowiednio wyprofilowana drewniana r\u0119koje\u015b\u0107 zapewnia komfort pracy.<\/p>\n<ul>\n<li>Przystosowana do mocowania standardowych <b>brzeszczot\u00f3w 300 mm<\/b> (drewno-metal, metal-metal).<\/li>\n<li>Naci\u0105g brzeszczotu odbywa si\u0119 <b>nakr\u0119tk\u0105 motylkow\u0105.<\/b><\/li>\n<\/ul>\n<\/section><\/div>\n<\/section>\n<section class=\"section\">\n<div class=\"item item-6\">\n<section class=\"image-item\">\n                <img decoding=\"async\" src=\"https:\/\/upload.cdn.baselinker.com\/products\/14476\/7ca8d917aa7c56e3d092e6e161c31b3a.jpg\" \/><br \/>\n            <\/section>\n<\/p><\/div>\n<div class=\"item item-6\">\n<section class=\"text-item\">\n<p><b>\u2705 Zastosowanie:<\/b><\/p>\n<p>Produkt umo\u017cliwia <b>wygodne i wydajne ci\u0119cie<\/b> r\u00f3\u017cnych materia\u0142\u00f3w. Dzi\u0119ki swej <b>wielofunkcyjno\u015bci<\/b> b\u0119dzie przydatna w trakcie rozmaitych prac remontowych i budowlanych.<\/p>\n<ul>\n<li>Pi\u0142ka stosowana <b>do ci\u0119cia prostego i krzywoliniowego<\/b> metali kolorowych, tworzyw sztucznych itp.<\/li>\n<li>Stosowana r\u00f3wnie\u017c <b>pi\u0142owania element\u00f3w<\/b> po\u0142o\u017conych w trudno dost\u0119pnych miejscach.<\/li>\n<\/ul>\n<\/section><\/div>\n<\/section>\n<section class=\"section\">\n<div class=\"item item-12\">\n<section class=\"image-item\">\n                <img decoding=\"async\" src=\"https:\/\/upload.cdn.baselinker.com\/products\/14476\/6e0e3f3bc80e2d78e84f8d85ecaa78ec.jpg\" \/><br \/>\n            <\/section>\n<\/p><\/div>\n<\/section>\n","protected":false},"excerpt":{"rendered":"<p>PI\u0141KA DO METALU RAMKA + BRZESZCZOTY 300 mm ZESTAW Specyfikacja: D\u0142ugo\u015b\u0107 brzeszczota: 300\/310 mm Materia\u0142: Stal \/Drewno Drewniana r\u0119koje\u015b\u0107 ZESTAW ZAWIERA: \u2705 PI\u0141KA DO METALU RAMKA \u2705 BRZESZCZOT METAL-METAL RAM b-2szt \u2705 BRZESZCZOT METAL-DREWNO RAM d-2szt Klasyczna pi\u0142ka do metalu wykonana z p\u0142askownika metalowego. Odpowiednio wyprofilowana drewniana r\u0119koje\u015b\u0107 zapewnia komfort pracy. Przystosowana do mocowania standardowych<br \/><a class=\"more-link\" href=\"https:\/\/bobimarket.pl\/index.php\/produkt\/pilka-do-metalu-ramkabrzeszczoty-300-mm-zestaw\/\"><br \/>\n        Czytaj wi\u0119cej<span class=\"screen-reader-text\"> &#8222;PI\u0141KA DO METALU RAMKA+BRZESZCZOTY 300 mm ZESTAW&#8221;<\/span><\/a><\/p>\n","protected":false},"featured_media":86101,"template":"","meta":[],"product_cat":[8318],"product_tag":[],"yoast_head":"<!-- This site is optimized with the Yoast SEO plugin v21.0 - https:\/\/yoast.com\/wordpress\/plugins\/seo\/ -->\n<title>PI\u0141KA DO METALU RAMKA+BRZESZCZOTY 300 mm ZESTAW - BOBIMARKET.pl - Remontuj i urz\u0105dzaj z nami<\/title>\n<meta name=\"robots\" content=\"index, follow, max-snippet:-1, max-image-preview:large, max-video-preview:-1\" \/>\n<link rel=\"canonical\" href=\"https:\/\/bobimarket.pl\/index.php\/produkt\/pilka-do-metalu-ramkabrzeszczoty-300-mm-zestaw\/\" \/>\n<meta property=\"og:locale\" content=\"pl_PL\" \/>\n<meta property=\"og:type\" content=\"article\" \/>\n<meta property=\"og:title\" content=\"PI\u0141KA DO METALU RAMKA+BRZESZCZOTY 300 mm ZESTAW - BOBIMARKET.pl - Remontuj i urz\u0105dzaj z nami\" \/>\n<meta property=\"og:description\" content=\"PI\u0141KA DO METALU RAMKA + BRZESZCZOTY 300 mm ZESTAW Specyfikacja: D\u0142ugo\u015b\u0107 brzeszczota: 300\/310 mm Materia\u0142: Stal \/Drewno Drewniana r\u0119koje\u015b\u0107 ZESTAW ZAWIERA: \u2705 PI\u0141KA DO METALU RAMKA \u2705 BRZESZCZOT METAL-METAL RAM b-2szt \u2705 BRZESZCZOT METAL-DREWNO RAM d-2szt Klasyczna pi\u0142ka do metalu wykonana z p\u0142askownika metalowego. Odpowiednio wyprofilowana drewniana r\u0119koje\u015b\u0107 zapewnia komfort pracy. Przystosowana do mocowania standardowych     Czytaj wi\u0119cej &quot;PI\u0141KA DO METALU RAMKA+BRZESZCZOTY 300 mm ZESTAW&quot;\" \/>\n<meta property=\"og:url\" content=\"https:\/\/bobimarket.pl\/index.php\/produkt\/pilka-do-metalu-ramkabrzeszczoty-300-mm-zestaw\/\" \/>\n<meta property=\"og:site_name\" content=\"BOBIMARKET.pl - Remontuj i urz\u0105dzaj z nami\" \/>\n<meta property=\"article:modified_time\" content=\"2025-02-27T14:41:56+00:00\" \/>\n<meta property=\"og:image\" content=\"https:\/\/upload.cdn.baselinker.com\/products\/14476\/ac92c2661ead7b9d6ba0a283b8e96ea0.jpg\" \/>\n<meta name=\"twitter:card\" content=\"summary_large_image\" \/>\n<meta name=\"twitter:label1\" content=\"Szacowany czas czytania\" \/>\n\t<meta name=\"twitter:data1\" content=\"1 minuta\" \/>\n<script type=\"application\/ld+json\" class=\"yoast-schema-graph\">{\"@context\":\"https:\/\/schema.org\",\"@graph\":[{\"@type\":\"WebPage\",\"@id\":\"https:\/\/bobimarket.pl\/index.php\/produkt\/pilka-do-metalu-ramkabrzeszczoty-300-mm-zestaw\/\",\"url\":\"https:\/\/bobimarket.pl\/index.php\/produkt\/pilka-do-metalu-ramkabrzeszczoty-300-mm-zestaw\/\",\"name\":\"PI\u0141KA DO METALU RAMKA+BRZESZCZOTY 300 mm ZESTAW - BOBIMARKET.pl - Remontuj i urz\u0105dzaj z nami\",\"isPartOf\":{\"@id\":\"https:\/\/bobimarket.pl\/#website\"},\"datePublished\":\"2023-08-29T23:27:15+00:00\",\"dateModified\":\"2025-02-27T14:41:56+00:00\",\"breadcrumb\":{\"@id\":\"https:\/\/bobimarket.pl\/index.php\/produkt\/pilka-do-metalu-ramkabrzeszczoty-300-mm-zestaw\/#breadcrumb\"},\"inLanguage\":\"pl-PL\",\"potentialAction\":[{\"@type\":\"ReadAction\",\"target\":[\"https:\/\/bobimarket.pl\/index.php\/produkt\/pilka-do-metalu-ramkabrzeszczoty-300-mm-zestaw\/\"]}]},{\"@type\":\"BreadcrumbList\",\"@id\":\"https:\/\/bobimarket.pl\/index.php\/produkt\/pilka-do-metalu-ramkabrzeszczoty-300-mm-zestaw\/#breadcrumb\",\"itemListElement\":[{\"@type\":\"ListItem\",\"position\":1,\"name\":\"Strona g\u0142\u00f3wna\",\"item\":\"https:\/\/bobimarket.pl\/\"},{\"@type\":\"ListItem\",\"position\":2,\"name\":\"Sklep\",\"item\":\"https:\/\/bobimarket.pl\/index.php\/shop\/\"},{\"@type\":\"ListItem\",\"position\":3,\"name\":\"PI\u0141KA DO METALU RAMKA+BRZESZCZOTY 300 mm ZESTAW\"}]},{\"@type\":\"WebSite\",\"@id\":\"https:\/\/bobimarket.pl\/#website\",\"url\":\"https:\/\/bobimarket.pl\/\",\"name\":\"BOBIMARKET.pl - Remontuj i urz\u0105dzaj z nami\",\"description\":\"Remontuj i urz\u0105dzaj z nami\",\"publisher\":{\"@id\":\"https:\/\/bobimarket.pl\/#organization\"},\"potentialAction\":[{\"@type\":\"SearchAction\",\"target\":{\"@type\":\"EntryPoint\",\"urlTemplate\":\"https:\/\/bobimarket.pl\/?s={search_term_string}\"},\"query-input\":\"required name=search_term_string\"}],\"inLanguage\":\"pl-PL\"},{\"@type\":\"Organization\",\"@id\":\"https:\/\/bobimarket.pl\/#organization\",\"name\":\"BOBIMARKET.pl\",\"url\":\"https:\/\/bobimarket.pl\/\",\"logo\":{\"@type\":\"ImageObject\",\"inLanguage\":\"pl-PL\",\"@id\":\"https:\/\/bobimarket.pl\/#\/schema\/logo\/image\/\",\"url\":\"https:\/\/bobimarket.pl\/wp-content\/uploads\/2021\/11\/slogan.png\",\"contentUrl\":\"https:\/\/bobimarket.pl\/wp-content\/uploads\/2021\/11\/slogan.png\",\"width\":2000,\"height\":384,\"caption\":\"BOBIMARKET.pl\"},\"image\":{\"@id\":\"https:\/\/bobimarket.pl\/#\/schema\/logo\/image\/\"}}]}<\/script>\n<!-- \/ Yoast SEO plugin. -->","yoast_head_json":{"title":"PI\u0141KA DO METALU RAMKA+BRZESZCZOTY 300 mm ZESTAW - BOBIMARKET.pl - Remontuj i urz\u0105dzaj z nami","robots":{"index":"index","follow":"follow","max-snippet":"max-snippet:-1","max-image-preview":"max-image-preview:large","max-video-preview":"max-video-preview:-1"},"canonical":"https:\/\/bobimarket.pl\/index.php\/produkt\/pilka-do-metalu-ramkabrzeszczoty-300-mm-zestaw\/","og_locale":"pl_PL","og_type":"article","og_title":"PI\u0141KA DO METALU RAMKA+BRZESZCZOTY 300 mm ZESTAW - BOBIMARKET.pl - Remontuj i urz\u0105dzaj z nami","og_description":"PI\u0141KA DO METALU RAMKA + BRZESZCZOTY 300 mm ZESTAW Specyfikacja: D\u0142ugo\u015b\u0107 brzeszczota: 300\/310 mm Materia\u0142: Stal \/Drewno Drewniana r\u0119koje\u015b\u0107 ZESTAW ZAWIERA: \u2705 PI\u0141KA DO METALU RAMKA \u2705 BRZESZCZOT METAL-METAL RAM b-2szt \u2705 BRZESZCZOT METAL-DREWNO RAM d-2szt Klasyczna pi\u0142ka do metalu wykonana z p\u0142askownika metalowego. Odpowiednio wyprofilowana drewniana r\u0119koje\u015b\u0107 zapewnia komfort pracy. Przystosowana do mocowania standardowych     Czytaj wi\u0119cej \"PI\u0141KA DO METALU RAMKA+BRZESZCZOTY 300 mm ZESTAW\"","og_url":"https:\/\/bobimarket.pl\/index.php\/produkt\/pilka-do-metalu-ramkabrzeszczoty-300-mm-zestaw\/","og_site_name":"BOBIMARKET.pl - Remontuj i urz\u0105dzaj z nami","article_modified_time":"2025-02-27T14:41:56+00:00","og_image":[{"url":"https:\/\/upload.cdn.baselinker.com\/products\/14476\/ac92c2661ead7b9d6ba0a283b8e96ea0.jpg"}],"twitter_card":"summary_large_image","twitter_misc":{"Szacowany czas czytania":"1 minuta"},"schema":{"@context":"https:\/\/schema.org","@graph":[{"@type":"WebPage","@id":"https:\/\/bobimarket.pl\/index.php\/produkt\/pilka-do-metalu-ramkabrzeszczoty-300-mm-zestaw\/","url":"https:\/\/bobimarket.pl\/index.php\/produkt\/pilka-do-metalu-ramkabrzeszczoty-300-mm-zestaw\/","name":"PI\u0141KA DO METALU RAMKA+BRZESZCZOTY 300 mm ZESTAW - BOBIMARKET.pl - Remontuj i urz\u0105dzaj z nami","isPartOf":{"@id":"https:\/\/bobimarket.pl\/#website"},"datePublished":"2023-08-29T23:27:15+00:00","dateModified":"2025-02-27T14:41:56+00:00","breadcrumb":{"@id":"https:\/\/bobimarket.pl\/index.php\/produkt\/pilka-do-metalu-ramkabrzeszczoty-300-mm-zestaw\/#breadcrumb"},"inLanguage":"pl-PL","potentialAction":[{"@type":"ReadAction","target":["https:\/\/bobimarket.pl\/index.php\/produkt\/pilka-do-metalu-ramkabrzeszczoty-300-mm-zestaw\/"]}]},{"@type":"BreadcrumbList","@id":"https:\/\/bobimarket.pl\/index.php\/produkt\/pilka-do-metalu-ramkabrzeszczoty-300-mm-zestaw\/#breadcrumb","itemListElement":[{"@type":"ListItem","position":1,"name":"Strona g\u0142\u00f3wna","item":"https:\/\/bobimarket.pl\/"},{"@type":"ListItem","position":2,"name":"Sklep","item":"https:\/\/bobimarket.pl\/index.php\/shop\/"},{"@type":"ListItem","position":3,"name":"PI\u0141KA DO METALU RAMKA+BRZESZCZOTY 300 mm ZESTAW"}]},{"@type":"WebSite","@id":"https:\/\/bobimarket.pl\/#website","url":"https:\/\/bobimarket.pl\/","name":"BOBIMARKET.pl - Remontuj i urz\u0105dzaj z nami","description":"Remontuj i urz\u0105dzaj z nami","publisher":{"@id":"https:\/\/bobimarket.pl\/#organization"},"potentialAction":[{"@type":"SearchAction","target":{"@type":"EntryPoint","urlTemplate":"https:\/\/bobimarket.pl\/?s={search_term_string}"},"query-input":"required name=search_term_string"}],"inLanguage":"pl-PL"},{"@type":"Organization","@id":"https:\/\/bobimarket.pl\/#organization","name":"BOBIMARKET.pl","url":"https:\/\/bobimarket.pl\/","logo":{"@type":"ImageObject","inLanguage":"pl-PL","@id":"https:\/\/bobimarket.pl\/#\/schema\/logo\/image\/","url":"https:\/\/bobimarket.pl\/wp-content\/uploads\/2021\/11\/slogan.png","contentUrl":"https:\/\/bobimarket.pl\/wp-content\/uploads\/2021\/11\/slogan.png","width":2000,"height":384,"caption":"BOBIMARKET.pl"},"image":{"@id":"https:\/\/bobimarket.pl\/#\/schema\/logo\/image\/"}}]}},"_links":{"self":[{"href":"https:\/\/bobimarket.pl\/index.php\/wp-json\/wp\/v2\/product\/86108"}],"collection":[{"href":"https:\/\/bobimarket.pl\/index.php\/wp-json\/wp\/v2\/product"}],"about":[{"href":"https:\/\/bobimarket.pl\/index.php\/wp-json\/wp\/v2\/types\/product"}],"wp:featuredmedia":[{"embeddable":true,"href":"https:\/\/bobimarket.pl\/index.php\/wp-json\/wp\/v2\/media\/86101"}],"wp:attachment":[{"href":"https:\/\/bobimarket.pl\/index.php\/wp-json\/wp\/v2\/media?parent=86108"}],"wp:term":[{"taxonomy":"product_cat","embeddable":true,"href":"https:\/\/bobimarket.pl\/index.php\/wp-json\/wp\/v2\/product_cat?post=86108"},{"taxonomy":"product_tag","embeddable":true,"href":"https:\/\/bobimarket.pl\/index.php\/wp-json\/wp\/v2\/product_tag?post=86108"}],"curies":[{"name":"wp","href":"https:\/\/api.w.org\/{rel}","templated":true}]}}