{"id":86199,"date":"2023-08-29T23:34:38","date_gmt":"2023-08-29T23:34:38","guid":{"rendered":"https:\/\/bobimarket.pl\/index.php\/produkt\/sznurek-murarski-budowlany-sznur-50m-mocny\/"},"modified":"2025-02-27T14:43:02","modified_gmt":"2025-02-27T14:43:02","slug":"sznurek-murarski-budowlany-sznur-50m-mocny","status":"publish","type":"product","link":"https:\/\/bobimarket.pl\/index.php\/produkt\/sznurek-murarski-budowlany-sznur-50m-mocny\/","title":{"rendered":"SZNUREK MURARSKI BUDOWLANY SZNUR 50M MOCNY"},"content":{"rendered":"<section class=\"section\">\n<div class=\"item item-6\">\n<section class=\"image-item\">\n                <img decoding=\"async\" src=\"https:\/\/upload.cdn.baselinker.com\/products\/14476\/4fbd13e7c84008f7ce0988f4b3fa5338.jpg\" \/><br \/>\n            <\/section>\n<\/p><\/div>\n<div class=\"item item-6\">\n<section class=\"text-item\">\n<h2>SZNUREK MURARSKI BUDOWLANY SZNUR 50M MOCNY!!<\/h2>\n<p>Dane Techniczne:<\/p>\n<ul>\n<li>D\u0142ugo\u015b\u0107: <b>50m<\/b><\/li>\n<li>Materia\u0142: <b>PP<\/b><\/li>\n<li><b>Kolor: \u017c\u00f3\u0142ty<\/b><\/li>\n<li>Wysoka jako\u015b\u0107 wykonania !!<\/li>\n<li>Du\u017ca odporno\u015b\u0107 na dzia\u0142anie wody<\/li>\n<\/ul>\n<\/section><\/div>\n<\/section>\n<section class=\"section\">\n<div class=\"item item-6\">\n<section class=\"image-item\">\n                <img decoding=\"async\" src=\"https:\/\/upload.cdn.baselinker.com\/products\/14476\/5c3803f27b2308192cf74dd447a832ba.jpg\" \/><br \/>\n            <\/section>\n<\/p><\/div>\n<div class=\"item item-6\">\n<section class=\"text-item\">\n<p>Wysokiej jako\u015bci <b>sznur murarski <\/b>pleciony z w\u0142\u00f3kien polipropylenowych, dzi\u0119ki czemu jest odporny na zrywanie i \u015bcieranie. Nawini\u0119ty na plastikow\u0105 szpul\u0119.<\/p>\n<p><b>\u2705 ZASTOSOWANIE:<\/b><\/p>\n<ul>\n<li>Budownictwo (murarstwo, dekarstwo)<\/li>\n<li>Sznur do pakowania<\/li>\n<li>Ogrodnictwo<\/li>\n<li>Rolnictwo<\/li>\n<\/ul>\n<\/section><\/div>\n<\/section>\n<section class=\"section\">\n<div class=\"item item-6\">\n<section class=\"image-item\">\n                <img decoding=\"async\" src=\"https:\/\/upload.cdn.baselinker.com\/products\/14476\/29c2db51b6daad37a9412a15ddd90048.jpg\" \/><br \/>\n            <\/section>\n<\/p><\/div>\n<div class=\"item item-6\">\n<section class=\"image-item\">\n                <img decoding=\"async\" src=\"https:\/\/upload.cdn.baselinker.com\/products\/14476\/5c3803f27b2308192cf74dd447a832ba.jpg\" \/><br \/>\n            <\/section>\n<\/p><\/div>\n<\/section>\n","protected":false},"excerpt":{"rendered":"<p>SZNUREK MURARSKI BUDOWLANY SZNUR 50M MOCNY!! Dane Techniczne: D\u0142ugo\u015b\u0107: 50m Materia\u0142: PP Kolor: \u017c\u00f3\u0142ty Wysoka jako\u015b\u0107 wykonania !! Du\u017ca odporno\u015b\u0107 na dzia\u0142anie wody Wysokiej jako\u015bci sznur murarski pleciony z w\u0142\u00f3kien polipropylenowych, dzi\u0119ki czemu jest odporny na zrywanie i \u015bcieranie. Nawini\u0119ty na plastikow\u0105 szpul\u0119. \u2705 ZASTOSOWANIE: Budownictwo (murarstwo, dekarstwo) Sznur do pakowania Ogrodnictwo Rolnictwo<\/p>\n","protected":false},"featured_media":86194,"template":"","meta":[],"product_cat":[8201],"product_tag":[],"yoast_head":"<!-- This site is optimized with the Yoast SEO plugin v21.0 - https:\/\/yoast.com\/wordpress\/plugins\/seo\/ -->\n<title>SZNUREK MURARSKI BUDOWLANY SZNUR 50M MOCNY - BOBIMARKET.pl - Remontuj i urz\u0105dzaj z nami<\/title>\n<meta name=\"robots\" content=\"index, follow, max-snippet:-1, max-image-preview:large, max-video-preview:-1\" \/>\n<link rel=\"canonical\" href=\"https:\/\/bobimarket.pl\/index.php\/produkt\/sznurek-murarski-budowlany-sznur-50m-mocny\/\" \/>\n<meta property=\"og:locale\" content=\"pl_PL\" \/>\n<meta property=\"og:type\" content=\"article\" \/>\n<meta property=\"og:title\" content=\"SZNUREK MURARSKI BUDOWLANY SZNUR 50M MOCNY - BOBIMARKET.pl - Remontuj i urz\u0105dzaj z nami\" \/>\n<meta property=\"og:description\" content=\"SZNUREK MURARSKI BUDOWLANY SZNUR 50M MOCNY!! Dane Techniczne: D\u0142ugo\u015b\u0107: 50m Materia\u0142: PP Kolor: \u017c\u00f3\u0142ty Wysoka jako\u015b\u0107 wykonania !! Du\u017ca odporno\u015b\u0107 na dzia\u0142anie wody Wysokiej jako\u015bci sznur murarski pleciony z w\u0142\u00f3kien polipropylenowych, dzi\u0119ki czemu jest odporny na zrywanie i \u015bcieranie. Nawini\u0119ty na plastikow\u0105 szpul\u0119. \u2705 ZASTOSOWANIE: Budownictwo (murarstwo, dekarstwo) Sznur do pakowania Ogrodnictwo Rolnictwo\" \/>\n<meta property=\"og:url\" content=\"https:\/\/bobimarket.pl\/index.php\/produkt\/sznurek-murarski-budowlany-sznur-50m-mocny\/\" \/>\n<meta property=\"og:site_name\" content=\"BOBIMARKET.pl - Remontuj i urz\u0105dzaj z nami\" \/>\n<meta property=\"article:modified_time\" content=\"2025-02-27T14:43:02+00:00\" \/>\n<meta property=\"og:image\" content=\"https:\/\/upload.cdn.baselinker.com\/products\/14476\/4fbd13e7c84008f7ce0988f4b3fa5338.jpg\" \/>\n<meta name=\"twitter:card\" content=\"summary_large_image\" \/>\n<script type=\"application\/ld+json\" class=\"yoast-schema-graph\">{\"@context\":\"https:\/\/schema.org\",\"@graph\":[{\"@type\":\"WebPage\",\"@id\":\"https:\/\/bobimarket.pl\/index.php\/produkt\/sznurek-murarski-budowlany-sznur-50m-mocny\/\",\"url\":\"https:\/\/bobimarket.pl\/index.php\/produkt\/sznurek-murarski-budowlany-sznur-50m-mocny\/\",\"name\":\"SZNUREK MURARSKI BUDOWLANY SZNUR 50M MOCNY - BOBIMARKET.pl - Remontuj i urz\u0105dzaj z nami\",\"isPartOf\":{\"@id\":\"https:\/\/bobimarket.pl\/#website\"},\"datePublished\":\"2023-08-29T23:34:38+00:00\",\"dateModified\":\"2025-02-27T14:43:02+00:00\",\"breadcrumb\":{\"@id\":\"https:\/\/bobimarket.pl\/index.php\/produkt\/sznurek-murarski-budowlany-sznur-50m-mocny\/#breadcrumb\"},\"inLanguage\":\"pl-PL\",\"potentialAction\":[{\"@type\":\"ReadAction\",\"target\":[\"https:\/\/bobimarket.pl\/index.php\/produkt\/sznurek-murarski-budowlany-sznur-50m-mocny\/\"]}]},{\"@type\":\"BreadcrumbList\",\"@id\":\"https:\/\/bobimarket.pl\/index.php\/produkt\/sznurek-murarski-budowlany-sznur-50m-mocny\/#breadcrumb\",\"itemListElement\":[{\"@type\":\"ListItem\",\"position\":1,\"name\":\"Strona g\u0142\u00f3wna\",\"item\":\"https:\/\/bobimarket.pl\/\"},{\"@type\":\"ListItem\",\"position\":2,\"name\":\"Sklep\",\"item\":\"https:\/\/bobimarket.pl\/index.php\/shop\/\"},{\"@type\":\"ListItem\",\"position\":3,\"name\":\"SZNUREK MURARSKI BUDOWLANY SZNUR 50M MOCNY\"}]},{\"@type\":\"WebSite\",\"@id\":\"https:\/\/bobimarket.pl\/#website\",\"url\":\"https:\/\/bobimarket.pl\/\",\"name\":\"BOBIMARKET.pl - Remontuj i urz\u0105dzaj z nami\",\"description\":\"Remontuj i urz\u0105dzaj z nami\",\"publisher\":{\"@id\":\"https:\/\/bobimarket.pl\/#organization\"},\"potentialAction\":[{\"@type\":\"SearchAction\",\"target\":{\"@type\":\"EntryPoint\",\"urlTemplate\":\"https:\/\/bobimarket.pl\/?s={search_term_string}\"},\"query-input\":\"required name=search_term_string\"}],\"inLanguage\":\"pl-PL\"},{\"@type\":\"Organization\",\"@id\":\"https:\/\/bobimarket.pl\/#organization\",\"name\":\"BOBIMARKET.pl\",\"url\":\"https:\/\/bobimarket.pl\/\",\"logo\":{\"@type\":\"ImageObject\",\"inLanguage\":\"pl-PL\",\"@id\":\"https:\/\/bobimarket.pl\/#\/schema\/logo\/image\/\",\"url\":\"https:\/\/bobimarket.pl\/wp-content\/uploads\/2021\/11\/slogan.png\",\"contentUrl\":\"https:\/\/bobimarket.pl\/wp-content\/uploads\/2021\/11\/slogan.png\",\"width\":2000,\"height\":384,\"caption\":\"BOBIMARKET.pl\"},\"image\":{\"@id\":\"https:\/\/bobimarket.pl\/#\/schema\/logo\/image\/\"}}]}<\/script>\n<!-- \/ Yoast SEO plugin. -->","yoast_head_json":{"title":"SZNUREK MURARSKI BUDOWLANY SZNUR 50M MOCNY - BOBIMARKET.pl - Remontuj i urz\u0105dzaj z nami","robots":{"index":"index","follow":"follow","max-snippet":"max-snippet:-1","max-image-preview":"max-image-preview:large","max-video-preview":"max-video-preview:-1"},"canonical":"https:\/\/bobimarket.pl\/index.php\/produkt\/sznurek-murarski-budowlany-sznur-50m-mocny\/","og_locale":"pl_PL","og_type":"article","og_title":"SZNUREK MURARSKI BUDOWLANY SZNUR 50M MOCNY - BOBIMARKET.pl - Remontuj i urz\u0105dzaj z nami","og_description":"SZNUREK MURARSKI BUDOWLANY SZNUR 50M MOCNY!! Dane Techniczne: D\u0142ugo\u015b\u0107: 50m Materia\u0142: PP Kolor: \u017c\u00f3\u0142ty Wysoka jako\u015b\u0107 wykonania !! Du\u017ca odporno\u015b\u0107 na dzia\u0142anie wody Wysokiej jako\u015bci sznur murarski pleciony z w\u0142\u00f3kien polipropylenowych, dzi\u0119ki czemu jest odporny na zrywanie i \u015bcieranie. Nawini\u0119ty na plastikow\u0105 szpul\u0119. \u2705 ZASTOSOWANIE: Budownictwo (murarstwo, dekarstwo) Sznur do pakowania Ogrodnictwo Rolnictwo","og_url":"https:\/\/bobimarket.pl\/index.php\/produkt\/sznurek-murarski-budowlany-sznur-50m-mocny\/","og_site_name":"BOBIMARKET.pl - Remontuj i urz\u0105dzaj z nami","article_modified_time":"2025-02-27T14:43:02+00:00","og_image":[{"url":"https:\/\/upload.cdn.baselinker.com\/products\/14476\/4fbd13e7c84008f7ce0988f4b3fa5338.jpg"}],"twitter_card":"summary_large_image","schema":{"@context":"https:\/\/schema.org","@graph":[{"@type":"WebPage","@id":"https:\/\/bobimarket.pl\/index.php\/produkt\/sznurek-murarski-budowlany-sznur-50m-mocny\/","url":"https:\/\/bobimarket.pl\/index.php\/produkt\/sznurek-murarski-budowlany-sznur-50m-mocny\/","name":"SZNUREK MURARSKI BUDOWLANY SZNUR 50M MOCNY - BOBIMARKET.pl - Remontuj i urz\u0105dzaj z nami","isPartOf":{"@id":"https:\/\/bobimarket.pl\/#website"},"datePublished":"2023-08-29T23:34:38+00:00","dateModified":"2025-02-27T14:43:02+00:00","breadcrumb":{"@id":"https:\/\/bobimarket.pl\/index.php\/produkt\/sznurek-murarski-budowlany-sznur-50m-mocny\/#breadcrumb"},"inLanguage":"pl-PL","potentialAction":[{"@type":"ReadAction","target":["https:\/\/bobimarket.pl\/index.php\/produkt\/sznurek-murarski-budowlany-sznur-50m-mocny\/"]}]},{"@type":"BreadcrumbList","@id":"https:\/\/bobimarket.pl\/index.php\/produkt\/sznurek-murarski-budowlany-sznur-50m-mocny\/#breadcrumb","itemListElement":[{"@type":"ListItem","position":1,"name":"Strona g\u0142\u00f3wna","item":"https:\/\/bobimarket.pl\/"},{"@type":"ListItem","position":2,"name":"Sklep","item":"https:\/\/bobimarket.pl\/index.php\/shop\/"},{"@type":"ListItem","position":3,"name":"SZNUREK MURARSKI BUDOWLANY SZNUR 50M MOCNY"}]},{"@type":"WebSite","@id":"https:\/\/bobimarket.pl\/#website","url":"https:\/\/bobimarket.pl\/","name":"BOBIMARKET.pl - Remontuj i urz\u0105dzaj z nami","description":"Remontuj i urz\u0105dzaj z nami","publisher":{"@id":"https:\/\/bobimarket.pl\/#organization"},"potentialAction":[{"@type":"SearchAction","target":{"@type":"EntryPoint","urlTemplate":"https:\/\/bobimarket.pl\/?s={search_term_string}"},"query-input":"required name=search_term_string"}],"inLanguage":"pl-PL"},{"@type":"Organization","@id":"https:\/\/bobimarket.pl\/#organization","name":"BOBIMARKET.pl","url":"https:\/\/bobimarket.pl\/","logo":{"@type":"ImageObject","inLanguage":"pl-PL","@id":"https:\/\/bobimarket.pl\/#\/schema\/logo\/image\/","url":"https:\/\/bobimarket.pl\/wp-content\/uploads\/2021\/11\/slogan.png","contentUrl":"https:\/\/bobimarket.pl\/wp-content\/uploads\/2021\/11\/slogan.png","width":2000,"height":384,"caption":"BOBIMARKET.pl"},"image":{"@id":"https:\/\/bobimarket.pl\/#\/schema\/logo\/image\/"}}]}},"_links":{"self":[{"href":"https:\/\/bobimarket.pl\/index.php\/wp-json\/wp\/v2\/product\/86199"}],"collection":[{"href":"https:\/\/bobimarket.pl\/index.php\/wp-json\/wp\/v2\/product"}],"about":[{"href":"https:\/\/bobimarket.pl\/index.php\/wp-json\/wp\/v2\/types\/product"}],"wp:featuredmedia":[{"embeddable":true,"href":"https:\/\/bobimarket.pl\/index.php\/wp-json\/wp\/v2\/media\/86194"}],"wp:attachment":[{"href":"https:\/\/bobimarket.pl\/index.php\/wp-json\/wp\/v2\/media?parent=86199"}],"wp:term":[{"taxonomy":"product_cat","embeddable":true,"href":"https:\/\/bobimarket.pl\/index.php\/wp-json\/wp\/v2\/product_cat?post=86199"},{"taxonomy":"product_tag","embeddable":true,"href":"https:\/\/bobimarket.pl\/index.php\/wp-json\/wp\/v2\/product_tag?post=86199"}],"curies":[{"name":"wp","href":"https:\/\/api.w.org\/{rel}","templated":true}]}}