{"id":86227,"date":"2023-08-29T23:36:09","date_gmt":"2023-08-29T23:36:09","guid":{"rendered":"https:\/\/bobimarket.pl\/index.php\/produkt\/kostka-klocek-gabka-scierna-gabki-gr-180-twarda\/"},"modified":"2025-02-27T14:43:21","modified_gmt":"2025-02-27T14:43:21","slug":"kostka-klocek-gabka-scierna-gabki-gr-180-twarda","status":"publish","type":"product","link":"https:\/\/bobimarket.pl\/index.php\/produkt\/kostka-klocek-gabka-scierna-gabki-gr-180-twarda\/","title":{"rendered":"KOSTKA KLOCEK G\u0104BKA \u015aCIERNA G\u0104BKI GR 180 TWARDA"},"content":{"rendered":"<section class=\"section\">\n<div class=\"item item-6\">\n<section class=\"text-item\">\n<p><b>G\u0104BKA \u015aCIERNA KOSTKA G\u0104BKI KLOCEK \u015aCIERNY GR 180<\/b><\/p>\n<p><b>Dane techniczne:<\/b><\/p>\n<ul>\n<li>Wysoko\u015b\u0107: <b>25 mm<\/b><\/li>\n<li>Szeroko\u015b\u0107: <b>70 mm<\/b><\/li>\n<li>D\u0142ugo\u015b\u0107: <b>100 mm<\/b><\/li>\n<li>Granulacja: <b>180<\/b><\/li>\n<\/ul>\n<p><b>Czterostronna bardzo twarda g\u0105bka stosowana do \u015bcierania drewna, metalu,farb, gipsu itp.<\/b><\/p>\n<p><b>Uwaga!<\/b> W zale\u017cno\u015bci od dostawy g\u0105bka wyst\u0119puje z logo lub bez.<\/p>\n<\/section><\/div>\n<div class=\"item item-6\">\n<section class=\"image-item\"><img decoding=\"async\" src=\"https:\/\/upload.cdn.baselinker.com\/products\/14476\/d415236261719f2d2d4d6c513d4aa747.jpg\"><\/section>\n<\/p><\/div>\n<\/section>\n<section class=\"section\">\n<div class=\"item item-6\">\n<section class=\"image-item\"><img decoding=\"async\" src=\"https:\/\/upload.cdn.baselinker.com\/products\/14476\/df0bffab746bae460f542008662da699.jpg\"><\/section>\n<\/p><\/div>\n<div class=\"item item-6\">\n<section class=\"text-item\">\n<p><b>\u2705 Zastosowanie:<\/b><\/p>\n<p>G\u0105bka znajdzie swoje zastosowanie w przemy\u015ble, gospodarstwie domowy oraz podczas piel\u0119gnacji samochodu.<\/p>\n<p>Doskonale nadaje si\u0119 <b>do szlifowania r\u0119cznego. <\/b>Czy\u015bci, poleruje i matuje r\u00f3\u017cnorodne materia\u0142y:<\/p>\n<ul>\n<li>metal,<\/li>\n<li>drewno,<\/li>\n<li>farby,<\/li>\n<li>tworzywa sztuczne,<\/li>\n<li>papier.<\/li>\n<\/ul>\n<p><b>Skuteczno\u015b\u0107 kostki mo\u017cna wzmocni\u0107 poprzez dodanie wody.<\/b><\/p>\n<\/section><\/div>\n<\/section>\n<section class=\"section\">\n<div class=\"item item-6\">\n<section class=\"image-item\"><img decoding=\"async\" src=\"https:\/\/upload.cdn.baselinker.com\/products\/14476\/3db7085ad1632498e9776adc6a5155af.jpg\"><\/section>\n<\/p><\/div>\n<div class=\"item item-6\">\n<section class=\"image-item\"><img decoding=\"async\" src=\"https:\/\/upload.cdn.baselinker.com\/products\/14476\/82a30eb60ca9474641c59a1163c80ebf.jpg\"><\/section>\n<\/p><\/div>\n<\/section>\n<section class=\"section\">\n<div class=\"item item-12\">\n<section class=\"image-item\"><img decoding=\"async\" src=\"https:\/\/upload.cdn.baselinker.com\/products\/14476\/e019a7ded0a1c14434f2045b6b90dc35.jpg\"><\/section>\n<\/p><\/div>\n<\/section>\n","protected":false},"excerpt":{"rendered":"<p>G\u0104BKA \u015aCIERNA KOSTKA G\u0104BKI KLOCEK \u015aCIERNY GR 180 Dane techniczne: Wysoko\u015b\u0107: 25 mm Szeroko\u015b\u0107: 70 mm D\u0142ugo\u015b\u0107: 100 mm Granulacja: 180 Czterostronna bardzo twarda g\u0105bka stosowana do \u015bcierania drewna, metalu,farb, gipsu itp. Uwaga! W zale\u017cno\u015bci od dostawy g\u0105bka wyst\u0119puje z logo lub bez. \u2705 Zastosowanie: G\u0105bka znajdzie swoje zastosowanie w przemy\u015ble, gospodarstwie domowy oraz podczas<br \/><a class=\"more-link\" href=\"https:\/\/bobimarket.pl\/index.php\/produkt\/kostka-klocek-gabka-scierna-gabki-gr-180-twarda\/\"><br \/>\n        Czytaj wi\u0119cej<span class=\"screen-reader-text\"> &#8222;KOSTKA KLOCEK G\u0104BKA \u015aCIERNA G\u0104BKI GR 180 TWARDA&#8221;<\/span><\/a><\/p>\n","protected":false},"featured_media":86222,"template":"","meta":[],"product_cat":[8273],"product_tag":[],"yoast_head":"<!-- This site is optimized with the Yoast SEO plugin v21.0 - https:\/\/yoast.com\/wordpress\/plugins\/seo\/ -->\n<title>KOSTKA KLOCEK G\u0104BKA \u015aCIERNA G\u0104BKI GR 180 TWARDA - BOBIMARKET.pl - Remontuj i urz\u0105dzaj z nami<\/title>\n<meta name=\"robots\" content=\"index, follow, max-snippet:-1, max-image-preview:large, max-video-preview:-1\" \/>\n<link rel=\"canonical\" href=\"https:\/\/bobimarket.pl\/index.php\/produkt\/kostka-klocek-gabka-scierna-gabki-gr-180-twarda\/\" \/>\n<meta property=\"og:locale\" content=\"pl_PL\" \/>\n<meta property=\"og:type\" content=\"article\" \/>\n<meta property=\"og:title\" content=\"KOSTKA KLOCEK G\u0104BKA \u015aCIERNA G\u0104BKI GR 180 TWARDA - BOBIMARKET.pl - Remontuj i urz\u0105dzaj z nami\" \/>\n<meta property=\"og:description\" content=\"G\u0104BKA \u015aCIERNA KOSTKA G\u0104BKI KLOCEK \u015aCIERNY GR 180 Dane techniczne: Wysoko\u015b\u0107: 25 mm Szeroko\u015b\u0107: 70 mm D\u0142ugo\u015b\u0107: 100 mm Granulacja: 180 Czterostronna bardzo twarda g\u0105bka stosowana do \u015bcierania drewna, metalu,farb, gipsu itp. Uwaga! W zale\u017cno\u015bci od dostawy g\u0105bka wyst\u0119puje z logo lub bez. \u2705 Zastosowanie: G\u0105bka znajdzie swoje zastosowanie w przemy\u015ble, gospodarstwie domowy oraz podczas     Czytaj wi\u0119cej &quot;KOSTKA KLOCEK G\u0104BKA \u015aCIERNA G\u0104BKI GR 180 TWARDA&quot;\" \/>\n<meta property=\"og:url\" content=\"https:\/\/bobimarket.pl\/index.php\/produkt\/kostka-klocek-gabka-scierna-gabki-gr-180-twarda\/\" \/>\n<meta property=\"og:site_name\" content=\"BOBIMARKET.pl - Remontuj i urz\u0105dzaj z nami\" \/>\n<meta property=\"article:modified_time\" content=\"2025-02-27T14:43:21+00:00\" \/>\n<meta property=\"og:image\" content=\"https:\/\/upload.cdn.baselinker.com\/products\/14476\/d415236261719f2d2d4d6c513d4aa747.jpg\" \/>\n<meta name=\"twitter:card\" content=\"summary_large_image\" \/>\n<script type=\"application\/ld+json\" class=\"yoast-schema-graph\">{\"@context\":\"https:\/\/schema.org\",\"@graph\":[{\"@type\":\"WebPage\",\"@id\":\"https:\/\/bobimarket.pl\/index.php\/produkt\/kostka-klocek-gabka-scierna-gabki-gr-180-twarda\/\",\"url\":\"https:\/\/bobimarket.pl\/index.php\/produkt\/kostka-klocek-gabka-scierna-gabki-gr-180-twarda\/\",\"name\":\"KOSTKA KLOCEK G\u0104BKA \u015aCIERNA G\u0104BKI GR 180 TWARDA - BOBIMARKET.pl - Remontuj i urz\u0105dzaj z nami\",\"isPartOf\":{\"@id\":\"https:\/\/bobimarket.pl\/#website\"},\"datePublished\":\"2023-08-29T23:36:09+00:00\",\"dateModified\":\"2025-02-27T14:43:21+00:00\",\"breadcrumb\":{\"@id\":\"https:\/\/bobimarket.pl\/index.php\/produkt\/kostka-klocek-gabka-scierna-gabki-gr-180-twarda\/#breadcrumb\"},\"inLanguage\":\"pl-PL\",\"potentialAction\":[{\"@type\":\"ReadAction\",\"target\":[\"https:\/\/bobimarket.pl\/index.php\/produkt\/kostka-klocek-gabka-scierna-gabki-gr-180-twarda\/\"]}]},{\"@type\":\"BreadcrumbList\",\"@id\":\"https:\/\/bobimarket.pl\/index.php\/produkt\/kostka-klocek-gabka-scierna-gabki-gr-180-twarda\/#breadcrumb\",\"itemListElement\":[{\"@type\":\"ListItem\",\"position\":1,\"name\":\"Strona g\u0142\u00f3wna\",\"item\":\"https:\/\/bobimarket.pl\/\"},{\"@type\":\"ListItem\",\"position\":2,\"name\":\"Sklep\",\"item\":\"https:\/\/bobimarket.pl\/index.php\/shop\/\"},{\"@type\":\"ListItem\",\"position\":3,\"name\":\"KOSTKA KLOCEK G\u0104BKA \u015aCIERNA G\u0104BKI GR 180 TWARDA\"}]},{\"@type\":\"WebSite\",\"@id\":\"https:\/\/bobimarket.pl\/#website\",\"url\":\"https:\/\/bobimarket.pl\/\",\"name\":\"BOBIMARKET.pl - Remontuj i urz\u0105dzaj z nami\",\"description\":\"Remontuj i urz\u0105dzaj z nami\",\"publisher\":{\"@id\":\"https:\/\/bobimarket.pl\/#organization\"},\"potentialAction\":[{\"@type\":\"SearchAction\",\"target\":{\"@type\":\"EntryPoint\",\"urlTemplate\":\"https:\/\/bobimarket.pl\/?s={search_term_string}\"},\"query-input\":\"required name=search_term_string\"}],\"inLanguage\":\"pl-PL\"},{\"@type\":\"Organization\",\"@id\":\"https:\/\/bobimarket.pl\/#organization\",\"name\":\"BOBIMARKET.pl\",\"url\":\"https:\/\/bobimarket.pl\/\",\"logo\":{\"@type\":\"ImageObject\",\"inLanguage\":\"pl-PL\",\"@id\":\"https:\/\/bobimarket.pl\/#\/schema\/logo\/image\/\",\"url\":\"https:\/\/bobimarket.pl\/wp-content\/uploads\/2021\/11\/slogan.png\",\"contentUrl\":\"https:\/\/bobimarket.pl\/wp-content\/uploads\/2021\/11\/slogan.png\",\"width\":2000,\"height\":384,\"caption\":\"BOBIMARKET.pl\"},\"image\":{\"@id\":\"https:\/\/bobimarket.pl\/#\/schema\/logo\/image\/\"}}]}<\/script>\n<!-- \/ Yoast SEO plugin. -->","yoast_head_json":{"title":"KOSTKA KLOCEK G\u0104BKA \u015aCIERNA G\u0104BKI GR 180 TWARDA - BOBIMARKET.pl - Remontuj i urz\u0105dzaj z nami","robots":{"index":"index","follow":"follow","max-snippet":"max-snippet:-1","max-image-preview":"max-image-preview:large","max-video-preview":"max-video-preview:-1"},"canonical":"https:\/\/bobimarket.pl\/index.php\/produkt\/kostka-klocek-gabka-scierna-gabki-gr-180-twarda\/","og_locale":"pl_PL","og_type":"article","og_title":"KOSTKA KLOCEK G\u0104BKA \u015aCIERNA G\u0104BKI GR 180 TWARDA - BOBIMARKET.pl - Remontuj i urz\u0105dzaj z nami","og_description":"G\u0104BKA \u015aCIERNA KOSTKA G\u0104BKI KLOCEK \u015aCIERNY GR 180 Dane techniczne: Wysoko\u015b\u0107: 25 mm Szeroko\u015b\u0107: 70 mm D\u0142ugo\u015b\u0107: 100 mm Granulacja: 180 Czterostronna bardzo twarda g\u0105bka stosowana do \u015bcierania drewna, metalu,farb, gipsu itp. Uwaga! W zale\u017cno\u015bci od dostawy g\u0105bka wyst\u0119puje z logo lub bez. \u2705 Zastosowanie: G\u0105bka znajdzie swoje zastosowanie w przemy\u015ble, gospodarstwie domowy oraz podczas     Czytaj wi\u0119cej \"KOSTKA KLOCEK G\u0104BKA \u015aCIERNA G\u0104BKI GR 180 TWARDA\"","og_url":"https:\/\/bobimarket.pl\/index.php\/produkt\/kostka-klocek-gabka-scierna-gabki-gr-180-twarda\/","og_site_name":"BOBIMARKET.pl - Remontuj i urz\u0105dzaj z nami","article_modified_time":"2025-02-27T14:43:21+00:00","og_image":[{"url":"https:\/\/upload.cdn.baselinker.com\/products\/14476\/d415236261719f2d2d4d6c513d4aa747.jpg"}],"twitter_card":"summary_large_image","schema":{"@context":"https:\/\/schema.org","@graph":[{"@type":"WebPage","@id":"https:\/\/bobimarket.pl\/index.php\/produkt\/kostka-klocek-gabka-scierna-gabki-gr-180-twarda\/","url":"https:\/\/bobimarket.pl\/index.php\/produkt\/kostka-klocek-gabka-scierna-gabki-gr-180-twarda\/","name":"KOSTKA KLOCEK G\u0104BKA \u015aCIERNA G\u0104BKI GR 180 TWARDA - BOBIMARKET.pl - Remontuj i urz\u0105dzaj z nami","isPartOf":{"@id":"https:\/\/bobimarket.pl\/#website"},"datePublished":"2023-08-29T23:36:09+00:00","dateModified":"2025-02-27T14:43:21+00:00","breadcrumb":{"@id":"https:\/\/bobimarket.pl\/index.php\/produkt\/kostka-klocek-gabka-scierna-gabki-gr-180-twarda\/#breadcrumb"},"inLanguage":"pl-PL","potentialAction":[{"@type":"ReadAction","target":["https:\/\/bobimarket.pl\/index.php\/produkt\/kostka-klocek-gabka-scierna-gabki-gr-180-twarda\/"]}]},{"@type":"BreadcrumbList","@id":"https:\/\/bobimarket.pl\/index.php\/produkt\/kostka-klocek-gabka-scierna-gabki-gr-180-twarda\/#breadcrumb","itemListElement":[{"@type":"ListItem","position":1,"name":"Strona g\u0142\u00f3wna","item":"https:\/\/bobimarket.pl\/"},{"@type":"ListItem","position":2,"name":"Sklep","item":"https:\/\/bobimarket.pl\/index.php\/shop\/"},{"@type":"ListItem","position":3,"name":"KOSTKA KLOCEK G\u0104BKA \u015aCIERNA G\u0104BKI GR 180 TWARDA"}]},{"@type":"WebSite","@id":"https:\/\/bobimarket.pl\/#website","url":"https:\/\/bobimarket.pl\/","name":"BOBIMARKET.pl - Remontuj i urz\u0105dzaj z nami","description":"Remontuj i urz\u0105dzaj z nami","publisher":{"@id":"https:\/\/bobimarket.pl\/#organization"},"potentialAction":[{"@type":"SearchAction","target":{"@type":"EntryPoint","urlTemplate":"https:\/\/bobimarket.pl\/?s={search_term_string}"},"query-input":"required name=search_term_string"}],"inLanguage":"pl-PL"},{"@type":"Organization","@id":"https:\/\/bobimarket.pl\/#organization","name":"BOBIMARKET.pl","url":"https:\/\/bobimarket.pl\/","logo":{"@type":"ImageObject","inLanguage":"pl-PL","@id":"https:\/\/bobimarket.pl\/#\/schema\/logo\/image\/","url":"https:\/\/bobimarket.pl\/wp-content\/uploads\/2021\/11\/slogan.png","contentUrl":"https:\/\/bobimarket.pl\/wp-content\/uploads\/2021\/11\/slogan.png","width":2000,"height":384,"caption":"BOBIMARKET.pl"},"image":{"@id":"https:\/\/bobimarket.pl\/#\/schema\/logo\/image\/"}}]}},"_links":{"self":[{"href":"https:\/\/bobimarket.pl\/index.php\/wp-json\/wp\/v2\/product\/86227"}],"collection":[{"href":"https:\/\/bobimarket.pl\/index.php\/wp-json\/wp\/v2\/product"}],"about":[{"href":"https:\/\/bobimarket.pl\/index.php\/wp-json\/wp\/v2\/types\/product"}],"wp:featuredmedia":[{"embeddable":true,"href":"https:\/\/bobimarket.pl\/index.php\/wp-json\/wp\/v2\/media\/86222"}],"wp:attachment":[{"href":"https:\/\/bobimarket.pl\/index.php\/wp-json\/wp\/v2\/media?parent=86227"}],"wp:term":[{"taxonomy":"product_cat","embeddable":true,"href":"https:\/\/bobimarket.pl\/index.php\/wp-json\/wp\/v2\/product_cat?post=86227"},{"taxonomy":"product_tag","embeddable":true,"href":"https:\/\/bobimarket.pl\/index.php\/wp-json\/wp\/v2\/product_tag?post=86227"}],"curies":[{"name":"wp","href":"https:\/\/api.w.org\/{rel}","templated":true}]}}